{"id":1522,"date":"2022-12-20T21:56:13","date_gmt":"2022-12-20T20:56:13","guid":{"rendered":"https:\/\/anderskafka.cz\/eshop\/?post_type=product&#038;p=1522"},"modified":"2026-02-24T10:13:29","modified_gmt":"2026-02-24T09:13:29","slug":"eliga-designove-dverni-madlo-ctvercove-25x25-mm-vyrobene-z-nerezove-oceli-matny-cerny-povrch","status":"publish","type":"product","link":"https:\/\/anderskafka.cz\/eshop\/produkt\/eliga-designove-dverni-madlo-ctvercove-25x25-mm-vyrobene-z-nerezove-oceli-matny-cerny-povrch\/","title":{"rendered":"ELIGA designov\u00e9 dve\u0159n\u00ed madlo \u010dtvercov\u00e9 25\u00d725 mm vyroben\u00e9 z nerezov\u00e9 oceli, matn\u00fd \u010dern\u00fd povrch"},"content":{"rendered":"<p>Designov\u00e9 madlo \u010dtvercov\u00e9 25&#215;25 mm s jednoduch\u00fdmi p\u0159\u00edm\u00fdmi liniemi , pro sklen\u011bn\u00e9 dve\u0159e tlou\u0161ky 6 a\u017e 10 mm, d\u00e9lkou madla 400 mm, vzd\u00e1lenost\u00ed madla od skla 45 mm a mont\u00e1\u017en\u00ed rozte\u010d\u00ed 200 mm.<br \/>\nMadlo je vyrobeno z nerezov\u00e9 oceli s \u010dern\u00fdm matn\u00fdm povrchem. D\u00edky pou\u017eit\u00fdm materi\u00e1l\u016fm je mo\u017en\u00e9 madlo instalovat ve vnit\u0159n\u00edm i venkovn\u00edm prost\u0159ed\u00ed.<br \/>\nJednoduch\u00fd syst\u00e9m mont\u00e1\u017ee sesazen\u00edm madel proti sob\u011b a za\u0161roubov\u00e1n\u00edm dvou metrick\u00fdch \u0161roub\u016f do stav\u011bc\u00edch \u0161roub\u016f a dota\u017een\u00ed dvou \u0161roub\u016f pomoc\u00ed imbusov\u00e9ho kl\u00ed\u010de.<br \/>\nSou\u010d\u00e1st\u00ed balen\u00ed je 1 ks madla v\u010detn\u011b 2 ks \u0161roub\u016f za\u0161roubovan\u00fdch v madle, 4ks stav\u011bc\u00edch \u0161roub\u016f.<\/p>\n","protected":false},"excerpt":{"rendered":"<p>Designove madlo \u010dtvercov\u00e9 25&#215;25 mm s jednoduch\u00fdmi p\u0159\u00edm\u00fdmi liniemi , pro sklen\u011bn\u00e9 dve\u0159e.<br \/>\nMadlo je vyrobeno z nerezov\u00e9 oceli s \u010dern\u00fdm matn\u00fdm povrchem .<br \/>\nN\u011bmeck\u00e1 spole\u010dnost ELIGA Saunatechnik GmbH je specialistou na saunovou techniku &amp; wellness s mnohalet\u00fdmi zku\u0161enostmi a know-how s v\u00fdrobou saunov\u00fdch dopl\u0148k\u016f a technologi\u00ed.<\/p>\n","protected":false},"featured_media":1467,"comment_status":"open","ping_status":"closed","template":"","meta":{"site-sidebar-layout":"default","site-content-layout":"default","ast-main-header-display":"","ast-hfb-above-header-display":"","ast-hfb-below-header-display":"","ast-hfb-mobile-header-display":"","site-post-title":"","ast-breadcrumbs-content":"","ast-featured-img":"","footer-sml-layout":"","theme-transparent-header-meta":"","adv-header-id-meta":"","stick-header-meta":"","header-above-stick-meta":"","header-main-stick-meta":"","header-below-stick-meta":""},"location":[],"product_cat":[416],"product_tag":[461],"yoast_head":"<!-- This site is optimized with the Yoast SEO plugin v18.5.1 - https:\/\/yoast.com\/wordpress\/plugins\/seo\/ -->\n<title>ELIGA designov\u00e9 dve\u0159n\u00ed madlo \u010dtvercov\u00e9 25\u00d725 mm vyroben\u00e9 z nerezov\u00e9 oceli, matn\u00fd \u010dern\u00fd povrch - Anders &amp; Kafka E-SHOP<\/title>\n<meta name=\"description\" content=\"Designove madlo \u010dtvercov\u00e9 25x25 mm s jednoduch\u00fdmi p\u0159\u00edm\u00fdmi liniemi , pro sklen\u011bn\u00e9 dve\u0159e. Madlo je vyrobeno z nerezov\u00e9 oceli s \u010dern\u00fdm matn\u00fdm povrchem . N\u011bmeck\u00e1 spole\u010dnost ELIGA Saunatechnik GmbH je specialistou na saunovou techniku &amp; wellness s mnohalet\u00fdmi zku\u0161enostmi a know-how s v\u00fdrobou saunov\u00fdch dopl\u0148k\u016f a technologi\u00ed.\" \/>\n<meta name=\"robots\" content=\"index, follow, max-snippet:-1, max-image-preview:large, max-video-preview:-1\" \/>\n<link rel=\"canonical\" href=\"https:\/\/anderskafka.cz\/eshop\/produkt\/eliga-designove-dverni-madlo-ctvercove-25x25-mm-vyrobene-z-nerezove-oceli-matny-cerny-povrch\/\" \/>\n<meta property=\"og:locale\" content=\"cs_CZ\" \/>\n<meta property=\"og:type\" content=\"article\" \/>\n<meta property=\"og:title\" content=\"ELIGA designov\u00e9 dve\u0159n\u00ed madlo \u010dtvercov\u00e9 25\u00d725 mm vyroben\u00e9 z nerezov\u00e9 oceli, matn\u00fd \u010dern\u00fd povrch - Anders &amp; Kafka E-SHOP\" \/>\n<meta property=\"og:description\" content=\"Designove madlo \u010dtvercov\u00e9 25x25 mm s jednoduch\u00fdmi p\u0159\u00edm\u00fdmi liniemi , pro sklen\u011bn\u00e9 dve\u0159e. Madlo je vyrobeno z nerezov\u00e9 oceli s \u010dern\u00fdm matn\u00fdm povrchem . N\u011bmeck\u00e1 spole\u010dnost ELIGA Saunatechnik GmbH je specialistou na saunovou techniku &amp; wellness s mnohalet\u00fdmi zku\u0161enostmi a know-how s v\u00fdrobou saunov\u00fdch dopl\u0148k\u016f a technologi\u00ed.\" \/>\n<meta property=\"og:url\" content=\"https:\/\/anderskafka.cz\/eshop\/produkt\/eliga-designove-dverni-madlo-ctvercove-25x25-mm-vyrobene-z-nerezove-oceli-matny-cerny-povrch\/\" \/>\n<meta property=\"og:site_name\" content=\"Anders &amp; Kafka E-SHOP\" \/>\n<meta property=\"article:modified_time\" content=\"2026-02-24T09:13:29+00:00\" \/>\n<meta property=\"og:image\" content=\"https:\/\/anderskafka.cz\/eshop\/wp-content\/uploads\/sites\/3\/2022\/12\/ELI-DESGDVERNMADL-25x25-NOCELMCERP-851338_H.jpg\" \/>\n\t<meta property=\"og:image:width\" content=\"700\" \/>\n\t<meta property=\"og:image:height\" content=\"700\" \/>\n\t<meta property=\"og:image:type\" content=\"image\/jpeg\" \/>\n<meta name=\"twitter:card\" content=\"summary_large_image\" \/>\n<meta name=\"twitter:label1\" content=\"Odhadovan\u00e1 doba \u010dten\u00ed\" \/>\n\t<meta name=\"twitter:data1\" content=\"1 minuta\" \/>\n<script type=\"application\/ld+json\" class=\"yoast-schema-graph\">{\"@context\":\"https:\/\/schema.org\",\"@graph\":[{\"@type\":\"WebSite\",\"@id\":\"https:\/\/anderskafka.cz\/eshop\/#website\",\"url\":\"https:\/\/anderskafka.cz\/eshop\/\",\"name\":\"Anders &amp; Kafka E-SHOP\",\"description\":\"Anders &amp; Kafka E-SHOP\",\"potentialAction\":[{\"@type\":\"SearchAction\",\"target\":{\"@type\":\"EntryPoint\",\"urlTemplate\":\"https:\/\/anderskafka.cz\/eshop\/?s={search_term_string}\"},\"query-input\":\"required name=search_term_string\"}],\"inLanguage\":\"cs\"},{\"@type\":\"ImageObject\",\"@id\":\"https:\/\/anderskafka.cz\/eshop\/produkt\/eliga-designove-dverni-madlo-ctvercove-25x25-mm-vyrobene-z-nerezove-oceli-matny-cerny-povrch\/#primaryimage\",\"inLanguage\":\"cs\",\"url\":\"https:\/\/anderskafka.cz\/eshop\/wp-content\/uploads\/sites\/3\/2022\/12\/ELI-DESGDVERNMADL-25x25-NOCELMCERP-851338_H.jpg\",\"contentUrl\":\"https:\/\/anderskafka.cz\/eshop\/wp-content\/uploads\/sites\/3\/2022\/12\/ELI-DESGDVERNMADL-25x25-NOCELMCERP-851338_H.jpg\",\"width\":700,\"height\":700},{\"@type\":\"WebPage\",\"@id\":\"https:\/\/anderskafka.cz\/eshop\/produkt\/eliga-designove-dverni-madlo-ctvercove-25x25-mm-vyrobene-z-nerezove-oceli-matny-cerny-povrch\/#webpage\",\"url\":\"https:\/\/anderskafka.cz\/eshop\/produkt\/eliga-designove-dverni-madlo-ctvercove-25x25-mm-vyrobene-z-nerezove-oceli-matny-cerny-povrch\/\",\"name\":\"ELIGA designov\u00e9 dve\u0159n\u00ed madlo \u010dtvercov\u00e9 25\u00d725 mm vyroben\u00e9 z nerezov\u00e9 oceli, matn\u00fd \u010dern\u00fd povrch - Anders &amp; Kafka E-SHOP\",\"isPartOf\":{\"@id\":\"https:\/\/anderskafka.cz\/eshop\/#website\"},\"primaryImageOfPage\":{\"@id\":\"https:\/\/anderskafka.cz\/eshop\/produkt\/eliga-designove-dverni-madlo-ctvercove-25x25-mm-vyrobene-z-nerezove-oceli-matny-cerny-povrch\/#primaryimage\"},\"datePublished\":\"2022-12-20T20:56:13+00:00\",\"dateModified\":\"2026-02-24T09:13:29+00:00\",\"description\":\"Designove madlo \u010dtvercov\u00e9 25x25 mm s jednoduch\u00fdmi p\u0159\u00edm\u00fdmi liniemi , pro sklen\u011bn\u00e9 dve\u0159e. Madlo je vyrobeno z nerezov\u00e9 oceli s \u010dern\u00fdm matn\u00fdm povrchem . N\u011bmeck\u00e1 spole\u010dnost ELIGA Saunatechnik GmbH je specialistou na saunovou techniku &amp; wellness s mnohalet\u00fdmi zku\u0161enostmi a know-how s v\u00fdrobou saunov\u00fdch dopl\u0148k\u016f a technologi\u00ed.\",\"breadcrumb\":{\"@id\":\"https:\/\/anderskafka.cz\/eshop\/produkt\/eliga-designove-dverni-madlo-ctvercove-25x25-mm-vyrobene-z-nerezove-oceli-matny-cerny-povrch\/#breadcrumb\"},\"inLanguage\":\"cs\",\"potentialAction\":[{\"@type\":\"ReadAction\",\"target\":[\"https:\/\/anderskafka.cz\/eshop\/produkt\/eliga-designove-dverni-madlo-ctvercove-25x25-mm-vyrobene-z-nerezove-oceli-matny-cerny-povrch\/\"]}]},{\"@type\":\"BreadcrumbList\",\"@id\":\"https:\/\/anderskafka.cz\/eshop\/produkt\/eliga-designove-dverni-madlo-ctvercove-25x25-mm-vyrobene-z-nerezove-oceli-matny-cerny-povrch\/#breadcrumb\",\"itemListElement\":[{\"@type\":\"ListItem\",\"position\":1,\"name\":\"Obchod\",\"item\":\"https:\/\/anderskafka.cz\/eshop\/obchod\/\"},{\"@type\":\"ListItem\",\"position\":2,\"name\":\"ELIGA designov\u00e9 dve\u0159n\u00ed madlo \u010dtvercov\u00e9 25\u00d725 mm vyroben\u00e9 z nerezov\u00e9 oceli, matn\u00fd \u010dern\u00fd povrch\"}]}]}<\/script>\n<!-- \/ Yoast SEO plugin. -->","yoast_head_json":{"title":"ELIGA designov\u00e9 dve\u0159n\u00ed madlo \u010dtvercov\u00e9 25\u00d725 mm vyroben\u00e9 z nerezov\u00e9 oceli, matn\u00fd \u010dern\u00fd povrch - Anders &amp; Kafka E-SHOP","description":"Designove madlo \u010dtvercov\u00e9 25x25 mm s jednoduch\u00fdmi p\u0159\u00edm\u00fdmi liniemi , pro sklen\u011bn\u00e9 dve\u0159e. Madlo je vyrobeno z nerezov\u00e9 oceli s \u010dern\u00fdm matn\u00fdm povrchem . N\u011bmeck\u00e1 spole\u010dnost ELIGA Saunatechnik GmbH je specialistou na saunovou techniku &amp; wellness s mnohalet\u00fdmi zku\u0161enostmi a know-how s v\u00fdrobou saunov\u00fdch dopl\u0148k\u016f a technologi\u00ed.","robots":{"index":"index","follow":"follow","max-snippet":"max-snippet:-1","max-image-preview":"max-image-preview:large","max-video-preview":"max-video-preview:-1"},"canonical":"https:\/\/anderskafka.cz\/eshop\/produkt\/eliga-designove-dverni-madlo-ctvercove-25x25-mm-vyrobene-z-nerezove-oceli-matny-cerny-povrch\/","og_locale":"cs_CZ","og_type":"article","og_title":"ELIGA designov\u00e9 dve\u0159n\u00ed madlo \u010dtvercov\u00e9 25\u00d725 mm vyroben\u00e9 z nerezov\u00e9 oceli, matn\u00fd \u010dern\u00fd povrch - Anders &amp; Kafka E-SHOP","og_description":"Designove madlo \u010dtvercov\u00e9 25x25 mm s jednoduch\u00fdmi p\u0159\u00edm\u00fdmi liniemi , pro sklen\u011bn\u00e9 dve\u0159e. Madlo je vyrobeno z nerezov\u00e9 oceli s \u010dern\u00fdm matn\u00fdm povrchem . N\u011bmeck\u00e1 spole\u010dnost ELIGA Saunatechnik GmbH je specialistou na saunovou techniku &amp; wellness s mnohalet\u00fdmi zku\u0161enostmi a know-how s v\u00fdrobou saunov\u00fdch dopl\u0148k\u016f a technologi\u00ed.","og_url":"https:\/\/anderskafka.cz\/eshop\/produkt\/eliga-designove-dverni-madlo-ctvercove-25x25-mm-vyrobene-z-nerezove-oceli-matny-cerny-povrch\/","og_site_name":"Anders &amp; Kafka E-SHOP","article_modified_time":"2026-02-24T09:13:29+00:00","og_image":[{"width":700,"height":700,"url":"https:\/\/anderskafka.cz\/eshop\/wp-content\/uploads\/sites\/3\/2022\/12\/ELI-DESGDVERNMADL-25x25-NOCELMCERP-851338_H.jpg","type":"image\/jpeg"}],"twitter_card":"summary_large_image","twitter_misc":{"Odhadovan\u00e1 doba \u010dten\u00ed":"1 minuta"},"schema":{"@context":"https:\/\/schema.org","@graph":[{"@type":"WebSite","@id":"https:\/\/anderskafka.cz\/eshop\/#website","url":"https:\/\/anderskafka.cz\/eshop\/","name":"Anders &amp; Kafka E-SHOP","description":"Anders &amp; Kafka E-SHOP","potentialAction":[{"@type":"SearchAction","target":{"@type":"EntryPoint","urlTemplate":"https:\/\/anderskafka.cz\/eshop\/?s={search_term_string}"},"query-input":"required name=search_term_string"}],"inLanguage":"cs"},{"@type":"ImageObject","@id":"https:\/\/anderskafka.cz\/eshop\/produkt\/eliga-designove-dverni-madlo-ctvercove-25x25-mm-vyrobene-z-nerezove-oceli-matny-cerny-povrch\/#primaryimage","inLanguage":"cs","url":"https:\/\/anderskafka.cz\/eshop\/wp-content\/uploads\/sites\/3\/2022\/12\/ELI-DESGDVERNMADL-25x25-NOCELMCERP-851338_H.jpg","contentUrl":"https:\/\/anderskafka.cz\/eshop\/wp-content\/uploads\/sites\/3\/2022\/12\/ELI-DESGDVERNMADL-25x25-NOCELMCERP-851338_H.jpg","width":700,"height":700},{"@type":"WebPage","@id":"https:\/\/anderskafka.cz\/eshop\/produkt\/eliga-designove-dverni-madlo-ctvercove-25x25-mm-vyrobene-z-nerezove-oceli-matny-cerny-povrch\/#webpage","url":"https:\/\/anderskafka.cz\/eshop\/produkt\/eliga-designove-dverni-madlo-ctvercove-25x25-mm-vyrobene-z-nerezove-oceli-matny-cerny-povrch\/","name":"ELIGA designov\u00e9 dve\u0159n\u00ed madlo \u010dtvercov\u00e9 25\u00d725 mm vyroben\u00e9 z nerezov\u00e9 oceli, matn\u00fd \u010dern\u00fd povrch - Anders &amp; Kafka E-SHOP","isPartOf":{"@id":"https:\/\/anderskafka.cz\/eshop\/#website"},"primaryImageOfPage":{"@id":"https:\/\/anderskafka.cz\/eshop\/produkt\/eliga-designove-dverni-madlo-ctvercove-25x25-mm-vyrobene-z-nerezove-oceli-matny-cerny-povrch\/#primaryimage"},"datePublished":"2022-12-20T20:56:13+00:00","dateModified":"2026-02-24T09:13:29+00:00","description":"Designove madlo \u010dtvercov\u00e9 25x25 mm s jednoduch\u00fdmi p\u0159\u00edm\u00fdmi liniemi , pro sklen\u011bn\u00e9 dve\u0159e. Madlo je vyrobeno z nerezov\u00e9 oceli s \u010dern\u00fdm matn\u00fdm povrchem . N\u011bmeck\u00e1 spole\u010dnost ELIGA Saunatechnik GmbH je specialistou na saunovou techniku &amp; wellness s mnohalet\u00fdmi zku\u0161enostmi a know-how s v\u00fdrobou saunov\u00fdch dopl\u0148k\u016f a technologi\u00ed.","breadcrumb":{"@id":"https:\/\/anderskafka.cz\/eshop\/produkt\/eliga-designove-dverni-madlo-ctvercove-25x25-mm-vyrobene-z-nerezove-oceli-matny-cerny-povrch\/#breadcrumb"},"inLanguage":"cs","potentialAction":[{"@type":"ReadAction","target":["https:\/\/anderskafka.cz\/eshop\/produkt\/eliga-designove-dverni-madlo-ctvercove-25x25-mm-vyrobene-z-nerezove-oceli-matny-cerny-povrch\/"]}]},{"@type":"BreadcrumbList","@id":"https:\/\/anderskafka.cz\/eshop\/produkt\/eliga-designove-dverni-madlo-ctvercove-25x25-mm-vyrobene-z-nerezove-oceli-matny-cerny-povrch\/#breadcrumb","itemListElement":[{"@type":"ListItem","position":1,"name":"Obchod","item":"https:\/\/anderskafka.cz\/eshop\/obchod\/"},{"@type":"ListItem","position":2,"name":"ELIGA designov\u00e9 dve\u0159n\u00ed madlo \u010dtvercov\u00e9 25\u00d725 mm vyroben\u00e9 z nerezov\u00e9 oceli, matn\u00fd \u010dern\u00fd povrch"}]}]}},"locations":[],"_links":{"self":[{"href":"https:\/\/anderskafka.cz\/eshop\/wp-json\/wp\/v2\/product\/1522"}],"collection":[{"href":"https:\/\/anderskafka.cz\/eshop\/wp-json\/wp\/v2\/product"}],"about":[{"href":"https:\/\/anderskafka.cz\/eshop\/wp-json\/wp\/v2\/types\/product"}],"replies":[{"embeddable":true,"href":"https:\/\/anderskafka.cz\/eshop\/wp-json\/wp\/v2\/comments?post=1522"}],"wp:featuredmedia":[{"embeddable":true,"href":"https:\/\/anderskafka.cz\/eshop\/wp-json\/wp\/v2\/media\/1467"}],"wp:attachment":[{"href":"https:\/\/anderskafka.cz\/eshop\/wp-json\/wp\/v2\/media?parent=1522"}],"wp:term":[{"taxonomy":"location","embeddable":true,"href":"https:\/\/anderskafka.cz\/eshop\/wp-json\/wp\/v2\/location?post=1522"},{"taxonomy":"product_cat","embeddable":true,"href":"https:\/\/anderskafka.cz\/eshop\/wp-json\/wp\/v2\/product_cat?post=1522"},{"taxonomy":"product_tag","embeddable":true,"href":"https:\/\/anderskafka.cz\/eshop\/wp-json\/wp\/v2\/product_tag?post=1522"}],"curies":[{"name":"wp","href":"https:\/\/api.w.org\/{rel}","templated":true}]}}