{"id":15435,"date":"2026-04-16T21:51:33","date_gmt":"2026-04-16T19:51:33","guid":{"rendered":"https:\/\/anderskafka.cz\/eshop\/?post_type=product&#038;p=15435"},"modified":"2026-04-24T19:37:47","modified_gmt":"2026-04-24T17:37:47","slug":"huum-odkapavaci-miska","status":"publish","type":"product","link":"https:\/\/anderskafka.cz\/eshop\/produkt\/huum-odkapavaci-miska\/","title":{"rendered":"HUUM odkap\u00e1vac\u00ed miska"},"content":{"rendered":"<p>Odkap\u00e1vac\u00ed miska pom\u00e1h\u00e1 udr\u017eovat va\u0161i saunu \u010distou a suchou t\u00edm, \u017ee chr\u00e1n\u00ed podlahu a zabra\u0148uje hromad\u011bn\u00ed vody pod topidlem. Navr\u017eena pro optim\u00e1ln\u00ed kontrolu vlhkosti.<br \/>\nOdkap\u00e1vac\u00ed miska je vyrobena z odoln\u00fdch \u017e\u00e1ruvzdorn\u00fdch materi\u00e1l\u016f, odol\u00e1v\u00e1 vysok\u00fdm teplot\u00e1m a vlhkosti ve va\u0161\u00ed saun\u011b.<\/p>\n<p>Miska se snadno udr\u017euje, sta\u010d\u00ed pouze rychl\u00e9 opl\u00e1chnut\u00ed a ob\u010dasn\u00e9 \u010di\u0161t\u011bn\u00ed p\u0159\u00edrodn\u00edm odstra\u0148ova\u010dem vodn\u00edho kamene\u2014nen\u00ed pot\u0159eba \u017e\u00e1dn\u00fdch agresivn\u00edch chemik\u00e1li\u00ed.<\/p>\n<p>Ur\u010deno pro elektrick\u00e1 topidla DROP.<\/p>\n","protected":false},"excerpt":{"rendered":"<p style=\"font-weight: 400;text-align: left\">Odkap\u00e1vac\u00ed miska pom\u00e1h\u00e1 udr\u017eovat va\u0161i saunu \u010distou a suchou t\u00edm, \u017ee chr\u00e1n\u00ed podlahu a zabra\u0148uje hromad\u011bn\u00ed vody pod topidlem. Navr\u017eena pro optim\u00e1ln\u00ed kontrolu vlhkosti. Ur\u010deno pro elektrick\u00e1 topidla DROP.<\/p>\n<p>Saunov\u00e9 produkty spole\u010dnosti HUUM inspirovan\u00e9 p\u0159\u00edrodou kombinuj\u00ed starod\u00e1vn\u00e9 estonsk\u00e9 saunov\u00e9 d\u011bdictv\u00ed, m\u00edrnou p\u00e1ru a modern\u00ed technologii.<\/p>\n<p><img loading=\"lazy\" class=\"alignnone size-full wp-image-4250 aligncenter\" src=\"https:\/\/anderskafka.cz\/eshop\/wp-content\/uploads\/sites\/3\/2023\/10\/Unknown-2.png\" alt=\"\" width=\"225\" height=\"225\" srcset=\"https:\/\/anderskafka.cz\/eshop\/wp-content\/uploads\/sites\/3\/2023\/10\/Unknown-2.png 225w, https:\/\/anderskafka.cz\/eshop\/wp-content\/uploads\/sites\/3\/2023\/10\/Unknown-2-150x150.png 150w, https:\/\/anderskafka.cz\/eshop\/wp-content\/uploads\/sites\/3\/2023\/10\/Unknown-2-100x100.png 100w, https:\/\/anderskafka.cz\/eshop\/wp-content\/uploads\/sites\/3\/2023\/10\/Unknown-2-64x64.png 64w\" sizes=\"(max-width: 225px) 100vw, 225px\" \/><\/p>\n","protected":false},"featured_media":15438,"comment_status":"open","ping_status":"closed","template":"","meta":{"site-sidebar-layout":"default","site-content-layout":"default","ast-main-header-display":"","ast-hfb-above-header-display":"","ast-hfb-below-header-display":"","ast-hfb-mobile-header-display":"","site-post-title":"","ast-breadcrumbs-content":"","ast-featured-img":"","footer-sml-layout":"","theme-transparent-header-meta":"","adv-header-id-meta":"","stick-header-meta":"","header-above-stick-meta":"","header-main-stick-meta":"","header-below-stick-meta":""},"location":[],"product_cat":[1133,801],"product_tag":[1028],"yoast_head":"<!-- This site is optimized with the Yoast SEO plugin v18.5.1 - https:\/\/yoast.com\/wordpress\/plugins\/seo\/ -->\n<title>HUUM odkap\u00e1vac\u00ed miska - Anders &amp; Kafka E-SHOP<\/title>\n<meta name=\"description\" content=\"Odkap\u00e1vac\u00ed miska pom\u00e1h\u00e1 udr\u017eovat va\u0161i saunu \u010distou a suchou t\u00edm, \u017ee chr\u00e1n\u00ed podlahu a zabra\u0148uje hromad\u011bn\u00ed vody pod topidlem. Navr\u017eena pro optim\u00e1ln\u00ed kontrolu vlhkosti. Ur\u010deno pro elektrick\u00e1 topidla DROP. Saunov\u00e9 produkty spole\u010dnosti HUUM inspirovan\u00e9 p\u0159\u00edrodou kombinuj\u00ed starod\u00e1vn\u00e9 estonsk\u00e9 saunov\u00e9 d\u011bdictv\u00ed, m\u00edrnou p\u00e1ru a modern\u00ed technologii.\" \/>\n<meta name=\"robots\" content=\"index, follow, max-snippet:-1, max-image-preview:large, max-video-preview:-1\" \/>\n<link rel=\"canonical\" href=\"https:\/\/anderskafka.cz\/eshop\/produkt\/huum-odkapavaci-miska\/\" \/>\n<meta property=\"og:locale\" content=\"cs_CZ\" \/>\n<meta property=\"og:type\" content=\"article\" \/>\n<meta property=\"og:title\" content=\"HUUM odkap\u00e1vac\u00ed miska - Anders &amp; Kafka E-SHOP\" \/>\n<meta property=\"og:description\" content=\"Odkap\u00e1vac\u00ed miska pom\u00e1h\u00e1 udr\u017eovat va\u0161i saunu \u010distou a suchou t\u00edm, \u017ee chr\u00e1n\u00ed podlahu a zabra\u0148uje hromad\u011bn\u00ed vody pod topidlem. Navr\u017eena pro optim\u00e1ln\u00ed kontrolu vlhkosti. Ur\u010deno pro elektrick\u00e1 topidla DROP. Saunov\u00e9 produkty spole\u010dnosti HUUM inspirovan\u00e9 p\u0159\u00edrodou kombinuj\u00ed starod\u00e1vn\u00e9 estonsk\u00e9 saunov\u00e9 d\u011bdictv\u00ed, m\u00edrnou p\u00e1ru a modern\u00ed technologii.\" \/>\n<meta property=\"og:url\" content=\"https:\/\/anderskafka.cz\/eshop\/produkt\/huum-odkapavaci-miska\/\" \/>\n<meta property=\"og:site_name\" content=\"Anders &amp; Kafka E-SHOP\" \/>\n<meta property=\"article:modified_time\" content=\"2026-04-24T17:37:47+00:00\" \/>\n<meta name=\"twitter:card\" content=\"summary_large_image\" \/>\n<meta name=\"twitter:image\" content=\"https:\/\/anderskafka.cz\/eshop\/wp-content\/uploads\/sites\/3\/2026\/04\/HUUM_odkapacimiska1_AndersKafka.webp\" \/>\n<meta name=\"twitter:label1\" content=\"Odhadovan\u00e1 doba \u010dten\u00ed\" \/>\n\t<meta name=\"twitter:data1\" content=\"1 minuta\" \/>\n<script type=\"application\/ld+json\" class=\"yoast-schema-graph\">{\"@context\":\"https:\/\/schema.org\",\"@graph\":[{\"@type\":\"WebSite\",\"@id\":\"https:\/\/anderskafka.cz\/eshop\/#website\",\"url\":\"https:\/\/anderskafka.cz\/eshop\/\",\"name\":\"Anders &amp; Kafka E-SHOP\",\"description\":\"Anders &amp; Kafka E-SHOP\",\"potentialAction\":[{\"@type\":\"SearchAction\",\"target\":{\"@type\":\"EntryPoint\",\"urlTemplate\":\"https:\/\/anderskafka.cz\/eshop\/?s={search_term_string}\"},\"query-input\":\"required name=search_term_string\"}],\"inLanguage\":\"cs\"},{\"@type\":\"ImageObject\",\"@id\":\"https:\/\/anderskafka.cz\/eshop\/produkt\/huum-odkapavaci-miska\/#primaryimage\",\"inLanguage\":\"cs\",\"url\":\"https:\/\/anderskafka.cz\/eshop\/wp-content\/uploads\/sites\/3\/2026\/04\/HUUM_odkapacimiska1_AndersKafka.webp\",\"contentUrl\":\"https:\/\/anderskafka.cz\/eshop\/wp-content\/uploads\/sites\/3\/2026\/04\/HUUM_odkapacimiska1_AndersKafka.webp\",\"width\":1500,\"height\":1500},{\"@type\":\"WebPage\",\"@id\":\"https:\/\/anderskafka.cz\/eshop\/produkt\/huum-odkapavaci-miska\/#webpage\",\"url\":\"https:\/\/anderskafka.cz\/eshop\/produkt\/huum-odkapavaci-miska\/\",\"name\":\"HUUM odkap\u00e1vac\u00ed miska - Anders &amp; Kafka E-SHOP\",\"isPartOf\":{\"@id\":\"https:\/\/anderskafka.cz\/eshop\/#website\"},\"primaryImageOfPage\":{\"@id\":\"https:\/\/anderskafka.cz\/eshop\/produkt\/huum-odkapavaci-miska\/#primaryimage\"},\"datePublished\":\"2026-04-16T19:51:33+00:00\",\"dateModified\":\"2026-04-24T17:37:47+00:00\",\"description\":\"Odkap\u00e1vac\u00ed miska pom\u00e1h\u00e1 udr\u017eovat va\u0161i saunu \u010distou a suchou t\u00edm, \u017ee chr\u00e1n\u00ed podlahu a zabra\u0148uje hromad\u011bn\u00ed vody pod topidlem. Navr\u017eena pro optim\u00e1ln\u00ed kontrolu vlhkosti. Ur\u010deno pro elektrick\u00e1 topidla DROP. Saunov\u00e9 produkty spole\u010dnosti HUUM inspirovan\u00e9 p\u0159\u00edrodou kombinuj\u00ed starod\u00e1vn\u00e9 estonsk\u00e9 saunov\u00e9 d\u011bdictv\u00ed, m\u00edrnou p\u00e1ru a modern\u00ed technologii.\",\"breadcrumb\":{\"@id\":\"https:\/\/anderskafka.cz\/eshop\/produkt\/huum-odkapavaci-miska\/#breadcrumb\"},\"inLanguage\":\"cs\",\"potentialAction\":[{\"@type\":\"ReadAction\",\"target\":[\"https:\/\/anderskafka.cz\/eshop\/produkt\/huum-odkapavaci-miska\/\"]}]},{\"@type\":\"BreadcrumbList\",\"@id\":\"https:\/\/anderskafka.cz\/eshop\/produkt\/huum-odkapavaci-miska\/#breadcrumb\",\"itemListElement\":[{\"@type\":\"ListItem\",\"position\":1,\"name\":\"Obchod\",\"item\":\"https:\/\/anderskafka.cz\/eshop\/obchod\/\"},{\"@type\":\"ListItem\",\"position\":2,\"name\":\"HUUM odkap\u00e1vac\u00ed miska\"}]}]}<\/script>\n<!-- \/ Yoast SEO plugin. -->","yoast_head_json":{"title":"HUUM odkap\u00e1vac\u00ed miska - Anders &amp; Kafka E-SHOP","description":"Odkap\u00e1vac\u00ed miska pom\u00e1h\u00e1 udr\u017eovat va\u0161i saunu \u010distou a suchou t\u00edm, \u017ee chr\u00e1n\u00ed podlahu a zabra\u0148uje hromad\u011bn\u00ed vody pod topidlem. Navr\u017eena pro optim\u00e1ln\u00ed kontrolu vlhkosti. Ur\u010deno pro elektrick\u00e1 topidla DROP. Saunov\u00e9 produkty spole\u010dnosti HUUM inspirovan\u00e9 p\u0159\u00edrodou kombinuj\u00ed starod\u00e1vn\u00e9 estonsk\u00e9 saunov\u00e9 d\u011bdictv\u00ed, m\u00edrnou p\u00e1ru a modern\u00ed technologii.","robots":{"index":"index","follow":"follow","max-snippet":"max-snippet:-1","max-image-preview":"max-image-preview:large","max-video-preview":"max-video-preview:-1"},"canonical":"https:\/\/anderskafka.cz\/eshop\/produkt\/huum-odkapavaci-miska\/","og_locale":"cs_CZ","og_type":"article","og_title":"HUUM odkap\u00e1vac\u00ed miska - Anders &amp; Kafka E-SHOP","og_description":"Odkap\u00e1vac\u00ed miska pom\u00e1h\u00e1 udr\u017eovat va\u0161i saunu \u010distou a suchou t\u00edm, \u017ee chr\u00e1n\u00ed podlahu a zabra\u0148uje hromad\u011bn\u00ed vody pod topidlem. Navr\u017eena pro optim\u00e1ln\u00ed kontrolu vlhkosti. Ur\u010deno pro elektrick\u00e1 topidla DROP. Saunov\u00e9 produkty spole\u010dnosti HUUM inspirovan\u00e9 p\u0159\u00edrodou kombinuj\u00ed starod\u00e1vn\u00e9 estonsk\u00e9 saunov\u00e9 d\u011bdictv\u00ed, m\u00edrnou p\u00e1ru a modern\u00ed technologii.","og_url":"https:\/\/anderskafka.cz\/eshop\/produkt\/huum-odkapavaci-miska\/","og_site_name":"Anders &amp; Kafka E-SHOP","article_modified_time":"2026-04-24T17:37:47+00:00","twitter_card":"summary_large_image","twitter_image":"https:\/\/anderskafka.cz\/eshop\/wp-content\/uploads\/sites\/3\/2026\/04\/HUUM_odkapacimiska1_AndersKafka.webp","twitter_misc":{"Odhadovan\u00e1 doba \u010dten\u00ed":"1 minuta"},"schema":{"@context":"https:\/\/schema.org","@graph":[{"@type":"WebSite","@id":"https:\/\/anderskafka.cz\/eshop\/#website","url":"https:\/\/anderskafka.cz\/eshop\/","name":"Anders &amp; Kafka E-SHOP","description":"Anders &amp; Kafka E-SHOP","potentialAction":[{"@type":"SearchAction","target":{"@type":"EntryPoint","urlTemplate":"https:\/\/anderskafka.cz\/eshop\/?s={search_term_string}"},"query-input":"required name=search_term_string"}],"inLanguage":"cs"},{"@type":"ImageObject","@id":"https:\/\/anderskafka.cz\/eshop\/produkt\/huum-odkapavaci-miska\/#primaryimage","inLanguage":"cs","url":"https:\/\/anderskafka.cz\/eshop\/wp-content\/uploads\/sites\/3\/2026\/04\/HUUM_odkapacimiska1_AndersKafka.webp","contentUrl":"https:\/\/anderskafka.cz\/eshop\/wp-content\/uploads\/sites\/3\/2026\/04\/HUUM_odkapacimiska1_AndersKafka.webp","width":1500,"height":1500},{"@type":"WebPage","@id":"https:\/\/anderskafka.cz\/eshop\/produkt\/huum-odkapavaci-miska\/#webpage","url":"https:\/\/anderskafka.cz\/eshop\/produkt\/huum-odkapavaci-miska\/","name":"HUUM odkap\u00e1vac\u00ed miska - Anders &amp; Kafka E-SHOP","isPartOf":{"@id":"https:\/\/anderskafka.cz\/eshop\/#website"},"primaryImageOfPage":{"@id":"https:\/\/anderskafka.cz\/eshop\/produkt\/huum-odkapavaci-miska\/#primaryimage"},"datePublished":"2026-04-16T19:51:33+00:00","dateModified":"2026-04-24T17:37:47+00:00","description":"Odkap\u00e1vac\u00ed miska pom\u00e1h\u00e1 udr\u017eovat va\u0161i saunu \u010distou a suchou t\u00edm, \u017ee chr\u00e1n\u00ed podlahu a zabra\u0148uje hromad\u011bn\u00ed vody pod topidlem. Navr\u017eena pro optim\u00e1ln\u00ed kontrolu vlhkosti. Ur\u010deno pro elektrick\u00e1 topidla DROP. Saunov\u00e9 produkty spole\u010dnosti HUUM inspirovan\u00e9 p\u0159\u00edrodou kombinuj\u00ed starod\u00e1vn\u00e9 estonsk\u00e9 saunov\u00e9 d\u011bdictv\u00ed, m\u00edrnou p\u00e1ru a modern\u00ed technologii.","breadcrumb":{"@id":"https:\/\/anderskafka.cz\/eshop\/produkt\/huum-odkapavaci-miska\/#breadcrumb"},"inLanguage":"cs","potentialAction":[{"@type":"ReadAction","target":["https:\/\/anderskafka.cz\/eshop\/produkt\/huum-odkapavaci-miska\/"]}]},{"@type":"BreadcrumbList","@id":"https:\/\/anderskafka.cz\/eshop\/produkt\/huum-odkapavaci-miska\/#breadcrumb","itemListElement":[{"@type":"ListItem","position":1,"name":"Obchod","item":"https:\/\/anderskafka.cz\/eshop\/obchod\/"},{"@type":"ListItem","position":2,"name":"HUUM odkap\u00e1vac\u00ed miska"}]}]}},"locations":[],"_links":{"self":[{"href":"https:\/\/anderskafka.cz\/eshop\/wp-json\/wp\/v2\/product\/15435"}],"collection":[{"href":"https:\/\/anderskafka.cz\/eshop\/wp-json\/wp\/v2\/product"}],"about":[{"href":"https:\/\/anderskafka.cz\/eshop\/wp-json\/wp\/v2\/types\/product"}],"replies":[{"embeddable":true,"href":"https:\/\/anderskafka.cz\/eshop\/wp-json\/wp\/v2\/comments?post=15435"}],"wp:featuredmedia":[{"embeddable":true,"href":"https:\/\/anderskafka.cz\/eshop\/wp-json\/wp\/v2\/media\/15438"}],"wp:attachment":[{"href":"https:\/\/anderskafka.cz\/eshop\/wp-json\/wp\/v2\/media?parent=15435"}],"wp:term":[{"taxonomy":"location","embeddable":true,"href":"https:\/\/anderskafka.cz\/eshop\/wp-json\/wp\/v2\/location?post=15435"},{"taxonomy":"product_cat","embeddable":true,"href":"https:\/\/anderskafka.cz\/eshop\/wp-json\/wp\/v2\/product_cat?post=15435"},{"taxonomy":"product_tag","embeddable":true,"href":"https:\/\/anderskafka.cz\/eshop\/wp-json\/wp\/v2\/product_tag?post=15435"}],"curies":[{"name":"wp","href":"https:\/\/api.w.org\/{rel}","templated":true}]}}