{"id":15499,"date":"2026-04-23T13:49:28","date_gmt":"2026-04-23T11:49:28","guid":{"rendered":"https:\/\/anderskafka.cz\/eshop\/?post_type=product&#038;p=15499"},"modified":"2026-04-28T15:24:35","modified_gmt":"2026-04-28T13:24:35","slug":"aromen-esencialni-olej-cedr-himalajsky","status":"publish","type":"product","link":"https:\/\/anderskafka.cz\/eshop\/produkt\/aromen-esencialni-olej-cedr-himalajsky\/","title":{"rendered":"AROMEN esenci\u00e1ln\u00ed olej Cedr himal\u00e1jsk\u00fd"},"content":{"rendered":"<p>Esenci\u00e1ln\u00ed olej Cedr him\u00e1lajsk\u00fd se vyzna\u010duje rafinovanou, sv\u011b\u017e\u00ed d\u0159evitou v\u016fn\u00ed, zd\u016frazn\u011bnou jemn\u00fdmi ko\u0159en\u011bn\u00fdmi t\u00f3ny, kter\u00e9 odr\u00e1\u017eej\u00ed chladn\u00fd horsk\u00fd vzduch. Odr\u00e1\u017e\u00ed vzne\u0161en\u00e9 v\u00fd\u0161ky him\u00e1lajsk\u00fdch les\u016f.<\/p>\n<p>Zem\u011b p\u016fvodu: Nep\u00e1l. Zp\u016fsob v\u00fdroby: destilace. Skupina v\u016fn\u00ed: d\u0159evit\u00e1.<\/p>\n<p>EO Cedr him\u00e1lajsk\u00fd uklid\u0148uje, sni\u017euje stres, m\u016f\u017ee pomoci zlep\u0161it d\u00fdch\u00e1n\u00ed.<\/p>\n<p>S esenci\u00e1ln\u00edmi oleji Aromen a jejich harmonick\u00fdmi kombinacemi zdokonal\u00edte sv\u00e9 saunov\u00e1n\u00ed a vychutn\u00e1te si ho na jin\u00e9 \u00farovni.<\/p>\n<p>Saunov\u00e1 esence je k dispozici v n\u011bkolika variant\u00e1ch. Pro v\u011bt\u0161\u00ed balen\u00ed n\u00e1s, pros\u00edme, nev\u00e1hejte kontaktovat. Velk\u00e1 balen\u00ed 250 a 1000 ml jsou vhodn\u00e1 do wellness provoz\u016f a hotel\u016f. Pro dal\u0161\u00ed informace o produktu a jeho pou\u017eit\u00ed v\u010detn\u011b doporu\u010den\u00ed vhodn\u00fdch kombinac\u00ed vyu\u017eijte aplikaci pro mobiln\u00ed telefony jednoduch\u00fdm naskenov\u00e1n\u00edm QR k\u00f3du na lahvi\u010dce.<\/p>\n<p>Lahvi\u010dku s v\u016fn\u00ed nikdy nenech\u00e1vejte v hork\u00e9 saun\u011b.<\/p>\n","protected":false},"excerpt":{"rendered":"<p>Esenci\u00e1ln\u00ed olej Cedr him\u00e1lajsk\u00fd se vyzna\u010duje rafinovanou, sv\u011b\u017e\u00ed d\u0159evitou v\u016fn\u00ed, zd\u016frazn\u011bnou jemn\u00fdmi ko\u0159en\u011bn\u00fdmi t\u00f3ny, kter\u00e9 odr\u00e1\u017eej\u00ed chladn\u00fd horsk\u00fd vzduch. Odr\u00e1\u017e\u00ed vzne\u0161en\u00e9 v\u00fd\u0161ky him\u00e1lajsk\u00fdch les\u016f.<\/p>\n<p>EO Cedr him\u00e1lajsk\u00fd uklid\u0148uje, sni\u017euje stres, m\u016f\u017ee pomoci zlep\u0161it d\u00fdch\u00e1n\u00ed.<\/p>\n<p>S esenci\u00e1ln\u00edmi oleji Aromen a jejich harmonick\u00fdmi kombinacemi zdokonal\u00edte sv\u00e9 saunov\u00e1n\u00ed a vychutn\u00e1te si ho na jin\u00e9 \u00farovni.<\/p>\n","protected":false},"featured_media":15516,"comment_status":"open","ping_status":"closed","template":"","meta":{"site-sidebar-layout":"default","site-content-layout":"default","ast-main-header-display":"","ast-hfb-above-header-display":"","ast-hfb-below-header-display":"","ast-hfb-mobile-header-display":"","site-post-title":"","ast-breadcrumbs-content":"","ast-featured-img":"","footer-sml-layout":"","theme-transparent-header-meta":"","adv-header-id-meta":"","stick-header-meta":"","header-above-stick-meta":"","header-main-stick-meta":"","header-below-stick-meta":""},"location":[],"product_cat":[1702,1133],"product_tag":[1756],"yoast_head":"<!-- This site is optimized with the Yoast SEO plugin v18.5.1 - https:\/\/yoast.com\/wordpress\/plugins\/seo\/ -->\n<title>AROMEN esenci\u00e1ln\u00ed olej Cedr himal\u00e1jsk\u00fd - Anders &amp; Kafka E-SHOP<\/title>\n<meta name=\"description\" content=\"Esenci\u00e1ln\u00ed olej Cedr him\u00e1lajsk\u00fd se vyzna\u010duje rafinovanou, sv\u011b\u017e\u00ed d\u0159evitou v\u016fn\u00ed, zd\u016frazn\u011bnou jemn\u00fdmi ko\u0159en\u011bn\u00fdmi t\u00f3ny, kter\u00e9 odr\u00e1\u017eej\u00ed chladn\u00fd horsk\u00fd vzduch. Odr\u00e1\u017e\u00ed vzne\u0161en\u00e9 v\u00fd\u0161ky him\u00e1lajsk\u00fdch les\u016f.  EO Cedr him\u00e1lajsk\u00fd uklid\u0148uje, sni\u017euje stres, m\u016f\u017ee pomoci zlep\u0161it d\u00fdch\u00e1n\u00ed.  S esenci\u00e1ln\u00edmi oleji Aromen a jejich harmonick\u00fdmi kombinacemi zdokonal\u00edte sv\u00e9 saunov\u00e1n\u00ed a vychutn\u00e1te si ho na jin\u00e9 \u00farovni.\" \/>\n<meta name=\"robots\" content=\"index, follow, max-snippet:-1, max-image-preview:large, max-video-preview:-1\" \/>\n<link rel=\"canonical\" href=\"https:\/\/anderskafka.cz\/eshop\/produkt\/aromen-esencialni-olej-cedr-himalajsky\/\" \/>\n<meta property=\"og:locale\" content=\"cs_CZ\" \/>\n<meta property=\"og:type\" content=\"article\" \/>\n<meta property=\"og:title\" content=\"AROMEN esenci\u00e1ln\u00ed olej Cedr himal\u00e1jsk\u00fd - Anders &amp; Kafka E-SHOP\" \/>\n<meta property=\"og:description\" content=\"Esenci\u00e1ln\u00ed olej Cedr him\u00e1lajsk\u00fd se vyzna\u010duje rafinovanou, sv\u011b\u017e\u00ed d\u0159evitou v\u016fn\u00ed, zd\u016frazn\u011bnou jemn\u00fdmi ko\u0159en\u011bn\u00fdmi t\u00f3ny, kter\u00e9 odr\u00e1\u017eej\u00ed chladn\u00fd horsk\u00fd vzduch. Odr\u00e1\u017e\u00ed vzne\u0161en\u00e9 v\u00fd\u0161ky him\u00e1lajsk\u00fdch les\u016f.  EO Cedr him\u00e1lajsk\u00fd uklid\u0148uje, sni\u017euje stres, m\u016f\u017ee pomoci zlep\u0161it d\u00fdch\u00e1n\u00ed.  S esenci\u00e1ln\u00edmi oleji Aromen a jejich harmonick\u00fdmi kombinacemi zdokonal\u00edte sv\u00e9 saunov\u00e1n\u00ed a vychutn\u00e1te si ho na jin\u00e9 \u00farovni.\" \/>\n<meta property=\"og:url\" content=\"https:\/\/anderskafka.cz\/eshop\/produkt\/aromen-esencialni-olej-cedr-himalajsky\/\" \/>\n<meta property=\"og:site_name\" content=\"Anders &amp; Kafka E-SHOP\" \/>\n<meta property=\"article:modified_time\" content=\"2026-04-28T13:24:35+00:00\" \/>\n<meta name=\"twitter:card\" content=\"summary_large_image\" \/>\n<meta name=\"twitter:image\" content=\"https:\/\/anderskafka.cz\/eshop\/wp-content\/uploads\/sites\/3\/2026\/04\/AROMEN_Cedr-himalajsky_I_AndersKafka.webp\" \/>\n<meta name=\"twitter:label1\" content=\"Odhadovan\u00e1 doba \u010dten\u00ed\" \/>\n\t<meta name=\"twitter:data1\" content=\"1 minuta\" \/>\n<script type=\"application\/ld+json\" class=\"yoast-schema-graph\">{\"@context\":\"https:\/\/schema.org\",\"@graph\":[{\"@type\":\"WebSite\",\"@id\":\"https:\/\/anderskafka.cz\/eshop\/#website\",\"url\":\"https:\/\/anderskafka.cz\/eshop\/\",\"name\":\"Anders &amp; Kafka E-SHOP\",\"description\":\"Anders &amp; Kafka E-SHOP\",\"potentialAction\":[{\"@type\":\"SearchAction\",\"target\":{\"@type\":\"EntryPoint\",\"urlTemplate\":\"https:\/\/anderskafka.cz\/eshop\/?s={search_term_string}\"},\"query-input\":\"required name=search_term_string\"}],\"inLanguage\":\"cs\"},{\"@type\":\"ImageObject\",\"@id\":\"https:\/\/anderskafka.cz\/eshop\/produkt\/aromen-esencialni-olej-cedr-himalajsky\/#primaryimage\",\"inLanguage\":\"cs\",\"url\":\"https:\/\/anderskafka.cz\/eshop\/wp-content\/uploads\/sites\/3\/2026\/04\/AROMEN_Cedr-himalajsky_I_AndersKafka.webp\",\"contentUrl\":\"https:\/\/anderskafka.cz\/eshop\/wp-content\/uploads\/sites\/3\/2026\/04\/AROMEN_Cedr-himalajsky_I_AndersKafka.webp\",\"width\":1500,\"height\":1500},{\"@type\":\"WebPage\",\"@id\":\"https:\/\/anderskafka.cz\/eshop\/produkt\/aromen-esencialni-olej-cedr-himalajsky\/#webpage\",\"url\":\"https:\/\/anderskafka.cz\/eshop\/produkt\/aromen-esencialni-olej-cedr-himalajsky\/\",\"name\":\"AROMEN esenci\u00e1ln\u00ed olej Cedr himal\u00e1jsk\u00fd - Anders &amp; Kafka E-SHOP\",\"isPartOf\":{\"@id\":\"https:\/\/anderskafka.cz\/eshop\/#website\"},\"primaryImageOfPage\":{\"@id\":\"https:\/\/anderskafka.cz\/eshop\/produkt\/aromen-esencialni-olej-cedr-himalajsky\/#primaryimage\"},\"datePublished\":\"2026-04-23T11:49:28+00:00\",\"dateModified\":\"2026-04-28T13:24:35+00:00\",\"description\":\"Esenci\u00e1ln\u00ed olej Cedr him\u00e1lajsk\u00fd se vyzna\u010duje rafinovanou, sv\u011b\u017e\u00ed d\u0159evitou v\u016fn\u00ed, zd\u016frazn\u011bnou jemn\u00fdmi ko\u0159en\u011bn\u00fdmi t\u00f3ny, kter\u00e9 odr\u00e1\u017eej\u00ed chladn\u00fd horsk\u00fd vzduch. Odr\u00e1\u017e\u00ed vzne\u0161en\u00e9 v\u00fd\u0161ky him\u00e1lajsk\u00fdch les\u016f. EO Cedr him\u00e1lajsk\u00fd uklid\u0148uje, sni\u017euje stres, m\u016f\u017ee pomoci zlep\u0161it d\u00fdch\u00e1n\u00ed. S esenci\u00e1ln\u00edmi oleji Aromen a jejich harmonick\u00fdmi kombinacemi zdokonal\u00edte sv\u00e9 saunov\u00e1n\u00ed a vychutn\u00e1te si ho na jin\u00e9 \u00farovni.\",\"breadcrumb\":{\"@id\":\"https:\/\/anderskafka.cz\/eshop\/produkt\/aromen-esencialni-olej-cedr-himalajsky\/#breadcrumb\"},\"inLanguage\":\"cs\",\"potentialAction\":[{\"@type\":\"ReadAction\",\"target\":[\"https:\/\/anderskafka.cz\/eshop\/produkt\/aromen-esencialni-olej-cedr-himalajsky\/\"]}]},{\"@type\":\"BreadcrumbList\",\"@id\":\"https:\/\/anderskafka.cz\/eshop\/produkt\/aromen-esencialni-olej-cedr-himalajsky\/#breadcrumb\",\"itemListElement\":[{\"@type\":\"ListItem\",\"position\":1,\"name\":\"Obchod\",\"item\":\"https:\/\/anderskafka.cz\/eshop\/obchod\/\"},{\"@type\":\"ListItem\",\"position\":2,\"name\":\"AROMEN esenci\u00e1ln\u00ed olej Cedr himal\u00e1jsk\u00fd\"}]}]}<\/script>\n<!-- \/ Yoast SEO plugin. -->","yoast_head_json":{"title":"AROMEN esenci\u00e1ln\u00ed olej Cedr himal\u00e1jsk\u00fd - Anders &amp; Kafka E-SHOP","description":"Esenci\u00e1ln\u00ed olej Cedr him\u00e1lajsk\u00fd se vyzna\u010duje rafinovanou, sv\u011b\u017e\u00ed d\u0159evitou v\u016fn\u00ed, zd\u016frazn\u011bnou jemn\u00fdmi ko\u0159en\u011bn\u00fdmi t\u00f3ny, kter\u00e9 odr\u00e1\u017eej\u00ed chladn\u00fd horsk\u00fd vzduch. Odr\u00e1\u017e\u00ed vzne\u0161en\u00e9 v\u00fd\u0161ky him\u00e1lajsk\u00fdch les\u016f.  EO Cedr him\u00e1lajsk\u00fd uklid\u0148uje, sni\u017euje stres, m\u016f\u017ee pomoci zlep\u0161it d\u00fdch\u00e1n\u00ed.  S esenci\u00e1ln\u00edmi oleji Aromen a jejich harmonick\u00fdmi kombinacemi zdokonal\u00edte sv\u00e9 saunov\u00e1n\u00ed a vychutn\u00e1te si ho na jin\u00e9 \u00farovni.","robots":{"index":"index","follow":"follow","max-snippet":"max-snippet:-1","max-image-preview":"max-image-preview:large","max-video-preview":"max-video-preview:-1"},"canonical":"https:\/\/anderskafka.cz\/eshop\/produkt\/aromen-esencialni-olej-cedr-himalajsky\/","og_locale":"cs_CZ","og_type":"article","og_title":"AROMEN esenci\u00e1ln\u00ed olej Cedr himal\u00e1jsk\u00fd - Anders &amp; Kafka E-SHOP","og_description":"Esenci\u00e1ln\u00ed olej Cedr him\u00e1lajsk\u00fd se vyzna\u010duje rafinovanou, sv\u011b\u017e\u00ed d\u0159evitou v\u016fn\u00ed, zd\u016frazn\u011bnou jemn\u00fdmi ko\u0159en\u011bn\u00fdmi t\u00f3ny, kter\u00e9 odr\u00e1\u017eej\u00ed chladn\u00fd horsk\u00fd vzduch. Odr\u00e1\u017e\u00ed vzne\u0161en\u00e9 v\u00fd\u0161ky him\u00e1lajsk\u00fdch les\u016f.  EO Cedr him\u00e1lajsk\u00fd uklid\u0148uje, sni\u017euje stres, m\u016f\u017ee pomoci zlep\u0161it d\u00fdch\u00e1n\u00ed.  S esenci\u00e1ln\u00edmi oleji Aromen a jejich harmonick\u00fdmi kombinacemi zdokonal\u00edte sv\u00e9 saunov\u00e1n\u00ed a vychutn\u00e1te si ho na jin\u00e9 \u00farovni.","og_url":"https:\/\/anderskafka.cz\/eshop\/produkt\/aromen-esencialni-olej-cedr-himalajsky\/","og_site_name":"Anders &amp; Kafka E-SHOP","article_modified_time":"2026-04-28T13:24:35+00:00","twitter_card":"summary_large_image","twitter_image":"https:\/\/anderskafka.cz\/eshop\/wp-content\/uploads\/sites\/3\/2026\/04\/AROMEN_Cedr-himalajsky_I_AndersKafka.webp","twitter_misc":{"Odhadovan\u00e1 doba \u010dten\u00ed":"1 minuta"},"schema":{"@context":"https:\/\/schema.org","@graph":[{"@type":"WebSite","@id":"https:\/\/anderskafka.cz\/eshop\/#website","url":"https:\/\/anderskafka.cz\/eshop\/","name":"Anders &amp; Kafka E-SHOP","description":"Anders &amp; Kafka E-SHOP","potentialAction":[{"@type":"SearchAction","target":{"@type":"EntryPoint","urlTemplate":"https:\/\/anderskafka.cz\/eshop\/?s={search_term_string}"},"query-input":"required name=search_term_string"}],"inLanguage":"cs"},{"@type":"ImageObject","@id":"https:\/\/anderskafka.cz\/eshop\/produkt\/aromen-esencialni-olej-cedr-himalajsky\/#primaryimage","inLanguage":"cs","url":"https:\/\/anderskafka.cz\/eshop\/wp-content\/uploads\/sites\/3\/2026\/04\/AROMEN_Cedr-himalajsky_I_AndersKafka.webp","contentUrl":"https:\/\/anderskafka.cz\/eshop\/wp-content\/uploads\/sites\/3\/2026\/04\/AROMEN_Cedr-himalajsky_I_AndersKafka.webp","width":1500,"height":1500},{"@type":"WebPage","@id":"https:\/\/anderskafka.cz\/eshop\/produkt\/aromen-esencialni-olej-cedr-himalajsky\/#webpage","url":"https:\/\/anderskafka.cz\/eshop\/produkt\/aromen-esencialni-olej-cedr-himalajsky\/","name":"AROMEN esenci\u00e1ln\u00ed olej Cedr himal\u00e1jsk\u00fd - Anders &amp; Kafka E-SHOP","isPartOf":{"@id":"https:\/\/anderskafka.cz\/eshop\/#website"},"primaryImageOfPage":{"@id":"https:\/\/anderskafka.cz\/eshop\/produkt\/aromen-esencialni-olej-cedr-himalajsky\/#primaryimage"},"datePublished":"2026-04-23T11:49:28+00:00","dateModified":"2026-04-28T13:24:35+00:00","description":"Esenci\u00e1ln\u00ed olej Cedr him\u00e1lajsk\u00fd se vyzna\u010duje rafinovanou, sv\u011b\u017e\u00ed d\u0159evitou v\u016fn\u00ed, zd\u016frazn\u011bnou jemn\u00fdmi ko\u0159en\u011bn\u00fdmi t\u00f3ny, kter\u00e9 odr\u00e1\u017eej\u00ed chladn\u00fd horsk\u00fd vzduch. Odr\u00e1\u017e\u00ed vzne\u0161en\u00e9 v\u00fd\u0161ky him\u00e1lajsk\u00fdch les\u016f. EO Cedr him\u00e1lajsk\u00fd uklid\u0148uje, sni\u017euje stres, m\u016f\u017ee pomoci zlep\u0161it d\u00fdch\u00e1n\u00ed. S esenci\u00e1ln\u00edmi oleji Aromen a jejich harmonick\u00fdmi kombinacemi zdokonal\u00edte sv\u00e9 saunov\u00e1n\u00ed a vychutn\u00e1te si ho na jin\u00e9 \u00farovni.","breadcrumb":{"@id":"https:\/\/anderskafka.cz\/eshop\/produkt\/aromen-esencialni-olej-cedr-himalajsky\/#breadcrumb"},"inLanguage":"cs","potentialAction":[{"@type":"ReadAction","target":["https:\/\/anderskafka.cz\/eshop\/produkt\/aromen-esencialni-olej-cedr-himalajsky\/"]}]},{"@type":"BreadcrumbList","@id":"https:\/\/anderskafka.cz\/eshop\/produkt\/aromen-esencialni-olej-cedr-himalajsky\/#breadcrumb","itemListElement":[{"@type":"ListItem","position":1,"name":"Obchod","item":"https:\/\/anderskafka.cz\/eshop\/obchod\/"},{"@type":"ListItem","position":2,"name":"AROMEN esenci\u00e1ln\u00ed olej Cedr himal\u00e1jsk\u00fd"}]}]}},"locations":[],"_links":{"self":[{"href":"https:\/\/anderskafka.cz\/eshop\/wp-json\/wp\/v2\/product\/15499"}],"collection":[{"href":"https:\/\/anderskafka.cz\/eshop\/wp-json\/wp\/v2\/product"}],"about":[{"href":"https:\/\/anderskafka.cz\/eshop\/wp-json\/wp\/v2\/types\/product"}],"replies":[{"embeddable":true,"href":"https:\/\/anderskafka.cz\/eshop\/wp-json\/wp\/v2\/comments?post=15499"}],"wp:featuredmedia":[{"embeddable":true,"href":"https:\/\/anderskafka.cz\/eshop\/wp-json\/wp\/v2\/media\/15516"}],"wp:attachment":[{"href":"https:\/\/anderskafka.cz\/eshop\/wp-json\/wp\/v2\/media?parent=15499"}],"wp:term":[{"taxonomy":"location","embeddable":true,"href":"https:\/\/anderskafka.cz\/eshop\/wp-json\/wp\/v2\/location?post=15499"},{"taxonomy":"product_cat","embeddable":true,"href":"https:\/\/anderskafka.cz\/eshop\/wp-json\/wp\/v2\/product_cat?post=15499"},{"taxonomy":"product_tag","embeddable":true,"href":"https:\/\/anderskafka.cz\/eshop\/wp-json\/wp\/v2\/product_tag?post=15499"}],"curies":[{"name":"wp","href":"https:\/\/api.w.org\/{rel}","templated":true}]}}