{"id":15508,"date":"2026-04-24T12:32:11","date_gmt":"2026-04-24T10:32:11","guid":{"rendered":"https:\/\/anderskafka.cz\/eshop\/?post_type=product&#038;p=15508"},"modified":"2026-04-28T15:19:42","modified_gmt":"2026-04-28T13:19:42","slug":"doterra-difuzer-petal","status":"publish","type":"product","link":"https:\/\/anderskafka.cz\/eshop\/produkt\/doterra-difuzer-petal\/","title":{"rendered":"d\u014dTERRA\u2122 difuz\u00e9r Petal"},"content":{"rendered":"<p>Difuz\u00e9r Petal spole\u010dnosti d\u014dTERRA\u2122 p\u0159in\u00e1\u0161\u00ed harmonii v\u016fn\u00ed i designu do ka\u017ed\u00e9ho interi\u00e9ru. Jeho elegantn\u00ed tvar p\u016fsob\u00ed jemn\u011b a modern\u011b z\u00e1rove\u0148. Sta\u010d\u00ed p\u00e1r kapek obl\u00edben\u00e9ho esenci\u00e1ln\u00edho oleje d\u014dTERRA\u2122 a prostor se napln\u00ed p\u0159\u00edjemnou atmosf\u00e9rou, kter\u00e1 podpo\u0159\u00ed relaxaci i soust\u0159ed\u011bn\u00ed. Tich\u00fd provoz a snadn\u00e9 ovl\u00e1d\u00e1n\u00ed z n\u011bj d\u011blaj\u00ed ide\u00e1ln\u00ed dopln\u011bk do dom\u00e1cnosti i kancel\u00e1\u0159e.<\/p>\n<ul>\n<li>v\u00fdrazn\u00fd ml\u017en\u00fd rozpra\u0161ova\u010d pom\u00e1h\u00e1 zvlh\u010dovat vzduch<\/li>\n<li>nastaven\u00ed difuz\u00e9ru na 2, 6 a 12 hodin<\/li>\n<li>voliteln\u00e9 LED sv\u011btlo<\/li>\n<li>ultrajemn\u00e1 mlha pokryje a\u017e 33 m2<\/li>\n<li>jednoduch\u00fd t\u0159\u00edd\u00edln\u00fd difuz\u00e9r se snadno a pohodln\u011b pou\u017e\u00edv\u00e1<\/li>\n<li>Stabiln\u00ed, lehk\u00fd a\u00a0ide\u00e1ln\u00ed pro r\u016fzn\u00e9 m\u00edstnosti<\/li>\n<\/ul>\n<p>&nbsp;<\/p>\n<div>\n<p>Obsah t\u00e9to webov\u00e9 str\u00e1nky vych\u00e1z\u00ed z n\u00e1zor\u016f spole\u010dnosti doTERRA.<\/p>\n<\/div>\n","protected":false},"excerpt":{"rendered":"<p>Difuz\u00e9r Petal spole\u010dnosti d\u014dTERRA\u2122 p\u0159in\u00e1\u0161\u00ed harmonii v\u016fn\u00ed i designu do ka\u017ed\u00e9ho interi\u00e9ru.<\/p>\n<p>Pou\u017e\u00edv\u00e1n\u00ed difuz\u00e9ru na esenci\u00e1ln\u00ed oleje je jednoduch\u00fd, praktick\u00fd a rychl\u00fd zp\u016fsob, jak naplno vyu\u017e\u00edt jejich p\u0159\u00edzniv\u00fdch \u00fa\u010dink\u016f. Provo\u0148te sv\u016fj domov, dodejte pracovi\u0161ti sv\u011b\u017e\u00ed energii nebo si vytvo\u0159te klidnou, uvol\u0148uj\u00edc\u00ed atmosf\u00e9ru p\u0159ed usnut\u00edm.<\/p>\n<p>&nbsp;<\/p>\n","protected":false},"featured_media":15513,"comment_status":"open","ping_status":"closed","template":"","meta":{"site-sidebar-layout":"default","site-content-layout":"default","ast-main-header-display":"","ast-hfb-above-header-display":"","ast-hfb-below-header-display":"","ast-hfb-mobile-header-display":"","site-post-title":"","ast-breadcrumbs-content":"","ast-featured-img":"","footer-sml-layout":"","theme-transparent-header-meta":"","adv-header-id-meta":"","stick-header-meta":"","header-above-stick-meta":"","header-main-stick-meta":"","header-below-stick-meta":""},"location":[],"product_cat":[1133,1099],"product_tag":[958],"yoast_head":"<!-- This site is optimized with the Yoast SEO plugin v18.5.1 - https:\/\/yoast.com\/wordpress\/plugins\/seo\/ -->\n<title>d\u014dTERRA\u2122 difuz\u00e9r Petal - Anders &amp; Kafka E-SHOP<\/title>\n<meta name=\"description\" content=\"Difuz\u00e9r Petal spole\u010dnosti d\u014dTERRA\u2122 p\u0159in\u00e1\u0161\u00ed harmonii v\u016fn\u00ed i designu do ka\u017ed\u00e9ho interi\u00e9ru.  Pou\u017e\u00edv\u00e1n\u00ed difuz\u00e9ru na esenci\u00e1ln\u00ed oleje je jednoduch\u00fd, praktick\u00fd a rychl\u00fd zp\u016fsob, jak naplno vyu\u017e\u00edt jejich p\u0159\u00edzniv\u00fdch \u00fa\u010dink\u016f. Provo\u0148te sv\u016fj domov, dodejte pracovi\u0161ti sv\u011b\u017e\u00ed energii nebo si vytvo\u0159te klidnou, uvol\u0148uj\u00edc\u00ed atmosf\u00e9ru p\u0159ed usnut\u00edm.  &nbsp;\" \/>\n<meta name=\"robots\" content=\"index, follow, max-snippet:-1, max-image-preview:large, max-video-preview:-1\" \/>\n<link rel=\"canonical\" href=\"https:\/\/anderskafka.cz\/eshop\/produkt\/doterra-difuzer-petal\/\" \/>\n<meta property=\"og:locale\" content=\"cs_CZ\" \/>\n<meta property=\"og:type\" content=\"article\" \/>\n<meta property=\"og:title\" content=\"d\u014dTERRA\u2122 difuz\u00e9r Petal - Anders &amp; Kafka E-SHOP\" \/>\n<meta property=\"og:description\" content=\"Difuz\u00e9r Petal spole\u010dnosti d\u014dTERRA\u2122 p\u0159in\u00e1\u0161\u00ed harmonii v\u016fn\u00ed i designu do ka\u017ed\u00e9ho interi\u00e9ru.  Pou\u017e\u00edv\u00e1n\u00ed difuz\u00e9ru na esenci\u00e1ln\u00ed oleje je jednoduch\u00fd, praktick\u00fd a rychl\u00fd zp\u016fsob, jak naplno vyu\u017e\u00edt jejich p\u0159\u00edzniv\u00fdch \u00fa\u010dink\u016f. Provo\u0148te sv\u016fj domov, dodejte pracovi\u0161ti sv\u011b\u017e\u00ed energii nebo si vytvo\u0159te klidnou, uvol\u0148uj\u00edc\u00ed atmosf\u00e9ru p\u0159ed usnut\u00edm.  &nbsp;\" \/>\n<meta property=\"og:url\" content=\"https:\/\/anderskafka.cz\/eshop\/produkt\/doterra-difuzer-petal\/\" \/>\n<meta property=\"og:site_name\" content=\"Anders &amp; Kafka E-SHOP\" \/>\n<meta property=\"article:modified_time\" content=\"2026-04-28T13:19:42+00:00\" \/>\n<meta name=\"twitter:card\" content=\"summary_large_image\" \/>\n<meta name=\"twitter:image\" content=\"https:\/\/anderskafka.cz\/eshop\/wp-content\/uploads\/sites\/3\/2026\/04\/DOTERRA_-Petal-Diffuser_0.2._I_AndersKafka.webp\" \/>\n<meta name=\"twitter:label1\" content=\"Odhadovan\u00e1 doba \u010dten\u00ed\" \/>\n\t<meta name=\"twitter:data1\" content=\"1 minuta\" \/>\n<script type=\"application\/ld+json\" class=\"yoast-schema-graph\">{\"@context\":\"https:\/\/schema.org\",\"@graph\":[{\"@type\":\"WebSite\",\"@id\":\"https:\/\/anderskafka.cz\/eshop\/#website\",\"url\":\"https:\/\/anderskafka.cz\/eshop\/\",\"name\":\"Anders &amp; Kafka E-SHOP\",\"description\":\"Anders &amp; Kafka E-SHOP\",\"potentialAction\":[{\"@type\":\"SearchAction\",\"target\":{\"@type\":\"EntryPoint\",\"urlTemplate\":\"https:\/\/anderskafka.cz\/eshop\/?s={search_term_string}\"},\"query-input\":\"required name=search_term_string\"}],\"inLanguage\":\"cs\"},{\"@type\":\"ImageObject\",\"@id\":\"https:\/\/anderskafka.cz\/eshop\/produkt\/doterra-difuzer-petal\/#primaryimage\",\"inLanguage\":\"cs\",\"url\":\"https:\/\/anderskafka.cz\/eshop\/wp-content\/uploads\/sites\/3\/2026\/04\/DOTERRA_-Petal-Diffuser_0.2._I_AndersKafka.webp\",\"contentUrl\":\"https:\/\/anderskafka.cz\/eshop\/wp-content\/uploads\/sites\/3\/2026\/04\/DOTERRA_-Petal-Diffuser_0.2._I_AndersKafka.webp\",\"width\":1500,\"height\":1500},{\"@type\":\"WebPage\",\"@id\":\"https:\/\/anderskafka.cz\/eshop\/produkt\/doterra-difuzer-petal\/#webpage\",\"url\":\"https:\/\/anderskafka.cz\/eshop\/produkt\/doterra-difuzer-petal\/\",\"name\":\"d\u014dTERRA\u2122 difuz\u00e9r Petal - Anders &amp; Kafka E-SHOP\",\"isPartOf\":{\"@id\":\"https:\/\/anderskafka.cz\/eshop\/#website\"},\"primaryImageOfPage\":{\"@id\":\"https:\/\/anderskafka.cz\/eshop\/produkt\/doterra-difuzer-petal\/#primaryimage\"},\"datePublished\":\"2026-04-24T10:32:11+00:00\",\"dateModified\":\"2026-04-28T13:19:42+00:00\",\"description\":\"Difuz\u00e9r Petal spole\u010dnosti d\u014dTERRA\u2122 p\u0159in\u00e1\u0161\u00ed harmonii v\u016fn\u00ed i designu do ka\u017ed\u00e9ho interi\u00e9ru. Pou\u017e\u00edv\u00e1n\u00ed difuz\u00e9ru na esenci\u00e1ln\u00ed oleje je jednoduch\u00fd, praktick\u00fd a rychl\u00fd zp\u016fsob, jak naplno vyu\u017e\u00edt jejich p\u0159\u00edzniv\u00fdch \u00fa\u010dink\u016f. Provo\u0148te sv\u016fj domov, dodejte pracovi\u0161ti sv\u011b\u017e\u00ed energii nebo si vytvo\u0159te klidnou, uvol\u0148uj\u00edc\u00ed atmosf\u00e9ru p\u0159ed usnut\u00edm. &nbsp;\",\"breadcrumb\":{\"@id\":\"https:\/\/anderskafka.cz\/eshop\/produkt\/doterra-difuzer-petal\/#breadcrumb\"},\"inLanguage\":\"cs\",\"potentialAction\":[{\"@type\":\"ReadAction\",\"target\":[\"https:\/\/anderskafka.cz\/eshop\/produkt\/doterra-difuzer-petal\/\"]}]},{\"@type\":\"BreadcrumbList\",\"@id\":\"https:\/\/anderskafka.cz\/eshop\/produkt\/doterra-difuzer-petal\/#breadcrumb\",\"itemListElement\":[{\"@type\":\"ListItem\",\"position\":1,\"name\":\"Obchod\",\"item\":\"https:\/\/anderskafka.cz\/eshop\/obchod\/\"},{\"@type\":\"ListItem\",\"position\":2,\"name\":\"d\u014dTERRA\u2122 difuz\u00e9r Petal\"}]}]}<\/script>\n<!-- \/ Yoast SEO plugin. -->","yoast_head_json":{"title":"d\u014dTERRA\u2122 difuz\u00e9r Petal - Anders &amp; Kafka E-SHOP","description":"Difuz\u00e9r Petal spole\u010dnosti d\u014dTERRA\u2122 p\u0159in\u00e1\u0161\u00ed harmonii v\u016fn\u00ed i designu do ka\u017ed\u00e9ho interi\u00e9ru.  Pou\u017e\u00edv\u00e1n\u00ed difuz\u00e9ru na esenci\u00e1ln\u00ed oleje je jednoduch\u00fd, praktick\u00fd a rychl\u00fd zp\u016fsob, jak naplno vyu\u017e\u00edt jejich p\u0159\u00edzniv\u00fdch \u00fa\u010dink\u016f. Provo\u0148te sv\u016fj domov, dodejte pracovi\u0161ti sv\u011b\u017e\u00ed energii nebo si vytvo\u0159te klidnou, uvol\u0148uj\u00edc\u00ed atmosf\u00e9ru p\u0159ed usnut\u00edm.  &nbsp;","robots":{"index":"index","follow":"follow","max-snippet":"max-snippet:-1","max-image-preview":"max-image-preview:large","max-video-preview":"max-video-preview:-1"},"canonical":"https:\/\/anderskafka.cz\/eshop\/produkt\/doterra-difuzer-petal\/","og_locale":"cs_CZ","og_type":"article","og_title":"d\u014dTERRA\u2122 difuz\u00e9r Petal - Anders &amp; Kafka E-SHOP","og_description":"Difuz\u00e9r Petal spole\u010dnosti d\u014dTERRA\u2122 p\u0159in\u00e1\u0161\u00ed harmonii v\u016fn\u00ed i designu do ka\u017ed\u00e9ho interi\u00e9ru.  Pou\u017e\u00edv\u00e1n\u00ed difuz\u00e9ru na esenci\u00e1ln\u00ed oleje je jednoduch\u00fd, praktick\u00fd a rychl\u00fd zp\u016fsob, jak naplno vyu\u017e\u00edt jejich p\u0159\u00edzniv\u00fdch \u00fa\u010dink\u016f. Provo\u0148te sv\u016fj domov, dodejte pracovi\u0161ti sv\u011b\u017e\u00ed energii nebo si vytvo\u0159te klidnou, uvol\u0148uj\u00edc\u00ed atmosf\u00e9ru p\u0159ed usnut\u00edm.  &nbsp;","og_url":"https:\/\/anderskafka.cz\/eshop\/produkt\/doterra-difuzer-petal\/","og_site_name":"Anders &amp; Kafka E-SHOP","article_modified_time":"2026-04-28T13:19:42+00:00","twitter_card":"summary_large_image","twitter_image":"https:\/\/anderskafka.cz\/eshop\/wp-content\/uploads\/sites\/3\/2026\/04\/DOTERRA_-Petal-Diffuser_0.2._I_AndersKafka.webp","twitter_misc":{"Odhadovan\u00e1 doba \u010dten\u00ed":"1 minuta"},"schema":{"@context":"https:\/\/schema.org","@graph":[{"@type":"WebSite","@id":"https:\/\/anderskafka.cz\/eshop\/#website","url":"https:\/\/anderskafka.cz\/eshop\/","name":"Anders &amp; Kafka E-SHOP","description":"Anders &amp; Kafka E-SHOP","potentialAction":[{"@type":"SearchAction","target":{"@type":"EntryPoint","urlTemplate":"https:\/\/anderskafka.cz\/eshop\/?s={search_term_string}"},"query-input":"required name=search_term_string"}],"inLanguage":"cs"},{"@type":"ImageObject","@id":"https:\/\/anderskafka.cz\/eshop\/produkt\/doterra-difuzer-petal\/#primaryimage","inLanguage":"cs","url":"https:\/\/anderskafka.cz\/eshop\/wp-content\/uploads\/sites\/3\/2026\/04\/DOTERRA_-Petal-Diffuser_0.2._I_AndersKafka.webp","contentUrl":"https:\/\/anderskafka.cz\/eshop\/wp-content\/uploads\/sites\/3\/2026\/04\/DOTERRA_-Petal-Diffuser_0.2._I_AndersKafka.webp","width":1500,"height":1500},{"@type":"WebPage","@id":"https:\/\/anderskafka.cz\/eshop\/produkt\/doterra-difuzer-petal\/#webpage","url":"https:\/\/anderskafka.cz\/eshop\/produkt\/doterra-difuzer-petal\/","name":"d\u014dTERRA\u2122 difuz\u00e9r Petal - Anders &amp; Kafka E-SHOP","isPartOf":{"@id":"https:\/\/anderskafka.cz\/eshop\/#website"},"primaryImageOfPage":{"@id":"https:\/\/anderskafka.cz\/eshop\/produkt\/doterra-difuzer-petal\/#primaryimage"},"datePublished":"2026-04-24T10:32:11+00:00","dateModified":"2026-04-28T13:19:42+00:00","description":"Difuz\u00e9r Petal spole\u010dnosti d\u014dTERRA\u2122 p\u0159in\u00e1\u0161\u00ed harmonii v\u016fn\u00ed i designu do ka\u017ed\u00e9ho interi\u00e9ru. Pou\u017e\u00edv\u00e1n\u00ed difuz\u00e9ru na esenci\u00e1ln\u00ed oleje je jednoduch\u00fd, praktick\u00fd a rychl\u00fd zp\u016fsob, jak naplno vyu\u017e\u00edt jejich p\u0159\u00edzniv\u00fdch \u00fa\u010dink\u016f. Provo\u0148te sv\u016fj domov, dodejte pracovi\u0161ti sv\u011b\u017e\u00ed energii nebo si vytvo\u0159te klidnou, uvol\u0148uj\u00edc\u00ed atmosf\u00e9ru p\u0159ed usnut\u00edm. &nbsp;","breadcrumb":{"@id":"https:\/\/anderskafka.cz\/eshop\/produkt\/doterra-difuzer-petal\/#breadcrumb"},"inLanguage":"cs","potentialAction":[{"@type":"ReadAction","target":["https:\/\/anderskafka.cz\/eshop\/produkt\/doterra-difuzer-petal\/"]}]},{"@type":"BreadcrumbList","@id":"https:\/\/anderskafka.cz\/eshop\/produkt\/doterra-difuzer-petal\/#breadcrumb","itemListElement":[{"@type":"ListItem","position":1,"name":"Obchod","item":"https:\/\/anderskafka.cz\/eshop\/obchod\/"},{"@type":"ListItem","position":2,"name":"d\u014dTERRA\u2122 difuz\u00e9r Petal"}]}]}},"locations":[],"_links":{"self":[{"href":"https:\/\/anderskafka.cz\/eshop\/wp-json\/wp\/v2\/product\/15508"}],"collection":[{"href":"https:\/\/anderskafka.cz\/eshop\/wp-json\/wp\/v2\/product"}],"about":[{"href":"https:\/\/anderskafka.cz\/eshop\/wp-json\/wp\/v2\/types\/product"}],"replies":[{"embeddable":true,"href":"https:\/\/anderskafka.cz\/eshop\/wp-json\/wp\/v2\/comments?post=15508"}],"wp:featuredmedia":[{"embeddable":true,"href":"https:\/\/anderskafka.cz\/eshop\/wp-json\/wp\/v2\/media\/15513"}],"wp:attachment":[{"href":"https:\/\/anderskafka.cz\/eshop\/wp-json\/wp\/v2\/media?parent=15508"}],"wp:term":[{"taxonomy":"location","embeddable":true,"href":"https:\/\/anderskafka.cz\/eshop\/wp-json\/wp\/v2\/location?post=15508"},{"taxonomy":"product_cat","embeddable":true,"href":"https:\/\/anderskafka.cz\/eshop\/wp-json\/wp\/v2\/product_cat?post=15508"},{"taxonomy":"product_tag","embeddable":true,"href":"https:\/\/anderskafka.cz\/eshop\/wp-json\/wp\/v2\/product_tag?post=15508"}],"curies":[{"name":"wp","href":"https:\/\/api.w.org\/{rel}","templated":true}]}}