{"id":15644,"date":"2026-05-05T09:50:57","date_gmt":"2026-05-05T07:50:57","guid":{"rendered":"https:\/\/anderskafka.cz\/eshop\/?post_type=product&#038;p=15644"},"modified":"2026-05-06T15:58:26","modified_gmt":"2026-05-06T13:58:26","slug":"eliga","status":"publish","type":"product","link":"https:\/\/anderskafka.cz\/eshop\/produkt\/eliga\/","title":{"rendered":"ELIGA saunov\u00fd stoj\u00e1nek na br\u00fdle"},"content":{"rendered":"<p>Jednoduch\u00fd praktick\u00fd stoj\u00e1nek na odlo\u017een\u00ed br\u00fdl\u00ed p\u0159ed vstupem do sauny. Pevn\u00e1 konstrukce je vyrobena ze d\u0159eva &#8211; p\u0159ekli\u017eky.<\/p>\n<p>Snadn\u00e9 p\u0159ipevn\u011bn\u00ed na vn\u011bj\u0161\u00ed stranu sauny dv\u011bma vruty, nen\u00ed sou\u010d\u00e1st\u00ed balen\u00ed.<\/p>\n","protected":false},"excerpt":{"rendered":"<p>Jednoduch\u00fd praktick\u00fd stoj\u00e1nek na odlo\u017een\u00ed br\u00fdl\u00ed p\u0159ed vstupem do sauny.<\/p>\n<p>N\u011bmeck\u00e1 spole\u010dnost ELIGA Saunatechnik GmbH je specialistou na saunovou techniku &amp; wellness s mnohalet\u00fdmi zku\u0161enostmi a know-how s v\u00fdrobou saunov\u00fdch dopl\u0148k\u016f a technologi\u00ed.<img loading=\"lazy\" class=\"size-full wp-image-1496 aligncenter\" src=\"https:\/\/anderskafka.cz\/eshop\/wp-content\/uploads\/sites\/3\/2022\/12\/made-in-germany-label-icon-of-german-flag-map-vector-22965302.jpg\" alt=\"\" width=\"250\" height=\"250\" srcset=\"https:\/\/anderskafka.cz\/eshop\/wp-content\/uploads\/sites\/3\/2022\/12\/made-in-germany-label-icon-of-german-flag-map-vector-22965302.jpg 250w, https:\/\/anderskafka.cz\/eshop\/wp-content\/uploads\/sites\/3\/2022\/12\/made-in-germany-label-icon-of-german-flag-map-vector-22965302-150x150.jpg 150w, https:\/\/anderskafka.cz\/eshop\/wp-content\/uploads\/sites\/3\/2022\/12\/made-in-germany-label-icon-of-german-flag-map-vector-22965302-100x100.jpg 100w, https:\/\/anderskafka.cz\/eshop\/wp-content\/uploads\/sites\/3\/2022\/12\/made-in-germany-label-icon-of-german-flag-map-vector-22965302-64x64.jpg 64w\" sizes=\"(max-width: 250px) 100vw, 250px\" \/><\/p>\n","protected":false},"featured_media":15645,"comment_status":"open","ping_status":"closed","template":"","meta":{"site-sidebar-layout":"default","site-content-layout":"default","ast-main-header-display":"","ast-hfb-above-header-display":"","ast-hfb-below-header-display":"","ast-hfb-mobile-header-display":"","site-post-title":"","ast-breadcrumbs-content":"","ast-featured-img":"","footer-sml-layout":"","theme-transparent-header-meta":"","adv-header-id-meta":"","stick-header-meta":"","header-above-stick-meta":"","header-main-stick-meta":"","header-below-stick-meta":""},"location":[],"product_cat":[1133,16,411],"product_tag":[461],"yoast_head":"<!-- This site is optimized with the Yoast SEO plugin v18.5.1 - https:\/\/yoast.com\/wordpress\/plugins\/seo\/ -->\n<title>ELIGA saunov\u00fd stoj\u00e1nek na br\u00fdle - Anders &amp; Kafka E-SHOP<\/title>\n<meta name=\"description\" content=\"Jednoduch\u00fd praktick\u00fd stoj\u00e1nek na odlo\u017een\u00ed br\u00fdl\u00ed p\u0159ed vstupem do sauny.  N\u011bmeck\u00e1 spole\u010dnost ELIGA Saunatechnik GmbH je specialistou na saunovou techniku &amp; wellness s mnohalet\u00fdmi zku\u0161enostmi a know-how s v\u00fdrobou saunov\u00fdch dopl\u0148k\u016f a technologi\u00ed.\" \/>\n<meta name=\"robots\" content=\"index, follow, max-snippet:-1, max-image-preview:large, max-video-preview:-1\" \/>\n<link rel=\"canonical\" href=\"https:\/\/anderskafka.cz\/eshop\/produkt\/eliga\/\" \/>\n<meta property=\"og:locale\" content=\"cs_CZ\" \/>\n<meta property=\"og:type\" content=\"article\" \/>\n<meta property=\"og:title\" content=\"ELIGA saunov\u00fd stoj\u00e1nek na br\u00fdle - Anders &amp; Kafka E-SHOP\" \/>\n<meta property=\"og:description\" content=\"Jednoduch\u00fd praktick\u00fd stoj\u00e1nek na odlo\u017een\u00ed br\u00fdl\u00ed p\u0159ed vstupem do sauny.  N\u011bmeck\u00e1 spole\u010dnost ELIGA Saunatechnik GmbH je specialistou na saunovou techniku &amp; wellness s mnohalet\u00fdmi zku\u0161enostmi a know-how s v\u00fdrobou saunov\u00fdch dopl\u0148k\u016f a technologi\u00ed.\" \/>\n<meta property=\"og:url\" content=\"https:\/\/anderskafka.cz\/eshop\/produkt\/eliga\/\" \/>\n<meta property=\"og:site_name\" content=\"Anders &amp; Kafka E-SHOP\" \/>\n<meta property=\"article:modified_time\" content=\"2026-05-06T13:58:26+00:00\" \/>\n<meta name=\"twitter:card\" content=\"summary_large_image\" \/>\n<meta name=\"twitter:image\" content=\"https:\/\/anderskafka.cz\/eshop\/wp-content\/uploads\/sites\/3\/2026\/05\/ELIGA_drzakbryli_AndersKafka.webp\" \/>\n<script type=\"application\/ld+json\" class=\"yoast-schema-graph\">{\"@context\":\"https:\/\/schema.org\",\"@graph\":[{\"@type\":\"WebSite\",\"@id\":\"https:\/\/anderskafka.cz\/eshop\/#website\",\"url\":\"https:\/\/anderskafka.cz\/eshop\/\",\"name\":\"Anders &amp; Kafka E-SHOP\",\"description\":\"Anders &amp; Kafka E-SHOP\",\"potentialAction\":[{\"@type\":\"SearchAction\",\"target\":{\"@type\":\"EntryPoint\",\"urlTemplate\":\"https:\/\/anderskafka.cz\/eshop\/?s={search_term_string}\"},\"query-input\":\"required name=search_term_string\"}],\"inLanguage\":\"cs\"},{\"@type\":\"ImageObject\",\"@id\":\"https:\/\/anderskafka.cz\/eshop\/produkt\/eliga\/#primaryimage\",\"inLanguage\":\"cs\",\"url\":\"https:\/\/anderskafka.cz\/eshop\/wp-content\/uploads\/sites\/3\/2026\/05\/ELIGA_drzakbryli_AndersKafka.webp\",\"contentUrl\":\"https:\/\/anderskafka.cz\/eshop\/wp-content\/uploads\/sites\/3\/2026\/05\/ELIGA_drzakbryli_AndersKafka.webp\",\"width\":1500,\"height\":1500},{\"@type\":\"WebPage\",\"@id\":\"https:\/\/anderskafka.cz\/eshop\/produkt\/eliga\/#webpage\",\"url\":\"https:\/\/anderskafka.cz\/eshop\/produkt\/eliga\/\",\"name\":\"ELIGA saunov\u00fd stoj\u00e1nek na br\u00fdle - Anders &amp; Kafka E-SHOP\",\"isPartOf\":{\"@id\":\"https:\/\/anderskafka.cz\/eshop\/#website\"},\"primaryImageOfPage\":{\"@id\":\"https:\/\/anderskafka.cz\/eshop\/produkt\/eliga\/#primaryimage\"},\"datePublished\":\"2026-05-05T07:50:57+00:00\",\"dateModified\":\"2026-05-06T13:58:26+00:00\",\"description\":\"Jednoduch\u00fd praktick\u00fd stoj\u00e1nek na odlo\u017een\u00ed br\u00fdl\u00ed p\u0159ed vstupem do sauny. N\u011bmeck\u00e1 spole\u010dnost ELIGA Saunatechnik GmbH je specialistou na saunovou techniku &amp; wellness s mnohalet\u00fdmi zku\u0161enostmi a know-how s v\u00fdrobou saunov\u00fdch dopl\u0148k\u016f a technologi\u00ed.\",\"breadcrumb\":{\"@id\":\"https:\/\/anderskafka.cz\/eshop\/produkt\/eliga\/#breadcrumb\"},\"inLanguage\":\"cs\",\"potentialAction\":[{\"@type\":\"ReadAction\",\"target\":[\"https:\/\/anderskafka.cz\/eshop\/produkt\/eliga\/\"]}]},{\"@type\":\"BreadcrumbList\",\"@id\":\"https:\/\/anderskafka.cz\/eshop\/produkt\/eliga\/#breadcrumb\",\"itemListElement\":[{\"@type\":\"ListItem\",\"position\":1,\"name\":\"Obchod\",\"item\":\"https:\/\/anderskafka.cz\/eshop\/obchod\/\"},{\"@type\":\"ListItem\",\"position\":2,\"name\":\"ELIGA saunov\u00fd stoj\u00e1nek na br\u00fdle\"}]}]}<\/script>\n<!-- \/ Yoast SEO plugin. -->","yoast_head_json":{"title":"ELIGA saunov\u00fd stoj\u00e1nek na br\u00fdle - Anders &amp; Kafka E-SHOP","description":"Jednoduch\u00fd praktick\u00fd stoj\u00e1nek na odlo\u017een\u00ed br\u00fdl\u00ed p\u0159ed vstupem do sauny.  N\u011bmeck\u00e1 spole\u010dnost ELIGA Saunatechnik GmbH je specialistou na saunovou techniku &amp; wellness s mnohalet\u00fdmi zku\u0161enostmi a know-how s v\u00fdrobou saunov\u00fdch dopl\u0148k\u016f a technologi\u00ed.","robots":{"index":"index","follow":"follow","max-snippet":"max-snippet:-1","max-image-preview":"max-image-preview:large","max-video-preview":"max-video-preview:-1"},"canonical":"https:\/\/anderskafka.cz\/eshop\/produkt\/eliga\/","og_locale":"cs_CZ","og_type":"article","og_title":"ELIGA saunov\u00fd stoj\u00e1nek na br\u00fdle - Anders &amp; Kafka E-SHOP","og_description":"Jednoduch\u00fd praktick\u00fd stoj\u00e1nek na odlo\u017een\u00ed br\u00fdl\u00ed p\u0159ed vstupem do sauny.  N\u011bmeck\u00e1 spole\u010dnost ELIGA Saunatechnik GmbH je specialistou na saunovou techniku &amp; wellness s mnohalet\u00fdmi zku\u0161enostmi a know-how s v\u00fdrobou saunov\u00fdch dopl\u0148k\u016f a technologi\u00ed.","og_url":"https:\/\/anderskafka.cz\/eshop\/produkt\/eliga\/","og_site_name":"Anders &amp; Kafka E-SHOP","article_modified_time":"2026-05-06T13:58:26+00:00","twitter_card":"summary_large_image","twitter_image":"https:\/\/anderskafka.cz\/eshop\/wp-content\/uploads\/sites\/3\/2026\/05\/ELIGA_drzakbryli_AndersKafka.webp","schema":{"@context":"https:\/\/schema.org","@graph":[{"@type":"WebSite","@id":"https:\/\/anderskafka.cz\/eshop\/#website","url":"https:\/\/anderskafka.cz\/eshop\/","name":"Anders &amp; Kafka E-SHOP","description":"Anders &amp; Kafka E-SHOP","potentialAction":[{"@type":"SearchAction","target":{"@type":"EntryPoint","urlTemplate":"https:\/\/anderskafka.cz\/eshop\/?s={search_term_string}"},"query-input":"required name=search_term_string"}],"inLanguage":"cs"},{"@type":"ImageObject","@id":"https:\/\/anderskafka.cz\/eshop\/produkt\/eliga\/#primaryimage","inLanguage":"cs","url":"https:\/\/anderskafka.cz\/eshop\/wp-content\/uploads\/sites\/3\/2026\/05\/ELIGA_drzakbryli_AndersKafka.webp","contentUrl":"https:\/\/anderskafka.cz\/eshop\/wp-content\/uploads\/sites\/3\/2026\/05\/ELIGA_drzakbryli_AndersKafka.webp","width":1500,"height":1500},{"@type":"WebPage","@id":"https:\/\/anderskafka.cz\/eshop\/produkt\/eliga\/#webpage","url":"https:\/\/anderskafka.cz\/eshop\/produkt\/eliga\/","name":"ELIGA saunov\u00fd stoj\u00e1nek na br\u00fdle - Anders &amp; Kafka E-SHOP","isPartOf":{"@id":"https:\/\/anderskafka.cz\/eshop\/#website"},"primaryImageOfPage":{"@id":"https:\/\/anderskafka.cz\/eshop\/produkt\/eliga\/#primaryimage"},"datePublished":"2026-05-05T07:50:57+00:00","dateModified":"2026-05-06T13:58:26+00:00","description":"Jednoduch\u00fd praktick\u00fd stoj\u00e1nek na odlo\u017een\u00ed br\u00fdl\u00ed p\u0159ed vstupem do sauny. N\u011bmeck\u00e1 spole\u010dnost ELIGA Saunatechnik GmbH je specialistou na saunovou techniku &amp; wellness s mnohalet\u00fdmi zku\u0161enostmi a know-how s v\u00fdrobou saunov\u00fdch dopl\u0148k\u016f a technologi\u00ed.","breadcrumb":{"@id":"https:\/\/anderskafka.cz\/eshop\/produkt\/eliga\/#breadcrumb"},"inLanguage":"cs","potentialAction":[{"@type":"ReadAction","target":["https:\/\/anderskafka.cz\/eshop\/produkt\/eliga\/"]}]},{"@type":"BreadcrumbList","@id":"https:\/\/anderskafka.cz\/eshop\/produkt\/eliga\/#breadcrumb","itemListElement":[{"@type":"ListItem","position":1,"name":"Obchod","item":"https:\/\/anderskafka.cz\/eshop\/obchod\/"},{"@type":"ListItem","position":2,"name":"ELIGA saunov\u00fd stoj\u00e1nek na br\u00fdle"}]}]}},"locations":[],"_links":{"self":[{"href":"https:\/\/anderskafka.cz\/eshop\/wp-json\/wp\/v2\/product\/15644"}],"collection":[{"href":"https:\/\/anderskafka.cz\/eshop\/wp-json\/wp\/v2\/product"}],"about":[{"href":"https:\/\/anderskafka.cz\/eshop\/wp-json\/wp\/v2\/types\/product"}],"replies":[{"embeddable":true,"href":"https:\/\/anderskafka.cz\/eshop\/wp-json\/wp\/v2\/comments?post=15644"}],"wp:featuredmedia":[{"embeddable":true,"href":"https:\/\/anderskafka.cz\/eshop\/wp-json\/wp\/v2\/media\/15645"}],"wp:attachment":[{"href":"https:\/\/anderskafka.cz\/eshop\/wp-json\/wp\/v2\/media?parent=15644"}],"wp:term":[{"taxonomy":"location","embeddable":true,"href":"https:\/\/anderskafka.cz\/eshop\/wp-json\/wp\/v2\/location?post=15644"},{"taxonomy":"product_cat","embeddable":true,"href":"https:\/\/anderskafka.cz\/eshop\/wp-json\/wp\/v2\/product_cat?post=15644"},{"taxonomy":"product_tag","embeddable":true,"href":"https:\/\/anderskafka.cz\/eshop\/wp-json\/wp\/v2\/product_tag?post=15644"}],"curies":[{"name":"wp","href":"https:\/\/api.w.org\/{rel}","templated":true}]}}