{"id":15651,"date":"2026-05-06T12:04:35","date_gmt":"2026-05-06T10:04:35","guid":{"rendered":"https:\/\/anderskafka.cz\/eshop\/?post_type=product&#038;p=15651"},"modified":"2026-05-12T12:13:27","modified_gmt":"2026-05-12T10:13:27","slug":"skerjanc-wellnes-lehatko-siesta-brown","status":"publish","type":"product","link":"https:\/\/anderskafka.cz\/eshop\/produkt\/skerjanc-wellnes-lehatko-siesta-brown\/","title":{"rendered":"\u0160KERJANC wellness leh\u00e1tko siesta brown"},"content":{"rendered":"<p>Wellness leh\u00e1tko je perfektn\u00edm dopl\u0148kem nejen ka\u017ed\u00e9 venkovn\u00ed sauny, z\u00fatuln\u00edte si tak\u00e9 okol\u00ed baz\u00e9nu \u010di v\u00ed\u0159ivky.<\/p>\n<p>Stylov\u00e9 wellness leh\u00e1tko Siesta brown je vyrobeno z um\u011bl\u00e9ho ratanu. S praktick\u00fdmi op\u011brkami na ruce a polohovatelnou z\u00e1dovou op\u011brkou.<br \/>\nLeh\u00e1tko je dlouh\u00e9 187 cm, \u0161irok\u00e9 73 cm. V\u00fd\u0161ka v\u010detn\u011b op\u011brky 80 cm.<\/p>\n<p>Pro je\u0161t\u011b v\u011bt\u0161\u00ed pohodl\u00ed doporu\u010dujeme doplnit pol\u0161t\u00e1\u0159em, nutno dokoupit zvl\u00e1\u0161\u0165.<br \/>\nDoporu\u010dujeme rovn\u011b\u017e p\u0159ikoupit praktick\u00fd stole\u010dek ve stejn\u00e9m designu.<\/p>\n","protected":false},"excerpt":{"rendered":"<p>Stylov\u00e9 wellness leh\u00e1tko Siesta brown je vyrobeno z um\u011bl\u00e9ho ratanu. S praktick\u00fdmi op\u011brkami na ruce a polohovatelnou z\u00e1dovou op\u011brkou.<\/p>\n<p>\u0160kerjanc, slovinsk\u00fd v\u00fdrobce n\u00e1bytku s rozmanitou nab\u00eddkou produkt\u016f vyroben\u00fdch z nejr\u016fzn\u011bj\u0161\u00edch materi\u00e1l\u016f.<\/p>\n","protected":false},"featured_media":15655,"comment_status":"open","ping_status":"closed","template":"","meta":{"site-sidebar-layout":"default","site-content-layout":"default","ast-main-header-display":"","ast-hfb-above-header-display":"","ast-hfb-below-header-display":"","ast-hfb-mobile-header-display":"","site-post-title":"","ast-breadcrumbs-content":"","ast-featured-img":"","footer-sml-layout":"","theme-transparent-header-meta":"","adv-header-id-meta":"","stick-header-meta":"","header-above-stick-meta":"","header-main-stick-meta":"","header-below-stick-meta":""},"location":[],"product_cat":[1133,901,1335,411],"product_tag":[1628],"yoast_head":"<!-- This site is optimized with the Yoast SEO plugin v18.5.1 - https:\/\/yoast.com\/wordpress\/plugins\/seo\/ -->\n<title>\u0160KERJANC wellness leh\u00e1tko siesta brown - Anders &amp; Kafka E-SHOP<\/title>\n<meta name=\"description\" content=\"Stylov\u00e9 wellness leh\u00e1tko Siesta brown je vyrobeno z um\u011bl\u00e9ho ratanu. S praktick\u00fdmi op\u011brkami na ruce a polohovatelnou z\u00e1dovou op\u011brkou.  \u0160kerjanc, slovinsk\u00fd v\u00fdrobce n\u00e1bytku s rozmanitou nab\u00eddkou produkt\u016f vyroben\u00fdch z nejr\u016fzn\u011bj\u0161\u00edch materi\u00e1l\u016f.\" \/>\n<meta name=\"robots\" content=\"index, follow, max-snippet:-1, max-image-preview:large, max-video-preview:-1\" \/>\n<link rel=\"canonical\" href=\"https:\/\/anderskafka.cz\/eshop\/produkt\/skerjanc-wellnes-lehatko-siesta-brown\/\" \/>\n<meta property=\"og:locale\" content=\"cs_CZ\" \/>\n<meta property=\"og:type\" content=\"article\" \/>\n<meta property=\"og:title\" content=\"\u0160KERJANC wellness leh\u00e1tko siesta brown - Anders &amp; Kafka E-SHOP\" \/>\n<meta property=\"og:description\" content=\"Stylov\u00e9 wellness leh\u00e1tko Siesta brown je vyrobeno z um\u011bl\u00e9ho ratanu. S praktick\u00fdmi op\u011brkami na ruce a polohovatelnou z\u00e1dovou op\u011brkou.  \u0160kerjanc, slovinsk\u00fd v\u00fdrobce n\u00e1bytku s rozmanitou nab\u00eddkou produkt\u016f vyroben\u00fdch z nejr\u016fzn\u011bj\u0161\u00edch materi\u00e1l\u016f.\" \/>\n<meta property=\"og:url\" content=\"https:\/\/anderskafka.cz\/eshop\/produkt\/skerjanc-wellnes-lehatko-siesta-brown\/\" \/>\n<meta property=\"og:site_name\" content=\"Anders &amp; Kafka E-SHOP\" \/>\n<meta property=\"article:modified_time\" content=\"2026-05-12T10:13:27+00:00\" \/>\n<meta property=\"og:image\" content=\"https:\/\/anderskafka.cz\/eshop\/wp-content\/uploads\/sites\/3\/2026\/05\/28a1785d-9e65-4457-9fbc-59832880bb6a-1024x1024.png\" \/>\n\t<meta property=\"og:image:width\" content=\"1024\" \/>\n\t<meta property=\"og:image:height\" content=\"1024\" \/>\n\t<meta property=\"og:image:type\" content=\"image\/png\" \/>\n<meta name=\"twitter:card\" content=\"summary_large_image\" \/>\n<meta name=\"twitter:label1\" content=\"Odhadovan\u00e1 doba \u010dten\u00ed\" \/>\n\t<meta name=\"twitter:data1\" content=\"1 minuta\" \/>\n<script type=\"application\/ld+json\" class=\"yoast-schema-graph\">{\"@context\":\"https:\/\/schema.org\",\"@graph\":[{\"@type\":\"WebSite\",\"@id\":\"https:\/\/anderskafka.cz\/eshop\/#website\",\"url\":\"https:\/\/anderskafka.cz\/eshop\/\",\"name\":\"Anders &amp; Kafka E-SHOP\",\"description\":\"Anders &amp; Kafka E-SHOP\",\"potentialAction\":[{\"@type\":\"SearchAction\",\"target\":{\"@type\":\"EntryPoint\",\"urlTemplate\":\"https:\/\/anderskafka.cz\/eshop\/?s={search_term_string}\"},\"query-input\":\"required name=search_term_string\"}],\"inLanguage\":\"cs\"},{\"@type\":\"ImageObject\",\"@id\":\"https:\/\/anderskafka.cz\/eshop\/produkt\/skerjanc-wellnes-lehatko-siesta-brown\/#primaryimage\",\"inLanguage\":\"cs\",\"url\":\"https:\/\/anderskafka.cz\/eshop\/wp-content\/uploads\/sites\/3\/2026\/05\/28a1785d-9e65-4457-9fbc-59832880bb6a.png\",\"contentUrl\":\"https:\/\/anderskafka.cz\/eshop\/wp-content\/uploads\/sites\/3\/2026\/05\/28a1785d-9e65-4457-9fbc-59832880bb6a.png\",\"width\":1254,\"height\":1254},{\"@type\":\"WebPage\",\"@id\":\"https:\/\/anderskafka.cz\/eshop\/produkt\/skerjanc-wellnes-lehatko-siesta-brown\/#webpage\",\"url\":\"https:\/\/anderskafka.cz\/eshop\/produkt\/skerjanc-wellnes-lehatko-siesta-brown\/\",\"name\":\"\u0160KERJANC wellness leh\u00e1tko siesta brown - Anders &amp; Kafka E-SHOP\",\"isPartOf\":{\"@id\":\"https:\/\/anderskafka.cz\/eshop\/#website\"},\"primaryImageOfPage\":{\"@id\":\"https:\/\/anderskafka.cz\/eshop\/produkt\/skerjanc-wellnes-lehatko-siesta-brown\/#primaryimage\"},\"datePublished\":\"2026-05-06T10:04:35+00:00\",\"dateModified\":\"2026-05-12T10:13:27+00:00\",\"description\":\"Stylov\u00e9 wellness leh\u00e1tko Siesta brown je vyrobeno z um\u011bl\u00e9ho ratanu. S praktick\u00fdmi op\u011brkami na ruce a polohovatelnou z\u00e1dovou op\u011brkou. \u0160kerjanc, slovinsk\u00fd v\u00fdrobce n\u00e1bytku s rozmanitou nab\u00eddkou produkt\u016f vyroben\u00fdch z nejr\u016fzn\u011bj\u0161\u00edch materi\u00e1l\u016f.\",\"breadcrumb\":{\"@id\":\"https:\/\/anderskafka.cz\/eshop\/produkt\/skerjanc-wellnes-lehatko-siesta-brown\/#breadcrumb\"},\"inLanguage\":\"cs\",\"potentialAction\":[{\"@type\":\"ReadAction\",\"target\":[\"https:\/\/anderskafka.cz\/eshop\/produkt\/skerjanc-wellnes-lehatko-siesta-brown\/\"]}]},{\"@type\":\"BreadcrumbList\",\"@id\":\"https:\/\/anderskafka.cz\/eshop\/produkt\/skerjanc-wellnes-lehatko-siesta-brown\/#breadcrumb\",\"itemListElement\":[{\"@type\":\"ListItem\",\"position\":1,\"name\":\"Obchod\",\"item\":\"https:\/\/anderskafka.cz\/eshop\/obchod\/\"},{\"@type\":\"ListItem\",\"position\":2,\"name\":\"\u0160KERJANC wellness leh\u00e1tko siesta brown\"}]}]}<\/script>\n<!-- \/ Yoast SEO plugin. -->","yoast_head_json":{"title":"\u0160KERJANC wellness leh\u00e1tko siesta brown - Anders &amp; Kafka E-SHOP","description":"Stylov\u00e9 wellness leh\u00e1tko Siesta brown je vyrobeno z um\u011bl\u00e9ho ratanu. S praktick\u00fdmi op\u011brkami na ruce a polohovatelnou z\u00e1dovou op\u011brkou.  \u0160kerjanc, slovinsk\u00fd v\u00fdrobce n\u00e1bytku s rozmanitou nab\u00eddkou produkt\u016f vyroben\u00fdch z nejr\u016fzn\u011bj\u0161\u00edch materi\u00e1l\u016f.","robots":{"index":"index","follow":"follow","max-snippet":"max-snippet:-1","max-image-preview":"max-image-preview:large","max-video-preview":"max-video-preview:-1"},"canonical":"https:\/\/anderskafka.cz\/eshop\/produkt\/skerjanc-wellnes-lehatko-siesta-brown\/","og_locale":"cs_CZ","og_type":"article","og_title":"\u0160KERJANC wellness leh\u00e1tko siesta brown - Anders &amp; Kafka E-SHOP","og_description":"Stylov\u00e9 wellness leh\u00e1tko Siesta brown je vyrobeno z um\u011bl\u00e9ho ratanu. S praktick\u00fdmi op\u011brkami na ruce a polohovatelnou z\u00e1dovou op\u011brkou.  \u0160kerjanc, slovinsk\u00fd v\u00fdrobce n\u00e1bytku s rozmanitou nab\u00eddkou produkt\u016f vyroben\u00fdch z nejr\u016fzn\u011bj\u0161\u00edch materi\u00e1l\u016f.","og_url":"https:\/\/anderskafka.cz\/eshop\/produkt\/skerjanc-wellnes-lehatko-siesta-brown\/","og_site_name":"Anders &amp; Kafka E-SHOP","article_modified_time":"2026-05-12T10:13:27+00:00","og_image":[{"width":1024,"height":1024,"url":"https:\/\/anderskafka.cz\/eshop\/wp-content\/uploads\/sites\/3\/2026\/05\/28a1785d-9e65-4457-9fbc-59832880bb6a-1024x1024.png","type":"image\/png"}],"twitter_card":"summary_large_image","twitter_misc":{"Odhadovan\u00e1 doba \u010dten\u00ed":"1 minuta"},"schema":{"@context":"https:\/\/schema.org","@graph":[{"@type":"WebSite","@id":"https:\/\/anderskafka.cz\/eshop\/#website","url":"https:\/\/anderskafka.cz\/eshop\/","name":"Anders &amp; Kafka E-SHOP","description":"Anders &amp; Kafka E-SHOP","potentialAction":[{"@type":"SearchAction","target":{"@type":"EntryPoint","urlTemplate":"https:\/\/anderskafka.cz\/eshop\/?s={search_term_string}"},"query-input":"required name=search_term_string"}],"inLanguage":"cs"},{"@type":"ImageObject","@id":"https:\/\/anderskafka.cz\/eshop\/produkt\/skerjanc-wellnes-lehatko-siesta-brown\/#primaryimage","inLanguage":"cs","url":"https:\/\/anderskafka.cz\/eshop\/wp-content\/uploads\/sites\/3\/2026\/05\/28a1785d-9e65-4457-9fbc-59832880bb6a.png","contentUrl":"https:\/\/anderskafka.cz\/eshop\/wp-content\/uploads\/sites\/3\/2026\/05\/28a1785d-9e65-4457-9fbc-59832880bb6a.png","width":1254,"height":1254},{"@type":"WebPage","@id":"https:\/\/anderskafka.cz\/eshop\/produkt\/skerjanc-wellnes-lehatko-siesta-brown\/#webpage","url":"https:\/\/anderskafka.cz\/eshop\/produkt\/skerjanc-wellnes-lehatko-siesta-brown\/","name":"\u0160KERJANC wellness leh\u00e1tko siesta brown - Anders &amp; Kafka E-SHOP","isPartOf":{"@id":"https:\/\/anderskafka.cz\/eshop\/#website"},"primaryImageOfPage":{"@id":"https:\/\/anderskafka.cz\/eshop\/produkt\/skerjanc-wellnes-lehatko-siesta-brown\/#primaryimage"},"datePublished":"2026-05-06T10:04:35+00:00","dateModified":"2026-05-12T10:13:27+00:00","description":"Stylov\u00e9 wellness leh\u00e1tko Siesta brown je vyrobeno z um\u011bl\u00e9ho ratanu. S praktick\u00fdmi op\u011brkami na ruce a polohovatelnou z\u00e1dovou op\u011brkou. \u0160kerjanc, slovinsk\u00fd v\u00fdrobce n\u00e1bytku s rozmanitou nab\u00eddkou produkt\u016f vyroben\u00fdch z nejr\u016fzn\u011bj\u0161\u00edch materi\u00e1l\u016f.","breadcrumb":{"@id":"https:\/\/anderskafka.cz\/eshop\/produkt\/skerjanc-wellnes-lehatko-siesta-brown\/#breadcrumb"},"inLanguage":"cs","potentialAction":[{"@type":"ReadAction","target":["https:\/\/anderskafka.cz\/eshop\/produkt\/skerjanc-wellnes-lehatko-siesta-brown\/"]}]},{"@type":"BreadcrumbList","@id":"https:\/\/anderskafka.cz\/eshop\/produkt\/skerjanc-wellnes-lehatko-siesta-brown\/#breadcrumb","itemListElement":[{"@type":"ListItem","position":1,"name":"Obchod","item":"https:\/\/anderskafka.cz\/eshop\/obchod\/"},{"@type":"ListItem","position":2,"name":"\u0160KERJANC wellness leh\u00e1tko siesta brown"}]}]}},"locations":[],"_links":{"self":[{"href":"https:\/\/anderskafka.cz\/eshop\/wp-json\/wp\/v2\/product\/15651"}],"collection":[{"href":"https:\/\/anderskafka.cz\/eshop\/wp-json\/wp\/v2\/product"}],"about":[{"href":"https:\/\/anderskafka.cz\/eshop\/wp-json\/wp\/v2\/types\/product"}],"replies":[{"embeddable":true,"href":"https:\/\/anderskafka.cz\/eshop\/wp-json\/wp\/v2\/comments?post=15651"}],"wp:featuredmedia":[{"embeddable":true,"href":"https:\/\/anderskafka.cz\/eshop\/wp-json\/wp\/v2\/media\/15655"}],"wp:attachment":[{"href":"https:\/\/anderskafka.cz\/eshop\/wp-json\/wp\/v2\/media?parent=15651"}],"wp:term":[{"taxonomy":"location","embeddable":true,"href":"https:\/\/anderskafka.cz\/eshop\/wp-json\/wp\/v2\/location?post=15651"},{"taxonomy":"product_cat","embeddable":true,"href":"https:\/\/anderskafka.cz\/eshop\/wp-json\/wp\/v2\/product_cat?post=15651"},{"taxonomy":"product_tag","embeddable":true,"href":"https:\/\/anderskafka.cz\/eshop\/wp-json\/wp\/v2\/product_tag?post=15651"}],"curies":[{"name":"wp","href":"https:\/\/api.w.org\/{rel}","templated":true}]}}