{"id":1686,"date":"2023-02-02T13:46:13","date_gmt":"2023-02-02T12:46:13","guid":{"rendered":"https:\/\/anderskafka.cz\/eshop\/?post_type=product&#038;p=1686"},"modified":"2025-12-22T18:41:30","modified_gmt":"2025-12-22T17:41:30","slug":"veba-kvalitni-funkcni-zupan-bily-prowell","status":"publish","type":"product","link":"https:\/\/anderskafka.cz\/eshop\/produkt\/veba-kvalitni-funkcni-zupan-bily-prowell\/","title":{"rendered":"VEBA kvalitn\u00ed funk\u010dn\u00ed \u017eupan prowell b\u00edl\u00fd"},"content":{"rendered":"<p>\u017dupan PROWELL doporu\u010dujeme v\u0161ude tam, kde \u010dlov\u011bk p\u0159ich\u00e1z\u00ed do styku s vodou, chce se osu\u0161it a p\u0159itom si zachovat p\u0159\u00edjemn\u00fd pocit sucha a tepla. V\u00fdrobky Prowell jsou vhodn\u00e9 k baz\u00e9nu, do sauny i wellnes, a jist\u011b p\u0159isp\u011bj\u00ed i k dobr\u00e9 pohod\u011b doma po ka\u017edodenn\u00ed koupeli. St\u0159ih tohoto \u017eupanu je se \u0161\u00e1lov\u00fdm l\u00edmcem a je vhodn\u00fd jak pro mu\u017ee, tak i pro \u017eeny.<br \/>\nP\u0159i p\u00e9\u010di o \u017eupan se \u0159i\u010fte o\u0161et\u0159ovac\u00edmi symboly uveden\u00fdmi na \u017eupanu.<\/p>\n","protected":false},"excerpt":{"rendered":"<p style=\"text-align: left;\">Luxusn\u00ed funk\u010dn\u00ed frot\u00e9 \u017eupan PROWELL doporu\u010dujeme v\u0161em, kte\u0159\u00ed si cht\u011bj\u00ed hned po koupeli zachovat p\u0159\u00edjemn\u00fd pocit sucha a tepla. Univerz\u00e1ln\u00ed st\u0159ih pro \u017eenu i pro mu\u017ee.<br \/>\nVyrobeno v \u010cech\u00e1ch spole\u010dnost\u00ed Veba s tradic\u00ed v\u00fdroby kvalitn\u00edch textili\u00ed od roku 1856.<\/p>\n<p>&nbsp;<\/p>\n<table border=\"0\" width=\"497\" cellspacing=\"0\" cellpadding=\"0\">\n<colgroup>\n<col width=\"132\" \/>\n<col span=\"5\" width=\"73\" \/><\/colgroup>\n<tbody>\n<tr>\n<td class=\"xl63\" width=\"132\" height=\"21\"><strong>Velikosti \u017eupan\u016f:<\/strong><\/td>\n<td class=\"xl67\" width=\"73\"><\/td>\n<td class=\"xl67\" width=\"73\"><\/td>\n<td class=\"xl67\" width=\"73\"><\/td>\n<td class=\"xl67\" width=\"73\"><\/td>\n<td class=\"xl67\" width=\"73\"><\/td>\n<\/tr>\n<tr>\n<td class=\"xl64\" height=\"20\"><\/td>\n<td class=\"xl71\"><strong>S<\/strong><\/td>\n<td class=\"xl71\"><strong>M<\/strong><\/td>\n<td class=\"xl71\"><strong>L<\/strong><\/td>\n<td class=\"xl71\"><strong>XL<\/strong><\/td>\n<td class=\"xl68\"><strong>XXL<\/strong><\/td>\n<\/tr>\n<tr>\n<td class=\"xl65\" height=\"20\"><strong>Obvod \u017eupanu<\/strong><\/td>\n<td class=\"xl72\">152<\/td>\n<td class=\"xl72\">156<\/td>\n<td class=\"xl72\">160<\/td>\n<td class=\"xl72\">164<\/td>\n<td class=\"xl69\">168<\/td>\n<\/tr>\n<tr>\n<td class=\"xl65\" height=\"20\"><strong>\u0160\u00ed\u0159e zad<\/strong><\/td>\n<td class=\"xl72\">68<\/td>\n<td class=\"xl72\">70<\/td>\n<td class=\"xl72\">72<\/td>\n<td class=\"xl72\">74<\/td>\n<td class=\"xl69\">76<\/td>\n<\/tr>\n<tr>\n<td class=\"xl65\" height=\"20\"><strong>D\u00e9lka ruk\u00e1vu<\/strong><\/td>\n<td class=\"xl72\">77<\/td>\n<td class=\"xl72\">80<\/td>\n<td class=\"xl72\">83<\/td>\n<td class=\"xl72\">86<\/td>\n<td class=\"xl69\">89<\/td>\n<\/tr>\n<tr>\n<td class=\"xl66\" height=\"21\"><strong>D\u00e9lka \u017eupanu<\/strong><\/td>\n<td class=\"xl73\">110<\/td>\n<td class=\"xl73\">115<\/td>\n<td class=\"xl73\">120<\/td>\n<td class=\"xl73\">125<\/td>\n<td class=\"xl70\">130<\/td>\n<\/tr>\n<\/tbody>\n<\/table>\n<p style=\"text-align: left;\"><img loading=\"lazy\" class=\"size-full wp-image-1674 aligncenter\" src=\"https:\/\/anderskafka.cz\/eshop\/wp-content\/uploads\/sites\/3\/2023\/02\/01-veba-tradicni-cesky-vyrobce.png\" alt=\"\" width=\"200\" height=\"200\" srcset=\"https:\/\/anderskafka.cz\/eshop\/wp-content\/uploads\/sites\/3\/2023\/02\/01-veba-tradicni-cesky-vyrobce.png 200w, https:\/\/anderskafka.cz\/eshop\/wp-content\/uploads\/sites\/3\/2023\/02\/01-veba-tradicni-cesky-vyrobce-150x150.png 150w, https:\/\/anderskafka.cz\/eshop\/wp-content\/uploads\/sites\/3\/2023\/02\/01-veba-tradicni-cesky-vyrobce-100x100.png 100w, https:\/\/anderskafka.cz\/eshop\/wp-content\/uploads\/sites\/3\/2023\/02\/01-veba-tradicni-cesky-vyrobce-64x64.png 64w\" sizes=\"(max-width: 200px) 100vw, 200px\" \/><\/p>\n","protected":false},"featured_media":1672,"comment_status":"open","ping_status":"closed","template":"","meta":{"site-sidebar-layout":"default","site-content-layout":"default","ast-main-header-display":"","ast-hfb-above-header-display":"","ast-hfb-below-header-display":"","ast-hfb-mobile-header-display":"","site-post-title":"","ast-breadcrumbs-content":"","ast-featured-img":"","footer-sml-layout":"","theme-transparent-header-meta":"","adv-header-id-meta":"","stick-header-meta":"","header-above-stick-meta":"","header-main-stick-meta":"","header-below-stick-meta":""},"location":[],"product_cat":[1493,32],"product_tag":[519],"yoast_head":"<!-- This site is optimized with the Yoast SEO plugin v18.5.1 - https:\/\/yoast.com\/wordpress\/plugins\/seo\/ -->\n<title>VEBA kvalitn\u00ed funk\u010dn\u00ed \u017eupan prowell b\u00edl\u00fd - Anders &amp; Kafka E-SHOP<\/title>\n<meta name=\"description\" content=\"Luxusn\u00ed funk\u010dn\u00ed frot\u00e9 \u017eupan PROWELL doporu\u010dujeme v\u0161em, kte\u0159\u00ed si cht\u011bj\u00ed hned po koupeli zachovat p\u0159\u00edjemn\u00fd pocit sucha a tepla. Univerz\u00e1ln\u00ed st\u0159ih pro \u017eenu i pro mu\u017ee. Vyrobeno v \u010cech\u00e1ch spole\u010dnost\u00ed Veba s tradic\u00ed v\u00fdroby kvalitn\u00edch textili\u00ed od roku 1856. &nbsp;     Velikosti \u017eupan\u016f:         S M L XL XXL   Obvod \u017eupanu 152 156 160 164 168   \u0160\u00ed\u0159e zad 68 70 72 74 76   D\u00e9lka ruk\u00e1vu 77 80 83 86 89   D\u00e9lka \u017eupanu 110 115 120 125 130\" \/>\n<meta name=\"robots\" content=\"index, follow, max-snippet:-1, max-image-preview:large, max-video-preview:-1\" \/>\n<link rel=\"canonical\" href=\"https:\/\/anderskafka.cz\/eshop\/produkt\/veba-kvalitni-funkcni-zupan-bily-prowell\/\" \/>\n<meta property=\"og:locale\" content=\"cs_CZ\" \/>\n<meta property=\"og:type\" content=\"article\" \/>\n<meta property=\"og:title\" content=\"VEBA kvalitn\u00ed funk\u010dn\u00ed \u017eupan prowell b\u00edl\u00fd - Anders &amp; Kafka E-SHOP\" \/>\n<meta property=\"og:description\" content=\"Luxusn\u00ed funk\u010dn\u00ed frot\u00e9 \u017eupan PROWELL doporu\u010dujeme v\u0161em, kte\u0159\u00ed si cht\u011bj\u00ed hned po koupeli zachovat p\u0159\u00edjemn\u00fd pocit sucha a tepla. Univerz\u00e1ln\u00ed st\u0159ih pro \u017eenu i pro mu\u017ee. Vyrobeno v \u010cech\u00e1ch spole\u010dnost\u00ed Veba s tradic\u00ed v\u00fdroby kvalitn\u00edch textili\u00ed od roku 1856. &nbsp;     Velikosti \u017eupan\u016f:         S M L XL XXL   Obvod \u017eupanu 152 156 160 164 168   \u0160\u00ed\u0159e zad 68 70 72 74 76   D\u00e9lka ruk\u00e1vu 77 80 83 86 89   D\u00e9lka \u017eupanu 110 115 120 125 130\" \/>\n<meta property=\"og:url\" content=\"https:\/\/anderskafka.cz\/eshop\/produkt\/veba-kvalitni-funkcni-zupan-bily-prowell\/\" \/>\n<meta property=\"og:site_name\" content=\"Anders &amp; Kafka E-SHOP\" \/>\n<meta property=\"article:modified_time\" content=\"2025-12-22T17:41:30+00:00\" \/>\n<meta property=\"og:image\" content=\"https:\/\/anderskafka.cz\/eshop\/wp-content\/uploads\/sites\/3\/2023\/02\/VEBA-ZUP-PROWELL-BILA-Velky.jpeg\" \/>\n\t<meta property=\"og:image:width\" content=\"852\" \/>\n\t<meta property=\"og:image:height\" content=\"1280\" \/>\n\t<meta property=\"og:image:type\" content=\"image\/jpeg\" \/>\n<meta name=\"twitter:card\" content=\"summary_large_image\" \/>\n<meta name=\"twitter:label1\" content=\"Odhadovan\u00e1 doba \u010dten\u00ed\" \/>\n\t<meta name=\"twitter:data1\" content=\"1 minuta\" \/>\n<script type=\"application\/ld+json\" class=\"yoast-schema-graph\">{\"@context\":\"https:\/\/schema.org\",\"@graph\":[{\"@type\":\"WebSite\",\"@id\":\"https:\/\/anderskafka.cz\/eshop\/#website\",\"url\":\"https:\/\/anderskafka.cz\/eshop\/\",\"name\":\"Anders &amp; Kafka E-SHOP\",\"description\":\"Anders &amp; Kafka E-SHOP\",\"potentialAction\":[{\"@type\":\"SearchAction\",\"target\":{\"@type\":\"EntryPoint\",\"urlTemplate\":\"https:\/\/anderskafka.cz\/eshop\/?s={search_term_string}\"},\"query-input\":\"required name=search_term_string\"}],\"inLanguage\":\"cs\"},{\"@type\":\"ImageObject\",\"@id\":\"https:\/\/anderskafka.cz\/eshop\/produkt\/veba-kvalitni-funkcni-zupan-bily-prowell\/#primaryimage\",\"inLanguage\":\"cs\",\"url\":\"https:\/\/anderskafka.cz\/eshop\/wp-content\/uploads\/sites\/3\/2023\/02\/VEBA-ZUP-PROWELL-BILA-Velky.jpeg\",\"contentUrl\":\"https:\/\/anderskafka.cz\/eshop\/wp-content\/uploads\/sites\/3\/2023\/02\/VEBA-ZUP-PROWELL-BILA-Velky.jpeg\",\"width\":852,\"height\":1280},{\"@type\":\"WebPage\",\"@id\":\"https:\/\/anderskafka.cz\/eshop\/produkt\/veba-kvalitni-funkcni-zupan-bily-prowell\/#webpage\",\"url\":\"https:\/\/anderskafka.cz\/eshop\/produkt\/veba-kvalitni-funkcni-zupan-bily-prowell\/\",\"name\":\"VEBA kvalitn\u00ed funk\u010dn\u00ed \u017eupan prowell b\u00edl\u00fd - Anders &amp; Kafka E-SHOP\",\"isPartOf\":{\"@id\":\"https:\/\/anderskafka.cz\/eshop\/#website\"},\"primaryImageOfPage\":{\"@id\":\"https:\/\/anderskafka.cz\/eshop\/produkt\/veba-kvalitni-funkcni-zupan-bily-prowell\/#primaryimage\"},\"datePublished\":\"2023-02-02T12:46:13+00:00\",\"dateModified\":\"2025-12-22T17:41:30+00:00\",\"description\":\"Luxusn\u00ed funk\u010dn\u00ed frot\u00e9 \u017eupan PROWELL doporu\u010dujeme v\u0161em, kte\u0159\u00ed si cht\u011bj\u00ed hned po koupeli zachovat p\u0159\u00edjemn\u00fd pocit sucha a tepla. Univerz\u00e1ln\u00ed st\u0159ih pro \u017eenu i pro mu\u017ee. Vyrobeno v \u010cech\u00e1ch spole\u010dnost\u00ed Veba s tradic\u00ed v\u00fdroby kvalitn\u00edch textili\u00ed od roku 1856. &nbsp; Velikosti \u017eupan\u016f: S M L XL XXL Obvod \u017eupanu 152 156 160 164 168 \u0160\u00ed\u0159e zad 68 70 72 74 76 D\u00e9lka ruk\u00e1vu 77 80 83 86 89 D\u00e9lka \u017eupanu 110 115 120 125 130\",\"breadcrumb\":{\"@id\":\"https:\/\/anderskafka.cz\/eshop\/produkt\/veba-kvalitni-funkcni-zupan-bily-prowell\/#breadcrumb\"},\"inLanguage\":\"cs\",\"potentialAction\":[{\"@type\":\"ReadAction\",\"target\":[\"https:\/\/anderskafka.cz\/eshop\/produkt\/veba-kvalitni-funkcni-zupan-bily-prowell\/\"]}]},{\"@type\":\"BreadcrumbList\",\"@id\":\"https:\/\/anderskafka.cz\/eshop\/produkt\/veba-kvalitni-funkcni-zupan-bily-prowell\/#breadcrumb\",\"itemListElement\":[{\"@type\":\"ListItem\",\"position\":1,\"name\":\"Obchod\",\"item\":\"https:\/\/anderskafka.cz\/eshop\/obchod\/\"},{\"@type\":\"ListItem\",\"position\":2,\"name\":\"VEBA kvalitn\u00ed funk\u010dn\u00ed \u017eupan prowell b\u00edl\u00fd\"}]}]}<\/script>\n<!-- \/ Yoast SEO plugin. -->","yoast_head_json":{"title":"VEBA kvalitn\u00ed funk\u010dn\u00ed \u017eupan prowell b\u00edl\u00fd - Anders &amp; Kafka E-SHOP","description":"Luxusn\u00ed funk\u010dn\u00ed frot\u00e9 \u017eupan PROWELL doporu\u010dujeme v\u0161em, kte\u0159\u00ed si cht\u011bj\u00ed hned po koupeli zachovat p\u0159\u00edjemn\u00fd pocit sucha a tepla. Univerz\u00e1ln\u00ed st\u0159ih pro \u017eenu i pro mu\u017ee. Vyrobeno v \u010cech\u00e1ch spole\u010dnost\u00ed Veba s tradic\u00ed v\u00fdroby kvalitn\u00edch textili\u00ed od roku 1856. &nbsp;     Velikosti \u017eupan\u016f:         S M L XL XXL   Obvod \u017eupanu 152 156 160 164 168   \u0160\u00ed\u0159e zad 68 70 72 74 76   D\u00e9lka ruk\u00e1vu 77 80 83 86 89   D\u00e9lka \u017eupanu 110 115 120 125 130","robots":{"index":"index","follow":"follow","max-snippet":"max-snippet:-1","max-image-preview":"max-image-preview:large","max-video-preview":"max-video-preview:-1"},"canonical":"https:\/\/anderskafka.cz\/eshop\/produkt\/veba-kvalitni-funkcni-zupan-bily-prowell\/","og_locale":"cs_CZ","og_type":"article","og_title":"VEBA kvalitn\u00ed funk\u010dn\u00ed \u017eupan prowell b\u00edl\u00fd - Anders &amp; Kafka E-SHOP","og_description":"Luxusn\u00ed funk\u010dn\u00ed frot\u00e9 \u017eupan PROWELL doporu\u010dujeme v\u0161em, kte\u0159\u00ed si cht\u011bj\u00ed hned po koupeli zachovat p\u0159\u00edjemn\u00fd pocit sucha a tepla. Univerz\u00e1ln\u00ed st\u0159ih pro \u017eenu i pro mu\u017ee. Vyrobeno v \u010cech\u00e1ch spole\u010dnost\u00ed Veba s tradic\u00ed v\u00fdroby kvalitn\u00edch textili\u00ed od roku 1856. &nbsp;     Velikosti \u017eupan\u016f:         S M L XL XXL   Obvod \u017eupanu 152 156 160 164 168   \u0160\u00ed\u0159e zad 68 70 72 74 76   D\u00e9lka ruk\u00e1vu 77 80 83 86 89   D\u00e9lka \u017eupanu 110 115 120 125 130","og_url":"https:\/\/anderskafka.cz\/eshop\/produkt\/veba-kvalitni-funkcni-zupan-bily-prowell\/","og_site_name":"Anders &amp; Kafka E-SHOP","article_modified_time":"2025-12-22T17:41:30+00:00","og_image":[{"width":852,"height":1280,"url":"https:\/\/anderskafka.cz\/eshop\/wp-content\/uploads\/sites\/3\/2023\/02\/VEBA-ZUP-PROWELL-BILA-Velky.jpeg","type":"image\/jpeg"}],"twitter_card":"summary_large_image","twitter_misc":{"Odhadovan\u00e1 doba \u010dten\u00ed":"1 minuta"},"schema":{"@context":"https:\/\/schema.org","@graph":[{"@type":"WebSite","@id":"https:\/\/anderskafka.cz\/eshop\/#website","url":"https:\/\/anderskafka.cz\/eshop\/","name":"Anders &amp; Kafka E-SHOP","description":"Anders &amp; Kafka E-SHOP","potentialAction":[{"@type":"SearchAction","target":{"@type":"EntryPoint","urlTemplate":"https:\/\/anderskafka.cz\/eshop\/?s={search_term_string}"},"query-input":"required name=search_term_string"}],"inLanguage":"cs"},{"@type":"ImageObject","@id":"https:\/\/anderskafka.cz\/eshop\/produkt\/veba-kvalitni-funkcni-zupan-bily-prowell\/#primaryimage","inLanguage":"cs","url":"https:\/\/anderskafka.cz\/eshop\/wp-content\/uploads\/sites\/3\/2023\/02\/VEBA-ZUP-PROWELL-BILA-Velky.jpeg","contentUrl":"https:\/\/anderskafka.cz\/eshop\/wp-content\/uploads\/sites\/3\/2023\/02\/VEBA-ZUP-PROWELL-BILA-Velky.jpeg","width":852,"height":1280},{"@type":"WebPage","@id":"https:\/\/anderskafka.cz\/eshop\/produkt\/veba-kvalitni-funkcni-zupan-bily-prowell\/#webpage","url":"https:\/\/anderskafka.cz\/eshop\/produkt\/veba-kvalitni-funkcni-zupan-bily-prowell\/","name":"VEBA kvalitn\u00ed funk\u010dn\u00ed \u017eupan prowell b\u00edl\u00fd - Anders &amp; Kafka E-SHOP","isPartOf":{"@id":"https:\/\/anderskafka.cz\/eshop\/#website"},"primaryImageOfPage":{"@id":"https:\/\/anderskafka.cz\/eshop\/produkt\/veba-kvalitni-funkcni-zupan-bily-prowell\/#primaryimage"},"datePublished":"2023-02-02T12:46:13+00:00","dateModified":"2025-12-22T17:41:30+00:00","description":"Luxusn\u00ed funk\u010dn\u00ed frot\u00e9 \u017eupan PROWELL doporu\u010dujeme v\u0161em, kte\u0159\u00ed si cht\u011bj\u00ed hned po koupeli zachovat p\u0159\u00edjemn\u00fd pocit sucha a tepla. Univerz\u00e1ln\u00ed st\u0159ih pro \u017eenu i pro mu\u017ee. Vyrobeno v \u010cech\u00e1ch spole\u010dnost\u00ed Veba s tradic\u00ed v\u00fdroby kvalitn\u00edch textili\u00ed od roku 1856. &nbsp; Velikosti \u017eupan\u016f: S M L XL XXL Obvod \u017eupanu 152 156 160 164 168 \u0160\u00ed\u0159e zad 68 70 72 74 76 D\u00e9lka ruk\u00e1vu 77 80 83 86 89 D\u00e9lka \u017eupanu 110 115 120 125 130","breadcrumb":{"@id":"https:\/\/anderskafka.cz\/eshop\/produkt\/veba-kvalitni-funkcni-zupan-bily-prowell\/#breadcrumb"},"inLanguage":"cs","potentialAction":[{"@type":"ReadAction","target":["https:\/\/anderskafka.cz\/eshop\/produkt\/veba-kvalitni-funkcni-zupan-bily-prowell\/"]}]},{"@type":"BreadcrumbList","@id":"https:\/\/anderskafka.cz\/eshop\/produkt\/veba-kvalitni-funkcni-zupan-bily-prowell\/#breadcrumb","itemListElement":[{"@type":"ListItem","position":1,"name":"Obchod","item":"https:\/\/anderskafka.cz\/eshop\/obchod\/"},{"@type":"ListItem","position":2,"name":"VEBA kvalitn\u00ed funk\u010dn\u00ed \u017eupan prowell b\u00edl\u00fd"}]}]}},"locations":[],"_links":{"self":[{"href":"https:\/\/anderskafka.cz\/eshop\/wp-json\/wp\/v2\/product\/1686"}],"collection":[{"href":"https:\/\/anderskafka.cz\/eshop\/wp-json\/wp\/v2\/product"}],"about":[{"href":"https:\/\/anderskafka.cz\/eshop\/wp-json\/wp\/v2\/types\/product"}],"replies":[{"embeddable":true,"href":"https:\/\/anderskafka.cz\/eshop\/wp-json\/wp\/v2\/comments?post=1686"}],"wp:featuredmedia":[{"embeddable":true,"href":"https:\/\/anderskafka.cz\/eshop\/wp-json\/wp\/v2\/media\/1672"}],"wp:attachment":[{"href":"https:\/\/anderskafka.cz\/eshop\/wp-json\/wp\/v2\/media?parent=1686"}],"wp:term":[{"taxonomy":"location","embeddable":true,"href":"https:\/\/anderskafka.cz\/eshop\/wp-json\/wp\/v2\/location?post=1686"},{"taxonomy":"product_cat","embeddable":true,"href":"https:\/\/anderskafka.cz\/eshop\/wp-json\/wp\/v2\/product_cat?post=1686"},{"taxonomy":"product_tag","embeddable":true,"href":"https:\/\/anderskafka.cz\/eshop\/wp-json\/wp\/v2\/product_tag?post=1686"}],"curies":[{"name":"wp","href":"https:\/\/api.w.org\/{rel}","templated":true}]}}