{"id":1693,"date":"2023-02-02T14:01:46","date_gmt":"2023-02-02T13:01:46","guid":{"rendered":"https:\/\/anderskafka.cz\/eshop\/?post_type=product&#038;p=1693"},"modified":"2026-03-26T08:15:47","modified_gmt":"2026-03-26T07:15:47","slug":"veba-kvalitni-pansky-frote-zupan-ze-100-bavlny-bily","status":"publish","type":"product","link":"https:\/\/anderskafka.cz\/eshop\/produkt\/veba-kvalitni-pansky-frote-zupan-ze-100-bavlny-bily\/","title":{"rendered":"VEBA kvalitn\u00ed p\u00e1nsk\u00fd frot\u00e9 \u017eupan ze 100% bavlny b\u00edl\u00fd"},"content":{"rendered":"<p>Obl\u00edben\u00fd p\u00e1nsk\u00fd frot\u00e9 \u017eupan se \u0161\u00e1lov\u00fdm l\u00edmcem dopln\u011bn\u00fd sat\u00e9novou v\u00fdpustkou. Sav\u00fd, m\u011bkk\u00fd a p\u0159\u00edjemn\u011b h\u0159ejiv\u00fd frot\u00e9 materi\u00e1l. P\u00e1nsk\u00fd \u017eupan, kter\u00fd osu\u0161\u00ed nebo p\u0159\u00edjemn\u011b zah\u0159eje.<br \/>\nP\u0159i p\u00e9\u010di o \u017eupan se \u0159i\u010fte o\u0161et\u0159ovac\u00edmi symboly uveden\u00fdmi na \u017eupanu.<\/p>\n<p style=\"font-weight: 400\"><strong>Jak se spr\u00e1vn\u011b zm\u011b\u0159it?<\/strong><\/p>\n<ul>\n<li>m\u00edry uveden\u00e9 v tabulce, odpov\u00eddaj\u00ed postav\u011b, nikoliv rozm\u011br\u016fm zbo\u017e\u00ed<\/li>\n<li>m\u011b\u0159te se pomoc\u00ed krej\u010dovsk\u00e9ho metru<\/li>\n<li>m\u011b\u0159te se zlehka na volno, ne na t\u011bsno, m\u011b\u0159te se p\u0159es nejpln\u011bj\u0161\u00ed \u010d\u00e1st t\u011bla<\/li>\n<\/ul>\n<p style=\"font-weight: 400\"><strong>Jak\u00e9 m\u00edry pot\u0159ebujete?<\/strong><\/p>\n<ul>\n<li>V\u00fd\u0161ka postavy &#8211; celkov\u00e1 v\u00fd\u0161ka postavy, doporu\u010dujeme V\u00e1m pomoc t\u0159et\u00ed osoby a m\u011b\u0159en\u00ed u zdi. St\u016fjte vzp\u0159\u00edmen\u011b, s patami u sebe.<\/li>\n<li>Obvod hrudn\u00edku &#8211; m\u011b\u0159te v nej\u0161ir\u0161\u00ed \u010d\u00e1sti zad a hrudn\u00edku.<\/li>\n<li>Obvod pasu &#8211; chodidla m\u011bjte u sebe, uvoln\u011bte b\u0159icho &#8211; m\u011b\u0159te neju\u017e\u0161\u00ed m\u00edsto v pase (cca 3cm nad pup\u00edkem).<\/li>\n<li>Obvod sedu &#8211; m\u011b\u0159te nej\u0161ir\u0161\u00ed \u010d\u00e1sti Va\u0161ich bok\u016f, p\u0159es ky\u010deln\u00ed kosti.<\/li>\n<li>D\u00e9lka ruk\u00e1vu &#8211; p\u0159i m\u011b\u0159en\u00ed m\u011bjte ruku svisle dol\u016f, m\u00edrn\u011b pokr\u010denou v lokti. Centimetr ve\u010fte od ramena p\u0159es loket k z\u00e1p\u011bst\u00ed.<\/li>\n<\/ul>\n","protected":false},"excerpt":{"rendered":"<p>Obl\u00edben\u00fd p\u00e1nsk\u00fd frot\u00e9 \u017eupan se \u0161\u00e1lov\u00fdm l\u00edmcem dopln\u011bn\u00fd sat\u00e9novou v\u00fdpustkou.<br \/>\nVyrobeno v \u010cech\u00e1ch spole\u010dnost\u00ed Veba s tradic\u00ed v\u00fdroby kvalitn\u00edch textili\u00ed od roku 1856.<\/p>\n<p>&nbsp;<\/p>\n<p><img loading=\"lazy\" class=\"size-full wp-image-1674 aligncenter\" src=\"https:\/\/anderskafka.cz\/eshop\/wp-content\/uploads\/sites\/3\/2023\/02\/01-veba-tradicni-cesky-vyrobce.png\" alt=\"\" width=\"200\" height=\"200\" srcset=\"https:\/\/anderskafka.cz\/eshop\/wp-content\/uploads\/sites\/3\/2023\/02\/01-veba-tradicni-cesky-vyrobce.png 200w, https:\/\/anderskafka.cz\/eshop\/wp-content\/uploads\/sites\/3\/2023\/02\/01-veba-tradicni-cesky-vyrobce-150x150.png 150w, https:\/\/anderskafka.cz\/eshop\/wp-content\/uploads\/sites\/3\/2023\/02\/01-veba-tradicni-cesky-vyrobce-100x100.png 100w, https:\/\/anderskafka.cz\/eshop\/wp-content\/uploads\/sites\/3\/2023\/02\/01-veba-tradicni-cesky-vyrobce-64x64.png 64w\" sizes=\"(max-width: 200px) 100vw, 200px\" \/><\/p>\n<p>&nbsp;<\/p>\n<p style=\"font-weight: 400\"><strong>P\u00e1nsk\u00e9 velikosti \u017eupan\u016f<\/strong><\/p>\n<table style=\"font-weight: 400\">\n<tbody>\n<tr>\n<td width=\"167\"><strong>Velikost [cm]<\/strong><\/td>\n<td width=\"81\">S<\/p>\n<p>44\/46<\/td>\n<td width=\"83\">M<\/p>\n<p>48\/50<\/td>\n<td width=\"84\">L<\/p>\n<p>52\/54<\/td>\n<td width=\"79\">XL<\/p>\n<p>56\/58<\/td>\n<td width=\"81\">XXL<\/p>\n<p>60\/62<\/td>\n<\/tr>\n<tr>\n<td width=\"167\"><strong>V\u00fd\u0161ka postavy<\/strong><\/td>\n<td width=\"81\">168-171<\/td>\n<td width=\"83\">174-177<\/td>\n<td width=\"84\">180-182<\/td>\n<td width=\"79\">184-186<\/td>\n<td width=\"81\">188-190<\/td>\n<\/tr>\n<tr>\n<td width=\"167\"><strong>Obvod hrudn\u00edku<\/strong><\/td>\n<td width=\"81\">90<\/td>\n<td width=\"83\">98<\/td>\n<td width=\"84\">106<\/td>\n<td width=\"79\">114<\/td>\n<td width=\"81\">122<\/td>\n<\/tr>\n<tr>\n<td width=\"167\"><strong>Obvod pasu<\/strong><\/td>\n<td width=\"81\">80<\/td>\n<td width=\"83\">88<\/td>\n<td width=\"84\">96<\/td>\n<td width=\"79\">104<\/td>\n<td width=\"81\">112<\/td>\n<\/tr>\n<tr>\n<td width=\"167\"><strong>Obvod sedu<\/strong><\/td>\n<td width=\"81\">94<\/td>\n<td width=\"83\">102<\/td>\n<td width=\"84\">110<\/td>\n<td width=\"79\">118<\/td>\n<td width=\"81\">126<\/td>\n<\/tr>\n<\/tbody>\n<\/table>\n<p>&nbsp;<\/p>\n","protected":false},"featured_media":5409,"comment_status":"open","ping_status":"closed","template":"","meta":{"site-sidebar-layout":"default","site-content-layout":"default","ast-main-header-display":"","ast-hfb-above-header-display":"","ast-hfb-below-header-display":"","ast-hfb-mobile-header-display":"","site-post-title":"","ast-breadcrumbs-content":"","ast-featured-img":"","footer-sml-layout":"","theme-transparent-header-meta":"","adv-header-id-meta":"","stick-header-meta":"","header-above-stick-meta":"","header-main-stick-meta":"","header-below-stick-meta":""},"location":[],"product_cat":[32],"product_tag":[519],"yoast_head":"<!-- This site is optimized with the Yoast SEO plugin v18.5.1 - https:\/\/yoast.com\/wordpress\/plugins\/seo\/ -->\n<title>VEBA kvalitn\u00ed p\u00e1nsk\u00fd frot\u00e9 \u017eupan ze 100% bavlny b\u00edl\u00fd - Anders &amp; Kafka E-SHOP<\/title>\n<meta name=\"description\" content=\"Obl\u00edben\u00fd p\u00e1nsk\u00fd frot\u00e9 \u017eupan se \u0161\u00e1lov\u00fdm l\u00edmcem dopln\u011bn\u00fd sat\u00e9novou v\u00fdpustkou. Vyrobeno v \u010cech\u00e1ch spole\u010dnost\u00ed Veba s tradic\u00ed v\u00fdroby kvalitn\u00edch textili\u00ed od roku 1856.  &nbsp;    &nbsp; P\u00e1nsk\u00e9 velikosti \u017eupan\u016f     Velikost  S  44\/46 M  48\/50 L  52\/54 XL  56\/58 XXL  60\/62   V\u00fd\u0161ka postavy 168-171 174-177 180-182 184-186 188-190   Obvod hrudn\u00edku 90 98 106 114 122   Obvod pasu 80 88 96 104 112   Obvod sedu 94 102 110 118 126    &nbsp;\" \/>\n<meta name=\"robots\" content=\"index, follow, max-snippet:-1, max-image-preview:large, max-video-preview:-1\" \/>\n<link rel=\"canonical\" href=\"https:\/\/anderskafka.cz\/eshop\/produkt\/veba-kvalitni-pansky-frote-zupan-ze-100-bavlny-bily\/\" \/>\n<meta property=\"og:locale\" content=\"cs_CZ\" \/>\n<meta property=\"og:type\" content=\"article\" \/>\n<meta property=\"og:title\" content=\"VEBA kvalitn\u00ed p\u00e1nsk\u00fd frot\u00e9 \u017eupan ze 100% bavlny b\u00edl\u00fd - Anders &amp; Kafka E-SHOP\" \/>\n<meta property=\"og:description\" content=\"Obl\u00edben\u00fd p\u00e1nsk\u00fd frot\u00e9 \u017eupan se \u0161\u00e1lov\u00fdm l\u00edmcem dopln\u011bn\u00fd sat\u00e9novou v\u00fdpustkou. Vyrobeno v \u010cech\u00e1ch spole\u010dnost\u00ed Veba s tradic\u00ed v\u00fdroby kvalitn\u00edch textili\u00ed od roku 1856.  &nbsp;    &nbsp; P\u00e1nsk\u00e9 velikosti \u017eupan\u016f     Velikost  S  44\/46 M  48\/50 L  52\/54 XL  56\/58 XXL  60\/62   V\u00fd\u0161ka postavy 168-171 174-177 180-182 184-186 188-190   Obvod hrudn\u00edku 90 98 106 114 122   Obvod pasu 80 88 96 104 112   Obvod sedu 94 102 110 118 126    &nbsp;\" \/>\n<meta property=\"og:url\" content=\"https:\/\/anderskafka.cz\/eshop\/produkt\/veba-kvalitni-pansky-frote-zupan-ze-100-bavlny-bily\/\" \/>\n<meta property=\"og:site_name\" content=\"Anders &amp; Kafka E-SHOP\" \/>\n<meta property=\"article:modified_time\" content=\"2026-03-26T07:15:47+00:00\" \/>\n<meta property=\"og:image\" content=\"https:\/\/anderskafka.cz\/eshop\/wp-content\/uploads\/sites\/3\/2023\/02\/VEBA-ZUP-NARVIKADAM4-BILA-Velky.jpg\" \/>\n\t<meta property=\"og:image:width\" content=\"1280\" \/>\n\t<meta property=\"og:image:height\" content=\"1280\" \/>\n\t<meta property=\"og:image:type\" content=\"image\/jpeg\" \/>\n<meta name=\"twitter:card\" content=\"summary_large_image\" \/>\n<meta name=\"twitter:label1\" content=\"Odhadovan\u00e1 doba \u010dten\u00ed\" \/>\n\t<meta name=\"twitter:data1\" content=\"1 minuta\" \/>\n<script type=\"application\/ld+json\" class=\"yoast-schema-graph\">{\"@context\":\"https:\/\/schema.org\",\"@graph\":[{\"@type\":\"WebSite\",\"@id\":\"https:\/\/anderskafka.cz\/eshop\/#website\",\"url\":\"https:\/\/anderskafka.cz\/eshop\/\",\"name\":\"Anders &amp; Kafka E-SHOP\",\"description\":\"Anders &amp; Kafka E-SHOP\",\"potentialAction\":[{\"@type\":\"SearchAction\",\"target\":{\"@type\":\"EntryPoint\",\"urlTemplate\":\"https:\/\/anderskafka.cz\/eshop\/?s={search_term_string}\"},\"query-input\":\"required name=search_term_string\"}],\"inLanguage\":\"cs\"},{\"@type\":\"ImageObject\",\"@id\":\"https:\/\/anderskafka.cz\/eshop\/produkt\/veba-kvalitni-pansky-frote-zupan-ze-100-bavlny-bily\/#primaryimage\",\"inLanguage\":\"cs\",\"url\":\"https:\/\/anderskafka.cz\/eshop\/wp-content\/uploads\/sites\/3\/2023\/02\/VEBA-ZUP-NARVIKADAM4-BILA-Velky.jpg\",\"contentUrl\":\"https:\/\/anderskafka.cz\/eshop\/wp-content\/uploads\/sites\/3\/2023\/02\/VEBA-ZUP-NARVIKADAM4-BILA-Velky.jpg\",\"width\":1280,\"height\":1280},{\"@type\":\"WebPage\",\"@id\":\"https:\/\/anderskafka.cz\/eshop\/produkt\/veba-kvalitni-pansky-frote-zupan-ze-100-bavlny-bily\/#webpage\",\"url\":\"https:\/\/anderskafka.cz\/eshop\/produkt\/veba-kvalitni-pansky-frote-zupan-ze-100-bavlny-bily\/\",\"name\":\"VEBA kvalitn\u00ed p\u00e1nsk\u00fd frot\u00e9 \u017eupan ze 100% bavlny b\u00edl\u00fd - Anders &amp; Kafka E-SHOP\",\"isPartOf\":{\"@id\":\"https:\/\/anderskafka.cz\/eshop\/#website\"},\"primaryImageOfPage\":{\"@id\":\"https:\/\/anderskafka.cz\/eshop\/produkt\/veba-kvalitni-pansky-frote-zupan-ze-100-bavlny-bily\/#primaryimage\"},\"datePublished\":\"2023-02-02T13:01:46+00:00\",\"dateModified\":\"2026-03-26T07:15:47+00:00\",\"description\":\"Obl\u00edben\u00fd p\u00e1nsk\u00fd frot\u00e9 \u017eupan se \u0161\u00e1lov\u00fdm l\u00edmcem dopln\u011bn\u00fd sat\u00e9novou v\u00fdpustkou. Vyrobeno v \u010cech\u00e1ch spole\u010dnost\u00ed Veba s tradic\u00ed v\u00fdroby kvalitn\u00edch textili\u00ed od roku 1856. &nbsp; &nbsp; P\u00e1nsk\u00e9 velikosti \u017eupan\u016f Velikost S 44\/46 M 48\/50 L 52\/54 XL 56\/58 XXL 60\/62 V\u00fd\u0161ka postavy 168-171 174-177 180-182 184-186 188-190 Obvod hrudn\u00edku 90 98 106 114 122 Obvod pasu 80 88 96 104 112 Obvod sedu 94 102 110 118 126 &nbsp;\",\"breadcrumb\":{\"@id\":\"https:\/\/anderskafka.cz\/eshop\/produkt\/veba-kvalitni-pansky-frote-zupan-ze-100-bavlny-bily\/#breadcrumb\"},\"inLanguage\":\"cs\",\"potentialAction\":[{\"@type\":\"ReadAction\",\"target\":[\"https:\/\/anderskafka.cz\/eshop\/produkt\/veba-kvalitni-pansky-frote-zupan-ze-100-bavlny-bily\/\"]}]},{\"@type\":\"BreadcrumbList\",\"@id\":\"https:\/\/anderskafka.cz\/eshop\/produkt\/veba-kvalitni-pansky-frote-zupan-ze-100-bavlny-bily\/#breadcrumb\",\"itemListElement\":[{\"@type\":\"ListItem\",\"position\":1,\"name\":\"Obchod\",\"item\":\"https:\/\/anderskafka.cz\/eshop\/obchod\/\"},{\"@type\":\"ListItem\",\"position\":2,\"name\":\"VEBA kvalitn\u00ed p\u00e1nsk\u00fd frot\u00e9 \u017eupan ze 100% bavlny b\u00edl\u00fd\"}]}]}<\/script>\n<!-- \/ Yoast SEO plugin. -->","yoast_head_json":{"title":"VEBA kvalitn\u00ed p\u00e1nsk\u00fd frot\u00e9 \u017eupan ze 100% bavlny b\u00edl\u00fd - Anders &amp; Kafka E-SHOP","description":"Obl\u00edben\u00fd p\u00e1nsk\u00fd frot\u00e9 \u017eupan se \u0161\u00e1lov\u00fdm l\u00edmcem dopln\u011bn\u00fd sat\u00e9novou v\u00fdpustkou. Vyrobeno v \u010cech\u00e1ch spole\u010dnost\u00ed Veba s tradic\u00ed v\u00fdroby kvalitn\u00edch textili\u00ed od roku 1856.  &nbsp;    &nbsp; P\u00e1nsk\u00e9 velikosti \u017eupan\u016f     Velikost  S  44\/46 M  48\/50 L  52\/54 XL  56\/58 XXL  60\/62   V\u00fd\u0161ka postavy 168-171 174-177 180-182 184-186 188-190   Obvod hrudn\u00edku 90 98 106 114 122   Obvod pasu 80 88 96 104 112   Obvod sedu 94 102 110 118 126    &nbsp;","robots":{"index":"index","follow":"follow","max-snippet":"max-snippet:-1","max-image-preview":"max-image-preview:large","max-video-preview":"max-video-preview:-1"},"canonical":"https:\/\/anderskafka.cz\/eshop\/produkt\/veba-kvalitni-pansky-frote-zupan-ze-100-bavlny-bily\/","og_locale":"cs_CZ","og_type":"article","og_title":"VEBA kvalitn\u00ed p\u00e1nsk\u00fd frot\u00e9 \u017eupan ze 100% bavlny b\u00edl\u00fd - Anders &amp; Kafka E-SHOP","og_description":"Obl\u00edben\u00fd p\u00e1nsk\u00fd frot\u00e9 \u017eupan se \u0161\u00e1lov\u00fdm l\u00edmcem dopln\u011bn\u00fd sat\u00e9novou v\u00fdpustkou. Vyrobeno v \u010cech\u00e1ch spole\u010dnost\u00ed Veba s tradic\u00ed v\u00fdroby kvalitn\u00edch textili\u00ed od roku 1856.  &nbsp;    &nbsp; P\u00e1nsk\u00e9 velikosti \u017eupan\u016f     Velikost  S  44\/46 M  48\/50 L  52\/54 XL  56\/58 XXL  60\/62   V\u00fd\u0161ka postavy 168-171 174-177 180-182 184-186 188-190   Obvod hrudn\u00edku 90 98 106 114 122   Obvod pasu 80 88 96 104 112   Obvod sedu 94 102 110 118 126    &nbsp;","og_url":"https:\/\/anderskafka.cz\/eshop\/produkt\/veba-kvalitni-pansky-frote-zupan-ze-100-bavlny-bily\/","og_site_name":"Anders &amp; Kafka E-SHOP","article_modified_time":"2026-03-26T07:15:47+00:00","og_image":[{"width":1280,"height":1280,"url":"https:\/\/anderskafka.cz\/eshop\/wp-content\/uploads\/sites\/3\/2023\/02\/VEBA-ZUP-NARVIKADAM4-BILA-Velky.jpg","type":"image\/jpeg"}],"twitter_card":"summary_large_image","twitter_misc":{"Odhadovan\u00e1 doba \u010dten\u00ed":"1 minuta"},"schema":{"@context":"https:\/\/schema.org","@graph":[{"@type":"WebSite","@id":"https:\/\/anderskafka.cz\/eshop\/#website","url":"https:\/\/anderskafka.cz\/eshop\/","name":"Anders &amp; Kafka E-SHOP","description":"Anders &amp; Kafka E-SHOP","potentialAction":[{"@type":"SearchAction","target":{"@type":"EntryPoint","urlTemplate":"https:\/\/anderskafka.cz\/eshop\/?s={search_term_string}"},"query-input":"required name=search_term_string"}],"inLanguage":"cs"},{"@type":"ImageObject","@id":"https:\/\/anderskafka.cz\/eshop\/produkt\/veba-kvalitni-pansky-frote-zupan-ze-100-bavlny-bily\/#primaryimage","inLanguage":"cs","url":"https:\/\/anderskafka.cz\/eshop\/wp-content\/uploads\/sites\/3\/2023\/02\/VEBA-ZUP-NARVIKADAM4-BILA-Velky.jpg","contentUrl":"https:\/\/anderskafka.cz\/eshop\/wp-content\/uploads\/sites\/3\/2023\/02\/VEBA-ZUP-NARVIKADAM4-BILA-Velky.jpg","width":1280,"height":1280},{"@type":"WebPage","@id":"https:\/\/anderskafka.cz\/eshop\/produkt\/veba-kvalitni-pansky-frote-zupan-ze-100-bavlny-bily\/#webpage","url":"https:\/\/anderskafka.cz\/eshop\/produkt\/veba-kvalitni-pansky-frote-zupan-ze-100-bavlny-bily\/","name":"VEBA kvalitn\u00ed p\u00e1nsk\u00fd frot\u00e9 \u017eupan ze 100% bavlny b\u00edl\u00fd - Anders &amp; Kafka E-SHOP","isPartOf":{"@id":"https:\/\/anderskafka.cz\/eshop\/#website"},"primaryImageOfPage":{"@id":"https:\/\/anderskafka.cz\/eshop\/produkt\/veba-kvalitni-pansky-frote-zupan-ze-100-bavlny-bily\/#primaryimage"},"datePublished":"2023-02-02T13:01:46+00:00","dateModified":"2026-03-26T07:15:47+00:00","description":"Obl\u00edben\u00fd p\u00e1nsk\u00fd frot\u00e9 \u017eupan se \u0161\u00e1lov\u00fdm l\u00edmcem dopln\u011bn\u00fd sat\u00e9novou v\u00fdpustkou. Vyrobeno v \u010cech\u00e1ch spole\u010dnost\u00ed Veba s tradic\u00ed v\u00fdroby kvalitn\u00edch textili\u00ed od roku 1856. &nbsp; &nbsp; P\u00e1nsk\u00e9 velikosti \u017eupan\u016f Velikost S 44\/46 M 48\/50 L 52\/54 XL 56\/58 XXL 60\/62 V\u00fd\u0161ka postavy 168-171 174-177 180-182 184-186 188-190 Obvod hrudn\u00edku 90 98 106 114 122 Obvod pasu 80 88 96 104 112 Obvod sedu 94 102 110 118 126 &nbsp;","breadcrumb":{"@id":"https:\/\/anderskafka.cz\/eshop\/produkt\/veba-kvalitni-pansky-frote-zupan-ze-100-bavlny-bily\/#breadcrumb"},"inLanguage":"cs","potentialAction":[{"@type":"ReadAction","target":["https:\/\/anderskafka.cz\/eshop\/produkt\/veba-kvalitni-pansky-frote-zupan-ze-100-bavlny-bily\/"]}]},{"@type":"BreadcrumbList","@id":"https:\/\/anderskafka.cz\/eshop\/produkt\/veba-kvalitni-pansky-frote-zupan-ze-100-bavlny-bily\/#breadcrumb","itemListElement":[{"@type":"ListItem","position":1,"name":"Obchod","item":"https:\/\/anderskafka.cz\/eshop\/obchod\/"},{"@type":"ListItem","position":2,"name":"VEBA kvalitn\u00ed p\u00e1nsk\u00fd frot\u00e9 \u017eupan ze 100% bavlny b\u00edl\u00fd"}]}]}},"locations":[],"_links":{"self":[{"href":"https:\/\/anderskafka.cz\/eshop\/wp-json\/wp\/v2\/product\/1693"}],"collection":[{"href":"https:\/\/anderskafka.cz\/eshop\/wp-json\/wp\/v2\/product"}],"about":[{"href":"https:\/\/anderskafka.cz\/eshop\/wp-json\/wp\/v2\/types\/product"}],"replies":[{"embeddable":true,"href":"https:\/\/anderskafka.cz\/eshop\/wp-json\/wp\/v2\/comments?post=1693"}],"wp:featuredmedia":[{"embeddable":true,"href":"https:\/\/anderskafka.cz\/eshop\/wp-json\/wp\/v2\/media\/5409"}],"wp:attachment":[{"href":"https:\/\/anderskafka.cz\/eshop\/wp-json\/wp\/v2\/media?parent=1693"}],"wp:term":[{"taxonomy":"location","embeddable":true,"href":"https:\/\/anderskafka.cz\/eshop\/wp-json\/wp\/v2\/location?post=1693"},{"taxonomy":"product_cat","embeddable":true,"href":"https:\/\/anderskafka.cz\/eshop\/wp-json\/wp\/v2\/product_cat?post=1693"},{"taxonomy":"product_tag","embeddable":true,"href":"https:\/\/anderskafka.cz\/eshop\/wp-json\/wp\/v2\/product_tag?post=1693"}],"curies":[{"name":"wp","href":"https:\/\/api.w.org\/{rel}","templated":true}]}}