{"id":1832,"date":"2023-02-21T14:36:54","date_gmt":"2023-02-21T13:36:54","guid":{"rendered":"https:\/\/anderskafka.cz\/eshop\/?post_type=product&#038;p=1832"},"modified":"2026-03-30T09:31:00","modified_gmt":"2026-03-30T07:31:00","slug":"sentiotec-100-45-kw-6-kw-8kw-9kw-kompaktni-elektricke-saunove-topidlo-s-cistym-designem-a-ovladanim-na-plasti","status":"publish","type":"product","link":"https:\/\/anderskafka.cz\/eshop\/produkt\/sentiotec-100-45-kw-6-kw-8kw-9kw-kompaktni-elektricke-saunove-topidlo-s-cistym-designem-a-ovladanim-na-plasti\/","title":{"rendered":"HARVIA AUSTRIA 100 TOP STEEL \u2013 4,5\/6\/9KW \u2013 kompaktn\u00ed elektrick\u00e9 saunov\u00e9 topidlo s \u010dist\u00fdm designem a ovl\u00e1d\u00e1n\u00edm na pl\u00e1\u0161ti"},"content":{"rendered":"<p style=\"font-weight: 400\">Kompaktn\u00ed elektrick\u00e9 saunov\u00e9 topidlo v \u010dern\u00e9m proveden\u00ed\u00a0s \u010dist\u00fdm designem a ovl\u00e1d\u00e1n\u00edm na pl\u00e1\u0161ti.<\/p>\n<div><span class=\"y2iqfc\">Vynikaj\u00edc\u00ed pom\u011br cena &#8211; kvalita\/v\u00fdkon.<\/span><\/div>\n<div><span class=\"y2iqfc\">Rychl\u00e1 a snadn\u00e1 mont\u00e1\u017e.\u00a0<\/span><\/div>\n<div>Ur\u010deno pro mont\u00e1\u017e na st\u011bnu sauny.<\/div>\n<div>\n<div><span class=\"y2iqfc\">Vhodn\u00e9 i pro jednof\u00e1zov\u00e9 p\u0159ipojen\u00ed.<\/span><\/div>\n<div>\n<div><span class=\"y2iqfc\">Integrovan\u00e1 \u0159\u00eddic\u00ed jednotka.<\/span><\/div>\n<div>Topidlo pojme maxim\u00e1ln\u011b 20kg saunov\u00fdch kamen\u016f, kter\u00e9 nejsou sou\u010d\u00e1st\u00ed balen\u00ed.<\/div>\n<\/div>\n<div><\/div>\n<\/div>\n","protected":false},"excerpt":{"rendered":"<p style=\"font-weight: 400\">Kompaktn\u00ed elektrick\u00e9 saunov\u00e9 topidlo v \u010dern\u00e9m proveden\u00ed\u00a0s \u010dist\u00fdm designem a ovl\u00e1d\u00e1n\u00edm na pl\u00e1\u0161ti. S v<span class=\"y2iqfc\">ynikaj\u00edc\u00edm\u00a0<\/span><span class=\"y2iqfc\">pom\u011brem cena &#8211; kvalita\/v\u00fdkon a velmi r<\/span><span class=\"y2iqfc\">ychlou a snadnou mont\u00e1\u017e\u00ed.<\/span><\/p>\n<p>Spole\u010dnost HARVIA AUSTRIA vyv\u00edj\u00ed a vyr\u00e1b\u00ed kvalitn\u00ed a inovativn\u00ed produkty ur\u010den\u00e9 k tomu, aby Va\u0161e chv\u00edle str\u00e1ven\u00e9 v saun\u011b byly co nejv\u00edce relaxuj\u00edc\u00ed.<\/p>\n<p>&nbsp;<\/p>\n<table border=\"0\" width=\"327\" cellspacing=\"0\" cellpadding=\"0\">\n<colgroup>\n<col width=\"168\" \/>\n<col width=\"159\" \/><\/colgroup>\n<tbody>\n<tr>\n<td class=\"xl65\" style=\"text-align: center\" width=\"168\" height=\"25\">v\u00fdkon topidla (KW)<\/td>\n<td class=\"xl65\" style=\"text-align: center\" width=\"159\">velikost sauny (m<span class=\"font6\"><sup>3<\/sup><\/span><span class=\"font5\">)<\/span><\/td>\n<\/tr>\n<tr>\n<td class=\"xl65\" style=\"text-align: center\" height=\"21\">4,5<\/td>\n<td class=\"xl66\" style=\"text-align: center\">4-6<\/td>\n<\/tr>\n<tr>\n<td class=\"xl65\" style=\"text-align: center\" height=\"21\">6<\/td>\n<td class=\"xl66\" style=\"text-align: center\">5-8<\/td>\n<\/tr>\n<tr>\n<td class=\"xl65\" style=\"text-align: center\" height=\"21\">9<\/td>\n<td class=\"xl66\" style=\"text-align: center\">8-14<\/td>\n<\/tr>\n<\/tbody>\n<\/table>\n","protected":false},"featured_media":12542,"comment_status":"open","ping_status":"closed","template":"","meta":{"site-sidebar-layout":"default","site-content-layout":"default","ast-main-header-display":"","ast-hfb-above-header-display":"","ast-hfb-below-header-display":"","ast-hfb-mobile-header-display":"","site-post-title":"","ast-breadcrumbs-content":"","ast-featured-img":"","footer-sml-layout":"","theme-transparent-header-meta":"","adv-header-id-meta":"","stick-header-meta":"","header-above-stick-meta":"","header-main-stick-meta":"","header-below-stick-meta":""},"location":[],"product_cat":[540],"product_tag":[324],"yoast_head":"<!-- This site is optimized with the Yoast SEO plugin v18.5.1 - https:\/\/yoast.com\/wordpress\/plugins\/seo\/ -->\n<title>HARVIA AUSTRIA 100 TOP STEEL \u2013 4,5\/6\/9KW \u2013 kompaktn\u00ed elektrick\u00e9 saunov\u00e9 topidlo s \u010dist\u00fdm designem a ovl\u00e1d\u00e1n\u00edm na pl\u00e1\u0161ti - Anders &amp; Kafka E-SHOP<\/title>\n<meta name=\"description\" content=\"Kompaktn\u00ed elektrick\u00e9 saunov\u00e9 topidlo v \u010dern\u00e9m proveden\u00ed\u00a0s \u010dist\u00fdm designem a ovl\u00e1d\u00e1n\u00edm na pl\u00e1\u0161ti. S vynikaj\u00edc\u00edm\u00a0pom\u011brem cena - kvalita\/v\u00fdkon a velmi rychlou a snadnou mont\u00e1\u017e\u00ed. Spole\u010dnost HARVIA AUSTRIA vyv\u00edj\u00ed a vyr\u00e1b\u00ed kvalitn\u00ed a inovativn\u00ed produkty ur\u010den\u00e9 k tomu, aby Va\u0161e chv\u00edle str\u00e1ven\u00e9 v saun\u011b byly co nejv\u00edce relaxuj\u00edc\u00ed.  &nbsp;     v\u00fdkon topidla (KW) velikost sauny (m3)   4,5 4-6   6 5-8   9 8-14\" \/>\n<meta name=\"robots\" content=\"index, follow, max-snippet:-1, max-image-preview:large, max-video-preview:-1\" \/>\n<link rel=\"canonical\" href=\"https:\/\/anderskafka.cz\/eshop\/produkt\/sentiotec-100-45-kw-6-kw-8kw-9kw-kompaktni-elektricke-saunove-topidlo-s-cistym-designem-a-ovladanim-na-plasti\/\" \/>\n<meta property=\"og:locale\" content=\"cs_CZ\" \/>\n<meta property=\"og:type\" content=\"article\" \/>\n<meta property=\"og:title\" content=\"HARVIA AUSTRIA 100 TOP STEEL \u2013 4,5\/6\/9KW \u2013 kompaktn\u00ed elektrick\u00e9 saunov\u00e9 topidlo s \u010dist\u00fdm designem a ovl\u00e1d\u00e1n\u00edm na pl\u00e1\u0161ti - Anders &amp; Kafka E-SHOP\" \/>\n<meta property=\"og:description\" content=\"Kompaktn\u00ed elektrick\u00e9 saunov\u00e9 topidlo v \u010dern\u00e9m proveden\u00ed\u00a0s \u010dist\u00fdm designem a ovl\u00e1d\u00e1n\u00edm na pl\u00e1\u0161ti. S vynikaj\u00edc\u00edm\u00a0pom\u011brem cena - kvalita\/v\u00fdkon a velmi rychlou a snadnou mont\u00e1\u017e\u00ed. Spole\u010dnost HARVIA AUSTRIA vyv\u00edj\u00ed a vyr\u00e1b\u00ed kvalitn\u00ed a inovativn\u00ed produkty ur\u010den\u00e9 k tomu, aby Va\u0161e chv\u00edle str\u00e1ven\u00e9 v saun\u011b byly co nejv\u00edce relaxuj\u00edc\u00ed.  &nbsp;     v\u00fdkon topidla (KW) velikost sauny (m3)   4,5 4-6   6 5-8   9 8-14\" \/>\n<meta property=\"og:url\" content=\"https:\/\/anderskafka.cz\/eshop\/produkt\/sentiotec-100-45-kw-6-kw-8kw-9kw-kompaktni-elektricke-saunove-topidlo-s-cistym-designem-a-ovladanim-na-plasti\/\" \/>\n<meta property=\"og:site_name\" content=\"Anders &amp; Kafka E-SHOP\" \/>\n<meta property=\"article:modified_time\" content=\"2026-03-30T07:31:00+00:00\" \/>\n<meta name=\"twitter:card\" content=\"summary_large_image\" \/>\n<meta name=\"twitter:image\" content=\"https:\/\/anderskafka.cz\/eshop\/wp-content\/uploads\/sites\/3\/2023\/02\/HARVIA-AUSTRIA_topidlo_-100_Top-Steel_AndersKafka-e1761577423418.webp\" \/>\n<meta name=\"twitter:label1\" content=\"Odhadovan\u00e1 doba \u010dten\u00ed\" \/>\n\t<meta name=\"twitter:data1\" content=\"1 minuta\" \/>\n<script type=\"application\/ld+json\" class=\"yoast-schema-graph\">{\"@context\":\"https:\/\/schema.org\",\"@graph\":[{\"@type\":\"WebSite\",\"@id\":\"https:\/\/anderskafka.cz\/eshop\/#website\",\"url\":\"https:\/\/anderskafka.cz\/eshop\/\",\"name\":\"Anders &amp; Kafka E-SHOP\",\"description\":\"Anders &amp; Kafka E-SHOP\",\"potentialAction\":[{\"@type\":\"SearchAction\",\"target\":{\"@type\":\"EntryPoint\",\"urlTemplate\":\"https:\/\/anderskafka.cz\/eshop\/?s={search_term_string}\"},\"query-input\":\"required name=search_term_string\"}],\"inLanguage\":\"cs\"},{\"@type\":\"ImageObject\",\"@id\":\"https:\/\/anderskafka.cz\/eshop\/produkt\/sentiotec-100-45-kw-6-kw-8kw-9kw-kompaktni-elektricke-saunove-topidlo-s-cistym-designem-a-ovladanim-na-plasti\/#primaryimage\",\"inLanguage\":\"cs\",\"url\":\"https:\/\/anderskafka.cz\/eshop\/wp-content\/uploads\/sites\/3\/2023\/02\/HARVIA-AUSTRIA_topidlo_-100_Top-Steel_AndersKafka-e1761577423418.webp\",\"contentUrl\":\"https:\/\/anderskafka.cz\/eshop\/wp-content\/uploads\/sites\/3\/2023\/02\/HARVIA-AUSTRIA_topidlo_-100_Top-Steel_AndersKafka-e1761577423418.webp\",\"width\":530,\"height\":530},{\"@type\":\"WebPage\",\"@id\":\"https:\/\/anderskafka.cz\/eshop\/produkt\/sentiotec-100-45-kw-6-kw-8kw-9kw-kompaktni-elektricke-saunove-topidlo-s-cistym-designem-a-ovladanim-na-plasti\/#webpage\",\"url\":\"https:\/\/anderskafka.cz\/eshop\/produkt\/sentiotec-100-45-kw-6-kw-8kw-9kw-kompaktni-elektricke-saunove-topidlo-s-cistym-designem-a-ovladanim-na-plasti\/\",\"name\":\"HARVIA AUSTRIA 100 TOP STEEL \u2013 4,5\/6\/9KW \u2013 kompaktn\u00ed elektrick\u00e9 saunov\u00e9 topidlo s \u010dist\u00fdm designem a ovl\u00e1d\u00e1n\u00edm na pl\u00e1\u0161ti - Anders &amp; Kafka E-SHOP\",\"isPartOf\":{\"@id\":\"https:\/\/anderskafka.cz\/eshop\/#website\"},\"primaryImageOfPage\":{\"@id\":\"https:\/\/anderskafka.cz\/eshop\/produkt\/sentiotec-100-45-kw-6-kw-8kw-9kw-kompaktni-elektricke-saunove-topidlo-s-cistym-designem-a-ovladanim-na-plasti\/#primaryimage\"},\"datePublished\":\"2023-02-21T13:36:54+00:00\",\"dateModified\":\"2026-03-30T07:31:00+00:00\",\"description\":\"Kompaktn\u00ed elektrick\u00e9 saunov\u00e9 topidlo v \u010dern\u00e9m proveden\u00ed\u00a0s \u010dist\u00fdm designem a ovl\u00e1d\u00e1n\u00edm na pl\u00e1\u0161ti. S vynikaj\u00edc\u00edm\u00a0pom\u011brem cena - kvalita\/v\u00fdkon a velmi rychlou a snadnou mont\u00e1\u017e\u00ed. Spole\u010dnost HARVIA AUSTRIA vyv\u00edj\u00ed a vyr\u00e1b\u00ed kvalitn\u00ed a inovativn\u00ed produkty ur\u010den\u00e9 k tomu, aby Va\u0161e chv\u00edle str\u00e1ven\u00e9 v saun\u011b byly co nejv\u00edce relaxuj\u00edc\u00ed. &nbsp; v\u00fdkon topidla (KW) velikost sauny (m3) 4,5 4-6 6 5-8 9 8-14\",\"breadcrumb\":{\"@id\":\"https:\/\/anderskafka.cz\/eshop\/produkt\/sentiotec-100-45-kw-6-kw-8kw-9kw-kompaktni-elektricke-saunove-topidlo-s-cistym-designem-a-ovladanim-na-plasti\/#breadcrumb\"},\"inLanguage\":\"cs\",\"potentialAction\":[{\"@type\":\"ReadAction\",\"target\":[\"https:\/\/anderskafka.cz\/eshop\/produkt\/sentiotec-100-45-kw-6-kw-8kw-9kw-kompaktni-elektricke-saunove-topidlo-s-cistym-designem-a-ovladanim-na-plasti\/\"]}]},{\"@type\":\"BreadcrumbList\",\"@id\":\"https:\/\/anderskafka.cz\/eshop\/produkt\/sentiotec-100-45-kw-6-kw-8kw-9kw-kompaktni-elektricke-saunove-topidlo-s-cistym-designem-a-ovladanim-na-plasti\/#breadcrumb\",\"itemListElement\":[{\"@type\":\"ListItem\",\"position\":1,\"name\":\"Obchod\",\"item\":\"https:\/\/anderskafka.cz\/eshop\/obchod\/\"},{\"@type\":\"ListItem\",\"position\":2,\"name\":\"HARVIA AUSTRIA 100 TOP STEEL \u2013 4,5\/6\/9KW \u2013 kompaktn\u00ed elektrick\u00e9 saunov\u00e9 topidlo s \u010dist\u00fdm designem a ovl\u00e1d\u00e1n\u00edm na pl\u00e1\u0161ti\"}]}]}<\/script>\n<!-- \/ Yoast SEO plugin. -->","yoast_head_json":{"title":"HARVIA AUSTRIA 100 TOP STEEL \u2013 4,5\/6\/9KW \u2013 kompaktn\u00ed elektrick\u00e9 saunov\u00e9 topidlo s \u010dist\u00fdm designem a ovl\u00e1d\u00e1n\u00edm na pl\u00e1\u0161ti - Anders &amp; Kafka E-SHOP","description":"Kompaktn\u00ed elektrick\u00e9 saunov\u00e9 topidlo v \u010dern\u00e9m proveden\u00ed\u00a0s \u010dist\u00fdm designem a ovl\u00e1d\u00e1n\u00edm na pl\u00e1\u0161ti. S vynikaj\u00edc\u00edm\u00a0pom\u011brem cena - kvalita\/v\u00fdkon a velmi rychlou a snadnou mont\u00e1\u017e\u00ed. Spole\u010dnost HARVIA AUSTRIA vyv\u00edj\u00ed a vyr\u00e1b\u00ed kvalitn\u00ed a inovativn\u00ed produkty ur\u010den\u00e9 k tomu, aby Va\u0161e chv\u00edle str\u00e1ven\u00e9 v saun\u011b byly co nejv\u00edce relaxuj\u00edc\u00ed.  &nbsp;     v\u00fdkon topidla (KW) velikost sauny (m3)   4,5 4-6   6 5-8   9 8-14","robots":{"index":"index","follow":"follow","max-snippet":"max-snippet:-1","max-image-preview":"max-image-preview:large","max-video-preview":"max-video-preview:-1"},"canonical":"https:\/\/anderskafka.cz\/eshop\/produkt\/sentiotec-100-45-kw-6-kw-8kw-9kw-kompaktni-elektricke-saunove-topidlo-s-cistym-designem-a-ovladanim-na-plasti\/","og_locale":"cs_CZ","og_type":"article","og_title":"HARVIA AUSTRIA 100 TOP STEEL \u2013 4,5\/6\/9KW \u2013 kompaktn\u00ed elektrick\u00e9 saunov\u00e9 topidlo s \u010dist\u00fdm designem a ovl\u00e1d\u00e1n\u00edm na pl\u00e1\u0161ti - Anders &amp; Kafka E-SHOP","og_description":"Kompaktn\u00ed elektrick\u00e9 saunov\u00e9 topidlo v \u010dern\u00e9m proveden\u00ed\u00a0s \u010dist\u00fdm designem a ovl\u00e1d\u00e1n\u00edm na pl\u00e1\u0161ti. S vynikaj\u00edc\u00edm\u00a0pom\u011brem cena - kvalita\/v\u00fdkon a velmi rychlou a snadnou mont\u00e1\u017e\u00ed. Spole\u010dnost HARVIA AUSTRIA vyv\u00edj\u00ed a vyr\u00e1b\u00ed kvalitn\u00ed a inovativn\u00ed produkty ur\u010den\u00e9 k tomu, aby Va\u0161e chv\u00edle str\u00e1ven\u00e9 v saun\u011b byly co nejv\u00edce relaxuj\u00edc\u00ed.  &nbsp;     v\u00fdkon topidla (KW) velikost sauny (m3)   4,5 4-6   6 5-8   9 8-14","og_url":"https:\/\/anderskafka.cz\/eshop\/produkt\/sentiotec-100-45-kw-6-kw-8kw-9kw-kompaktni-elektricke-saunove-topidlo-s-cistym-designem-a-ovladanim-na-plasti\/","og_site_name":"Anders &amp; Kafka E-SHOP","article_modified_time":"2026-03-30T07:31:00+00:00","twitter_card":"summary_large_image","twitter_image":"https:\/\/anderskafka.cz\/eshop\/wp-content\/uploads\/sites\/3\/2023\/02\/HARVIA-AUSTRIA_topidlo_-100_Top-Steel_AndersKafka-e1761577423418.webp","twitter_misc":{"Odhadovan\u00e1 doba \u010dten\u00ed":"1 minuta"},"schema":{"@context":"https:\/\/schema.org","@graph":[{"@type":"WebSite","@id":"https:\/\/anderskafka.cz\/eshop\/#website","url":"https:\/\/anderskafka.cz\/eshop\/","name":"Anders &amp; Kafka E-SHOP","description":"Anders &amp; Kafka E-SHOP","potentialAction":[{"@type":"SearchAction","target":{"@type":"EntryPoint","urlTemplate":"https:\/\/anderskafka.cz\/eshop\/?s={search_term_string}"},"query-input":"required name=search_term_string"}],"inLanguage":"cs"},{"@type":"ImageObject","@id":"https:\/\/anderskafka.cz\/eshop\/produkt\/sentiotec-100-45-kw-6-kw-8kw-9kw-kompaktni-elektricke-saunove-topidlo-s-cistym-designem-a-ovladanim-na-plasti\/#primaryimage","inLanguage":"cs","url":"https:\/\/anderskafka.cz\/eshop\/wp-content\/uploads\/sites\/3\/2023\/02\/HARVIA-AUSTRIA_topidlo_-100_Top-Steel_AndersKafka-e1761577423418.webp","contentUrl":"https:\/\/anderskafka.cz\/eshop\/wp-content\/uploads\/sites\/3\/2023\/02\/HARVIA-AUSTRIA_topidlo_-100_Top-Steel_AndersKafka-e1761577423418.webp","width":530,"height":530},{"@type":"WebPage","@id":"https:\/\/anderskafka.cz\/eshop\/produkt\/sentiotec-100-45-kw-6-kw-8kw-9kw-kompaktni-elektricke-saunove-topidlo-s-cistym-designem-a-ovladanim-na-plasti\/#webpage","url":"https:\/\/anderskafka.cz\/eshop\/produkt\/sentiotec-100-45-kw-6-kw-8kw-9kw-kompaktni-elektricke-saunove-topidlo-s-cistym-designem-a-ovladanim-na-plasti\/","name":"HARVIA AUSTRIA 100 TOP STEEL \u2013 4,5\/6\/9KW \u2013 kompaktn\u00ed elektrick\u00e9 saunov\u00e9 topidlo s \u010dist\u00fdm designem a ovl\u00e1d\u00e1n\u00edm na pl\u00e1\u0161ti - Anders &amp; Kafka E-SHOP","isPartOf":{"@id":"https:\/\/anderskafka.cz\/eshop\/#website"},"primaryImageOfPage":{"@id":"https:\/\/anderskafka.cz\/eshop\/produkt\/sentiotec-100-45-kw-6-kw-8kw-9kw-kompaktni-elektricke-saunove-topidlo-s-cistym-designem-a-ovladanim-na-plasti\/#primaryimage"},"datePublished":"2023-02-21T13:36:54+00:00","dateModified":"2026-03-30T07:31:00+00:00","description":"Kompaktn\u00ed elektrick\u00e9 saunov\u00e9 topidlo v \u010dern\u00e9m proveden\u00ed\u00a0s \u010dist\u00fdm designem a ovl\u00e1d\u00e1n\u00edm na pl\u00e1\u0161ti. S vynikaj\u00edc\u00edm\u00a0pom\u011brem cena - kvalita\/v\u00fdkon a velmi rychlou a snadnou mont\u00e1\u017e\u00ed. Spole\u010dnost HARVIA AUSTRIA vyv\u00edj\u00ed a vyr\u00e1b\u00ed kvalitn\u00ed a inovativn\u00ed produkty ur\u010den\u00e9 k tomu, aby Va\u0161e chv\u00edle str\u00e1ven\u00e9 v saun\u011b byly co nejv\u00edce relaxuj\u00edc\u00ed. &nbsp; v\u00fdkon topidla (KW) velikost sauny (m3) 4,5 4-6 6 5-8 9 8-14","breadcrumb":{"@id":"https:\/\/anderskafka.cz\/eshop\/produkt\/sentiotec-100-45-kw-6-kw-8kw-9kw-kompaktni-elektricke-saunove-topidlo-s-cistym-designem-a-ovladanim-na-plasti\/#breadcrumb"},"inLanguage":"cs","potentialAction":[{"@type":"ReadAction","target":["https:\/\/anderskafka.cz\/eshop\/produkt\/sentiotec-100-45-kw-6-kw-8kw-9kw-kompaktni-elektricke-saunove-topidlo-s-cistym-designem-a-ovladanim-na-plasti\/"]}]},{"@type":"BreadcrumbList","@id":"https:\/\/anderskafka.cz\/eshop\/produkt\/sentiotec-100-45-kw-6-kw-8kw-9kw-kompaktni-elektricke-saunove-topidlo-s-cistym-designem-a-ovladanim-na-plasti\/#breadcrumb","itemListElement":[{"@type":"ListItem","position":1,"name":"Obchod","item":"https:\/\/anderskafka.cz\/eshop\/obchod\/"},{"@type":"ListItem","position":2,"name":"HARVIA AUSTRIA 100 TOP STEEL \u2013 4,5\/6\/9KW \u2013 kompaktn\u00ed elektrick\u00e9 saunov\u00e9 topidlo s \u010dist\u00fdm designem a ovl\u00e1d\u00e1n\u00edm na pl\u00e1\u0161ti"}]}]}},"locations":[],"_links":{"self":[{"href":"https:\/\/anderskafka.cz\/eshop\/wp-json\/wp\/v2\/product\/1832"}],"collection":[{"href":"https:\/\/anderskafka.cz\/eshop\/wp-json\/wp\/v2\/product"}],"about":[{"href":"https:\/\/anderskafka.cz\/eshop\/wp-json\/wp\/v2\/types\/product"}],"replies":[{"embeddable":true,"href":"https:\/\/anderskafka.cz\/eshop\/wp-json\/wp\/v2\/comments?post=1832"}],"wp:featuredmedia":[{"embeddable":true,"href":"https:\/\/anderskafka.cz\/eshop\/wp-json\/wp\/v2\/media\/12542"}],"wp:attachment":[{"href":"https:\/\/anderskafka.cz\/eshop\/wp-json\/wp\/v2\/media?parent=1832"}],"wp:term":[{"taxonomy":"location","embeddable":true,"href":"https:\/\/anderskafka.cz\/eshop\/wp-json\/wp\/v2\/location?post=1832"},{"taxonomy":"product_cat","embeddable":true,"href":"https:\/\/anderskafka.cz\/eshop\/wp-json\/wp\/v2\/product_cat?post=1832"},{"taxonomy":"product_tag","embeddable":true,"href":"https:\/\/anderskafka.cz\/eshop\/wp-json\/wp\/v2\/product_tag?post=1832"}],"curies":[{"name":"wp","href":"https:\/\/api.w.org\/{rel}","templated":true}]}}