{"id":1846,"date":"2023-02-21T22:01:54","date_gmt":"2023-02-21T21:01:54","guid":{"rendered":"https:\/\/anderskafka.cz\/eshop\/?post_type=product&#038;p=1846"},"modified":"2026-01-30T10:29:10","modified_gmt":"2026-01-30T09:29:10","slug":"sentiotec-aroma-gel-do-infrasauny-kralovsky-eucament-80g","status":"publish","type":"product","link":"https:\/\/anderskafka.cz\/eshop\/produkt\/sentiotec-aroma-gel-do-infrasauny-kralovsky-eucament-80g\/","title":{"rendered":"HARVIA AUSTRIA aroma gel do infrasauny kr\u00e1lovsk\u00fd eucament, 80g"},"content":{"rendered":"<p>Aroma gel s n\u00e1dhernou v\u016fn\u00ed v praktick\u00e9 uzav\u00edrateln\u00e9 plechovce. Aroma vhodn\u00e9 k provon\u011bn\u00ed infrasauny. Pro pou\u017eit\u00ed otev\u0159ete plechovku a um\u00edst\u011bte ji do infrasauny na rovn\u00fd povrch. V\u016fn\u011b se uvol\u0148uje automaticky. Po dostate\u010dn\u00e9m provon\u011bn\u00ed infrasauny plechovku s gelem jednodu\u0161e uzav\u0159ete.<\/p>\n<p>V\u00fdrobek nen\u00ed ur\u010den ke konzumaci. Uchov\u00e1vejte mimo dosah d\u011bt\u00ed.<\/p>\n<p>V\u00fdrobek je ur\u010den pouze do infrasauny.<\/p>\n","protected":false},"excerpt":{"rendered":"<p>Aroma gel s n\u00e1dhernou v\u016fn\u00ed v praktick\u00e9 uzav\u00edrateln\u00e9 plechovce. Aroma vhodn\u00e9 k provon\u011bn\u00ed infrasauny. P\u0159\u00edjemn\u00e1 povzbuzuj\u00edc\u00ed v\u016fn\u011b, kter\u00e1 pohlad\u00ed Va\u0161e smysly.<\/p>\n<div class=\"woocommerce-product-details__short-description\">\n<p>Spole\u010dnost HARVIA AUSTRIA vyv\u00edj\u00ed a vyr\u00e1b\u00ed kvalitn\u00ed a inovativn\u00ed produkty ur\u010den\u00e9 k tomu, aby Va\u0161e chv\u00edle str\u00e1ven\u00e9 v saun\u011b byly co nejv\u00edce relaxuj\u00edc\u00ed.<br \/>\n<img loading=\"lazy\" class=\"alignnone size-full wp-image-1323 aligncenter\" src=\"https:\/\/anderskafka.cz\/eshop\/wp-content\/uploads\/sites\/3\/2022\/12\/logoHarvia.png\" alt=\"\" width=\"102\" height=\"102\" srcset=\"https:\/\/anderskafka.cz\/eshop\/wp-content\/uploads\/sites\/3\/2022\/12\/logoHarvia.png 102w, https:\/\/anderskafka.cz\/eshop\/wp-content\/uploads\/sites\/3\/2022\/12\/logoHarvia-100x100.png 100w, https:\/\/anderskafka.cz\/eshop\/wp-content\/uploads\/sites\/3\/2022\/12\/logoHarvia-64x64.png 64w\" sizes=\"(max-width: 102px) 100vw, 102px\" \/><\/p>\n<\/div>\n","protected":false},"featured_media":12381,"comment_status":"open","ping_status":"closed","template":"","meta":{"site-sidebar-layout":"default","site-content-layout":"default","ast-main-header-display":"","ast-hfb-above-header-display":"","ast-hfb-below-header-display":"","ast-hfb-mobile-header-display":"","site-post-title":"","ast-breadcrumbs-content":"","ast-featured-img":"","footer-sml-layout":"","theme-transparent-header-meta":"","adv-header-id-meta":"","stick-header-meta":"","header-above-stick-meta":"","header-main-stick-meta":"","header-below-stick-meta":""},"location":[],"product_cat":[566],"product_tag":[324],"yoast_head":"<!-- This site is optimized with the Yoast SEO plugin v18.5.1 - https:\/\/yoast.com\/wordpress\/plugins\/seo\/ -->\n<title>HARVIA AUSTRIA aroma gel do infrasauny kr\u00e1lovsk\u00fd eucament, 80g - Anders &amp; Kafka E-SHOP<\/title>\n<meta name=\"description\" content=\"Aroma gel s n\u00e1dhernou v\u016fn\u00ed v praktick\u00e9 uzav\u00edrateln\u00e9 plechovce. Aroma vhodn\u00e9 k provon\u011bn\u00ed infrasauny. P\u0159\u00edjemn\u00e1 povzbuzuj\u00edc\u00ed v\u016fn\u011b, kter\u00e1 pohlad\u00ed Va\u0161e smysly.   Spole\u010dnost HARVIA AUSTRIA vyv\u00edj\u00ed a vyr\u00e1b\u00ed kvalitn\u00ed a inovativn\u00ed produkty ur\u010den\u00e9 k tomu, aby Va\u0161e chv\u00edle str\u00e1ven\u00e9 v saun\u011b byly co nejv\u00edce relaxuj\u00edc\u00ed.\" \/>\n<meta name=\"robots\" content=\"index, follow, max-snippet:-1, max-image-preview:large, max-video-preview:-1\" \/>\n<link rel=\"canonical\" href=\"https:\/\/anderskafka.cz\/eshop\/produkt\/sentiotec-aroma-gel-do-infrasauny-kralovsky-eucament-80g\/\" \/>\n<meta property=\"og:locale\" content=\"cs_CZ\" \/>\n<meta property=\"og:type\" content=\"article\" \/>\n<meta property=\"og:title\" content=\"HARVIA AUSTRIA aroma gel do infrasauny kr\u00e1lovsk\u00fd eucament, 80g - Anders &amp; Kafka E-SHOP\" \/>\n<meta property=\"og:description\" content=\"Aroma gel s n\u00e1dhernou v\u016fn\u00ed v praktick\u00e9 uzav\u00edrateln\u00e9 plechovce. Aroma vhodn\u00e9 k provon\u011bn\u00ed infrasauny. P\u0159\u00edjemn\u00e1 povzbuzuj\u00edc\u00ed v\u016fn\u011b, kter\u00e1 pohlad\u00ed Va\u0161e smysly.   Spole\u010dnost HARVIA AUSTRIA vyv\u00edj\u00ed a vyr\u00e1b\u00ed kvalitn\u00ed a inovativn\u00ed produkty ur\u010den\u00e9 k tomu, aby Va\u0161e chv\u00edle str\u00e1ven\u00e9 v saun\u011b byly co nejv\u00edce relaxuj\u00edc\u00ed.\" \/>\n<meta property=\"og:url\" content=\"https:\/\/anderskafka.cz\/eshop\/produkt\/sentiotec-aroma-gel-do-infrasauny-kralovsky-eucament-80g\/\" \/>\n<meta property=\"og:site_name\" content=\"Anders &amp; Kafka E-SHOP\" \/>\n<meta property=\"article:modified_time\" content=\"2026-01-30T09:29:10+00:00\" \/>\n<meta name=\"twitter:card\" content=\"summary_large_image\" \/>\n<meta name=\"twitter:image\" content=\"https:\/\/anderskafka.cz\/eshop\/wp-content\/uploads\/sites\/3\/2023\/02\/HARVIA-AUSTRI_gelinfraRoyalEucament_AndersKafka.webp\" \/>\n<meta name=\"twitter:label1\" content=\"Odhadovan\u00e1 doba \u010dten\u00ed\" \/>\n\t<meta name=\"twitter:data1\" content=\"1 minuta\" \/>\n<script type=\"application\/ld+json\" class=\"yoast-schema-graph\">{\"@context\":\"https:\/\/schema.org\",\"@graph\":[{\"@type\":\"WebSite\",\"@id\":\"https:\/\/anderskafka.cz\/eshop\/#website\",\"url\":\"https:\/\/anderskafka.cz\/eshop\/\",\"name\":\"Anders &amp; Kafka E-SHOP\",\"description\":\"Anders &amp; Kafka E-SHOP\",\"potentialAction\":[{\"@type\":\"SearchAction\",\"target\":{\"@type\":\"EntryPoint\",\"urlTemplate\":\"https:\/\/anderskafka.cz\/eshop\/?s={search_term_string}\"},\"query-input\":\"required name=search_term_string\"}],\"inLanguage\":\"cs\"},{\"@type\":\"ImageObject\",\"@id\":\"https:\/\/anderskafka.cz\/eshop\/produkt\/sentiotec-aroma-gel-do-infrasauny-kralovsky-eucament-80g\/#primaryimage\",\"inLanguage\":\"cs\",\"url\":\"https:\/\/anderskafka.cz\/eshop\/wp-content\/uploads\/sites\/3\/2023\/02\/HARVIA-AUSTRI_gelinfraRoyalEucament_AndersKafka.webp\",\"contentUrl\":\"https:\/\/anderskafka.cz\/eshop\/wp-content\/uploads\/sites\/3\/2023\/02\/HARVIA-AUSTRI_gelinfraRoyalEucament_AndersKafka.webp\",\"width\":1500,\"height\":1500},{\"@type\":\"WebPage\",\"@id\":\"https:\/\/anderskafka.cz\/eshop\/produkt\/sentiotec-aroma-gel-do-infrasauny-kralovsky-eucament-80g\/#webpage\",\"url\":\"https:\/\/anderskafka.cz\/eshop\/produkt\/sentiotec-aroma-gel-do-infrasauny-kralovsky-eucament-80g\/\",\"name\":\"HARVIA AUSTRIA aroma gel do infrasauny kr\u00e1lovsk\u00fd eucament, 80g - Anders &amp; Kafka E-SHOP\",\"isPartOf\":{\"@id\":\"https:\/\/anderskafka.cz\/eshop\/#website\"},\"primaryImageOfPage\":{\"@id\":\"https:\/\/anderskafka.cz\/eshop\/produkt\/sentiotec-aroma-gel-do-infrasauny-kralovsky-eucament-80g\/#primaryimage\"},\"datePublished\":\"2023-02-21T21:01:54+00:00\",\"dateModified\":\"2026-01-30T09:29:10+00:00\",\"description\":\"Aroma gel s n\u00e1dhernou v\u016fn\u00ed v praktick\u00e9 uzav\u00edrateln\u00e9 plechovce. Aroma vhodn\u00e9 k provon\u011bn\u00ed infrasauny. P\u0159\u00edjemn\u00e1 povzbuzuj\u00edc\u00ed v\u016fn\u011b, kter\u00e1 pohlad\u00ed Va\u0161e smysly. Spole\u010dnost HARVIA AUSTRIA vyv\u00edj\u00ed a vyr\u00e1b\u00ed kvalitn\u00ed a inovativn\u00ed produkty ur\u010den\u00e9 k tomu, aby Va\u0161e chv\u00edle str\u00e1ven\u00e9 v saun\u011b byly co nejv\u00edce relaxuj\u00edc\u00ed.\",\"breadcrumb\":{\"@id\":\"https:\/\/anderskafka.cz\/eshop\/produkt\/sentiotec-aroma-gel-do-infrasauny-kralovsky-eucament-80g\/#breadcrumb\"},\"inLanguage\":\"cs\",\"potentialAction\":[{\"@type\":\"ReadAction\",\"target\":[\"https:\/\/anderskafka.cz\/eshop\/produkt\/sentiotec-aroma-gel-do-infrasauny-kralovsky-eucament-80g\/\"]}]},{\"@type\":\"BreadcrumbList\",\"@id\":\"https:\/\/anderskafka.cz\/eshop\/produkt\/sentiotec-aroma-gel-do-infrasauny-kralovsky-eucament-80g\/#breadcrumb\",\"itemListElement\":[{\"@type\":\"ListItem\",\"position\":1,\"name\":\"Obchod\",\"item\":\"https:\/\/anderskafka.cz\/eshop\/obchod\/\"},{\"@type\":\"ListItem\",\"position\":2,\"name\":\"HARVIA AUSTRIA aroma gel do infrasauny kr\u00e1lovsk\u00fd eucament, 80g\"}]}]}<\/script>\n<!-- \/ Yoast SEO plugin. -->","yoast_head_json":{"title":"HARVIA AUSTRIA aroma gel do infrasauny kr\u00e1lovsk\u00fd eucament, 80g - Anders &amp; Kafka E-SHOP","description":"Aroma gel s n\u00e1dhernou v\u016fn\u00ed v praktick\u00e9 uzav\u00edrateln\u00e9 plechovce. Aroma vhodn\u00e9 k provon\u011bn\u00ed infrasauny. P\u0159\u00edjemn\u00e1 povzbuzuj\u00edc\u00ed v\u016fn\u011b, kter\u00e1 pohlad\u00ed Va\u0161e smysly.   Spole\u010dnost HARVIA AUSTRIA vyv\u00edj\u00ed a vyr\u00e1b\u00ed kvalitn\u00ed a inovativn\u00ed produkty ur\u010den\u00e9 k tomu, aby Va\u0161e chv\u00edle str\u00e1ven\u00e9 v saun\u011b byly co nejv\u00edce relaxuj\u00edc\u00ed.","robots":{"index":"index","follow":"follow","max-snippet":"max-snippet:-1","max-image-preview":"max-image-preview:large","max-video-preview":"max-video-preview:-1"},"canonical":"https:\/\/anderskafka.cz\/eshop\/produkt\/sentiotec-aroma-gel-do-infrasauny-kralovsky-eucament-80g\/","og_locale":"cs_CZ","og_type":"article","og_title":"HARVIA AUSTRIA aroma gel do infrasauny kr\u00e1lovsk\u00fd eucament, 80g - Anders &amp; Kafka E-SHOP","og_description":"Aroma gel s n\u00e1dhernou v\u016fn\u00ed v praktick\u00e9 uzav\u00edrateln\u00e9 plechovce. Aroma vhodn\u00e9 k provon\u011bn\u00ed infrasauny. P\u0159\u00edjemn\u00e1 povzbuzuj\u00edc\u00ed v\u016fn\u011b, kter\u00e1 pohlad\u00ed Va\u0161e smysly.   Spole\u010dnost HARVIA AUSTRIA vyv\u00edj\u00ed a vyr\u00e1b\u00ed kvalitn\u00ed a inovativn\u00ed produkty ur\u010den\u00e9 k tomu, aby Va\u0161e chv\u00edle str\u00e1ven\u00e9 v saun\u011b byly co nejv\u00edce relaxuj\u00edc\u00ed.","og_url":"https:\/\/anderskafka.cz\/eshop\/produkt\/sentiotec-aroma-gel-do-infrasauny-kralovsky-eucament-80g\/","og_site_name":"Anders &amp; Kafka E-SHOP","article_modified_time":"2026-01-30T09:29:10+00:00","twitter_card":"summary_large_image","twitter_image":"https:\/\/anderskafka.cz\/eshop\/wp-content\/uploads\/sites\/3\/2023\/02\/HARVIA-AUSTRI_gelinfraRoyalEucament_AndersKafka.webp","twitter_misc":{"Odhadovan\u00e1 doba \u010dten\u00ed":"1 minuta"},"schema":{"@context":"https:\/\/schema.org","@graph":[{"@type":"WebSite","@id":"https:\/\/anderskafka.cz\/eshop\/#website","url":"https:\/\/anderskafka.cz\/eshop\/","name":"Anders &amp; Kafka E-SHOP","description":"Anders &amp; Kafka E-SHOP","potentialAction":[{"@type":"SearchAction","target":{"@type":"EntryPoint","urlTemplate":"https:\/\/anderskafka.cz\/eshop\/?s={search_term_string}"},"query-input":"required name=search_term_string"}],"inLanguage":"cs"},{"@type":"ImageObject","@id":"https:\/\/anderskafka.cz\/eshop\/produkt\/sentiotec-aroma-gel-do-infrasauny-kralovsky-eucament-80g\/#primaryimage","inLanguage":"cs","url":"https:\/\/anderskafka.cz\/eshop\/wp-content\/uploads\/sites\/3\/2023\/02\/HARVIA-AUSTRI_gelinfraRoyalEucament_AndersKafka.webp","contentUrl":"https:\/\/anderskafka.cz\/eshop\/wp-content\/uploads\/sites\/3\/2023\/02\/HARVIA-AUSTRI_gelinfraRoyalEucament_AndersKafka.webp","width":1500,"height":1500},{"@type":"WebPage","@id":"https:\/\/anderskafka.cz\/eshop\/produkt\/sentiotec-aroma-gel-do-infrasauny-kralovsky-eucament-80g\/#webpage","url":"https:\/\/anderskafka.cz\/eshop\/produkt\/sentiotec-aroma-gel-do-infrasauny-kralovsky-eucament-80g\/","name":"HARVIA AUSTRIA aroma gel do infrasauny kr\u00e1lovsk\u00fd eucament, 80g - Anders &amp; Kafka E-SHOP","isPartOf":{"@id":"https:\/\/anderskafka.cz\/eshop\/#website"},"primaryImageOfPage":{"@id":"https:\/\/anderskafka.cz\/eshop\/produkt\/sentiotec-aroma-gel-do-infrasauny-kralovsky-eucament-80g\/#primaryimage"},"datePublished":"2023-02-21T21:01:54+00:00","dateModified":"2026-01-30T09:29:10+00:00","description":"Aroma gel s n\u00e1dhernou v\u016fn\u00ed v praktick\u00e9 uzav\u00edrateln\u00e9 plechovce. Aroma vhodn\u00e9 k provon\u011bn\u00ed infrasauny. P\u0159\u00edjemn\u00e1 povzbuzuj\u00edc\u00ed v\u016fn\u011b, kter\u00e1 pohlad\u00ed Va\u0161e smysly. Spole\u010dnost HARVIA AUSTRIA vyv\u00edj\u00ed a vyr\u00e1b\u00ed kvalitn\u00ed a inovativn\u00ed produkty ur\u010den\u00e9 k tomu, aby Va\u0161e chv\u00edle str\u00e1ven\u00e9 v saun\u011b byly co nejv\u00edce relaxuj\u00edc\u00ed.","breadcrumb":{"@id":"https:\/\/anderskafka.cz\/eshop\/produkt\/sentiotec-aroma-gel-do-infrasauny-kralovsky-eucament-80g\/#breadcrumb"},"inLanguage":"cs","potentialAction":[{"@type":"ReadAction","target":["https:\/\/anderskafka.cz\/eshop\/produkt\/sentiotec-aroma-gel-do-infrasauny-kralovsky-eucament-80g\/"]}]},{"@type":"BreadcrumbList","@id":"https:\/\/anderskafka.cz\/eshop\/produkt\/sentiotec-aroma-gel-do-infrasauny-kralovsky-eucament-80g\/#breadcrumb","itemListElement":[{"@type":"ListItem","position":1,"name":"Obchod","item":"https:\/\/anderskafka.cz\/eshop\/obchod\/"},{"@type":"ListItem","position":2,"name":"HARVIA AUSTRIA aroma gel do infrasauny kr\u00e1lovsk\u00fd eucament, 80g"}]}]}},"locations":[],"_links":{"self":[{"href":"https:\/\/anderskafka.cz\/eshop\/wp-json\/wp\/v2\/product\/1846"}],"collection":[{"href":"https:\/\/anderskafka.cz\/eshop\/wp-json\/wp\/v2\/product"}],"about":[{"href":"https:\/\/anderskafka.cz\/eshop\/wp-json\/wp\/v2\/types\/product"}],"replies":[{"embeddable":true,"href":"https:\/\/anderskafka.cz\/eshop\/wp-json\/wp\/v2\/comments?post=1846"}],"wp:featuredmedia":[{"embeddable":true,"href":"https:\/\/anderskafka.cz\/eshop\/wp-json\/wp\/v2\/media\/12381"}],"wp:attachment":[{"href":"https:\/\/anderskafka.cz\/eshop\/wp-json\/wp\/v2\/media?parent=1846"}],"wp:term":[{"taxonomy":"location","embeddable":true,"href":"https:\/\/anderskafka.cz\/eshop\/wp-json\/wp\/v2\/location?post=1846"},{"taxonomy":"product_cat","embeddable":true,"href":"https:\/\/anderskafka.cz\/eshop\/wp-json\/wp\/v2\/product_cat?post=1846"},{"taxonomy":"product_tag","embeddable":true,"href":"https:\/\/anderskafka.cz\/eshop\/wp-json\/wp\/v2\/product_tag?post=1846"}],"curies":[{"name":"wp","href":"https:\/\/api.w.org\/{rel}","templated":true}]}}