{"id":1902,"date":"2023-02-24T21:58:45","date_gmt":"2023-02-24T20:58:45","guid":{"rendered":"https:\/\/anderskafka.cz\/eshop\/?post_type=product&#038;p=1902"},"modified":"2026-04-02T18:14:16","modified_gmt":"2026-04-02T16:14:16","slug":"sentiotec-interierova-infrasauna-omni-small","status":"publish","type":"product","link":"https:\/\/anderskafka.cz\/eshop\/produkt\/sentiotec-interierova-infrasauna-omni-small\/","title":{"rendered":"HARVIA AUSTRIA interi\u00e9rov\u00e1 infrasauna ONNI SMALL"},"content":{"rendered":"<p><strong>Vn\u011bj\u0161\u00ed rozm\u011bry infrasauny:<\/strong> \u0161\u00ed\u0159ka 130 cm, hloubka 104,3 cm a v\u00fd\u0161ka 200 cm.<br \/>\nInfrasauna v\u010detn\u011b interi\u00e9rov\u00e9ho vybaven\u00ed <span style=\"font-size: 16px\">je vyroben\u00e1 z<\/span>\u00a0<span style=\"font-size: 16px;font-style: normal\">d\u0159eviny\u00a0<\/span><span style=\"font-size: 16px\">Abachi tlou\u0161\u0165ky 46 mm, kter\u00e1 se vyzna\u010duje kr\u00e1snou vlasovou kresbou. Je to m\u011bk\u010d\u00ed, \u0159\u00eddk\u00e9, velmi lehk\u00e9 d\u0159evo, kter\u00e9 roste v Africe s n\u00edzkou tepelnou vodivost\u00ed, tak\u017ee je p\u0159\u00edjemn\u00e9 na sezen\u00ed v hork\u00e9 saun\u011b.\u00a0<\/span><\/p>\n<p><strong>Dve\u0159e<\/strong> jsou celosklen\u011bn\u00e9 s 6 mm kalen\u00fdm sklem, usazen\u00e9 v hlin\u00edkov\u00e9m r\u00e1mu v atraktivn\u00edm \u010dern\u00e9m proveden\u00ed. Dve\u0159e se otv\u00edraj\u00ed do prav\u00e9 strany. Pr\u016fchoz\u00ed rozm\u011br dve\u0159\u00ed je 59,2 x 186,6 cm.<\/p>\n<p>Infrasauna je vybavena <strong>LED\u00a0barevn\u00fdm osv\u011btlen\u00edm <\/strong>a sv\u011btlem na \u010dten\u00ed.<\/p>\n<p>Infrausauna je vybavena 2 kusy \u0161irokospektr\u00e1ln\u00edch infraz\u00e1\u0159i\u010d\u016f <strong>o v\u00fdkonu 400<\/strong> <strong>W <\/strong>pro <span style=\"font-size: 16px;font-style: normal\">proh\u0159\u00edv\u00e1n\u00ed zad<\/span>, kde infraz\u00e1\u0159en\u00ed m\u00e1 n\u00e1sleduj\u00edc\u00ed spectrum: kr\u00e1tk\u00e9 <strong>IR-A 9 %<\/strong>, st\u0159edn\u00ed\u00a0<strong>IR-B 24 %<\/strong> a dlouh\u00e9<strong>\u00a0IR-C 67 %<\/strong>.\u00a0<span style=\"font-size: 16px;font-style: normal\">Infrausauna je d\u00e1le vybavena 5 kusy\u00a0<\/span><span style=\"font-size: 16px;font-style: normal\">infra topn\u00fdch f\u00f3li\u00ed pro proh\u0159\u00edv\u00e1n\u00ed <\/span><span style=\"font-size: 16px;font-style: normal\">bok\u016f, l\u00fdtek a chodidel.\u00a0<\/span>\u0160irokospektr\u00e1ln\u00ed infraz\u00e1\u0159i\u010de zajist\u00ed proh\u0159\u00e1t\u00ed tk\u00e1n\u00ed, kloub\u016f a sval\u016f. Proh\u0159\u00edv\u00e1n\u00ed prob\u00edh\u00e1 do hloubky t\u011bla a doch\u00e1z\u00ed tak k v\u00fdborn\u00e9 regeneraci sval\u016f, \u0161lach a kloub\u016f a k uvoln\u011bn\u00ed namo\u017een\u00fdch a ztuhl\u00fdch \u010d\u00e1st\u00ed t\u011bla. Ka\u017ed\u00fd infraz\u00e1\u0159i\u010d je vybaven ochrann\u00fdm krytem proti pop\u00e1len\u00ed. Rozsah teplot lze nastavit v rozmez\u00ed 30 \u2013 70\u00b0C. D\u00edky ni\u017e\u0161\u00ed teplot\u011b je organismus minim\u00e1ln\u011b zat\u011b\u017eov\u00e1n.<\/p>\n<p><strong>Ovl\u00e1d\u00e1n\u00ed infrasauny <\/strong>je \u0159e\u0161eno pomoc\u00ed n\u00e1st\u011bnn\u00e9ho digit\u00e1ln\u00edho ovlada\u010de zapu\u0161t\u011bn\u00e9ho ve vnit\u0159n\u00ed st\u011bn\u011b infrasauny, s mo\u017enost\u00ed individu\u00e1ln\u00edho nastavov\u00e1n\u00ed a \u010dasov\u00e1n\u00ed re\u017eim\u016f infrasauny, v\u010detn\u011b ovl\u00e1d\u00e1n\u00ed sv\u011btel, r\u00e1dia, MP3 p\u0159ehr\u00e1va\u010de (USB nebo Bluetooth).<\/p>\n<p>Pro <em><strong>z<\/strong><\/em><strong>provozn\u011bn\u00ed <\/strong>infrasauny je pot\u0159eba m\u00edt v m\u00edst\u011b instalace infrasauny z\u00e1suvku 230 V s \u00a0ji\u0161t\u011bn\u00edm min. 1x16A. <strong>Mont\u00e1\u017e infrasauny <\/strong>typu<strong> PLUG &amp; PLAY\u00a0<\/strong>je jednoduch\u00e1 a pomoc\u00ed n\u00e1vodu a z\u00e1kladn\u00edho n\u00e1\u0159ad\u00ed ji zvl\u00e1dnete smontovat.<\/p>\n<p>Prostor, ve kter\u00e9 bude sauna instalov\u00e1na, mus\u00ed b\u00fdt such\u00fd a mus\u00ed zajistit odpov\u00eddaj\u00edc\u00ed mno\u017estv\u00ed vzduchu \u00a0s pevnou, vodot\u011bsnou a rovnou podlahou, doporu\u010dujeme\u00a0keramickou nebo\u00a0kamennou dla\u017ebu.\u00a0Pro mont\u00e1\u017e sauny je nutn\u00e1 minim\u00e1ln\u00ed v\u00fd\u0161ka m\u00edstnosti 230 cm. Ka\u017ed\u00e1 st\u011bna sauny mus\u00ed\u00a0b\u00fdt minim\u00e1ln\u011b ve vzd\u00e1lenosti \u00a05 cm od st\u011bn v prostoru kde bude sauna um\u00edst\u011bna.<\/p>\n<p style=\"font-weight: 400\">\u00a0D\u0159evo je p\u0159\u00edrodn\u00ed produkt, kter\u00fd m\u016f\u017ee i p\u0159es dobr\u00e9 skladov\u00e1n\u00ed bobtnat, smr\u0161\u0165ovat se nebo se kroutit. Z tohoto d\u016fvodu m\u016f\u017ee b\u00fdt b\u011bhem instalace zapot\u0159eb\u00ed ur\u010dit\u00e9 s\u00edly a pou\u017eit\u00ed z\u00e1kladn\u00edch truhl\u00e1\u0159sk\u00fdch n\u00e1stroj\u016f.\u00a0V\u0161echna \u0161rouben\u00ed mus\u00ed b\u00fdt p\u0159edvrt\u00e1na.\u00a0Elektrick\u00e9 p\u0159ipojen\u00ed sm\u00ed prov\u00e1d\u011bt pouze kvalifikovan\u00e1 osoba.<\/p>\n<p><img src=\"https:\/\/anderskafka.cz\/eshop\/wp-content\/uploads\/sites\/3\/2024\/06\/Anderskafka-objednate-relaxujete-PC.jpg\" \/><\/p>\n<p>Spole\u010dnost AndersKafka V\u00e1m tak\u00e9 nab\u00edz\u00ed dod\u00e1n\u00ed t\u00e9to infrasauny<strong> v\u010detn\u011b dovozu, mont\u00e1\u017ee a instalace.<\/strong>V p\u0159\u00edpad\u011b dod\u00e1vky infrasauny s mont\u00e1\u017e\u00ed do rodinn\u00e9ho domu, kde celkov\u00e1 podlahov\u00e1 plocha nep\u0159es\u00e1hne 350m<sup>2 \u00a0<\/sup>nebo bytu, kde celkov\u00e1 podlahov\u00e1 plocha nep\u0159es\u00e1hne 120m<sup>2 <\/sup>dle \u00a0\u00a748a, odst. 1 Z\u00e1kona o DPH a \u00a7121, odst. 1 z\u00e1kona \u010d. 40\/1964 Sb. Ob\u010dansk\u00e9ho z\u00e1kon\u00edku, \u00a0se pak bude aplikovat DPH pouze ve v\u00fd\u0161i 12%.<\/p>\n<p style=\"font-size: 16px;font-style: normal;font-weight: 400\"><strong>Cena dopravy<\/strong> <strong>a mont\u00e1\u017ee<\/strong> bude stanovena na z\u00e1klad\u011b vzd\u00e1lenosti\u00a0 z Miro\u0161ovic do m\u00edsta mont\u00e1\u017ee. Kontaktujte n\u00e1s na emailu office@anderskafka.cz nebo na tel. \u010d\u00edsle\u00a0 777 308 585.<\/p>\n<p><strong>Objedn\u00e1te, dovezeme, smontujeme, zapoj\u00edme, uklid\u00edme a po p\u00e1r hodin\u00e1ch se ji\u017e saunujete.<\/strong><\/p>\n","protected":false},"excerpt":{"rendered":"<p>Interi\u00e9rov\u00e1 voln\u011b stoj\u00edc\u00ed infrasauna pro 2 sed\u00edc\u00ed osoby s nad\u010dasov\u00fdm designem je vyroben\u00e1 z d\u0159eviny Abachi tlou\u0161\u0165ky 46 mm, kter\u00e1 se vyzna\u010duje kr\u00e1snou vlasovou kresbou. Sauna je vybavena jednodu\u0161e ovladateln\u00fdmi technologiemi a celoprosklenou \u010deln\u00ed plochou. Dve\u0159e z 6 mm kalen\u00e9ho skla s otv\u00edr\u00e1n\u00edm na pravou stranu jsou usazeny v \u010dern\u00e9m hlin\u00edkov\u00e9m r\u00e1mu, co\u017e dod\u00e1v\u00e1 saun\u011b vzdu\u0161n\u00fd a modern\u00ed vzhled. D\u00edky kompaktn\u00edm rozm\u011br\u016fm je ide\u00e1ln\u00ed pro men\u0161\u00ed interi\u00e9ry.<br \/>\n\u201eOnni\u201c ve fin\u0161tin\u011b znamen\u00e1 \u201e\u0161t\u011bst\u00ed\u201c \u2013 za\u017eijte \u0161\u0165astn\u00e9 chv\u00edle ve va\u0161\u00ed Onni saun\u011b.<\/p>\n<p><img loading=\"lazy\" class=\" wp-image-1323 alignleft\" src=\"https:\/\/anderskafka.cz\/eshop\/wp-content\/uploads\/sites\/3\/2022\/12\/logoHarvia.png\" alt=\"\" width=\"55\" height=\"55\" srcset=\"https:\/\/anderskafka.cz\/eshop\/wp-content\/uploads\/sites\/3\/2022\/12\/logoHarvia.png 102w, https:\/\/anderskafka.cz\/eshop\/wp-content\/uploads\/sites\/3\/2022\/12\/logoHarvia-100x100.png 100w, https:\/\/anderskafka.cz\/eshop\/wp-content\/uploads\/sites\/3\/2022\/12\/logoHarvia-64x64.png 64w\" sizes=\"(max-width: 55px) 100vw, 55px\" \/><\/p>\n<p>Spole\u010dnost HARVIA AUSTRIA vyv\u00edj\u00ed a vyr\u00e1b\u00ed kvalitn\u00ed a inovativn\u00ed produkty ur\u010den\u00e9 k tomu, aby Va\u0161e chv\u00edle str\u00e1ven\u00e9 v saun\u011b byly co nejv\u00edce relaxuj\u00edc\u00ed.<\/p>\n<p>&nbsp;<\/p>\n<p><button class=\"button poptavka\" style=\"border-radius: 3px; padding: 12px 24px; font-weight: 400; font-size: 14px; letter-spacing: 1px; background-color: #f96d3b; color: #fff; border: none; cursor: pointer;\" aria-label=\"Otev\u0159\u00edt\"> M\u00e1m z\u00e1jem o tento produkt <\/button><\/p>\n<p>&nbsp;<\/p>\n","protected":false},"featured_media":1904,"comment_status":"open","ping_status":"closed","template":"","meta":{"site-sidebar-layout":"default","site-content-layout":"default","ast-main-header-display":"","ast-hfb-above-header-display":"","ast-hfb-below-header-display":"","ast-hfb-mobile-header-display":"","site-post-title":"","ast-breadcrumbs-content":"","ast-featured-img":"","footer-sml-layout":"","theme-transparent-header-meta":"","adv-header-id-meta":"","stick-header-meta":"","header-above-stick-meta":"","header-main-stick-meta":"","header-below-stick-meta":""},"location":[],"product_cat":[547],"product_tag":[324],"yoast_head":"<!-- This site is optimized with the Yoast SEO plugin v18.5.1 - https:\/\/yoast.com\/wordpress\/plugins\/seo\/ -->\n<title>HARVIA AUSTRIA interi\u00e9rov\u00e1 infrasauna ONNI SMALL - Anders &amp; Kafka E-SHOP<\/title>\n<meta name=\"description\" content=\"Interi\u00e9rov\u00e1 voln\u011b stoj\u00edc\u00ed infrasauna pro 2 sed\u00edc\u00ed osoby s nad\u010dasov\u00fdm designem je vyroben\u00e1 z d\u0159eviny Abachi tlou\u0161\u0165ky 46 mm, kter\u00e1 se vyzna\u010duje kr\u00e1snou vlasovou kresbou. Sauna je vybavena jednodu\u0161e ovladateln\u00fdmi technologiemi a celoprosklenou \u010deln\u00ed plochou. Dve\u0159e z 6 mm kalen\u00e9ho skla s otv\u00edr\u00e1n\u00edm na pravou stranu jsou usazeny v \u010dern\u00e9m hlin\u00edkov\u00e9m r\u00e1mu, co\u017e dod\u00e1v\u00e1 saun\u011b vzdu\u0161n\u00fd a modern\u00ed vzhled. D\u00edky kompaktn\u00edm rozm\u011br\u016fm je ide\u00e1ln\u00ed pro men\u0161\u00ed interi\u00e9ry. \u201eOnni\u201c ve fin\u0161tin\u011b znamen\u00e1 \u201e\u0161t\u011bst\u00ed\u201c \u2013 za\u017eijte \u0161\u0165astn\u00e9 chv\u00edle ve va\u0161\u00ed Onni saun\u011b.    Spole\u010dnost HARVIA AUSTRIA vyv\u00edj\u00ed a vyr\u00e1b\u00ed kvalitn\u00ed a inovativn\u00ed produkty ur\u010den\u00e9 k tomu, aby Va\u0161e chv\u00edle str\u00e1ven\u00e9 v saun\u011b byly co nejv\u00edce relaxuj\u00edc\u00ed.  &nbsp;   M\u00e1m z\u00e1jem o tento produkt   &nbsp;\" \/>\n<meta name=\"robots\" content=\"index, follow, max-snippet:-1, max-image-preview:large, max-video-preview:-1\" \/>\n<link rel=\"canonical\" href=\"https:\/\/anderskafka.cz\/eshop\/produkt\/sentiotec-interierova-infrasauna-omni-small\/\" \/>\n<meta property=\"og:locale\" content=\"cs_CZ\" \/>\n<meta property=\"og:type\" content=\"article\" \/>\n<meta property=\"og:title\" content=\"HARVIA AUSTRIA interi\u00e9rov\u00e1 infrasauna ONNI SMALL - Anders &amp; Kafka E-SHOP\" \/>\n<meta property=\"og:description\" content=\"Interi\u00e9rov\u00e1 voln\u011b stoj\u00edc\u00ed infrasauna pro 2 sed\u00edc\u00ed osoby s nad\u010dasov\u00fdm designem je vyroben\u00e1 z d\u0159eviny Abachi tlou\u0161\u0165ky 46 mm, kter\u00e1 se vyzna\u010duje kr\u00e1snou vlasovou kresbou. Sauna je vybavena jednodu\u0161e ovladateln\u00fdmi technologiemi a celoprosklenou \u010deln\u00ed plochou. Dve\u0159e z 6 mm kalen\u00e9ho skla s otv\u00edr\u00e1n\u00edm na pravou stranu jsou usazeny v \u010dern\u00e9m hlin\u00edkov\u00e9m r\u00e1mu, co\u017e dod\u00e1v\u00e1 saun\u011b vzdu\u0161n\u00fd a modern\u00ed vzhled. D\u00edky kompaktn\u00edm rozm\u011br\u016fm je ide\u00e1ln\u00ed pro men\u0161\u00ed interi\u00e9ry. \u201eOnni\u201c ve fin\u0161tin\u011b znamen\u00e1 \u201e\u0161t\u011bst\u00ed\u201c \u2013 za\u017eijte \u0161\u0165astn\u00e9 chv\u00edle ve va\u0161\u00ed Onni saun\u011b.    Spole\u010dnost HARVIA AUSTRIA vyv\u00edj\u00ed a vyr\u00e1b\u00ed kvalitn\u00ed a inovativn\u00ed produkty ur\u010den\u00e9 k tomu, aby Va\u0161e chv\u00edle str\u00e1ven\u00e9 v saun\u011b byly co nejv\u00edce relaxuj\u00edc\u00ed.  &nbsp;   M\u00e1m z\u00e1jem o tento produkt   &nbsp;\" \/>\n<meta property=\"og:url\" content=\"https:\/\/anderskafka.cz\/eshop\/produkt\/sentiotec-interierova-infrasauna-omni-small\/\" \/>\n<meta property=\"og:site_name\" content=\"Anders &amp; Kafka E-SHOP\" \/>\n<meta property=\"article:modified_time\" content=\"2026-04-02T16:14:16+00:00\" \/>\n<meta property=\"og:image\" content=\"https:\/\/anderskafka.cz\/eshop\/wp-content\/uploads\/sites\/3\/2023\/02\/Sentiotec_Onni-Small_IR-ONNI-130-104_p1.jpeg\" \/>\n\t<meta property=\"og:image:width\" content=\"2000\" \/>\n\t<meta property=\"og:image:height\" content=\"1404\" \/>\n\t<meta property=\"og:image:type\" content=\"image\/jpeg\" \/>\n<meta name=\"twitter:card\" content=\"summary_large_image\" \/>\n<meta name=\"twitter:label1\" content=\"Odhadovan\u00e1 doba \u010dten\u00ed\" \/>\n\t<meta name=\"twitter:data1\" content=\"3 minuty\" \/>\n<script type=\"application\/ld+json\" class=\"yoast-schema-graph\">{\"@context\":\"https:\/\/schema.org\",\"@graph\":[{\"@type\":\"WebSite\",\"@id\":\"https:\/\/anderskafka.cz\/eshop\/#website\",\"url\":\"https:\/\/anderskafka.cz\/eshop\/\",\"name\":\"Anders &amp; Kafka E-SHOP\",\"description\":\"Anders &amp; Kafka E-SHOP\",\"potentialAction\":[{\"@type\":\"SearchAction\",\"target\":{\"@type\":\"EntryPoint\",\"urlTemplate\":\"https:\/\/anderskafka.cz\/eshop\/?s={search_term_string}\"},\"query-input\":\"required name=search_term_string\"}],\"inLanguage\":\"cs\"},{\"@type\":\"ImageObject\",\"@id\":\"https:\/\/anderskafka.cz\/eshop\/produkt\/sentiotec-interierova-infrasauna-omni-small\/#primaryimage\",\"inLanguage\":\"cs\",\"url\":\"https:\/\/anderskafka.cz\/eshop\/wp-content\/uploads\/sites\/3\/2023\/02\/Sentiotec_Onni-Small_IR-ONNI-130-104_p1.jpeg\",\"contentUrl\":\"https:\/\/anderskafka.cz\/eshop\/wp-content\/uploads\/sites\/3\/2023\/02\/Sentiotec_Onni-Small_IR-ONNI-130-104_p1.jpeg\",\"width\":2000,\"height\":1404},{\"@type\":\"WebPage\",\"@id\":\"https:\/\/anderskafka.cz\/eshop\/produkt\/sentiotec-interierova-infrasauna-omni-small\/#webpage\",\"url\":\"https:\/\/anderskafka.cz\/eshop\/produkt\/sentiotec-interierova-infrasauna-omni-small\/\",\"name\":\"HARVIA AUSTRIA interi\u00e9rov\u00e1 infrasauna ONNI SMALL - Anders &amp; Kafka E-SHOP\",\"isPartOf\":{\"@id\":\"https:\/\/anderskafka.cz\/eshop\/#website\"},\"primaryImageOfPage\":{\"@id\":\"https:\/\/anderskafka.cz\/eshop\/produkt\/sentiotec-interierova-infrasauna-omni-small\/#primaryimage\"},\"datePublished\":\"2023-02-24T20:58:45+00:00\",\"dateModified\":\"2026-04-02T16:14:16+00:00\",\"description\":\"Interi\u00e9rov\u00e1 voln\u011b stoj\u00edc\u00ed infrasauna pro 2 sed\u00edc\u00ed osoby s nad\u010dasov\u00fdm designem je vyroben\u00e1 z d\u0159eviny Abachi tlou\u0161\u0165ky 46 mm, kter\u00e1 se vyzna\u010duje kr\u00e1snou vlasovou kresbou. Sauna je vybavena jednodu\u0161e ovladateln\u00fdmi technologiemi a celoprosklenou \u010deln\u00ed plochou. Dve\u0159e z 6 mm kalen\u00e9ho skla s otv\u00edr\u00e1n\u00edm na pravou stranu jsou usazeny v \u010dern\u00e9m hlin\u00edkov\u00e9m r\u00e1mu, co\u017e dod\u00e1v\u00e1 saun\u011b vzdu\u0161n\u00fd a modern\u00ed vzhled. D\u00edky kompaktn\u00edm rozm\u011br\u016fm je ide\u00e1ln\u00ed pro men\u0161\u00ed interi\u00e9ry. \u201eOnni\u201c ve fin\u0161tin\u011b znamen\u00e1 \u201e\u0161t\u011bst\u00ed\u201c \u2013 za\u017eijte \u0161\u0165astn\u00e9 chv\u00edle ve va\u0161\u00ed Onni saun\u011b. Spole\u010dnost HARVIA AUSTRIA vyv\u00edj\u00ed a vyr\u00e1b\u00ed kvalitn\u00ed a inovativn\u00ed produkty ur\u010den\u00e9 k tomu, aby Va\u0161e chv\u00edle str\u00e1ven\u00e9 v saun\u011b byly co nejv\u00edce relaxuj\u00edc\u00ed. &nbsp; M\u00e1m z\u00e1jem o tento produkt &nbsp;\",\"breadcrumb\":{\"@id\":\"https:\/\/anderskafka.cz\/eshop\/produkt\/sentiotec-interierova-infrasauna-omni-small\/#breadcrumb\"},\"inLanguage\":\"cs\",\"potentialAction\":[{\"@type\":\"ReadAction\",\"target\":[\"https:\/\/anderskafka.cz\/eshop\/produkt\/sentiotec-interierova-infrasauna-omni-small\/\"]}]},{\"@type\":\"BreadcrumbList\",\"@id\":\"https:\/\/anderskafka.cz\/eshop\/produkt\/sentiotec-interierova-infrasauna-omni-small\/#breadcrumb\",\"itemListElement\":[{\"@type\":\"ListItem\",\"position\":1,\"name\":\"Obchod\",\"item\":\"https:\/\/anderskafka.cz\/eshop\/obchod\/\"},{\"@type\":\"ListItem\",\"position\":2,\"name\":\"HARVIA AUSTRIA interi\u00e9rov\u00e1 infrasauna ONNI SMALL\"}]}]}<\/script>\n<!-- \/ Yoast SEO plugin. -->","yoast_head_json":{"title":"HARVIA AUSTRIA interi\u00e9rov\u00e1 infrasauna ONNI SMALL - Anders &amp; Kafka E-SHOP","description":"Interi\u00e9rov\u00e1 voln\u011b stoj\u00edc\u00ed infrasauna pro 2 sed\u00edc\u00ed osoby s nad\u010dasov\u00fdm designem je vyroben\u00e1 z d\u0159eviny Abachi tlou\u0161\u0165ky 46 mm, kter\u00e1 se vyzna\u010duje kr\u00e1snou vlasovou kresbou. Sauna je vybavena jednodu\u0161e ovladateln\u00fdmi technologiemi a celoprosklenou \u010deln\u00ed plochou. Dve\u0159e z 6 mm kalen\u00e9ho skla s otv\u00edr\u00e1n\u00edm na pravou stranu jsou usazeny v \u010dern\u00e9m hlin\u00edkov\u00e9m r\u00e1mu, co\u017e dod\u00e1v\u00e1 saun\u011b vzdu\u0161n\u00fd a modern\u00ed vzhled. D\u00edky kompaktn\u00edm rozm\u011br\u016fm je ide\u00e1ln\u00ed pro men\u0161\u00ed interi\u00e9ry. \u201eOnni\u201c ve fin\u0161tin\u011b znamen\u00e1 \u201e\u0161t\u011bst\u00ed\u201c \u2013 za\u017eijte \u0161\u0165astn\u00e9 chv\u00edle ve va\u0161\u00ed Onni saun\u011b.    Spole\u010dnost HARVIA AUSTRIA vyv\u00edj\u00ed a vyr\u00e1b\u00ed kvalitn\u00ed a inovativn\u00ed produkty ur\u010den\u00e9 k tomu, aby Va\u0161e chv\u00edle str\u00e1ven\u00e9 v saun\u011b byly co nejv\u00edce relaxuj\u00edc\u00ed.  &nbsp;   M\u00e1m z\u00e1jem o tento produkt   &nbsp;","robots":{"index":"index","follow":"follow","max-snippet":"max-snippet:-1","max-image-preview":"max-image-preview:large","max-video-preview":"max-video-preview:-1"},"canonical":"https:\/\/anderskafka.cz\/eshop\/produkt\/sentiotec-interierova-infrasauna-omni-small\/","og_locale":"cs_CZ","og_type":"article","og_title":"HARVIA AUSTRIA interi\u00e9rov\u00e1 infrasauna ONNI SMALL - Anders &amp; Kafka E-SHOP","og_description":"Interi\u00e9rov\u00e1 voln\u011b stoj\u00edc\u00ed infrasauna pro 2 sed\u00edc\u00ed osoby s nad\u010dasov\u00fdm designem je vyroben\u00e1 z d\u0159eviny Abachi tlou\u0161\u0165ky 46 mm, kter\u00e1 se vyzna\u010duje kr\u00e1snou vlasovou kresbou. Sauna je vybavena jednodu\u0161e ovladateln\u00fdmi technologiemi a celoprosklenou \u010deln\u00ed plochou. Dve\u0159e z 6 mm kalen\u00e9ho skla s otv\u00edr\u00e1n\u00edm na pravou stranu jsou usazeny v \u010dern\u00e9m hlin\u00edkov\u00e9m r\u00e1mu, co\u017e dod\u00e1v\u00e1 saun\u011b vzdu\u0161n\u00fd a modern\u00ed vzhled. D\u00edky kompaktn\u00edm rozm\u011br\u016fm je ide\u00e1ln\u00ed pro men\u0161\u00ed interi\u00e9ry. \u201eOnni\u201c ve fin\u0161tin\u011b znamen\u00e1 \u201e\u0161t\u011bst\u00ed\u201c \u2013 za\u017eijte \u0161\u0165astn\u00e9 chv\u00edle ve va\u0161\u00ed Onni saun\u011b.    Spole\u010dnost HARVIA AUSTRIA vyv\u00edj\u00ed a vyr\u00e1b\u00ed kvalitn\u00ed a inovativn\u00ed produkty ur\u010den\u00e9 k tomu, aby Va\u0161e chv\u00edle str\u00e1ven\u00e9 v saun\u011b byly co nejv\u00edce relaxuj\u00edc\u00ed.  &nbsp;   M\u00e1m z\u00e1jem o tento produkt   &nbsp;","og_url":"https:\/\/anderskafka.cz\/eshop\/produkt\/sentiotec-interierova-infrasauna-omni-small\/","og_site_name":"Anders &amp; Kafka E-SHOP","article_modified_time":"2026-04-02T16:14:16+00:00","og_image":[{"width":2000,"height":1404,"url":"https:\/\/anderskafka.cz\/eshop\/wp-content\/uploads\/sites\/3\/2023\/02\/Sentiotec_Onni-Small_IR-ONNI-130-104_p1.jpeg","type":"image\/jpeg"}],"twitter_card":"summary_large_image","twitter_misc":{"Odhadovan\u00e1 doba \u010dten\u00ed":"3 minuty"},"schema":{"@context":"https:\/\/schema.org","@graph":[{"@type":"WebSite","@id":"https:\/\/anderskafka.cz\/eshop\/#website","url":"https:\/\/anderskafka.cz\/eshop\/","name":"Anders &amp; Kafka E-SHOP","description":"Anders &amp; Kafka E-SHOP","potentialAction":[{"@type":"SearchAction","target":{"@type":"EntryPoint","urlTemplate":"https:\/\/anderskafka.cz\/eshop\/?s={search_term_string}"},"query-input":"required name=search_term_string"}],"inLanguage":"cs"},{"@type":"ImageObject","@id":"https:\/\/anderskafka.cz\/eshop\/produkt\/sentiotec-interierova-infrasauna-omni-small\/#primaryimage","inLanguage":"cs","url":"https:\/\/anderskafka.cz\/eshop\/wp-content\/uploads\/sites\/3\/2023\/02\/Sentiotec_Onni-Small_IR-ONNI-130-104_p1.jpeg","contentUrl":"https:\/\/anderskafka.cz\/eshop\/wp-content\/uploads\/sites\/3\/2023\/02\/Sentiotec_Onni-Small_IR-ONNI-130-104_p1.jpeg","width":2000,"height":1404},{"@type":"WebPage","@id":"https:\/\/anderskafka.cz\/eshop\/produkt\/sentiotec-interierova-infrasauna-omni-small\/#webpage","url":"https:\/\/anderskafka.cz\/eshop\/produkt\/sentiotec-interierova-infrasauna-omni-small\/","name":"HARVIA AUSTRIA interi\u00e9rov\u00e1 infrasauna ONNI SMALL - Anders &amp; Kafka E-SHOP","isPartOf":{"@id":"https:\/\/anderskafka.cz\/eshop\/#website"},"primaryImageOfPage":{"@id":"https:\/\/anderskafka.cz\/eshop\/produkt\/sentiotec-interierova-infrasauna-omni-small\/#primaryimage"},"datePublished":"2023-02-24T20:58:45+00:00","dateModified":"2026-04-02T16:14:16+00:00","description":"Interi\u00e9rov\u00e1 voln\u011b stoj\u00edc\u00ed infrasauna pro 2 sed\u00edc\u00ed osoby s nad\u010dasov\u00fdm designem je vyroben\u00e1 z d\u0159eviny Abachi tlou\u0161\u0165ky 46 mm, kter\u00e1 se vyzna\u010duje kr\u00e1snou vlasovou kresbou. Sauna je vybavena jednodu\u0161e ovladateln\u00fdmi technologiemi a celoprosklenou \u010deln\u00ed plochou. Dve\u0159e z 6 mm kalen\u00e9ho skla s otv\u00edr\u00e1n\u00edm na pravou stranu jsou usazeny v \u010dern\u00e9m hlin\u00edkov\u00e9m r\u00e1mu, co\u017e dod\u00e1v\u00e1 saun\u011b vzdu\u0161n\u00fd a modern\u00ed vzhled. D\u00edky kompaktn\u00edm rozm\u011br\u016fm je ide\u00e1ln\u00ed pro men\u0161\u00ed interi\u00e9ry. \u201eOnni\u201c ve fin\u0161tin\u011b znamen\u00e1 \u201e\u0161t\u011bst\u00ed\u201c \u2013 za\u017eijte \u0161\u0165astn\u00e9 chv\u00edle ve va\u0161\u00ed Onni saun\u011b. Spole\u010dnost HARVIA AUSTRIA vyv\u00edj\u00ed a vyr\u00e1b\u00ed kvalitn\u00ed a inovativn\u00ed produkty ur\u010den\u00e9 k tomu, aby Va\u0161e chv\u00edle str\u00e1ven\u00e9 v saun\u011b byly co nejv\u00edce relaxuj\u00edc\u00ed. &nbsp; M\u00e1m z\u00e1jem o tento produkt &nbsp;","breadcrumb":{"@id":"https:\/\/anderskafka.cz\/eshop\/produkt\/sentiotec-interierova-infrasauna-omni-small\/#breadcrumb"},"inLanguage":"cs","potentialAction":[{"@type":"ReadAction","target":["https:\/\/anderskafka.cz\/eshop\/produkt\/sentiotec-interierova-infrasauna-omni-small\/"]}]},{"@type":"BreadcrumbList","@id":"https:\/\/anderskafka.cz\/eshop\/produkt\/sentiotec-interierova-infrasauna-omni-small\/#breadcrumb","itemListElement":[{"@type":"ListItem","position":1,"name":"Obchod","item":"https:\/\/anderskafka.cz\/eshop\/obchod\/"},{"@type":"ListItem","position":2,"name":"HARVIA AUSTRIA interi\u00e9rov\u00e1 infrasauna ONNI SMALL"}]}]}},"locations":[],"_links":{"self":[{"href":"https:\/\/anderskafka.cz\/eshop\/wp-json\/wp\/v2\/product\/1902"}],"collection":[{"href":"https:\/\/anderskafka.cz\/eshop\/wp-json\/wp\/v2\/product"}],"about":[{"href":"https:\/\/anderskafka.cz\/eshop\/wp-json\/wp\/v2\/types\/product"}],"replies":[{"embeddable":true,"href":"https:\/\/anderskafka.cz\/eshop\/wp-json\/wp\/v2\/comments?post=1902"}],"wp:featuredmedia":[{"embeddable":true,"href":"https:\/\/anderskafka.cz\/eshop\/wp-json\/wp\/v2\/media\/1904"}],"wp:attachment":[{"href":"https:\/\/anderskafka.cz\/eshop\/wp-json\/wp\/v2\/media?parent=1902"}],"wp:term":[{"taxonomy":"location","embeddable":true,"href":"https:\/\/anderskafka.cz\/eshop\/wp-json\/wp\/v2\/location?post=1902"},{"taxonomy":"product_cat","embeddable":true,"href":"https:\/\/anderskafka.cz\/eshop\/wp-json\/wp\/v2\/product_cat?post=1902"},{"taxonomy":"product_tag","embeddable":true,"href":"https:\/\/anderskafka.cz\/eshop\/wp-json\/wp\/v2\/product_tag?post=1902"}],"curies":[{"name":"wp","href":"https:\/\/api.w.org\/{rel}","templated":true}]}}