{"id":2002,"date":"2023-03-02T17:06:32","date_gmt":"2023-03-02T16:06:32","guid":{"rendered":"https:\/\/anderskafka.cz\/eshop\/?post_type=product&#038;p=2002"},"modified":"2026-01-15T12:36:25","modified_gmt":"2026-01-15T11:36:25","slug":"lapuan-kankurit-saunova-sedaci-podlozka-ruusu-sedozelena","status":"publish","type":"product","link":"https:\/\/anderskafka.cz\/eshop\/produkt\/lapuan-kankurit-saunova-sedaci-podlozka-ruusu-sedozelena\/","title":{"rendered":"LAPUAN KANKURIT saunov\u00e1 podlo\u017eka ruusu, \u0161edozelen\u00e1"},"content":{"rendered":"<div>\n<div>\n<div>\n<p>Saunov\u00e9 podlo\u017eky nab\u00edz\u00edme ve dvou variant\u00e1ch: sedac\u00ed podlo\u017eka 60\u00d760 cm a podlo\u017eka na le\u017een\u00ed 60\u00d7150 cm.<\/p>\n<p>Tuto podlo\u017eku Ruusu navrhla pro spole\u010dnost Lapuan Kankurit finsk\u00e1 design\u00e9rka Reeta Ek, kter\u00e1 v roce 2017 z\u00edskala finskou cenu Young Designer of the Year. Kolekce Ruusu vznikla ve spolupr\u00e1ci s finsk\u00fdm n\u00e1rodn\u00edm muzeem a je inspirov\u00e1na r\u016f\u017eemi a n\u00e1rodn\u00edm romantismem.<\/p>\n<\/div>\n<p>S touto \u00fa\u017easnou podlo\u017ekou bude Va\u0161e saunov\u00e1n\u00ed p\u0159\u00edjemn\u011bj\u0161\u00ed a pohodln\u011bj\u0161\u00ed. Vyv\u00e1\u017een\u00fd pom\u011br lnu a bavlny dod\u00e1v\u00e1 textiln\u00edm saunov\u00fdm dopl\u0148k\u016fm Lapuan Kankurit v\u00fdbornou pevnost, odolnost a z\u00e1rove\u0148 savost.<\/p>\n<p>Saunov\u00e1 podlo\u017eka Ruusu je vyroben\u00e1 ze 60% lnu (len vyp\u011bstovan\u00fd v Normandii s certifik\u00e1tem \u00d6KO-TEX\u00ae) a 40% biobavlny. P\u0159i p\u00e9\u010di o v\u00fdrobek se \u0159i\u010fte o\u0161et\u0159ovac\u00edmi symboly uveden\u00fdmi na v\u00fdrobku. Perte na 40\u00b0C. Nezapome\u0148te textilie ze sauny vyndat v\u017edy po saunov\u00e1n\u00ed, textil v saun\u011b nesu\u0161te.<\/p>\n<\/div>\n<p>Saunov\u00fd pol\u0161t\u00e1\u0159 ani ostatn\u00ed dopl\u0148ky nejsou sou\u010d\u00e1st\u00ed balen\u00ed.<\/p>\n<\/div>\n","protected":false},"excerpt":{"rendered":"<div>\n<p>S touto \u00fa\u017easnou saunovou podlo\u017ekou bude Va\u0161e saunov\u00e1n\u00ed p\u0159\u00edjemn\u011bj\u0161\u00ed a pohodln\u011bj\u0161\u00ed. Podlo\u017eky nab\u00edz\u00edme ve dvou variant\u00e1ch: sedac\u00ed podlo\u017eka 60\u00d760 cm a podlo\u017eka na le\u017een\u00ed 60\u00d7150 cm.<\/p>\n<div>\n<p><span style=\"font-size: 16px\">Textiln\u00ed v\u00fdrobky Lapuan Kankurit vyroben\u00e9 a navr\u017een\u00e9 ve Finsku spojuj\u00ed \u0161pi\u010dkov\u00e9 materi\u00e1ly, modern\u00ed technologie, kreativitu nejlep\u0161\u00edch finsk\u00fdch design\u00e9r\u016f a historii rodinn\u00e9 textiln\u00ed v\u00fdroby od roku 1917.<\/span><\/p>\n<\/div>\n<\/div>\n<p><img loading=\"lazy\" class=\"alignnone size-medium wp-image-1579\" src=\"https:\/\/anderskafka.cz\/eshop\/wp-content\/uploads\/sites\/3\/2022\/12\/MADEINFINNLAND-300x246.jpg\" alt=\"\" width=\"300\" height=\"246\" srcset=\"https:\/\/anderskafka.cz\/eshop\/wp-content\/uploads\/sites\/3\/2022\/12\/MADEINFINNLAND-300x246.jpg 300w, https:\/\/anderskafka.cz\/eshop\/wp-content\/uploads\/sites\/3\/2022\/12\/MADEINFINNLAND-64x52.jpg 64w, https:\/\/anderskafka.cz\/eshop\/wp-content\/uploads\/sites\/3\/2022\/12\/MADEINFINNLAND.jpg 500w\" sizes=\"(max-width: 300px) 100vw, 300px\" \/><img loading=\"lazy\" class=\"size-medium wp-image-1770 aligncenter\" src=\"https:\/\/anderskafka.cz\/eshop\/wp-content\/uploads\/sites\/3\/2023\/02\/MastersofLinen_BLEU-300x152.jpg\" alt=\"\" width=\"300\" height=\"152\" srcset=\"https:\/\/anderskafka.cz\/eshop\/wp-content\/uploads\/sites\/3\/2023\/02\/MastersofLinen_BLEU-300x152.jpg 300w, https:\/\/anderskafka.cz\/eshop\/wp-content\/uploads\/sites\/3\/2023\/02\/MastersofLinen_BLEU-1024x518.jpg 1024w, https:\/\/anderskafka.cz\/eshop\/wp-content\/uploads\/sites\/3\/2023\/02\/MastersofLinen_BLEU-768x389.jpg 768w, https:\/\/anderskafka.cz\/eshop\/wp-content\/uploads\/sites\/3\/2023\/02\/MastersofLinen_BLEU-700x354.jpg 700w, https:\/\/anderskafka.cz\/eshop\/wp-content\/uploads\/sites\/3\/2023\/02\/MastersofLinen_BLEU-64x32.jpg 64w, https:\/\/anderskafka.cz\/eshop\/wp-content\/uploads\/sites\/3\/2023\/02\/MastersofLinen_BLEU.jpg 1462w\" sizes=\"(max-width: 300px) 100vw, 300px\" \/><\/p>\n","protected":false},"featured_media":1984,"comment_status":"open","ping_status":"closed","template":"","meta":{"site-sidebar-layout":"default","site-content-layout":"default","ast-main-header-display":"","ast-hfb-above-header-display":"","ast-hfb-below-header-display":"","ast-hfb-mobile-header-display":"","site-post-title":"","ast-breadcrumbs-content":"","ast-featured-img":"","footer-sml-layout":"","theme-transparent-header-meta":"","adv-header-id-meta":"","stick-header-meta":"","header-above-stick-meta":"","header-main-stick-meta":"","header-below-stick-meta":""},"location":[],"product_cat":[35],"product_tag":[556],"yoast_head":"<!-- This site is optimized with the Yoast SEO plugin v18.5.1 - https:\/\/yoast.com\/wordpress\/plugins\/seo\/ -->\n<title>LAPUAN KANKURIT saunov\u00e1 podlo\u017eka ruusu, \u0161edozelen\u00e1 - Anders &amp; Kafka E-SHOP<\/title>\n<meta name=\"description\" content=\"S touto \u00fa\u017easnou saunovou podlo\u017ekou bude Va\u0161e saunov\u00e1n\u00ed p\u0159\u00edjemn\u011bj\u0161\u00ed a pohodln\u011bj\u0161\u00ed. Podlo\u017eky nab\u00edz\u00edme ve dvou variant\u00e1ch: sedac\u00ed podlo\u017eka 60\u00d760 cm a podlo\u017eka na le\u017een\u00ed 60\u00d7150 cm.   Textiln\u00ed v\u00fdrobky Lapuan Kankurit vyroben\u00e9 a navr\u017een\u00e9 ve Finsku spojuj\u00ed \u0161pi\u010dkov\u00e9 materi\u00e1ly, modern\u00ed technologie, kreativitu nejlep\u0161\u00edch finsk\u00fdch design\u00e9r\u016f a historii rodinn\u00e9 textiln\u00ed v\u00fdroby od roku 1917.\" \/>\n<meta name=\"robots\" content=\"index, follow, max-snippet:-1, max-image-preview:large, max-video-preview:-1\" \/>\n<link rel=\"canonical\" href=\"https:\/\/anderskafka.cz\/eshop\/produkt\/lapuan-kankurit-saunova-sedaci-podlozka-ruusu-sedozelena\/\" \/>\n<meta property=\"og:locale\" content=\"cs_CZ\" \/>\n<meta property=\"og:type\" content=\"article\" \/>\n<meta property=\"og:title\" content=\"LAPUAN KANKURIT saunov\u00e1 podlo\u017eka ruusu, \u0161edozelen\u00e1 - Anders &amp; Kafka E-SHOP\" \/>\n<meta property=\"og:description\" content=\"S touto \u00fa\u017easnou saunovou podlo\u017ekou bude Va\u0161e saunov\u00e1n\u00ed p\u0159\u00edjemn\u011bj\u0161\u00ed a pohodln\u011bj\u0161\u00ed. Podlo\u017eky nab\u00edz\u00edme ve dvou variant\u00e1ch: sedac\u00ed podlo\u017eka 60\u00d760 cm a podlo\u017eka na le\u017een\u00ed 60\u00d7150 cm.   Textiln\u00ed v\u00fdrobky Lapuan Kankurit vyroben\u00e9 a navr\u017een\u00e9 ve Finsku spojuj\u00ed \u0161pi\u010dkov\u00e9 materi\u00e1ly, modern\u00ed technologie, kreativitu nejlep\u0161\u00edch finsk\u00fdch design\u00e9r\u016f a historii rodinn\u00e9 textiln\u00ed v\u00fdroby od roku 1917.\" \/>\n<meta property=\"og:url\" content=\"https:\/\/anderskafka.cz\/eshop\/produkt\/lapuan-kankurit-saunova-sedaci-podlozka-ruusu-sedozelena\/\" \/>\n<meta property=\"og:site_name\" content=\"Anders &amp; Kafka E-SHOP\" \/>\n<meta property=\"article:modified_time\" content=\"2026-01-15T11:36:25+00:00\" \/>\n<meta property=\"og:image\" content=\"https:\/\/anderskafka.cz\/eshop\/wp-content\/uploads\/sites\/3\/2023\/02\/lapuankankurit_ruusu_x_hvittrask_sauna_cover_white-aspen_green_2-1-987x1024.jpg\" \/>\n\t<meta property=\"og:image:width\" content=\"987\" \/>\n\t<meta property=\"og:image:height\" content=\"1024\" \/>\n\t<meta property=\"og:image:type\" content=\"image\/jpeg\" \/>\n<meta name=\"twitter:card\" content=\"summary_large_image\" \/>\n<meta name=\"twitter:label1\" content=\"Odhadovan\u00e1 doba \u010dten\u00ed\" \/>\n\t<meta name=\"twitter:data1\" content=\"1 minuta\" \/>\n<script type=\"application\/ld+json\" class=\"yoast-schema-graph\">{\"@context\":\"https:\/\/schema.org\",\"@graph\":[{\"@type\":\"WebSite\",\"@id\":\"https:\/\/anderskafka.cz\/eshop\/#website\",\"url\":\"https:\/\/anderskafka.cz\/eshop\/\",\"name\":\"Anders &amp; Kafka E-SHOP\",\"description\":\"Anders &amp; Kafka E-SHOP\",\"potentialAction\":[{\"@type\":\"SearchAction\",\"target\":{\"@type\":\"EntryPoint\",\"urlTemplate\":\"https:\/\/anderskafka.cz\/eshop\/?s={search_term_string}\"},\"query-input\":\"required name=search_term_string\"}],\"inLanguage\":\"cs\"},{\"@type\":\"ImageObject\",\"@id\":\"https:\/\/anderskafka.cz\/eshop\/produkt\/lapuan-kankurit-saunova-sedaci-podlozka-ruusu-sedozelena\/#primaryimage\",\"inLanguage\":\"cs\",\"url\":\"https:\/\/anderskafka.cz\/eshop\/wp-content\/uploads\/sites\/3\/2023\/02\/lapuankankurit_ruusu_x_hvittrask_sauna_cover_white-aspen_green_2-1.jpg\",\"contentUrl\":\"https:\/\/anderskafka.cz\/eshop\/wp-content\/uploads\/sites\/3\/2023\/02\/lapuankankurit_ruusu_x_hvittrask_sauna_cover_white-aspen_green_2-1.jpg\",\"width\":2049,\"height\":2126},{\"@type\":\"WebPage\",\"@id\":\"https:\/\/anderskafka.cz\/eshop\/produkt\/lapuan-kankurit-saunova-sedaci-podlozka-ruusu-sedozelena\/#webpage\",\"url\":\"https:\/\/anderskafka.cz\/eshop\/produkt\/lapuan-kankurit-saunova-sedaci-podlozka-ruusu-sedozelena\/\",\"name\":\"LAPUAN KANKURIT saunov\u00e1 podlo\u017eka ruusu, \u0161edozelen\u00e1 - Anders &amp; Kafka E-SHOP\",\"isPartOf\":{\"@id\":\"https:\/\/anderskafka.cz\/eshop\/#website\"},\"primaryImageOfPage\":{\"@id\":\"https:\/\/anderskafka.cz\/eshop\/produkt\/lapuan-kankurit-saunova-sedaci-podlozka-ruusu-sedozelena\/#primaryimage\"},\"datePublished\":\"2023-03-02T16:06:32+00:00\",\"dateModified\":\"2026-01-15T11:36:25+00:00\",\"description\":\"S touto \u00fa\u017easnou saunovou podlo\u017ekou bude Va\u0161e saunov\u00e1n\u00ed p\u0159\u00edjemn\u011bj\u0161\u00ed a pohodln\u011bj\u0161\u00ed. Podlo\u017eky nab\u00edz\u00edme ve dvou variant\u00e1ch: sedac\u00ed podlo\u017eka 60\u00d760 cm a podlo\u017eka na le\u017een\u00ed 60\u00d7150 cm. Textiln\u00ed v\u00fdrobky Lapuan Kankurit vyroben\u00e9 a navr\u017een\u00e9 ve Finsku spojuj\u00ed \u0161pi\u010dkov\u00e9 materi\u00e1ly, modern\u00ed technologie, kreativitu nejlep\u0161\u00edch finsk\u00fdch design\u00e9r\u016f a historii rodinn\u00e9 textiln\u00ed v\u00fdroby od roku 1917.\",\"breadcrumb\":{\"@id\":\"https:\/\/anderskafka.cz\/eshop\/produkt\/lapuan-kankurit-saunova-sedaci-podlozka-ruusu-sedozelena\/#breadcrumb\"},\"inLanguage\":\"cs\",\"potentialAction\":[{\"@type\":\"ReadAction\",\"target\":[\"https:\/\/anderskafka.cz\/eshop\/produkt\/lapuan-kankurit-saunova-sedaci-podlozka-ruusu-sedozelena\/\"]}]},{\"@type\":\"BreadcrumbList\",\"@id\":\"https:\/\/anderskafka.cz\/eshop\/produkt\/lapuan-kankurit-saunova-sedaci-podlozka-ruusu-sedozelena\/#breadcrumb\",\"itemListElement\":[{\"@type\":\"ListItem\",\"position\":1,\"name\":\"Obchod\",\"item\":\"https:\/\/anderskafka.cz\/eshop\/obchod\/\"},{\"@type\":\"ListItem\",\"position\":2,\"name\":\"LAPUAN KANKURIT saunov\u00e1 podlo\u017eka ruusu, \u0161edozelen\u00e1\"}]}]}<\/script>\n<!-- \/ Yoast SEO plugin. -->","yoast_head_json":{"title":"LAPUAN KANKURIT saunov\u00e1 podlo\u017eka ruusu, \u0161edozelen\u00e1 - Anders &amp; Kafka E-SHOP","description":"S touto \u00fa\u017easnou saunovou podlo\u017ekou bude Va\u0161e saunov\u00e1n\u00ed p\u0159\u00edjemn\u011bj\u0161\u00ed a pohodln\u011bj\u0161\u00ed. Podlo\u017eky nab\u00edz\u00edme ve dvou variant\u00e1ch: sedac\u00ed podlo\u017eka 60\u00d760 cm a podlo\u017eka na le\u017een\u00ed 60\u00d7150 cm.   Textiln\u00ed v\u00fdrobky Lapuan Kankurit vyroben\u00e9 a navr\u017een\u00e9 ve Finsku spojuj\u00ed \u0161pi\u010dkov\u00e9 materi\u00e1ly, modern\u00ed technologie, kreativitu nejlep\u0161\u00edch finsk\u00fdch design\u00e9r\u016f a historii rodinn\u00e9 textiln\u00ed v\u00fdroby od roku 1917.","robots":{"index":"index","follow":"follow","max-snippet":"max-snippet:-1","max-image-preview":"max-image-preview:large","max-video-preview":"max-video-preview:-1"},"canonical":"https:\/\/anderskafka.cz\/eshop\/produkt\/lapuan-kankurit-saunova-sedaci-podlozka-ruusu-sedozelena\/","og_locale":"cs_CZ","og_type":"article","og_title":"LAPUAN KANKURIT saunov\u00e1 podlo\u017eka ruusu, \u0161edozelen\u00e1 - Anders &amp; Kafka E-SHOP","og_description":"S touto \u00fa\u017easnou saunovou podlo\u017ekou bude Va\u0161e saunov\u00e1n\u00ed p\u0159\u00edjemn\u011bj\u0161\u00ed a pohodln\u011bj\u0161\u00ed. Podlo\u017eky nab\u00edz\u00edme ve dvou variant\u00e1ch: sedac\u00ed podlo\u017eka 60\u00d760 cm a podlo\u017eka na le\u017een\u00ed 60\u00d7150 cm.   Textiln\u00ed v\u00fdrobky Lapuan Kankurit vyroben\u00e9 a navr\u017een\u00e9 ve Finsku spojuj\u00ed \u0161pi\u010dkov\u00e9 materi\u00e1ly, modern\u00ed technologie, kreativitu nejlep\u0161\u00edch finsk\u00fdch design\u00e9r\u016f a historii rodinn\u00e9 textiln\u00ed v\u00fdroby od roku 1917.","og_url":"https:\/\/anderskafka.cz\/eshop\/produkt\/lapuan-kankurit-saunova-sedaci-podlozka-ruusu-sedozelena\/","og_site_name":"Anders &amp; Kafka E-SHOP","article_modified_time":"2026-01-15T11:36:25+00:00","og_image":[{"width":987,"height":1024,"url":"https:\/\/anderskafka.cz\/eshop\/wp-content\/uploads\/sites\/3\/2023\/02\/lapuankankurit_ruusu_x_hvittrask_sauna_cover_white-aspen_green_2-1-987x1024.jpg","type":"image\/jpeg"}],"twitter_card":"summary_large_image","twitter_misc":{"Odhadovan\u00e1 doba \u010dten\u00ed":"1 minuta"},"schema":{"@context":"https:\/\/schema.org","@graph":[{"@type":"WebSite","@id":"https:\/\/anderskafka.cz\/eshop\/#website","url":"https:\/\/anderskafka.cz\/eshop\/","name":"Anders &amp; Kafka E-SHOP","description":"Anders &amp; Kafka E-SHOP","potentialAction":[{"@type":"SearchAction","target":{"@type":"EntryPoint","urlTemplate":"https:\/\/anderskafka.cz\/eshop\/?s={search_term_string}"},"query-input":"required name=search_term_string"}],"inLanguage":"cs"},{"@type":"ImageObject","@id":"https:\/\/anderskafka.cz\/eshop\/produkt\/lapuan-kankurit-saunova-sedaci-podlozka-ruusu-sedozelena\/#primaryimage","inLanguage":"cs","url":"https:\/\/anderskafka.cz\/eshop\/wp-content\/uploads\/sites\/3\/2023\/02\/lapuankankurit_ruusu_x_hvittrask_sauna_cover_white-aspen_green_2-1.jpg","contentUrl":"https:\/\/anderskafka.cz\/eshop\/wp-content\/uploads\/sites\/3\/2023\/02\/lapuankankurit_ruusu_x_hvittrask_sauna_cover_white-aspen_green_2-1.jpg","width":2049,"height":2126},{"@type":"WebPage","@id":"https:\/\/anderskafka.cz\/eshop\/produkt\/lapuan-kankurit-saunova-sedaci-podlozka-ruusu-sedozelena\/#webpage","url":"https:\/\/anderskafka.cz\/eshop\/produkt\/lapuan-kankurit-saunova-sedaci-podlozka-ruusu-sedozelena\/","name":"LAPUAN KANKURIT saunov\u00e1 podlo\u017eka ruusu, \u0161edozelen\u00e1 - Anders &amp; Kafka E-SHOP","isPartOf":{"@id":"https:\/\/anderskafka.cz\/eshop\/#website"},"primaryImageOfPage":{"@id":"https:\/\/anderskafka.cz\/eshop\/produkt\/lapuan-kankurit-saunova-sedaci-podlozka-ruusu-sedozelena\/#primaryimage"},"datePublished":"2023-03-02T16:06:32+00:00","dateModified":"2026-01-15T11:36:25+00:00","description":"S touto \u00fa\u017easnou saunovou podlo\u017ekou bude Va\u0161e saunov\u00e1n\u00ed p\u0159\u00edjemn\u011bj\u0161\u00ed a pohodln\u011bj\u0161\u00ed. Podlo\u017eky nab\u00edz\u00edme ve dvou variant\u00e1ch: sedac\u00ed podlo\u017eka 60\u00d760 cm a podlo\u017eka na le\u017een\u00ed 60\u00d7150 cm. Textiln\u00ed v\u00fdrobky Lapuan Kankurit vyroben\u00e9 a navr\u017een\u00e9 ve Finsku spojuj\u00ed \u0161pi\u010dkov\u00e9 materi\u00e1ly, modern\u00ed technologie, kreativitu nejlep\u0161\u00edch finsk\u00fdch design\u00e9r\u016f a historii rodinn\u00e9 textiln\u00ed v\u00fdroby od roku 1917.","breadcrumb":{"@id":"https:\/\/anderskafka.cz\/eshop\/produkt\/lapuan-kankurit-saunova-sedaci-podlozka-ruusu-sedozelena\/#breadcrumb"},"inLanguage":"cs","potentialAction":[{"@type":"ReadAction","target":["https:\/\/anderskafka.cz\/eshop\/produkt\/lapuan-kankurit-saunova-sedaci-podlozka-ruusu-sedozelena\/"]}]},{"@type":"BreadcrumbList","@id":"https:\/\/anderskafka.cz\/eshop\/produkt\/lapuan-kankurit-saunova-sedaci-podlozka-ruusu-sedozelena\/#breadcrumb","itemListElement":[{"@type":"ListItem","position":1,"name":"Obchod","item":"https:\/\/anderskafka.cz\/eshop\/obchod\/"},{"@type":"ListItem","position":2,"name":"LAPUAN KANKURIT saunov\u00e1 podlo\u017eka ruusu, \u0161edozelen\u00e1"}]}]}},"locations":[],"_links":{"self":[{"href":"https:\/\/anderskafka.cz\/eshop\/wp-json\/wp\/v2\/product\/2002"}],"collection":[{"href":"https:\/\/anderskafka.cz\/eshop\/wp-json\/wp\/v2\/product"}],"about":[{"href":"https:\/\/anderskafka.cz\/eshop\/wp-json\/wp\/v2\/types\/product"}],"replies":[{"embeddable":true,"href":"https:\/\/anderskafka.cz\/eshop\/wp-json\/wp\/v2\/comments?post=2002"}],"wp:featuredmedia":[{"embeddable":true,"href":"https:\/\/anderskafka.cz\/eshop\/wp-json\/wp\/v2\/media\/1984"}],"wp:attachment":[{"href":"https:\/\/anderskafka.cz\/eshop\/wp-json\/wp\/v2\/media?parent=2002"}],"wp:term":[{"taxonomy":"location","embeddable":true,"href":"https:\/\/anderskafka.cz\/eshop\/wp-json\/wp\/v2\/location?post=2002"},{"taxonomy":"product_cat","embeddable":true,"href":"https:\/\/anderskafka.cz\/eshop\/wp-json\/wp\/v2\/product_cat?post=2002"},{"taxonomy":"product_tag","embeddable":true,"href":"https:\/\/anderskafka.cz\/eshop\/wp-json\/wp\/v2\/product_tag?post=2002"}],"curies":[{"name":"wp","href":"https:\/\/api.w.org\/{rel}","templated":true}]}}