{"id":2034,"date":"2023-03-05T20:07:52","date_gmt":"2023-03-05T19:07:52","guid":{"rendered":"https:\/\/anderskafka.cz\/eshop\/?post_type=product&#038;p=2034"},"modified":"2026-02-05T12:27:04","modified_gmt":"2026-02-05T11:27:04","slug":"concept-r-9kw-a-105-kw-designove-saunove-elektricke-topidlo-bez-ridici-jednotky","status":"publish","type":"product","link":"https:\/\/anderskafka.cz\/eshop\/produkt\/concept-r-9kw-a-105-kw-designove-saunove-elektricke-topidlo-bez-ridici-jednotky\/","title":{"rendered":"HARVIA AUSTRIA CONCEPT R \u2013 9KW a 10,5KW \u2013 saunov\u00e9 elektrick\u00e9 topidlo modern\u00edho vzhledu"},"content":{"rendered":"<p style=\"font-weight: 400\">Concept R pln\u00ed p\u0159\u00e1n\u00ed t\u011bch, kte\u0159\u00ed maj\u00ed nejexkluzivn\u011bj\u0161\u00ed vkus na vybaven\u00ed sauny. Pe\u010dliv\u011b vybran\u00e9 materi\u00e1ly a inovativn\u00ed konstrukce d\u011blaj\u00ed z Conceptu R perfektn\u00ed volbu pro rozm\u011brov\u011b v\u011bt\u0161\u00ed sauny.<\/p>\n<p style=\"font-weight: 400\"><span class=\"y2iqfc\">Rychl\u00e1 a snadn\u00e1 mont\u00e1\u017e.<br \/>\n<\/span>Ur\u010deno pro mont\u00e1\u017e na podlahu, v\u00fd\u0161kov\u011b nastaviteln\u00e9 pomoc\u00ed <strong>\u0161roubovac\u00edch no\u017ei\u010dek<\/strong>.<br \/>\nVynik\u00e1 masivn\u00ed konstrukc\u00ed a velk\u00fdm z\u00e1sobn\u00edkem na kameny pro vy\u0161\u0161\u00ed stabilitu teploty v saun\u011b, po nah\u0159\u00e1t\u00ed na provozn\u00ed teplotu je mo\u017eno pol\u00e9vat vodou a prov\u00e1d\u011bt tak parn\u00ed n\u00e1razy.<br \/>\nV\u0161echny kovov\u00e9 \u010d\u00e1sti topidla jsou vyrobeny z <strong>nerezov\u00e9 oceli<\/strong> a jeho pl\u00e1\u0161\u0165 je opat\u0159en pr\u00e1\u0161kovou barvou provedenou\u00a0<strong>technologi\u00ed 3 povlak\u016f<\/strong>, d\u00edky kter\u00e9 z\u016fst\u00e1v\u00e1 vn\u011bj\u0161\u00ed teplota saunov\u00e9ho topidla n\u00edzk\u00e1, kdy\u017e topidlo saunu zah\u0159\u00edv\u00e1.<br \/>\nSaunov\u00e1 kamna Concept R se <strong>snadno udr\u017euj\u00ed<\/strong>, proto\u017ee box na saunov\u00e9 kameny a el. topn\u00e1 t\u011blesa jsou od sebe odd\u011bleny.<br \/>\nSamostatn\u00e1 komora na kameny umo\u017e\u0148uje \u00fadr\u017ebu el. topn\u00fdch t\u011bles, ani\u017e by bylo nutn\u00e9 kameny odstra\u0148ovat.<br \/>\nKonstrukce tak\u00e9 chr\u00e1n\u00ed el. topn\u00e1 t\u011blesa proti p\u0159ebyte\u010dn\u00e9 vod\u011b v p\u0159\u00edpad\u011b pol\u00e9v\u00e1n\u00ed saunov\u00fdch kamen\u016f a proti hmotnosti kamen\u016f, \u010d\u00edm\u017e prodlu\u017euje jejich \u017eivotnost. Odn\u00edmateln\u00fd p\u0159ipojovac\u00ed box umo\u017e\u0148uje prov\u00e1d\u011bt mont\u00e1\u017en\u00ed a \u00fadr\u017eb\u00e1\u0159sk\u00e9 pr\u00e1ce rychle a jednodu\u0161e.<br \/>\n\u0158\u00eddic\u00ed jednotka nen\u00ed sou\u010d\u00e1st\u00ed balen\u00ed.<br \/>\n<span style=\"font-size: 16px\">Topidlo pojme maxim\u00e1ln\u011b 25kg saunov\u00fdch kamen\u016f, kter\u00e9 nejsou sou\u010d\u00e1st\u00ed balen\u00ed.<\/span><\/p>\n<p><strong>Voliteln\u00e9 stylov\u00e9 d\u0159ev\u011bn\u00e9 ochrann\u00e9 z\u00e1bradl\u00ed<\/strong> dod\u00e1v\u00e1 jinak robustn\u00edmu vzhledu topidla lehkost a tak\u00e9 zv\u00fd\u0161\u00ed bezpe\u010dnost v saun\u011b.<\/p>\n","protected":false},"excerpt":{"rendered":"<p style=\"font-weight: 400;text-align: left\">Designov\u00e9 elektrick\u00e9 saunov\u00e9 topidlo s elegantn\u011b zaoblen\u00fdmi liniemi, modern\u00ed grafitov\u011b \u010dern\u00e9 barvy. Topidlo je ur\u010deno pro extern\u00ed \u0159\u00edd\u00edc\u00ed jednotku. Jedine\u010dn\u00e1 technologie opl\u00e1\u0161t\u011bn\u00ed 3-shell zaji\u0161\u0165uje dokonal\u00e9 technick\u00e9 parametry a kvalitu tohoto topidla. Vnit\u0159n\u00ed sou\u010d\u00e1sti jsou vyrobeny z odoln\u00e9 nerezov\u00e9 oceli. K topidlu je mo\u017enost dokoupen\u00ed stylov\u00e9ho d\u0159ev\u011bn\u00e9ho ochrann\u00e9ho z\u00e1bradl\u00ed z d\u0159eviny l\u00edpy nebo o\u0159echu, kter\u00e9 zjemn\u00ed celkov\u00e9 linie topidla.<\/p>\n<p>Spole\u010dnost HARVIA AUSTRIA vyv\u00edj\u00ed a vyr\u00e1b\u00ed kvalitn\u00ed a inovativn\u00ed produkty ur\u010den\u00e9 k tomu, aby Va\u0161e chv\u00edle str\u00e1ven\u00e9 v saun\u011b byly co nejv\u00edce relaxuj\u00edc\u00ed.<\/p>\n<p><img loading=\"lazy\" class=\"alignnone size-medium wp-image-3458\" src=\"https:\/\/anderskafka.cz\/eshop\/wp-content\/uploads\/sites\/3\/2023\/03\/images-300x150.png\" alt=\"\" width=\"300\" height=\"150\" srcset=\"https:\/\/anderskafka.cz\/eshop\/wp-content\/uploads\/sites\/3\/2023\/03\/images-300x150.png 300w, https:\/\/anderskafka.cz\/eshop\/wp-content\/uploads\/sites\/3\/2023\/03\/images-64x32.png 64w, https:\/\/anderskafka.cz\/eshop\/wp-content\/uploads\/sites\/3\/2023\/03\/images.png 318w\" sizes=\"(max-width: 300px) 100vw, 300px\" \/><\/p>\n<table border=\"0\" width=\"347\" cellspacing=\"0\" cellpadding=\"0\">\n<colgroup>\n<col width=\"175\" \/>\n<col width=\"172\" \/><\/colgroup>\n<tbody>\n<tr>\n<td class=\"xl66\" style=\"text-align: center\" width=\"175\" height=\"25\">v\u00fdkon topidla (KW)<\/td>\n<td class=\"xl66\" style=\"text-align: center\" width=\"172\">velikost sauny (m<span class=\"font6\"><sup>3<\/sup><\/span><span class=\"font5\">)<\/span><\/td>\n<\/tr>\n<tr>\n<td style=\"text-align: center\" align=\"right\" height=\"21\">9<\/td>\n<td class=\"xl65\" style=\"text-align: center\">9-14<\/td>\n<\/tr>\n<tr>\n<td style=\"text-align: center\" align=\"right\" height=\"21\">10,5<\/td>\n<td class=\"xl65\" style=\"text-align: center\">10-15<\/td>\n<\/tr>\n<\/tbody>\n<\/table>\n<div>\n<div>\n<div><\/div>\n<\/div>\n<\/div>\n","protected":false},"featured_media":2054,"comment_status":"open","ping_status":"closed","template":"","meta":{"site-sidebar-layout":"default","site-content-layout":"default","ast-main-header-display":"","ast-hfb-above-header-display":"","ast-hfb-below-header-display":"","ast-hfb-mobile-header-display":"","site-post-title":"","ast-breadcrumbs-content":"","ast-featured-img":"","footer-sml-layout":"","theme-transparent-header-meta":"","adv-header-id-meta":"","stick-header-meta":"","header-above-stick-meta":"","header-main-stick-meta":"","header-below-stick-meta":""},"location":[],"product_cat":[540],"product_tag":[324],"yoast_head":"<!-- This site is optimized with the Yoast SEO plugin v18.5.1 - https:\/\/yoast.com\/wordpress\/plugins\/seo\/ -->\n<title>HARVIA AUSTRIA CONCEPT R \u2013 9KW a 10,5KW \u2013 saunov\u00e9 elektrick\u00e9 topidlo modern\u00edho vzhledu - Anders &amp; Kafka E-SHOP<\/title>\n<meta name=\"description\" content=\"Designov\u00e9 elektrick\u00e9 saunov\u00e9 topidlo s elegantn\u011b zaoblen\u00fdmi liniemi, modern\u00ed grafitov\u011b \u010dern\u00e9 barvy. Topidlo je ur\u010deno pro extern\u00ed \u0159\u00edd\u00edc\u00ed jednotku. Jedine\u010dn\u00e1 technologie opl\u00e1\u0161t\u011bn\u00ed 3-shell zaji\u0161\u0165uje dokonal\u00e9 technick\u00e9 parametry a kvalitu tohoto topidla. Vnit\u0159n\u00ed sou\u010d\u00e1sti jsou vyrobeny z odoln\u00e9 nerezov\u00e9 oceli. K topidlu je mo\u017enost dokoupen\u00ed stylov\u00e9ho d\u0159ev\u011bn\u00e9ho ochrann\u00e9ho z\u00e1bradl\u00ed z d\u0159eviny l\u00edpy nebo o\u0159echu, kter\u00e9 zjemn\u00ed celkov\u00e9 linie topidla. Spole\u010dnost HARVIA AUSTRIA vyv\u00edj\u00ed a vyr\u00e1b\u00ed kvalitn\u00ed a inovativn\u00ed produkty ur\u010den\u00e9 k tomu, aby Va\u0161e chv\u00edle str\u00e1ven\u00e9 v saun\u011b byly co nejv\u00edce relaxuj\u00edc\u00ed.       v\u00fdkon topidla (KW) velikost sauny (m3)   9 9-14   10,5 10-15\" \/>\n<meta name=\"robots\" content=\"index, follow, max-snippet:-1, max-image-preview:large, max-video-preview:-1\" \/>\n<link rel=\"canonical\" href=\"https:\/\/anderskafka.cz\/eshop\/produkt\/concept-r-9kw-a-105-kw-designove-saunove-elektricke-topidlo-bez-ridici-jednotky\/\" \/>\n<meta property=\"og:locale\" content=\"cs_CZ\" \/>\n<meta property=\"og:type\" content=\"article\" \/>\n<meta property=\"og:title\" content=\"HARVIA AUSTRIA CONCEPT R \u2013 9KW a 10,5KW \u2013 saunov\u00e9 elektrick\u00e9 topidlo modern\u00edho vzhledu - Anders &amp; Kafka E-SHOP\" \/>\n<meta property=\"og:description\" content=\"Designov\u00e9 elektrick\u00e9 saunov\u00e9 topidlo s elegantn\u011b zaoblen\u00fdmi liniemi, modern\u00ed grafitov\u011b \u010dern\u00e9 barvy. Topidlo je ur\u010deno pro extern\u00ed \u0159\u00edd\u00edc\u00ed jednotku. Jedine\u010dn\u00e1 technologie opl\u00e1\u0161t\u011bn\u00ed 3-shell zaji\u0161\u0165uje dokonal\u00e9 technick\u00e9 parametry a kvalitu tohoto topidla. Vnit\u0159n\u00ed sou\u010d\u00e1sti jsou vyrobeny z odoln\u00e9 nerezov\u00e9 oceli. K topidlu je mo\u017enost dokoupen\u00ed stylov\u00e9ho d\u0159ev\u011bn\u00e9ho ochrann\u00e9ho z\u00e1bradl\u00ed z d\u0159eviny l\u00edpy nebo o\u0159echu, kter\u00e9 zjemn\u00ed celkov\u00e9 linie topidla. Spole\u010dnost HARVIA AUSTRIA vyv\u00edj\u00ed a vyr\u00e1b\u00ed kvalitn\u00ed a inovativn\u00ed produkty ur\u010den\u00e9 k tomu, aby Va\u0161e chv\u00edle str\u00e1ven\u00e9 v saun\u011b byly co nejv\u00edce relaxuj\u00edc\u00ed.       v\u00fdkon topidla (KW) velikost sauny (m3)   9 9-14   10,5 10-15\" \/>\n<meta property=\"og:url\" content=\"https:\/\/anderskafka.cz\/eshop\/produkt\/concept-r-9kw-a-105-kw-designove-saunove-elektricke-topidlo-bez-ridici-jednotky\/\" \/>\n<meta property=\"og:site_name\" content=\"Anders &amp; Kafka E-SHOP\" \/>\n<meta property=\"article:modified_time\" content=\"2026-02-05T11:27:04+00:00\" \/>\n<meta property=\"og:image\" content=\"https:\/\/anderskafka.cz\/eshop\/wp-content\/uploads\/sites\/3\/2023\/03\/Sentiotec_Concept-R-Black_CP-RB-090-150_p1.jpg\" \/>\n\t<meta property=\"og:image:width\" content=\"1068\" \/>\n\t<meta property=\"og:image:height\" content=\"1200\" \/>\n\t<meta property=\"og:image:type\" content=\"image\/jpeg\" \/>\n<meta name=\"twitter:card\" content=\"summary_large_image\" \/>\n<meta name=\"twitter:label1\" content=\"Odhadovan\u00e1 doba \u010dten\u00ed\" \/>\n\t<meta name=\"twitter:data1\" content=\"2 minuty\" \/>\n<script type=\"application\/ld+json\" class=\"yoast-schema-graph\">{\"@context\":\"https:\/\/schema.org\",\"@graph\":[{\"@type\":\"WebSite\",\"@id\":\"https:\/\/anderskafka.cz\/eshop\/#website\",\"url\":\"https:\/\/anderskafka.cz\/eshop\/\",\"name\":\"Anders &amp; Kafka E-SHOP\",\"description\":\"Anders &amp; Kafka E-SHOP\",\"potentialAction\":[{\"@type\":\"SearchAction\",\"target\":{\"@type\":\"EntryPoint\",\"urlTemplate\":\"https:\/\/anderskafka.cz\/eshop\/?s={search_term_string}\"},\"query-input\":\"required name=search_term_string\"}],\"inLanguage\":\"cs\"},{\"@type\":\"ImageObject\",\"@id\":\"https:\/\/anderskafka.cz\/eshop\/produkt\/concept-r-9kw-a-105-kw-designove-saunove-elektricke-topidlo-bez-ridici-jednotky\/#primaryimage\",\"inLanguage\":\"cs\",\"url\":\"https:\/\/anderskafka.cz\/eshop\/wp-content\/uploads\/sites\/3\/2023\/03\/Sentiotec_Concept-R-Black_CP-RB-090-150_p1.jpg\",\"contentUrl\":\"https:\/\/anderskafka.cz\/eshop\/wp-content\/uploads\/sites\/3\/2023\/03\/Sentiotec_Concept-R-Black_CP-RB-090-150_p1.jpg\",\"width\":1068,\"height\":1200},{\"@type\":\"WebPage\",\"@id\":\"https:\/\/anderskafka.cz\/eshop\/produkt\/concept-r-9kw-a-105-kw-designove-saunove-elektricke-topidlo-bez-ridici-jednotky\/#webpage\",\"url\":\"https:\/\/anderskafka.cz\/eshop\/produkt\/concept-r-9kw-a-105-kw-designove-saunove-elektricke-topidlo-bez-ridici-jednotky\/\",\"name\":\"HARVIA AUSTRIA CONCEPT R \u2013 9KW a 10,5KW \u2013 saunov\u00e9 elektrick\u00e9 topidlo modern\u00edho vzhledu - Anders &amp; Kafka E-SHOP\",\"isPartOf\":{\"@id\":\"https:\/\/anderskafka.cz\/eshop\/#website\"},\"primaryImageOfPage\":{\"@id\":\"https:\/\/anderskafka.cz\/eshop\/produkt\/concept-r-9kw-a-105-kw-designove-saunove-elektricke-topidlo-bez-ridici-jednotky\/#primaryimage\"},\"datePublished\":\"2023-03-05T19:07:52+00:00\",\"dateModified\":\"2026-02-05T11:27:04+00:00\",\"description\":\"Designov\u00e9 elektrick\u00e9 saunov\u00e9 topidlo s elegantn\u011b zaoblen\u00fdmi liniemi, modern\u00ed grafitov\u011b \u010dern\u00e9 barvy. Topidlo je ur\u010deno pro extern\u00ed \u0159\u00edd\u00edc\u00ed jednotku. Jedine\u010dn\u00e1 technologie opl\u00e1\u0161t\u011bn\u00ed 3-shell zaji\u0161\u0165uje dokonal\u00e9 technick\u00e9 parametry a kvalitu tohoto topidla. Vnit\u0159n\u00ed sou\u010d\u00e1sti jsou vyrobeny z odoln\u00e9 nerezov\u00e9 oceli. K topidlu je mo\u017enost dokoupen\u00ed stylov\u00e9ho d\u0159ev\u011bn\u00e9ho ochrann\u00e9ho z\u00e1bradl\u00ed z d\u0159eviny l\u00edpy nebo o\u0159echu, kter\u00e9 zjemn\u00ed celkov\u00e9 linie topidla. Spole\u010dnost HARVIA AUSTRIA vyv\u00edj\u00ed a vyr\u00e1b\u00ed kvalitn\u00ed a inovativn\u00ed produkty ur\u010den\u00e9 k tomu, aby Va\u0161e chv\u00edle str\u00e1ven\u00e9 v saun\u011b byly co nejv\u00edce relaxuj\u00edc\u00ed. v\u00fdkon topidla (KW) velikost sauny (m3) 9 9-14 10,5 10-15\",\"breadcrumb\":{\"@id\":\"https:\/\/anderskafka.cz\/eshop\/produkt\/concept-r-9kw-a-105-kw-designove-saunove-elektricke-topidlo-bez-ridici-jednotky\/#breadcrumb\"},\"inLanguage\":\"cs\",\"potentialAction\":[{\"@type\":\"ReadAction\",\"target\":[\"https:\/\/anderskafka.cz\/eshop\/produkt\/concept-r-9kw-a-105-kw-designove-saunove-elektricke-topidlo-bez-ridici-jednotky\/\"]}]},{\"@type\":\"BreadcrumbList\",\"@id\":\"https:\/\/anderskafka.cz\/eshop\/produkt\/concept-r-9kw-a-105-kw-designove-saunove-elektricke-topidlo-bez-ridici-jednotky\/#breadcrumb\",\"itemListElement\":[{\"@type\":\"ListItem\",\"position\":1,\"name\":\"Obchod\",\"item\":\"https:\/\/anderskafka.cz\/eshop\/obchod\/\"},{\"@type\":\"ListItem\",\"position\":2,\"name\":\"HARVIA AUSTRIA CONCEPT R \u2013 9KW a 10,5KW \u2013 saunov\u00e9 elektrick\u00e9 topidlo modern\u00edho vzhledu\"}]}]}<\/script>\n<!-- \/ Yoast SEO plugin. -->","yoast_head_json":{"title":"HARVIA AUSTRIA CONCEPT R \u2013 9KW a 10,5KW \u2013 saunov\u00e9 elektrick\u00e9 topidlo modern\u00edho vzhledu - Anders &amp; Kafka E-SHOP","description":"Designov\u00e9 elektrick\u00e9 saunov\u00e9 topidlo s elegantn\u011b zaoblen\u00fdmi liniemi, modern\u00ed grafitov\u011b \u010dern\u00e9 barvy. Topidlo je ur\u010deno pro extern\u00ed \u0159\u00edd\u00edc\u00ed jednotku. Jedine\u010dn\u00e1 technologie opl\u00e1\u0161t\u011bn\u00ed 3-shell zaji\u0161\u0165uje dokonal\u00e9 technick\u00e9 parametry a kvalitu tohoto topidla. Vnit\u0159n\u00ed sou\u010d\u00e1sti jsou vyrobeny z odoln\u00e9 nerezov\u00e9 oceli. K topidlu je mo\u017enost dokoupen\u00ed stylov\u00e9ho d\u0159ev\u011bn\u00e9ho ochrann\u00e9ho z\u00e1bradl\u00ed z d\u0159eviny l\u00edpy nebo o\u0159echu, kter\u00e9 zjemn\u00ed celkov\u00e9 linie topidla. Spole\u010dnost HARVIA AUSTRIA vyv\u00edj\u00ed a vyr\u00e1b\u00ed kvalitn\u00ed a inovativn\u00ed produkty ur\u010den\u00e9 k tomu, aby Va\u0161e chv\u00edle str\u00e1ven\u00e9 v saun\u011b byly co nejv\u00edce relaxuj\u00edc\u00ed.       v\u00fdkon topidla (KW) velikost sauny (m3)   9 9-14   10,5 10-15","robots":{"index":"index","follow":"follow","max-snippet":"max-snippet:-1","max-image-preview":"max-image-preview:large","max-video-preview":"max-video-preview:-1"},"canonical":"https:\/\/anderskafka.cz\/eshop\/produkt\/concept-r-9kw-a-105-kw-designove-saunove-elektricke-topidlo-bez-ridici-jednotky\/","og_locale":"cs_CZ","og_type":"article","og_title":"HARVIA AUSTRIA CONCEPT R \u2013 9KW a 10,5KW \u2013 saunov\u00e9 elektrick\u00e9 topidlo modern\u00edho vzhledu - Anders &amp; Kafka E-SHOP","og_description":"Designov\u00e9 elektrick\u00e9 saunov\u00e9 topidlo s elegantn\u011b zaoblen\u00fdmi liniemi, modern\u00ed grafitov\u011b \u010dern\u00e9 barvy. Topidlo je ur\u010deno pro extern\u00ed \u0159\u00edd\u00edc\u00ed jednotku. Jedine\u010dn\u00e1 technologie opl\u00e1\u0161t\u011bn\u00ed 3-shell zaji\u0161\u0165uje dokonal\u00e9 technick\u00e9 parametry a kvalitu tohoto topidla. Vnit\u0159n\u00ed sou\u010d\u00e1sti jsou vyrobeny z odoln\u00e9 nerezov\u00e9 oceli. K topidlu je mo\u017enost dokoupen\u00ed stylov\u00e9ho d\u0159ev\u011bn\u00e9ho ochrann\u00e9ho z\u00e1bradl\u00ed z d\u0159eviny l\u00edpy nebo o\u0159echu, kter\u00e9 zjemn\u00ed celkov\u00e9 linie topidla. Spole\u010dnost HARVIA AUSTRIA vyv\u00edj\u00ed a vyr\u00e1b\u00ed kvalitn\u00ed a inovativn\u00ed produkty ur\u010den\u00e9 k tomu, aby Va\u0161e chv\u00edle str\u00e1ven\u00e9 v saun\u011b byly co nejv\u00edce relaxuj\u00edc\u00ed.       v\u00fdkon topidla (KW) velikost sauny (m3)   9 9-14   10,5 10-15","og_url":"https:\/\/anderskafka.cz\/eshop\/produkt\/concept-r-9kw-a-105-kw-designove-saunove-elektricke-topidlo-bez-ridici-jednotky\/","og_site_name":"Anders &amp; Kafka E-SHOP","article_modified_time":"2026-02-05T11:27:04+00:00","og_image":[{"width":1068,"height":1200,"url":"https:\/\/anderskafka.cz\/eshop\/wp-content\/uploads\/sites\/3\/2023\/03\/Sentiotec_Concept-R-Black_CP-RB-090-150_p1.jpg","type":"image\/jpeg"}],"twitter_card":"summary_large_image","twitter_misc":{"Odhadovan\u00e1 doba \u010dten\u00ed":"2 minuty"},"schema":{"@context":"https:\/\/schema.org","@graph":[{"@type":"WebSite","@id":"https:\/\/anderskafka.cz\/eshop\/#website","url":"https:\/\/anderskafka.cz\/eshop\/","name":"Anders &amp; Kafka E-SHOP","description":"Anders &amp; Kafka E-SHOP","potentialAction":[{"@type":"SearchAction","target":{"@type":"EntryPoint","urlTemplate":"https:\/\/anderskafka.cz\/eshop\/?s={search_term_string}"},"query-input":"required name=search_term_string"}],"inLanguage":"cs"},{"@type":"ImageObject","@id":"https:\/\/anderskafka.cz\/eshop\/produkt\/concept-r-9kw-a-105-kw-designove-saunove-elektricke-topidlo-bez-ridici-jednotky\/#primaryimage","inLanguage":"cs","url":"https:\/\/anderskafka.cz\/eshop\/wp-content\/uploads\/sites\/3\/2023\/03\/Sentiotec_Concept-R-Black_CP-RB-090-150_p1.jpg","contentUrl":"https:\/\/anderskafka.cz\/eshop\/wp-content\/uploads\/sites\/3\/2023\/03\/Sentiotec_Concept-R-Black_CP-RB-090-150_p1.jpg","width":1068,"height":1200},{"@type":"WebPage","@id":"https:\/\/anderskafka.cz\/eshop\/produkt\/concept-r-9kw-a-105-kw-designove-saunove-elektricke-topidlo-bez-ridici-jednotky\/#webpage","url":"https:\/\/anderskafka.cz\/eshop\/produkt\/concept-r-9kw-a-105-kw-designove-saunove-elektricke-topidlo-bez-ridici-jednotky\/","name":"HARVIA AUSTRIA CONCEPT R \u2013 9KW a 10,5KW \u2013 saunov\u00e9 elektrick\u00e9 topidlo modern\u00edho vzhledu - Anders &amp; Kafka E-SHOP","isPartOf":{"@id":"https:\/\/anderskafka.cz\/eshop\/#website"},"primaryImageOfPage":{"@id":"https:\/\/anderskafka.cz\/eshop\/produkt\/concept-r-9kw-a-105-kw-designove-saunove-elektricke-topidlo-bez-ridici-jednotky\/#primaryimage"},"datePublished":"2023-03-05T19:07:52+00:00","dateModified":"2026-02-05T11:27:04+00:00","description":"Designov\u00e9 elektrick\u00e9 saunov\u00e9 topidlo s elegantn\u011b zaoblen\u00fdmi liniemi, modern\u00ed grafitov\u011b \u010dern\u00e9 barvy. Topidlo je ur\u010deno pro extern\u00ed \u0159\u00edd\u00edc\u00ed jednotku. Jedine\u010dn\u00e1 technologie opl\u00e1\u0161t\u011bn\u00ed 3-shell zaji\u0161\u0165uje dokonal\u00e9 technick\u00e9 parametry a kvalitu tohoto topidla. Vnit\u0159n\u00ed sou\u010d\u00e1sti jsou vyrobeny z odoln\u00e9 nerezov\u00e9 oceli. K topidlu je mo\u017enost dokoupen\u00ed stylov\u00e9ho d\u0159ev\u011bn\u00e9ho ochrann\u00e9ho z\u00e1bradl\u00ed z d\u0159eviny l\u00edpy nebo o\u0159echu, kter\u00e9 zjemn\u00ed celkov\u00e9 linie topidla. Spole\u010dnost HARVIA AUSTRIA vyv\u00edj\u00ed a vyr\u00e1b\u00ed kvalitn\u00ed a inovativn\u00ed produkty ur\u010den\u00e9 k tomu, aby Va\u0161e chv\u00edle str\u00e1ven\u00e9 v saun\u011b byly co nejv\u00edce relaxuj\u00edc\u00ed. v\u00fdkon topidla (KW) velikost sauny (m3) 9 9-14 10,5 10-15","breadcrumb":{"@id":"https:\/\/anderskafka.cz\/eshop\/produkt\/concept-r-9kw-a-105-kw-designove-saunove-elektricke-topidlo-bez-ridici-jednotky\/#breadcrumb"},"inLanguage":"cs","potentialAction":[{"@type":"ReadAction","target":["https:\/\/anderskafka.cz\/eshop\/produkt\/concept-r-9kw-a-105-kw-designove-saunove-elektricke-topidlo-bez-ridici-jednotky\/"]}]},{"@type":"BreadcrumbList","@id":"https:\/\/anderskafka.cz\/eshop\/produkt\/concept-r-9kw-a-105-kw-designove-saunove-elektricke-topidlo-bez-ridici-jednotky\/#breadcrumb","itemListElement":[{"@type":"ListItem","position":1,"name":"Obchod","item":"https:\/\/anderskafka.cz\/eshop\/obchod\/"},{"@type":"ListItem","position":2,"name":"HARVIA AUSTRIA CONCEPT R \u2013 9KW a 10,5KW \u2013 saunov\u00e9 elektrick\u00e9 topidlo modern\u00edho vzhledu"}]}]}},"locations":[],"_links":{"self":[{"href":"https:\/\/anderskafka.cz\/eshop\/wp-json\/wp\/v2\/product\/2034"}],"collection":[{"href":"https:\/\/anderskafka.cz\/eshop\/wp-json\/wp\/v2\/product"}],"about":[{"href":"https:\/\/anderskafka.cz\/eshop\/wp-json\/wp\/v2\/types\/product"}],"replies":[{"embeddable":true,"href":"https:\/\/anderskafka.cz\/eshop\/wp-json\/wp\/v2\/comments?post=2034"}],"wp:featuredmedia":[{"embeddable":true,"href":"https:\/\/anderskafka.cz\/eshop\/wp-json\/wp\/v2\/media\/2054"}],"wp:attachment":[{"href":"https:\/\/anderskafka.cz\/eshop\/wp-json\/wp\/v2\/media?parent=2034"}],"wp:term":[{"taxonomy":"location","embeddable":true,"href":"https:\/\/anderskafka.cz\/eshop\/wp-json\/wp\/v2\/location?post=2034"},{"taxonomy":"product_cat","embeddable":true,"href":"https:\/\/anderskafka.cz\/eshop\/wp-json\/wp\/v2\/product_cat?post=2034"},{"taxonomy":"product_tag","embeddable":true,"href":"https:\/\/anderskafka.cz\/eshop\/wp-json\/wp\/v2\/product_tag?post=2034"}],"curies":[{"name":"wp","href":"https:\/\/api.w.org\/{rel}","templated":true}]}}