{"id":2079,"date":"2023-03-07T05:46:26","date_gmt":"2023-03-07T04:46:26","guid":{"rendered":"https:\/\/anderskafka.cz\/eshop\/?post_type=product&#038;p=2079"},"modified":"2025-09-25T10:21:18","modified_gmt":"2025-09-25T08:21:18","slug":"lapuan-kankurit-turban-na-vlasy-kivi-bezovy","status":"publish","type":"product","link":"https:\/\/anderskafka.cz\/eshop\/produkt\/lapuan-kankurit-turban-na-vlasy-kivi-bezovy\/","title":{"rendered":"LAPUAN KANKURIT turban na vlasy kivi, b\u00e9\u017eov\u00fd"},"content":{"rendered":"<div>\n<p>\u00da\u017easn\u00fd turban na vlasy spole\u010dnosti Lapuan Kankurit a design\u00e9rky Eliny Helenius jemn\u011b vysu\u0161\u00ed Va\u0161e vlasy a ochr\u00e1n\u00ed je v saun\u011b, v\u00ed\u0159ivce nebo p\u0159i o\u0161et\u0159en\u00ed obli\u010deje.<\/p>\n<p>Turban Kivi z kvalitn\u00edho lnu a biobavlny ochr\u00e1n\u00ed Va\u0161i hlavu proti p\u0159eh\u0159\u00edv\u00e1n\u00ed a nav\u00edc bude stylov\u00fdm dopl\u0148kem.<\/p>\n<p>Kvalitn\u00ed ln\u011bn\u00e9 frot\u00e9 a bavlna, ze kter\u00fdch je turban vyroben, jsou velmi odoln\u00e9. <span class=\"y2iqfc\">Ln\u011bn\u00e9 frot\u00e9 je z\u00e1rove\u0148 velmi sav\u00e9<\/span><span class=\"y2iqfc\">. Tento turban m\u00e1 dlouhou \u017eivotnost a pou\u017e\u00edv\u00e1n\u00edm se jen zlep\u0161uje.<\/span><\/p>\n<\/div>\n<p>Turban Kivi je vyroben\u00fd ze 70%\u00a0ln\u011bn\u00e9ho frot\u00e9 (len vyp\u011bstovan\u00fd v Normandii s certifik\u00e1tem \u00d6KO-TEX\u00ae) a 30% biobavlny.<\/p>\n<p>P\u0159i p\u00e9\u010di o turban se \u0159i\u010fte o\u0161et\u0159ovac\u00edmi symboly uveden\u00fdmi na v\u00fdrobku. Perte na 60\u00b0C. Nedoporu\u010dujeme p\u0159i p\u00e9\u010di o turban pou\u017e\u00edvat su\u0161i\u010dku pr\u00e1dla. Nepou\u017e\u00edvejte zm\u011bk\u010dova\u010de a b\u011blidla.<\/p>\n<p>Ru\u010dn\u00edk nen\u00ed sou\u010d\u00e1st\u00ed balen\u00ed.<\/p>\n<div><\/div>\n<div><\/div>\n","protected":false},"excerpt":{"rendered":"<div>\n<p>\u00da\u017easn\u00fd turban na vlasy spole\u010dnosti Lapuan Kankurit a design\u00e9rky Eliny Helenius jemn\u011b vysu\u0161\u00ed Va\u0161e vlasy a ochr\u00e1n\u00ed je v saun\u011b, v\u00ed\u0159ivce nebo p\u0159i o\u0161et\u0159en\u00ed obli\u010deje.<\/p>\n<div>\n<p>Lapuan Kankurit je \u010dlenem presti\u017en\u00edho klubu Masters of Linen, kter\u00fd garantuje \u0161pi\u010dkovou v\u00fdrobu textili\u00ed\u00a0ze lnu vyp\u011bstovan\u00e9ho v Evrop\u011b.<\/p>\n<div>\n<p>Textiln\u00ed v\u00fdrobky Lapuan Kankurit vyroben\u00e9 a navr\u017een\u00e9 ve Finsku spojuj\u00ed \u0161pi\u010dkov\u00e9 materi\u00e1ly, modern\u00ed technologie, kreativitu nejlep\u0161\u00edch finsk\u00fdch design\u00e9r\u016f a historii rodinn\u00e9 textiln\u00ed v\u00fdroby od roku 1917.<\/p>\n<\/div>\n<\/div>\n<\/div>\n<p><img loading=\"lazy\" class=\"alignnone size-medium wp-image-1579\" src=\"https:\/\/anderskafka.cz\/eshop\/wp-content\/uploads\/sites\/3\/2022\/12\/MADEINFINNLAND-300x246.jpg\" alt=\"\" width=\"300\" height=\"246\" srcset=\"https:\/\/anderskafka.cz\/eshop\/wp-content\/uploads\/sites\/3\/2022\/12\/MADEINFINNLAND-300x246.jpg 300w, https:\/\/anderskafka.cz\/eshop\/wp-content\/uploads\/sites\/3\/2022\/12\/MADEINFINNLAND-64x52.jpg 64w, https:\/\/anderskafka.cz\/eshop\/wp-content\/uploads\/sites\/3\/2022\/12\/MADEINFINNLAND.jpg 500w\" sizes=\"(max-width: 300px) 100vw, 300px\" \/><img loading=\"lazy\" class=\"size-medium wp-image-1770 aligncenter\" src=\"https:\/\/anderskafka.cz\/eshop\/wp-content\/uploads\/sites\/3\/2023\/02\/MastersofLinen_BLEU-300x152.jpg\" alt=\"\" width=\"300\" height=\"152\" srcset=\"https:\/\/anderskafka.cz\/eshop\/wp-content\/uploads\/sites\/3\/2023\/02\/MastersofLinen_BLEU-300x152.jpg 300w, https:\/\/anderskafka.cz\/eshop\/wp-content\/uploads\/sites\/3\/2023\/02\/MastersofLinen_BLEU-1024x518.jpg 1024w, https:\/\/anderskafka.cz\/eshop\/wp-content\/uploads\/sites\/3\/2023\/02\/MastersofLinen_BLEU-768x389.jpg 768w, https:\/\/anderskafka.cz\/eshop\/wp-content\/uploads\/sites\/3\/2023\/02\/MastersofLinen_BLEU-700x354.jpg 700w, https:\/\/anderskafka.cz\/eshop\/wp-content\/uploads\/sites\/3\/2023\/02\/MastersofLinen_BLEU-64x32.jpg 64w, https:\/\/anderskafka.cz\/eshop\/wp-content\/uploads\/sites\/3\/2023\/02\/MastersofLinen_BLEU.jpg 1462w\" sizes=\"(max-width: 300px) 100vw, 300px\" \/><\/p>\n","protected":false},"featured_media":5444,"comment_status":"open","ping_status":"closed","template":"","meta":{"site-sidebar-layout":"default","site-content-layout":"default","ast-main-header-display":"","ast-hfb-above-header-display":"","ast-hfb-below-header-display":"","ast-hfb-mobile-header-display":"","site-post-title":"","ast-breadcrumbs-content":"","ast-featured-img":"","footer-sml-layout":"","theme-transparent-header-meta":"","adv-header-id-meta":"","stick-header-meta":"","header-above-stick-meta":"","header-main-stick-meta":"","header-below-stick-meta":""},"location":[],"product_cat":[34],"product_tag":[556],"yoast_head":"<!-- This site is optimized with the Yoast SEO plugin v18.5.1 - https:\/\/yoast.com\/wordpress\/plugins\/seo\/ -->\n<title>LAPUAN KANKURIT turban na vlasy kivi, b\u00e9\u017eov\u00fd - Anders &amp; Kafka E-SHOP<\/title>\n<meta name=\"description\" content=\"\u00da\u017easn\u00fd turban na vlasy spole\u010dnosti Lapuan Kankurit a design\u00e9rky Eliny Helenius jemn\u011b vysu\u0161\u00ed Va\u0161e vlasy a ochr\u00e1n\u00ed je v saun\u011b, v\u00ed\u0159ivce nebo p\u0159i o\u0161et\u0159en\u00ed obli\u010deje.   Lapuan Kankurit je \u010dlenem presti\u017en\u00edho klubu Masters of Linen, kter\u00fd garantuje \u0161pi\u010dkovou v\u00fdrobu textili\u00ed\u00a0ze lnu vyp\u011bstovan\u00e9ho v Evrop\u011b.   Textiln\u00ed v\u00fdrobky Lapuan Kankurit vyroben\u00e9 a navr\u017een\u00e9 ve Finsku spojuj\u00ed \u0161pi\u010dkov\u00e9 materi\u00e1ly, modern\u00ed technologie, kreativitu nejlep\u0161\u00edch finsk\u00fdch design\u00e9r\u016f a historii rodinn\u00e9 textiln\u00ed v\u00fdroby od roku 1917.\" \/>\n<meta name=\"robots\" content=\"index, follow, max-snippet:-1, max-image-preview:large, max-video-preview:-1\" \/>\n<link rel=\"canonical\" href=\"https:\/\/anderskafka.cz\/eshop\/produkt\/lapuan-kankurit-turban-na-vlasy-kivi-bezovy\/\" \/>\n<meta property=\"og:locale\" content=\"cs_CZ\" \/>\n<meta property=\"og:type\" content=\"article\" \/>\n<meta property=\"og:title\" content=\"LAPUAN KANKURIT turban na vlasy kivi, b\u00e9\u017eov\u00fd - Anders &amp; Kafka E-SHOP\" \/>\n<meta property=\"og:description\" content=\"\u00da\u017easn\u00fd turban na vlasy spole\u010dnosti Lapuan Kankurit a design\u00e9rky Eliny Helenius jemn\u011b vysu\u0161\u00ed Va\u0161e vlasy a ochr\u00e1n\u00ed je v saun\u011b, v\u00ed\u0159ivce nebo p\u0159i o\u0161et\u0159en\u00ed obli\u010deje.   Lapuan Kankurit je \u010dlenem presti\u017en\u00edho klubu Masters of Linen, kter\u00fd garantuje \u0161pi\u010dkovou v\u00fdrobu textili\u00ed\u00a0ze lnu vyp\u011bstovan\u00e9ho v Evrop\u011b.   Textiln\u00ed v\u00fdrobky Lapuan Kankurit vyroben\u00e9 a navr\u017een\u00e9 ve Finsku spojuj\u00ed \u0161pi\u010dkov\u00e9 materi\u00e1ly, modern\u00ed technologie, kreativitu nejlep\u0161\u00edch finsk\u00fdch design\u00e9r\u016f a historii rodinn\u00e9 textiln\u00ed v\u00fdroby od roku 1917.\" \/>\n<meta property=\"og:url\" content=\"https:\/\/anderskafka.cz\/eshop\/produkt\/lapuan-kankurit-turban-na-vlasy-kivi-bezovy\/\" \/>\n<meta property=\"og:site_name\" content=\"Anders &amp; Kafka E-SHOP\" \/>\n<meta property=\"article:modified_time\" content=\"2025-09-25T08:21:18+00:00\" \/>\n<meta property=\"og:image\" content=\"https:\/\/anderskafka.cz\/eshop\/wp-content\/uploads\/sites\/3\/2023\/03\/lapuan_kankurit_kivi_turban_linen-white-scaled-2.jpg\" \/>\n\t<meta property=\"og:image:width\" content=\"1280\" \/>\n\t<meta property=\"og:image:height\" content=\"1280\" \/>\n\t<meta property=\"og:image:type\" content=\"image\/jpeg\" \/>\n<meta name=\"twitter:card\" content=\"summary_large_image\" \/>\n<meta name=\"twitter:label1\" content=\"Odhadovan\u00e1 doba \u010dten\u00ed\" \/>\n\t<meta name=\"twitter:data1\" content=\"1 minuta\" \/>\n<script type=\"application\/ld+json\" class=\"yoast-schema-graph\">{\"@context\":\"https:\/\/schema.org\",\"@graph\":[{\"@type\":\"WebSite\",\"@id\":\"https:\/\/anderskafka.cz\/eshop\/#website\",\"url\":\"https:\/\/anderskafka.cz\/eshop\/\",\"name\":\"Anders &amp; Kafka E-SHOP\",\"description\":\"Anders &amp; Kafka E-SHOP\",\"potentialAction\":[{\"@type\":\"SearchAction\",\"target\":{\"@type\":\"EntryPoint\",\"urlTemplate\":\"https:\/\/anderskafka.cz\/eshop\/?s={search_term_string}\"},\"query-input\":\"required name=search_term_string\"}],\"inLanguage\":\"cs\"},{\"@type\":\"ImageObject\",\"@id\":\"https:\/\/anderskafka.cz\/eshop\/produkt\/lapuan-kankurit-turban-na-vlasy-kivi-bezovy\/#primaryimage\",\"inLanguage\":\"cs\",\"url\":\"https:\/\/anderskafka.cz\/eshop\/wp-content\/uploads\/sites\/3\/2023\/03\/lapuan_kankurit_kivi_turban_linen-white-scaled-2.jpg\",\"contentUrl\":\"https:\/\/anderskafka.cz\/eshop\/wp-content\/uploads\/sites\/3\/2023\/03\/lapuan_kankurit_kivi_turban_linen-white-scaled-2.jpg\",\"width\":1280,\"height\":1280},{\"@type\":\"WebPage\",\"@id\":\"https:\/\/anderskafka.cz\/eshop\/produkt\/lapuan-kankurit-turban-na-vlasy-kivi-bezovy\/#webpage\",\"url\":\"https:\/\/anderskafka.cz\/eshop\/produkt\/lapuan-kankurit-turban-na-vlasy-kivi-bezovy\/\",\"name\":\"LAPUAN KANKURIT turban na vlasy kivi, b\u00e9\u017eov\u00fd - Anders &amp; Kafka E-SHOP\",\"isPartOf\":{\"@id\":\"https:\/\/anderskafka.cz\/eshop\/#website\"},\"primaryImageOfPage\":{\"@id\":\"https:\/\/anderskafka.cz\/eshop\/produkt\/lapuan-kankurit-turban-na-vlasy-kivi-bezovy\/#primaryimage\"},\"datePublished\":\"2023-03-07T04:46:26+00:00\",\"dateModified\":\"2025-09-25T08:21:18+00:00\",\"description\":\"\u00da\u017easn\u00fd turban na vlasy spole\u010dnosti Lapuan Kankurit a design\u00e9rky Eliny Helenius jemn\u011b vysu\u0161\u00ed Va\u0161e vlasy a ochr\u00e1n\u00ed je v saun\u011b, v\u00ed\u0159ivce nebo p\u0159i o\u0161et\u0159en\u00ed obli\u010deje. Lapuan Kankurit je \u010dlenem presti\u017en\u00edho klubu Masters of Linen, kter\u00fd garantuje \u0161pi\u010dkovou v\u00fdrobu textili\u00ed\u00a0ze lnu vyp\u011bstovan\u00e9ho v Evrop\u011b. Textiln\u00ed v\u00fdrobky Lapuan Kankurit vyroben\u00e9 a navr\u017een\u00e9 ve Finsku spojuj\u00ed \u0161pi\u010dkov\u00e9 materi\u00e1ly, modern\u00ed technologie, kreativitu nejlep\u0161\u00edch finsk\u00fdch design\u00e9r\u016f a historii rodinn\u00e9 textiln\u00ed v\u00fdroby od roku 1917.\",\"breadcrumb\":{\"@id\":\"https:\/\/anderskafka.cz\/eshop\/produkt\/lapuan-kankurit-turban-na-vlasy-kivi-bezovy\/#breadcrumb\"},\"inLanguage\":\"cs\",\"potentialAction\":[{\"@type\":\"ReadAction\",\"target\":[\"https:\/\/anderskafka.cz\/eshop\/produkt\/lapuan-kankurit-turban-na-vlasy-kivi-bezovy\/\"]}]},{\"@type\":\"BreadcrumbList\",\"@id\":\"https:\/\/anderskafka.cz\/eshop\/produkt\/lapuan-kankurit-turban-na-vlasy-kivi-bezovy\/#breadcrumb\",\"itemListElement\":[{\"@type\":\"ListItem\",\"position\":1,\"name\":\"Obchod\",\"item\":\"https:\/\/anderskafka.cz\/eshop\/obchod\/\"},{\"@type\":\"ListItem\",\"position\":2,\"name\":\"LAPUAN KANKURIT turban na vlasy kivi, b\u00e9\u017eov\u00fd\"}]}]}<\/script>\n<!-- \/ Yoast SEO plugin. -->","yoast_head_json":{"title":"LAPUAN KANKURIT turban na vlasy kivi, b\u00e9\u017eov\u00fd - Anders &amp; Kafka E-SHOP","description":"\u00da\u017easn\u00fd turban na vlasy spole\u010dnosti Lapuan Kankurit a design\u00e9rky Eliny Helenius jemn\u011b vysu\u0161\u00ed Va\u0161e vlasy a ochr\u00e1n\u00ed je v saun\u011b, v\u00ed\u0159ivce nebo p\u0159i o\u0161et\u0159en\u00ed obli\u010deje.   Lapuan Kankurit je \u010dlenem presti\u017en\u00edho klubu Masters of Linen, kter\u00fd garantuje \u0161pi\u010dkovou v\u00fdrobu textili\u00ed\u00a0ze lnu vyp\u011bstovan\u00e9ho v Evrop\u011b.   Textiln\u00ed v\u00fdrobky Lapuan Kankurit vyroben\u00e9 a navr\u017een\u00e9 ve Finsku spojuj\u00ed \u0161pi\u010dkov\u00e9 materi\u00e1ly, modern\u00ed technologie, kreativitu nejlep\u0161\u00edch finsk\u00fdch design\u00e9r\u016f a historii rodinn\u00e9 textiln\u00ed v\u00fdroby od roku 1917.","robots":{"index":"index","follow":"follow","max-snippet":"max-snippet:-1","max-image-preview":"max-image-preview:large","max-video-preview":"max-video-preview:-1"},"canonical":"https:\/\/anderskafka.cz\/eshop\/produkt\/lapuan-kankurit-turban-na-vlasy-kivi-bezovy\/","og_locale":"cs_CZ","og_type":"article","og_title":"LAPUAN KANKURIT turban na vlasy kivi, b\u00e9\u017eov\u00fd - Anders &amp; Kafka E-SHOP","og_description":"\u00da\u017easn\u00fd turban na vlasy spole\u010dnosti Lapuan Kankurit a design\u00e9rky Eliny Helenius jemn\u011b vysu\u0161\u00ed Va\u0161e vlasy a ochr\u00e1n\u00ed je v saun\u011b, v\u00ed\u0159ivce nebo p\u0159i o\u0161et\u0159en\u00ed obli\u010deje.   Lapuan Kankurit je \u010dlenem presti\u017en\u00edho klubu Masters of Linen, kter\u00fd garantuje \u0161pi\u010dkovou v\u00fdrobu textili\u00ed\u00a0ze lnu vyp\u011bstovan\u00e9ho v Evrop\u011b.   Textiln\u00ed v\u00fdrobky Lapuan Kankurit vyroben\u00e9 a navr\u017een\u00e9 ve Finsku spojuj\u00ed \u0161pi\u010dkov\u00e9 materi\u00e1ly, modern\u00ed technologie, kreativitu nejlep\u0161\u00edch finsk\u00fdch design\u00e9r\u016f a historii rodinn\u00e9 textiln\u00ed v\u00fdroby od roku 1917.","og_url":"https:\/\/anderskafka.cz\/eshop\/produkt\/lapuan-kankurit-turban-na-vlasy-kivi-bezovy\/","og_site_name":"Anders &amp; Kafka E-SHOP","article_modified_time":"2025-09-25T08:21:18+00:00","og_image":[{"width":1280,"height":1280,"url":"https:\/\/anderskafka.cz\/eshop\/wp-content\/uploads\/sites\/3\/2023\/03\/lapuan_kankurit_kivi_turban_linen-white-scaled-2.jpg","type":"image\/jpeg"}],"twitter_card":"summary_large_image","twitter_misc":{"Odhadovan\u00e1 doba \u010dten\u00ed":"1 minuta"},"schema":{"@context":"https:\/\/schema.org","@graph":[{"@type":"WebSite","@id":"https:\/\/anderskafka.cz\/eshop\/#website","url":"https:\/\/anderskafka.cz\/eshop\/","name":"Anders &amp; Kafka E-SHOP","description":"Anders &amp; Kafka E-SHOP","potentialAction":[{"@type":"SearchAction","target":{"@type":"EntryPoint","urlTemplate":"https:\/\/anderskafka.cz\/eshop\/?s={search_term_string}"},"query-input":"required name=search_term_string"}],"inLanguage":"cs"},{"@type":"ImageObject","@id":"https:\/\/anderskafka.cz\/eshop\/produkt\/lapuan-kankurit-turban-na-vlasy-kivi-bezovy\/#primaryimage","inLanguage":"cs","url":"https:\/\/anderskafka.cz\/eshop\/wp-content\/uploads\/sites\/3\/2023\/03\/lapuan_kankurit_kivi_turban_linen-white-scaled-2.jpg","contentUrl":"https:\/\/anderskafka.cz\/eshop\/wp-content\/uploads\/sites\/3\/2023\/03\/lapuan_kankurit_kivi_turban_linen-white-scaled-2.jpg","width":1280,"height":1280},{"@type":"WebPage","@id":"https:\/\/anderskafka.cz\/eshop\/produkt\/lapuan-kankurit-turban-na-vlasy-kivi-bezovy\/#webpage","url":"https:\/\/anderskafka.cz\/eshop\/produkt\/lapuan-kankurit-turban-na-vlasy-kivi-bezovy\/","name":"LAPUAN KANKURIT turban na vlasy kivi, b\u00e9\u017eov\u00fd - Anders &amp; Kafka E-SHOP","isPartOf":{"@id":"https:\/\/anderskafka.cz\/eshop\/#website"},"primaryImageOfPage":{"@id":"https:\/\/anderskafka.cz\/eshop\/produkt\/lapuan-kankurit-turban-na-vlasy-kivi-bezovy\/#primaryimage"},"datePublished":"2023-03-07T04:46:26+00:00","dateModified":"2025-09-25T08:21:18+00:00","description":"\u00da\u017easn\u00fd turban na vlasy spole\u010dnosti Lapuan Kankurit a design\u00e9rky Eliny Helenius jemn\u011b vysu\u0161\u00ed Va\u0161e vlasy a ochr\u00e1n\u00ed je v saun\u011b, v\u00ed\u0159ivce nebo p\u0159i o\u0161et\u0159en\u00ed obli\u010deje. Lapuan Kankurit je \u010dlenem presti\u017en\u00edho klubu Masters of Linen, kter\u00fd garantuje \u0161pi\u010dkovou v\u00fdrobu textili\u00ed\u00a0ze lnu vyp\u011bstovan\u00e9ho v Evrop\u011b. Textiln\u00ed v\u00fdrobky Lapuan Kankurit vyroben\u00e9 a navr\u017een\u00e9 ve Finsku spojuj\u00ed \u0161pi\u010dkov\u00e9 materi\u00e1ly, modern\u00ed technologie, kreativitu nejlep\u0161\u00edch finsk\u00fdch design\u00e9r\u016f a historii rodinn\u00e9 textiln\u00ed v\u00fdroby od roku 1917.","breadcrumb":{"@id":"https:\/\/anderskafka.cz\/eshop\/produkt\/lapuan-kankurit-turban-na-vlasy-kivi-bezovy\/#breadcrumb"},"inLanguage":"cs","potentialAction":[{"@type":"ReadAction","target":["https:\/\/anderskafka.cz\/eshop\/produkt\/lapuan-kankurit-turban-na-vlasy-kivi-bezovy\/"]}]},{"@type":"BreadcrumbList","@id":"https:\/\/anderskafka.cz\/eshop\/produkt\/lapuan-kankurit-turban-na-vlasy-kivi-bezovy\/#breadcrumb","itemListElement":[{"@type":"ListItem","position":1,"name":"Obchod","item":"https:\/\/anderskafka.cz\/eshop\/obchod\/"},{"@type":"ListItem","position":2,"name":"LAPUAN KANKURIT turban na vlasy kivi, b\u00e9\u017eov\u00fd"}]}]}},"locations":[],"_links":{"self":[{"href":"https:\/\/anderskafka.cz\/eshop\/wp-json\/wp\/v2\/product\/2079"}],"collection":[{"href":"https:\/\/anderskafka.cz\/eshop\/wp-json\/wp\/v2\/product"}],"about":[{"href":"https:\/\/anderskafka.cz\/eshop\/wp-json\/wp\/v2\/types\/product"}],"replies":[{"embeddable":true,"href":"https:\/\/anderskafka.cz\/eshop\/wp-json\/wp\/v2\/comments?post=2079"}],"wp:featuredmedia":[{"embeddable":true,"href":"https:\/\/anderskafka.cz\/eshop\/wp-json\/wp\/v2\/media\/5444"}],"wp:attachment":[{"href":"https:\/\/anderskafka.cz\/eshop\/wp-json\/wp\/v2\/media?parent=2079"}],"wp:term":[{"taxonomy":"location","embeddable":true,"href":"https:\/\/anderskafka.cz\/eshop\/wp-json\/wp\/v2\/location?post=2079"},{"taxonomy":"product_cat","embeddable":true,"href":"https:\/\/anderskafka.cz\/eshop\/wp-json\/wp\/v2\/product_cat?post=2079"},{"taxonomy":"product_tag","embeddable":true,"href":"https:\/\/anderskafka.cz\/eshop\/wp-json\/wp\/v2\/product_tag?post=2079"}],"curies":[{"name":"wp","href":"https:\/\/api.w.org\/{rel}","templated":true}]}}