{"id":2147,"date":"2023-03-09T11:11:03","date_gmt":"2023-03-09T10:11:03","guid":{"rendered":"https:\/\/anderskafka.cz\/eshop\/?post_type=product&#038;p=2147"},"modified":"2026-04-01T21:50:00","modified_gmt":"2026-04-01T19:50:00","slug":"sentiotec-saunove-piskove-presypaci-hodiny-z-osiky-s-bilym-piskem","status":"publish","type":"product","link":"https:\/\/anderskafka.cz\/eshop\/produkt\/sentiotec-saunove-piskove-presypaci-hodiny-z-osiky-s-bilym-piskem\/","title":{"rendered":"SAWO saunov\u00e9 p\u00edskov\u00e9 p\u0159es\u00fdpac\u00ed hodiny s b\u00edl\u00fdm p\u00edskem z osiky"},"content":{"rendered":"<p>P\u0159es\u00fdpac\u00ed hodiny modern\u00edho vzhledu do sauny na masivn\u00edm d\u0159ev\u011bn\u00e9m oto\u010dn\u00e9m podkladu z osiky s minutovou stupnic\u00ed a se sklen\u011bn\u00fdm v\u00e1lcem pln\u011bn\u00fdm b\u00edl\u00fdm p\u00edskem.<br \/>\nP\u0159es\u00fdpac\u00ed hodiny odm\u011b\u0159uj\u00ed 15 minut s toleranc\u00ed +\/-2 minuty, co\u017e je nejobl\u00edben\u011bj\u0161\u00ed doba jednoho saunovac\u00edho cyklu. Hodiny jsou ur\u010deny pro pou\u017eit\u00ed v interi\u00e9rov\u00fdch saun\u00e1ch, tak\u017ee vydr\u017e\u00ed i vysok\u00e9 teploty. Okoln\u00ed teplota v prost\u0159ed\u00ed, kde jsou um\u00edst\u011bny, by nem\u011bla klesnout pod 5 \u00b0C. Hroz\u00ed nebezpe\u010d\u00ed vysr\u00e1\u017een\u00ed vody v p\u00edsku a p\u0159es\u00fdpac\u00ed hodiny by se mohly znehodnotit. V p\u0159\u00edpad\u011b vysr\u00e1\u017een\u00ed vody a neplynul\u00e9mu p\u0159es\u00fdp\u00e1n\u00ed p\u00edsku nechte p\u0159es\u00fdpac\u00ed hodiny p\u00e1r dn\u00ed v pokojov\u00e9 teplot\u011b vyschnout a pot\u00e9 znovu um\u00edst\u011bte do sauny.<br \/>\nUm\u00edstit je m\u016f\u017eete kdekoliv v saun\u011b pomoc\u00ed dvou skryt\u00fdch vrut\u016f tak, aby se dala vrchn\u00ed \u010d\u00e1st hodin ot\u00e1\u010det.<\/p>\n","protected":false},"excerpt":{"rendered":"<p>P\u0159es\u00fdpac\u00ed hodiny modern\u00edho vzhledu do sauny na masivn\u00edm d\u0159ev\u011bn\u00e9m oto\u010dn\u00e9m podkladu z osiky s minutovou stupnic\u00ed a se sklen\u011bn\u00fdm v\u00e1lcem pln\u011bn\u00fdm b\u00edl\u00fdm p\u00edskem. Doba p\u0159es\u00fdp\u00e1n\u00ed je cca 15 minut.<br \/>\n<img loading=\"lazy\" class=\"aligncenter wp-image-10063\" src=\"https:\/\/anderskafka.cz\/eshop\/wp-content\/uploads\/sites\/3\/2023\/03\/SAWO_logo_AndersKafka-1-300x193.webp\" alt=\"\" width=\"170\" height=\"110\" srcset=\"https:\/\/anderskafka.cz\/eshop\/wp-content\/uploads\/sites\/3\/2023\/03\/SAWO_logo_AndersKafka-1-300x193.webp 300w, https:\/\/anderskafka.cz\/eshop\/wp-content\/uploads\/sites\/3\/2023\/03\/SAWO_logo_AndersKafka-1-1024x660.webp 1024w, https:\/\/anderskafka.cz\/eshop\/wp-content\/uploads\/sites\/3\/2023\/03\/SAWO_logo_AndersKafka-1-768x495.webp 768w, https:\/\/anderskafka.cz\/eshop\/wp-content\/uploads\/sites\/3\/2023\/03\/SAWO_logo_AndersKafka-1-700x451.webp 700w, https:\/\/anderskafka.cz\/eshop\/wp-content\/uploads\/sites\/3\/2023\/03\/SAWO_logo_AndersKafka-1-64x41.webp 64w, https:\/\/anderskafka.cz\/eshop\/wp-content\/uploads\/sites\/3\/2023\/03\/SAWO_logo_AndersKafka-1.webp 1500w\" sizes=\"(max-width: 170px) 100vw, 170px\" \/><\/p>\n","protected":false},"featured_media":11546,"comment_status":"open","ping_status":"closed","template":"","meta":{"site-sidebar-layout":"default","site-content-layout":"default","ast-main-header-display":"","ast-hfb-above-header-display":"","ast-hfb-below-header-display":"","ast-hfb-mobile-header-display":"","site-post-title":"","ast-breadcrumbs-content":"","ast-featured-img":"","footer-sml-layout":"","theme-transparent-header-meta":"","adv-header-id-meta":"","stick-header-meta":"","header-above-stick-meta":"","header-main-stick-meta":"","header-below-stick-meta":""},"location":[],"product_cat":[29],"product_tag":[1091],"yoast_head":"<!-- This site is optimized with the Yoast SEO plugin v18.5.1 - https:\/\/yoast.com\/wordpress\/plugins\/seo\/ -->\n<title>SAWO saunov\u00e9 p\u00edskov\u00e9 p\u0159es\u00fdpac\u00ed hodiny s b\u00edl\u00fdm p\u00edskem z osiky - Anders &amp; Kafka E-SHOP<\/title>\n<meta name=\"description\" content=\"P\u0159es\u00fdpac\u00ed hodiny modern\u00edho vzhledu do sauny na masivn\u00edm d\u0159ev\u011bn\u00e9m oto\u010dn\u00e9m podkladu z osiky s minutovou stupnic\u00ed a se sklen\u011bn\u00fdm v\u00e1lcem pln\u011bn\u00fdm b\u00edl\u00fdm p\u00edskem. Doba p\u0159es\u00fdp\u00e1n\u00ed je cca 15 minut.\" \/>\n<meta name=\"robots\" content=\"index, follow, max-snippet:-1, max-image-preview:large, max-video-preview:-1\" \/>\n<link rel=\"canonical\" href=\"https:\/\/anderskafka.cz\/eshop\/produkt\/sentiotec-saunove-piskove-presypaci-hodiny-z-osiky-s-bilym-piskem\/\" \/>\n<meta property=\"og:locale\" content=\"cs_CZ\" \/>\n<meta property=\"og:type\" content=\"article\" \/>\n<meta property=\"og:title\" content=\"SAWO saunov\u00e9 p\u00edskov\u00e9 p\u0159es\u00fdpac\u00ed hodiny s b\u00edl\u00fdm p\u00edskem z osiky - Anders &amp; Kafka E-SHOP\" \/>\n<meta property=\"og:description\" content=\"P\u0159es\u00fdpac\u00ed hodiny modern\u00edho vzhledu do sauny na masivn\u00edm d\u0159ev\u011bn\u00e9m oto\u010dn\u00e9m podkladu z osiky s minutovou stupnic\u00ed a se sklen\u011bn\u00fdm v\u00e1lcem pln\u011bn\u00fdm b\u00edl\u00fdm p\u00edskem. Doba p\u0159es\u00fdp\u00e1n\u00ed je cca 15 minut.\" \/>\n<meta property=\"og:url\" content=\"https:\/\/anderskafka.cz\/eshop\/produkt\/sentiotec-saunove-piskove-presypaci-hodiny-z-osiky-s-bilym-piskem\/\" \/>\n<meta property=\"og:site_name\" content=\"Anders &amp; Kafka E-SHOP\" \/>\n<meta property=\"article:modified_time\" content=\"2026-04-01T19:50:00+00:00\" \/>\n<meta name=\"twitter:card\" content=\"summary_large_image\" \/>\n<meta name=\"twitter:image\" content=\"https:\/\/anderskafka.cz\/eshop\/wp-content\/uploads\/sites\/3\/2023\/03\/SAWO_presypacihodinyosikabilypisek_AndersKafka.webp\" \/>\n<meta name=\"twitter:label1\" content=\"Odhadovan\u00e1 doba \u010dten\u00ed\" \/>\n\t<meta name=\"twitter:data1\" content=\"1 minuta\" \/>\n<script type=\"application\/ld+json\" class=\"yoast-schema-graph\">{\"@context\":\"https:\/\/schema.org\",\"@graph\":[{\"@type\":\"WebSite\",\"@id\":\"https:\/\/anderskafka.cz\/eshop\/#website\",\"url\":\"https:\/\/anderskafka.cz\/eshop\/\",\"name\":\"Anders &amp; Kafka E-SHOP\",\"description\":\"Anders &amp; Kafka E-SHOP\",\"potentialAction\":[{\"@type\":\"SearchAction\",\"target\":{\"@type\":\"EntryPoint\",\"urlTemplate\":\"https:\/\/anderskafka.cz\/eshop\/?s={search_term_string}\"},\"query-input\":\"required name=search_term_string\"}],\"inLanguage\":\"cs\"},{\"@type\":\"ImageObject\",\"@id\":\"https:\/\/anderskafka.cz\/eshop\/produkt\/sentiotec-saunove-piskove-presypaci-hodiny-z-osiky-s-bilym-piskem\/#primaryimage\",\"inLanguage\":\"cs\",\"url\":\"https:\/\/anderskafka.cz\/eshop\/wp-content\/uploads\/sites\/3\/2023\/03\/SAWO_presypacihodinyosikabilypisek_AndersKafka.webp\",\"contentUrl\":\"https:\/\/anderskafka.cz\/eshop\/wp-content\/uploads\/sites\/3\/2023\/03\/SAWO_presypacihodinyosikabilypisek_AndersKafka.webp\",\"width\":1500,\"height\":1500},{\"@type\":\"WebPage\",\"@id\":\"https:\/\/anderskafka.cz\/eshop\/produkt\/sentiotec-saunove-piskove-presypaci-hodiny-z-osiky-s-bilym-piskem\/#webpage\",\"url\":\"https:\/\/anderskafka.cz\/eshop\/produkt\/sentiotec-saunove-piskove-presypaci-hodiny-z-osiky-s-bilym-piskem\/\",\"name\":\"SAWO saunov\u00e9 p\u00edskov\u00e9 p\u0159es\u00fdpac\u00ed hodiny s b\u00edl\u00fdm p\u00edskem z osiky - Anders &amp; Kafka E-SHOP\",\"isPartOf\":{\"@id\":\"https:\/\/anderskafka.cz\/eshop\/#website\"},\"primaryImageOfPage\":{\"@id\":\"https:\/\/anderskafka.cz\/eshop\/produkt\/sentiotec-saunove-piskove-presypaci-hodiny-z-osiky-s-bilym-piskem\/#primaryimage\"},\"datePublished\":\"2023-03-09T10:11:03+00:00\",\"dateModified\":\"2026-04-01T19:50:00+00:00\",\"description\":\"P\u0159es\u00fdpac\u00ed hodiny modern\u00edho vzhledu do sauny na masivn\u00edm d\u0159ev\u011bn\u00e9m oto\u010dn\u00e9m podkladu z osiky s minutovou stupnic\u00ed a se sklen\u011bn\u00fdm v\u00e1lcem pln\u011bn\u00fdm b\u00edl\u00fdm p\u00edskem. Doba p\u0159es\u00fdp\u00e1n\u00ed je cca 15 minut.\",\"breadcrumb\":{\"@id\":\"https:\/\/anderskafka.cz\/eshop\/produkt\/sentiotec-saunove-piskove-presypaci-hodiny-z-osiky-s-bilym-piskem\/#breadcrumb\"},\"inLanguage\":\"cs\",\"potentialAction\":[{\"@type\":\"ReadAction\",\"target\":[\"https:\/\/anderskafka.cz\/eshop\/produkt\/sentiotec-saunove-piskove-presypaci-hodiny-z-osiky-s-bilym-piskem\/\"]}]},{\"@type\":\"BreadcrumbList\",\"@id\":\"https:\/\/anderskafka.cz\/eshop\/produkt\/sentiotec-saunove-piskove-presypaci-hodiny-z-osiky-s-bilym-piskem\/#breadcrumb\",\"itemListElement\":[{\"@type\":\"ListItem\",\"position\":1,\"name\":\"Obchod\",\"item\":\"https:\/\/anderskafka.cz\/eshop\/obchod\/\"},{\"@type\":\"ListItem\",\"position\":2,\"name\":\"SAWO saunov\u00e9 p\u00edskov\u00e9 p\u0159es\u00fdpac\u00ed hodiny s b\u00edl\u00fdm p\u00edskem z osiky\"}]}]}<\/script>\n<!-- \/ Yoast SEO plugin. -->","yoast_head_json":{"title":"SAWO saunov\u00e9 p\u00edskov\u00e9 p\u0159es\u00fdpac\u00ed hodiny s b\u00edl\u00fdm p\u00edskem z osiky - Anders &amp; Kafka E-SHOP","description":"P\u0159es\u00fdpac\u00ed hodiny modern\u00edho vzhledu do sauny na masivn\u00edm d\u0159ev\u011bn\u00e9m oto\u010dn\u00e9m podkladu z osiky s minutovou stupnic\u00ed a se sklen\u011bn\u00fdm v\u00e1lcem pln\u011bn\u00fdm b\u00edl\u00fdm p\u00edskem. Doba p\u0159es\u00fdp\u00e1n\u00ed je cca 15 minut.","robots":{"index":"index","follow":"follow","max-snippet":"max-snippet:-1","max-image-preview":"max-image-preview:large","max-video-preview":"max-video-preview:-1"},"canonical":"https:\/\/anderskafka.cz\/eshop\/produkt\/sentiotec-saunove-piskove-presypaci-hodiny-z-osiky-s-bilym-piskem\/","og_locale":"cs_CZ","og_type":"article","og_title":"SAWO saunov\u00e9 p\u00edskov\u00e9 p\u0159es\u00fdpac\u00ed hodiny s b\u00edl\u00fdm p\u00edskem z osiky - Anders &amp; Kafka E-SHOP","og_description":"P\u0159es\u00fdpac\u00ed hodiny modern\u00edho vzhledu do sauny na masivn\u00edm d\u0159ev\u011bn\u00e9m oto\u010dn\u00e9m podkladu z osiky s minutovou stupnic\u00ed a se sklen\u011bn\u00fdm v\u00e1lcem pln\u011bn\u00fdm b\u00edl\u00fdm p\u00edskem. Doba p\u0159es\u00fdp\u00e1n\u00ed je cca 15 minut.","og_url":"https:\/\/anderskafka.cz\/eshop\/produkt\/sentiotec-saunove-piskove-presypaci-hodiny-z-osiky-s-bilym-piskem\/","og_site_name":"Anders &amp; Kafka E-SHOP","article_modified_time":"2026-04-01T19:50:00+00:00","twitter_card":"summary_large_image","twitter_image":"https:\/\/anderskafka.cz\/eshop\/wp-content\/uploads\/sites\/3\/2023\/03\/SAWO_presypacihodinyosikabilypisek_AndersKafka.webp","twitter_misc":{"Odhadovan\u00e1 doba \u010dten\u00ed":"1 minuta"},"schema":{"@context":"https:\/\/schema.org","@graph":[{"@type":"WebSite","@id":"https:\/\/anderskafka.cz\/eshop\/#website","url":"https:\/\/anderskafka.cz\/eshop\/","name":"Anders &amp; Kafka E-SHOP","description":"Anders &amp; Kafka E-SHOP","potentialAction":[{"@type":"SearchAction","target":{"@type":"EntryPoint","urlTemplate":"https:\/\/anderskafka.cz\/eshop\/?s={search_term_string}"},"query-input":"required name=search_term_string"}],"inLanguage":"cs"},{"@type":"ImageObject","@id":"https:\/\/anderskafka.cz\/eshop\/produkt\/sentiotec-saunove-piskove-presypaci-hodiny-z-osiky-s-bilym-piskem\/#primaryimage","inLanguage":"cs","url":"https:\/\/anderskafka.cz\/eshop\/wp-content\/uploads\/sites\/3\/2023\/03\/SAWO_presypacihodinyosikabilypisek_AndersKafka.webp","contentUrl":"https:\/\/anderskafka.cz\/eshop\/wp-content\/uploads\/sites\/3\/2023\/03\/SAWO_presypacihodinyosikabilypisek_AndersKafka.webp","width":1500,"height":1500},{"@type":"WebPage","@id":"https:\/\/anderskafka.cz\/eshop\/produkt\/sentiotec-saunove-piskove-presypaci-hodiny-z-osiky-s-bilym-piskem\/#webpage","url":"https:\/\/anderskafka.cz\/eshop\/produkt\/sentiotec-saunove-piskove-presypaci-hodiny-z-osiky-s-bilym-piskem\/","name":"SAWO saunov\u00e9 p\u00edskov\u00e9 p\u0159es\u00fdpac\u00ed hodiny s b\u00edl\u00fdm p\u00edskem z osiky - Anders &amp; Kafka E-SHOP","isPartOf":{"@id":"https:\/\/anderskafka.cz\/eshop\/#website"},"primaryImageOfPage":{"@id":"https:\/\/anderskafka.cz\/eshop\/produkt\/sentiotec-saunove-piskove-presypaci-hodiny-z-osiky-s-bilym-piskem\/#primaryimage"},"datePublished":"2023-03-09T10:11:03+00:00","dateModified":"2026-04-01T19:50:00+00:00","description":"P\u0159es\u00fdpac\u00ed hodiny modern\u00edho vzhledu do sauny na masivn\u00edm d\u0159ev\u011bn\u00e9m oto\u010dn\u00e9m podkladu z osiky s minutovou stupnic\u00ed a se sklen\u011bn\u00fdm v\u00e1lcem pln\u011bn\u00fdm b\u00edl\u00fdm p\u00edskem. Doba p\u0159es\u00fdp\u00e1n\u00ed je cca 15 minut.","breadcrumb":{"@id":"https:\/\/anderskafka.cz\/eshop\/produkt\/sentiotec-saunove-piskove-presypaci-hodiny-z-osiky-s-bilym-piskem\/#breadcrumb"},"inLanguage":"cs","potentialAction":[{"@type":"ReadAction","target":["https:\/\/anderskafka.cz\/eshop\/produkt\/sentiotec-saunove-piskove-presypaci-hodiny-z-osiky-s-bilym-piskem\/"]}]},{"@type":"BreadcrumbList","@id":"https:\/\/anderskafka.cz\/eshop\/produkt\/sentiotec-saunove-piskove-presypaci-hodiny-z-osiky-s-bilym-piskem\/#breadcrumb","itemListElement":[{"@type":"ListItem","position":1,"name":"Obchod","item":"https:\/\/anderskafka.cz\/eshop\/obchod\/"},{"@type":"ListItem","position":2,"name":"SAWO saunov\u00e9 p\u00edskov\u00e9 p\u0159es\u00fdpac\u00ed hodiny s b\u00edl\u00fdm p\u00edskem z osiky"}]}]}},"locations":[],"_links":{"self":[{"href":"https:\/\/anderskafka.cz\/eshop\/wp-json\/wp\/v2\/product\/2147"}],"collection":[{"href":"https:\/\/anderskafka.cz\/eshop\/wp-json\/wp\/v2\/product"}],"about":[{"href":"https:\/\/anderskafka.cz\/eshop\/wp-json\/wp\/v2\/types\/product"}],"replies":[{"embeddable":true,"href":"https:\/\/anderskafka.cz\/eshop\/wp-json\/wp\/v2\/comments?post=2147"}],"wp:featuredmedia":[{"embeddable":true,"href":"https:\/\/anderskafka.cz\/eshop\/wp-json\/wp\/v2\/media\/11546"}],"wp:attachment":[{"href":"https:\/\/anderskafka.cz\/eshop\/wp-json\/wp\/v2\/media?parent=2147"}],"wp:term":[{"taxonomy":"location","embeddable":true,"href":"https:\/\/anderskafka.cz\/eshop\/wp-json\/wp\/v2\/location?post=2147"},{"taxonomy":"product_cat","embeddable":true,"href":"https:\/\/anderskafka.cz\/eshop\/wp-json\/wp\/v2\/product_cat?post=2147"},{"taxonomy":"product_tag","embeddable":true,"href":"https:\/\/anderskafka.cz\/eshop\/wp-json\/wp\/v2\/product_tag?post=2147"}],"curies":[{"name":"wp","href":"https:\/\/api.w.org\/{rel}","templated":true}]}}