{"id":2158,"date":"2023-03-09T12:54:24","date_gmt":"2023-03-09T11:54:24","guid":{"rendered":"https:\/\/anderskafka.cz\/eshop\/?post_type=product&#038;p=2158"},"modified":"2026-03-29T19:05:49","modified_gmt":"2026-03-29T17:05:49","slug":"sentiotec-drevena-stanice-z-cedru-pro-mereni-klimatu-v-saune","status":"publish","type":"product","link":"https:\/\/anderskafka.cz\/eshop\/produkt\/sentiotec-drevena-stanice-z-cedru-pro-mereni-klimatu-v-saune\/","title":{"rendered":"SAWO d\u0159ev\u011bn\u00e1 stanice z cedru pro m\u011b\u0159en\u00ed klimatu v saun\u011b"},"content":{"rendered":"<p>Stanice modern\u00edho vzhledu pro m\u011b\u0159en\u00ed teploty a vhlkosti v saun\u011b. Obdeln\u00edkov\u00e9 p\u0159\u00edstroje jsou osazen\u00e9 v d\u0159ev\u011bn\u00e9m r\u00e1mu z masivn\u00edho kusu d\u0159eva &#8211; cedru.<br \/>\nTeplom\u011br a vlhkom\u011br s rozsahem m\u011b\u0159en\u00ed 20 &#8211; 120 \u00b0C \/ 0 &#8211; 100 % rel. vlhkosti vzduchu. Z\u00e1v\u011bs na ze\u010f.<\/p>\n","protected":false},"excerpt":{"rendered":"<p>Stanice modern\u00edho vzhledu pro m\u011b\u0159en\u00ed teploty a vhlkosti v saun\u011b. Obdeln\u00edkov\u00e9 p\u0159\u00edstroje jsou osazen\u00e9 v d\u0159ev\u011bn\u00e9m r\u00e1mu z masivn\u00edho kusu d\u0159eva &#8211; cedru.<br \/>\n<img loading=\"lazy\" class=\"aligncenter wp-image-10063\" src=\"https:\/\/anderskafka.cz\/eshop\/wp-content\/uploads\/sites\/3\/2023\/03\/SAWO_logo_AndersKafka-1-300x193.webp\" alt=\"\" width=\"170\" height=\"110\" srcset=\"https:\/\/anderskafka.cz\/eshop\/wp-content\/uploads\/sites\/3\/2023\/03\/SAWO_logo_AndersKafka-1-300x193.webp 300w, https:\/\/anderskafka.cz\/eshop\/wp-content\/uploads\/sites\/3\/2023\/03\/SAWO_logo_AndersKafka-1-1024x660.webp 1024w, https:\/\/anderskafka.cz\/eshop\/wp-content\/uploads\/sites\/3\/2023\/03\/SAWO_logo_AndersKafka-1-768x495.webp 768w, https:\/\/anderskafka.cz\/eshop\/wp-content\/uploads\/sites\/3\/2023\/03\/SAWO_logo_AndersKafka-1-700x451.webp 700w, https:\/\/anderskafka.cz\/eshop\/wp-content\/uploads\/sites\/3\/2023\/03\/SAWO_logo_AndersKafka-1-64x41.webp 64w, https:\/\/anderskafka.cz\/eshop\/wp-content\/uploads\/sites\/3\/2023\/03\/SAWO_logo_AndersKafka-1.webp 1500w\" sizes=\"(max-width: 170px) 100vw, 170px\" \/><\/p>\n","protected":false},"featured_media":2186,"comment_status":"open","ping_status":"closed","template":"","meta":{"site-sidebar-layout":"default","site-content-layout":"default","ast-main-header-display":"","ast-hfb-above-header-display":"","ast-hfb-below-header-display":"","ast-hfb-mobile-header-display":"","site-post-title":"","ast-breadcrumbs-content":"","ast-featured-img":"","footer-sml-layout":"","theme-transparent-header-meta":"","adv-header-id-meta":"","stick-header-meta":"","header-above-stick-meta":"","header-main-stick-meta":"","header-below-stick-meta":""},"location":[],"product_cat":[442],"product_tag":[1091],"yoast_head":"<!-- This site is optimized with the Yoast SEO plugin v18.5.1 - https:\/\/yoast.com\/wordpress\/plugins\/seo\/ -->\n<title>SAWO d\u0159ev\u011bn\u00e1 stanice z cedru pro m\u011b\u0159en\u00ed klimatu v saun\u011b - Anders &amp; Kafka E-SHOP<\/title>\n<meta name=\"description\" content=\"Stanice modern\u00edho vzhledu pro m\u011b\u0159en\u00ed teploty a vhlkosti v saun\u011b. Obdeln\u00edkov\u00e9 p\u0159\u00edstroje jsou osazen\u00e9 v d\u0159ev\u011bn\u00e9m r\u00e1mu z masivn\u00edho kusu d\u0159eva - cedru.\" \/>\n<meta name=\"robots\" content=\"index, follow, max-snippet:-1, max-image-preview:large, max-video-preview:-1\" \/>\n<link rel=\"canonical\" href=\"https:\/\/anderskafka.cz\/eshop\/produkt\/sentiotec-drevena-stanice-z-cedru-pro-mereni-klimatu-v-saune\/\" \/>\n<meta property=\"og:locale\" content=\"cs_CZ\" \/>\n<meta property=\"og:type\" content=\"article\" \/>\n<meta property=\"og:title\" content=\"SAWO d\u0159ev\u011bn\u00e1 stanice z cedru pro m\u011b\u0159en\u00ed klimatu v saun\u011b - Anders &amp; Kafka E-SHOP\" \/>\n<meta property=\"og:description\" content=\"Stanice modern\u00edho vzhledu pro m\u011b\u0159en\u00ed teploty a vhlkosti v saun\u011b. Obdeln\u00edkov\u00e9 p\u0159\u00edstroje jsou osazen\u00e9 v d\u0159ev\u011bn\u00e9m r\u00e1mu z masivn\u00edho kusu d\u0159eva - cedru.\" \/>\n<meta property=\"og:url\" content=\"https:\/\/anderskafka.cz\/eshop\/produkt\/sentiotec-drevena-stanice-z-cedru-pro-mereni-klimatu-v-saune\/\" \/>\n<meta property=\"og:site_name\" content=\"Anders &amp; Kafka E-SHOP\" \/>\n<meta property=\"article:modified_time\" content=\"2026-03-29T17:05:49+00:00\" \/>\n<meta property=\"og:image\" content=\"https:\/\/anderskafka.cz\/eshop\/wp-content\/uploads\/sites\/3\/2023\/03\/Sentiotec_Thermo-Hygrometer_225-THD_p1-Velky-2-e1678376342787.jpg\" \/>\n\t<meta property=\"og:image:width\" content=\"565\" \/>\n\t<meta property=\"og:image:height\" content=\"549\" \/>\n\t<meta property=\"og:image:type\" content=\"image\/jpeg\" \/>\n<meta name=\"twitter:card\" content=\"summary_large_image\" \/>\n<meta name=\"twitter:label1\" content=\"Odhadovan\u00e1 doba \u010dten\u00ed\" \/>\n\t<meta name=\"twitter:data1\" content=\"1 minuta\" \/>\n<script type=\"application\/ld+json\" class=\"yoast-schema-graph\">{\"@context\":\"https:\/\/schema.org\",\"@graph\":[{\"@type\":\"WebSite\",\"@id\":\"https:\/\/anderskafka.cz\/eshop\/#website\",\"url\":\"https:\/\/anderskafka.cz\/eshop\/\",\"name\":\"Anders &amp; Kafka E-SHOP\",\"description\":\"Anders &amp; Kafka E-SHOP\",\"potentialAction\":[{\"@type\":\"SearchAction\",\"target\":{\"@type\":\"EntryPoint\",\"urlTemplate\":\"https:\/\/anderskafka.cz\/eshop\/?s={search_term_string}\"},\"query-input\":\"required name=search_term_string\"}],\"inLanguage\":\"cs\"},{\"@type\":\"ImageObject\",\"@id\":\"https:\/\/anderskafka.cz\/eshop\/produkt\/sentiotec-drevena-stanice-z-cedru-pro-mereni-klimatu-v-saune\/#primaryimage\",\"inLanguage\":\"cs\",\"url\":\"https:\/\/anderskafka.cz\/eshop\/wp-content\/uploads\/sites\/3\/2023\/03\/Sentiotec_Thermo-Hygrometer_225-THD_p1-Velky-2-e1678376342787.jpg\",\"contentUrl\":\"https:\/\/anderskafka.cz\/eshop\/wp-content\/uploads\/sites\/3\/2023\/03\/Sentiotec_Thermo-Hygrometer_225-THD_p1-Velky-2-e1678376342787.jpg\",\"width\":565,\"height\":549},{\"@type\":\"WebPage\",\"@id\":\"https:\/\/anderskafka.cz\/eshop\/produkt\/sentiotec-drevena-stanice-z-cedru-pro-mereni-klimatu-v-saune\/#webpage\",\"url\":\"https:\/\/anderskafka.cz\/eshop\/produkt\/sentiotec-drevena-stanice-z-cedru-pro-mereni-klimatu-v-saune\/\",\"name\":\"SAWO d\u0159ev\u011bn\u00e1 stanice z cedru pro m\u011b\u0159en\u00ed klimatu v saun\u011b - Anders &amp; Kafka E-SHOP\",\"isPartOf\":{\"@id\":\"https:\/\/anderskafka.cz\/eshop\/#website\"},\"primaryImageOfPage\":{\"@id\":\"https:\/\/anderskafka.cz\/eshop\/produkt\/sentiotec-drevena-stanice-z-cedru-pro-mereni-klimatu-v-saune\/#primaryimage\"},\"datePublished\":\"2023-03-09T11:54:24+00:00\",\"dateModified\":\"2026-03-29T17:05:49+00:00\",\"description\":\"Stanice modern\u00edho vzhledu pro m\u011b\u0159en\u00ed teploty a vhlkosti v saun\u011b. Obdeln\u00edkov\u00e9 p\u0159\u00edstroje jsou osazen\u00e9 v d\u0159ev\u011bn\u00e9m r\u00e1mu z masivn\u00edho kusu d\u0159eva - cedru.\",\"breadcrumb\":{\"@id\":\"https:\/\/anderskafka.cz\/eshop\/produkt\/sentiotec-drevena-stanice-z-cedru-pro-mereni-klimatu-v-saune\/#breadcrumb\"},\"inLanguage\":\"cs\",\"potentialAction\":[{\"@type\":\"ReadAction\",\"target\":[\"https:\/\/anderskafka.cz\/eshop\/produkt\/sentiotec-drevena-stanice-z-cedru-pro-mereni-klimatu-v-saune\/\"]}]},{\"@type\":\"BreadcrumbList\",\"@id\":\"https:\/\/anderskafka.cz\/eshop\/produkt\/sentiotec-drevena-stanice-z-cedru-pro-mereni-klimatu-v-saune\/#breadcrumb\",\"itemListElement\":[{\"@type\":\"ListItem\",\"position\":1,\"name\":\"Obchod\",\"item\":\"https:\/\/anderskafka.cz\/eshop\/obchod\/\"},{\"@type\":\"ListItem\",\"position\":2,\"name\":\"SAWO d\u0159ev\u011bn\u00e1 stanice z cedru pro m\u011b\u0159en\u00ed klimatu v saun\u011b\"}]}]}<\/script>\n<!-- \/ Yoast SEO plugin. -->","yoast_head_json":{"title":"SAWO d\u0159ev\u011bn\u00e1 stanice z cedru pro m\u011b\u0159en\u00ed klimatu v saun\u011b - Anders &amp; Kafka E-SHOP","description":"Stanice modern\u00edho vzhledu pro m\u011b\u0159en\u00ed teploty a vhlkosti v saun\u011b. Obdeln\u00edkov\u00e9 p\u0159\u00edstroje jsou osazen\u00e9 v d\u0159ev\u011bn\u00e9m r\u00e1mu z masivn\u00edho kusu d\u0159eva - cedru.","robots":{"index":"index","follow":"follow","max-snippet":"max-snippet:-1","max-image-preview":"max-image-preview:large","max-video-preview":"max-video-preview:-1"},"canonical":"https:\/\/anderskafka.cz\/eshop\/produkt\/sentiotec-drevena-stanice-z-cedru-pro-mereni-klimatu-v-saune\/","og_locale":"cs_CZ","og_type":"article","og_title":"SAWO d\u0159ev\u011bn\u00e1 stanice z cedru pro m\u011b\u0159en\u00ed klimatu v saun\u011b - Anders &amp; Kafka E-SHOP","og_description":"Stanice modern\u00edho vzhledu pro m\u011b\u0159en\u00ed teploty a vhlkosti v saun\u011b. Obdeln\u00edkov\u00e9 p\u0159\u00edstroje jsou osazen\u00e9 v d\u0159ev\u011bn\u00e9m r\u00e1mu z masivn\u00edho kusu d\u0159eva - cedru.","og_url":"https:\/\/anderskafka.cz\/eshop\/produkt\/sentiotec-drevena-stanice-z-cedru-pro-mereni-klimatu-v-saune\/","og_site_name":"Anders &amp; Kafka E-SHOP","article_modified_time":"2026-03-29T17:05:49+00:00","og_image":[{"width":565,"height":549,"url":"https:\/\/anderskafka.cz\/eshop\/wp-content\/uploads\/sites\/3\/2023\/03\/Sentiotec_Thermo-Hygrometer_225-THD_p1-Velky-2-e1678376342787.jpg","type":"image\/jpeg"}],"twitter_card":"summary_large_image","twitter_misc":{"Odhadovan\u00e1 doba \u010dten\u00ed":"1 minuta"},"schema":{"@context":"https:\/\/schema.org","@graph":[{"@type":"WebSite","@id":"https:\/\/anderskafka.cz\/eshop\/#website","url":"https:\/\/anderskafka.cz\/eshop\/","name":"Anders &amp; Kafka E-SHOP","description":"Anders &amp; Kafka E-SHOP","potentialAction":[{"@type":"SearchAction","target":{"@type":"EntryPoint","urlTemplate":"https:\/\/anderskafka.cz\/eshop\/?s={search_term_string}"},"query-input":"required name=search_term_string"}],"inLanguage":"cs"},{"@type":"ImageObject","@id":"https:\/\/anderskafka.cz\/eshop\/produkt\/sentiotec-drevena-stanice-z-cedru-pro-mereni-klimatu-v-saune\/#primaryimage","inLanguage":"cs","url":"https:\/\/anderskafka.cz\/eshop\/wp-content\/uploads\/sites\/3\/2023\/03\/Sentiotec_Thermo-Hygrometer_225-THD_p1-Velky-2-e1678376342787.jpg","contentUrl":"https:\/\/anderskafka.cz\/eshop\/wp-content\/uploads\/sites\/3\/2023\/03\/Sentiotec_Thermo-Hygrometer_225-THD_p1-Velky-2-e1678376342787.jpg","width":565,"height":549},{"@type":"WebPage","@id":"https:\/\/anderskafka.cz\/eshop\/produkt\/sentiotec-drevena-stanice-z-cedru-pro-mereni-klimatu-v-saune\/#webpage","url":"https:\/\/anderskafka.cz\/eshop\/produkt\/sentiotec-drevena-stanice-z-cedru-pro-mereni-klimatu-v-saune\/","name":"SAWO d\u0159ev\u011bn\u00e1 stanice z cedru pro m\u011b\u0159en\u00ed klimatu v saun\u011b - Anders &amp; Kafka E-SHOP","isPartOf":{"@id":"https:\/\/anderskafka.cz\/eshop\/#website"},"primaryImageOfPage":{"@id":"https:\/\/anderskafka.cz\/eshop\/produkt\/sentiotec-drevena-stanice-z-cedru-pro-mereni-klimatu-v-saune\/#primaryimage"},"datePublished":"2023-03-09T11:54:24+00:00","dateModified":"2026-03-29T17:05:49+00:00","description":"Stanice modern\u00edho vzhledu pro m\u011b\u0159en\u00ed teploty a vhlkosti v saun\u011b. Obdeln\u00edkov\u00e9 p\u0159\u00edstroje jsou osazen\u00e9 v d\u0159ev\u011bn\u00e9m r\u00e1mu z masivn\u00edho kusu d\u0159eva - cedru.","breadcrumb":{"@id":"https:\/\/anderskafka.cz\/eshop\/produkt\/sentiotec-drevena-stanice-z-cedru-pro-mereni-klimatu-v-saune\/#breadcrumb"},"inLanguage":"cs","potentialAction":[{"@type":"ReadAction","target":["https:\/\/anderskafka.cz\/eshop\/produkt\/sentiotec-drevena-stanice-z-cedru-pro-mereni-klimatu-v-saune\/"]}]},{"@type":"BreadcrumbList","@id":"https:\/\/anderskafka.cz\/eshop\/produkt\/sentiotec-drevena-stanice-z-cedru-pro-mereni-klimatu-v-saune\/#breadcrumb","itemListElement":[{"@type":"ListItem","position":1,"name":"Obchod","item":"https:\/\/anderskafka.cz\/eshop\/obchod\/"},{"@type":"ListItem","position":2,"name":"SAWO d\u0159ev\u011bn\u00e1 stanice z cedru pro m\u011b\u0159en\u00ed klimatu v saun\u011b"}]}]}},"locations":[],"_links":{"self":[{"href":"https:\/\/anderskafka.cz\/eshop\/wp-json\/wp\/v2\/product\/2158"}],"collection":[{"href":"https:\/\/anderskafka.cz\/eshop\/wp-json\/wp\/v2\/product"}],"about":[{"href":"https:\/\/anderskafka.cz\/eshop\/wp-json\/wp\/v2\/types\/product"}],"replies":[{"embeddable":true,"href":"https:\/\/anderskafka.cz\/eshop\/wp-json\/wp\/v2\/comments?post=2158"}],"wp:featuredmedia":[{"embeddable":true,"href":"https:\/\/anderskafka.cz\/eshop\/wp-json\/wp\/v2\/media\/2186"}],"wp:attachment":[{"href":"https:\/\/anderskafka.cz\/eshop\/wp-json\/wp\/v2\/media?parent=2158"}],"wp:term":[{"taxonomy":"location","embeddable":true,"href":"https:\/\/anderskafka.cz\/eshop\/wp-json\/wp\/v2\/location?post=2158"},{"taxonomy":"product_cat","embeddable":true,"href":"https:\/\/anderskafka.cz\/eshop\/wp-json\/wp\/v2\/product_cat?post=2158"},{"taxonomy":"product_tag","embeddable":true,"href":"https:\/\/anderskafka.cz\/eshop\/wp-json\/wp\/v2\/product_tag?post=2158"}],"curies":[{"name":"wp","href":"https:\/\/api.w.org\/{rel}","templated":true}]}}