{"id":2190,"date":"2023-03-10T08:36:45","date_gmt":"2023-03-10T07:36:45","guid":{"rendered":"https:\/\/anderskafka.cz\/eshop\/?post_type=product&#038;p=2190"},"modified":"2026-04-13T13:39:18","modified_gmt":"2026-04-13T11:39:18","slug":"sentiotec-saunove-cedrove-vedro-s-rukojeti-a-vnitrnim-kbelikem-4l","status":"publish","type":"product","link":"https:\/\/anderskafka.cz\/eshop\/produkt\/sentiotec-saunove-cedrove-vedro-s-rukojeti-a-vnitrnim-kbelikem-4l\/","title":{"rendered":"SAWO saunov\u00e9 cedrov\u00e9 v\u011bdro s rukojet\u00ed a vnit\u0159n\u00edm kbel\u00edkem, 3,5l"},"content":{"rendered":"<p>V\u011bdro do sauny s praktickou rukojet\u00ed je vyrobeno z cedru.<br \/>\nK v\u011bdru se velmi hod\u00ed nab\u011bra\u010dka a p\u0159es\u00fdpac\u00ed hodiny stejn\u00e9 edice.<br \/>\nPo saunov\u00e1n\u00ed v\u017edy v\u011bdro vypr\u00e1zdn\u011bte a nenech\u00e1vejte jej vyschnout v hork\u00e9 a vlhk\u00e9 saun\u011b. Vnit\u0159n\u00ed plastov\u00fd kbel\u00edk je ned\u00edlnou sou\u010d\u00e1st\u00ed funk\u010dnosti v\u011bdra, usnad\u0148uje \u010di\u0161t\u011bn\u00ed a prodlu\u017euje jeho \u017eivotnost.<\/p>\n","protected":false},"excerpt":{"rendered":"<p>V\u011bdro do sauny s praktickou rukojet\u00ed je vyrobeno z cedru. \u00dadr\u017ebu usnad\u0148uje plastov\u00fd kbel\u00edk, kter\u00fd se vkl\u00e1d\u00e1 do cedrov\u00e9ho v\u011bdra.<br \/>\n<img loading=\"lazy\" class=\"aligncenter wp-image-10063\" src=\"https:\/\/anderskafka.cz\/eshop\/wp-content\/uploads\/sites\/3\/2023\/03\/SAWO_logo_AndersKafka-1-300x193.webp\" alt=\"\" width=\"170\" height=\"110\" srcset=\"https:\/\/anderskafka.cz\/eshop\/wp-content\/uploads\/sites\/3\/2023\/03\/SAWO_logo_AndersKafka-1-300x193.webp 300w, https:\/\/anderskafka.cz\/eshop\/wp-content\/uploads\/sites\/3\/2023\/03\/SAWO_logo_AndersKafka-1-1024x660.webp 1024w, https:\/\/anderskafka.cz\/eshop\/wp-content\/uploads\/sites\/3\/2023\/03\/SAWO_logo_AndersKafka-1-768x495.webp 768w, https:\/\/anderskafka.cz\/eshop\/wp-content\/uploads\/sites\/3\/2023\/03\/SAWO_logo_AndersKafka-1-700x451.webp 700w, https:\/\/anderskafka.cz\/eshop\/wp-content\/uploads\/sites\/3\/2023\/03\/SAWO_logo_AndersKafka-1-64x41.webp 64w, https:\/\/anderskafka.cz\/eshop\/wp-content\/uploads\/sites\/3\/2023\/03\/SAWO_logo_AndersKafka-1.webp 1500w\" sizes=\"(max-width: 170px) 100vw, 170px\" \/><\/p>\n","protected":false},"featured_media":11543,"comment_status":"open","ping_status":"closed","template":"","meta":{"site-sidebar-layout":"default","site-content-layout":"default","ast-main-header-display":"","ast-hfb-above-header-display":"","ast-hfb-below-header-display":"","ast-hfb-mobile-header-display":"","site-post-title":"","ast-breadcrumbs-content":"","ast-featured-img":"","footer-sml-layout":"","theme-transparent-header-meta":"","adv-header-id-meta":"","stick-header-meta":"","header-above-stick-meta":"","header-main-stick-meta":"","header-below-stick-meta":""},"location":[],"product_cat":[101],"product_tag":[1091],"yoast_head":"<!-- This site is optimized with the Yoast SEO plugin v18.5.1 - https:\/\/yoast.com\/wordpress\/plugins\/seo\/ -->\n<title>SAWO saunov\u00e9 cedrov\u00e9 v\u011bdro s rukojet\u00ed a vnit\u0159n\u00edm kbel\u00edkem, 3,5l - Anders &amp; Kafka E-SHOP<\/title>\n<meta name=\"description\" content=\"V\u011bdro do sauny s praktickou rukojet\u00ed je vyrobeno z cedru. \u00dadr\u017ebu usnad\u0148uje plastov\u00fd kbel\u00edk, kter\u00fd se vkl\u00e1d\u00e1 do cedrov\u00e9ho v\u011bdra.\" \/>\n<meta name=\"robots\" content=\"index, follow, max-snippet:-1, max-image-preview:large, max-video-preview:-1\" \/>\n<link rel=\"canonical\" href=\"https:\/\/anderskafka.cz\/eshop\/produkt\/sentiotec-saunove-cedrove-vedro-s-rukojeti-a-vnitrnim-kbelikem-4l\/\" \/>\n<meta property=\"og:locale\" content=\"cs_CZ\" \/>\n<meta property=\"og:type\" content=\"article\" \/>\n<meta property=\"og:title\" content=\"SAWO saunov\u00e9 cedrov\u00e9 v\u011bdro s rukojet\u00ed a vnit\u0159n\u00edm kbel\u00edkem, 3,5l - Anders &amp; Kafka E-SHOP\" \/>\n<meta property=\"og:description\" content=\"V\u011bdro do sauny s praktickou rukojet\u00ed je vyrobeno z cedru. \u00dadr\u017ebu usnad\u0148uje plastov\u00fd kbel\u00edk, kter\u00fd se vkl\u00e1d\u00e1 do cedrov\u00e9ho v\u011bdra.\" \/>\n<meta property=\"og:url\" content=\"https:\/\/anderskafka.cz\/eshop\/produkt\/sentiotec-saunove-cedrove-vedro-s-rukojeti-a-vnitrnim-kbelikem-4l\/\" \/>\n<meta property=\"og:site_name\" content=\"Anders &amp; Kafka E-SHOP\" \/>\n<meta property=\"article:modified_time\" content=\"2026-04-13T11:39:18+00:00\" \/>\n<meta property=\"og:image\" content=\"https:\/\/anderskafka.cz\/eshop\/wp-content\/uploads\/sites\/3\/2023\/03\/SAWO_vedroskbelikemcedr_AndersKafka-1024x1024.png\" \/>\n\t<meta property=\"og:image:width\" content=\"1024\" \/>\n\t<meta property=\"og:image:height\" content=\"1024\" \/>\n\t<meta property=\"og:image:type\" content=\"image\/png\" \/>\n<meta name=\"twitter:card\" content=\"summary_large_image\" \/>\n<meta name=\"twitter:label1\" content=\"Odhadovan\u00e1 doba \u010dten\u00ed\" \/>\n\t<meta name=\"twitter:data1\" content=\"1 minuta\" \/>\n<script type=\"application\/ld+json\" class=\"yoast-schema-graph\">{\"@context\":\"https:\/\/schema.org\",\"@graph\":[{\"@type\":\"WebSite\",\"@id\":\"https:\/\/anderskafka.cz\/eshop\/#website\",\"url\":\"https:\/\/anderskafka.cz\/eshop\/\",\"name\":\"Anders &amp; Kafka E-SHOP\",\"description\":\"Anders &amp; Kafka E-SHOP\",\"potentialAction\":[{\"@type\":\"SearchAction\",\"target\":{\"@type\":\"EntryPoint\",\"urlTemplate\":\"https:\/\/anderskafka.cz\/eshop\/?s={search_term_string}\"},\"query-input\":\"required name=search_term_string\"}],\"inLanguage\":\"cs\"},{\"@type\":\"ImageObject\",\"@id\":\"https:\/\/anderskafka.cz\/eshop\/produkt\/sentiotec-saunove-cedrove-vedro-s-rukojeti-a-vnitrnim-kbelikem-4l\/#primaryimage\",\"inLanguage\":\"cs\",\"url\":\"https:\/\/anderskafka.cz\/eshop\/wp-content\/uploads\/sites\/3\/2023\/03\/SAWO_vedroskbelikemcedr_AndersKafka.png\",\"contentUrl\":\"https:\/\/anderskafka.cz\/eshop\/wp-content\/uploads\/sites\/3\/2023\/03\/SAWO_vedroskbelikemcedr_AndersKafka.png\",\"width\":2000,\"height\":2000},{\"@type\":\"WebPage\",\"@id\":\"https:\/\/anderskafka.cz\/eshop\/produkt\/sentiotec-saunove-cedrove-vedro-s-rukojeti-a-vnitrnim-kbelikem-4l\/#webpage\",\"url\":\"https:\/\/anderskafka.cz\/eshop\/produkt\/sentiotec-saunove-cedrove-vedro-s-rukojeti-a-vnitrnim-kbelikem-4l\/\",\"name\":\"SAWO saunov\u00e9 cedrov\u00e9 v\u011bdro s rukojet\u00ed a vnit\u0159n\u00edm kbel\u00edkem, 3,5l - Anders &amp; Kafka E-SHOP\",\"isPartOf\":{\"@id\":\"https:\/\/anderskafka.cz\/eshop\/#website\"},\"primaryImageOfPage\":{\"@id\":\"https:\/\/anderskafka.cz\/eshop\/produkt\/sentiotec-saunove-cedrove-vedro-s-rukojeti-a-vnitrnim-kbelikem-4l\/#primaryimage\"},\"datePublished\":\"2023-03-10T07:36:45+00:00\",\"dateModified\":\"2026-04-13T11:39:18+00:00\",\"description\":\"V\u011bdro do sauny s praktickou rukojet\u00ed je vyrobeno z cedru. \u00dadr\u017ebu usnad\u0148uje plastov\u00fd kbel\u00edk, kter\u00fd se vkl\u00e1d\u00e1 do cedrov\u00e9ho v\u011bdra.\",\"breadcrumb\":{\"@id\":\"https:\/\/anderskafka.cz\/eshop\/produkt\/sentiotec-saunove-cedrove-vedro-s-rukojeti-a-vnitrnim-kbelikem-4l\/#breadcrumb\"},\"inLanguage\":\"cs\",\"potentialAction\":[{\"@type\":\"ReadAction\",\"target\":[\"https:\/\/anderskafka.cz\/eshop\/produkt\/sentiotec-saunove-cedrove-vedro-s-rukojeti-a-vnitrnim-kbelikem-4l\/\"]}]},{\"@type\":\"BreadcrumbList\",\"@id\":\"https:\/\/anderskafka.cz\/eshop\/produkt\/sentiotec-saunove-cedrove-vedro-s-rukojeti-a-vnitrnim-kbelikem-4l\/#breadcrumb\",\"itemListElement\":[{\"@type\":\"ListItem\",\"position\":1,\"name\":\"Obchod\",\"item\":\"https:\/\/anderskafka.cz\/eshop\/obchod\/\"},{\"@type\":\"ListItem\",\"position\":2,\"name\":\"SAWO saunov\u00e9 cedrov\u00e9 v\u011bdro s rukojet\u00ed a vnit\u0159n\u00edm kbel\u00edkem, 3,5l\"}]}]}<\/script>\n<!-- \/ Yoast SEO plugin. -->","yoast_head_json":{"title":"SAWO saunov\u00e9 cedrov\u00e9 v\u011bdro s rukojet\u00ed a vnit\u0159n\u00edm kbel\u00edkem, 3,5l - Anders &amp; Kafka E-SHOP","description":"V\u011bdro do sauny s praktickou rukojet\u00ed je vyrobeno z cedru. \u00dadr\u017ebu usnad\u0148uje plastov\u00fd kbel\u00edk, kter\u00fd se vkl\u00e1d\u00e1 do cedrov\u00e9ho v\u011bdra.","robots":{"index":"index","follow":"follow","max-snippet":"max-snippet:-1","max-image-preview":"max-image-preview:large","max-video-preview":"max-video-preview:-1"},"canonical":"https:\/\/anderskafka.cz\/eshop\/produkt\/sentiotec-saunove-cedrove-vedro-s-rukojeti-a-vnitrnim-kbelikem-4l\/","og_locale":"cs_CZ","og_type":"article","og_title":"SAWO saunov\u00e9 cedrov\u00e9 v\u011bdro s rukojet\u00ed a vnit\u0159n\u00edm kbel\u00edkem, 3,5l - Anders &amp; Kafka E-SHOP","og_description":"V\u011bdro do sauny s praktickou rukojet\u00ed je vyrobeno z cedru. \u00dadr\u017ebu usnad\u0148uje plastov\u00fd kbel\u00edk, kter\u00fd se vkl\u00e1d\u00e1 do cedrov\u00e9ho v\u011bdra.","og_url":"https:\/\/anderskafka.cz\/eshop\/produkt\/sentiotec-saunove-cedrove-vedro-s-rukojeti-a-vnitrnim-kbelikem-4l\/","og_site_name":"Anders &amp; Kafka E-SHOP","article_modified_time":"2026-04-13T11:39:18+00:00","og_image":[{"width":1024,"height":1024,"url":"https:\/\/anderskafka.cz\/eshop\/wp-content\/uploads\/sites\/3\/2023\/03\/SAWO_vedroskbelikemcedr_AndersKafka-1024x1024.png","type":"image\/png"}],"twitter_card":"summary_large_image","twitter_misc":{"Odhadovan\u00e1 doba \u010dten\u00ed":"1 minuta"},"schema":{"@context":"https:\/\/schema.org","@graph":[{"@type":"WebSite","@id":"https:\/\/anderskafka.cz\/eshop\/#website","url":"https:\/\/anderskafka.cz\/eshop\/","name":"Anders &amp; Kafka E-SHOP","description":"Anders &amp; Kafka E-SHOP","potentialAction":[{"@type":"SearchAction","target":{"@type":"EntryPoint","urlTemplate":"https:\/\/anderskafka.cz\/eshop\/?s={search_term_string}"},"query-input":"required name=search_term_string"}],"inLanguage":"cs"},{"@type":"ImageObject","@id":"https:\/\/anderskafka.cz\/eshop\/produkt\/sentiotec-saunove-cedrove-vedro-s-rukojeti-a-vnitrnim-kbelikem-4l\/#primaryimage","inLanguage":"cs","url":"https:\/\/anderskafka.cz\/eshop\/wp-content\/uploads\/sites\/3\/2023\/03\/SAWO_vedroskbelikemcedr_AndersKafka.png","contentUrl":"https:\/\/anderskafka.cz\/eshop\/wp-content\/uploads\/sites\/3\/2023\/03\/SAWO_vedroskbelikemcedr_AndersKafka.png","width":2000,"height":2000},{"@type":"WebPage","@id":"https:\/\/anderskafka.cz\/eshop\/produkt\/sentiotec-saunove-cedrove-vedro-s-rukojeti-a-vnitrnim-kbelikem-4l\/#webpage","url":"https:\/\/anderskafka.cz\/eshop\/produkt\/sentiotec-saunove-cedrove-vedro-s-rukojeti-a-vnitrnim-kbelikem-4l\/","name":"SAWO saunov\u00e9 cedrov\u00e9 v\u011bdro s rukojet\u00ed a vnit\u0159n\u00edm kbel\u00edkem, 3,5l - Anders &amp; Kafka E-SHOP","isPartOf":{"@id":"https:\/\/anderskafka.cz\/eshop\/#website"},"primaryImageOfPage":{"@id":"https:\/\/anderskafka.cz\/eshop\/produkt\/sentiotec-saunove-cedrove-vedro-s-rukojeti-a-vnitrnim-kbelikem-4l\/#primaryimage"},"datePublished":"2023-03-10T07:36:45+00:00","dateModified":"2026-04-13T11:39:18+00:00","description":"V\u011bdro do sauny s praktickou rukojet\u00ed je vyrobeno z cedru. \u00dadr\u017ebu usnad\u0148uje plastov\u00fd kbel\u00edk, kter\u00fd se vkl\u00e1d\u00e1 do cedrov\u00e9ho v\u011bdra.","breadcrumb":{"@id":"https:\/\/anderskafka.cz\/eshop\/produkt\/sentiotec-saunove-cedrove-vedro-s-rukojeti-a-vnitrnim-kbelikem-4l\/#breadcrumb"},"inLanguage":"cs","potentialAction":[{"@type":"ReadAction","target":["https:\/\/anderskafka.cz\/eshop\/produkt\/sentiotec-saunove-cedrove-vedro-s-rukojeti-a-vnitrnim-kbelikem-4l\/"]}]},{"@type":"BreadcrumbList","@id":"https:\/\/anderskafka.cz\/eshop\/produkt\/sentiotec-saunove-cedrove-vedro-s-rukojeti-a-vnitrnim-kbelikem-4l\/#breadcrumb","itemListElement":[{"@type":"ListItem","position":1,"name":"Obchod","item":"https:\/\/anderskafka.cz\/eshop\/obchod\/"},{"@type":"ListItem","position":2,"name":"SAWO saunov\u00e9 cedrov\u00e9 v\u011bdro s rukojet\u00ed a vnit\u0159n\u00edm kbel\u00edkem, 3,5l"}]}]}},"locations":[],"_links":{"self":[{"href":"https:\/\/anderskafka.cz\/eshop\/wp-json\/wp\/v2\/product\/2190"}],"collection":[{"href":"https:\/\/anderskafka.cz\/eshop\/wp-json\/wp\/v2\/product"}],"about":[{"href":"https:\/\/anderskafka.cz\/eshop\/wp-json\/wp\/v2\/types\/product"}],"replies":[{"embeddable":true,"href":"https:\/\/anderskafka.cz\/eshop\/wp-json\/wp\/v2\/comments?post=2190"}],"wp:featuredmedia":[{"embeddable":true,"href":"https:\/\/anderskafka.cz\/eshop\/wp-json\/wp\/v2\/media\/11543"}],"wp:attachment":[{"href":"https:\/\/anderskafka.cz\/eshop\/wp-json\/wp\/v2\/media?parent=2190"}],"wp:term":[{"taxonomy":"location","embeddable":true,"href":"https:\/\/anderskafka.cz\/eshop\/wp-json\/wp\/v2\/location?post=2190"},{"taxonomy":"product_cat","embeddable":true,"href":"https:\/\/anderskafka.cz\/eshop\/wp-json\/wp\/v2\/product_cat?post=2190"},{"taxonomy":"product_tag","embeddable":true,"href":"https:\/\/anderskafka.cz\/eshop\/wp-json\/wp\/v2\/product_tag?post=2190"}],"curies":[{"name":"wp","href":"https:\/\/api.w.org\/{rel}","templated":true}]}}