{"id":2300,"date":"2023-03-15T22:04:12","date_gmt":"2023-03-15T21:04:12","guid":{"rendered":"https:\/\/anderskafka.cz\/eshop\/?post_type=product&#038;p=2300"},"modified":"2026-03-30T09:48:33","modified_gmt":"2026-03-30T07:48:33","slug":"sentiotec-mysentio-wifi-ovladani-sauny-pomoci-aplikace-z-mobilniho-zarizeni","status":"publish","type":"product","link":"https:\/\/anderskafka.cz\/eshop\/produkt\/sentiotec-mysentio-wifi-ovladani-sauny-pomoci-aplikace-z-mobilniho-zarizeni\/","title":{"rendered":"HARVIA AUSTRIA mysentio wifi \u2013 ovl\u00e1d\u00e1n\u00ed sauny pomoc\u00ed aplikace z mobiln\u00edho za\u0159\u00edzen\u00ed a \u0159\u00edd\u00edc\u00edch jednotek \u0159ady pro d"},"content":{"rendered":"<p>S aplikac\u00ed MySentio m\u00e1te v\u0161echny funkce sauny jako na dlani, aplikace umo\u017e\u0148uje snadno nastavit saunu podle pot\u0159eby pomoc\u00ed mobiln\u00edho za\u0159\u00edzen\u00ed, kdekoli a kdykoli budete cht\u00edt.<\/p>\n<p>Aplikace MySentio ovl\u00e1d\u00e1 v\u0161echny typy saun: finsk\u00e9, bio i infrasauny nebo jejich kombinace.<\/p>\n<p>MySentio WiFi spolupracuje s \u0159\u00eddic\u00edmi jednotkami Sentiotec PRO D2, D2I, D3 a D3I.<br \/>\nPro zaji\u0161t\u011bn\u00ed bezpe\u010dn\u00e9ho provozu sauny p\u0159i pou\u017eit\u00ed vzd\u00e1len\u00e9ho ovl\u00e1d\u00e1n\u00ed je t\u0159eba p\u0159ijmout vhodn\u00e1 bezpe\u010dnostn\u00ed opat\u0159en\u00ed (nap\u0159. aplikac\u00ed automatick\u00e9ho bezpe\u010dnostn\u00edho vypnut\u00ed topidla nebo monitorov\u00e1n\u00edm dve\u0159\u00ed).<\/p>\n<p>MySentio WiFi disponuje Inovativn\u00edmi technologiemi:<\/p>\n<p>Plug &amp; Play<br \/>\nWiFi dongle se p\u0159ipojuje k \u0159\u00eddic\u00ed jednotce pomoc\u00ed s\u00ed\u0165ov\u00e9ho kabelu a mus\u00ed b\u00fdt v dosahu Va\u0161\u00ed s\u00edt\u011b (WLAN)<br \/>\nU\u017eivatelsky p\u0159\u00edjemn\u00e9 ovl\u00e1d\u00e1n\u00ed pomoc\u00ed mobiln\u00edho za\u0159\u00edzen\u00ed<br \/>\nAplikaci je mo\u017en\u00e9 st\u00e1hnout pro mobiln\u00ed za\u0159\u00edzen\u00ed v Apple App Store nebo Google Play Store\u00a0(v\u010detn\u011b demo verze)<br \/>\n\u0158\u00edzen\u00ed teploty a vlhkosti<br \/>\nOvl\u00e1d\u00e1n\u00ed infraz\u00e1\u0159i\u010d\u016f<br \/>\nOvl\u00e1d\u00e1n\u00ed barevn\u00e9ho LED osv\u011btlen\u00ed\u00a0(max. 4 skupiny barevn\u00fdch sv\u011btel RGBW ovl\u00e1dan\u00e9 pomoc\u00ed DMX)<br \/>\nOvl\u00e1d\u00e1n\u00ed sv\u011bteln\u00e9ho zdroje (max. 100 W)<br \/>\nOvl\u00e1d\u00e1n\u00ed ventil\u00e1toru (max. 100 W)<br \/>\nV\u00edce u\u017eivatelsk\u00fdch program\u016f<br \/>\nTechnologie n\u00edzk\u00e9 spot\u0159eby<\/p>\n<p>Ke st\u00e1vaj\u00edc\u00edm \u0159\u00eddic\u00edm jednotk\u00e1m PRO D2, D2I, D3 a D3I lze namontovat za\u0159\u00edzen\u00ed MySento Wifi i dodate\u010dn\u011b.<\/p>\n<p><strong>Rozsah dod\u00e1vky:<\/strong><\/p>\n<p><span style=\"font-size: 16px;font-style: normal\">Wi-Fi adapt\u00e9r<br \/>\n<\/span><span style=\"font-size: 16px;font-style: normal\">1 m kabel s\u00edt\u011b Ethernet, 8p\u00f3lov\u00fd konektor RJ45<\/span><br \/>\n<span style=\"font-size: 16px\">P\u0159evodn\u00edk sb\u011brnice\u00a0<\/span><span style=\"font-size: 16px\">BUS-CON-D \/ 1-053-348<br \/>\n<\/span><span style=\"font-size: 16px;font-style: normal\">Mont\u00e1\u017en\u00ed materi\u00e1l<\/span><br \/>\n<span style=\"font-size: 16px;font-style: normal\">Mont\u00e1\u017en\u00ed n\u00e1vod<\/span><\/p>\n<p><strong style=\"font-size: 16px;font-style: normal\">Voliteln\u00e9 p\u0159\u00edslu\u0161enstv\u00ed:<\/strong><\/p>\n<p style=\"font-size: 16px;font-style: normal\">Syst\u00e9m sn\u00edma\u010de dve\u0159\u00ed (1-052-722 \/ SAB00102)<br \/>\nSada sn\u00edma\u010de dve\u0159\u00ed (1-052-723 \/ SAB00103)<br \/>\nBezpe\u010dnostn\u00ed vypnut\u00ed (SFE-xxxxx)<\/p>\n","protected":false},"excerpt":{"rendered":"<div>\n<p>MySentio je mobiln\u00ed aplikace ur\u010den\u00e1 pro vzd\u00e1len\u00e9 ovl\u00e1d\u00e1n\u00ed sauny. Topidlo, osv\u011btlen\u00ed a ventilaci sauny m\u016f\u017eete ovl\u00e1dat na d\u00e1lku pomoc\u00ed mobiln\u00edho za\u0159\u00edzen\u00ed a kompatibiln\u00ed \u0159\u00eddic\u00ed jednotky.<br \/>\nPomoc\u00ed mobiln\u00ed aplikace MySentio m\u016f\u017eete upravit teplotu sauny podle Va\u0161ich pot\u0159eb a vyberete si, kdy chcete m\u00edt saunu p\u0159ipravenou, odkudkoli a kdykoli.<br \/>\nMySentio posouv\u00e1 V\u00e1\u0161 z\u00e1\u017eitek ze saunov\u00e1n\u00ed na novou \u00farove\u0148 a pom\u00e1h\u00e1 V\u00e1m \u0161et\u0159it energii. Prost\u0159ednictv\u00edm zpr\u00e1vy push na telefonu v\u00edte, kdy je Va\u0161e sauna p\u0159ipravena.<\/p>\n<\/div>\n<div>\n<p>Spole\u010dnost HARVIA AUSTRIA vyv\u00edj\u00ed a vyr\u00e1b\u00ed kvalitn\u00ed a inovativn\u00ed produkty ur\u010den\u00e9 k tomu, aby Va\u0161e chv\u00edle str\u00e1ven\u00e9 v saun\u011b byly co nejv\u00edce relaxuj\u00edc\u00ed.<br \/>\n<img loading=\"lazy\" class=\"alignnone size-full wp-image-1323 aligncenter\" src=\"https:\/\/anderskafka.cz\/eshop\/wp-content\/uploads\/sites\/3\/2022\/12\/logoHarvia.png\" alt=\"\" width=\"102\" height=\"102\" srcset=\"https:\/\/anderskafka.cz\/eshop\/wp-content\/uploads\/sites\/3\/2022\/12\/logoHarvia.png 102w, https:\/\/anderskafka.cz\/eshop\/wp-content\/uploads\/sites\/3\/2022\/12\/logoHarvia-100x100.png 100w, https:\/\/anderskafka.cz\/eshop\/wp-content\/uploads\/sites\/3\/2022\/12\/logoHarvia-64x64.png 64w\" sizes=\"(max-width: 102px) 100vw, 102px\" \/><\/p>\n<\/div>\n","protected":false},"featured_media":2305,"comment_status":"open","ping_status":"closed","template":"","meta":{"site-sidebar-layout":"default","site-content-layout":"default","ast-main-header-display":"","ast-hfb-above-header-display":"","ast-hfb-below-header-display":"","ast-hfb-mobile-header-display":"","site-post-title":"","ast-breadcrumbs-content":"","ast-featured-img":"","footer-sml-layout":"","theme-transparent-header-meta":"","adv-header-id-meta":"","stick-header-meta":"","header-above-stick-meta":"","header-main-stick-meta":"","header-below-stick-meta":""},"location":[],"product_cat":[701],"product_tag":[324],"yoast_head":"<!-- This site is optimized with the Yoast SEO plugin v18.5.1 - https:\/\/yoast.com\/wordpress\/plugins\/seo\/ -->\n<title>HARVIA AUSTRIA mysentio wifi \u2013 ovl\u00e1d\u00e1n\u00ed sauny pomoc\u00ed aplikace z mobiln\u00edho za\u0159\u00edzen\u00ed a \u0159\u00edd\u00edc\u00edch jednotek \u0159ady pro d - Anders &amp; Kafka E-SHOP<\/title>\n<meta name=\"description\" content=\"MySentio je mobiln\u00ed aplikace ur\u010den\u00e1 pro vzd\u00e1len\u00e9 ovl\u00e1d\u00e1n\u00ed sauny. Topidlo, osv\u011btlen\u00ed a ventilaci sauny m\u016f\u017eete ovl\u00e1dat na d\u00e1lku pomoc\u00ed mobiln\u00edho za\u0159\u00edzen\u00ed a kompatibiln\u00ed \u0159\u00eddic\u00ed jednotky. Pomoc\u00ed mobiln\u00ed aplikace MySentio m\u016f\u017eete upravit teplotu sauny podle Va\u0161ich pot\u0159eb a vyberete si, kdy chcete m\u00edt saunu p\u0159ipravenou, odkudkoli a kdykoli. MySentio posouv\u00e1 V\u00e1\u0161 z\u00e1\u017eitek ze saunov\u00e1n\u00ed na novou \u00farove\u0148 a pom\u00e1h\u00e1 V\u00e1m \u0161et\u0159it energii. Prost\u0159ednictv\u00edm zpr\u00e1vy push na telefonu v\u00edte, kdy je Va\u0161e sauna p\u0159ipravena.     Spole\u010dnost HARVIA AUSTRIA vyv\u00edj\u00ed a vyr\u00e1b\u00ed kvalitn\u00ed a inovativn\u00ed produkty ur\u010den\u00e9 k tomu, aby Va\u0161e chv\u00edle str\u00e1ven\u00e9 v saun\u011b byly co nejv\u00edce relaxuj\u00edc\u00ed.\" \/>\n<meta name=\"robots\" content=\"index, follow, max-snippet:-1, max-image-preview:large, max-video-preview:-1\" \/>\n<link rel=\"canonical\" href=\"https:\/\/anderskafka.cz\/eshop\/produkt\/sentiotec-mysentio-wifi-ovladani-sauny-pomoci-aplikace-z-mobilniho-zarizeni\/\" \/>\n<meta property=\"og:locale\" content=\"cs_CZ\" \/>\n<meta property=\"og:type\" content=\"article\" \/>\n<meta property=\"og:title\" content=\"HARVIA AUSTRIA mysentio wifi \u2013 ovl\u00e1d\u00e1n\u00ed sauny pomoc\u00ed aplikace z mobiln\u00edho za\u0159\u00edzen\u00ed a \u0159\u00edd\u00edc\u00edch jednotek \u0159ady pro d - Anders &amp; Kafka E-SHOP\" \/>\n<meta property=\"og:description\" content=\"MySentio je mobiln\u00ed aplikace ur\u010den\u00e1 pro vzd\u00e1len\u00e9 ovl\u00e1d\u00e1n\u00ed sauny. Topidlo, osv\u011btlen\u00ed a ventilaci sauny m\u016f\u017eete ovl\u00e1dat na d\u00e1lku pomoc\u00ed mobiln\u00edho za\u0159\u00edzen\u00ed a kompatibiln\u00ed \u0159\u00eddic\u00ed jednotky. Pomoc\u00ed mobiln\u00ed aplikace MySentio m\u016f\u017eete upravit teplotu sauny podle Va\u0161ich pot\u0159eb a vyberete si, kdy chcete m\u00edt saunu p\u0159ipravenou, odkudkoli a kdykoli. MySentio posouv\u00e1 V\u00e1\u0161 z\u00e1\u017eitek ze saunov\u00e1n\u00ed na novou \u00farove\u0148 a pom\u00e1h\u00e1 V\u00e1m \u0161et\u0159it energii. Prost\u0159ednictv\u00edm zpr\u00e1vy push na telefonu v\u00edte, kdy je Va\u0161e sauna p\u0159ipravena.     Spole\u010dnost HARVIA AUSTRIA vyv\u00edj\u00ed a vyr\u00e1b\u00ed kvalitn\u00ed a inovativn\u00ed produkty ur\u010den\u00e9 k tomu, aby Va\u0161e chv\u00edle str\u00e1ven\u00e9 v saun\u011b byly co nejv\u00edce relaxuj\u00edc\u00ed.\" \/>\n<meta property=\"og:url\" content=\"https:\/\/anderskafka.cz\/eshop\/produkt\/sentiotec-mysentio-wifi-ovladani-sauny-pomoci-aplikace-z-mobilniho-zarizeni\/\" \/>\n<meta property=\"og:site_name\" content=\"Anders &amp; Kafka E-SHOP\" \/>\n<meta property=\"article:modified_time\" content=\"2026-03-30T07:48:33+00:00\" \/>\n<meta property=\"og:image\" content=\"https:\/\/anderskafka.cz\/eshop\/wp-content\/uploads\/sites\/3\/2023\/03\/sentiotec_MySentio_f1.jpg\" \/>\n\t<meta property=\"og:image:width\" content=\"1200\" \/>\n\t<meta property=\"og:image:height\" content=\"800\" \/>\n\t<meta property=\"og:image:type\" content=\"image\/jpeg\" \/>\n<meta name=\"twitter:card\" content=\"summary_large_image\" \/>\n<meta name=\"twitter:label1\" content=\"Odhadovan\u00e1 doba \u010dten\u00ed\" \/>\n\t<meta name=\"twitter:data1\" content=\"2 minuty\" \/>\n<script type=\"application\/ld+json\" class=\"yoast-schema-graph\">{\"@context\":\"https:\/\/schema.org\",\"@graph\":[{\"@type\":\"WebSite\",\"@id\":\"https:\/\/anderskafka.cz\/eshop\/#website\",\"url\":\"https:\/\/anderskafka.cz\/eshop\/\",\"name\":\"Anders &amp; Kafka E-SHOP\",\"description\":\"Anders &amp; Kafka E-SHOP\",\"potentialAction\":[{\"@type\":\"SearchAction\",\"target\":{\"@type\":\"EntryPoint\",\"urlTemplate\":\"https:\/\/anderskafka.cz\/eshop\/?s={search_term_string}\"},\"query-input\":\"required name=search_term_string\"}],\"inLanguage\":\"cs\"},{\"@type\":\"ImageObject\",\"@id\":\"https:\/\/anderskafka.cz\/eshop\/produkt\/sentiotec-mysentio-wifi-ovladani-sauny-pomoci-aplikace-z-mobilniho-zarizeni\/#primaryimage\",\"inLanguage\":\"cs\",\"url\":\"https:\/\/anderskafka.cz\/eshop\/wp-content\/uploads\/sites\/3\/2023\/03\/sentiotec_MySentio_f1.jpg\",\"contentUrl\":\"https:\/\/anderskafka.cz\/eshop\/wp-content\/uploads\/sites\/3\/2023\/03\/sentiotec_MySentio_f1.jpg\",\"width\":1200,\"height\":800},{\"@type\":\"WebPage\",\"@id\":\"https:\/\/anderskafka.cz\/eshop\/produkt\/sentiotec-mysentio-wifi-ovladani-sauny-pomoci-aplikace-z-mobilniho-zarizeni\/#webpage\",\"url\":\"https:\/\/anderskafka.cz\/eshop\/produkt\/sentiotec-mysentio-wifi-ovladani-sauny-pomoci-aplikace-z-mobilniho-zarizeni\/\",\"name\":\"HARVIA AUSTRIA mysentio wifi \u2013 ovl\u00e1d\u00e1n\u00ed sauny pomoc\u00ed aplikace z mobiln\u00edho za\u0159\u00edzen\u00ed a \u0159\u00edd\u00edc\u00edch jednotek \u0159ady pro d - Anders &amp; Kafka E-SHOP\",\"isPartOf\":{\"@id\":\"https:\/\/anderskafka.cz\/eshop\/#website\"},\"primaryImageOfPage\":{\"@id\":\"https:\/\/anderskafka.cz\/eshop\/produkt\/sentiotec-mysentio-wifi-ovladani-sauny-pomoci-aplikace-z-mobilniho-zarizeni\/#primaryimage\"},\"datePublished\":\"2023-03-15T21:04:12+00:00\",\"dateModified\":\"2026-03-30T07:48:33+00:00\",\"description\":\"MySentio je mobiln\u00ed aplikace ur\u010den\u00e1 pro vzd\u00e1len\u00e9 ovl\u00e1d\u00e1n\u00ed sauny. Topidlo, osv\u011btlen\u00ed a ventilaci sauny m\u016f\u017eete ovl\u00e1dat na d\u00e1lku pomoc\u00ed mobiln\u00edho za\u0159\u00edzen\u00ed a kompatibiln\u00ed \u0159\u00eddic\u00ed jednotky. Pomoc\u00ed mobiln\u00ed aplikace MySentio m\u016f\u017eete upravit teplotu sauny podle Va\u0161ich pot\u0159eb a vyberete si, kdy chcete m\u00edt saunu p\u0159ipravenou, odkudkoli a kdykoli. MySentio posouv\u00e1 V\u00e1\u0161 z\u00e1\u017eitek ze saunov\u00e1n\u00ed na novou \u00farove\u0148 a pom\u00e1h\u00e1 V\u00e1m \u0161et\u0159it energii. Prost\u0159ednictv\u00edm zpr\u00e1vy push na telefonu v\u00edte, kdy je Va\u0161e sauna p\u0159ipravena. Spole\u010dnost HARVIA AUSTRIA vyv\u00edj\u00ed a vyr\u00e1b\u00ed kvalitn\u00ed a inovativn\u00ed produkty ur\u010den\u00e9 k tomu, aby Va\u0161e chv\u00edle str\u00e1ven\u00e9 v saun\u011b byly co nejv\u00edce relaxuj\u00edc\u00ed.\",\"breadcrumb\":{\"@id\":\"https:\/\/anderskafka.cz\/eshop\/produkt\/sentiotec-mysentio-wifi-ovladani-sauny-pomoci-aplikace-z-mobilniho-zarizeni\/#breadcrumb\"},\"inLanguage\":\"cs\",\"potentialAction\":[{\"@type\":\"ReadAction\",\"target\":[\"https:\/\/anderskafka.cz\/eshop\/produkt\/sentiotec-mysentio-wifi-ovladani-sauny-pomoci-aplikace-z-mobilniho-zarizeni\/\"]}]},{\"@type\":\"BreadcrumbList\",\"@id\":\"https:\/\/anderskafka.cz\/eshop\/produkt\/sentiotec-mysentio-wifi-ovladani-sauny-pomoci-aplikace-z-mobilniho-zarizeni\/#breadcrumb\",\"itemListElement\":[{\"@type\":\"ListItem\",\"position\":1,\"name\":\"Obchod\",\"item\":\"https:\/\/anderskafka.cz\/eshop\/obchod\/\"},{\"@type\":\"ListItem\",\"position\":2,\"name\":\"HARVIA AUSTRIA mysentio wifi \u2013 ovl\u00e1d\u00e1n\u00ed sauny pomoc\u00ed aplikace z mobiln\u00edho za\u0159\u00edzen\u00ed a \u0159\u00edd\u00edc\u00edch jednotek \u0159ady pro d\"}]}]}<\/script>\n<!-- \/ Yoast SEO plugin. -->","yoast_head_json":{"title":"HARVIA AUSTRIA mysentio wifi \u2013 ovl\u00e1d\u00e1n\u00ed sauny pomoc\u00ed aplikace z mobiln\u00edho za\u0159\u00edzen\u00ed a \u0159\u00edd\u00edc\u00edch jednotek \u0159ady pro d - Anders &amp; Kafka E-SHOP","description":"MySentio je mobiln\u00ed aplikace ur\u010den\u00e1 pro vzd\u00e1len\u00e9 ovl\u00e1d\u00e1n\u00ed sauny. Topidlo, osv\u011btlen\u00ed a ventilaci sauny m\u016f\u017eete ovl\u00e1dat na d\u00e1lku pomoc\u00ed mobiln\u00edho za\u0159\u00edzen\u00ed a kompatibiln\u00ed \u0159\u00eddic\u00ed jednotky. Pomoc\u00ed mobiln\u00ed aplikace MySentio m\u016f\u017eete upravit teplotu sauny podle Va\u0161ich pot\u0159eb a vyberete si, kdy chcete m\u00edt saunu p\u0159ipravenou, odkudkoli a kdykoli. MySentio posouv\u00e1 V\u00e1\u0161 z\u00e1\u017eitek ze saunov\u00e1n\u00ed na novou \u00farove\u0148 a pom\u00e1h\u00e1 V\u00e1m \u0161et\u0159it energii. Prost\u0159ednictv\u00edm zpr\u00e1vy push na telefonu v\u00edte, kdy je Va\u0161e sauna p\u0159ipravena.     Spole\u010dnost HARVIA AUSTRIA vyv\u00edj\u00ed a vyr\u00e1b\u00ed kvalitn\u00ed a inovativn\u00ed produkty ur\u010den\u00e9 k tomu, aby Va\u0161e chv\u00edle str\u00e1ven\u00e9 v saun\u011b byly co nejv\u00edce relaxuj\u00edc\u00ed.","robots":{"index":"index","follow":"follow","max-snippet":"max-snippet:-1","max-image-preview":"max-image-preview:large","max-video-preview":"max-video-preview:-1"},"canonical":"https:\/\/anderskafka.cz\/eshop\/produkt\/sentiotec-mysentio-wifi-ovladani-sauny-pomoci-aplikace-z-mobilniho-zarizeni\/","og_locale":"cs_CZ","og_type":"article","og_title":"HARVIA AUSTRIA mysentio wifi \u2013 ovl\u00e1d\u00e1n\u00ed sauny pomoc\u00ed aplikace z mobiln\u00edho za\u0159\u00edzen\u00ed a \u0159\u00edd\u00edc\u00edch jednotek \u0159ady pro d - Anders &amp; Kafka E-SHOP","og_description":"MySentio je mobiln\u00ed aplikace ur\u010den\u00e1 pro vzd\u00e1len\u00e9 ovl\u00e1d\u00e1n\u00ed sauny. Topidlo, osv\u011btlen\u00ed a ventilaci sauny m\u016f\u017eete ovl\u00e1dat na d\u00e1lku pomoc\u00ed mobiln\u00edho za\u0159\u00edzen\u00ed a kompatibiln\u00ed \u0159\u00eddic\u00ed jednotky. Pomoc\u00ed mobiln\u00ed aplikace MySentio m\u016f\u017eete upravit teplotu sauny podle Va\u0161ich pot\u0159eb a vyberete si, kdy chcete m\u00edt saunu p\u0159ipravenou, odkudkoli a kdykoli. MySentio posouv\u00e1 V\u00e1\u0161 z\u00e1\u017eitek ze saunov\u00e1n\u00ed na novou \u00farove\u0148 a pom\u00e1h\u00e1 V\u00e1m \u0161et\u0159it energii. Prost\u0159ednictv\u00edm zpr\u00e1vy push na telefonu v\u00edte, kdy je Va\u0161e sauna p\u0159ipravena.     Spole\u010dnost HARVIA AUSTRIA vyv\u00edj\u00ed a vyr\u00e1b\u00ed kvalitn\u00ed a inovativn\u00ed produkty ur\u010den\u00e9 k tomu, aby Va\u0161e chv\u00edle str\u00e1ven\u00e9 v saun\u011b byly co nejv\u00edce relaxuj\u00edc\u00ed.","og_url":"https:\/\/anderskafka.cz\/eshop\/produkt\/sentiotec-mysentio-wifi-ovladani-sauny-pomoci-aplikace-z-mobilniho-zarizeni\/","og_site_name":"Anders &amp; Kafka E-SHOP","article_modified_time":"2026-03-30T07:48:33+00:00","og_image":[{"width":1200,"height":800,"url":"https:\/\/anderskafka.cz\/eshop\/wp-content\/uploads\/sites\/3\/2023\/03\/sentiotec_MySentio_f1.jpg","type":"image\/jpeg"}],"twitter_card":"summary_large_image","twitter_misc":{"Odhadovan\u00e1 doba \u010dten\u00ed":"2 minuty"},"schema":{"@context":"https:\/\/schema.org","@graph":[{"@type":"WebSite","@id":"https:\/\/anderskafka.cz\/eshop\/#website","url":"https:\/\/anderskafka.cz\/eshop\/","name":"Anders &amp; Kafka E-SHOP","description":"Anders &amp; Kafka E-SHOP","potentialAction":[{"@type":"SearchAction","target":{"@type":"EntryPoint","urlTemplate":"https:\/\/anderskafka.cz\/eshop\/?s={search_term_string}"},"query-input":"required name=search_term_string"}],"inLanguage":"cs"},{"@type":"ImageObject","@id":"https:\/\/anderskafka.cz\/eshop\/produkt\/sentiotec-mysentio-wifi-ovladani-sauny-pomoci-aplikace-z-mobilniho-zarizeni\/#primaryimage","inLanguage":"cs","url":"https:\/\/anderskafka.cz\/eshop\/wp-content\/uploads\/sites\/3\/2023\/03\/sentiotec_MySentio_f1.jpg","contentUrl":"https:\/\/anderskafka.cz\/eshop\/wp-content\/uploads\/sites\/3\/2023\/03\/sentiotec_MySentio_f1.jpg","width":1200,"height":800},{"@type":"WebPage","@id":"https:\/\/anderskafka.cz\/eshop\/produkt\/sentiotec-mysentio-wifi-ovladani-sauny-pomoci-aplikace-z-mobilniho-zarizeni\/#webpage","url":"https:\/\/anderskafka.cz\/eshop\/produkt\/sentiotec-mysentio-wifi-ovladani-sauny-pomoci-aplikace-z-mobilniho-zarizeni\/","name":"HARVIA AUSTRIA mysentio wifi \u2013 ovl\u00e1d\u00e1n\u00ed sauny pomoc\u00ed aplikace z mobiln\u00edho za\u0159\u00edzen\u00ed a \u0159\u00edd\u00edc\u00edch jednotek \u0159ady pro d - Anders &amp; Kafka E-SHOP","isPartOf":{"@id":"https:\/\/anderskafka.cz\/eshop\/#website"},"primaryImageOfPage":{"@id":"https:\/\/anderskafka.cz\/eshop\/produkt\/sentiotec-mysentio-wifi-ovladani-sauny-pomoci-aplikace-z-mobilniho-zarizeni\/#primaryimage"},"datePublished":"2023-03-15T21:04:12+00:00","dateModified":"2026-03-30T07:48:33+00:00","description":"MySentio je mobiln\u00ed aplikace ur\u010den\u00e1 pro vzd\u00e1len\u00e9 ovl\u00e1d\u00e1n\u00ed sauny. Topidlo, osv\u011btlen\u00ed a ventilaci sauny m\u016f\u017eete ovl\u00e1dat na d\u00e1lku pomoc\u00ed mobiln\u00edho za\u0159\u00edzen\u00ed a kompatibiln\u00ed \u0159\u00eddic\u00ed jednotky. Pomoc\u00ed mobiln\u00ed aplikace MySentio m\u016f\u017eete upravit teplotu sauny podle Va\u0161ich pot\u0159eb a vyberete si, kdy chcete m\u00edt saunu p\u0159ipravenou, odkudkoli a kdykoli. MySentio posouv\u00e1 V\u00e1\u0161 z\u00e1\u017eitek ze saunov\u00e1n\u00ed na novou \u00farove\u0148 a pom\u00e1h\u00e1 V\u00e1m \u0161et\u0159it energii. Prost\u0159ednictv\u00edm zpr\u00e1vy push na telefonu v\u00edte, kdy je Va\u0161e sauna p\u0159ipravena. Spole\u010dnost HARVIA AUSTRIA vyv\u00edj\u00ed a vyr\u00e1b\u00ed kvalitn\u00ed a inovativn\u00ed produkty ur\u010den\u00e9 k tomu, aby Va\u0161e chv\u00edle str\u00e1ven\u00e9 v saun\u011b byly co nejv\u00edce relaxuj\u00edc\u00ed.","breadcrumb":{"@id":"https:\/\/anderskafka.cz\/eshop\/produkt\/sentiotec-mysentio-wifi-ovladani-sauny-pomoci-aplikace-z-mobilniho-zarizeni\/#breadcrumb"},"inLanguage":"cs","potentialAction":[{"@type":"ReadAction","target":["https:\/\/anderskafka.cz\/eshop\/produkt\/sentiotec-mysentio-wifi-ovladani-sauny-pomoci-aplikace-z-mobilniho-zarizeni\/"]}]},{"@type":"BreadcrumbList","@id":"https:\/\/anderskafka.cz\/eshop\/produkt\/sentiotec-mysentio-wifi-ovladani-sauny-pomoci-aplikace-z-mobilniho-zarizeni\/#breadcrumb","itemListElement":[{"@type":"ListItem","position":1,"name":"Obchod","item":"https:\/\/anderskafka.cz\/eshop\/obchod\/"},{"@type":"ListItem","position":2,"name":"HARVIA AUSTRIA mysentio wifi \u2013 ovl\u00e1d\u00e1n\u00ed sauny pomoc\u00ed aplikace z mobiln\u00edho za\u0159\u00edzen\u00ed a \u0159\u00edd\u00edc\u00edch jednotek \u0159ady pro d"}]}]}},"locations":[],"_links":{"self":[{"href":"https:\/\/anderskafka.cz\/eshop\/wp-json\/wp\/v2\/product\/2300"}],"collection":[{"href":"https:\/\/anderskafka.cz\/eshop\/wp-json\/wp\/v2\/product"}],"about":[{"href":"https:\/\/anderskafka.cz\/eshop\/wp-json\/wp\/v2\/types\/product"}],"replies":[{"embeddable":true,"href":"https:\/\/anderskafka.cz\/eshop\/wp-json\/wp\/v2\/comments?post=2300"}],"wp:featuredmedia":[{"embeddable":true,"href":"https:\/\/anderskafka.cz\/eshop\/wp-json\/wp\/v2\/media\/2305"}],"wp:attachment":[{"href":"https:\/\/anderskafka.cz\/eshop\/wp-json\/wp\/v2\/media?parent=2300"}],"wp:term":[{"taxonomy":"location","embeddable":true,"href":"https:\/\/anderskafka.cz\/eshop\/wp-json\/wp\/v2\/location?post=2300"},{"taxonomy":"product_cat","embeddable":true,"href":"https:\/\/anderskafka.cz\/eshop\/wp-json\/wp\/v2\/product_cat?post=2300"},{"taxonomy":"product_tag","embeddable":true,"href":"https:\/\/anderskafka.cz\/eshop\/wp-json\/wp\/v2\/product_tag?post=2300"}],"curies":[{"name":"wp","href":"https:\/\/api.w.org\/{rel}","templated":true}]}}