{"id":2311,"date":"2023-03-16T00:19:07","date_gmt":"2023-03-15T23:19:07","guid":{"rendered":"https:\/\/anderskafka.cz\/eshop\/?post_type=product&#038;p=2311"},"modified":"2026-01-21T09:45:20","modified_gmt":"2026-01-21T08:45:20","slug":"eos-exkluzivni-rucne-vyrezavane-saunove-piskove-presypaci-hodiny-excelent-kombinacr-javor-orech-a-javor","status":"publish","type":"product","link":"https:\/\/anderskafka.cz\/eshop\/produkt\/eos-exkluzivni-rucne-vyrezavane-saunove-piskove-presypaci-hodiny-excelent-kombinacr-javor-orech-a-javor\/","title":{"rendered":"EOS exkluzivn\u00ed \u0159u\u010dn\u011b vy\u0159ez\u00e1van\u00e9 saunov\u00e9 p\u00edskov\u00e9 p\u0159es\u00fdpac\u00ed hodiny excelent kombinace o\u0159ech a javor"},"content":{"rendered":"<p>Exkluzivn\u00ed p\u0159es\u00fdpac\u00ed hodiny do sauny ve stylov\u00e9m, kubistick\u00e9m designu s vysoce kontrastn\u00ed p\u00edskovou n\u00e1pln\u00ed v hn\u011bd\u00e9 barv\u011b. \u00a0Ru\u010dn\u011b vy\u0159ez\u00e1van\u00e9 z masivn\u00edho kusu d\u0159eva &#8211; z\u00e1kladna z o\u0159echu, oto\u010dn\u00e1 \u010d\u00e1st z javoru. Inovativn\u00ed integrovan\u00fd magnet dr\u017e\u00ed \u010dasova\u010d ve vertik\u00e1ln\u00ed poloze.<br \/>\nP\u0159es\u00fdpac\u00ed hodiny odm\u011b\u0159uj\u00ed 15 minut s toleranc\u00ed +\/-2 minuty, co\u017e je nejobl\u00edben\u011bj\u0161\u00ed doba jednoho saunovac\u00edho cyklu. Hodiny jsou ur\u010deny pro pou\u017eit\u00ed v interi\u00e9rov\u00fdch saun\u00e1ch, tak\u017ee vydr\u017e\u00ed i vysok\u00e9 teploty. Okoln\u00ed teplota v prost\u0159ed\u00ed, kde jsou um\u00edst\u011bny, by nem\u011bla klesnout pod 5 \u00b0C. Hroz\u00ed nebezpe\u010d\u00ed vysr\u00e1\u017een\u00ed vody v p\u00edsku a p\u0159es\u00fdpac\u00ed hodiny by se mohly znehodnotit. V p\u0159\u00edpad\u011b vysr\u00e1\u017een\u00ed vody a neplynul\u00e9mu p\u0159es\u00fdp\u00e1n\u00ed p\u00edsku nechte p\u0159es\u00fdpac\u00ed hodiny p\u00e1r dn\u00ed v pokojov\u00e9 teplot\u011b vyschnout a pot\u00e9 znovu um\u00edst\u011bte do sauny.<br \/>\nUm\u00edstit je m\u016f\u017eete kdekoliv v saun\u011b pomoc\u00ed dvou skryt\u00fdch vrut\u016f tak, aby se dala vrchn\u00ed \u010d\u00e1st hodin ot\u00e1\u010det.<\/p>\n","protected":false},"excerpt":{"rendered":"<p>Exkluzivn\u00ed p\u0159es\u00fdpac\u00ed hodiny do sauny ve stylov\u00e9m, kubistick\u00e9m designu s vysoce kontrastn\u00ed p\u00edskovou n\u00e1pln\u00ed v hn\u011bd\u00e9 barv\u011b. Doba p\u0159es\u00fdp\u00e1n\u00ed je cca 15 minut s toleranc\u00ed +\/-2 minuty.<br \/>\nRu\u010dn\u011b vy\u0159ez\u00e1van\u00e9 z masivn\u00edho kusu d\u0159eva &#8211; z\u00e1kladna z o\u0159echu, oto\u010dn\u00e1 \u010d\u00e1st z javoru. Inovativn\u00ed integrovan\u00fd magnet dr\u017e\u00ed \u010dasova\u010d ve vertik\u00e1ln\u00ed poloze.<br \/>\nEOS, nejkvalitn\u011bj\u0161\u00ed produkty pro saunu vyroben\u00e9 v N\u011bmecku s 50-ti letou tradic\u00ed.<\/p>\n<p><img loading=\"lazy\" class=\"size-full wp-image-1496 aligncenter\" src=\"https:\/\/anderskafka.cz\/eshop\/wp-content\/uploads\/sites\/3\/2022\/12\/made-in-germany-label-icon-of-german-flag-map-vector-22965302.jpg\" alt=\"\" width=\"250\" height=\"250\" srcset=\"https:\/\/anderskafka.cz\/eshop\/wp-content\/uploads\/sites\/3\/2022\/12\/made-in-germany-label-icon-of-german-flag-map-vector-22965302.jpg 250w, https:\/\/anderskafka.cz\/eshop\/wp-content\/uploads\/sites\/3\/2022\/12\/made-in-germany-label-icon-of-german-flag-map-vector-22965302-150x150.jpg 150w, https:\/\/anderskafka.cz\/eshop\/wp-content\/uploads\/sites\/3\/2022\/12\/made-in-germany-label-icon-of-german-flag-map-vector-22965302-100x100.jpg 100w, https:\/\/anderskafka.cz\/eshop\/wp-content\/uploads\/sites\/3\/2022\/12\/made-in-germany-label-icon-of-german-flag-map-vector-22965302-64x64.jpg 64w\" sizes=\"(max-width: 250px) 100vw, 250px\" \/><\/p>\n","protected":false},"featured_media":4292,"comment_status":"open","ping_status":"closed","template":"","meta":{"site-sidebar-layout":"default","site-content-layout":"default","ast-main-header-display":"","ast-hfb-above-header-display":"","ast-hfb-below-header-display":"","ast-hfb-mobile-header-display":"","site-post-title":"","ast-breadcrumbs-content":"","ast-featured-img":"","footer-sml-layout":"","theme-transparent-header-meta":"","adv-header-id-meta":"","stick-header-meta":"","header-above-stick-meta":"","header-main-stick-meta":"","header-below-stick-meta":""},"location":[],"product_cat":[29],"product_tag":[443],"yoast_head":"<!-- This site is optimized with the Yoast SEO plugin v18.5.1 - https:\/\/yoast.com\/wordpress\/plugins\/seo\/ -->\n<title>EOS exkluzivn\u00ed \u0159u\u010dn\u011b vy\u0159ez\u00e1van\u00e9 saunov\u00e9 p\u00edskov\u00e9 p\u0159es\u00fdpac\u00ed hodiny excelent kombinace o\u0159ech a javor - Anders &amp; Kafka E-SHOP<\/title>\n<meta name=\"description\" content=\"Exkluzivn\u00ed p\u0159es\u00fdpac\u00ed hodiny do sauny ve stylov\u00e9m, kubistick\u00e9m designu s vysoce kontrastn\u00ed p\u00edskovou n\u00e1pln\u00ed v hn\u011bd\u00e9 barv\u011b. Doba p\u0159es\u00fdp\u00e1n\u00ed je cca 15 minut s toleranc\u00ed +\/-2 minuty. Ru\u010dn\u011b vy\u0159ez\u00e1van\u00e9 z masivn\u00edho kusu d\u0159eva - z\u00e1kladna z o\u0159echu, oto\u010dn\u00e1 \u010d\u00e1st z javoru. Inovativn\u00ed integrovan\u00fd magnet dr\u017e\u00ed \u010dasova\u010d ve vertik\u00e1ln\u00ed poloze. EOS, nejkvalitn\u011bj\u0161\u00ed produkty pro saunu vyroben\u00e9 v N\u011bmecku s 50-ti letou tradic\u00ed.\" \/>\n<meta name=\"robots\" content=\"index, follow, max-snippet:-1, max-image-preview:large, max-video-preview:-1\" \/>\n<link rel=\"canonical\" href=\"https:\/\/anderskafka.cz\/eshop\/produkt\/eos-exkluzivni-rucne-vyrezavane-saunove-piskove-presypaci-hodiny-excelent-kombinacr-javor-orech-a-javor\/\" \/>\n<meta property=\"og:locale\" content=\"cs_CZ\" \/>\n<meta property=\"og:type\" content=\"article\" \/>\n<meta property=\"og:title\" content=\"EOS exkluzivn\u00ed \u0159u\u010dn\u011b vy\u0159ez\u00e1van\u00e9 saunov\u00e9 p\u00edskov\u00e9 p\u0159es\u00fdpac\u00ed hodiny excelent kombinace o\u0159ech a javor - Anders &amp; Kafka E-SHOP\" \/>\n<meta property=\"og:description\" content=\"Exkluzivn\u00ed p\u0159es\u00fdpac\u00ed hodiny do sauny ve stylov\u00e9m, kubistick\u00e9m designu s vysoce kontrastn\u00ed p\u00edskovou n\u00e1pln\u00ed v hn\u011bd\u00e9 barv\u011b. Doba p\u0159es\u00fdp\u00e1n\u00ed je cca 15 minut s toleranc\u00ed +\/-2 minuty. Ru\u010dn\u011b vy\u0159ez\u00e1van\u00e9 z masivn\u00edho kusu d\u0159eva - z\u00e1kladna z o\u0159echu, oto\u010dn\u00e1 \u010d\u00e1st z javoru. Inovativn\u00ed integrovan\u00fd magnet dr\u017e\u00ed \u010dasova\u010d ve vertik\u00e1ln\u00ed poloze. EOS, nejkvalitn\u011bj\u0161\u00ed produkty pro saunu vyroben\u00e9 v N\u011bmecku s 50-ti letou tradic\u00ed.\" \/>\n<meta property=\"og:url\" content=\"https:\/\/anderskafka.cz\/eshop\/produkt\/eos-exkluzivni-rucne-vyrezavane-saunove-piskove-presypaci-hodiny-excelent-kombinacr-javor-orech-a-javor\/\" \/>\n<meta property=\"og:site_name\" content=\"Anders &amp; Kafka E-SHOP\" \/>\n<meta property=\"article:modified_time\" content=\"2026-01-21T08:45:20+00:00\" \/>\n<meta property=\"og:image\" content=\"https:\/\/anderskafka.cz\/eshop\/wp-content\/uploads\/sites\/3\/2023\/03\/Excellent-Sanduhr_15LD.jpg\" \/>\n\t<meta property=\"og:image:width\" content=\"1280\" \/>\n\t<meta property=\"og:image:height\" content=\"1280\" \/>\n\t<meta property=\"og:image:type\" content=\"image\/jpeg\" \/>\n<meta name=\"twitter:card\" content=\"summary_large_image\" \/>\n<meta name=\"twitter:label1\" content=\"Odhadovan\u00e1 doba \u010dten\u00ed\" \/>\n\t<meta name=\"twitter:data1\" content=\"1 minuta\" \/>\n<script type=\"application\/ld+json\" class=\"yoast-schema-graph\">{\"@context\":\"https:\/\/schema.org\",\"@graph\":[{\"@type\":\"WebSite\",\"@id\":\"https:\/\/anderskafka.cz\/eshop\/#website\",\"url\":\"https:\/\/anderskafka.cz\/eshop\/\",\"name\":\"Anders &amp; Kafka E-SHOP\",\"description\":\"Anders &amp; Kafka E-SHOP\",\"potentialAction\":[{\"@type\":\"SearchAction\",\"target\":{\"@type\":\"EntryPoint\",\"urlTemplate\":\"https:\/\/anderskafka.cz\/eshop\/?s={search_term_string}\"},\"query-input\":\"required name=search_term_string\"}],\"inLanguage\":\"cs\"},{\"@type\":\"ImageObject\",\"@id\":\"https:\/\/anderskafka.cz\/eshop\/produkt\/eos-exkluzivni-rucne-vyrezavane-saunove-piskove-presypaci-hodiny-excelent-kombinacr-javor-orech-a-javor\/#primaryimage\",\"inLanguage\":\"cs\",\"url\":\"https:\/\/anderskafka.cz\/eshop\/wp-content\/uploads\/sites\/3\/2023\/03\/Excellent-Sanduhr_15LD.jpg\",\"contentUrl\":\"https:\/\/anderskafka.cz\/eshop\/wp-content\/uploads\/sites\/3\/2023\/03\/Excellent-Sanduhr_15LD.jpg\",\"width\":1280,\"height\":1280},{\"@type\":\"WebPage\",\"@id\":\"https:\/\/anderskafka.cz\/eshop\/produkt\/eos-exkluzivni-rucne-vyrezavane-saunove-piskove-presypaci-hodiny-excelent-kombinacr-javor-orech-a-javor\/#webpage\",\"url\":\"https:\/\/anderskafka.cz\/eshop\/produkt\/eos-exkluzivni-rucne-vyrezavane-saunove-piskove-presypaci-hodiny-excelent-kombinacr-javor-orech-a-javor\/\",\"name\":\"EOS exkluzivn\u00ed \u0159u\u010dn\u011b vy\u0159ez\u00e1van\u00e9 saunov\u00e9 p\u00edskov\u00e9 p\u0159es\u00fdpac\u00ed hodiny excelent kombinace o\u0159ech a javor - Anders &amp; Kafka E-SHOP\",\"isPartOf\":{\"@id\":\"https:\/\/anderskafka.cz\/eshop\/#website\"},\"primaryImageOfPage\":{\"@id\":\"https:\/\/anderskafka.cz\/eshop\/produkt\/eos-exkluzivni-rucne-vyrezavane-saunove-piskove-presypaci-hodiny-excelent-kombinacr-javor-orech-a-javor\/#primaryimage\"},\"datePublished\":\"2023-03-15T23:19:07+00:00\",\"dateModified\":\"2026-01-21T08:45:20+00:00\",\"description\":\"Exkluzivn\u00ed p\u0159es\u00fdpac\u00ed hodiny do sauny ve stylov\u00e9m, kubistick\u00e9m designu s vysoce kontrastn\u00ed p\u00edskovou n\u00e1pln\u00ed v hn\u011bd\u00e9 barv\u011b. Doba p\u0159es\u00fdp\u00e1n\u00ed je cca 15 minut s toleranc\u00ed +\/-2 minuty. Ru\u010dn\u011b vy\u0159ez\u00e1van\u00e9 z masivn\u00edho kusu d\u0159eva - z\u00e1kladna z o\u0159echu, oto\u010dn\u00e1 \u010d\u00e1st z javoru. Inovativn\u00ed integrovan\u00fd magnet dr\u017e\u00ed \u010dasova\u010d ve vertik\u00e1ln\u00ed poloze. EOS, nejkvalitn\u011bj\u0161\u00ed produkty pro saunu vyroben\u00e9 v N\u011bmecku s 50-ti letou tradic\u00ed.\",\"breadcrumb\":{\"@id\":\"https:\/\/anderskafka.cz\/eshop\/produkt\/eos-exkluzivni-rucne-vyrezavane-saunove-piskove-presypaci-hodiny-excelent-kombinacr-javor-orech-a-javor\/#breadcrumb\"},\"inLanguage\":\"cs\",\"potentialAction\":[{\"@type\":\"ReadAction\",\"target\":[\"https:\/\/anderskafka.cz\/eshop\/produkt\/eos-exkluzivni-rucne-vyrezavane-saunove-piskove-presypaci-hodiny-excelent-kombinacr-javor-orech-a-javor\/\"]}]},{\"@type\":\"BreadcrumbList\",\"@id\":\"https:\/\/anderskafka.cz\/eshop\/produkt\/eos-exkluzivni-rucne-vyrezavane-saunove-piskove-presypaci-hodiny-excelent-kombinacr-javor-orech-a-javor\/#breadcrumb\",\"itemListElement\":[{\"@type\":\"ListItem\",\"position\":1,\"name\":\"Obchod\",\"item\":\"https:\/\/anderskafka.cz\/eshop\/obchod\/\"},{\"@type\":\"ListItem\",\"position\":2,\"name\":\"EOS exkluzivn\u00ed \u0159u\u010dn\u011b vy\u0159ez\u00e1van\u00e9 saunov\u00e9 p\u00edskov\u00e9 p\u0159es\u00fdpac\u00ed hodiny excelent kombinace o\u0159ech a javor\"}]}]}<\/script>\n<!-- \/ Yoast SEO plugin. -->","yoast_head_json":{"title":"EOS exkluzivn\u00ed \u0159u\u010dn\u011b vy\u0159ez\u00e1van\u00e9 saunov\u00e9 p\u00edskov\u00e9 p\u0159es\u00fdpac\u00ed hodiny excelent kombinace o\u0159ech a javor - Anders &amp; Kafka E-SHOP","description":"Exkluzivn\u00ed p\u0159es\u00fdpac\u00ed hodiny do sauny ve stylov\u00e9m, kubistick\u00e9m designu s vysoce kontrastn\u00ed p\u00edskovou n\u00e1pln\u00ed v hn\u011bd\u00e9 barv\u011b. Doba p\u0159es\u00fdp\u00e1n\u00ed je cca 15 minut s toleranc\u00ed +\/-2 minuty. Ru\u010dn\u011b vy\u0159ez\u00e1van\u00e9 z masivn\u00edho kusu d\u0159eva - z\u00e1kladna z o\u0159echu, oto\u010dn\u00e1 \u010d\u00e1st z javoru. Inovativn\u00ed integrovan\u00fd magnet dr\u017e\u00ed \u010dasova\u010d ve vertik\u00e1ln\u00ed poloze. EOS, nejkvalitn\u011bj\u0161\u00ed produkty pro saunu vyroben\u00e9 v N\u011bmecku s 50-ti letou tradic\u00ed.","robots":{"index":"index","follow":"follow","max-snippet":"max-snippet:-1","max-image-preview":"max-image-preview:large","max-video-preview":"max-video-preview:-1"},"canonical":"https:\/\/anderskafka.cz\/eshop\/produkt\/eos-exkluzivni-rucne-vyrezavane-saunove-piskove-presypaci-hodiny-excelent-kombinacr-javor-orech-a-javor\/","og_locale":"cs_CZ","og_type":"article","og_title":"EOS exkluzivn\u00ed \u0159u\u010dn\u011b vy\u0159ez\u00e1van\u00e9 saunov\u00e9 p\u00edskov\u00e9 p\u0159es\u00fdpac\u00ed hodiny excelent kombinace o\u0159ech a javor - Anders &amp; Kafka E-SHOP","og_description":"Exkluzivn\u00ed p\u0159es\u00fdpac\u00ed hodiny do sauny ve stylov\u00e9m, kubistick\u00e9m designu s vysoce kontrastn\u00ed p\u00edskovou n\u00e1pln\u00ed v hn\u011bd\u00e9 barv\u011b. Doba p\u0159es\u00fdp\u00e1n\u00ed je cca 15 minut s toleranc\u00ed +\/-2 minuty. Ru\u010dn\u011b vy\u0159ez\u00e1van\u00e9 z masivn\u00edho kusu d\u0159eva - z\u00e1kladna z o\u0159echu, oto\u010dn\u00e1 \u010d\u00e1st z javoru. Inovativn\u00ed integrovan\u00fd magnet dr\u017e\u00ed \u010dasova\u010d ve vertik\u00e1ln\u00ed poloze. EOS, nejkvalitn\u011bj\u0161\u00ed produkty pro saunu vyroben\u00e9 v N\u011bmecku s 50-ti letou tradic\u00ed.","og_url":"https:\/\/anderskafka.cz\/eshop\/produkt\/eos-exkluzivni-rucne-vyrezavane-saunove-piskove-presypaci-hodiny-excelent-kombinacr-javor-orech-a-javor\/","og_site_name":"Anders &amp; Kafka E-SHOP","article_modified_time":"2026-01-21T08:45:20+00:00","og_image":[{"width":1280,"height":1280,"url":"https:\/\/anderskafka.cz\/eshop\/wp-content\/uploads\/sites\/3\/2023\/03\/Excellent-Sanduhr_15LD.jpg","type":"image\/jpeg"}],"twitter_card":"summary_large_image","twitter_misc":{"Odhadovan\u00e1 doba \u010dten\u00ed":"1 minuta"},"schema":{"@context":"https:\/\/schema.org","@graph":[{"@type":"WebSite","@id":"https:\/\/anderskafka.cz\/eshop\/#website","url":"https:\/\/anderskafka.cz\/eshop\/","name":"Anders &amp; Kafka E-SHOP","description":"Anders &amp; Kafka E-SHOP","potentialAction":[{"@type":"SearchAction","target":{"@type":"EntryPoint","urlTemplate":"https:\/\/anderskafka.cz\/eshop\/?s={search_term_string}"},"query-input":"required name=search_term_string"}],"inLanguage":"cs"},{"@type":"ImageObject","@id":"https:\/\/anderskafka.cz\/eshop\/produkt\/eos-exkluzivni-rucne-vyrezavane-saunove-piskove-presypaci-hodiny-excelent-kombinacr-javor-orech-a-javor\/#primaryimage","inLanguage":"cs","url":"https:\/\/anderskafka.cz\/eshop\/wp-content\/uploads\/sites\/3\/2023\/03\/Excellent-Sanduhr_15LD.jpg","contentUrl":"https:\/\/anderskafka.cz\/eshop\/wp-content\/uploads\/sites\/3\/2023\/03\/Excellent-Sanduhr_15LD.jpg","width":1280,"height":1280},{"@type":"WebPage","@id":"https:\/\/anderskafka.cz\/eshop\/produkt\/eos-exkluzivni-rucne-vyrezavane-saunove-piskove-presypaci-hodiny-excelent-kombinacr-javor-orech-a-javor\/#webpage","url":"https:\/\/anderskafka.cz\/eshop\/produkt\/eos-exkluzivni-rucne-vyrezavane-saunove-piskove-presypaci-hodiny-excelent-kombinacr-javor-orech-a-javor\/","name":"EOS exkluzivn\u00ed \u0159u\u010dn\u011b vy\u0159ez\u00e1van\u00e9 saunov\u00e9 p\u00edskov\u00e9 p\u0159es\u00fdpac\u00ed hodiny excelent kombinace o\u0159ech a javor - Anders &amp; Kafka E-SHOP","isPartOf":{"@id":"https:\/\/anderskafka.cz\/eshop\/#website"},"primaryImageOfPage":{"@id":"https:\/\/anderskafka.cz\/eshop\/produkt\/eos-exkluzivni-rucne-vyrezavane-saunove-piskove-presypaci-hodiny-excelent-kombinacr-javor-orech-a-javor\/#primaryimage"},"datePublished":"2023-03-15T23:19:07+00:00","dateModified":"2026-01-21T08:45:20+00:00","description":"Exkluzivn\u00ed p\u0159es\u00fdpac\u00ed hodiny do sauny ve stylov\u00e9m, kubistick\u00e9m designu s vysoce kontrastn\u00ed p\u00edskovou n\u00e1pln\u00ed v hn\u011bd\u00e9 barv\u011b. Doba p\u0159es\u00fdp\u00e1n\u00ed je cca 15 minut s toleranc\u00ed +\/-2 minuty. Ru\u010dn\u011b vy\u0159ez\u00e1van\u00e9 z masivn\u00edho kusu d\u0159eva - z\u00e1kladna z o\u0159echu, oto\u010dn\u00e1 \u010d\u00e1st z javoru. Inovativn\u00ed integrovan\u00fd magnet dr\u017e\u00ed \u010dasova\u010d ve vertik\u00e1ln\u00ed poloze. EOS, nejkvalitn\u011bj\u0161\u00ed produkty pro saunu vyroben\u00e9 v N\u011bmecku s 50-ti letou tradic\u00ed.","breadcrumb":{"@id":"https:\/\/anderskafka.cz\/eshop\/produkt\/eos-exkluzivni-rucne-vyrezavane-saunove-piskove-presypaci-hodiny-excelent-kombinacr-javor-orech-a-javor\/#breadcrumb"},"inLanguage":"cs","potentialAction":[{"@type":"ReadAction","target":["https:\/\/anderskafka.cz\/eshop\/produkt\/eos-exkluzivni-rucne-vyrezavane-saunove-piskove-presypaci-hodiny-excelent-kombinacr-javor-orech-a-javor\/"]}]},{"@type":"BreadcrumbList","@id":"https:\/\/anderskafka.cz\/eshop\/produkt\/eos-exkluzivni-rucne-vyrezavane-saunove-piskove-presypaci-hodiny-excelent-kombinacr-javor-orech-a-javor\/#breadcrumb","itemListElement":[{"@type":"ListItem","position":1,"name":"Obchod","item":"https:\/\/anderskafka.cz\/eshop\/obchod\/"},{"@type":"ListItem","position":2,"name":"EOS exkluzivn\u00ed \u0159u\u010dn\u011b vy\u0159ez\u00e1van\u00e9 saunov\u00e9 p\u00edskov\u00e9 p\u0159es\u00fdpac\u00ed hodiny excelent kombinace o\u0159ech a javor"}]}]}},"locations":[],"_links":{"self":[{"href":"https:\/\/anderskafka.cz\/eshop\/wp-json\/wp\/v2\/product\/2311"}],"collection":[{"href":"https:\/\/anderskafka.cz\/eshop\/wp-json\/wp\/v2\/product"}],"about":[{"href":"https:\/\/anderskafka.cz\/eshop\/wp-json\/wp\/v2\/types\/product"}],"replies":[{"embeddable":true,"href":"https:\/\/anderskafka.cz\/eshop\/wp-json\/wp\/v2\/comments?post=2311"}],"wp:featuredmedia":[{"embeddable":true,"href":"https:\/\/anderskafka.cz\/eshop\/wp-json\/wp\/v2\/media\/4292"}],"wp:attachment":[{"href":"https:\/\/anderskafka.cz\/eshop\/wp-json\/wp\/v2\/media?parent=2311"}],"wp:term":[{"taxonomy":"location","embeddable":true,"href":"https:\/\/anderskafka.cz\/eshop\/wp-json\/wp\/v2\/location?post=2311"},{"taxonomy":"product_cat","embeddable":true,"href":"https:\/\/anderskafka.cz\/eshop\/wp-json\/wp\/v2\/product_cat?post=2311"},{"taxonomy":"product_tag","embeddable":true,"href":"https:\/\/anderskafka.cz\/eshop\/wp-json\/wp\/v2\/product_tag?post=2311"}],"curies":[{"name":"wp","href":"https:\/\/api.w.org\/{rel}","templated":true}]}}