{"id":2314,"date":"2023-03-16T11:10:54","date_gmt":"2023-03-16T10:10:54","guid":{"rendered":"https:\/\/anderskafka.cz\/eshop\/?post_type=product&#038;p=2314"},"modified":"2025-09-30T11:03:35","modified_gmt":"2025-09-30T09:03:35","slug":"eos-minimalisticky-vlhkomer-do-sauny","status":"publish","type":"product","link":"https:\/\/anderskafka.cz\/eshop\/produkt\/eos-minimalisticky-vlhkomer-do-sauny\/","title":{"rendered":"EOS minimalistick\u00fd vlhkom\u011br do sauny"},"content":{"rendered":"<p>Vlhkom\u011br do sauny V\u00e1m ihned uk\u00e1\u017ee, zda m\u00e1te v m\u00edstnosti spr\u00e1vnou vlhkost. Pro m\u011b\u0159en\u00ed relativn\u00ed vlhkosti v rozsahu 0-100%.<br \/>\nVlhkom\u011br je kruhov\u00e9ho tvaru v plastov\u00e9m pouzdru s vypoukl\u00fdm skl\u00ed\u010dkem a okrajem z hlin\u00edku. Je vhodn\u00fdm dopl\u0148kem do ka\u017ed\u00e9 sauny pro kontrolu podm\u00ednek, kter\u00e9 v saun\u011b panuj\u00ed.<br \/>\nVzdu\u0161n\u00e1 vlhkost je jedn\u00edm z nejv\u00fdznamn\u011bj\u0161\u00edch faktor\u016f ovliv\u0148uj\u00edc\u00ed komfort saunov\u00e1n\u00ed. Tento vlhkom\u011br V\u00e1m pom\u016f\u017ee ur\u010dit tu spr\u00e1vnou hodnotu, kter\u00e1 V\u00e1m vyhovuje.<br \/>\nVlhkom\u011br je zkalibrovan\u00fd.<\/p>\n<p>N\u011bmeck\u00e1 kvalita a preciznost zpracov\u00e1n\u00ed.<\/p>\n","protected":false},"excerpt":{"rendered":"<p>Minimalistick\u00fd vlhkom\u011br do sauny V\u00e1m ihned uk\u00e1\u017ee, zda m\u00e1te v m\u00edstnosti spr\u00e1vnou vlhkost. Pro m\u011b\u0159en\u00ed relativn\u00ed vlhkosti v rozsahu 0-100%.<br \/>\nVlhkom\u011br je kruhov\u00e9ho tvaru o pr\u016fm\u011bru 10 cm, v plastov\u00e9m pouzd\u0159e s vypoukl\u00fdm skl\u00ed\u010dkem a okrajem z hlin\u00edku s dob\u0159e \u010ditelnou stupnic\u00ed.<br \/>\nEOS, nejkvalitn\u011bj\u0161\u00ed produkty pro saunu vyroben\u00e9 v N\u011bmecku s 50-ti letou tradic\u00ed.<\/p>\n<p><img loading=\"lazy\" class=\" wp-image-1496 aligncenter\" src=\"https:\/\/anderskafka.cz\/eshop\/wp-content\/uploads\/sites\/3\/2022\/12\/made-in-germany-label-icon-of-german-flag-map-vector-22965302.jpg\" alt=\"\" width=\"299\" height=\"299\" srcset=\"https:\/\/anderskafka.cz\/eshop\/wp-content\/uploads\/sites\/3\/2022\/12\/made-in-germany-label-icon-of-german-flag-map-vector-22965302.jpg 250w, https:\/\/anderskafka.cz\/eshop\/wp-content\/uploads\/sites\/3\/2022\/12\/made-in-germany-label-icon-of-german-flag-map-vector-22965302-150x150.jpg 150w, https:\/\/anderskafka.cz\/eshop\/wp-content\/uploads\/sites\/3\/2022\/12\/made-in-germany-label-icon-of-german-flag-map-vector-22965302-100x100.jpg 100w, https:\/\/anderskafka.cz\/eshop\/wp-content\/uploads\/sites\/3\/2022\/12\/made-in-germany-label-icon-of-german-flag-map-vector-22965302-64x64.jpg 64w\" sizes=\"(max-width: 299px) 100vw, 299px\" \/><\/p>\n","protected":false},"featured_media":2318,"comment_status":"open","ping_status":"closed","template":"","meta":{"site-sidebar-layout":"default","site-content-layout":"default","ast-main-header-display":"","ast-hfb-above-header-display":"","ast-hfb-below-header-display":"","ast-hfb-mobile-header-display":"","site-post-title":"","ast-breadcrumbs-content":"","ast-featured-img":"","footer-sml-layout":"","theme-transparent-header-meta":"","adv-header-id-meta":"","stick-header-meta":"","header-above-stick-meta":"","header-main-stick-meta":"","header-below-stick-meta":""},"location":[],"product_cat":[28],"product_tag":[443],"yoast_head":"<!-- This site is optimized with the Yoast SEO plugin v18.5.1 - https:\/\/yoast.com\/wordpress\/plugins\/seo\/ -->\n<title>EOS minimalistick\u00fd vlhkom\u011br do sauny - Anders &amp; Kafka E-SHOP<\/title>\n<meta name=\"description\" content=\"Minimalistick\u00fd vlhkom\u011br do sauny V\u00e1m ihned uk\u00e1\u017ee, zda m\u00e1te v m\u00edstnosti spr\u00e1vnou vlhkost. Pro m\u011b\u0159en\u00ed relativn\u00ed vlhkosti v rozsahu 0-100%. Vlhkom\u011br je kruhov\u00e9ho tvaru o pr\u016fm\u011bru 10 cm, v plastov\u00e9m pouzd\u0159e s vypoukl\u00fdm skl\u00ed\u010dkem a okrajem z hlin\u00edku s dob\u0159e \u010ditelnou stupnic\u00ed. EOS, nejkvalitn\u011bj\u0161\u00ed produkty pro saunu vyroben\u00e9 v N\u011bmecku s 50-ti letou tradic\u00ed.\" \/>\n<meta name=\"robots\" content=\"index, follow, max-snippet:-1, max-image-preview:large, max-video-preview:-1\" \/>\n<link rel=\"canonical\" href=\"https:\/\/anderskafka.cz\/eshop\/produkt\/eos-minimalisticky-vlhkomer-do-sauny\/\" \/>\n<meta property=\"og:locale\" content=\"cs_CZ\" \/>\n<meta property=\"og:type\" content=\"article\" \/>\n<meta property=\"og:title\" content=\"EOS minimalistick\u00fd vlhkom\u011br do sauny - Anders &amp; Kafka E-SHOP\" \/>\n<meta property=\"og:description\" content=\"Minimalistick\u00fd vlhkom\u011br do sauny V\u00e1m ihned uk\u00e1\u017ee, zda m\u00e1te v m\u00edstnosti spr\u00e1vnou vlhkost. Pro m\u011b\u0159en\u00ed relativn\u00ed vlhkosti v rozsahu 0-100%. Vlhkom\u011br je kruhov\u00e9ho tvaru o pr\u016fm\u011bru 10 cm, v plastov\u00e9m pouzd\u0159e s vypoukl\u00fdm skl\u00ed\u010dkem a okrajem z hlin\u00edku s dob\u0159e \u010ditelnou stupnic\u00ed. EOS, nejkvalitn\u011bj\u0161\u00ed produkty pro saunu vyroben\u00e9 v N\u011bmecku s 50-ti letou tradic\u00ed.\" \/>\n<meta property=\"og:url\" content=\"https:\/\/anderskafka.cz\/eshop\/produkt\/eos-minimalisticky-vlhkomer-do-sauny\/\" \/>\n<meta property=\"og:site_name\" content=\"Anders &amp; Kafka E-SHOP\" \/>\n<meta property=\"article:modified_time\" content=\"2025-09-30T09:03:35+00:00\" \/>\n<meta property=\"og:image\" content=\"https:\/\/anderskafka.cz\/eshop\/wp-content\/uploads\/sites\/3\/2023\/03\/Hygrometer-Velky.jpeg\" \/>\n\t<meta property=\"og:image:width\" content=\"827\" \/>\n\t<meta property=\"og:image:height\" content=\"827\" \/>\n\t<meta property=\"og:image:type\" content=\"image\/jpeg\" \/>\n<meta name=\"twitter:card\" content=\"summary_large_image\" \/>\n<meta name=\"twitter:label1\" content=\"Odhadovan\u00e1 doba \u010dten\u00ed\" \/>\n\t<meta name=\"twitter:data1\" content=\"1 minuta\" \/>\n<script type=\"application\/ld+json\" class=\"yoast-schema-graph\">{\"@context\":\"https:\/\/schema.org\",\"@graph\":[{\"@type\":\"WebSite\",\"@id\":\"https:\/\/anderskafka.cz\/eshop\/#website\",\"url\":\"https:\/\/anderskafka.cz\/eshop\/\",\"name\":\"Anders &amp; Kafka E-SHOP\",\"description\":\"Anders &amp; Kafka E-SHOP\",\"potentialAction\":[{\"@type\":\"SearchAction\",\"target\":{\"@type\":\"EntryPoint\",\"urlTemplate\":\"https:\/\/anderskafka.cz\/eshop\/?s={search_term_string}\"},\"query-input\":\"required name=search_term_string\"}],\"inLanguage\":\"cs\"},{\"@type\":\"ImageObject\",\"@id\":\"https:\/\/anderskafka.cz\/eshop\/produkt\/eos-minimalisticky-vlhkomer-do-sauny\/#primaryimage\",\"inLanguage\":\"cs\",\"url\":\"https:\/\/anderskafka.cz\/eshop\/wp-content\/uploads\/sites\/3\/2023\/03\/Hygrometer-Velky.jpeg\",\"contentUrl\":\"https:\/\/anderskafka.cz\/eshop\/wp-content\/uploads\/sites\/3\/2023\/03\/Hygrometer-Velky.jpeg\",\"width\":827,\"height\":827},{\"@type\":\"WebPage\",\"@id\":\"https:\/\/anderskafka.cz\/eshop\/produkt\/eos-minimalisticky-vlhkomer-do-sauny\/#webpage\",\"url\":\"https:\/\/anderskafka.cz\/eshop\/produkt\/eos-minimalisticky-vlhkomer-do-sauny\/\",\"name\":\"EOS minimalistick\u00fd vlhkom\u011br do sauny - Anders &amp; Kafka E-SHOP\",\"isPartOf\":{\"@id\":\"https:\/\/anderskafka.cz\/eshop\/#website\"},\"primaryImageOfPage\":{\"@id\":\"https:\/\/anderskafka.cz\/eshop\/produkt\/eos-minimalisticky-vlhkomer-do-sauny\/#primaryimage\"},\"datePublished\":\"2023-03-16T10:10:54+00:00\",\"dateModified\":\"2025-09-30T09:03:35+00:00\",\"description\":\"Minimalistick\u00fd vlhkom\u011br do sauny V\u00e1m ihned uk\u00e1\u017ee, zda m\u00e1te v m\u00edstnosti spr\u00e1vnou vlhkost. Pro m\u011b\u0159en\u00ed relativn\u00ed vlhkosti v rozsahu 0-100%. Vlhkom\u011br je kruhov\u00e9ho tvaru o pr\u016fm\u011bru 10 cm, v plastov\u00e9m pouzd\u0159e s vypoukl\u00fdm skl\u00ed\u010dkem a okrajem z hlin\u00edku s dob\u0159e \u010ditelnou stupnic\u00ed. EOS, nejkvalitn\u011bj\u0161\u00ed produkty pro saunu vyroben\u00e9 v N\u011bmecku s 50-ti letou tradic\u00ed.\",\"breadcrumb\":{\"@id\":\"https:\/\/anderskafka.cz\/eshop\/produkt\/eos-minimalisticky-vlhkomer-do-sauny\/#breadcrumb\"},\"inLanguage\":\"cs\",\"potentialAction\":[{\"@type\":\"ReadAction\",\"target\":[\"https:\/\/anderskafka.cz\/eshop\/produkt\/eos-minimalisticky-vlhkomer-do-sauny\/\"]}]},{\"@type\":\"BreadcrumbList\",\"@id\":\"https:\/\/anderskafka.cz\/eshop\/produkt\/eos-minimalisticky-vlhkomer-do-sauny\/#breadcrumb\",\"itemListElement\":[{\"@type\":\"ListItem\",\"position\":1,\"name\":\"Obchod\",\"item\":\"https:\/\/anderskafka.cz\/eshop\/obchod\/\"},{\"@type\":\"ListItem\",\"position\":2,\"name\":\"EOS minimalistick\u00fd vlhkom\u011br do sauny\"}]}]}<\/script>\n<!-- \/ Yoast SEO plugin. -->","yoast_head_json":{"title":"EOS minimalistick\u00fd vlhkom\u011br do sauny - Anders &amp; Kafka E-SHOP","description":"Minimalistick\u00fd vlhkom\u011br do sauny V\u00e1m ihned uk\u00e1\u017ee, zda m\u00e1te v m\u00edstnosti spr\u00e1vnou vlhkost. Pro m\u011b\u0159en\u00ed relativn\u00ed vlhkosti v rozsahu 0-100%. Vlhkom\u011br je kruhov\u00e9ho tvaru o pr\u016fm\u011bru 10 cm, v plastov\u00e9m pouzd\u0159e s vypoukl\u00fdm skl\u00ed\u010dkem a okrajem z hlin\u00edku s dob\u0159e \u010ditelnou stupnic\u00ed. EOS, nejkvalitn\u011bj\u0161\u00ed produkty pro saunu vyroben\u00e9 v N\u011bmecku s 50-ti letou tradic\u00ed.","robots":{"index":"index","follow":"follow","max-snippet":"max-snippet:-1","max-image-preview":"max-image-preview:large","max-video-preview":"max-video-preview:-1"},"canonical":"https:\/\/anderskafka.cz\/eshop\/produkt\/eos-minimalisticky-vlhkomer-do-sauny\/","og_locale":"cs_CZ","og_type":"article","og_title":"EOS minimalistick\u00fd vlhkom\u011br do sauny - Anders &amp; Kafka E-SHOP","og_description":"Minimalistick\u00fd vlhkom\u011br do sauny V\u00e1m ihned uk\u00e1\u017ee, zda m\u00e1te v m\u00edstnosti spr\u00e1vnou vlhkost. Pro m\u011b\u0159en\u00ed relativn\u00ed vlhkosti v rozsahu 0-100%. Vlhkom\u011br je kruhov\u00e9ho tvaru o pr\u016fm\u011bru 10 cm, v plastov\u00e9m pouzd\u0159e s vypoukl\u00fdm skl\u00ed\u010dkem a okrajem z hlin\u00edku s dob\u0159e \u010ditelnou stupnic\u00ed. EOS, nejkvalitn\u011bj\u0161\u00ed produkty pro saunu vyroben\u00e9 v N\u011bmecku s 50-ti letou tradic\u00ed.","og_url":"https:\/\/anderskafka.cz\/eshop\/produkt\/eos-minimalisticky-vlhkomer-do-sauny\/","og_site_name":"Anders &amp; Kafka E-SHOP","article_modified_time":"2025-09-30T09:03:35+00:00","og_image":[{"width":827,"height":827,"url":"https:\/\/anderskafka.cz\/eshop\/wp-content\/uploads\/sites\/3\/2023\/03\/Hygrometer-Velky.jpeg","type":"image\/jpeg"}],"twitter_card":"summary_large_image","twitter_misc":{"Odhadovan\u00e1 doba \u010dten\u00ed":"1 minuta"},"schema":{"@context":"https:\/\/schema.org","@graph":[{"@type":"WebSite","@id":"https:\/\/anderskafka.cz\/eshop\/#website","url":"https:\/\/anderskafka.cz\/eshop\/","name":"Anders &amp; Kafka E-SHOP","description":"Anders &amp; Kafka E-SHOP","potentialAction":[{"@type":"SearchAction","target":{"@type":"EntryPoint","urlTemplate":"https:\/\/anderskafka.cz\/eshop\/?s={search_term_string}"},"query-input":"required name=search_term_string"}],"inLanguage":"cs"},{"@type":"ImageObject","@id":"https:\/\/anderskafka.cz\/eshop\/produkt\/eos-minimalisticky-vlhkomer-do-sauny\/#primaryimage","inLanguage":"cs","url":"https:\/\/anderskafka.cz\/eshop\/wp-content\/uploads\/sites\/3\/2023\/03\/Hygrometer-Velky.jpeg","contentUrl":"https:\/\/anderskafka.cz\/eshop\/wp-content\/uploads\/sites\/3\/2023\/03\/Hygrometer-Velky.jpeg","width":827,"height":827},{"@type":"WebPage","@id":"https:\/\/anderskafka.cz\/eshop\/produkt\/eos-minimalisticky-vlhkomer-do-sauny\/#webpage","url":"https:\/\/anderskafka.cz\/eshop\/produkt\/eos-minimalisticky-vlhkomer-do-sauny\/","name":"EOS minimalistick\u00fd vlhkom\u011br do sauny - Anders &amp; Kafka E-SHOP","isPartOf":{"@id":"https:\/\/anderskafka.cz\/eshop\/#website"},"primaryImageOfPage":{"@id":"https:\/\/anderskafka.cz\/eshop\/produkt\/eos-minimalisticky-vlhkomer-do-sauny\/#primaryimage"},"datePublished":"2023-03-16T10:10:54+00:00","dateModified":"2025-09-30T09:03:35+00:00","description":"Minimalistick\u00fd vlhkom\u011br do sauny V\u00e1m ihned uk\u00e1\u017ee, zda m\u00e1te v m\u00edstnosti spr\u00e1vnou vlhkost. Pro m\u011b\u0159en\u00ed relativn\u00ed vlhkosti v rozsahu 0-100%. Vlhkom\u011br je kruhov\u00e9ho tvaru o pr\u016fm\u011bru 10 cm, v plastov\u00e9m pouzd\u0159e s vypoukl\u00fdm skl\u00ed\u010dkem a okrajem z hlin\u00edku s dob\u0159e \u010ditelnou stupnic\u00ed. EOS, nejkvalitn\u011bj\u0161\u00ed produkty pro saunu vyroben\u00e9 v N\u011bmecku s 50-ti letou tradic\u00ed.","breadcrumb":{"@id":"https:\/\/anderskafka.cz\/eshop\/produkt\/eos-minimalisticky-vlhkomer-do-sauny\/#breadcrumb"},"inLanguage":"cs","potentialAction":[{"@type":"ReadAction","target":["https:\/\/anderskafka.cz\/eshop\/produkt\/eos-minimalisticky-vlhkomer-do-sauny\/"]}]},{"@type":"BreadcrumbList","@id":"https:\/\/anderskafka.cz\/eshop\/produkt\/eos-minimalisticky-vlhkomer-do-sauny\/#breadcrumb","itemListElement":[{"@type":"ListItem","position":1,"name":"Obchod","item":"https:\/\/anderskafka.cz\/eshop\/obchod\/"},{"@type":"ListItem","position":2,"name":"EOS minimalistick\u00fd vlhkom\u011br do sauny"}]}]}},"locations":[],"_links":{"self":[{"href":"https:\/\/anderskafka.cz\/eshop\/wp-json\/wp\/v2\/product\/2314"}],"collection":[{"href":"https:\/\/anderskafka.cz\/eshop\/wp-json\/wp\/v2\/product"}],"about":[{"href":"https:\/\/anderskafka.cz\/eshop\/wp-json\/wp\/v2\/types\/product"}],"replies":[{"embeddable":true,"href":"https:\/\/anderskafka.cz\/eshop\/wp-json\/wp\/v2\/comments?post=2314"}],"wp:featuredmedia":[{"embeddable":true,"href":"https:\/\/anderskafka.cz\/eshop\/wp-json\/wp\/v2\/media\/2318"}],"wp:attachment":[{"href":"https:\/\/anderskafka.cz\/eshop\/wp-json\/wp\/v2\/media?parent=2314"}],"wp:term":[{"taxonomy":"location","embeddable":true,"href":"https:\/\/anderskafka.cz\/eshop\/wp-json\/wp\/v2\/location?post=2314"},{"taxonomy":"product_cat","embeddable":true,"href":"https:\/\/anderskafka.cz\/eshop\/wp-json\/wp\/v2\/product_cat?post=2314"},{"taxonomy":"product_tag","embeddable":true,"href":"https:\/\/anderskafka.cz\/eshop\/wp-json\/wp\/v2\/product_tag?post=2314"}],"curies":[{"name":"wp","href":"https:\/\/api.w.org\/{rel}","templated":true}]}}