{"id":2315,"date":"2023-03-16T12:12:34","date_gmt":"2023-03-16T11:12:34","guid":{"rendered":"https:\/\/anderskafka.cz\/eshop\/?post_type=product&#038;p=2315"},"modified":"2025-10-17T11:50:21","modified_gmt":"2025-10-17T09:50:21","slug":"sentiotec-naberacka-do-sauny-z-nerezove-oceli-se-zahnutou-rukojeti-z-osiky","status":"publish","type":"product","link":"https:\/\/anderskafka.cz\/eshop\/produkt\/sentiotec-naberacka-do-sauny-z-nerezove-oceli-se-zahnutou-rukojeti-z-osiky\/","title":{"rendered":"SENTIOTEC designov\u00e1 nab\u011bra\u010dka do sauny z nerezov\u00e9 oceli se zahnutou rukojet\u00ed z osiky"},"content":{"rendered":"<p>Nab\u011bra\u010dka do sauny vyroben\u00e1 z nerezov\u00e9 oceli se zahnutou rukojet\u00ed z osiky, d\u00edky \u010demu\u017e se p\u0159\u00edjemn\u011b dr\u017e\u00ed.<br \/>\nK nab\u011bra\u010dce se velmi hod\u00ed designov\u00e9 v\u011bdro, p\u0159es\u00fdpac\u00ed hodiny, teplom\u011br nebo klimatick\u00e1 stanice stejn\u00e9 edice.<\/p>\n<p>Po saunov\u00e1n\u00ed nab\u011bra\u010dku v\u017edy vypr\u00e1zdn\u011bte a nenech\u00e1vejte ji vyschnout v hork\u00e9 a vlhk\u00e9 saun\u011b.<\/p>\n","protected":false},"excerpt":{"rendered":"<p>Nab\u011bra\u010dka do sauny vyroben\u00e1 z nerezov\u00e9 oceli se zahnutou rukojet\u00ed z osiky, d\u00edky \u010demu\u017e se p\u0159\u00edjemn\u011b dr\u017e\u00ed.<\/p>\n<p>Rakousk\u00e1 spole\u010dnost Sentiotec vyv\u00edj\u00ed a vyr\u00e1b\u00ed kvalitn\u00ed a inovativn\u00ed produkty ur\u010den\u00e9 k tomu, aby Va\u0161e chv\u00edle str\u00e1ven\u00e9 v saun\u011b byly co nejv\u00edce relaxuj\u00edc\u00ed.<\/p>\n","protected":false},"featured_media":2179,"comment_status":"open","ping_status":"closed","template":"","meta":{"site-sidebar-layout":"default","site-content-layout":"default","ast-main-header-display":"","ast-hfb-above-header-display":"","ast-hfb-below-header-display":"","ast-hfb-mobile-header-display":"","site-post-title":"","ast-breadcrumbs-content":"","ast-featured-img":"","footer-sml-layout":"","theme-transparent-header-meta":"","adv-header-id-meta":"","stick-header-meta":"","header-above-stick-meta":"","header-main-stick-meta":"","header-below-stick-meta":""},"location":[],"product_cat":[99],"product_tag":[338],"yoast_head":"<!-- This site is optimized with the Yoast SEO plugin v18.5.1 - https:\/\/yoast.com\/wordpress\/plugins\/seo\/ -->\n<title>SENTIOTEC designov\u00e1 nab\u011bra\u010dka do sauny z nerezov\u00e9 oceli se zahnutou rukojet\u00ed z osiky - Anders &amp; Kafka E-SHOP<\/title>\n<meta name=\"description\" content=\"Nab\u011bra\u010dka do sauny vyroben\u00e1 z nerezov\u00e9 oceli se zahnutou rukojet\u00ed z osiky, d\u00edky \u010demu\u017e se p\u0159\u00edjemn\u011b dr\u017e\u00ed.  Rakousk\u00e1 spole\u010dnost Sentiotec vyv\u00edj\u00ed a vyr\u00e1b\u00ed kvalitn\u00ed a inovativn\u00ed produkty ur\u010den\u00e9 k tomu, aby Va\u0161e chv\u00edle str\u00e1ven\u00e9 v saun\u011b byly co nejv\u00edce relaxuj\u00edc\u00ed.\" \/>\n<meta name=\"robots\" content=\"index, follow, max-snippet:-1, max-image-preview:large, max-video-preview:-1\" \/>\n<link rel=\"canonical\" href=\"https:\/\/anderskafka.cz\/eshop\/produkt\/sentiotec-naberacka-do-sauny-z-nerezove-oceli-se-zahnutou-rukojeti-z-osiky\/\" \/>\n<meta property=\"og:locale\" content=\"cs_CZ\" \/>\n<meta property=\"og:type\" content=\"article\" \/>\n<meta property=\"og:title\" content=\"SENTIOTEC designov\u00e1 nab\u011bra\u010dka do sauny z nerezov\u00e9 oceli se zahnutou rukojet\u00ed z osiky - Anders &amp; Kafka E-SHOP\" \/>\n<meta property=\"og:description\" content=\"Nab\u011bra\u010dka do sauny vyroben\u00e1 z nerezov\u00e9 oceli se zahnutou rukojet\u00ed z osiky, d\u00edky \u010demu\u017e se p\u0159\u00edjemn\u011b dr\u017e\u00ed.  Rakousk\u00e1 spole\u010dnost Sentiotec vyv\u00edj\u00ed a vyr\u00e1b\u00ed kvalitn\u00ed a inovativn\u00ed produkty ur\u010den\u00e9 k tomu, aby Va\u0161e chv\u00edle str\u00e1ven\u00e9 v saun\u011b byly co nejv\u00edce relaxuj\u00edc\u00ed.\" \/>\n<meta property=\"og:url\" content=\"https:\/\/anderskafka.cz\/eshop\/produkt\/sentiotec-naberacka-do-sauny-z-nerezove-oceli-se-zahnutou-rukojeti-z-osiky\/\" \/>\n<meta property=\"og:site_name\" content=\"Anders &amp; Kafka E-SHOP\" \/>\n<meta property=\"article:modified_time\" content=\"2025-10-17T09:50:21+00:00\" \/>\n<meta property=\"og:image\" content=\"https:\/\/anderskafka.cz\/eshop\/wp-content\/uploads\/sites\/3\/2023\/03\/Sentiotec_Edelstahlkelle_453-MA_p1.jpg\" \/>\n\t<meta property=\"og:image:width\" content=\"1200\" \/>\n\t<meta property=\"og:image:height\" content=\"1200\" \/>\n\t<meta property=\"og:image:type\" content=\"image\/jpeg\" \/>\n<meta name=\"twitter:card\" content=\"summary_large_image\" \/>\n<meta name=\"twitter:label1\" content=\"Odhadovan\u00e1 doba \u010dten\u00ed\" \/>\n\t<meta name=\"twitter:data1\" content=\"1 minuta\" \/>\n<script type=\"application\/ld+json\" class=\"yoast-schema-graph\">{\"@context\":\"https:\/\/schema.org\",\"@graph\":[{\"@type\":\"WebSite\",\"@id\":\"https:\/\/anderskafka.cz\/eshop\/#website\",\"url\":\"https:\/\/anderskafka.cz\/eshop\/\",\"name\":\"Anders &amp; Kafka E-SHOP\",\"description\":\"Anders &amp; Kafka E-SHOP\",\"potentialAction\":[{\"@type\":\"SearchAction\",\"target\":{\"@type\":\"EntryPoint\",\"urlTemplate\":\"https:\/\/anderskafka.cz\/eshop\/?s={search_term_string}\"},\"query-input\":\"required name=search_term_string\"}],\"inLanguage\":\"cs\"},{\"@type\":\"ImageObject\",\"@id\":\"https:\/\/anderskafka.cz\/eshop\/produkt\/sentiotec-naberacka-do-sauny-z-nerezove-oceli-se-zahnutou-rukojeti-z-osiky\/#primaryimage\",\"inLanguage\":\"cs\",\"url\":\"https:\/\/anderskafka.cz\/eshop\/wp-content\/uploads\/sites\/3\/2023\/03\/Sentiotec_Edelstahlkelle_453-MA_p1.jpg\",\"contentUrl\":\"https:\/\/anderskafka.cz\/eshop\/wp-content\/uploads\/sites\/3\/2023\/03\/Sentiotec_Edelstahlkelle_453-MA_p1.jpg\",\"width\":1200,\"height\":1200},{\"@type\":\"WebPage\",\"@id\":\"https:\/\/anderskafka.cz\/eshop\/produkt\/sentiotec-naberacka-do-sauny-z-nerezove-oceli-se-zahnutou-rukojeti-z-osiky\/#webpage\",\"url\":\"https:\/\/anderskafka.cz\/eshop\/produkt\/sentiotec-naberacka-do-sauny-z-nerezove-oceli-se-zahnutou-rukojeti-z-osiky\/\",\"name\":\"SENTIOTEC designov\u00e1 nab\u011bra\u010dka do sauny z nerezov\u00e9 oceli se zahnutou rukojet\u00ed z osiky - Anders &amp; Kafka E-SHOP\",\"isPartOf\":{\"@id\":\"https:\/\/anderskafka.cz\/eshop\/#website\"},\"primaryImageOfPage\":{\"@id\":\"https:\/\/anderskafka.cz\/eshop\/produkt\/sentiotec-naberacka-do-sauny-z-nerezove-oceli-se-zahnutou-rukojeti-z-osiky\/#primaryimage\"},\"datePublished\":\"2023-03-16T11:12:34+00:00\",\"dateModified\":\"2025-10-17T09:50:21+00:00\",\"description\":\"Nab\u011bra\u010dka do sauny vyroben\u00e1 z nerezov\u00e9 oceli se zahnutou rukojet\u00ed z osiky, d\u00edky \u010demu\u017e se p\u0159\u00edjemn\u011b dr\u017e\u00ed. Rakousk\u00e1 spole\u010dnost Sentiotec vyv\u00edj\u00ed a vyr\u00e1b\u00ed kvalitn\u00ed a inovativn\u00ed produkty ur\u010den\u00e9 k tomu, aby Va\u0161e chv\u00edle str\u00e1ven\u00e9 v saun\u011b byly co nejv\u00edce relaxuj\u00edc\u00ed.\",\"breadcrumb\":{\"@id\":\"https:\/\/anderskafka.cz\/eshop\/produkt\/sentiotec-naberacka-do-sauny-z-nerezove-oceli-se-zahnutou-rukojeti-z-osiky\/#breadcrumb\"},\"inLanguage\":\"cs\",\"potentialAction\":[{\"@type\":\"ReadAction\",\"target\":[\"https:\/\/anderskafka.cz\/eshop\/produkt\/sentiotec-naberacka-do-sauny-z-nerezove-oceli-se-zahnutou-rukojeti-z-osiky\/\"]}]},{\"@type\":\"BreadcrumbList\",\"@id\":\"https:\/\/anderskafka.cz\/eshop\/produkt\/sentiotec-naberacka-do-sauny-z-nerezove-oceli-se-zahnutou-rukojeti-z-osiky\/#breadcrumb\",\"itemListElement\":[{\"@type\":\"ListItem\",\"position\":1,\"name\":\"Obchod\",\"item\":\"https:\/\/anderskafka.cz\/eshop\/obchod\/\"},{\"@type\":\"ListItem\",\"position\":2,\"name\":\"SENTIOTEC designov\u00e1 nab\u011bra\u010dka do sauny z nerezov\u00e9 oceli se zahnutou rukojet\u00ed z osiky\"}]}]}<\/script>\n<!-- \/ Yoast SEO plugin. -->","yoast_head_json":{"title":"SENTIOTEC designov\u00e1 nab\u011bra\u010dka do sauny z nerezov\u00e9 oceli se zahnutou rukojet\u00ed z osiky - Anders &amp; Kafka E-SHOP","description":"Nab\u011bra\u010dka do sauny vyroben\u00e1 z nerezov\u00e9 oceli se zahnutou rukojet\u00ed z osiky, d\u00edky \u010demu\u017e se p\u0159\u00edjemn\u011b dr\u017e\u00ed.  Rakousk\u00e1 spole\u010dnost Sentiotec vyv\u00edj\u00ed a vyr\u00e1b\u00ed kvalitn\u00ed a inovativn\u00ed produkty ur\u010den\u00e9 k tomu, aby Va\u0161e chv\u00edle str\u00e1ven\u00e9 v saun\u011b byly co nejv\u00edce relaxuj\u00edc\u00ed.","robots":{"index":"index","follow":"follow","max-snippet":"max-snippet:-1","max-image-preview":"max-image-preview:large","max-video-preview":"max-video-preview:-1"},"canonical":"https:\/\/anderskafka.cz\/eshop\/produkt\/sentiotec-naberacka-do-sauny-z-nerezove-oceli-se-zahnutou-rukojeti-z-osiky\/","og_locale":"cs_CZ","og_type":"article","og_title":"SENTIOTEC designov\u00e1 nab\u011bra\u010dka do sauny z nerezov\u00e9 oceli se zahnutou rukojet\u00ed z osiky - Anders &amp; Kafka E-SHOP","og_description":"Nab\u011bra\u010dka do sauny vyroben\u00e1 z nerezov\u00e9 oceli se zahnutou rukojet\u00ed z osiky, d\u00edky \u010demu\u017e se p\u0159\u00edjemn\u011b dr\u017e\u00ed.  Rakousk\u00e1 spole\u010dnost Sentiotec vyv\u00edj\u00ed a vyr\u00e1b\u00ed kvalitn\u00ed a inovativn\u00ed produkty ur\u010den\u00e9 k tomu, aby Va\u0161e chv\u00edle str\u00e1ven\u00e9 v saun\u011b byly co nejv\u00edce relaxuj\u00edc\u00ed.","og_url":"https:\/\/anderskafka.cz\/eshop\/produkt\/sentiotec-naberacka-do-sauny-z-nerezove-oceli-se-zahnutou-rukojeti-z-osiky\/","og_site_name":"Anders &amp; Kafka E-SHOP","article_modified_time":"2025-10-17T09:50:21+00:00","og_image":[{"width":1200,"height":1200,"url":"https:\/\/anderskafka.cz\/eshop\/wp-content\/uploads\/sites\/3\/2023\/03\/Sentiotec_Edelstahlkelle_453-MA_p1.jpg","type":"image\/jpeg"}],"twitter_card":"summary_large_image","twitter_misc":{"Odhadovan\u00e1 doba \u010dten\u00ed":"1 minuta"},"schema":{"@context":"https:\/\/schema.org","@graph":[{"@type":"WebSite","@id":"https:\/\/anderskafka.cz\/eshop\/#website","url":"https:\/\/anderskafka.cz\/eshop\/","name":"Anders &amp; Kafka E-SHOP","description":"Anders &amp; Kafka E-SHOP","potentialAction":[{"@type":"SearchAction","target":{"@type":"EntryPoint","urlTemplate":"https:\/\/anderskafka.cz\/eshop\/?s={search_term_string}"},"query-input":"required name=search_term_string"}],"inLanguage":"cs"},{"@type":"ImageObject","@id":"https:\/\/anderskafka.cz\/eshop\/produkt\/sentiotec-naberacka-do-sauny-z-nerezove-oceli-se-zahnutou-rukojeti-z-osiky\/#primaryimage","inLanguage":"cs","url":"https:\/\/anderskafka.cz\/eshop\/wp-content\/uploads\/sites\/3\/2023\/03\/Sentiotec_Edelstahlkelle_453-MA_p1.jpg","contentUrl":"https:\/\/anderskafka.cz\/eshop\/wp-content\/uploads\/sites\/3\/2023\/03\/Sentiotec_Edelstahlkelle_453-MA_p1.jpg","width":1200,"height":1200},{"@type":"WebPage","@id":"https:\/\/anderskafka.cz\/eshop\/produkt\/sentiotec-naberacka-do-sauny-z-nerezove-oceli-se-zahnutou-rukojeti-z-osiky\/#webpage","url":"https:\/\/anderskafka.cz\/eshop\/produkt\/sentiotec-naberacka-do-sauny-z-nerezove-oceli-se-zahnutou-rukojeti-z-osiky\/","name":"SENTIOTEC designov\u00e1 nab\u011bra\u010dka do sauny z nerezov\u00e9 oceli se zahnutou rukojet\u00ed z osiky - Anders &amp; Kafka E-SHOP","isPartOf":{"@id":"https:\/\/anderskafka.cz\/eshop\/#website"},"primaryImageOfPage":{"@id":"https:\/\/anderskafka.cz\/eshop\/produkt\/sentiotec-naberacka-do-sauny-z-nerezove-oceli-se-zahnutou-rukojeti-z-osiky\/#primaryimage"},"datePublished":"2023-03-16T11:12:34+00:00","dateModified":"2025-10-17T09:50:21+00:00","description":"Nab\u011bra\u010dka do sauny vyroben\u00e1 z nerezov\u00e9 oceli se zahnutou rukojet\u00ed z osiky, d\u00edky \u010demu\u017e se p\u0159\u00edjemn\u011b dr\u017e\u00ed. Rakousk\u00e1 spole\u010dnost Sentiotec vyv\u00edj\u00ed a vyr\u00e1b\u00ed kvalitn\u00ed a inovativn\u00ed produkty ur\u010den\u00e9 k tomu, aby Va\u0161e chv\u00edle str\u00e1ven\u00e9 v saun\u011b byly co nejv\u00edce relaxuj\u00edc\u00ed.","breadcrumb":{"@id":"https:\/\/anderskafka.cz\/eshop\/produkt\/sentiotec-naberacka-do-sauny-z-nerezove-oceli-se-zahnutou-rukojeti-z-osiky\/#breadcrumb"},"inLanguage":"cs","potentialAction":[{"@type":"ReadAction","target":["https:\/\/anderskafka.cz\/eshop\/produkt\/sentiotec-naberacka-do-sauny-z-nerezove-oceli-se-zahnutou-rukojeti-z-osiky\/"]}]},{"@type":"BreadcrumbList","@id":"https:\/\/anderskafka.cz\/eshop\/produkt\/sentiotec-naberacka-do-sauny-z-nerezove-oceli-se-zahnutou-rukojeti-z-osiky\/#breadcrumb","itemListElement":[{"@type":"ListItem","position":1,"name":"Obchod","item":"https:\/\/anderskafka.cz\/eshop\/obchod\/"},{"@type":"ListItem","position":2,"name":"SENTIOTEC designov\u00e1 nab\u011bra\u010dka do sauny z nerezov\u00e9 oceli se zahnutou rukojet\u00ed z osiky"}]}]}},"locations":[],"_links":{"self":[{"href":"https:\/\/anderskafka.cz\/eshop\/wp-json\/wp\/v2\/product\/2315"}],"collection":[{"href":"https:\/\/anderskafka.cz\/eshop\/wp-json\/wp\/v2\/product"}],"about":[{"href":"https:\/\/anderskafka.cz\/eshop\/wp-json\/wp\/v2\/types\/product"}],"replies":[{"embeddable":true,"href":"https:\/\/anderskafka.cz\/eshop\/wp-json\/wp\/v2\/comments?post=2315"}],"wp:featuredmedia":[{"embeddable":true,"href":"https:\/\/anderskafka.cz\/eshop\/wp-json\/wp\/v2\/media\/2179"}],"wp:attachment":[{"href":"https:\/\/anderskafka.cz\/eshop\/wp-json\/wp\/v2\/media?parent=2315"}],"wp:term":[{"taxonomy":"location","embeddable":true,"href":"https:\/\/anderskafka.cz\/eshop\/wp-json\/wp\/v2\/location?post=2315"},{"taxonomy":"product_cat","embeddable":true,"href":"https:\/\/anderskafka.cz\/eshop\/wp-json\/wp\/v2\/product_cat?post=2315"},{"taxonomy":"product_tag","embeddable":true,"href":"https:\/\/anderskafka.cz\/eshop\/wp-json\/wp\/v2\/product_tag?post=2315"}],"curies":[{"name":"wp","href":"https:\/\/api.w.org\/{rel}","templated":true}]}}