{"id":2341,"date":"2023-03-17T15:59:16","date_gmt":"2023-03-17T14:59:16","guid":{"rendered":"https:\/\/anderskafka.cz\/eshop\/?post_type=product&#038;p=2341"},"modified":"2026-04-24T16:08:12","modified_gmt":"2026-04-24T14:08:12","slug":"eliga-maxi-naberacka-do-sauny-leskla-ocel","status":"publish","type":"product","link":"https:\/\/anderskafka.cz\/eshop\/produkt\/eliga-maxi-naberacka-do-sauny-leskla-ocel\/","title":{"rendered":"ELIGA maxi nab\u011bra\u010dka do sauny leskl\u00e1 ocel"},"content":{"rendered":"<p>MAXI nab\u011bra\u010dka do sauny s perfektn\u00edm zpracov\u00e1n\u00edm. Kovov\u00e9 \u010d\u00e1sti jsou vyrobeny z leskl\u00e9 oceli, s praktickou rukojet\u00ed z b\u0159\u00edzy, d\u00edky \u010demu\u017e se p\u0159\u00edjemn\u011b dr\u017e\u00ed a nehroz\u00ed ani pop\u00e1len\u00ed o rozeh\u0159\u00e1t\u00fd kov.<br \/>\nBeze\u0161v\u011b sva\u0159ovan\u00e1 nerezov\u00e1 nab\u011bra\u010dka m\u00e1 objem 3,5 l s pr\u016fm\u011brem 25 cm, d\u00e9lkou rukojeti 103 cm a pr\u016fm\u011brem rukojeti 3 cm. Velmi vhodn\u00e1 pro velk\u00e9 saunov\u00e9 ceremonie.<\/p>\n<p>Po saunov\u00e1n\u00ed nab\u011bra\u010dku v\u017edy vypr\u00e1zdn\u011bte a nenech\u00e1vejte ji vyschnout v hork\u00e9 a vlhk\u00e9 saun\u011b.<\/p>\n","protected":false},"excerpt":{"rendered":"<p>MAXI nab\u011bra\u010dka do sauny s perfektn\u00edm zpracov\u00e1n\u00edm detail\u016f. Kovov\u00e9 \u010d\u00e1sti jsou vyrobeny z leskl\u00e9 oceli, s praktickou rukojet\u00ed z b\u0159\u00edzy, d\u00edky \u010demu\u017e se nab\u011bra\u010dka p\u0159\u00edjemn\u011b dr\u017e\u00ed. Velmi vhodn\u00e1 pro velk\u00e9 saunov\u00e9 ceremonie.<\/p>\n<p>N\u011bmeck\u00e1 spole\u010dnost ELIGA Saunatechnik GmbH je specialistou na saunovou techniku &amp; wellness s mnohalet\u00fdmi zku\u0161enostmi a know-how s v\u00fdrobou saunov\u00fdch dopl\u0148k\u016f a technologi\u00ed.<\/p>\n","protected":false},"featured_media":15519,"comment_status":"open","ping_status":"closed","template":"","meta":{"site-sidebar-layout":"default","site-content-layout":"default","ast-main-header-display":"","ast-hfb-above-header-display":"","ast-hfb-below-header-display":"","ast-hfb-mobile-header-display":"","site-post-title":"","ast-breadcrumbs-content":"","ast-featured-img":"","footer-sml-layout":"","theme-transparent-header-meta":"","adv-header-id-meta":"","stick-header-meta":"","header-above-stick-meta":"","header-main-stick-meta":"","header-below-stick-meta":""},"location":[],"product_cat":[99],"product_tag":[461],"yoast_head":"<!-- This site is optimized with the Yoast SEO plugin v18.5.1 - https:\/\/yoast.com\/wordpress\/plugins\/seo\/ -->\n<title>ELIGA maxi nab\u011bra\u010dka do sauny leskl\u00e1 ocel - Anders &amp; Kafka E-SHOP<\/title>\n<meta name=\"description\" content=\"MAXI nab\u011bra\u010dka do sauny s perfektn\u00edm zpracov\u00e1n\u00edm detail\u016f. Kovov\u00e9 \u010d\u00e1sti jsou vyrobeny z leskl\u00e9 oceli, s praktickou rukojet\u00ed z b\u0159\u00edzy, d\u00edky \u010demu\u017e se nab\u011bra\u010dka p\u0159\u00edjemn\u011b dr\u017e\u00ed. Velmi vhodn\u00e1 pro velk\u00e9 saunov\u00e9 ceremonie.  N\u011bmeck\u00e1 spole\u010dnost ELIGA Saunatechnik GmbH je specialistou na saunovou techniku &amp; wellness s mnohalet\u00fdmi zku\u0161enostmi a know-how s v\u00fdrobou saunov\u00fdch dopl\u0148k\u016f a technologi\u00ed.\" \/>\n<meta name=\"robots\" content=\"index, follow, max-snippet:-1, max-image-preview:large, max-video-preview:-1\" \/>\n<link rel=\"canonical\" href=\"https:\/\/anderskafka.cz\/eshop\/produkt\/eliga-maxi-naberacka-do-sauny-leskla-ocel\/\" \/>\n<meta property=\"og:locale\" content=\"cs_CZ\" \/>\n<meta property=\"og:type\" content=\"article\" \/>\n<meta property=\"og:title\" content=\"ELIGA maxi nab\u011bra\u010dka do sauny leskl\u00e1 ocel - Anders &amp; Kafka E-SHOP\" \/>\n<meta property=\"og:description\" content=\"MAXI nab\u011bra\u010dka do sauny s perfektn\u00edm zpracov\u00e1n\u00edm detail\u016f. Kovov\u00e9 \u010d\u00e1sti jsou vyrobeny z leskl\u00e9 oceli, s praktickou rukojet\u00ed z b\u0159\u00edzy, d\u00edky \u010demu\u017e se nab\u011bra\u010dka p\u0159\u00edjemn\u011b dr\u017e\u00ed. Velmi vhodn\u00e1 pro velk\u00e9 saunov\u00e9 ceremonie.  N\u011bmeck\u00e1 spole\u010dnost ELIGA Saunatechnik GmbH je specialistou na saunovou techniku &amp; wellness s mnohalet\u00fdmi zku\u0161enostmi a know-how s v\u00fdrobou saunov\u00fdch dopl\u0148k\u016f a technologi\u00ed.\" \/>\n<meta property=\"og:url\" content=\"https:\/\/anderskafka.cz\/eshop\/produkt\/eliga-maxi-naberacka-do-sauny-leskla-ocel\/\" \/>\n<meta property=\"og:site_name\" content=\"Anders &amp; Kafka E-SHOP\" \/>\n<meta property=\"article:modified_time\" content=\"2026-04-24T14:08:12+00:00\" \/>\n<meta name=\"twitter:card\" content=\"summary_large_image\" \/>\n<meta name=\"twitter:image\" content=\"https:\/\/anderskafka.cz\/eshop\/wp-content\/uploads\/sites\/3\/2023\/03\/ELIGA_maxi-naberacka_AndersKafka.webp\" \/>\n<meta name=\"twitter:label1\" content=\"Odhadovan\u00e1 doba \u010dten\u00ed\" \/>\n\t<meta name=\"twitter:data1\" content=\"1 minuta\" \/>\n<script type=\"application\/ld+json\" class=\"yoast-schema-graph\">{\"@context\":\"https:\/\/schema.org\",\"@graph\":[{\"@type\":\"WebSite\",\"@id\":\"https:\/\/anderskafka.cz\/eshop\/#website\",\"url\":\"https:\/\/anderskafka.cz\/eshop\/\",\"name\":\"Anders &amp; Kafka E-SHOP\",\"description\":\"Anders &amp; Kafka E-SHOP\",\"potentialAction\":[{\"@type\":\"SearchAction\",\"target\":{\"@type\":\"EntryPoint\",\"urlTemplate\":\"https:\/\/anderskafka.cz\/eshop\/?s={search_term_string}\"},\"query-input\":\"required name=search_term_string\"}],\"inLanguage\":\"cs\"},{\"@type\":\"ImageObject\",\"@id\":\"https:\/\/anderskafka.cz\/eshop\/produkt\/eliga-maxi-naberacka-do-sauny-leskla-ocel\/#primaryimage\",\"inLanguage\":\"cs\",\"url\":\"https:\/\/anderskafka.cz\/eshop\/wp-content\/uploads\/sites\/3\/2023\/03\/ELIGA_maxi-naberacka_AndersKafka.webp\",\"contentUrl\":\"https:\/\/anderskafka.cz\/eshop\/wp-content\/uploads\/sites\/3\/2023\/03\/ELIGA_maxi-naberacka_AndersKafka.webp\",\"width\":1500,\"height\":1500},{\"@type\":\"WebPage\",\"@id\":\"https:\/\/anderskafka.cz\/eshop\/produkt\/eliga-maxi-naberacka-do-sauny-leskla-ocel\/#webpage\",\"url\":\"https:\/\/anderskafka.cz\/eshop\/produkt\/eliga-maxi-naberacka-do-sauny-leskla-ocel\/\",\"name\":\"ELIGA maxi nab\u011bra\u010dka do sauny leskl\u00e1 ocel - Anders &amp; Kafka E-SHOP\",\"isPartOf\":{\"@id\":\"https:\/\/anderskafka.cz\/eshop\/#website\"},\"primaryImageOfPage\":{\"@id\":\"https:\/\/anderskafka.cz\/eshop\/produkt\/eliga-maxi-naberacka-do-sauny-leskla-ocel\/#primaryimage\"},\"datePublished\":\"2023-03-17T14:59:16+00:00\",\"dateModified\":\"2026-04-24T14:08:12+00:00\",\"description\":\"MAXI nab\u011bra\u010dka do sauny s perfektn\u00edm zpracov\u00e1n\u00edm detail\u016f. Kovov\u00e9 \u010d\u00e1sti jsou vyrobeny z leskl\u00e9 oceli, s praktickou rukojet\u00ed z b\u0159\u00edzy, d\u00edky \u010demu\u017e se nab\u011bra\u010dka p\u0159\u00edjemn\u011b dr\u017e\u00ed. Velmi vhodn\u00e1 pro velk\u00e9 saunov\u00e9 ceremonie. N\u011bmeck\u00e1 spole\u010dnost ELIGA Saunatechnik GmbH je specialistou na saunovou techniku &amp; wellness s mnohalet\u00fdmi zku\u0161enostmi a know-how s v\u00fdrobou saunov\u00fdch dopl\u0148k\u016f a technologi\u00ed.\",\"breadcrumb\":{\"@id\":\"https:\/\/anderskafka.cz\/eshop\/produkt\/eliga-maxi-naberacka-do-sauny-leskla-ocel\/#breadcrumb\"},\"inLanguage\":\"cs\",\"potentialAction\":[{\"@type\":\"ReadAction\",\"target\":[\"https:\/\/anderskafka.cz\/eshop\/produkt\/eliga-maxi-naberacka-do-sauny-leskla-ocel\/\"]}]},{\"@type\":\"BreadcrumbList\",\"@id\":\"https:\/\/anderskafka.cz\/eshop\/produkt\/eliga-maxi-naberacka-do-sauny-leskla-ocel\/#breadcrumb\",\"itemListElement\":[{\"@type\":\"ListItem\",\"position\":1,\"name\":\"Obchod\",\"item\":\"https:\/\/anderskafka.cz\/eshop\/obchod\/\"},{\"@type\":\"ListItem\",\"position\":2,\"name\":\"ELIGA maxi nab\u011bra\u010dka do sauny leskl\u00e1 ocel\"}]}]}<\/script>\n<!-- \/ Yoast SEO plugin. -->","yoast_head_json":{"title":"ELIGA maxi nab\u011bra\u010dka do sauny leskl\u00e1 ocel - Anders &amp; Kafka E-SHOP","description":"MAXI nab\u011bra\u010dka do sauny s perfektn\u00edm zpracov\u00e1n\u00edm detail\u016f. Kovov\u00e9 \u010d\u00e1sti jsou vyrobeny z leskl\u00e9 oceli, s praktickou rukojet\u00ed z b\u0159\u00edzy, d\u00edky \u010demu\u017e se nab\u011bra\u010dka p\u0159\u00edjemn\u011b dr\u017e\u00ed. Velmi vhodn\u00e1 pro velk\u00e9 saunov\u00e9 ceremonie.  N\u011bmeck\u00e1 spole\u010dnost ELIGA Saunatechnik GmbH je specialistou na saunovou techniku &amp; wellness s mnohalet\u00fdmi zku\u0161enostmi a know-how s v\u00fdrobou saunov\u00fdch dopl\u0148k\u016f a technologi\u00ed.","robots":{"index":"index","follow":"follow","max-snippet":"max-snippet:-1","max-image-preview":"max-image-preview:large","max-video-preview":"max-video-preview:-1"},"canonical":"https:\/\/anderskafka.cz\/eshop\/produkt\/eliga-maxi-naberacka-do-sauny-leskla-ocel\/","og_locale":"cs_CZ","og_type":"article","og_title":"ELIGA maxi nab\u011bra\u010dka do sauny leskl\u00e1 ocel - Anders &amp; Kafka E-SHOP","og_description":"MAXI nab\u011bra\u010dka do sauny s perfektn\u00edm zpracov\u00e1n\u00edm detail\u016f. Kovov\u00e9 \u010d\u00e1sti jsou vyrobeny z leskl\u00e9 oceli, s praktickou rukojet\u00ed z b\u0159\u00edzy, d\u00edky \u010demu\u017e se nab\u011bra\u010dka p\u0159\u00edjemn\u011b dr\u017e\u00ed. Velmi vhodn\u00e1 pro velk\u00e9 saunov\u00e9 ceremonie.  N\u011bmeck\u00e1 spole\u010dnost ELIGA Saunatechnik GmbH je specialistou na saunovou techniku &amp; wellness s mnohalet\u00fdmi zku\u0161enostmi a know-how s v\u00fdrobou saunov\u00fdch dopl\u0148k\u016f a technologi\u00ed.","og_url":"https:\/\/anderskafka.cz\/eshop\/produkt\/eliga-maxi-naberacka-do-sauny-leskla-ocel\/","og_site_name":"Anders &amp; Kafka E-SHOP","article_modified_time":"2026-04-24T14:08:12+00:00","twitter_card":"summary_large_image","twitter_image":"https:\/\/anderskafka.cz\/eshop\/wp-content\/uploads\/sites\/3\/2023\/03\/ELIGA_maxi-naberacka_AndersKafka.webp","twitter_misc":{"Odhadovan\u00e1 doba \u010dten\u00ed":"1 minuta"},"schema":{"@context":"https:\/\/schema.org","@graph":[{"@type":"WebSite","@id":"https:\/\/anderskafka.cz\/eshop\/#website","url":"https:\/\/anderskafka.cz\/eshop\/","name":"Anders &amp; Kafka E-SHOP","description":"Anders &amp; Kafka E-SHOP","potentialAction":[{"@type":"SearchAction","target":{"@type":"EntryPoint","urlTemplate":"https:\/\/anderskafka.cz\/eshop\/?s={search_term_string}"},"query-input":"required name=search_term_string"}],"inLanguage":"cs"},{"@type":"ImageObject","@id":"https:\/\/anderskafka.cz\/eshop\/produkt\/eliga-maxi-naberacka-do-sauny-leskla-ocel\/#primaryimage","inLanguage":"cs","url":"https:\/\/anderskafka.cz\/eshop\/wp-content\/uploads\/sites\/3\/2023\/03\/ELIGA_maxi-naberacka_AndersKafka.webp","contentUrl":"https:\/\/anderskafka.cz\/eshop\/wp-content\/uploads\/sites\/3\/2023\/03\/ELIGA_maxi-naberacka_AndersKafka.webp","width":1500,"height":1500},{"@type":"WebPage","@id":"https:\/\/anderskafka.cz\/eshop\/produkt\/eliga-maxi-naberacka-do-sauny-leskla-ocel\/#webpage","url":"https:\/\/anderskafka.cz\/eshop\/produkt\/eliga-maxi-naberacka-do-sauny-leskla-ocel\/","name":"ELIGA maxi nab\u011bra\u010dka do sauny leskl\u00e1 ocel - Anders &amp; Kafka E-SHOP","isPartOf":{"@id":"https:\/\/anderskafka.cz\/eshop\/#website"},"primaryImageOfPage":{"@id":"https:\/\/anderskafka.cz\/eshop\/produkt\/eliga-maxi-naberacka-do-sauny-leskla-ocel\/#primaryimage"},"datePublished":"2023-03-17T14:59:16+00:00","dateModified":"2026-04-24T14:08:12+00:00","description":"MAXI nab\u011bra\u010dka do sauny s perfektn\u00edm zpracov\u00e1n\u00edm detail\u016f. Kovov\u00e9 \u010d\u00e1sti jsou vyrobeny z leskl\u00e9 oceli, s praktickou rukojet\u00ed z b\u0159\u00edzy, d\u00edky \u010demu\u017e se nab\u011bra\u010dka p\u0159\u00edjemn\u011b dr\u017e\u00ed. Velmi vhodn\u00e1 pro velk\u00e9 saunov\u00e9 ceremonie. N\u011bmeck\u00e1 spole\u010dnost ELIGA Saunatechnik GmbH je specialistou na saunovou techniku &amp; wellness s mnohalet\u00fdmi zku\u0161enostmi a know-how s v\u00fdrobou saunov\u00fdch dopl\u0148k\u016f a technologi\u00ed.","breadcrumb":{"@id":"https:\/\/anderskafka.cz\/eshop\/produkt\/eliga-maxi-naberacka-do-sauny-leskla-ocel\/#breadcrumb"},"inLanguage":"cs","potentialAction":[{"@type":"ReadAction","target":["https:\/\/anderskafka.cz\/eshop\/produkt\/eliga-maxi-naberacka-do-sauny-leskla-ocel\/"]}]},{"@type":"BreadcrumbList","@id":"https:\/\/anderskafka.cz\/eshop\/produkt\/eliga-maxi-naberacka-do-sauny-leskla-ocel\/#breadcrumb","itemListElement":[{"@type":"ListItem","position":1,"name":"Obchod","item":"https:\/\/anderskafka.cz\/eshop\/obchod\/"},{"@type":"ListItem","position":2,"name":"ELIGA maxi nab\u011bra\u010dka do sauny leskl\u00e1 ocel"}]}]}},"locations":[],"_links":{"self":[{"href":"https:\/\/anderskafka.cz\/eshop\/wp-json\/wp\/v2\/product\/2341"}],"collection":[{"href":"https:\/\/anderskafka.cz\/eshop\/wp-json\/wp\/v2\/product"}],"about":[{"href":"https:\/\/anderskafka.cz\/eshop\/wp-json\/wp\/v2\/types\/product"}],"replies":[{"embeddable":true,"href":"https:\/\/anderskafka.cz\/eshop\/wp-json\/wp\/v2\/comments?post=2341"}],"wp:featuredmedia":[{"embeddable":true,"href":"https:\/\/anderskafka.cz\/eshop\/wp-json\/wp\/v2\/media\/15519"}],"wp:attachment":[{"href":"https:\/\/anderskafka.cz\/eshop\/wp-json\/wp\/v2\/media?parent=2341"}],"wp:term":[{"taxonomy":"location","embeddable":true,"href":"https:\/\/anderskafka.cz\/eshop\/wp-json\/wp\/v2\/location?post=2341"},{"taxonomy":"product_cat","embeddable":true,"href":"https:\/\/anderskafka.cz\/eshop\/wp-json\/wp\/v2\/product_cat?post=2341"},{"taxonomy":"product_tag","embeddable":true,"href":"https:\/\/anderskafka.cz\/eshop\/wp-json\/wp\/v2\/product_tag?post=2341"}],"curies":[{"name":"wp","href":"https:\/\/api.w.org\/{rel}","templated":true}]}}