{"id":2342,"date":"2023-03-17T16:19:14","date_gmt":"2023-03-17T15:19:14","guid":{"rendered":"https:\/\/anderskafka.cz\/eshop\/?post_type=product&#038;p=2342"},"modified":"2026-03-24T17:43:17","modified_gmt":"2026-03-24T16:43:17","slug":"eliga-drevena-naberacka-do-sauny-z-borovice","status":"publish","type":"product","link":"https:\/\/anderskafka.cz\/eshop\/produkt\/eliga-drevena-naberacka-do-sauny-z-borovice\/","title":{"rendered":"ELIGA d\u0159ev\u011bn\u00e1 nab\u011bra\u010dka do sauny z borovice"},"content":{"rendered":"<p>D\u0159ev\u011bn\u00e1 nab\u011bra\u010dka do sauny ru\u010dn\u011b vyroben\u00e1 z borovice. S praktick\u00fdm poutkem na zav\u011b\u0161en\u00ed.<\/p>\n<p>Po saunov\u00e1n\u00ed nab\u011bra\u010dku v\u017edy vypr\u00e1zdn\u011bte a nenech\u00e1vejte ji vyschnout v hork\u00e9 a vlhk\u00e9 saun\u011b.<\/p>\n","protected":false},"excerpt":{"rendered":"<p>D\u0159ev\u011bn\u00e1 nab\u011bra\u010dka do sauny ru\u010dn\u011b vyroben\u00e1 z borovice, d\u00e9lka 40 cm. S praktick\u00fdm poutkem na zav\u011b\u0161en\u00ed.<\/p>\n<p>N\u011bmeck\u00e1 spole\u010dnost ELIGA Saunatechnik GmbH je specialistou na saunovou techniku &amp; wellness s mnohalet\u00fdmi zku\u0161enostmi a know-how s v\u00fdrobou saunov\u00fdch dopl\u0148k\u016f a technologi\u00ed.<\/p>\n","protected":false},"featured_media":11547,"comment_status":"open","ping_status":"closed","template":"","meta":{"site-sidebar-layout":"default","site-content-layout":"default","ast-main-header-display":"","ast-hfb-above-header-display":"","ast-hfb-below-header-display":"","ast-hfb-mobile-header-display":"","site-post-title":"","ast-breadcrumbs-content":"","ast-featured-img":"","footer-sml-layout":"","theme-transparent-header-meta":"","adv-header-id-meta":"","stick-header-meta":"","header-above-stick-meta":"","header-main-stick-meta":"","header-below-stick-meta":""},"location":[],"product_cat":[99],"product_tag":[461],"yoast_head":"<!-- This site is optimized with the Yoast SEO plugin v18.5.1 - https:\/\/yoast.com\/wordpress\/plugins\/seo\/ -->\n<title>ELIGA d\u0159ev\u011bn\u00e1 nab\u011bra\u010dka do sauny z borovice - Anders &amp; Kafka E-SHOP<\/title>\n<meta name=\"description\" content=\"D\u0159ev\u011bn\u00e1 nab\u011bra\u010dka do sauny ru\u010dn\u011b vyroben\u00e1 z borovice, d\u00e9lka 40 cm. S praktick\u00fdm poutkem na zav\u011b\u0161en\u00ed.  N\u011bmeck\u00e1 spole\u010dnost ELIGA Saunatechnik GmbH je specialistou na saunovou techniku &amp; wellness s mnohalet\u00fdmi zku\u0161enostmi a know-how s v\u00fdrobou saunov\u00fdch dopl\u0148k\u016f a technologi\u00ed.\" \/>\n<meta name=\"robots\" content=\"index, follow, max-snippet:-1, max-image-preview:large, max-video-preview:-1\" \/>\n<link rel=\"canonical\" href=\"https:\/\/anderskafka.cz\/eshop\/produkt\/eliga-drevena-naberacka-do-sauny-z-borovice\/\" \/>\n<meta property=\"og:locale\" content=\"cs_CZ\" \/>\n<meta property=\"og:type\" content=\"article\" \/>\n<meta property=\"og:title\" content=\"ELIGA d\u0159ev\u011bn\u00e1 nab\u011bra\u010dka do sauny z borovice - Anders &amp; Kafka E-SHOP\" \/>\n<meta property=\"og:description\" content=\"D\u0159ev\u011bn\u00e1 nab\u011bra\u010dka do sauny ru\u010dn\u011b vyroben\u00e1 z borovice, d\u00e9lka 40 cm. S praktick\u00fdm poutkem na zav\u011b\u0161en\u00ed.  N\u011bmeck\u00e1 spole\u010dnost ELIGA Saunatechnik GmbH je specialistou na saunovou techniku &amp; wellness s mnohalet\u00fdmi zku\u0161enostmi a know-how s v\u00fdrobou saunov\u00fdch dopl\u0148k\u016f a technologi\u00ed.\" \/>\n<meta property=\"og:url\" content=\"https:\/\/anderskafka.cz\/eshop\/produkt\/eliga-drevena-naberacka-do-sauny-z-borovice\/\" \/>\n<meta property=\"og:site_name\" content=\"Anders &amp; Kafka E-SHOP\" \/>\n<meta property=\"article:modified_time\" content=\"2026-03-24T16:43:17+00:00\" \/>\n<meta name=\"twitter:card\" content=\"summary_large_image\" \/>\n<meta name=\"twitter:image\" content=\"https:\/\/anderskafka.cz\/eshop\/wp-content\/uploads\/sites\/3\/2023\/03\/ELIGA_naberackaborovice_AndersKafka.webp\" \/>\n<meta name=\"twitter:label1\" content=\"Odhadovan\u00e1 doba \u010dten\u00ed\" \/>\n\t<meta name=\"twitter:data1\" content=\"1 minuta\" \/>\n<script type=\"application\/ld+json\" class=\"yoast-schema-graph\">{\"@context\":\"https:\/\/schema.org\",\"@graph\":[{\"@type\":\"WebSite\",\"@id\":\"https:\/\/anderskafka.cz\/eshop\/#website\",\"url\":\"https:\/\/anderskafka.cz\/eshop\/\",\"name\":\"Anders &amp; Kafka E-SHOP\",\"description\":\"Anders &amp; Kafka E-SHOP\",\"potentialAction\":[{\"@type\":\"SearchAction\",\"target\":{\"@type\":\"EntryPoint\",\"urlTemplate\":\"https:\/\/anderskafka.cz\/eshop\/?s={search_term_string}\"},\"query-input\":\"required name=search_term_string\"}],\"inLanguage\":\"cs\"},{\"@type\":\"ImageObject\",\"@id\":\"https:\/\/anderskafka.cz\/eshop\/produkt\/eliga-drevena-naberacka-do-sauny-z-borovice\/#primaryimage\",\"inLanguage\":\"cs\",\"url\":\"https:\/\/anderskafka.cz\/eshop\/wp-content\/uploads\/sites\/3\/2023\/03\/ELIGA_naberackaborovice_AndersKafka.webp\",\"contentUrl\":\"https:\/\/anderskafka.cz\/eshop\/wp-content\/uploads\/sites\/3\/2023\/03\/ELIGA_naberackaborovice_AndersKafka.webp\",\"width\":1500,\"height\":1500},{\"@type\":\"WebPage\",\"@id\":\"https:\/\/anderskafka.cz\/eshop\/produkt\/eliga-drevena-naberacka-do-sauny-z-borovice\/#webpage\",\"url\":\"https:\/\/anderskafka.cz\/eshop\/produkt\/eliga-drevena-naberacka-do-sauny-z-borovice\/\",\"name\":\"ELIGA d\u0159ev\u011bn\u00e1 nab\u011bra\u010dka do sauny z borovice - Anders &amp; Kafka E-SHOP\",\"isPartOf\":{\"@id\":\"https:\/\/anderskafka.cz\/eshop\/#website\"},\"primaryImageOfPage\":{\"@id\":\"https:\/\/anderskafka.cz\/eshop\/produkt\/eliga-drevena-naberacka-do-sauny-z-borovice\/#primaryimage\"},\"datePublished\":\"2023-03-17T15:19:14+00:00\",\"dateModified\":\"2026-03-24T16:43:17+00:00\",\"description\":\"D\u0159ev\u011bn\u00e1 nab\u011bra\u010dka do sauny ru\u010dn\u011b vyroben\u00e1 z borovice, d\u00e9lka 40 cm. S praktick\u00fdm poutkem na zav\u011b\u0161en\u00ed. N\u011bmeck\u00e1 spole\u010dnost ELIGA Saunatechnik GmbH je specialistou na saunovou techniku &amp; wellness s mnohalet\u00fdmi zku\u0161enostmi a know-how s v\u00fdrobou saunov\u00fdch dopl\u0148k\u016f a technologi\u00ed.\",\"breadcrumb\":{\"@id\":\"https:\/\/anderskafka.cz\/eshop\/produkt\/eliga-drevena-naberacka-do-sauny-z-borovice\/#breadcrumb\"},\"inLanguage\":\"cs\",\"potentialAction\":[{\"@type\":\"ReadAction\",\"target\":[\"https:\/\/anderskafka.cz\/eshop\/produkt\/eliga-drevena-naberacka-do-sauny-z-borovice\/\"]}]},{\"@type\":\"BreadcrumbList\",\"@id\":\"https:\/\/anderskafka.cz\/eshop\/produkt\/eliga-drevena-naberacka-do-sauny-z-borovice\/#breadcrumb\",\"itemListElement\":[{\"@type\":\"ListItem\",\"position\":1,\"name\":\"Obchod\",\"item\":\"https:\/\/anderskafka.cz\/eshop\/obchod\/\"},{\"@type\":\"ListItem\",\"position\":2,\"name\":\"ELIGA d\u0159ev\u011bn\u00e1 nab\u011bra\u010dka do sauny z borovice\"}]}]}<\/script>\n<!-- \/ Yoast SEO plugin. -->","yoast_head_json":{"title":"ELIGA d\u0159ev\u011bn\u00e1 nab\u011bra\u010dka do sauny z borovice - Anders &amp; Kafka E-SHOP","description":"D\u0159ev\u011bn\u00e1 nab\u011bra\u010dka do sauny ru\u010dn\u011b vyroben\u00e1 z borovice, d\u00e9lka 40 cm. S praktick\u00fdm poutkem na zav\u011b\u0161en\u00ed.  N\u011bmeck\u00e1 spole\u010dnost ELIGA Saunatechnik GmbH je specialistou na saunovou techniku &amp; wellness s mnohalet\u00fdmi zku\u0161enostmi a know-how s v\u00fdrobou saunov\u00fdch dopl\u0148k\u016f a technologi\u00ed.","robots":{"index":"index","follow":"follow","max-snippet":"max-snippet:-1","max-image-preview":"max-image-preview:large","max-video-preview":"max-video-preview:-1"},"canonical":"https:\/\/anderskafka.cz\/eshop\/produkt\/eliga-drevena-naberacka-do-sauny-z-borovice\/","og_locale":"cs_CZ","og_type":"article","og_title":"ELIGA d\u0159ev\u011bn\u00e1 nab\u011bra\u010dka do sauny z borovice - Anders &amp; Kafka E-SHOP","og_description":"D\u0159ev\u011bn\u00e1 nab\u011bra\u010dka do sauny ru\u010dn\u011b vyroben\u00e1 z borovice, d\u00e9lka 40 cm. S praktick\u00fdm poutkem na zav\u011b\u0161en\u00ed.  N\u011bmeck\u00e1 spole\u010dnost ELIGA Saunatechnik GmbH je specialistou na saunovou techniku &amp; wellness s mnohalet\u00fdmi zku\u0161enostmi a know-how s v\u00fdrobou saunov\u00fdch dopl\u0148k\u016f a technologi\u00ed.","og_url":"https:\/\/anderskafka.cz\/eshop\/produkt\/eliga-drevena-naberacka-do-sauny-z-borovice\/","og_site_name":"Anders &amp; Kafka E-SHOP","article_modified_time":"2026-03-24T16:43:17+00:00","twitter_card":"summary_large_image","twitter_image":"https:\/\/anderskafka.cz\/eshop\/wp-content\/uploads\/sites\/3\/2023\/03\/ELIGA_naberackaborovice_AndersKafka.webp","twitter_misc":{"Odhadovan\u00e1 doba \u010dten\u00ed":"1 minuta"},"schema":{"@context":"https:\/\/schema.org","@graph":[{"@type":"WebSite","@id":"https:\/\/anderskafka.cz\/eshop\/#website","url":"https:\/\/anderskafka.cz\/eshop\/","name":"Anders &amp; Kafka E-SHOP","description":"Anders &amp; Kafka E-SHOP","potentialAction":[{"@type":"SearchAction","target":{"@type":"EntryPoint","urlTemplate":"https:\/\/anderskafka.cz\/eshop\/?s={search_term_string}"},"query-input":"required name=search_term_string"}],"inLanguage":"cs"},{"@type":"ImageObject","@id":"https:\/\/anderskafka.cz\/eshop\/produkt\/eliga-drevena-naberacka-do-sauny-z-borovice\/#primaryimage","inLanguage":"cs","url":"https:\/\/anderskafka.cz\/eshop\/wp-content\/uploads\/sites\/3\/2023\/03\/ELIGA_naberackaborovice_AndersKafka.webp","contentUrl":"https:\/\/anderskafka.cz\/eshop\/wp-content\/uploads\/sites\/3\/2023\/03\/ELIGA_naberackaborovice_AndersKafka.webp","width":1500,"height":1500},{"@type":"WebPage","@id":"https:\/\/anderskafka.cz\/eshop\/produkt\/eliga-drevena-naberacka-do-sauny-z-borovice\/#webpage","url":"https:\/\/anderskafka.cz\/eshop\/produkt\/eliga-drevena-naberacka-do-sauny-z-borovice\/","name":"ELIGA d\u0159ev\u011bn\u00e1 nab\u011bra\u010dka do sauny z borovice - Anders &amp; Kafka E-SHOP","isPartOf":{"@id":"https:\/\/anderskafka.cz\/eshop\/#website"},"primaryImageOfPage":{"@id":"https:\/\/anderskafka.cz\/eshop\/produkt\/eliga-drevena-naberacka-do-sauny-z-borovice\/#primaryimage"},"datePublished":"2023-03-17T15:19:14+00:00","dateModified":"2026-03-24T16:43:17+00:00","description":"D\u0159ev\u011bn\u00e1 nab\u011bra\u010dka do sauny ru\u010dn\u011b vyroben\u00e1 z borovice, d\u00e9lka 40 cm. S praktick\u00fdm poutkem na zav\u011b\u0161en\u00ed. N\u011bmeck\u00e1 spole\u010dnost ELIGA Saunatechnik GmbH je specialistou na saunovou techniku &amp; wellness s mnohalet\u00fdmi zku\u0161enostmi a know-how s v\u00fdrobou saunov\u00fdch dopl\u0148k\u016f a technologi\u00ed.","breadcrumb":{"@id":"https:\/\/anderskafka.cz\/eshop\/produkt\/eliga-drevena-naberacka-do-sauny-z-borovice\/#breadcrumb"},"inLanguage":"cs","potentialAction":[{"@type":"ReadAction","target":["https:\/\/anderskafka.cz\/eshop\/produkt\/eliga-drevena-naberacka-do-sauny-z-borovice\/"]}]},{"@type":"BreadcrumbList","@id":"https:\/\/anderskafka.cz\/eshop\/produkt\/eliga-drevena-naberacka-do-sauny-z-borovice\/#breadcrumb","itemListElement":[{"@type":"ListItem","position":1,"name":"Obchod","item":"https:\/\/anderskafka.cz\/eshop\/obchod\/"},{"@type":"ListItem","position":2,"name":"ELIGA d\u0159ev\u011bn\u00e1 nab\u011bra\u010dka do sauny z borovice"}]}]}},"locations":[],"_links":{"self":[{"href":"https:\/\/anderskafka.cz\/eshop\/wp-json\/wp\/v2\/product\/2342"}],"collection":[{"href":"https:\/\/anderskafka.cz\/eshop\/wp-json\/wp\/v2\/product"}],"about":[{"href":"https:\/\/anderskafka.cz\/eshop\/wp-json\/wp\/v2\/types\/product"}],"replies":[{"embeddable":true,"href":"https:\/\/anderskafka.cz\/eshop\/wp-json\/wp\/v2\/comments?post=2342"}],"wp:featuredmedia":[{"embeddable":true,"href":"https:\/\/anderskafka.cz\/eshop\/wp-json\/wp\/v2\/media\/11547"}],"wp:attachment":[{"href":"https:\/\/anderskafka.cz\/eshop\/wp-json\/wp\/v2\/media?parent=2342"}],"wp:term":[{"taxonomy":"location","embeddable":true,"href":"https:\/\/anderskafka.cz\/eshop\/wp-json\/wp\/v2\/location?post=2342"},{"taxonomy":"product_cat","embeddable":true,"href":"https:\/\/anderskafka.cz\/eshop\/wp-json\/wp\/v2\/product_cat?post=2342"},{"taxonomy":"product_tag","embeddable":true,"href":"https:\/\/anderskafka.cz\/eshop\/wp-json\/wp\/v2\/product_tag?post=2342"}],"curies":[{"name":"wp","href":"https:\/\/api.w.org\/{rel}","templated":true}]}}