{"id":2379,"date":"2023-03-21T12:11:04","date_gmt":"2023-03-21T11:11:04","guid":{"rendered":"https:\/\/anderskafka.cz\/eshop\/?post_type=product&#038;p=2379"},"modified":"2026-03-02T06:26:58","modified_gmt":"2026-03-02T05:26:58","slug":"4living-saunova-cepice","status":"publish","type":"product","link":"https:\/\/anderskafka.cz\/eshop\/produkt\/4living-saunova-cepice\/","title":{"rendered":"4LIVING saunov\u00e1 \u010depice, b\u00edl\u00e1"},"content":{"rendered":"<p>Tradi\u010dn\u00ed plst\u011bn\u00e1 saunov\u00e1 \u010depice chr\u00e1n\u00ed vlasy a poko\u017eku hlavy p\u0159ed horkem ze sauny. Saunov\u00e1 \u010depice m\u00e1 praktick\u00e9 poutko na pov\u011b\u0161en\u00ed.<br \/>\nRu\u010dn\u00ed pran\u00ed.<\/p>\n<p>&nbsp;<\/p>\n<p>&nbsp;<\/p>\n","protected":false},"excerpt":{"rendered":"<p>Tradi\u010dn\u00ed plst\u011bn\u00e1 saunov\u00e1 \u010depice chr\u00e1n\u00ed vlasy a poko\u017eku hlavy p\u0159ed horkem ze sauny. Tato saunov\u00e1 \u010depice perfektn\u011b sedne na ka\u017edou hlavu.<br \/>\n4Living nab\u00edz\u00ed finsk\u00e9 kvalitn\u00ed v\u00fdrobky nejen do sauny.<\/p>\n<p><img loading=\"lazy\" class=\"size-medium wp-image-2104 aligncenter\" src=\"https:\/\/anderskafka.cz\/eshop\/wp-content\/uploads\/sites\/3\/2023\/03\/design-from-finland-300x200.png\" alt=\"\" width=\"300\" height=\"200\" srcset=\"https:\/\/anderskafka.cz\/eshop\/wp-content\/uploads\/sites\/3\/2023\/03\/design-from-finland-300x200.png 300w, https:\/\/anderskafka.cz\/eshop\/wp-content\/uploads\/sites\/3\/2023\/03\/design-from-finland-1024x682.png 1024w, https:\/\/anderskafka.cz\/eshop\/wp-content\/uploads\/sites\/3\/2023\/03\/design-from-finland-768x512.png 768w, https:\/\/anderskafka.cz\/eshop\/wp-content\/uploads\/sites\/3\/2023\/03\/design-from-finland-700x467.png 700w, https:\/\/anderskafka.cz\/eshop\/wp-content\/uploads\/sites\/3\/2023\/03\/design-from-finland-64x43.png 64w, https:\/\/anderskafka.cz\/eshop\/wp-content\/uploads\/sites\/3\/2023\/03\/design-from-finland.png 1400w\" sizes=\"(max-width: 300px) 100vw, 300px\" \/><\/p>\n","protected":false},"featured_media":2381,"comment_status":"open","ping_status":"closed","template":"","meta":{"site-sidebar-layout":"default","site-content-layout":"default","ast-main-header-display":"","ast-hfb-above-header-display":"","ast-hfb-below-header-display":"","ast-hfb-mobile-header-display":"","site-post-title":"","ast-breadcrumbs-content":"","ast-featured-img":"","footer-sml-layout":"","theme-transparent-header-meta":"","adv-header-id-meta":"","stick-header-meta":"","header-above-stick-meta":"","header-main-stick-meta":"","header-below-stick-meta":""},"location":[],"product_cat":[34],"product_tag":[761],"yoast_head":"<!-- This site is optimized with the Yoast SEO plugin v18.5.1 - https:\/\/yoast.com\/wordpress\/plugins\/seo\/ -->\n<title>4LIVING saunov\u00e1 \u010depice, b\u00edl\u00e1 - Anders &amp; Kafka E-SHOP<\/title>\n<meta name=\"description\" content=\"Tradi\u010dn\u00ed plst\u011bn\u00e1 saunov\u00e1 \u010depice chr\u00e1n\u00ed vlasy a poko\u017eku hlavy p\u0159ed horkem ze sauny. Tato saunov\u00e1 \u010depice perfektn\u011b sedne na ka\u017edou hlavu. 4Living nab\u00edz\u00ed finsk\u00e9 kvalitn\u00ed v\u00fdrobky nejen do sauny.\" \/>\n<meta name=\"robots\" content=\"index, follow, max-snippet:-1, max-image-preview:large, max-video-preview:-1\" \/>\n<link rel=\"canonical\" href=\"https:\/\/anderskafka.cz\/eshop\/produkt\/4living-saunova-cepice\/\" \/>\n<meta property=\"og:locale\" content=\"cs_CZ\" \/>\n<meta property=\"og:type\" content=\"article\" \/>\n<meta property=\"og:title\" content=\"4LIVING saunov\u00e1 \u010depice, b\u00edl\u00e1 - Anders &amp; Kafka E-SHOP\" \/>\n<meta property=\"og:description\" content=\"Tradi\u010dn\u00ed plst\u011bn\u00e1 saunov\u00e1 \u010depice chr\u00e1n\u00ed vlasy a poko\u017eku hlavy p\u0159ed horkem ze sauny. Tato saunov\u00e1 \u010depice perfektn\u011b sedne na ka\u017edou hlavu. 4Living nab\u00edz\u00ed finsk\u00e9 kvalitn\u00ed v\u00fdrobky nejen do sauny.\" \/>\n<meta property=\"og:url\" content=\"https:\/\/anderskafka.cz\/eshop\/produkt\/4living-saunova-cepice\/\" \/>\n<meta property=\"og:site_name\" content=\"Anders &amp; Kafka E-SHOP\" \/>\n<meta property=\"article:modified_time\" content=\"2026-03-02T05:26:58+00:00\" \/>\n<meta property=\"og:image\" content=\"https:\/\/anderskafka.cz\/eshop\/wp-content\/uploads\/sites\/3\/2023\/03\/aeed78fcc64816ef39a9d0e6da821c91aa65794a1011dc902c0998905c2b7f26.jpg\" \/>\n\t<meta property=\"og:image:width\" content=\"1000\" \/>\n\t<meta property=\"og:image:height\" content=\"667\" \/>\n\t<meta property=\"og:image:type\" content=\"image\/jpeg\" \/>\n<meta name=\"twitter:card\" content=\"summary_large_image\" \/>\n<meta name=\"twitter:label1\" content=\"Odhadovan\u00e1 doba \u010dten\u00ed\" \/>\n\t<meta name=\"twitter:data1\" content=\"1 minuta\" \/>\n<script type=\"application\/ld+json\" class=\"yoast-schema-graph\">{\"@context\":\"https:\/\/schema.org\",\"@graph\":[{\"@type\":\"WebSite\",\"@id\":\"https:\/\/anderskafka.cz\/eshop\/#website\",\"url\":\"https:\/\/anderskafka.cz\/eshop\/\",\"name\":\"Anders &amp; Kafka E-SHOP\",\"description\":\"Anders &amp; Kafka E-SHOP\",\"potentialAction\":[{\"@type\":\"SearchAction\",\"target\":{\"@type\":\"EntryPoint\",\"urlTemplate\":\"https:\/\/anderskafka.cz\/eshop\/?s={search_term_string}\"},\"query-input\":\"required name=search_term_string\"}],\"inLanguage\":\"cs\"},{\"@type\":\"ImageObject\",\"@id\":\"https:\/\/anderskafka.cz\/eshop\/produkt\/4living-saunova-cepice\/#primaryimage\",\"inLanguage\":\"cs\",\"url\":\"https:\/\/anderskafka.cz\/eshop\/wp-content\/uploads\/sites\/3\/2023\/03\/aeed78fcc64816ef39a9d0e6da821c91aa65794a1011dc902c0998905c2b7f26.jpg\",\"contentUrl\":\"https:\/\/anderskafka.cz\/eshop\/wp-content\/uploads\/sites\/3\/2023\/03\/aeed78fcc64816ef39a9d0e6da821c91aa65794a1011dc902c0998905c2b7f26.jpg\",\"width\":1000,\"height\":667},{\"@type\":\"WebPage\",\"@id\":\"https:\/\/anderskafka.cz\/eshop\/produkt\/4living-saunova-cepice\/#webpage\",\"url\":\"https:\/\/anderskafka.cz\/eshop\/produkt\/4living-saunova-cepice\/\",\"name\":\"4LIVING saunov\u00e1 \u010depice, b\u00edl\u00e1 - Anders &amp; Kafka E-SHOP\",\"isPartOf\":{\"@id\":\"https:\/\/anderskafka.cz\/eshop\/#website\"},\"primaryImageOfPage\":{\"@id\":\"https:\/\/anderskafka.cz\/eshop\/produkt\/4living-saunova-cepice\/#primaryimage\"},\"datePublished\":\"2023-03-21T11:11:04+00:00\",\"dateModified\":\"2026-03-02T05:26:58+00:00\",\"description\":\"Tradi\u010dn\u00ed plst\u011bn\u00e1 saunov\u00e1 \u010depice chr\u00e1n\u00ed vlasy a poko\u017eku hlavy p\u0159ed horkem ze sauny. Tato saunov\u00e1 \u010depice perfektn\u011b sedne na ka\u017edou hlavu. 4Living nab\u00edz\u00ed finsk\u00e9 kvalitn\u00ed v\u00fdrobky nejen do sauny.\",\"breadcrumb\":{\"@id\":\"https:\/\/anderskafka.cz\/eshop\/produkt\/4living-saunova-cepice\/#breadcrumb\"},\"inLanguage\":\"cs\",\"potentialAction\":[{\"@type\":\"ReadAction\",\"target\":[\"https:\/\/anderskafka.cz\/eshop\/produkt\/4living-saunova-cepice\/\"]}]},{\"@type\":\"BreadcrumbList\",\"@id\":\"https:\/\/anderskafka.cz\/eshop\/produkt\/4living-saunova-cepice\/#breadcrumb\",\"itemListElement\":[{\"@type\":\"ListItem\",\"position\":1,\"name\":\"Obchod\",\"item\":\"https:\/\/anderskafka.cz\/eshop\/obchod\/\"},{\"@type\":\"ListItem\",\"position\":2,\"name\":\"4LIVING saunov\u00e1 \u010depice, b\u00edl\u00e1\"}]}]}<\/script>\n<!-- \/ Yoast SEO plugin. -->","yoast_head_json":{"title":"4LIVING saunov\u00e1 \u010depice, b\u00edl\u00e1 - Anders &amp; Kafka E-SHOP","description":"Tradi\u010dn\u00ed plst\u011bn\u00e1 saunov\u00e1 \u010depice chr\u00e1n\u00ed vlasy a poko\u017eku hlavy p\u0159ed horkem ze sauny. Tato saunov\u00e1 \u010depice perfektn\u011b sedne na ka\u017edou hlavu. 4Living nab\u00edz\u00ed finsk\u00e9 kvalitn\u00ed v\u00fdrobky nejen do sauny.","robots":{"index":"index","follow":"follow","max-snippet":"max-snippet:-1","max-image-preview":"max-image-preview:large","max-video-preview":"max-video-preview:-1"},"canonical":"https:\/\/anderskafka.cz\/eshop\/produkt\/4living-saunova-cepice\/","og_locale":"cs_CZ","og_type":"article","og_title":"4LIVING saunov\u00e1 \u010depice, b\u00edl\u00e1 - Anders &amp; Kafka E-SHOP","og_description":"Tradi\u010dn\u00ed plst\u011bn\u00e1 saunov\u00e1 \u010depice chr\u00e1n\u00ed vlasy a poko\u017eku hlavy p\u0159ed horkem ze sauny. Tato saunov\u00e1 \u010depice perfektn\u011b sedne na ka\u017edou hlavu. 4Living nab\u00edz\u00ed finsk\u00e9 kvalitn\u00ed v\u00fdrobky nejen do sauny.","og_url":"https:\/\/anderskafka.cz\/eshop\/produkt\/4living-saunova-cepice\/","og_site_name":"Anders &amp; Kafka E-SHOP","article_modified_time":"2026-03-02T05:26:58+00:00","og_image":[{"width":1000,"height":667,"url":"https:\/\/anderskafka.cz\/eshop\/wp-content\/uploads\/sites\/3\/2023\/03\/aeed78fcc64816ef39a9d0e6da821c91aa65794a1011dc902c0998905c2b7f26.jpg","type":"image\/jpeg"}],"twitter_card":"summary_large_image","twitter_misc":{"Odhadovan\u00e1 doba \u010dten\u00ed":"1 minuta"},"schema":{"@context":"https:\/\/schema.org","@graph":[{"@type":"WebSite","@id":"https:\/\/anderskafka.cz\/eshop\/#website","url":"https:\/\/anderskafka.cz\/eshop\/","name":"Anders &amp; Kafka E-SHOP","description":"Anders &amp; Kafka E-SHOP","potentialAction":[{"@type":"SearchAction","target":{"@type":"EntryPoint","urlTemplate":"https:\/\/anderskafka.cz\/eshop\/?s={search_term_string}"},"query-input":"required name=search_term_string"}],"inLanguage":"cs"},{"@type":"ImageObject","@id":"https:\/\/anderskafka.cz\/eshop\/produkt\/4living-saunova-cepice\/#primaryimage","inLanguage":"cs","url":"https:\/\/anderskafka.cz\/eshop\/wp-content\/uploads\/sites\/3\/2023\/03\/aeed78fcc64816ef39a9d0e6da821c91aa65794a1011dc902c0998905c2b7f26.jpg","contentUrl":"https:\/\/anderskafka.cz\/eshop\/wp-content\/uploads\/sites\/3\/2023\/03\/aeed78fcc64816ef39a9d0e6da821c91aa65794a1011dc902c0998905c2b7f26.jpg","width":1000,"height":667},{"@type":"WebPage","@id":"https:\/\/anderskafka.cz\/eshop\/produkt\/4living-saunova-cepice\/#webpage","url":"https:\/\/anderskafka.cz\/eshop\/produkt\/4living-saunova-cepice\/","name":"4LIVING saunov\u00e1 \u010depice, b\u00edl\u00e1 - Anders &amp; Kafka E-SHOP","isPartOf":{"@id":"https:\/\/anderskafka.cz\/eshop\/#website"},"primaryImageOfPage":{"@id":"https:\/\/anderskafka.cz\/eshop\/produkt\/4living-saunova-cepice\/#primaryimage"},"datePublished":"2023-03-21T11:11:04+00:00","dateModified":"2026-03-02T05:26:58+00:00","description":"Tradi\u010dn\u00ed plst\u011bn\u00e1 saunov\u00e1 \u010depice chr\u00e1n\u00ed vlasy a poko\u017eku hlavy p\u0159ed horkem ze sauny. Tato saunov\u00e1 \u010depice perfektn\u011b sedne na ka\u017edou hlavu. 4Living nab\u00edz\u00ed finsk\u00e9 kvalitn\u00ed v\u00fdrobky nejen do sauny.","breadcrumb":{"@id":"https:\/\/anderskafka.cz\/eshop\/produkt\/4living-saunova-cepice\/#breadcrumb"},"inLanguage":"cs","potentialAction":[{"@type":"ReadAction","target":["https:\/\/anderskafka.cz\/eshop\/produkt\/4living-saunova-cepice\/"]}]},{"@type":"BreadcrumbList","@id":"https:\/\/anderskafka.cz\/eshop\/produkt\/4living-saunova-cepice\/#breadcrumb","itemListElement":[{"@type":"ListItem","position":1,"name":"Obchod","item":"https:\/\/anderskafka.cz\/eshop\/obchod\/"},{"@type":"ListItem","position":2,"name":"4LIVING saunov\u00e1 \u010depice, b\u00edl\u00e1"}]}]}},"locations":[],"_links":{"self":[{"href":"https:\/\/anderskafka.cz\/eshop\/wp-json\/wp\/v2\/product\/2379"}],"collection":[{"href":"https:\/\/anderskafka.cz\/eshop\/wp-json\/wp\/v2\/product"}],"about":[{"href":"https:\/\/anderskafka.cz\/eshop\/wp-json\/wp\/v2\/types\/product"}],"replies":[{"embeddable":true,"href":"https:\/\/anderskafka.cz\/eshop\/wp-json\/wp\/v2\/comments?post=2379"}],"wp:featuredmedia":[{"embeddable":true,"href":"https:\/\/anderskafka.cz\/eshop\/wp-json\/wp\/v2\/media\/2381"}],"wp:attachment":[{"href":"https:\/\/anderskafka.cz\/eshop\/wp-json\/wp\/v2\/media?parent=2379"}],"wp:term":[{"taxonomy":"location","embeddable":true,"href":"https:\/\/anderskafka.cz\/eshop\/wp-json\/wp\/v2\/location?post=2379"},{"taxonomy":"product_cat","embeddable":true,"href":"https:\/\/anderskafka.cz\/eshop\/wp-json\/wp\/v2\/product_cat?post=2379"},{"taxonomy":"product_tag","embeddable":true,"href":"https:\/\/anderskafka.cz\/eshop\/wp-json\/wp\/v2\/product_tag?post=2379"}],"curies":[{"name":"wp","href":"https:\/\/api.w.org\/{rel}","templated":true}]}}