{"id":2440,"date":"2023-03-23T20:46:33","date_gmt":"2023-03-23T19:46:33","guid":{"rendered":"https:\/\/anderskafka.cz\/eshop\/?post_type=product&#038;p=2440"},"modified":"2026-01-27T09:26:42","modified_gmt":"2026-01-27T08:26:42","slug":"rento-darkova-sada-s-prirodni-vuni-boruvky","status":"publish","type":"product","link":"https:\/\/anderskafka.cz\/eshop\/produkt\/rento-darkova-sada-s-prirodni-vuni-boruvky\/","title":{"rendered":"RENTO d\u00e1rkov\u00e1 sada s p\u0159\u00edrodn\u00ed v\u016fn\u00ed bor\u016fvky"},"content":{"rendered":"<p>\u00da\u017easn\u00e1 d\u00e1rkov\u00e1 sada pro p\u0159\u00edjemn\u00e9 chv\u00edle v saun\u011b s jemnou v\u016fn\u00ed bor\u016fvky. Sada obsahuje sprchov\u00fd gel 400 ml a medov\u00fd kr\u00e9m do sauny 150 ml. Skv\u011bl\u00fd d\u00e1rek pro v\u0161echny milovn\u00edky saunov\u00e1n\u00ed.<br \/>\nRozm\u011bry d\u00e1rkov\u00e9 krabi\u010dky jsou 25 x 19 x 7 cm.<\/p>\n<p>Finsk\u00e1 kvalita.<\/p>\n","protected":false},"excerpt":{"rendered":"<p>\u00da\u017easn\u00e1 d\u00e1rkov\u00e1 sada pro p\u0159\u00edjemn\u00e9 chv\u00edle v saun\u011b s jemnou v\u016fn\u00ed bor\u016fvky. Sada obsahuje sprchov\u00fd gel 400 ml a medov\u00fd kr\u00e9m do sauny 150 ml.<br \/>\nInspirov\u00e1no p\u0159\u00edrodou. Navr\u017eeno a vyrobeno ve Finsku, specialistou na saunov\u00e9 dopl\u0148ky spole\u010dnost\u00ed RENTO. Relaxujte a u\u017e\u00edvejte si harmonii z autentick\u00e9ho z\u00e1\u017eitku finsk\u00e9 sauny.<\/p>\n<div style=\"text-align: center;\">\n<p><img loading=\"lazy\" class=\"wp-image-1579\" style=\"margin-right: 25px;\" src=\"https:\/\/anderskafka.cz\/eshop\/wp-content\/uploads\/sites\/3\/2022\/12\/MADEINFINNLAND-300x246.jpg\" alt=\"\" width=\"205\" height=\"168\" srcset=\"https:\/\/anderskafka.cz\/eshop\/wp-content\/uploads\/sites\/3\/2022\/12\/MADEINFINNLAND-300x246.jpg 300w, https:\/\/anderskafka.cz\/eshop\/wp-content\/uploads\/sites\/3\/2022\/12\/MADEINFINNLAND-64x52.jpg 64w, https:\/\/anderskafka.cz\/eshop\/wp-content\/uploads\/sites\/3\/2022\/12\/MADEINFINNLAND.jpg 500w\" sizes=\"(max-width: 205px) 100vw, 205px\" \/><img loading=\"lazy\" class=\"wp-image-135 \" src=\"https:\/\/anderskafka.cz\/eshop\/wp-content\/uploads\/sites\/3\/2022\/06\/DesignFromFinland_web-1-300x300.png\" alt=\"\" width=\"178\" height=\"178\" \/><\/p>\n<\/div>\n","protected":false},"featured_media":2441,"comment_status":"open","ping_status":"closed","template":"","meta":{"site-sidebar-layout":"default","site-content-layout":"default","ast-main-header-display":"","ast-hfb-above-header-display":"","ast-hfb-below-header-display":"","ast-hfb-mobile-header-display":"","site-post-title":"","ast-breadcrumbs-content":"","ast-featured-img":"","footer-sml-layout":"","theme-transparent-header-meta":"","adv-header-id-meta":"","stick-header-meta":"","header-above-stick-meta":"","header-main-stick-meta":"","header-below-stick-meta":""},"location":[],"product_cat":[1673,755,107,109,1640],"product_tag":[103],"yoast_head":"<!-- This site is optimized with the Yoast SEO plugin v18.5.1 - https:\/\/yoast.com\/wordpress\/plugins\/seo\/ -->\n<title>RENTO d\u00e1rkov\u00e1 sada s p\u0159\u00edrodn\u00ed v\u016fn\u00ed bor\u016fvky - Anders &amp; Kafka E-SHOP<\/title>\n<meta name=\"description\" content=\"\u00da\u017easn\u00e1 d\u00e1rkov\u00e1 sada pro p\u0159\u00edjemn\u00e9 chv\u00edle v saun\u011b s jemnou v\u016fn\u00ed bor\u016fvky. Sada obsahuje sprchov\u00fd gel 400 ml a medov\u00fd kr\u00e9m do sauny 150 ml. Inspirov\u00e1no p\u0159\u00edrodou. Navr\u017eeno a vyrobeno ve Finsku, specialistou na saunov\u00e9 dopl\u0148ky spole\u010dnost\u00ed RENTO. Relaxujte a u\u017e\u00edvejte si harmonii z autentick\u00e9ho z\u00e1\u017eitku finsk\u00e9 sauny.\" \/>\n<meta name=\"robots\" content=\"index, follow, max-snippet:-1, max-image-preview:large, max-video-preview:-1\" \/>\n<link rel=\"canonical\" href=\"https:\/\/anderskafka.cz\/eshop\/produkt\/rento-darkova-sada-s-prirodni-vuni-boruvky\/\" \/>\n<meta property=\"og:locale\" content=\"cs_CZ\" \/>\n<meta property=\"og:type\" content=\"article\" \/>\n<meta property=\"og:title\" content=\"RENTO d\u00e1rkov\u00e1 sada s p\u0159\u00edrodn\u00ed v\u016fn\u00ed bor\u016fvky - Anders &amp; Kafka E-SHOP\" \/>\n<meta property=\"og:description\" content=\"\u00da\u017easn\u00e1 d\u00e1rkov\u00e1 sada pro p\u0159\u00edjemn\u00e9 chv\u00edle v saun\u011b s jemnou v\u016fn\u00ed bor\u016fvky. Sada obsahuje sprchov\u00fd gel 400 ml a medov\u00fd kr\u00e9m do sauny 150 ml. Inspirov\u00e1no p\u0159\u00edrodou. Navr\u017eeno a vyrobeno ve Finsku, specialistou na saunov\u00e9 dopl\u0148ky spole\u010dnost\u00ed RENTO. Relaxujte a u\u017e\u00edvejte si harmonii z autentick\u00e9ho z\u00e1\u017eitku finsk\u00e9 sauny.\" \/>\n<meta property=\"og:url\" content=\"https:\/\/anderskafka.cz\/eshop\/produkt\/rento-darkova-sada-s-prirodni-vuni-boruvky\/\" \/>\n<meta property=\"og:site_name\" content=\"Anders &amp; Kafka E-SHOP\" \/>\n<meta property=\"article:modified_time\" content=\"2026-01-27T08:26:42+00:00\" \/>\n<meta property=\"og:image\" content=\"https:\/\/anderskafka.cz\/eshop\/wp-content\/uploads\/sites\/3\/2023\/03\/322510_2.jpg\" \/>\n\t<meta property=\"og:image:width\" content=\"1450\" \/>\n\t<meta property=\"og:image:height\" content=\"967\" \/>\n\t<meta property=\"og:image:type\" content=\"image\/jpeg\" \/>\n<meta name=\"twitter:card\" content=\"summary_large_image\" \/>\n<meta name=\"twitter:label1\" content=\"Odhadovan\u00e1 doba \u010dten\u00ed\" \/>\n\t<meta name=\"twitter:data1\" content=\"1 minuta\" \/>\n<script type=\"application\/ld+json\" class=\"yoast-schema-graph\">{\"@context\":\"https:\/\/schema.org\",\"@graph\":[{\"@type\":\"WebSite\",\"@id\":\"https:\/\/anderskafka.cz\/eshop\/#website\",\"url\":\"https:\/\/anderskafka.cz\/eshop\/\",\"name\":\"Anders &amp; Kafka E-SHOP\",\"description\":\"Anders &amp; Kafka E-SHOP\",\"potentialAction\":[{\"@type\":\"SearchAction\",\"target\":{\"@type\":\"EntryPoint\",\"urlTemplate\":\"https:\/\/anderskafka.cz\/eshop\/?s={search_term_string}\"},\"query-input\":\"required name=search_term_string\"}],\"inLanguage\":\"cs\"},{\"@type\":\"ImageObject\",\"@id\":\"https:\/\/anderskafka.cz\/eshop\/produkt\/rento-darkova-sada-s-prirodni-vuni-boruvky\/#primaryimage\",\"inLanguage\":\"cs\",\"url\":\"https:\/\/anderskafka.cz\/eshop\/wp-content\/uploads\/sites\/3\/2023\/03\/322510_2.jpg\",\"contentUrl\":\"https:\/\/anderskafka.cz\/eshop\/wp-content\/uploads\/sites\/3\/2023\/03\/322510_2.jpg\",\"width\":1450,\"height\":967},{\"@type\":\"WebPage\",\"@id\":\"https:\/\/anderskafka.cz\/eshop\/produkt\/rento-darkova-sada-s-prirodni-vuni-boruvky\/#webpage\",\"url\":\"https:\/\/anderskafka.cz\/eshop\/produkt\/rento-darkova-sada-s-prirodni-vuni-boruvky\/\",\"name\":\"RENTO d\u00e1rkov\u00e1 sada s p\u0159\u00edrodn\u00ed v\u016fn\u00ed bor\u016fvky - Anders &amp; Kafka E-SHOP\",\"isPartOf\":{\"@id\":\"https:\/\/anderskafka.cz\/eshop\/#website\"},\"primaryImageOfPage\":{\"@id\":\"https:\/\/anderskafka.cz\/eshop\/produkt\/rento-darkova-sada-s-prirodni-vuni-boruvky\/#primaryimage\"},\"datePublished\":\"2023-03-23T19:46:33+00:00\",\"dateModified\":\"2026-01-27T08:26:42+00:00\",\"description\":\"\u00da\u017easn\u00e1 d\u00e1rkov\u00e1 sada pro p\u0159\u00edjemn\u00e9 chv\u00edle v saun\u011b s jemnou v\u016fn\u00ed bor\u016fvky. Sada obsahuje sprchov\u00fd gel 400 ml a medov\u00fd kr\u00e9m do sauny 150 ml. Inspirov\u00e1no p\u0159\u00edrodou. Navr\u017eeno a vyrobeno ve Finsku, specialistou na saunov\u00e9 dopl\u0148ky spole\u010dnost\u00ed RENTO. Relaxujte a u\u017e\u00edvejte si harmonii z autentick\u00e9ho z\u00e1\u017eitku finsk\u00e9 sauny.\",\"breadcrumb\":{\"@id\":\"https:\/\/anderskafka.cz\/eshop\/produkt\/rento-darkova-sada-s-prirodni-vuni-boruvky\/#breadcrumb\"},\"inLanguage\":\"cs\",\"potentialAction\":[{\"@type\":\"ReadAction\",\"target\":[\"https:\/\/anderskafka.cz\/eshop\/produkt\/rento-darkova-sada-s-prirodni-vuni-boruvky\/\"]}]},{\"@type\":\"BreadcrumbList\",\"@id\":\"https:\/\/anderskafka.cz\/eshop\/produkt\/rento-darkova-sada-s-prirodni-vuni-boruvky\/#breadcrumb\",\"itemListElement\":[{\"@type\":\"ListItem\",\"position\":1,\"name\":\"Obchod\",\"item\":\"https:\/\/anderskafka.cz\/eshop\/obchod\/\"},{\"@type\":\"ListItem\",\"position\":2,\"name\":\"RENTO d\u00e1rkov\u00e1 sada s p\u0159\u00edrodn\u00ed v\u016fn\u00ed bor\u016fvky\"}]}]}<\/script>\n<!-- \/ Yoast SEO plugin. -->","yoast_head_json":{"title":"RENTO d\u00e1rkov\u00e1 sada s p\u0159\u00edrodn\u00ed v\u016fn\u00ed bor\u016fvky - Anders &amp; Kafka E-SHOP","description":"\u00da\u017easn\u00e1 d\u00e1rkov\u00e1 sada pro p\u0159\u00edjemn\u00e9 chv\u00edle v saun\u011b s jemnou v\u016fn\u00ed bor\u016fvky. Sada obsahuje sprchov\u00fd gel 400 ml a medov\u00fd kr\u00e9m do sauny 150 ml. Inspirov\u00e1no p\u0159\u00edrodou. Navr\u017eeno a vyrobeno ve Finsku, specialistou na saunov\u00e9 dopl\u0148ky spole\u010dnost\u00ed RENTO. Relaxujte a u\u017e\u00edvejte si harmonii z autentick\u00e9ho z\u00e1\u017eitku finsk\u00e9 sauny.","robots":{"index":"index","follow":"follow","max-snippet":"max-snippet:-1","max-image-preview":"max-image-preview:large","max-video-preview":"max-video-preview:-1"},"canonical":"https:\/\/anderskafka.cz\/eshop\/produkt\/rento-darkova-sada-s-prirodni-vuni-boruvky\/","og_locale":"cs_CZ","og_type":"article","og_title":"RENTO d\u00e1rkov\u00e1 sada s p\u0159\u00edrodn\u00ed v\u016fn\u00ed bor\u016fvky - Anders &amp; Kafka E-SHOP","og_description":"\u00da\u017easn\u00e1 d\u00e1rkov\u00e1 sada pro p\u0159\u00edjemn\u00e9 chv\u00edle v saun\u011b s jemnou v\u016fn\u00ed bor\u016fvky. Sada obsahuje sprchov\u00fd gel 400 ml a medov\u00fd kr\u00e9m do sauny 150 ml. Inspirov\u00e1no p\u0159\u00edrodou. Navr\u017eeno a vyrobeno ve Finsku, specialistou na saunov\u00e9 dopl\u0148ky spole\u010dnost\u00ed RENTO. Relaxujte a u\u017e\u00edvejte si harmonii z autentick\u00e9ho z\u00e1\u017eitku finsk\u00e9 sauny.","og_url":"https:\/\/anderskafka.cz\/eshop\/produkt\/rento-darkova-sada-s-prirodni-vuni-boruvky\/","og_site_name":"Anders &amp; Kafka E-SHOP","article_modified_time":"2026-01-27T08:26:42+00:00","og_image":[{"width":1450,"height":967,"url":"https:\/\/anderskafka.cz\/eshop\/wp-content\/uploads\/sites\/3\/2023\/03\/322510_2.jpg","type":"image\/jpeg"}],"twitter_card":"summary_large_image","twitter_misc":{"Odhadovan\u00e1 doba \u010dten\u00ed":"1 minuta"},"schema":{"@context":"https:\/\/schema.org","@graph":[{"@type":"WebSite","@id":"https:\/\/anderskafka.cz\/eshop\/#website","url":"https:\/\/anderskafka.cz\/eshop\/","name":"Anders &amp; Kafka E-SHOP","description":"Anders &amp; Kafka E-SHOP","potentialAction":[{"@type":"SearchAction","target":{"@type":"EntryPoint","urlTemplate":"https:\/\/anderskafka.cz\/eshop\/?s={search_term_string}"},"query-input":"required name=search_term_string"}],"inLanguage":"cs"},{"@type":"ImageObject","@id":"https:\/\/anderskafka.cz\/eshop\/produkt\/rento-darkova-sada-s-prirodni-vuni-boruvky\/#primaryimage","inLanguage":"cs","url":"https:\/\/anderskafka.cz\/eshop\/wp-content\/uploads\/sites\/3\/2023\/03\/322510_2.jpg","contentUrl":"https:\/\/anderskafka.cz\/eshop\/wp-content\/uploads\/sites\/3\/2023\/03\/322510_2.jpg","width":1450,"height":967},{"@type":"WebPage","@id":"https:\/\/anderskafka.cz\/eshop\/produkt\/rento-darkova-sada-s-prirodni-vuni-boruvky\/#webpage","url":"https:\/\/anderskafka.cz\/eshop\/produkt\/rento-darkova-sada-s-prirodni-vuni-boruvky\/","name":"RENTO d\u00e1rkov\u00e1 sada s p\u0159\u00edrodn\u00ed v\u016fn\u00ed bor\u016fvky - Anders &amp; Kafka E-SHOP","isPartOf":{"@id":"https:\/\/anderskafka.cz\/eshop\/#website"},"primaryImageOfPage":{"@id":"https:\/\/anderskafka.cz\/eshop\/produkt\/rento-darkova-sada-s-prirodni-vuni-boruvky\/#primaryimage"},"datePublished":"2023-03-23T19:46:33+00:00","dateModified":"2026-01-27T08:26:42+00:00","description":"\u00da\u017easn\u00e1 d\u00e1rkov\u00e1 sada pro p\u0159\u00edjemn\u00e9 chv\u00edle v saun\u011b s jemnou v\u016fn\u00ed bor\u016fvky. Sada obsahuje sprchov\u00fd gel 400 ml a medov\u00fd kr\u00e9m do sauny 150 ml. Inspirov\u00e1no p\u0159\u00edrodou. Navr\u017eeno a vyrobeno ve Finsku, specialistou na saunov\u00e9 dopl\u0148ky spole\u010dnost\u00ed RENTO. Relaxujte a u\u017e\u00edvejte si harmonii z autentick\u00e9ho z\u00e1\u017eitku finsk\u00e9 sauny.","breadcrumb":{"@id":"https:\/\/anderskafka.cz\/eshop\/produkt\/rento-darkova-sada-s-prirodni-vuni-boruvky\/#breadcrumb"},"inLanguage":"cs","potentialAction":[{"@type":"ReadAction","target":["https:\/\/anderskafka.cz\/eshop\/produkt\/rento-darkova-sada-s-prirodni-vuni-boruvky\/"]}]},{"@type":"BreadcrumbList","@id":"https:\/\/anderskafka.cz\/eshop\/produkt\/rento-darkova-sada-s-prirodni-vuni-boruvky\/#breadcrumb","itemListElement":[{"@type":"ListItem","position":1,"name":"Obchod","item":"https:\/\/anderskafka.cz\/eshop\/obchod\/"},{"@type":"ListItem","position":2,"name":"RENTO d\u00e1rkov\u00e1 sada s p\u0159\u00edrodn\u00ed v\u016fn\u00ed bor\u016fvky"}]}]}},"locations":[],"_links":{"self":[{"href":"https:\/\/anderskafka.cz\/eshop\/wp-json\/wp\/v2\/product\/2440"}],"collection":[{"href":"https:\/\/anderskafka.cz\/eshop\/wp-json\/wp\/v2\/product"}],"about":[{"href":"https:\/\/anderskafka.cz\/eshop\/wp-json\/wp\/v2\/types\/product"}],"replies":[{"embeddable":true,"href":"https:\/\/anderskafka.cz\/eshop\/wp-json\/wp\/v2\/comments?post=2440"}],"wp:featuredmedia":[{"embeddable":true,"href":"https:\/\/anderskafka.cz\/eshop\/wp-json\/wp\/v2\/media\/2441"}],"wp:attachment":[{"href":"https:\/\/anderskafka.cz\/eshop\/wp-json\/wp\/v2\/media?parent=2440"}],"wp:term":[{"taxonomy":"location","embeddable":true,"href":"https:\/\/anderskafka.cz\/eshop\/wp-json\/wp\/v2\/location?post=2440"},{"taxonomy":"product_cat","embeddable":true,"href":"https:\/\/anderskafka.cz\/eshop\/wp-json\/wp\/v2\/product_cat?post=2440"},{"taxonomy":"product_tag","embeddable":true,"href":"https:\/\/anderskafka.cz\/eshop\/wp-json\/wp\/v2\/product_tag?post=2440"}],"curies":[{"name":"wp","href":"https:\/\/api.w.org\/{rel}","templated":true}]}}