{"id":2468,"date":"2023-03-24T11:44:28","date_gmt":"2023-03-24T10:44:28","guid":{"rendered":"https:\/\/anderskafka.cz\/eshop\/?post_type=product&#038;p=2468"},"modified":"2026-03-26T11:19:32","modified_gmt":"2026-03-26T10:19:32","slug":"rento-prirodni-pemza-na-nohy","status":"publish","type":"product","link":"https:\/\/anderskafka.cz\/eshop\/produkt\/rento-prirodni-pemza-na-nohy\/","title":{"rendered":"RENTO p\u0159\u00edrodn\u00ed pemza na nohy"},"content":{"rendered":"<p>P\u0159\u00edrodn\u00ed pemza odstran\u00ed z Va\u0161ich nohou mozoly a suchou k\u016f\u017ei. Doporu\u010dujeme pou\u017e\u00edt spole\u010dn\u011b s m\u00e1tovou koupel\u00ed na nohy.<br \/>\nRozm\u011bry pemzy jsou cca 11 x 7 x 3 cm.<br \/>\nFoto je pouze ilustra\u010dn\u00ed, ka\u017ed\u00fd kus je origin\u00e1l.<\/p>\n<p>Finsk\u00e1 kvalita.<\/p>\n<p>&nbsp;<\/p>\n","protected":false},"excerpt":{"rendered":"<p>P\u0159\u00edrodn\u00ed pemza odstran\u00ed z nohou mozoly a suchou k\u016f\u017ei. Doporu\u010dujeme pou\u017e\u00edt spole\u010dn\u011b s m\u00e1tovou koupel\u00ed a zvl\u00e1\u010d\u0148uj\u00edc\u00edm kr\u00e9mem.<br \/>\nNavr\u017eeno ve Finsku, specialistou na saunov\u00e9 dopl\u0148ky spole\u010dnost\u00ed RENTO.<img loading=\"lazy\" class=\"wp-image-135 aligncenter\" src=\"https:\/\/anderskafka.cz\/eshop\/wp-content\/uploads\/sites\/3\/2022\/06\/DesignFromFinland_web-1-300x300.png\" alt=\"\" width=\"178\" height=\"178\" \/><\/p>\n","protected":false},"featured_media":2477,"comment_status":"open","ping_status":"closed","template":"","meta":{"site-sidebar-layout":"default","site-content-layout":"default","ast-main-header-display":"","ast-hfb-above-header-display":"","ast-hfb-below-header-display":"","ast-hfb-mobile-header-display":"","site-post-title":"","ast-breadcrumbs-content":"","ast-featured-img":"","footer-sml-layout":"","theme-transparent-header-meta":"","adv-header-id-meta":"","stick-header-meta":"","header-above-stick-meta":"","header-main-stick-meta":"","header-below-stick-meta":""},"location":[],"product_cat":[1640,135],"product_tag":[103],"yoast_head":"<!-- This site is optimized with the Yoast SEO plugin v18.5.1 - https:\/\/yoast.com\/wordpress\/plugins\/seo\/ -->\n<title>RENTO p\u0159\u00edrodn\u00ed pemza na nohy - Anders &amp; Kafka E-SHOP<\/title>\n<meta name=\"description\" content=\"P\u0159\u00edrodn\u00ed pemza odstran\u00ed z nohou mozoly a suchou k\u016f\u017ei. Doporu\u010dujeme pou\u017e\u00edt spole\u010dn\u011b s m\u00e1tovou koupel\u00ed a zvl\u00e1\u010d\u0148uj\u00edc\u00edm kr\u00e9mem. Navr\u017eeno ve Finsku, specialistou na saunov\u00e9 dopl\u0148ky spole\u010dnost\u00ed RENTO.\" \/>\n<meta name=\"robots\" content=\"index, follow, max-snippet:-1, max-image-preview:large, max-video-preview:-1\" \/>\n<link rel=\"canonical\" href=\"https:\/\/anderskafka.cz\/eshop\/produkt\/rento-prirodni-pemza-na-nohy\/\" \/>\n<meta property=\"og:locale\" content=\"cs_CZ\" \/>\n<meta property=\"og:type\" content=\"article\" \/>\n<meta property=\"og:title\" content=\"RENTO p\u0159\u00edrodn\u00ed pemza na nohy - Anders &amp; Kafka E-SHOP\" \/>\n<meta property=\"og:description\" content=\"P\u0159\u00edrodn\u00ed pemza odstran\u00ed z nohou mozoly a suchou k\u016f\u017ei. Doporu\u010dujeme pou\u017e\u00edt spole\u010dn\u011b s m\u00e1tovou koupel\u00ed a zvl\u00e1\u010d\u0148uj\u00edc\u00edm kr\u00e9mem. Navr\u017eeno ve Finsku, specialistou na saunov\u00e9 dopl\u0148ky spole\u010dnost\u00ed RENTO.\" \/>\n<meta property=\"og:url\" content=\"https:\/\/anderskafka.cz\/eshop\/produkt\/rento-prirodni-pemza-na-nohy\/\" \/>\n<meta property=\"og:site_name\" content=\"Anders &amp; Kafka E-SHOP\" \/>\n<meta property=\"article:modified_time\" content=\"2026-03-26T10:19:32+00:00\" \/>\n<meta property=\"og:image\" content=\"https:\/\/anderskafka.cz\/eshop\/wp-content\/uploads\/sites\/3\/2023\/03\/6410412418432_3-scaled.jpg\" \/>\n\t<meta property=\"og:image:width\" content=\"2560\" \/>\n\t<meta property=\"og:image:height\" content=\"1706\" \/>\n\t<meta property=\"og:image:type\" content=\"image\/jpeg\" \/>\n<meta name=\"twitter:card\" content=\"summary_large_image\" \/>\n<meta name=\"twitter:label1\" content=\"Odhadovan\u00e1 doba \u010dten\u00ed\" \/>\n\t<meta name=\"twitter:data1\" content=\"1 minuta\" \/>\n<script type=\"application\/ld+json\" class=\"yoast-schema-graph\">{\"@context\":\"https:\/\/schema.org\",\"@graph\":[{\"@type\":\"WebSite\",\"@id\":\"https:\/\/anderskafka.cz\/eshop\/#website\",\"url\":\"https:\/\/anderskafka.cz\/eshop\/\",\"name\":\"Anders &amp; Kafka E-SHOP\",\"description\":\"Anders &amp; Kafka E-SHOP\",\"potentialAction\":[{\"@type\":\"SearchAction\",\"target\":{\"@type\":\"EntryPoint\",\"urlTemplate\":\"https:\/\/anderskafka.cz\/eshop\/?s={search_term_string}\"},\"query-input\":\"required name=search_term_string\"}],\"inLanguage\":\"cs\"},{\"@type\":\"ImageObject\",\"@id\":\"https:\/\/anderskafka.cz\/eshop\/produkt\/rento-prirodni-pemza-na-nohy\/#primaryimage\",\"inLanguage\":\"cs\",\"url\":\"https:\/\/anderskafka.cz\/eshop\/wp-content\/uploads\/sites\/3\/2023\/03\/6410412418432_3-scaled.jpg\",\"contentUrl\":\"https:\/\/anderskafka.cz\/eshop\/wp-content\/uploads\/sites\/3\/2023\/03\/6410412418432_3-scaled.jpg\",\"width\":2560,\"height\":1706},{\"@type\":\"WebPage\",\"@id\":\"https:\/\/anderskafka.cz\/eshop\/produkt\/rento-prirodni-pemza-na-nohy\/#webpage\",\"url\":\"https:\/\/anderskafka.cz\/eshop\/produkt\/rento-prirodni-pemza-na-nohy\/\",\"name\":\"RENTO p\u0159\u00edrodn\u00ed pemza na nohy - Anders &amp; Kafka E-SHOP\",\"isPartOf\":{\"@id\":\"https:\/\/anderskafka.cz\/eshop\/#website\"},\"primaryImageOfPage\":{\"@id\":\"https:\/\/anderskafka.cz\/eshop\/produkt\/rento-prirodni-pemza-na-nohy\/#primaryimage\"},\"datePublished\":\"2023-03-24T10:44:28+00:00\",\"dateModified\":\"2026-03-26T10:19:32+00:00\",\"description\":\"P\u0159\u00edrodn\u00ed pemza odstran\u00ed z nohou mozoly a suchou k\u016f\u017ei. Doporu\u010dujeme pou\u017e\u00edt spole\u010dn\u011b s m\u00e1tovou koupel\u00ed a zvl\u00e1\u010d\u0148uj\u00edc\u00edm kr\u00e9mem. Navr\u017eeno ve Finsku, specialistou na saunov\u00e9 dopl\u0148ky spole\u010dnost\u00ed RENTO.\",\"breadcrumb\":{\"@id\":\"https:\/\/anderskafka.cz\/eshop\/produkt\/rento-prirodni-pemza-na-nohy\/#breadcrumb\"},\"inLanguage\":\"cs\",\"potentialAction\":[{\"@type\":\"ReadAction\",\"target\":[\"https:\/\/anderskafka.cz\/eshop\/produkt\/rento-prirodni-pemza-na-nohy\/\"]}]},{\"@type\":\"BreadcrumbList\",\"@id\":\"https:\/\/anderskafka.cz\/eshop\/produkt\/rento-prirodni-pemza-na-nohy\/#breadcrumb\",\"itemListElement\":[{\"@type\":\"ListItem\",\"position\":1,\"name\":\"Obchod\",\"item\":\"https:\/\/anderskafka.cz\/eshop\/obchod\/\"},{\"@type\":\"ListItem\",\"position\":2,\"name\":\"RENTO p\u0159\u00edrodn\u00ed pemza na nohy\"}]}]}<\/script>\n<!-- \/ Yoast SEO plugin. -->","yoast_head_json":{"title":"RENTO p\u0159\u00edrodn\u00ed pemza na nohy - Anders &amp; Kafka E-SHOP","description":"P\u0159\u00edrodn\u00ed pemza odstran\u00ed z nohou mozoly a suchou k\u016f\u017ei. Doporu\u010dujeme pou\u017e\u00edt spole\u010dn\u011b s m\u00e1tovou koupel\u00ed a zvl\u00e1\u010d\u0148uj\u00edc\u00edm kr\u00e9mem. Navr\u017eeno ve Finsku, specialistou na saunov\u00e9 dopl\u0148ky spole\u010dnost\u00ed RENTO.","robots":{"index":"index","follow":"follow","max-snippet":"max-snippet:-1","max-image-preview":"max-image-preview:large","max-video-preview":"max-video-preview:-1"},"canonical":"https:\/\/anderskafka.cz\/eshop\/produkt\/rento-prirodni-pemza-na-nohy\/","og_locale":"cs_CZ","og_type":"article","og_title":"RENTO p\u0159\u00edrodn\u00ed pemza na nohy - Anders &amp; Kafka E-SHOP","og_description":"P\u0159\u00edrodn\u00ed pemza odstran\u00ed z nohou mozoly a suchou k\u016f\u017ei. Doporu\u010dujeme pou\u017e\u00edt spole\u010dn\u011b s m\u00e1tovou koupel\u00ed a zvl\u00e1\u010d\u0148uj\u00edc\u00edm kr\u00e9mem. Navr\u017eeno ve Finsku, specialistou na saunov\u00e9 dopl\u0148ky spole\u010dnost\u00ed RENTO.","og_url":"https:\/\/anderskafka.cz\/eshop\/produkt\/rento-prirodni-pemza-na-nohy\/","og_site_name":"Anders &amp; Kafka E-SHOP","article_modified_time":"2026-03-26T10:19:32+00:00","og_image":[{"width":2560,"height":1706,"url":"https:\/\/anderskafka.cz\/eshop\/wp-content\/uploads\/sites\/3\/2023\/03\/6410412418432_3-scaled.jpg","type":"image\/jpeg"}],"twitter_card":"summary_large_image","twitter_misc":{"Odhadovan\u00e1 doba \u010dten\u00ed":"1 minuta"},"schema":{"@context":"https:\/\/schema.org","@graph":[{"@type":"WebSite","@id":"https:\/\/anderskafka.cz\/eshop\/#website","url":"https:\/\/anderskafka.cz\/eshop\/","name":"Anders &amp; Kafka E-SHOP","description":"Anders &amp; Kafka E-SHOP","potentialAction":[{"@type":"SearchAction","target":{"@type":"EntryPoint","urlTemplate":"https:\/\/anderskafka.cz\/eshop\/?s={search_term_string}"},"query-input":"required name=search_term_string"}],"inLanguage":"cs"},{"@type":"ImageObject","@id":"https:\/\/anderskafka.cz\/eshop\/produkt\/rento-prirodni-pemza-na-nohy\/#primaryimage","inLanguage":"cs","url":"https:\/\/anderskafka.cz\/eshop\/wp-content\/uploads\/sites\/3\/2023\/03\/6410412418432_3-scaled.jpg","contentUrl":"https:\/\/anderskafka.cz\/eshop\/wp-content\/uploads\/sites\/3\/2023\/03\/6410412418432_3-scaled.jpg","width":2560,"height":1706},{"@type":"WebPage","@id":"https:\/\/anderskafka.cz\/eshop\/produkt\/rento-prirodni-pemza-na-nohy\/#webpage","url":"https:\/\/anderskafka.cz\/eshop\/produkt\/rento-prirodni-pemza-na-nohy\/","name":"RENTO p\u0159\u00edrodn\u00ed pemza na nohy - Anders &amp; Kafka E-SHOP","isPartOf":{"@id":"https:\/\/anderskafka.cz\/eshop\/#website"},"primaryImageOfPage":{"@id":"https:\/\/anderskafka.cz\/eshop\/produkt\/rento-prirodni-pemza-na-nohy\/#primaryimage"},"datePublished":"2023-03-24T10:44:28+00:00","dateModified":"2026-03-26T10:19:32+00:00","description":"P\u0159\u00edrodn\u00ed pemza odstran\u00ed z nohou mozoly a suchou k\u016f\u017ei. Doporu\u010dujeme pou\u017e\u00edt spole\u010dn\u011b s m\u00e1tovou koupel\u00ed a zvl\u00e1\u010d\u0148uj\u00edc\u00edm kr\u00e9mem. Navr\u017eeno ve Finsku, specialistou na saunov\u00e9 dopl\u0148ky spole\u010dnost\u00ed RENTO.","breadcrumb":{"@id":"https:\/\/anderskafka.cz\/eshop\/produkt\/rento-prirodni-pemza-na-nohy\/#breadcrumb"},"inLanguage":"cs","potentialAction":[{"@type":"ReadAction","target":["https:\/\/anderskafka.cz\/eshop\/produkt\/rento-prirodni-pemza-na-nohy\/"]}]},{"@type":"BreadcrumbList","@id":"https:\/\/anderskafka.cz\/eshop\/produkt\/rento-prirodni-pemza-na-nohy\/#breadcrumb","itemListElement":[{"@type":"ListItem","position":1,"name":"Obchod","item":"https:\/\/anderskafka.cz\/eshop\/obchod\/"},{"@type":"ListItem","position":2,"name":"RENTO p\u0159\u00edrodn\u00ed pemza na nohy"}]}]}},"locations":[],"_links":{"self":[{"href":"https:\/\/anderskafka.cz\/eshop\/wp-json\/wp\/v2\/product\/2468"}],"collection":[{"href":"https:\/\/anderskafka.cz\/eshop\/wp-json\/wp\/v2\/product"}],"about":[{"href":"https:\/\/anderskafka.cz\/eshop\/wp-json\/wp\/v2\/types\/product"}],"replies":[{"embeddable":true,"href":"https:\/\/anderskafka.cz\/eshop\/wp-json\/wp\/v2\/comments?post=2468"}],"wp:featuredmedia":[{"embeddable":true,"href":"https:\/\/anderskafka.cz\/eshop\/wp-json\/wp\/v2\/media\/2477"}],"wp:attachment":[{"href":"https:\/\/anderskafka.cz\/eshop\/wp-json\/wp\/v2\/media?parent=2468"}],"wp:term":[{"taxonomy":"location","embeddable":true,"href":"https:\/\/anderskafka.cz\/eshop\/wp-json\/wp\/v2\/location?post=2468"},{"taxonomy":"product_cat","embeddable":true,"href":"https:\/\/anderskafka.cz\/eshop\/wp-json\/wp\/v2\/product_cat?post=2468"},{"taxonomy":"product_tag","embeddable":true,"href":"https:\/\/anderskafka.cz\/eshop\/wp-json\/wp\/v2\/product_tag?post=2468"}],"curies":[{"name":"wp","href":"https:\/\/api.w.org\/{rel}","templated":true}]}}