{"id":2495,"date":"2023-03-26T15:14:48","date_gmt":"2023-03-26T13:14:48","guid":{"rendered":"https:\/\/anderskafka.cz\/eshop\/?post_type=product&#038;p=2495"},"modified":"2025-12-12T13:24:17","modified_gmt":"2025-12-12T12:24:17","slug":"lapuan-kankurit-saunove-pantofle-onni-sede","status":"publish","type":"product","link":"https:\/\/anderskafka.cz\/eshop\/produkt\/lapuan-kankurit-saunove-pantofle-onni-sede\/","title":{"rendered":"LAPUAN KANKURIT saunov\u00e9 pantofle onni, \u0161ed\u00e9"},"content":{"rendered":"<p>Pohodln\u00e9 i elegantn\u00ed pantofle do sauny ONNI v \u0161ed\u00e9 barv\u011b V\u00e1m budou skv\u011bl\u00fdm spole\u010dn\u00edkem p\u0159i relaxaci. Ln\u011bn\u00e9 pantofle ONNI udr\u017e\u00ed va\u0161e nohy v suchu a teple. Saunov\u00e9 pantofle ONNI navrhla pro spole\u010dnost Lapuan Kankurit finsk\u00e1 design\u00e9rka Anu Leinonen.<\/p>\n<p>Lapuan Kankurit je \u010dlenem presti\u017en\u00edho klubu Masters of Linen, kter\u00fd garantuje \u0161pi\u010dkovou v\u00fdrobu textili\u00ed\u00a0ze lnu vyp\u011bstovan\u00e9ho v Evrop\u011b.<\/p>\n<p>Saunov\u00e9 pantofle ONNI jsou vyrobeny ze 70%\u00a0ln\u011bn\u00e9ho frot\u00e9 (len vyp\u011bstovan\u00fd v Normandii s certifik\u00e1tem \u00d6KO-TEX\u00ae) a 30% biobavlny.<\/p>\n<p>P\u0159i p\u00e9\u010di o v\u00fdrobek\u00a0se \u0159i\u010fte o\u0161et\u0159ovac\u00edmi symboly uveden\u00fdmi na v\u00fdrobku. Perte na 60\u00b0C. Nepou\u017e\u00edvejte aviv\u00e1\u017e a vyhn\u011bte se b\u011blidl\u016fm. Doporu\u010dujeme pomal\u00fd cyklus odst\u0159e\u010fov\u00e1n\u00ed. Ostatn\u00ed saunov\u00e9 dopl\u0148ky nejsou sou\u010d\u00e1st\u00ed balen\u00ed.<\/p>\n<p>&nbsp;<\/p>\n<p>&nbsp;<\/p>\n<p>&nbsp;<\/p>\n","protected":false},"excerpt":{"rendered":"<p>Pohodln\u00e9 i elegantn\u00ed pantofle do sauny ONNI v \u0161ed\u00e9 barv\u011b V\u00e1m budou skv\u011bl\u00fdm spole\u010dn\u00edkem p\u0159i relaxaci. Tyto velmi p\u0159\u00edjemn\u00e9 pantofle na no\u0161en\u00ed u\u017e nebudete cht\u00edt v dob\u011b odpo\u010dinku sundat.<\/p>\n<p><strong>VELIKOST<br \/>\n<\/strong>S\u00a0(d\u00e9lka 27 cm),\u00a0L (d\u00e9lka 30 cm)<\/p>\n<p>Textiln\u00ed v\u00fdrobky Lapuan Kankurit vyroben\u00e9 a navr\u017een\u00e9 ve Finsku spojuj\u00ed \u0161pi\u010dkov\u00e9 materi\u00e1ly, modern\u00ed technologie, kreativitu nejlep\u0161\u00edch finsk\u00fdch design\u00e9r\u016f a historii rodinn\u00e9 textiln\u00ed v\u00fdroby od roku 1917.<\/p>\n<p><img loading=\"lazy\" class=\"alignnone size-medium wp-image-1579\" src=\"https:\/\/anderskafka.cz\/eshop\/wp-content\/uploads\/sites\/3\/2022\/12\/MADEINFINNLAND-300x246.jpg\" alt=\"\" width=\"300\" height=\"246\" srcset=\"https:\/\/anderskafka.cz\/eshop\/wp-content\/uploads\/sites\/3\/2022\/12\/MADEINFINNLAND-300x246.jpg 300w, https:\/\/anderskafka.cz\/eshop\/wp-content\/uploads\/sites\/3\/2022\/12\/MADEINFINNLAND-64x52.jpg 64w, https:\/\/anderskafka.cz\/eshop\/wp-content\/uploads\/sites\/3\/2022\/12\/MADEINFINNLAND.jpg 500w\" sizes=\"(max-width: 300px) 100vw, 300px\" \/><\/p>\n<p><img loading=\"lazy\" class=\"size-medium wp-image-1770 aligncenter\" src=\"https:\/\/anderskafka.cz\/eshop\/wp-content\/uploads\/sites\/3\/2023\/02\/MastersofLinen_BLEU-300x152.jpg\" alt=\"\" width=\"300\" height=\"152\" srcset=\"https:\/\/anderskafka.cz\/eshop\/wp-content\/uploads\/sites\/3\/2023\/02\/MastersofLinen_BLEU-300x152.jpg 300w, https:\/\/anderskafka.cz\/eshop\/wp-content\/uploads\/sites\/3\/2023\/02\/MastersofLinen_BLEU-1024x518.jpg 1024w, https:\/\/anderskafka.cz\/eshop\/wp-content\/uploads\/sites\/3\/2023\/02\/MastersofLinen_BLEU-768x389.jpg 768w, https:\/\/anderskafka.cz\/eshop\/wp-content\/uploads\/sites\/3\/2023\/02\/MastersofLinen_BLEU-700x354.jpg 700w, https:\/\/anderskafka.cz\/eshop\/wp-content\/uploads\/sites\/3\/2023\/02\/MastersofLinen_BLEU-64x32.jpg 64w, https:\/\/anderskafka.cz\/eshop\/wp-content\/uploads\/sites\/3\/2023\/02\/MastersofLinen_BLEU.jpg 1462w\" sizes=\"(max-width: 300px) 100vw, 300px\" \/><\/p>\n<p>&nbsp;<\/p>\n","protected":false},"featured_media":2498,"comment_status":"open","ping_status":"closed","template":"","meta":{"site-sidebar-layout":"default","site-content-layout":"default","ast-main-header-display":"","ast-hfb-above-header-display":"","ast-hfb-below-header-display":"","ast-hfb-mobile-header-display":"","site-post-title":"","ast-breadcrumbs-content":"","ast-featured-img":"","footer-sml-layout":"","theme-transparent-header-meta":"","adv-header-id-meta":"","stick-header-meta":"","header-above-stick-meta":"","header-main-stick-meta":"","header-below-stick-meta":""},"location":[],"product_cat":[773],"product_tag":[556,768],"yoast_head":"<!-- This site is optimized with the Yoast SEO plugin v18.5.1 - https:\/\/yoast.com\/wordpress\/plugins\/seo\/ -->\n<title>LAPUAN KANKURIT saunov\u00e9 pantofle onni, \u0161ed\u00e9 - Anders &amp; Kafka E-SHOP<\/title>\n<meta name=\"description\" content=\"Pohodln\u00e9 i elegantn\u00ed pantofle do sauny ONNI v \u0161ed\u00e9 barv\u011b V\u00e1m budou skv\u011bl\u00fdm spole\u010dn\u00edkem p\u0159i relaxaci. Tyto velmi p\u0159\u00edjemn\u00e9 pantofle na no\u0161en\u00ed u\u017e nebudete cht\u00edt v dob\u011b odpo\u010dinku sundat.  VELIKOST S\u00a0(d\u00e9lka 27 cm),\u00a0L (d\u00e9lka 30 cm)  Textiln\u00ed v\u00fdrobky Lapuan Kankurit vyroben\u00e9 a navr\u017een\u00e9 ve Finsku spojuj\u00ed \u0161pi\u010dkov\u00e9 materi\u00e1ly, modern\u00ed technologie, kreativitu nejlep\u0161\u00edch finsk\u00fdch design\u00e9r\u016f a historii rodinn\u00e9 textiln\u00ed v\u00fdroby od roku 1917.      &nbsp;\" \/>\n<meta name=\"robots\" content=\"index, follow, max-snippet:-1, max-image-preview:large, max-video-preview:-1\" \/>\n<link rel=\"canonical\" href=\"https:\/\/anderskafka.cz\/eshop\/produkt\/lapuan-kankurit-saunove-pantofle-onni-sede\/\" \/>\n<meta property=\"og:locale\" content=\"cs_CZ\" \/>\n<meta property=\"og:type\" content=\"article\" \/>\n<meta property=\"og:title\" content=\"LAPUAN KANKURIT saunov\u00e9 pantofle onni, \u0161ed\u00e9 - Anders &amp; Kafka E-SHOP\" \/>\n<meta property=\"og:description\" content=\"Pohodln\u00e9 i elegantn\u00ed pantofle do sauny ONNI v \u0161ed\u00e9 barv\u011b V\u00e1m budou skv\u011bl\u00fdm spole\u010dn\u00edkem p\u0159i relaxaci. Tyto velmi p\u0159\u00edjemn\u00e9 pantofle na no\u0161en\u00ed u\u017e nebudete cht\u00edt v dob\u011b odpo\u010dinku sundat.  VELIKOST S\u00a0(d\u00e9lka 27 cm),\u00a0L (d\u00e9lka 30 cm)  Textiln\u00ed v\u00fdrobky Lapuan Kankurit vyroben\u00e9 a navr\u017een\u00e9 ve Finsku spojuj\u00ed \u0161pi\u010dkov\u00e9 materi\u00e1ly, modern\u00ed technologie, kreativitu nejlep\u0161\u00edch finsk\u00fdch design\u00e9r\u016f a historii rodinn\u00e9 textiln\u00ed v\u00fdroby od roku 1917.      &nbsp;\" \/>\n<meta property=\"og:url\" content=\"https:\/\/anderskafka.cz\/eshop\/produkt\/lapuan-kankurit-saunove-pantofle-onni-sede\/\" \/>\n<meta property=\"og:site_name\" content=\"Anders &amp; Kafka E-SHOP\" \/>\n<meta property=\"article:modified_time\" content=\"2025-12-12T12:24:17+00:00\" \/>\n<meta property=\"og:image\" content=\"https:\/\/anderskafka.cz\/eshop\/wp-content\/uploads\/sites\/3\/2023\/03\/lapuankankurit_onni_slippers_black-linen-841x1024.jpg\" \/>\n\t<meta property=\"og:image:width\" content=\"841\" \/>\n\t<meta property=\"og:image:height\" content=\"1024\" \/>\n\t<meta property=\"og:image:type\" content=\"image\/jpeg\" \/>\n<meta name=\"twitter:card\" content=\"summary_large_image\" \/>\n<meta name=\"twitter:label1\" content=\"Odhadovan\u00e1 doba \u010dten\u00ed\" \/>\n\t<meta name=\"twitter:data1\" content=\"1 minuta\" \/>\n<script type=\"application\/ld+json\" class=\"yoast-schema-graph\">{\"@context\":\"https:\/\/schema.org\",\"@graph\":[{\"@type\":\"WebSite\",\"@id\":\"https:\/\/anderskafka.cz\/eshop\/#website\",\"url\":\"https:\/\/anderskafka.cz\/eshop\/\",\"name\":\"Anders &amp; Kafka E-SHOP\",\"description\":\"Anders &amp; Kafka E-SHOP\",\"potentialAction\":[{\"@type\":\"SearchAction\",\"target\":{\"@type\":\"EntryPoint\",\"urlTemplate\":\"https:\/\/anderskafka.cz\/eshop\/?s={search_term_string}\"},\"query-input\":\"required name=search_term_string\"}],\"inLanguage\":\"cs\"},{\"@type\":\"ImageObject\",\"@id\":\"https:\/\/anderskafka.cz\/eshop\/produkt\/lapuan-kankurit-saunove-pantofle-onni-sede\/#primaryimage\",\"inLanguage\":\"cs\",\"url\":\"https:\/\/anderskafka.cz\/eshop\/wp-content\/uploads\/sites\/3\/2023\/03\/lapuankankurit_onni_slippers_black-linen.jpg\",\"contentUrl\":\"https:\/\/anderskafka.cz\/eshop\/wp-content\/uploads\/sites\/3\/2023\/03\/lapuankankurit_onni_slippers_black-linen.jpg\",\"width\":1772,\"height\":2157},{\"@type\":\"WebPage\",\"@id\":\"https:\/\/anderskafka.cz\/eshop\/produkt\/lapuan-kankurit-saunove-pantofle-onni-sede\/#webpage\",\"url\":\"https:\/\/anderskafka.cz\/eshop\/produkt\/lapuan-kankurit-saunove-pantofle-onni-sede\/\",\"name\":\"LAPUAN KANKURIT saunov\u00e9 pantofle onni, \u0161ed\u00e9 - Anders &amp; Kafka E-SHOP\",\"isPartOf\":{\"@id\":\"https:\/\/anderskafka.cz\/eshop\/#website\"},\"primaryImageOfPage\":{\"@id\":\"https:\/\/anderskafka.cz\/eshop\/produkt\/lapuan-kankurit-saunove-pantofle-onni-sede\/#primaryimage\"},\"datePublished\":\"2023-03-26T13:14:48+00:00\",\"dateModified\":\"2025-12-12T12:24:17+00:00\",\"description\":\"Pohodln\u00e9 i elegantn\u00ed pantofle do sauny ONNI v \u0161ed\u00e9 barv\u011b V\u00e1m budou skv\u011bl\u00fdm spole\u010dn\u00edkem p\u0159i relaxaci. Tyto velmi p\u0159\u00edjemn\u00e9 pantofle na no\u0161en\u00ed u\u017e nebudete cht\u00edt v dob\u011b odpo\u010dinku sundat. VELIKOST S\u00a0(d\u00e9lka 27 cm),\u00a0L (d\u00e9lka 30 cm) Textiln\u00ed v\u00fdrobky Lapuan Kankurit vyroben\u00e9 a navr\u017een\u00e9 ve Finsku spojuj\u00ed \u0161pi\u010dkov\u00e9 materi\u00e1ly, modern\u00ed technologie, kreativitu nejlep\u0161\u00edch finsk\u00fdch design\u00e9r\u016f a historii rodinn\u00e9 textiln\u00ed v\u00fdroby od roku 1917. &nbsp;\",\"breadcrumb\":{\"@id\":\"https:\/\/anderskafka.cz\/eshop\/produkt\/lapuan-kankurit-saunove-pantofle-onni-sede\/#breadcrumb\"},\"inLanguage\":\"cs\",\"potentialAction\":[{\"@type\":\"ReadAction\",\"target\":[\"https:\/\/anderskafka.cz\/eshop\/produkt\/lapuan-kankurit-saunove-pantofle-onni-sede\/\"]}]},{\"@type\":\"BreadcrumbList\",\"@id\":\"https:\/\/anderskafka.cz\/eshop\/produkt\/lapuan-kankurit-saunove-pantofle-onni-sede\/#breadcrumb\",\"itemListElement\":[{\"@type\":\"ListItem\",\"position\":1,\"name\":\"Obchod\",\"item\":\"https:\/\/anderskafka.cz\/eshop\/obchod\/\"},{\"@type\":\"ListItem\",\"position\":2,\"name\":\"LAPUAN KANKURIT saunov\u00e9 pantofle onni, \u0161ed\u00e9\"}]}]}<\/script>\n<!-- \/ Yoast SEO plugin. -->","yoast_head_json":{"title":"LAPUAN KANKURIT saunov\u00e9 pantofle onni, \u0161ed\u00e9 - Anders &amp; Kafka E-SHOP","description":"Pohodln\u00e9 i elegantn\u00ed pantofle do sauny ONNI v \u0161ed\u00e9 barv\u011b V\u00e1m budou skv\u011bl\u00fdm spole\u010dn\u00edkem p\u0159i relaxaci. Tyto velmi p\u0159\u00edjemn\u00e9 pantofle na no\u0161en\u00ed u\u017e nebudete cht\u00edt v dob\u011b odpo\u010dinku sundat.  VELIKOST S\u00a0(d\u00e9lka 27 cm),\u00a0L (d\u00e9lka 30 cm)  Textiln\u00ed v\u00fdrobky Lapuan Kankurit vyroben\u00e9 a navr\u017een\u00e9 ve Finsku spojuj\u00ed \u0161pi\u010dkov\u00e9 materi\u00e1ly, modern\u00ed technologie, kreativitu nejlep\u0161\u00edch finsk\u00fdch design\u00e9r\u016f a historii rodinn\u00e9 textiln\u00ed v\u00fdroby od roku 1917.      &nbsp;","robots":{"index":"index","follow":"follow","max-snippet":"max-snippet:-1","max-image-preview":"max-image-preview:large","max-video-preview":"max-video-preview:-1"},"canonical":"https:\/\/anderskafka.cz\/eshop\/produkt\/lapuan-kankurit-saunove-pantofle-onni-sede\/","og_locale":"cs_CZ","og_type":"article","og_title":"LAPUAN KANKURIT saunov\u00e9 pantofle onni, \u0161ed\u00e9 - Anders &amp; Kafka E-SHOP","og_description":"Pohodln\u00e9 i elegantn\u00ed pantofle do sauny ONNI v \u0161ed\u00e9 barv\u011b V\u00e1m budou skv\u011bl\u00fdm spole\u010dn\u00edkem p\u0159i relaxaci. Tyto velmi p\u0159\u00edjemn\u00e9 pantofle na no\u0161en\u00ed u\u017e nebudete cht\u00edt v dob\u011b odpo\u010dinku sundat.  VELIKOST S\u00a0(d\u00e9lka 27 cm),\u00a0L (d\u00e9lka 30 cm)  Textiln\u00ed v\u00fdrobky Lapuan Kankurit vyroben\u00e9 a navr\u017een\u00e9 ve Finsku spojuj\u00ed \u0161pi\u010dkov\u00e9 materi\u00e1ly, modern\u00ed technologie, kreativitu nejlep\u0161\u00edch finsk\u00fdch design\u00e9r\u016f a historii rodinn\u00e9 textiln\u00ed v\u00fdroby od roku 1917.      &nbsp;","og_url":"https:\/\/anderskafka.cz\/eshop\/produkt\/lapuan-kankurit-saunove-pantofle-onni-sede\/","og_site_name":"Anders &amp; Kafka E-SHOP","article_modified_time":"2025-12-12T12:24:17+00:00","og_image":[{"width":841,"height":1024,"url":"https:\/\/anderskafka.cz\/eshop\/wp-content\/uploads\/sites\/3\/2023\/03\/lapuankankurit_onni_slippers_black-linen-841x1024.jpg","type":"image\/jpeg"}],"twitter_card":"summary_large_image","twitter_misc":{"Odhadovan\u00e1 doba \u010dten\u00ed":"1 minuta"},"schema":{"@context":"https:\/\/schema.org","@graph":[{"@type":"WebSite","@id":"https:\/\/anderskafka.cz\/eshop\/#website","url":"https:\/\/anderskafka.cz\/eshop\/","name":"Anders &amp; Kafka E-SHOP","description":"Anders &amp; Kafka E-SHOP","potentialAction":[{"@type":"SearchAction","target":{"@type":"EntryPoint","urlTemplate":"https:\/\/anderskafka.cz\/eshop\/?s={search_term_string}"},"query-input":"required name=search_term_string"}],"inLanguage":"cs"},{"@type":"ImageObject","@id":"https:\/\/anderskafka.cz\/eshop\/produkt\/lapuan-kankurit-saunove-pantofle-onni-sede\/#primaryimage","inLanguage":"cs","url":"https:\/\/anderskafka.cz\/eshop\/wp-content\/uploads\/sites\/3\/2023\/03\/lapuankankurit_onni_slippers_black-linen.jpg","contentUrl":"https:\/\/anderskafka.cz\/eshop\/wp-content\/uploads\/sites\/3\/2023\/03\/lapuankankurit_onni_slippers_black-linen.jpg","width":1772,"height":2157},{"@type":"WebPage","@id":"https:\/\/anderskafka.cz\/eshop\/produkt\/lapuan-kankurit-saunove-pantofle-onni-sede\/#webpage","url":"https:\/\/anderskafka.cz\/eshop\/produkt\/lapuan-kankurit-saunove-pantofle-onni-sede\/","name":"LAPUAN KANKURIT saunov\u00e9 pantofle onni, \u0161ed\u00e9 - Anders &amp; Kafka E-SHOP","isPartOf":{"@id":"https:\/\/anderskafka.cz\/eshop\/#website"},"primaryImageOfPage":{"@id":"https:\/\/anderskafka.cz\/eshop\/produkt\/lapuan-kankurit-saunove-pantofle-onni-sede\/#primaryimage"},"datePublished":"2023-03-26T13:14:48+00:00","dateModified":"2025-12-12T12:24:17+00:00","description":"Pohodln\u00e9 i elegantn\u00ed pantofle do sauny ONNI v \u0161ed\u00e9 barv\u011b V\u00e1m budou skv\u011bl\u00fdm spole\u010dn\u00edkem p\u0159i relaxaci. Tyto velmi p\u0159\u00edjemn\u00e9 pantofle na no\u0161en\u00ed u\u017e nebudete cht\u00edt v dob\u011b odpo\u010dinku sundat. VELIKOST S\u00a0(d\u00e9lka 27 cm),\u00a0L (d\u00e9lka 30 cm) Textiln\u00ed v\u00fdrobky Lapuan Kankurit vyroben\u00e9 a navr\u017een\u00e9 ve Finsku spojuj\u00ed \u0161pi\u010dkov\u00e9 materi\u00e1ly, modern\u00ed technologie, kreativitu nejlep\u0161\u00edch finsk\u00fdch design\u00e9r\u016f a historii rodinn\u00e9 textiln\u00ed v\u00fdroby od roku 1917. &nbsp;","breadcrumb":{"@id":"https:\/\/anderskafka.cz\/eshop\/produkt\/lapuan-kankurit-saunove-pantofle-onni-sede\/#breadcrumb"},"inLanguage":"cs","potentialAction":[{"@type":"ReadAction","target":["https:\/\/anderskafka.cz\/eshop\/produkt\/lapuan-kankurit-saunove-pantofle-onni-sede\/"]}]},{"@type":"BreadcrumbList","@id":"https:\/\/anderskafka.cz\/eshop\/produkt\/lapuan-kankurit-saunove-pantofle-onni-sede\/#breadcrumb","itemListElement":[{"@type":"ListItem","position":1,"name":"Obchod","item":"https:\/\/anderskafka.cz\/eshop\/obchod\/"},{"@type":"ListItem","position":2,"name":"LAPUAN KANKURIT saunov\u00e9 pantofle onni, \u0161ed\u00e9"}]}]}},"locations":[],"_links":{"self":[{"href":"https:\/\/anderskafka.cz\/eshop\/wp-json\/wp\/v2\/product\/2495"}],"collection":[{"href":"https:\/\/anderskafka.cz\/eshop\/wp-json\/wp\/v2\/product"}],"about":[{"href":"https:\/\/anderskafka.cz\/eshop\/wp-json\/wp\/v2\/types\/product"}],"replies":[{"embeddable":true,"href":"https:\/\/anderskafka.cz\/eshop\/wp-json\/wp\/v2\/comments?post=2495"}],"wp:featuredmedia":[{"embeddable":true,"href":"https:\/\/anderskafka.cz\/eshop\/wp-json\/wp\/v2\/media\/2498"}],"wp:attachment":[{"href":"https:\/\/anderskafka.cz\/eshop\/wp-json\/wp\/v2\/media?parent=2495"}],"wp:term":[{"taxonomy":"location","embeddable":true,"href":"https:\/\/anderskafka.cz\/eshop\/wp-json\/wp\/v2\/location?post=2495"},{"taxonomy":"product_cat","embeddable":true,"href":"https:\/\/anderskafka.cz\/eshop\/wp-json\/wp\/v2\/product_cat?post=2495"},{"taxonomy":"product_tag","embeddable":true,"href":"https:\/\/anderskafka.cz\/eshop\/wp-json\/wp\/v2\/product_tag?post=2495"}],"curies":[{"name":"wp","href":"https:\/\/api.w.org\/{rel}","templated":true}]}}