{"id":2531,"date":"2023-03-27T22:39:33","date_gmt":"2023-03-27T20:39:33","guid":{"rendered":"https:\/\/anderskafka.cz\/eshop\/?post_type=product&#038;p=2531"},"modified":"2026-02-05T12:34:47","modified_gmt":"2026-02-05T11:34:47","slug":"sentiotec-home-fin-45-kw-6-kw-75kw-9kw-elektricke-saunove-topidlo-moderniho-vzhledu-bez-integrovane-ridici-jednotky","status":"publish","type":"product","link":"https:\/\/anderskafka.cz\/eshop\/produkt\/sentiotec-home-fin-45-kw-6-kw-75kw-9kw-elektricke-saunove-topidlo-moderniho-vzhledu-bez-integrovane-ridici-jednotky\/","title":{"rendered":"HARVIA AUSTRIA VIRTA WALL \u2013 4,5\/6\/7,5\/9KW \u2013 elektrick\u00e9 saunov\u00e9 topidlo modern\u00edho vzhledu"},"content":{"rendered":"<p style=\"font-weight: 400\">Modern\u00ed elektrick\u00e9 saunov\u00e9 topidlo v \u010dern\u00e9m proveden\u00ed s p\u0159\u00edm\u00fdmi liniemi. Topidlo je ur\u010deno pro extern\u00ed \u0159\u00eddic\u00ed jednotku.<\/p>\n<p style=\"font-weight: 400\"><span class=\"y2iqfc\">Vynikaj\u00edc\u00ed pom\u011br cena &#8211; kvalita\/v\u00fdkon.<br \/>\n<\/span><span class=\"y2iqfc\">Rychl\u00e1 a snadn\u00e1 mont\u00e1\u017e.<br \/>\nTopidlo vyroben\u00e9 z nerezov\u00e9 oceli.<br \/>\n<\/span><span class=\"y2iqfc\">Povrch o\u0161et\u0159en pomoc\u00ed pr\u00e1\u0161kov\u00e9ho n\u00e1st\u0159iku odoln\u00e9ho proti po\u0161kr\u00e1b\u00e1n\u00ed.<br \/>\nD\u00edky inovativn\u00edm technologi\u00edm se topn\u00e9 t\u011bleso udr\u017euje bez rzi a vodn\u00edho kamene<br \/>\n<\/span><span class=\"y2iqfc\">Integrovan\u00fd z\u00e1sobn\u00edk na odkap\u00e1v\u00e1n\u00ed vody v p\u0159\u00edpad\u011b pol\u00e9v\u00e1n\u00ed saunov\u00fdch kamen\u016f.<br \/>\n<\/span>Ur\u010deno pro mont\u00e1\u017e na st\u011bnu sauny.<br \/>\n<span style=\"font-size: 16px\">Vhodn\u00e9 \u00a0i pro jednof\u00e1zov\u00e9 p\u0159ipojen\u00ed.<br \/>\n<\/span>Extern\u00ed \u0159\u00eddic\u00ed jednotka nen\u00ed sou\u010d\u00e1st\u00ed balen\u00ed.<br \/>\nNastaviteln\u00fd objem z\u00e1sobn\u00edku na kameny.<br \/>\n<span style=\"font-size: 16px\">Topidlo pojme maxim\u00e1ln\u011b 20kg saunov\u00fdch kamen\u016f, kter\u00e9 nejsou sou\u010d\u00e1st\u00ed balen\u00ed.<\/span><\/p>\n","protected":false},"excerpt":{"rendered":"<p style=\"font-weight: 400\">Modern\u00ed elektrick\u00e9 saunov\u00e9 topidlo v \u010dern\u00e9m proveden\u00ed s p\u0159\u00edm\u00fdmi liniemi. Topidlo je ur\u010deno pro extern\u00ed \u0159\u00edd\u00edc\u00ed jednotku. S v<span class=\"y2iqfc\">ynikaj\u00edc\u00edm\u00a0<\/span><span class=\"y2iqfc\">pom\u011brem cena &#8211; kvalita\/v\u00fdkon a velmi r<\/span><span class=\"y2iqfc\">ychlou a snadnou mont\u00e1\u017e\u00ed.<\/span><\/p>\n<p>Spole\u010dnost HARVIA AUSTRIA vyv\u00edj\u00ed a vyr\u00e1b\u00ed kvalitn\u00ed a inovativn\u00ed produkty ur\u010den\u00e9 k tomu, aby Va\u0161e chv\u00edle str\u00e1ven\u00e9 v saun\u011b byly co nejv\u00edce relaxuj\u00edc\u00ed.<\/p>\n<p>&nbsp;<\/p>\n<div>\n<table border=\"0\" width=\"347\" cellspacing=\"0\" cellpadding=\"0\">\n<tbody>\n<tr>\n<td style=\"text-align: center\" width=\"175\" height=\"21\">v\u00fdkon topidla (KW)<\/td>\n<td style=\"text-align: center\" width=\"172\">velikost sauny (m<sup>3<\/sup>)<\/td>\n<\/tr>\n<tr>\n<td style=\"text-align: center\" align=\"right\" height=\"21\">4,5<\/td>\n<td class=\"xl63\" style=\"text-align: center\">3-6<\/td>\n<\/tr>\n<tr>\n<td style=\"text-align: center\" align=\"right\" height=\"21\">6<\/td>\n<td style=\"text-align: center\">5-8<\/td>\n<\/tr>\n<tr>\n<td style=\"text-align: center\" align=\"right\" height=\"21\">7,5<\/td>\n<td style=\"text-align: center\">7-12<\/td>\n<\/tr>\n<tr>\n<td style=\"text-align: center\" align=\"right\" height=\"21\">9<\/td>\n<td style=\"text-align: center\">8-14<\/td>\n<\/tr>\n<\/tbody>\n<\/table>\n<\/div>\n","protected":false},"featured_media":3834,"comment_status":"open","ping_status":"closed","template":"","meta":{"site-sidebar-layout":"default","site-content-layout":"default","ast-main-header-display":"","ast-hfb-above-header-display":"","ast-hfb-below-header-display":"","ast-hfb-mobile-header-display":"","site-post-title":"","ast-breadcrumbs-content":"","ast-featured-img":"","footer-sml-layout":"","theme-transparent-header-meta":"","adv-header-id-meta":"","stick-header-meta":"","header-above-stick-meta":"","header-main-stick-meta":"","header-below-stick-meta":""},"location":[],"product_cat":[540],"product_tag":[324],"yoast_head":"<!-- This site is optimized with the Yoast SEO plugin v18.5.1 - https:\/\/yoast.com\/wordpress\/plugins\/seo\/ -->\n<title>HARVIA AUSTRIA VIRTA WALL \u2013 4,5\/6\/7,5\/9KW \u2013 elektrick\u00e9 saunov\u00e9 topidlo modern\u00edho vzhledu - Anders &amp; Kafka E-SHOP<\/title>\n<meta name=\"description\" content=\"Modern\u00ed elektrick\u00e9 saunov\u00e9 topidlo v \u010dern\u00e9m proveden\u00ed s p\u0159\u00edm\u00fdmi liniemi. Topidlo je ur\u010deno pro extern\u00ed \u0159\u00edd\u00edc\u00ed jednotku. S vynikaj\u00edc\u00edm\u00a0pom\u011brem cena - kvalita\/v\u00fdkon a velmi rychlou a snadnou mont\u00e1\u017e\u00ed. Spole\u010dnost HARVIA AUSTRIA vyv\u00edj\u00ed a vyr\u00e1b\u00ed kvalitn\u00ed a inovativn\u00ed produkty ur\u010den\u00e9 k tomu, aby Va\u0161e chv\u00edle str\u00e1ven\u00e9 v saun\u011b byly co nejv\u00edce relaxuj\u00edc\u00ed.  &nbsp;     v\u00fdkon topidla (KW) velikost sauny (m3)   4,5 3-6   6 5-8   7,5 7-12   9 8-14\" \/>\n<meta name=\"robots\" content=\"index, follow, max-snippet:-1, max-image-preview:large, max-video-preview:-1\" \/>\n<link rel=\"canonical\" href=\"https:\/\/anderskafka.cz\/eshop\/produkt\/sentiotec-home-fin-45-kw-6-kw-75kw-9kw-elektricke-saunove-topidlo-moderniho-vzhledu-bez-integrovane-ridici-jednotky\/\" \/>\n<meta property=\"og:locale\" content=\"cs_CZ\" \/>\n<meta property=\"og:type\" content=\"article\" \/>\n<meta property=\"og:title\" content=\"HARVIA AUSTRIA VIRTA WALL \u2013 4,5\/6\/7,5\/9KW \u2013 elektrick\u00e9 saunov\u00e9 topidlo modern\u00edho vzhledu - Anders &amp; Kafka E-SHOP\" \/>\n<meta property=\"og:description\" content=\"Modern\u00ed elektrick\u00e9 saunov\u00e9 topidlo v \u010dern\u00e9m proveden\u00ed s p\u0159\u00edm\u00fdmi liniemi. Topidlo je ur\u010deno pro extern\u00ed \u0159\u00edd\u00edc\u00ed jednotku. S vynikaj\u00edc\u00edm\u00a0pom\u011brem cena - kvalita\/v\u00fdkon a velmi rychlou a snadnou mont\u00e1\u017e\u00ed. Spole\u010dnost HARVIA AUSTRIA vyv\u00edj\u00ed a vyr\u00e1b\u00ed kvalitn\u00ed a inovativn\u00ed produkty ur\u010den\u00e9 k tomu, aby Va\u0161e chv\u00edle str\u00e1ven\u00e9 v saun\u011b byly co nejv\u00edce relaxuj\u00edc\u00ed.  &nbsp;     v\u00fdkon topidla (KW) velikost sauny (m3)   4,5 3-6   6 5-8   7,5 7-12   9 8-14\" \/>\n<meta property=\"og:url\" content=\"https:\/\/anderskafka.cz\/eshop\/produkt\/sentiotec-home-fin-45-kw-6-kw-75kw-9kw-elektricke-saunove-topidlo-moderniho-vzhledu-bez-integrovane-ridici-jednotky\/\" \/>\n<meta property=\"og:site_name\" content=\"Anders &amp; Kafka E-SHOP\" \/>\n<meta property=\"article:modified_time\" content=\"2026-02-05T11:34:47+00:00\" \/>\n<meta property=\"og:image\" content=\"https:\/\/anderskafka.cz\/eshop\/wp-content\/uploads\/sites\/3\/2023\/03\/Sentiotec_Home-fin_HOME-F45-90_p1-Velky.jpg\" \/>\n\t<meta property=\"og:image:width\" content=\"1075\" \/>\n\t<meta property=\"og:image:height\" content=\"1073\" \/>\n\t<meta property=\"og:image:type\" content=\"image\/jpeg\" \/>\n<meta name=\"twitter:card\" content=\"summary_large_image\" \/>\n<meta name=\"twitter:label1\" content=\"Odhadovan\u00e1 doba \u010dten\u00ed\" \/>\n\t<meta name=\"twitter:data1\" content=\"1 minuta\" \/>\n<script type=\"application\/ld+json\" class=\"yoast-schema-graph\">{\"@context\":\"https:\/\/schema.org\",\"@graph\":[{\"@type\":\"WebSite\",\"@id\":\"https:\/\/anderskafka.cz\/eshop\/#website\",\"url\":\"https:\/\/anderskafka.cz\/eshop\/\",\"name\":\"Anders &amp; Kafka E-SHOP\",\"description\":\"Anders &amp; Kafka E-SHOP\",\"potentialAction\":[{\"@type\":\"SearchAction\",\"target\":{\"@type\":\"EntryPoint\",\"urlTemplate\":\"https:\/\/anderskafka.cz\/eshop\/?s={search_term_string}\"},\"query-input\":\"required name=search_term_string\"}],\"inLanguage\":\"cs\"},{\"@type\":\"ImageObject\",\"@id\":\"https:\/\/anderskafka.cz\/eshop\/produkt\/sentiotec-home-fin-45-kw-6-kw-75kw-9kw-elektricke-saunove-topidlo-moderniho-vzhledu-bez-integrovane-ridici-jednotky\/#primaryimage\",\"inLanguage\":\"cs\",\"url\":\"https:\/\/anderskafka.cz\/eshop\/wp-content\/uploads\/sites\/3\/2023\/03\/Sentiotec_Home-fin_HOME-F45-90_p1-Velky.jpg\",\"contentUrl\":\"https:\/\/anderskafka.cz\/eshop\/wp-content\/uploads\/sites\/3\/2023\/03\/Sentiotec_Home-fin_HOME-F45-90_p1-Velky.jpg\",\"width\":1075,\"height\":1073},{\"@type\":\"WebPage\",\"@id\":\"https:\/\/anderskafka.cz\/eshop\/produkt\/sentiotec-home-fin-45-kw-6-kw-75kw-9kw-elektricke-saunove-topidlo-moderniho-vzhledu-bez-integrovane-ridici-jednotky\/#webpage\",\"url\":\"https:\/\/anderskafka.cz\/eshop\/produkt\/sentiotec-home-fin-45-kw-6-kw-75kw-9kw-elektricke-saunove-topidlo-moderniho-vzhledu-bez-integrovane-ridici-jednotky\/\",\"name\":\"HARVIA AUSTRIA VIRTA WALL \u2013 4,5\/6\/7,5\/9KW \u2013 elektrick\u00e9 saunov\u00e9 topidlo modern\u00edho vzhledu - Anders &amp; Kafka E-SHOP\",\"isPartOf\":{\"@id\":\"https:\/\/anderskafka.cz\/eshop\/#website\"},\"primaryImageOfPage\":{\"@id\":\"https:\/\/anderskafka.cz\/eshop\/produkt\/sentiotec-home-fin-45-kw-6-kw-75kw-9kw-elektricke-saunove-topidlo-moderniho-vzhledu-bez-integrovane-ridici-jednotky\/#primaryimage\"},\"datePublished\":\"2023-03-27T20:39:33+00:00\",\"dateModified\":\"2026-02-05T11:34:47+00:00\",\"description\":\"Modern\u00ed elektrick\u00e9 saunov\u00e9 topidlo v \u010dern\u00e9m proveden\u00ed s p\u0159\u00edm\u00fdmi liniemi. Topidlo je ur\u010deno pro extern\u00ed \u0159\u00edd\u00edc\u00ed jednotku. S vynikaj\u00edc\u00edm\u00a0pom\u011brem cena - kvalita\/v\u00fdkon a velmi rychlou a snadnou mont\u00e1\u017e\u00ed. Spole\u010dnost HARVIA AUSTRIA vyv\u00edj\u00ed a vyr\u00e1b\u00ed kvalitn\u00ed a inovativn\u00ed produkty ur\u010den\u00e9 k tomu, aby Va\u0161e chv\u00edle str\u00e1ven\u00e9 v saun\u011b byly co nejv\u00edce relaxuj\u00edc\u00ed. &nbsp; v\u00fdkon topidla (KW) velikost sauny (m3) 4,5 3-6 6 5-8 7,5 7-12 9 8-14\",\"breadcrumb\":{\"@id\":\"https:\/\/anderskafka.cz\/eshop\/produkt\/sentiotec-home-fin-45-kw-6-kw-75kw-9kw-elektricke-saunove-topidlo-moderniho-vzhledu-bez-integrovane-ridici-jednotky\/#breadcrumb\"},\"inLanguage\":\"cs\",\"potentialAction\":[{\"@type\":\"ReadAction\",\"target\":[\"https:\/\/anderskafka.cz\/eshop\/produkt\/sentiotec-home-fin-45-kw-6-kw-75kw-9kw-elektricke-saunove-topidlo-moderniho-vzhledu-bez-integrovane-ridici-jednotky\/\"]}]},{\"@type\":\"BreadcrumbList\",\"@id\":\"https:\/\/anderskafka.cz\/eshop\/produkt\/sentiotec-home-fin-45-kw-6-kw-75kw-9kw-elektricke-saunove-topidlo-moderniho-vzhledu-bez-integrovane-ridici-jednotky\/#breadcrumb\",\"itemListElement\":[{\"@type\":\"ListItem\",\"position\":1,\"name\":\"Obchod\",\"item\":\"https:\/\/anderskafka.cz\/eshop\/obchod\/\"},{\"@type\":\"ListItem\",\"position\":2,\"name\":\"HARVIA AUSTRIA VIRTA WALL \u2013 4,5\/6\/7,5\/9KW \u2013 elektrick\u00e9 saunov\u00e9 topidlo modern\u00edho vzhledu\"}]}]}<\/script>\n<!-- \/ Yoast SEO plugin. -->","yoast_head_json":{"title":"HARVIA AUSTRIA VIRTA WALL \u2013 4,5\/6\/7,5\/9KW \u2013 elektrick\u00e9 saunov\u00e9 topidlo modern\u00edho vzhledu - Anders &amp; Kafka E-SHOP","description":"Modern\u00ed elektrick\u00e9 saunov\u00e9 topidlo v \u010dern\u00e9m proveden\u00ed s p\u0159\u00edm\u00fdmi liniemi. Topidlo je ur\u010deno pro extern\u00ed \u0159\u00edd\u00edc\u00ed jednotku. S vynikaj\u00edc\u00edm\u00a0pom\u011brem cena - kvalita\/v\u00fdkon a velmi rychlou a snadnou mont\u00e1\u017e\u00ed. Spole\u010dnost HARVIA AUSTRIA vyv\u00edj\u00ed a vyr\u00e1b\u00ed kvalitn\u00ed a inovativn\u00ed produkty ur\u010den\u00e9 k tomu, aby Va\u0161e chv\u00edle str\u00e1ven\u00e9 v saun\u011b byly co nejv\u00edce relaxuj\u00edc\u00ed.  &nbsp;     v\u00fdkon topidla (KW) velikost sauny (m3)   4,5 3-6   6 5-8   7,5 7-12   9 8-14","robots":{"index":"index","follow":"follow","max-snippet":"max-snippet:-1","max-image-preview":"max-image-preview:large","max-video-preview":"max-video-preview:-1"},"canonical":"https:\/\/anderskafka.cz\/eshop\/produkt\/sentiotec-home-fin-45-kw-6-kw-75kw-9kw-elektricke-saunove-topidlo-moderniho-vzhledu-bez-integrovane-ridici-jednotky\/","og_locale":"cs_CZ","og_type":"article","og_title":"HARVIA AUSTRIA VIRTA WALL \u2013 4,5\/6\/7,5\/9KW \u2013 elektrick\u00e9 saunov\u00e9 topidlo modern\u00edho vzhledu - Anders &amp; Kafka E-SHOP","og_description":"Modern\u00ed elektrick\u00e9 saunov\u00e9 topidlo v \u010dern\u00e9m proveden\u00ed s p\u0159\u00edm\u00fdmi liniemi. Topidlo je ur\u010deno pro extern\u00ed \u0159\u00edd\u00edc\u00ed jednotku. S vynikaj\u00edc\u00edm\u00a0pom\u011brem cena - kvalita\/v\u00fdkon a velmi rychlou a snadnou mont\u00e1\u017e\u00ed. Spole\u010dnost HARVIA AUSTRIA vyv\u00edj\u00ed a vyr\u00e1b\u00ed kvalitn\u00ed a inovativn\u00ed produkty ur\u010den\u00e9 k tomu, aby Va\u0161e chv\u00edle str\u00e1ven\u00e9 v saun\u011b byly co nejv\u00edce relaxuj\u00edc\u00ed.  &nbsp;     v\u00fdkon topidla (KW) velikost sauny (m3)   4,5 3-6   6 5-8   7,5 7-12   9 8-14","og_url":"https:\/\/anderskafka.cz\/eshop\/produkt\/sentiotec-home-fin-45-kw-6-kw-75kw-9kw-elektricke-saunove-topidlo-moderniho-vzhledu-bez-integrovane-ridici-jednotky\/","og_site_name":"Anders &amp; Kafka E-SHOP","article_modified_time":"2026-02-05T11:34:47+00:00","og_image":[{"width":1075,"height":1073,"url":"https:\/\/anderskafka.cz\/eshop\/wp-content\/uploads\/sites\/3\/2023\/03\/Sentiotec_Home-fin_HOME-F45-90_p1-Velky.jpg","type":"image\/jpeg"}],"twitter_card":"summary_large_image","twitter_misc":{"Odhadovan\u00e1 doba \u010dten\u00ed":"1 minuta"},"schema":{"@context":"https:\/\/schema.org","@graph":[{"@type":"WebSite","@id":"https:\/\/anderskafka.cz\/eshop\/#website","url":"https:\/\/anderskafka.cz\/eshop\/","name":"Anders &amp; Kafka E-SHOP","description":"Anders &amp; Kafka E-SHOP","potentialAction":[{"@type":"SearchAction","target":{"@type":"EntryPoint","urlTemplate":"https:\/\/anderskafka.cz\/eshop\/?s={search_term_string}"},"query-input":"required name=search_term_string"}],"inLanguage":"cs"},{"@type":"ImageObject","@id":"https:\/\/anderskafka.cz\/eshop\/produkt\/sentiotec-home-fin-45-kw-6-kw-75kw-9kw-elektricke-saunove-topidlo-moderniho-vzhledu-bez-integrovane-ridici-jednotky\/#primaryimage","inLanguage":"cs","url":"https:\/\/anderskafka.cz\/eshop\/wp-content\/uploads\/sites\/3\/2023\/03\/Sentiotec_Home-fin_HOME-F45-90_p1-Velky.jpg","contentUrl":"https:\/\/anderskafka.cz\/eshop\/wp-content\/uploads\/sites\/3\/2023\/03\/Sentiotec_Home-fin_HOME-F45-90_p1-Velky.jpg","width":1075,"height":1073},{"@type":"WebPage","@id":"https:\/\/anderskafka.cz\/eshop\/produkt\/sentiotec-home-fin-45-kw-6-kw-75kw-9kw-elektricke-saunove-topidlo-moderniho-vzhledu-bez-integrovane-ridici-jednotky\/#webpage","url":"https:\/\/anderskafka.cz\/eshop\/produkt\/sentiotec-home-fin-45-kw-6-kw-75kw-9kw-elektricke-saunove-topidlo-moderniho-vzhledu-bez-integrovane-ridici-jednotky\/","name":"HARVIA AUSTRIA VIRTA WALL \u2013 4,5\/6\/7,5\/9KW \u2013 elektrick\u00e9 saunov\u00e9 topidlo modern\u00edho vzhledu - Anders &amp; Kafka E-SHOP","isPartOf":{"@id":"https:\/\/anderskafka.cz\/eshop\/#website"},"primaryImageOfPage":{"@id":"https:\/\/anderskafka.cz\/eshop\/produkt\/sentiotec-home-fin-45-kw-6-kw-75kw-9kw-elektricke-saunove-topidlo-moderniho-vzhledu-bez-integrovane-ridici-jednotky\/#primaryimage"},"datePublished":"2023-03-27T20:39:33+00:00","dateModified":"2026-02-05T11:34:47+00:00","description":"Modern\u00ed elektrick\u00e9 saunov\u00e9 topidlo v \u010dern\u00e9m proveden\u00ed s p\u0159\u00edm\u00fdmi liniemi. Topidlo je ur\u010deno pro extern\u00ed \u0159\u00edd\u00edc\u00ed jednotku. S vynikaj\u00edc\u00edm\u00a0pom\u011brem cena - kvalita\/v\u00fdkon a velmi rychlou a snadnou mont\u00e1\u017e\u00ed. Spole\u010dnost HARVIA AUSTRIA vyv\u00edj\u00ed a vyr\u00e1b\u00ed kvalitn\u00ed a inovativn\u00ed produkty ur\u010den\u00e9 k tomu, aby Va\u0161e chv\u00edle str\u00e1ven\u00e9 v saun\u011b byly co nejv\u00edce relaxuj\u00edc\u00ed. &nbsp; v\u00fdkon topidla (KW) velikost sauny (m3) 4,5 3-6 6 5-8 7,5 7-12 9 8-14","breadcrumb":{"@id":"https:\/\/anderskafka.cz\/eshop\/produkt\/sentiotec-home-fin-45-kw-6-kw-75kw-9kw-elektricke-saunove-topidlo-moderniho-vzhledu-bez-integrovane-ridici-jednotky\/#breadcrumb"},"inLanguage":"cs","potentialAction":[{"@type":"ReadAction","target":["https:\/\/anderskafka.cz\/eshop\/produkt\/sentiotec-home-fin-45-kw-6-kw-75kw-9kw-elektricke-saunove-topidlo-moderniho-vzhledu-bez-integrovane-ridici-jednotky\/"]}]},{"@type":"BreadcrumbList","@id":"https:\/\/anderskafka.cz\/eshop\/produkt\/sentiotec-home-fin-45-kw-6-kw-75kw-9kw-elektricke-saunove-topidlo-moderniho-vzhledu-bez-integrovane-ridici-jednotky\/#breadcrumb","itemListElement":[{"@type":"ListItem","position":1,"name":"Obchod","item":"https:\/\/anderskafka.cz\/eshop\/obchod\/"},{"@type":"ListItem","position":2,"name":"HARVIA AUSTRIA VIRTA WALL \u2013 4,5\/6\/7,5\/9KW \u2013 elektrick\u00e9 saunov\u00e9 topidlo modern\u00edho vzhledu"}]}]}},"locations":[],"_links":{"self":[{"href":"https:\/\/anderskafka.cz\/eshop\/wp-json\/wp\/v2\/product\/2531"}],"collection":[{"href":"https:\/\/anderskafka.cz\/eshop\/wp-json\/wp\/v2\/product"}],"about":[{"href":"https:\/\/anderskafka.cz\/eshop\/wp-json\/wp\/v2\/types\/product"}],"replies":[{"embeddable":true,"href":"https:\/\/anderskafka.cz\/eshop\/wp-json\/wp\/v2\/comments?post=2531"}],"wp:featuredmedia":[{"embeddable":true,"href":"https:\/\/anderskafka.cz\/eshop\/wp-json\/wp\/v2\/media\/3834"}],"wp:attachment":[{"href":"https:\/\/anderskafka.cz\/eshop\/wp-json\/wp\/v2\/media?parent=2531"}],"wp:term":[{"taxonomy":"location","embeddable":true,"href":"https:\/\/anderskafka.cz\/eshop\/wp-json\/wp\/v2\/location?post=2531"},{"taxonomy":"product_cat","embeddable":true,"href":"https:\/\/anderskafka.cz\/eshop\/wp-json\/wp\/v2\/product_cat?post=2531"},{"taxonomy":"product_tag","embeddable":true,"href":"https:\/\/anderskafka.cz\/eshop\/wp-json\/wp\/v2\/product_tag?post=2531"}],"curies":[{"name":"wp","href":"https:\/\/api.w.org\/{rel}","templated":true}]}}