{"id":2607,"date":"2023-03-31T08:24:06","date_gmt":"2023-03-31T06:24:06","guid":{"rendered":"https:\/\/anderskafka.cz\/eshop\/?post_type=product&#038;p=2607"},"modified":"2026-03-30T09:37:12","modified_gmt":"2026-03-30T07:37:12","slug":"sentiotec-fts2-teplotni-a-vhkostni-cidlo","status":"publish","type":"product","link":"https:\/\/anderskafka.cz\/eshop\/produkt\/sentiotec-fts2-teplotni-a-vhkostni-cidlo\/","title":{"rendered":"HARVIA AUSTRIA teplotn\u00ed a vlhkostn\u00ed \u010didlo FTS2"},"content":{"rendered":"<p>\u010cidlo umo\u017e\u0148uje <strong><span style=\"font-weight: 400\">regulaci <\/span>teploty a vlhkosti. <\/strong>Toto \u010didlo spolupracuje s \u0159\u00eddic\u00ed jednotkou PRO D3 a D3I.<\/p>\n<p><strong>Rozsah dod\u00e1vky:<\/strong><br \/>\nTeplotn\u00ed a vlhkostn\u00ed \u010didlo FTS2 s p\u0159\u00edvodn\u00edm silik\u00f3nov\u00fdm kabelem d\u00e9lky 6 m.<\/p>\n<p>K teplotn\u00edmu \u010didlu lze dokoupit voliteln\u00fd<strong> stylov\u00fd d\u0159ev\u011bn\u00e9 kryt <\/strong>ve dvou barevn\u00fdch variant\u00e1ch &#8211; osika nebo cedr.<\/p>\n","protected":false},"excerpt":{"rendered":"<div>\n<p style=\"font-weight: 400\">\u010cidlo umo\u017e\u0148uje regulaci teploty a vlhkosti. Toto \u010didlo spolupracuje s \u0159\u00eddic\u00ed jednotkou PRO D3 a D3I.<\/p>\n<p>Spole\u010dnost HARIVA AUSTRIA vyv\u00edj\u00ed a vyr\u00e1b\u00ed kvalitn\u00ed a inovativn\u00ed produkty ur\u010den\u00e9 k tomu, aby Va\u0161e chv\u00edle str\u00e1ven\u00e9 v saun\u011b byly co nejv\u00edce relaxuj\u00edc\u00ed.<br \/>\n<img loading=\"lazy\" class=\"alignnone size-full wp-image-1323 aligncenter\" src=\"https:\/\/anderskafka.cz\/eshop\/wp-content\/uploads\/sites\/3\/2022\/12\/logoHarvia.png\" alt=\"\" width=\"102\" height=\"102\" srcset=\"https:\/\/anderskafka.cz\/eshop\/wp-content\/uploads\/sites\/3\/2022\/12\/logoHarvia.png 102w, https:\/\/anderskafka.cz\/eshop\/wp-content\/uploads\/sites\/3\/2022\/12\/logoHarvia-100x100.png 100w, https:\/\/anderskafka.cz\/eshop\/wp-content\/uploads\/sites\/3\/2022\/12\/logoHarvia-64x64.png 64w\" sizes=\"(max-width: 102px) 100vw, 102px\" \/><\/p>\n<\/div>\n","protected":false},"featured_media":2609,"comment_status":"open","ping_status":"closed","template":"","meta":{"site-sidebar-layout":"default","site-content-layout":"default","ast-main-header-display":"","ast-hfb-above-header-display":"","ast-hfb-below-header-display":"","ast-hfb-mobile-header-display":"","site-post-title":"","ast-breadcrumbs-content":"","ast-featured-img":"","footer-sml-layout":"","theme-transparent-header-meta":"","adv-header-id-meta":"","stick-header-meta":"","header-above-stick-meta":"","header-main-stick-meta":"","header-below-stick-meta":""},"location":[],"product_cat":[544],"product_tag":[324],"yoast_head":"<!-- This site is optimized with the Yoast SEO plugin v18.5.1 - https:\/\/yoast.com\/wordpress\/plugins\/seo\/ -->\n<title>HARVIA AUSTRIA teplotn\u00ed a vlhkostn\u00ed \u010didlo FTS2 - Anders &amp; Kafka E-SHOP<\/title>\n<meta name=\"description\" content=\"\u010cidlo umo\u017e\u0148uje regulaci teploty a vlhkosti. Toto \u010didlo spolupracuje s \u0159\u00eddic\u00ed jednotkou PRO D3 a D3I. Spole\u010dnost HARIVA AUSTRIA vyv\u00edj\u00ed a vyr\u00e1b\u00ed kvalitn\u00ed a inovativn\u00ed produkty ur\u010den\u00e9 k tomu, aby Va\u0161e chv\u00edle str\u00e1ven\u00e9 v saun\u011b byly co nejv\u00edce relaxuj\u00edc\u00ed.\" \/>\n<meta name=\"robots\" content=\"index, follow, max-snippet:-1, max-image-preview:large, max-video-preview:-1\" \/>\n<link rel=\"canonical\" href=\"https:\/\/anderskafka.cz\/eshop\/produkt\/sentiotec-fts2-teplotni-a-vhkostni-cidlo\/\" \/>\n<meta property=\"og:locale\" content=\"cs_CZ\" \/>\n<meta property=\"og:type\" content=\"article\" \/>\n<meta property=\"og:title\" content=\"HARVIA AUSTRIA teplotn\u00ed a vlhkostn\u00ed \u010didlo FTS2 - Anders &amp; Kafka E-SHOP\" \/>\n<meta property=\"og:description\" content=\"\u010cidlo umo\u017e\u0148uje regulaci teploty a vlhkosti. Toto \u010didlo spolupracuje s \u0159\u00eddic\u00ed jednotkou PRO D3 a D3I. Spole\u010dnost HARIVA AUSTRIA vyv\u00edj\u00ed a vyr\u00e1b\u00ed kvalitn\u00ed a inovativn\u00ed produkty ur\u010den\u00e9 k tomu, aby Va\u0161e chv\u00edle str\u00e1ven\u00e9 v saun\u011b byly co nejv\u00edce relaxuj\u00edc\u00ed.\" \/>\n<meta property=\"og:url\" content=\"https:\/\/anderskafka.cz\/eshop\/produkt\/sentiotec-fts2-teplotni-a-vhkostni-cidlo\/\" \/>\n<meta property=\"og:site_name\" content=\"Anders &amp; Kafka E-SHOP\" \/>\n<meta property=\"article:modified_time\" content=\"2026-03-30T07:37:12+00:00\" \/>\n<meta property=\"og:image\" content=\"https:\/\/anderskafka.cz\/eshop\/wp-content\/uploads\/sites\/3\/2023\/03\/Sentiotec_Feuchte-Temperaturfuhler_O-FTS2_p1.jpg\" \/>\n\t<meta property=\"og:image:width\" content=\"750\" \/>\n\t<meta property=\"og:image:height\" content=\"728\" \/>\n\t<meta property=\"og:image:type\" content=\"image\/jpeg\" \/>\n<meta name=\"twitter:card\" content=\"summary_large_image\" \/>\n<meta name=\"twitter:label1\" content=\"Odhadovan\u00e1 doba \u010dten\u00ed\" \/>\n\t<meta name=\"twitter:data1\" content=\"1 minuta\" \/>\n<script type=\"application\/ld+json\" class=\"yoast-schema-graph\">{\"@context\":\"https:\/\/schema.org\",\"@graph\":[{\"@type\":\"WebSite\",\"@id\":\"https:\/\/anderskafka.cz\/eshop\/#website\",\"url\":\"https:\/\/anderskafka.cz\/eshop\/\",\"name\":\"Anders &amp; Kafka E-SHOP\",\"description\":\"Anders &amp; Kafka E-SHOP\",\"potentialAction\":[{\"@type\":\"SearchAction\",\"target\":{\"@type\":\"EntryPoint\",\"urlTemplate\":\"https:\/\/anderskafka.cz\/eshop\/?s={search_term_string}\"},\"query-input\":\"required name=search_term_string\"}],\"inLanguage\":\"cs\"},{\"@type\":\"ImageObject\",\"@id\":\"https:\/\/anderskafka.cz\/eshop\/produkt\/sentiotec-fts2-teplotni-a-vhkostni-cidlo\/#primaryimage\",\"inLanguage\":\"cs\",\"url\":\"https:\/\/anderskafka.cz\/eshop\/wp-content\/uploads\/sites\/3\/2023\/03\/Sentiotec_Feuchte-Temperaturfuhler_O-FTS2_p1.jpg\",\"contentUrl\":\"https:\/\/anderskafka.cz\/eshop\/wp-content\/uploads\/sites\/3\/2023\/03\/Sentiotec_Feuchte-Temperaturfuhler_O-FTS2_p1.jpg\",\"width\":750,\"height\":728},{\"@type\":\"WebPage\",\"@id\":\"https:\/\/anderskafka.cz\/eshop\/produkt\/sentiotec-fts2-teplotni-a-vhkostni-cidlo\/#webpage\",\"url\":\"https:\/\/anderskafka.cz\/eshop\/produkt\/sentiotec-fts2-teplotni-a-vhkostni-cidlo\/\",\"name\":\"HARVIA AUSTRIA teplotn\u00ed a vlhkostn\u00ed \u010didlo FTS2 - Anders &amp; Kafka E-SHOP\",\"isPartOf\":{\"@id\":\"https:\/\/anderskafka.cz\/eshop\/#website\"},\"primaryImageOfPage\":{\"@id\":\"https:\/\/anderskafka.cz\/eshop\/produkt\/sentiotec-fts2-teplotni-a-vhkostni-cidlo\/#primaryimage\"},\"datePublished\":\"2023-03-31T06:24:06+00:00\",\"dateModified\":\"2026-03-30T07:37:12+00:00\",\"description\":\"\u010cidlo umo\u017e\u0148uje regulaci teploty a vlhkosti. Toto \u010didlo spolupracuje s \u0159\u00eddic\u00ed jednotkou PRO D3 a D3I. Spole\u010dnost HARIVA AUSTRIA vyv\u00edj\u00ed a vyr\u00e1b\u00ed kvalitn\u00ed a inovativn\u00ed produkty ur\u010den\u00e9 k tomu, aby Va\u0161e chv\u00edle str\u00e1ven\u00e9 v saun\u011b byly co nejv\u00edce relaxuj\u00edc\u00ed.\",\"breadcrumb\":{\"@id\":\"https:\/\/anderskafka.cz\/eshop\/produkt\/sentiotec-fts2-teplotni-a-vhkostni-cidlo\/#breadcrumb\"},\"inLanguage\":\"cs\",\"potentialAction\":[{\"@type\":\"ReadAction\",\"target\":[\"https:\/\/anderskafka.cz\/eshop\/produkt\/sentiotec-fts2-teplotni-a-vhkostni-cidlo\/\"]}]},{\"@type\":\"BreadcrumbList\",\"@id\":\"https:\/\/anderskafka.cz\/eshop\/produkt\/sentiotec-fts2-teplotni-a-vhkostni-cidlo\/#breadcrumb\",\"itemListElement\":[{\"@type\":\"ListItem\",\"position\":1,\"name\":\"Obchod\",\"item\":\"https:\/\/anderskafka.cz\/eshop\/obchod\/\"},{\"@type\":\"ListItem\",\"position\":2,\"name\":\"HARVIA AUSTRIA teplotn\u00ed a vlhkostn\u00ed \u010didlo FTS2\"}]}]}<\/script>\n<!-- \/ Yoast SEO plugin. -->","yoast_head_json":{"title":"HARVIA AUSTRIA teplotn\u00ed a vlhkostn\u00ed \u010didlo FTS2 - Anders &amp; Kafka E-SHOP","description":"\u010cidlo umo\u017e\u0148uje regulaci teploty a vlhkosti. Toto \u010didlo spolupracuje s \u0159\u00eddic\u00ed jednotkou PRO D3 a D3I. Spole\u010dnost HARIVA AUSTRIA vyv\u00edj\u00ed a vyr\u00e1b\u00ed kvalitn\u00ed a inovativn\u00ed produkty ur\u010den\u00e9 k tomu, aby Va\u0161e chv\u00edle str\u00e1ven\u00e9 v saun\u011b byly co nejv\u00edce relaxuj\u00edc\u00ed.","robots":{"index":"index","follow":"follow","max-snippet":"max-snippet:-1","max-image-preview":"max-image-preview:large","max-video-preview":"max-video-preview:-1"},"canonical":"https:\/\/anderskafka.cz\/eshop\/produkt\/sentiotec-fts2-teplotni-a-vhkostni-cidlo\/","og_locale":"cs_CZ","og_type":"article","og_title":"HARVIA AUSTRIA teplotn\u00ed a vlhkostn\u00ed \u010didlo FTS2 - Anders &amp; Kafka E-SHOP","og_description":"\u010cidlo umo\u017e\u0148uje regulaci teploty a vlhkosti. Toto \u010didlo spolupracuje s \u0159\u00eddic\u00ed jednotkou PRO D3 a D3I. Spole\u010dnost HARIVA AUSTRIA vyv\u00edj\u00ed a vyr\u00e1b\u00ed kvalitn\u00ed a inovativn\u00ed produkty ur\u010den\u00e9 k tomu, aby Va\u0161e chv\u00edle str\u00e1ven\u00e9 v saun\u011b byly co nejv\u00edce relaxuj\u00edc\u00ed.","og_url":"https:\/\/anderskafka.cz\/eshop\/produkt\/sentiotec-fts2-teplotni-a-vhkostni-cidlo\/","og_site_name":"Anders &amp; Kafka E-SHOP","article_modified_time":"2026-03-30T07:37:12+00:00","og_image":[{"width":750,"height":728,"url":"https:\/\/anderskafka.cz\/eshop\/wp-content\/uploads\/sites\/3\/2023\/03\/Sentiotec_Feuchte-Temperaturfuhler_O-FTS2_p1.jpg","type":"image\/jpeg"}],"twitter_card":"summary_large_image","twitter_misc":{"Odhadovan\u00e1 doba \u010dten\u00ed":"1 minuta"},"schema":{"@context":"https:\/\/schema.org","@graph":[{"@type":"WebSite","@id":"https:\/\/anderskafka.cz\/eshop\/#website","url":"https:\/\/anderskafka.cz\/eshop\/","name":"Anders &amp; Kafka E-SHOP","description":"Anders &amp; Kafka E-SHOP","potentialAction":[{"@type":"SearchAction","target":{"@type":"EntryPoint","urlTemplate":"https:\/\/anderskafka.cz\/eshop\/?s={search_term_string}"},"query-input":"required name=search_term_string"}],"inLanguage":"cs"},{"@type":"ImageObject","@id":"https:\/\/anderskafka.cz\/eshop\/produkt\/sentiotec-fts2-teplotni-a-vhkostni-cidlo\/#primaryimage","inLanguage":"cs","url":"https:\/\/anderskafka.cz\/eshop\/wp-content\/uploads\/sites\/3\/2023\/03\/Sentiotec_Feuchte-Temperaturfuhler_O-FTS2_p1.jpg","contentUrl":"https:\/\/anderskafka.cz\/eshop\/wp-content\/uploads\/sites\/3\/2023\/03\/Sentiotec_Feuchte-Temperaturfuhler_O-FTS2_p1.jpg","width":750,"height":728},{"@type":"WebPage","@id":"https:\/\/anderskafka.cz\/eshop\/produkt\/sentiotec-fts2-teplotni-a-vhkostni-cidlo\/#webpage","url":"https:\/\/anderskafka.cz\/eshop\/produkt\/sentiotec-fts2-teplotni-a-vhkostni-cidlo\/","name":"HARVIA AUSTRIA teplotn\u00ed a vlhkostn\u00ed \u010didlo FTS2 - Anders &amp; Kafka E-SHOP","isPartOf":{"@id":"https:\/\/anderskafka.cz\/eshop\/#website"},"primaryImageOfPage":{"@id":"https:\/\/anderskafka.cz\/eshop\/produkt\/sentiotec-fts2-teplotni-a-vhkostni-cidlo\/#primaryimage"},"datePublished":"2023-03-31T06:24:06+00:00","dateModified":"2026-03-30T07:37:12+00:00","description":"\u010cidlo umo\u017e\u0148uje regulaci teploty a vlhkosti. Toto \u010didlo spolupracuje s \u0159\u00eddic\u00ed jednotkou PRO D3 a D3I. Spole\u010dnost HARIVA AUSTRIA vyv\u00edj\u00ed a vyr\u00e1b\u00ed kvalitn\u00ed a inovativn\u00ed produkty ur\u010den\u00e9 k tomu, aby Va\u0161e chv\u00edle str\u00e1ven\u00e9 v saun\u011b byly co nejv\u00edce relaxuj\u00edc\u00ed.","breadcrumb":{"@id":"https:\/\/anderskafka.cz\/eshop\/produkt\/sentiotec-fts2-teplotni-a-vhkostni-cidlo\/#breadcrumb"},"inLanguage":"cs","potentialAction":[{"@type":"ReadAction","target":["https:\/\/anderskafka.cz\/eshop\/produkt\/sentiotec-fts2-teplotni-a-vhkostni-cidlo\/"]}]},{"@type":"BreadcrumbList","@id":"https:\/\/anderskafka.cz\/eshop\/produkt\/sentiotec-fts2-teplotni-a-vhkostni-cidlo\/#breadcrumb","itemListElement":[{"@type":"ListItem","position":1,"name":"Obchod","item":"https:\/\/anderskafka.cz\/eshop\/obchod\/"},{"@type":"ListItem","position":2,"name":"HARVIA AUSTRIA teplotn\u00ed a vlhkostn\u00ed \u010didlo FTS2"}]}]}},"locations":[],"_links":{"self":[{"href":"https:\/\/anderskafka.cz\/eshop\/wp-json\/wp\/v2\/product\/2607"}],"collection":[{"href":"https:\/\/anderskafka.cz\/eshop\/wp-json\/wp\/v2\/product"}],"about":[{"href":"https:\/\/anderskafka.cz\/eshop\/wp-json\/wp\/v2\/types\/product"}],"replies":[{"embeddable":true,"href":"https:\/\/anderskafka.cz\/eshop\/wp-json\/wp\/v2\/comments?post=2607"}],"wp:featuredmedia":[{"embeddable":true,"href":"https:\/\/anderskafka.cz\/eshop\/wp-json\/wp\/v2\/media\/2609"}],"wp:attachment":[{"href":"https:\/\/anderskafka.cz\/eshop\/wp-json\/wp\/v2\/media?parent=2607"}],"wp:term":[{"taxonomy":"location","embeddable":true,"href":"https:\/\/anderskafka.cz\/eshop\/wp-json\/wp\/v2\/location?post=2607"},{"taxonomy":"product_cat","embeddable":true,"href":"https:\/\/anderskafka.cz\/eshop\/wp-json\/wp\/v2\/product_cat?post=2607"},{"taxonomy":"product_tag","embeddable":true,"href":"https:\/\/anderskafka.cz\/eshop\/wp-json\/wp\/v2\/product_tag?post=2607"}],"curies":[{"name":"wp","href":"https:\/\/api.w.org\/{rel}","templated":true}]}}