{"id":2628,"date":"2023-04-01T06:57:55","date_gmt":"2023-04-01T04:57:55","guid":{"rendered":"https:\/\/anderskafka.cz\/eshop\/?post_type=product&#038;p=2628"},"modified":"2026-02-05T12:19:46","modified_gmt":"2026-02-05T11:19:46","slug":"sentiotec-concept-r-mini-35-kw-45-kw-6-kw-75-kw-kompaktni-designove-elektricke-saunove-topidlo-moderniho-vzhledu","status":"publish","type":"product","link":"https:\/\/anderskafka.cz\/eshop\/produkt\/sentiotec-concept-r-mini-35-kw-45-kw-6-kw-75-kw-kompaktni-designove-elektricke-saunove-topidlo-moderniho-vzhledu\/","title":{"rendered":"HARVIA AUSTRIA CONCEPT R MINI \u2013 3,5\/4,5\/6\/7,5 kW \u2013 kompaktn\u00ed designov\u00e9 elektrick\u00e9 saunov\u00e9 topidlo modern\u00edho vzhledu"},"content":{"rendered":"<p style=\"font-weight: 400\">Kompaktn\u00ed designov\u00e9 elektrick\u00e9 saunov\u00e9 topidlo s elegantn\u011b zaoblen\u00fdmi liniemi, vn\u011bj\u0161\u00ed pl\u00e1\u0161\u0165 je proveden kombinac\u00ed odoln\u00e9ho pr\u00e1\u0161kov\u00e9ho n\u00e1st\u0159iku modern\u00ed grafitov\u011b \u010dern\u00e9 barvy a kart\u00e1\u010dovan\u00e9 oceli. Topidlo je ur\u010deno pro extern\u00ed \u0159\u00eddic\u00ed jednotku. Pe\u010dliv\u011b vybran\u00e9 materi\u00e1ly a inovativn\u00ed konstrukce d\u011blaj\u00ed z Conceptu R mini perfektn\u00ed volbu pro rozm\u011brov\u011b men\u0161\u00ed sauny.<\/p>\n<p style=\"font-weight: 400\"><span class=\"y2iqfc\">Rychl\u00e1 a snadn\u00e1 mont\u00e1\u017e.<br \/>\nTopidlo vyroben\u00e9 z nerezov\u00e9 oceli.<\/span><span class=\"y2iqfc\"><br \/>\n<\/span>Ur\u010deno pro mont\u00e1\u017e na st\u011bnu sauny, v p\u0159\u00edpad\u011b dokoupen\u00ed elegantn\u00edho stojanu pak i podlahu .<br \/>\n<span style=\"font-size: 16px\">Vhodn\u00e9 i pro jednof\u00e1zov\u00e9 p\u0159ipojen\u00ed.<br \/>\n<\/span>Extern\u00ed \u0159\u00eddic\u00ed jednotka nen\u00ed sou\u010d\u00e1st\u00ed balen\u00ed.<br \/>\n<span style=\"font-size: 16px\">Topidlo pojme maxim\u00e1ln\u011b 15 kg saunov\u00fdch kamen\u016f, kter\u00e9 nejsou sou\u010d\u00e1st\u00ed balen\u00ed.<\/span><\/p>\n<p><strong>Voliteln\u00e9 stylov\u00e9 d\u0159ev\u011bn\u00e9 ochrann\u00e9 z\u00e1bradl\u00ed<\/strong> dod\u00e1v\u00e1 vzhledu topidla lehkost a tak\u00e9 zv\u00fd\u0161\u00ed bezpe\u010dnost v saun\u011b.<\/p>\n","protected":false},"excerpt":{"rendered":"<p style=\"font-weight: 400\">Kompaktn\u00ed designov\u00e9 elektrick\u00e9 saunov\u00e9 topidlo s elegantn\u011b zaoblen\u00fdmi liniemi, vn\u011bj\u0161\u00ed pl\u00e1\u0161\u0165 je proveden kombinac\u00ed odoln\u00e9ho pr\u00e1\u0161kov\u00e9ho n\u00e1st\u0159iku modern\u00ed grafitov\u011b \u010dern\u00e9 barvy a kart\u00e1\u010dovan\u00e9 oceli. Topidlo je ur\u010deno pro extern\u00ed \u0159\u00eddic\u00ed jednotku. Pe\u010dliv\u011b vybran\u00e9 materi\u00e1ly a inovativn\u00ed konstrukce d\u011blaj\u00ed z Conceptu R mini perfektn\u00ed volbu pro rozm\u011brov\u011b men\u0161\u00ed sauny. Vnit\u0159n\u00ed sou\u010d\u00e1sti jsou vyrobeny z odoln\u00e9 nerezov\u00e9 oceli. Topidlo m\u016f\u017ee b\u00fdt namontov\u00e1no na st\u011bnu nebo s voliteln\u00fdm stojanem na podlahu. K topidlu je mo\u017enost dokoupen\u00ed stylov\u00e9ho d\u0159ev\u011bn\u00e9ho ochrann\u00e9ho z\u00e1bradl\u00ed z d\u0159eviny l\u00edpy nebo o\u0159echu, kter\u00e9 zjemn\u00ed celkov\u00e9 linie topidla.<\/p>\n<p>Spole\u010dnost HARVIA AUSTRIA vyv\u00edj\u00ed a vyr\u00e1b\u00ed kvalitn\u00ed a inovativn\u00ed produkty ur\u010den\u00e9 k tomu, aby Va\u0161e chv\u00edle str\u00e1ven\u00e9 v saun\u011b byly co nejv\u00edce relaxuj\u00edc\u00ed.<\/p>\n<p>&nbsp;<\/p>\n<table border=\"0\" width=\"347\" cellspacing=\"0\" cellpadding=\"0\">\n<tbody>\n<tr>\n<td style=\"text-align: center\" width=\"175\" height=\"21\">v\u00fdkon topidla (KW)<\/td>\n<td style=\"text-align: center\" width=\"172\">velikost sauny (m<sup>3<\/sup>)<\/td>\n<\/tr>\n<tr>\n<td style=\"text-align: center\" align=\"right\" height=\"21\">3,5<\/td>\n<td class=\"xl63\" style=\"text-align: center\">3-5<\/td>\n<\/tr>\n<tr>\n<td style=\"text-align: center\" align=\"right\" height=\"21\">4<\/td>\n<td style=\"text-align: center\">4-6<\/td>\n<\/tr>\n<tr>\n<td style=\"text-align: center\" align=\"right\" height=\"21\">6<\/td>\n<td style=\"text-align: center\">5-8<\/td>\n<\/tr>\n<tr>\n<td style=\"text-align: center\" align=\"right\" height=\"21\">7,5<\/td>\n<td style=\"text-align: center\">7-11<\/td>\n<\/tr>\n<\/tbody>\n<\/table>\n","protected":false},"featured_media":2634,"comment_status":"open","ping_status":"closed","template":"","meta":{"site-sidebar-layout":"default","site-content-layout":"default","ast-main-header-display":"","ast-hfb-above-header-display":"","ast-hfb-below-header-display":"","ast-hfb-mobile-header-display":"","site-post-title":"","ast-breadcrumbs-content":"","ast-featured-img":"","footer-sml-layout":"","theme-transparent-header-meta":"","adv-header-id-meta":"","stick-header-meta":"","header-above-stick-meta":"","header-main-stick-meta":"","header-below-stick-meta":""},"location":[],"product_cat":[540],"product_tag":[324],"yoast_head":"<!-- This site is optimized with the Yoast SEO plugin v18.5.1 - https:\/\/yoast.com\/wordpress\/plugins\/seo\/ -->\n<title>HARVIA AUSTRIA CONCEPT R MINI \u2013 3,5\/4,5\/6\/7,5 kW \u2013 kompaktn\u00ed designov\u00e9 elektrick\u00e9 saunov\u00e9 topidlo modern\u00edho vzhledu - Anders &amp; Kafka E-SHOP<\/title>\n<meta name=\"description\" content=\"Kompaktn\u00ed designov\u00e9 elektrick\u00e9 saunov\u00e9 topidlo s elegantn\u011b zaoblen\u00fdmi liniemi, vn\u011bj\u0161\u00ed pl\u00e1\u0161\u0165 je proveden kombinac\u00ed odoln\u00e9ho pr\u00e1\u0161kov\u00e9ho n\u00e1st\u0159iku modern\u00ed grafitov\u011b \u010dern\u00e9 barvy a kart\u00e1\u010dovan\u00e9 oceli. Topidlo je ur\u010deno pro extern\u00ed \u0159\u00eddic\u00ed jednotku. Pe\u010dliv\u011b vybran\u00e9 materi\u00e1ly a inovativn\u00ed konstrukce d\u011blaj\u00ed z Conceptu R mini perfektn\u00ed volbu pro rozm\u011brov\u011b men\u0161\u00ed sauny. Vnit\u0159n\u00ed sou\u010d\u00e1sti jsou vyrobeny z odoln\u00e9 nerezov\u00e9 oceli. Topidlo m\u016f\u017ee b\u00fdt namontov\u00e1no na st\u011bnu nebo s voliteln\u00fdm stojanem na podlahu. K topidlu je mo\u017enost dokoupen\u00ed stylov\u00e9ho d\u0159ev\u011bn\u00e9ho ochrann\u00e9ho z\u00e1bradl\u00ed z d\u0159eviny l\u00edpy nebo o\u0159echu, kter\u00e9 zjemn\u00ed celkov\u00e9 linie topidla. Spole\u010dnost HARVIA AUSTRIA vyv\u00edj\u00ed a vyr\u00e1b\u00ed kvalitn\u00ed a inovativn\u00ed produkty ur\u010den\u00e9 k tomu, aby Va\u0161e chv\u00edle str\u00e1ven\u00e9 v saun\u011b byly co nejv\u00edce relaxuj\u00edc\u00ed.  &nbsp;    v\u00fdkon topidla (KW) velikost sauny (m3)   3,5 3-5   4 4-6   6 5-8   7,5 7-11\" \/>\n<meta name=\"robots\" content=\"index, follow, max-snippet:-1, max-image-preview:large, max-video-preview:-1\" \/>\n<link rel=\"canonical\" href=\"https:\/\/anderskafka.cz\/eshop\/produkt\/sentiotec-concept-r-mini-35-kw-45-kw-6-kw-75-kw-kompaktni-designove-elektricke-saunove-topidlo-moderniho-vzhledu\/\" \/>\n<meta property=\"og:locale\" content=\"cs_CZ\" \/>\n<meta property=\"og:type\" content=\"article\" \/>\n<meta property=\"og:title\" content=\"HARVIA AUSTRIA CONCEPT R MINI \u2013 3,5\/4,5\/6\/7,5 kW \u2013 kompaktn\u00ed designov\u00e9 elektrick\u00e9 saunov\u00e9 topidlo modern\u00edho vzhledu - Anders &amp; Kafka E-SHOP\" \/>\n<meta property=\"og:description\" content=\"Kompaktn\u00ed designov\u00e9 elektrick\u00e9 saunov\u00e9 topidlo s elegantn\u011b zaoblen\u00fdmi liniemi, vn\u011bj\u0161\u00ed pl\u00e1\u0161\u0165 je proveden kombinac\u00ed odoln\u00e9ho pr\u00e1\u0161kov\u00e9ho n\u00e1st\u0159iku modern\u00ed grafitov\u011b \u010dern\u00e9 barvy a kart\u00e1\u010dovan\u00e9 oceli. Topidlo je ur\u010deno pro extern\u00ed \u0159\u00eddic\u00ed jednotku. Pe\u010dliv\u011b vybran\u00e9 materi\u00e1ly a inovativn\u00ed konstrukce d\u011blaj\u00ed z Conceptu R mini perfektn\u00ed volbu pro rozm\u011brov\u011b men\u0161\u00ed sauny. Vnit\u0159n\u00ed sou\u010d\u00e1sti jsou vyrobeny z odoln\u00e9 nerezov\u00e9 oceli. Topidlo m\u016f\u017ee b\u00fdt namontov\u00e1no na st\u011bnu nebo s voliteln\u00fdm stojanem na podlahu. K topidlu je mo\u017enost dokoupen\u00ed stylov\u00e9ho d\u0159ev\u011bn\u00e9ho ochrann\u00e9ho z\u00e1bradl\u00ed z d\u0159eviny l\u00edpy nebo o\u0159echu, kter\u00e9 zjemn\u00ed celkov\u00e9 linie topidla. Spole\u010dnost HARVIA AUSTRIA vyv\u00edj\u00ed a vyr\u00e1b\u00ed kvalitn\u00ed a inovativn\u00ed produkty ur\u010den\u00e9 k tomu, aby Va\u0161e chv\u00edle str\u00e1ven\u00e9 v saun\u011b byly co nejv\u00edce relaxuj\u00edc\u00ed.  &nbsp;    v\u00fdkon topidla (KW) velikost sauny (m3)   3,5 3-5   4 4-6   6 5-8   7,5 7-11\" \/>\n<meta property=\"og:url\" content=\"https:\/\/anderskafka.cz\/eshop\/produkt\/sentiotec-concept-r-mini-35-kw-45-kw-6-kw-75-kw-kompaktni-designove-elektricke-saunove-topidlo-moderniho-vzhledu\/\" \/>\n<meta property=\"og:site_name\" content=\"Anders &amp; Kafka E-SHOP\" \/>\n<meta property=\"article:modified_time\" content=\"2026-02-05T11:19:46+00:00\" \/>\n<meta property=\"og:image\" content=\"https:\/\/anderskafka.cz\/eshop\/wp-content\/uploads\/sites\/3\/2023\/04\/sentiotec_Concept-R-mini_p1.jpg\" \/>\n\t<meta property=\"og:image:width\" content=\"1126\" \/>\n\t<meta property=\"og:image:height\" content=\"1200\" \/>\n\t<meta property=\"og:image:type\" content=\"image\/jpeg\" \/>\n<meta name=\"twitter:card\" content=\"summary_large_image\" \/>\n<meta name=\"twitter:label1\" content=\"Odhadovan\u00e1 doba \u010dten\u00ed\" \/>\n\t<meta name=\"twitter:data1\" content=\"1 minuta\" \/>\n<script type=\"application\/ld+json\" class=\"yoast-schema-graph\">{\"@context\":\"https:\/\/schema.org\",\"@graph\":[{\"@type\":\"WebSite\",\"@id\":\"https:\/\/anderskafka.cz\/eshop\/#website\",\"url\":\"https:\/\/anderskafka.cz\/eshop\/\",\"name\":\"Anders &amp; Kafka E-SHOP\",\"description\":\"Anders &amp; Kafka E-SHOP\",\"potentialAction\":[{\"@type\":\"SearchAction\",\"target\":{\"@type\":\"EntryPoint\",\"urlTemplate\":\"https:\/\/anderskafka.cz\/eshop\/?s={search_term_string}\"},\"query-input\":\"required name=search_term_string\"}],\"inLanguage\":\"cs\"},{\"@type\":\"ImageObject\",\"@id\":\"https:\/\/anderskafka.cz\/eshop\/produkt\/sentiotec-concept-r-mini-35-kw-45-kw-6-kw-75-kw-kompaktni-designove-elektricke-saunove-topidlo-moderniho-vzhledu\/#primaryimage\",\"inLanguage\":\"cs\",\"url\":\"https:\/\/anderskafka.cz\/eshop\/wp-content\/uploads\/sites\/3\/2023\/04\/sentiotec_Concept-R-mini_p1.jpg\",\"contentUrl\":\"https:\/\/anderskafka.cz\/eshop\/wp-content\/uploads\/sites\/3\/2023\/04\/sentiotec_Concept-R-mini_p1.jpg\",\"width\":1126,\"height\":1200},{\"@type\":\"WebPage\",\"@id\":\"https:\/\/anderskafka.cz\/eshop\/produkt\/sentiotec-concept-r-mini-35-kw-45-kw-6-kw-75-kw-kompaktni-designove-elektricke-saunove-topidlo-moderniho-vzhledu\/#webpage\",\"url\":\"https:\/\/anderskafka.cz\/eshop\/produkt\/sentiotec-concept-r-mini-35-kw-45-kw-6-kw-75-kw-kompaktni-designove-elektricke-saunove-topidlo-moderniho-vzhledu\/\",\"name\":\"HARVIA AUSTRIA CONCEPT R MINI \u2013 3,5\/4,5\/6\/7,5 kW \u2013 kompaktn\u00ed designov\u00e9 elektrick\u00e9 saunov\u00e9 topidlo modern\u00edho vzhledu - Anders &amp; Kafka E-SHOP\",\"isPartOf\":{\"@id\":\"https:\/\/anderskafka.cz\/eshop\/#website\"},\"primaryImageOfPage\":{\"@id\":\"https:\/\/anderskafka.cz\/eshop\/produkt\/sentiotec-concept-r-mini-35-kw-45-kw-6-kw-75-kw-kompaktni-designove-elektricke-saunove-topidlo-moderniho-vzhledu\/#primaryimage\"},\"datePublished\":\"2023-04-01T04:57:55+00:00\",\"dateModified\":\"2026-02-05T11:19:46+00:00\",\"description\":\"Kompaktn\u00ed designov\u00e9 elektrick\u00e9 saunov\u00e9 topidlo s elegantn\u011b zaoblen\u00fdmi liniemi, vn\u011bj\u0161\u00ed pl\u00e1\u0161\u0165 je proveden kombinac\u00ed odoln\u00e9ho pr\u00e1\u0161kov\u00e9ho n\u00e1st\u0159iku modern\u00ed grafitov\u011b \u010dern\u00e9 barvy a kart\u00e1\u010dovan\u00e9 oceli. Topidlo je ur\u010deno pro extern\u00ed \u0159\u00eddic\u00ed jednotku. Pe\u010dliv\u011b vybran\u00e9 materi\u00e1ly a inovativn\u00ed konstrukce d\u011blaj\u00ed z Conceptu R mini perfektn\u00ed volbu pro rozm\u011brov\u011b men\u0161\u00ed sauny. Vnit\u0159n\u00ed sou\u010d\u00e1sti jsou vyrobeny z odoln\u00e9 nerezov\u00e9 oceli. Topidlo m\u016f\u017ee b\u00fdt namontov\u00e1no na st\u011bnu nebo s voliteln\u00fdm stojanem na podlahu. K topidlu je mo\u017enost dokoupen\u00ed stylov\u00e9ho d\u0159ev\u011bn\u00e9ho ochrann\u00e9ho z\u00e1bradl\u00ed z d\u0159eviny l\u00edpy nebo o\u0159echu, kter\u00e9 zjemn\u00ed celkov\u00e9 linie topidla. Spole\u010dnost HARVIA AUSTRIA vyv\u00edj\u00ed a vyr\u00e1b\u00ed kvalitn\u00ed a inovativn\u00ed produkty ur\u010den\u00e9 k tomu, aby Va\u0161e chv\u00edle str\u00e1ven\u00e9 v saun\u011b byly co nejv\u00edce relaxuj\u00edc\u00ed. &nbsp; v\u00fdkon topidla (KW) velikost sauny (m3) 3,5 3-5 4 4-6 6 5-8 7,5 7-11\",\"breadcrumb\":{\"@id\":\"https:\/\/anderskafka.cz\/eshop\/produkt\/sentiotec-concept-r-mini-35-kw-45-kw-6-kw-75-kw-kompaktni-designove-elektricke-saunove-topidlo-moderniho-vzhledu\/#breadcrumb\"},\"inLanguage\":\"cs\",\"potentialAction\":[{\"@type\":\"ReadAction\",\"target\":[\"https:\/\/anderskafka.cz\/eshop\/produkt\/sentiotec-concept-r-mini-35-kw-45-kw-6-kw-75-kw-kompaktni-designove-elektricke-saunove-topidlo-moderniho-vzhledu\/\"]}]},{\"@type\":\"BreadcrumbList\",\"@id\":\"https:\/\/anderskafka.cz\/eshop\/produkt\/sentiotec-concept-r-mini-35-kw-45-kw-6-kw-75-kw-kompaktni-designove-elektricke-saunove-topidlo-moderniho-vzhledu\/#breadcrumb\",\"itemListElement\":[{\"@type\":\"ListItem\",\"position\":1,\"name\":\"Obchod\",\"item\":\"https:\/\/anderskafka.cz\/eshop\/obchod\/\"},{\"@type\":\"ListItem\",\"position\":2,\"name\":\"HARVIA AUSTRIA CONCEPT R MINI \u2013 3,5\/4,5\/6\/7,5 kW \u2013 kompaktn\u00ed designov\u00e9 elektrick\u00e9 saunov\u00e9 topidlo modern\u00edho vzhledu\"}]}]}<\/script>\n<!-- \/ Yoast SEO plugin. -->","yoast_head_json":{"title":"HARVIA AUSTRIA CONCEPT R MINI \u2013 3,5\/4,5\/6\/7,5 kW \u2013 kompaktn\u00ed designov\u00e9 elektrick\u00e9 saunov\u00e9 topidlo modern\u00edho vzhledu - Anders &amp; Kafka E-SHOP","description":"Kompaktn\u00ed designov\u00e9 elektrick\u00e9 saunov\u00e9 topidlo s elegantn\u011b zaoblen\u00fdmi liniemi, vn\u011bj\u0161\u00ed pl\u00e1\u0161\u0165 je proveden kombinac\u00ed odoln\u00e9ho pr\u00e1\u0161kov\u00e9ho n\u00e1st\u0159iku modern\u00ed grafitov\u011b \u010dern\u00e9 barvy a kart\u00e1\u010dovan\u00e9 oceli. Topidlo je ur\u010deno pro extern\u00ed \u0159\u00eddic\u00ed jednotku. Pe\u010dliv\u011b vybran\u00e9 materi\u00e1ly a inovativn\u00ed konstrukce d\u011blaj\u00ed z Conceptu R mini perfektn\u00ed volbu pro rozm\u011brov\u011b men\u0161\u00ed sauny. Vnit\u0159n\u00ed sou\u010d\u00e1sti jsou vyrobeny z odoln\u00e9 nerezov\u00e9 oceli. Topidlo m\u016f\u017ee b\u00fdt namontov\u00e1no na st\u011bnu nebo s voliteln\u00fdm stojanem na podlahu. K topidlu je mo\u017enost dokoupen\u00ed stylov\u00e9ho d\u0159ev\u011bn\u00e9ho ochrann\u00e9ho z\u00e1bradl\u00ed z d\u0159eviny l\u00edpy nebo o\u0159echu, kter\u00e9 zjemn\u00ed celkov\u00e9 linie topidla. Spole\u010dnost HARVIA AUSTRIA vyv\u00edj\u00ed a vyr\u00e1b\u00ed kvalitn\u00ed a inovativn\u00ed produkty ur\u010den\u00e9 k tomu, aby Va\u0161e chv\u00edle str\u00e1ven\u00e9 v saun\u011b byly co nejv\u00edce relaxuj\u00edc\u00ed.  &nbsp;    v\u00fdkon topidla (KW) velikost sauny (m3)   3,5 3-5   4 4-6   6 5-8   7,5 7-11","robots":{"index":"index","follow":"follow","max-snippet":"max-snippet:-1","max-image-preview":"max-image-preview:large","max-video-preview":"max-video-preview:-1"},"canonical":"https:\/\/anderskafka.cz\/eshop\/produkt\/sentiotec-concept-r-mini-35-kw-45-kw-6-kw-75-kw-kompaktni-designove-elektricke-saunove-topidlo-moderniho-vzhledu\/","og_locale":"cs_CZ","og_type":"article","og_title":"HARVIA AUSTRIA CONCEPT R MINI \u2013 3,5\/4,5\/6\/7,5 kW \u2013 kompaktn\u00ed designov\u00e9 elektrick\u00e9 saunov\u00e9 topidlo modern\u00edho vzhledu - Anders &amp; Kafka E-SHOP","og_description":"Kompaktn\u00ed designov\u00e9 elektrick\u00e9 saunov\u00e9 topidlo s elegantn\u011b zaoblen\u00fdmi liniemi, vn\u011bj\u0161\u00ed pl\u00e1\u0161\u0165 je proveden kombinac\u00ed odoln\u00e9ho pr\u00e1\u0161kov\u00e9ho n\u00e1st\u0159iku modern\u00ed grafitov\u011b \u010dern\u00e9 barvy a kart\u00e1\u010dovan\u00e9 oceli. Topidlo je ur\u010deno pro extern\u00ed \u0159\u00eddic\u00ed jednotku. Pe\u010dliv\u011b vybran\u00e9 materi\u00e1ly a inovativn\u00ed konstrukce d\u011blaj\u00ed z Conceptu R mini perfektn\u00ed volbu pro rozm\u011brov\u011b men\u0161\u00ed sauny. Vnit\u0159n\u00ed sou\u010d\u00e1sti jsou vyrobeny z odoln\u00e9 nerezov\u00e9 oceli. Topidlo m\u016f\u017ee b\u00fdt namontov\u00e1no na st\u011bnu nebo s voliteln\u00fdm stojanem na podlahu. K topidlu je mo\u017enost dokoupen\u00ed stylov\u00e9ho d\u0159ev\u011bn\u00e9ho ochrann\u00e9ho z\u00e1bradl\u00ed z d\u0159eviny l\u00edpy nebo o\u0159echu, kter\u00e9 zjemn\u00ed celkov\u00e9 linie topidla. Spole\u010dnost HARVIA AUSTRIA vyv\u00edj\u00ed a vyr\u00e1b\u00ed kvalitn\u00ed a inovativn\u00ed produkty ur\u010den\u00e9 k tomu, aby Va\u0161e chv\u00edle str\u00e1ven\u00e9 v saun\u011b byly co nejv\u00edce relaxuj\u00edc\u00ed.  &nbsp;    v\u00fdkon topidla (KW) velikost sauny (m3)   3,5 3-5   4 4-6   6 5-8   7,5 7-11","og_url":"https:\/\/anderskafka.cz\/eshop\/produkt\/sentiotec-concept-r-mini-35-kw-45-kw-6-kw-75-kw-kompaktni-designove-elektricke-saunove-topidlo-moderniho-vzhledu\/","og_site_name":"Anders &amp; Kafka E-SHOP","article_modified_time":"2026-02-05T11:19:46+00:00","og_image":[{"width":1126,"height":1200,"url":"https:\/\/anderskafka.cz\/eshop\/wp-content\/uploads\/sites\/3\/2023\/04\/sentiotec_Concept-R-mini_p1.jpg","type":"image\/jpeg"}],"twitter_card":"summary_large_image","twitter_misc":{"Odhadovan\u00e1 doba \u010dten\u00ed":"1 minuta"},"schema":{"@context":"https:\/\/schema.org","@graph":[{"@type":"WebSite","@id":"https:\/\/anderskafka.cz\/eshop\/#website","url":"https:\/\/anderskafka.cz\/eshop\/","name":"Anders &amp; Kafka E-SHOP","description":"Anders &amp; Kafka E-SHOP","potentialAction":[{"@type":"SearchAction","target":{"@type":"EntryPoint","urlTemplate":"https:\/\/anderskafka.cz\/eshop\/?s={search_term_string}"},"query-input":"required name=search_term_string"}],"inLanguage":"cs"},{"@type":"ImageObject","@id":"https:\/\/anderskafka.cz\/eshop\/produkt\/sentiotec-concept-r-mini-35-kw-45-kw-6-kw-75-kw-kompaktni-designove-elektricke-saunove-topidlo-moderniho-vzhledu\/#primaryimage","inLanguage":"cs","url":"https:\/\/anderskafka.cz\/eshop\/wp-content\/uploads\/sites\/3\/2023\/04\/sentiotec_Concept-R-mini_p1.jpg","contentUrl":"https:\/\/anderskafka.cz\/eshop\/wp-content\/uploads\/sites\/3\/2023\/04\/sentiotec_Concept-R-mini_p1.jpg","width":1126,"height":1200},{"@type":"WebPage","@id":"https:\/\/anderskafka.cz\/eshop\/produkt\/sentiotec-concept-r-mini-35-kw-45-kw-6-kw-75-kw-kompaktni-designove-elektricke-saunove-topidlo-moderniho-vzhledu\/#webpage","url":"https:\/\/anderskafka.cz\/eshop\/produkt\/sentiotec-concept-r-mini-35-kw-45-kw-6-kw-75-kw-kompaktni-designove-elektricke-saunove-topidlo-moderniho-vzhledu\/","name":"HARVIA AUSTRIA CONCEPT R MINI \u2013 3,5\/4,5\/6\/7,5 kW \u2013 kompaktn\u00ed designov\u00e9 elektrick\u00e9 saunov\u00e9 topidlo modern\u00edho vzhledu - Anders &amp; Kafka E-SHOP","isPartOf":{"@id":"https:\/\/anderskafka.cz\/eshop\/#website"},"primaryImageOfPage":{"@id":"https:\/\/anderskafka.cz\/eshop\/produkt\/sentiotec-concept-r-mini-35-kw-45-kw-6-kw-75-kw-kompaktni-designove-elektricke-saunove-topidlo-moderniho-vzhledu\/#primaryimage"},"datePublished":"2023-04-01T04:57:55+00:00","dateModified":"2026-02-05T11:19:46+00:00","description":"Kompaktn\u00ed designov\u00e9 elektrick\u00e9 saunov\u00e9 topidlo s elegantn\u011b zaoblen\u00fdmi liniemi, vn\u011bj\u0161\u00ed pl\u00e1\u0161\u0165 je proveden kombinac\u00ed odoln\u00e9ho pr\u00e1\u0161kov\u00e9ho n\u00e1st\u0159iku modern\u00ed grafitov\u011b \u010dern\u00e9 barvy a kart\u00e1\u010dovan\u00e9 oceli. Topidlo je ur\u010deno pro extern\u00ed \u0159\u00eddic\u00ed jednotku. Pe\u010dliv\u011b vybran\u00e9 materi\u00e1ly a inovativn\u00ed konstrukce d\u011blaj\u00ed z Conceptu R mini perfektn\u00ed volbu pro rozm\u011brov\u011b men\u0161\u00ed sauny. Vnit\u0159n\u00ed sou\u010d\u00e1sti jsou vyrobeny z odoln\u00e9 nerezov\u00e9 oceli. Topidlo m\u016f\u017ee b\u00fdt namontov\u00e1no na st\u011bnu nebo s voliteln\u00fdm stojanem na podlahu. K topidlu je mo\u017enost dokoupen\u00ed stylov\u00e9ho d\u0159ev\u011bn\u00e9ho ochrann\u00e9ho z\u00e1bradl\u00ed z d\u0159eviny l\u00edpy nebo o\u0159echu, kter\u00e9 zjemn\u00ed celkov\u00e9 linie topidla. Spole\u010dnost HARVIA AUSTRIA vyv\u00edj\u00ed a vyr\u00e1b\u00ed kvalitn\u00ed a inovativn\u00ed produkty ur\u010den\u00e9 k tomu, aby Va\u0161e chv\u00edle str\u00e1ven\u00e9 v saun\u011b byly co nejv\u00edce relaxuj\u00edc\u00ed. &nbsp; v\u00fdkon topidla (KW) velikost sauny (m3) 3,5 3-5 4 4-6 6 5-8 7,5 7-11","breadcrumb":{"@id":"https:\/\/anderskafka.cz\/eshop\/produkt\/sentiotec-concept-r-mini-35-kw-45-kw-6-kw-75-kw-kompaktni-designove-elektricke-saunove-topidlo-moderniho-vzhledu\/#breadcrumb"},"inLanguage":"cs","potentialAction":[{"@type":"ReadAction","target":["https:\/\/anderskafka.cz\/eshop\/produkt\/sentiotec-concept-r-mini-35-kw-45-kw-6-kw-75-kw-kompaktni-designove-elektricke-saunove-topidlo-moderniho-vzhledu\/"]}]},{"@type":"BreadcrumbList","@id":"https:\/\/anderskafka.cz\/eshop\/produkt\/sentiotec-concept-r-mini-35-kw-45-kw-6-kw-75-kw-kompaktni-designove-elektricke-saunove-topidlo-moderniho-vzhledu\/#breadcrumb","itemListElement":[{"@type":"ListItem","position":1,"name":"Obchod","item":"https:\/\/anderskafka.cz\/eshop\/obchod\/"},{"@type":"ListItem","position":2,"name":"HARVIA AUSTRIA CONCEPT R MINI \u2013 3,5\/4,5\/6\/7,5 kW \u2013 kompaktn\u00ed designov\u00e9 elektrick\u00e9 saunov\u00e9 topidlo modern\u00edho vzhledu"}]}]}},"locations":[],"_links":{"self":[{"href":"https:\/\/anderskafka.cz\/eshop\/wp-json\/wp\/v2\/product\/2628"}],"collection":[{"href":"https:\/\/anderskafka.cz\/eshop\/wp-json\/wp\/v2\/product"}],"about":[{"href":"https:\/\/anderskafka.cz\/eshop\/wp-json\/wp\/v2\/types\/product"}],"replies":[{"embeddable":true,"href":"https:\/\/anderskafka.cz\/eshop\/wp-json\/wp\/v2\/comments?post=2628"}],"wp:featuredmedia":[{"embeddable":true,"href":"https:\/\/anderskafka.cz\/eshop\/wp-json\/wp\/v2\/media\/2634"}],"wp:attachment":[{"href":"https:\/\/anderskafka.cz\/eshop\/wp-json\/wp\/v2\/media?parent=2628"}],"wp:term":[{"taxonomy":"location","embeddable":true,"href":"https:\/\/anderskafka.cz\/eshop\/wp-json\/wp\/v2\/location?post=2628"},{"taxonomy":"product_cat","embeddable":true,"href":"https:\/\/anderskafka.cz\/eshop\/wp-json\/wp\/v2\/product_cat?post=2628"},{"taxonomy":"product_tag","embeddable":true,"href":"https:\/\/anderskafka.cz\/eshop\/wp-json\/wp\/v2\/product_tag?post=2628"}],"curies":[{"name":"wp","href":"https:\/\/api.w.org\/{rel}","templated":true}]}}