{"id":2931,"date":"2023-04-21T12:26:48","date_gmt":"2023-04-21T10:26:48","guid":{"rendered":"https:\/\/anderskafka.cz\/eshop\/?post_type=product&#038;p=2931"},"modified":"2026-02-17T11:44:44","modified_gmt":"2026-02-17T10:44:44","slug":"drop-controlmyspa-ovladani-drop-spa-pomoci-aplikace-z-mobilniho-zarizeni","status":"publish","type":"product","link":"https:\/\/anderskafka.cz\/eshop\/produkt\/drop-controlmyspa-ovladani-drop-spa-pomoci-aplikace-z-mobilniho-zarizeni\/","title":{"rendered":"DROP ControlMySpa\u2122 \u2013 OVL\u00c1D\u00c1N\u00cd V\u00cd\u0158IVEK DROP POMOC\u00cd APLIKACE Z MOBILN\u00cdHO ZA\u0158\u00cdZEN\u00cd"},"content":{"rendered":"<p>S aplikac\u00ed ControlMySpa\u2122 m\u00e1te v\u0161echny funkce v\u00ed\u0159ivky Drop jako na dlani. Aplikace umo\u017e\u0148uje snadno nastavit v\u00ed\u0159ivku Drop podle Va\u0161ich pot\u0159eb pomoc\u00ed mobiln\u00edho za\u0159\u00edzen\u00ed, kdekoli a kdykoli budete cht\u00edt.<\/p>\n<p>Aplikace ControlMySpa\u2122 ovl\u00e1d\u00e1 v\u0161echny typy v\u00ed\u0159ivek Drop .<\/p>\n<p>ControlMySpa\u2122 disponuje Inovativn\u00edmi technologiemi:<\/p>\n<p>Plug &amp; Play<br \/>\nWiFi dongle se p\u0159ipojuje k \u0159\u00eddic\u00ed jednotce pomoc\u00ed s\u00ed\u0165ov\u00e9ho kabelu a mus\u00ed b\u00fdt v dosahu Va\u0161\u00ed s\u00edt\u011b (WLAN)<br \/>\nU\u017eivatelsky p\u0159\u00edjemn\u00e9 ovl\u00e1d\u00e1n\u00ed pomoc\u00ed mobiln\u00edho za\u0159\u00edzen\u00ed<br \/>\nAplikaci je mo\u017en\u00e9 st\u00e1hnout pro mobiln\u00ed za\u0159\u00edzen\u00ed v Apple App Store nebo Google Play Store<br \/>\n\u0158\u00edzen\u00ed teploty<br \/>\nOvl\u00e1d\u00e1n\u00ed \u00a0osv\u011btlen\u00ed<br \/>\nOvl\u00e1d\u00e1n\u00ed mas\u00e1\u017en\u00edho syst\u00e9mu<br \/>\nOvl\u00e1d\u00e1n\u00ed filtra\u010dn\u00edho syst\u00e9mu<br \/>\nTechnologie n\u00edzk\u00e9 spot\u0159eby<\/p>\n<p>Ke st\u00e1vaj\u00edc\u00edm \u0159\u00eddic\u00edm jednotk\u00e1m v\u00ed\u0159ivek Drop lze namontovat za\u0159\u00edzen\u00ed ControlMySpa\u2122 i dodate\u010dn\u011b.<\/p>\n<div class=\"page\" title=\"Page 11\">\n<div class=\"section\">\n<div class=\"layoutArea\">\n<div class=\"column\">\n<p>&nbsp;<\/p>\n<\/div>\n<\/div>\n<\/div>\n<\/div>\n<div>\n<div><\/div>\n<\/div>\n","protected":false},"excerpt":{"rendered":"<div>\n<p>ControlMySpa\u2122 je mobiln\u00ed aplikace ur\u010den\u00e1 pro vzd\u00e1len\u00e9 ovl\u00e1d\u00e1n\u00ed v\u00ed\u0159ivek Drop. Vyh\u0159\u00edv\u00e1n\u00ed, osv\u011btlen\u00ed a mas\u00e1\u017en\u00ed funkce m\u016f\u017eete ovl\u00e1dat na d\u00e1lku pomoc\u00ed mobiln\u00edho za\u0159\u00edzen\u00ed a kompatibiln\u00ed \u0159\u00eddic\u00ed jednotky.<br \/>\nS aplikac\u00ed ControlMySpa\u2122 m\u00e1te v\u0161echny funkce v\u00ed\u0159ivky Drop jako na dlani. Aplikace umo\u017e\u0148uje snadno nastavit v\u00ed\u0159ivku Drop podle Va\u0161\u00ed pot\u0159eby pomoc\u00ed mobiln\u00edho za\u0159\u00edzen\u00ed, kdekoli a kdykoli budete cht\u00edt.<br \/>\nControlMySpa\u2122 posouv\u00e1 V\u00e1\u0161 z\u00e1\u017eitek z ovl\u00e1d\u00e1n\u00ed v\u00ed\u0159ivek Drop na novou \u00farove\u0148 a pom\u00e1h\u00e1 V\u00e1m \u0161et\u0159it energii.<\/p>\n<\/div>\n","protected":false},"featured_media":2937,"comment_status":"open","ping_status":"closed","template":"","meta":{"site-sidebar-layout":"default","site-content-layout":"default","ast-main-header-display":"","ast-hfb-above-header-display":"","ast-hfb-below-header-display":"","ast-hfb-mobile-header-display":"disabled","site-post-title":"","ast-breadcrumbs-content":"","ast-featured-img":"","footer-sml-layout":"","theme-transparent-header-meta":"","adv-header-id-meta":"","stick-header-meta":"","header-above-stick-meta":"","header-main-stick-meta":"","header-below-stick-meta":""},"location":[],"product_cat":[867],"product_tag":[816],"yoast_head":"<!-- This site is optimized with the Yoast SEO plugin v18.5.1 - https:\/\/yoast.com\/wordpress\/plugins\/seo\/ -->\n<title>DROP ControlMySpa\u2122 \u2013 OVL\u00c1D\u00c1N\u00cd V\u00cd\u0158IVEK DROP POMOC\u00cd APLIKACE Z MOBILN\u00cdHO ZA\u0158\u00cdZEN\u00cd - Anders &amp; Kafka E-SHOP<\/title>\n<meta name=\"description\" content=\"ControlMySpa\u2122 je mobiln\u00ed aplikace ur\u010den\u00e1 pro vzd\u00e1len\u00e9 ovl\u00e1d\u00e1n\u00ed v\u00ed\u0159ivek Drop. Vyh\u0159\u00edv\u00e1n\u00ed, osv\u011btlen\u00ed a mas\u00e1\u017en\u00ed funkce m\u016f\u017eete ovl\u00e1dat na d\u00e1lku pomoc\u00ed mobiln\u00edho za\u0159\u00edzen\u00ed a kompatibiln\u00ed \u0159\u00eddic\u00ed jednotky. S aplikac\u00ed ControlMySpa\u2122 m\u00e1te v\u0161echny funkce v\u00ed\u0159ivky Drop jako na dlani. Aplikace umo\u017e\u0148uje snadno nastavit v\u00ed\u0159ivku Drop podle Va\u0161\u00ed pot\u0159eby pomoc\u00ed mobiln\u00edho za\u0159\u00edzen\u00ed, kdekoli a kdykoli budete cht\u00edt. ControlMySpa\u2122 posouv\u00e1 V\u00e1\u0161 z\u00e1\u017eitek z ovl\u00e1d\u00e1n\u00ed v\u00ed\u0159ivek Drop na novou \u00farove\u0148 a pom\u00e1h\u00e1 V\u00e1m \u0161et\u0159it energii.\" \/>\n<meta name=\"robots\" content=\"index, follow, max-snippet:-1, max-image-preview:large, max-video-preview:-1\" \/>\n<link rel=\"canonical\" href=\"https:\/\/anderskafka.cz\/eshop\/produkt\/drop-controlmyspa-ovladani-drop-spa-pomoci-aplikace-z-mobilniho-zarizeni\/\" \/>\n<meta property=\"og:locale\" content=\"cs_CZ\" \/>\n<meta property=\"og:type\" content=\"article\" \/>\n<meta property=\"og:title\" content=\"DROP ControlMySpa\u2122 \u2013 OVL\u00c1D\u00c1N\u00cd V\u00cd\u0158IVEK DROP POMOC\u00cd APLIKACE Z MOBILN\u00cdHO ZA\u0158\u00cdZEN\u00cd - Anders &amp; Kafka E-SHOP\" \/>\n<meta property=\"og:description\" content=\"ControlMySpa\u2122 je mobiln\u00ed aplikace ur\u010den\u00e1 pro vzd\u00e1len\u00e9 ovl\u00e1d\u00e1n\u00ed v\u00ed\u0159ivek Drop. Vyh\u0159\u00edv\u00e1n\u00ed, osv\u011btlen\u00ed a mas\u00e1\u017en\u00ed funkce m\u016f\u017eete ovl\u00e1dat na d\u00e1lku pomoc\u00ed mobiln\u00edho za\u0159\u00edzen\u00ed a kompatibiln\u00ed \u0159\u00eddic\u00ed jednotky. S aplikac\u00ed ControlMySpa\u2122 m\u00e1te v\u0161echny funkce v\u00ed\u0159ivky Drop jako na dlani. Aplikace umo\u017e\u0148uje snadno nastavit v\u00ed\u0159ivku Drop podle Va\u0161\u00ed pot\u0159eby pomoc\u00ed mobiln\u00edho za\u0159\u00edzen\u00ed, kdekoli a kdykoli budete cht\u00edt. ControlMySpa\u2122 posouv\u00e1 V\u00e1\u0161 z\u00e1\u017eitek z ovl\u00e1d\u00e1n\u00ed v\u00ed\u0159ivek Drop na novou \u00farove\u0148 a pom\u00e1h\u00e1 V\u00e1m \u0161et\u0159it energii.\" \/>\n<meta property=\"og:url\" content=\"https:\/\/anderskafka.cz\/eshop\/produkt\/drop-controlmyspa-ovladani-drop-spa-pomoci-aplikace-z-mobilniho-zarizeni\/\" \/>\n<meta property=\"og:site_name\" content=\"Anders &amp; Kafka E-SHOP\" \/>\n<meta property=\"article:modified_time\" content=\"2026-02-17T10:44:44+00:00\" \/>\n<meta property=\"og:image\" content=\"https:\/\/anderskafka.cz\/eshop\/wp-content\/uploads\/sites\/3\/2023\/04\/drop-app-collection_136_374.jpeg\" \/>\n\t<meta property=\"og:image:width\" content=\"535\" \/>\n\t<meta property=\"og:image:height\" content=\"535\" \/>\n\t<meta property=\"og:image:type\" content=\"image\/jpeg\" \/>\n<meta name=\"twitter:card\" content=\"summary_large_image\" \/>\n<meta name=\"twitter:label1\" content=\"Odhadovan\u00e1 doba \u010dten\u00ed\" \/>\n\t<meta name=\"twitter:data1\" content=\"1 minuta\" \/>\n<script type=\"application\/ld+json\" class=\"yoast-schema-graph\">{\"@context\":\"https:\/\/schema.org\",\"@graph\":[{\"@type\":\"WebSite\",\"@id\":\"https:\/\/anderskafka.cz\/eshop\/#website\",\"url\":\"https:\/\/anderskafka.cz\/eshop\/\",\"name\":\"Anders &amp; Kafka E-SHOP\",\"description\":\"Anders &amp; Kafka E-SHOP\",\"potentialAction\":[{\"@type\":\"SearchAction\",\"target\":{\"@type\":\"EntryPoint\",\"urlTemplate\":\"https:\/\/anderskafka.cz\/eshop\/?s={search_term_string}\"},\"query-input\":\"required name=search_term_string\"}],\"inLanguage\":\"cs\"},{\"@type\":\"ImageObject\",\"@id\":\"https:\/\/anderskafka.cz\/eshop\/produkt\/drop-controlmyspa-ovladani-drop-spa-pomoci-aplikace-z-mobilniho-zarizeni\/#primaryimage\",\"inLanguage\":\"cs\",\"url\":\"https:\/\/anderskafka.cz\/eshop\/wp-content\/uploads\/sites\/3\/2023\/04\/drop-app-collection_136_374.jpeg\",\"contentUrl\":\"https:\/\/anderskafka.cz\/eshop\/wp-content\/uploads\/sites\/3\/2023\/04\/drop-app-collection_136_374.jpeg\",\"width\":535,\"height\":535},{\"@type\":\"WebPage\",\"@id\":\"https:\/\/anderskafka.cz\/eshop\/produkt\/drop-controlmyspa-ovladani-drop-spa-pomoci-aplikace-z-mobilniho-zarizeni\/#webpage\",\"url\":\"https:\/\/anderskafka.cz\/eshop\/produkt\/drop-controlmyspa-ovladani-drop-spa-pomoci-aplikace-z-mobilniho-zarizeni\/\",\"name\":\"DROP ControlMySpa\u2122 \u2013 OVL\u00c1D\u00c1N\u00cd V\u00cd\u0158IVEK DROP POMOC\u00cd APLIKACE Z MOBILN\u00cdHO ZA\u0158\u00cdZEN\u00cd - Anders &amp; Kafka E-SHOP\",\"isPartOf\":{\"@id\":\"https:\/\/anderskafka.cz\/eshop\/#website\"},\"primaryImageOfPage\":{\"@id\":\"https:\/\/anderskafka.cz\/eshop\/produkt\/drop-controlmyspa-ovladani-drop-spa-pomoci-aplikace-z-mobilniho-zarizeni\/#primaryimage\"},\"datePublished\":\"2023-04-21T10:26:48+00:00\",\"dateModified\":\"2026-02-17T10:44:44+00:00\",\"description\":\"ControlMySpa\u2122 je mobiln\u00ed aplikace ur\u010den\u00e1 pro vzd\u00e1len\u00e9 ovl\u00e1d\u00e1n\u00ed v\u00ed\u0159ivek Drop. Vyh\u0159\u00edv\u00e1n\u00ed, osv\u011btlen\u00ed a mas\u00e1\u017en\u00ed funkce m\u016f\u017eete ovl\u00e1dat na d\u00e1lku pomoc\u00ed mobiln\u00edho za\u0159\u00edzen\u00ed a kompatibiln\u00ed \u0159\u00eddic\u00ed jednotky. S aplikac\u00ed ControlMySpa\u2122 m\u00e1te v\u0161echny funkce v\u00ed\u0159ivky Drop jako na dlani. Aplikace umo\u017e\u0148uje snadno nastavit v\u00ed\u0159ivku Drop podle Va\u0161\u00ed pot\u0159eby pomoc\u00ed mobiln\u00edho za\u0159\u00edzen\u00ed, kdekoli a kdykoli budete cht\u00edt. ControlMySpa\u2122 posouv\u00e1 V\u00e1\u0161 z\u00e1\u017eitek z ovl\u00e1d\u00e1n\u00ed v\u00ed\u0159ivek Drop na novou \u00farove\u0148 a pom\u00e1h\u00e1 V\u00e1m \u0161et\u0159it energii.\",\"breadcrumb\":{\"@id\":\"https:\/\/anderskafka.cz\/eshop\/produkt\/drop-controlmyspa-ovladani-drop-spa-pomoci-aplikace-z-mobilniho-zarizeni\/#breadcrumb\"},\"inLanguage\":\"cs\",\"potentialAction\":[{\"@type\":\"ReadAction\",\"target\":[\"https:\/\/anderskafka.cz\/eshop\/produkt\/drop-controlmyspa-ovladani-drop-spa-pomoci-aplikace-z-mobilniho-zarizeni\/\"]}]},{\"@type\":\"BreadcrumbList\",\"@id\":\"https:\/\/anderskafka.cz\/eshop\/produkt\/drop-controlmyspa-ovladani-drop-spa-pomoci-aplikace-z-mobilniho-zarizeni\/#breadcrumb\",\"itemListElement\":[{\"@type\":\"ListItem\",\"position\":1,\"name\":\"Obchod\",\"item\":\"https:\/\/anderskafka.cz\/eshop\/obchod\/\"},{\"@type\":\"ListItem\",\"position\":2,\"name\":\"DROP ControlMySpa\u2122 \u2013 OVL\u00c1D\u00c1N\u00cd V\u00cd\u0158IVEK DROP POMOC\u00cd APLIKACE Z MOBILN\u00cdHO ZA\u0158\u00cdZEN\u00cd\"}]}]}<\/script>\n<!-- \/ Yoast SEO plugin. -->","yoast_head_json":{"title":"DROP ControlMySpa\u2122 \u2013 OVL\u00c1D\u00c1N\u00cd V\u00cd\u0158IVEK DROP POMOC\u00cd APLIKACE Z MOBILN\u00cdHO ZA\u0158\u00cdZEN\u00cd - Anders &amp; Kafka E-SHOP","description":"ControlMySpa\u2122 je mobiln\u00ed aplikace ur\u010den\u00e1 pro vzd\u00e1len\u00e9 ovl\u00e1d\u00e1n\u00ed v\u00ed\u0159ivek Drop. Vyh\u0159\u00edv\u00e1n\u00ed, osv\u011btlen\u00ed a mas\u00e1\u017en\u00ed funkce m\u016f\u017eete ovl\u00e1dat na d\u00e1lku pomoc\u00ed mobiln\u00edho za\u0159\u00edzen\u00ed a kompatibiln\u00ed \u0159\u00eddic\u00ed jednotky. S aplikac\u00ed ControlMySpa\u2122 m\u00e1te v\u0161echny funkce v\u00ed\u0159ivky Drop jako na dlani. Aplikace umo\u017e\u0148uje snadno nastavit v\u00ed\u0159ivku Drop podle Va\u0161\u00ed pot\u0159eby pomoc\u00ed mobiln\u00edho za\u0159\u00edzen\u00ed, kdekoli a kdykoli budete cht\u00edt. ControlMySpa\u2122 posouv\u00e1 V\u00e1\u0161 z\u00e1\u017eitek z ovl\u00e1d\u00e1n\u00ed v\u00ed\u0159ivek Drop na novou \u00farove\u0148 a pom\u00e1h\u00e1 V\u00e1m \u0161et\u0159it energii.","robots":{"index":"index","follow":"follow","max-snippet":"max-snippet:-1","max-image-preview":"max-image-preview:large","max-video-preview":"max-video-preview:-1"},"canonical":"https:\/\/anderskafka.cz\/eshop\/produkt\/drop-controlmyspa-ovladani-drop-spa-pomoci-aplikace-z-mobilniho-zarizeni\/","og_locale":"cs_CZ","og_type":"article","og_title":"DROP ControlMySpa\u2122 \u2013 OVL\u00c1D\u00c1N\u00cd V\u00cd\u0158IVEK DROP POMOC\u00cd APLIKACE Z MOBILN\u00cdHO ZA\u0158\u00cdZEN\u00cd - Anders &amp; Kafka E-SHOP","og_description":"ControlMySpa\u2122 je mobiln\u00ed aplikace ur\u010den\u00e1 pro vzd\u00e1len\u00e9 ovl\u00e1d\u00e1n\u00ed v\u00ed\u0159ivek Drop. Vyh\u0159\u00edv\u00e1n\u00ed, osv\u011btlen\u00ed a mas\u00e1\u017en\u00ed funkce m\u016f\u017eete ovl\u00e1dat na d\u00e1lku pomoc\u00ed mobiln\u00edho za\u0159\u00edzen\u00ed a kompatibiln\u00ed \u0159\u00eddic\u00ed jednotky. S aplikac\u00ed ControlMySpa\u2122 m\u00e1te v\u0161echny funkce v\u00ed\u0159ivky Drop jako na dlani. Aplikace umo\u017e\u0148uje snadno nastavit v\u00ed\u0159ivku Drop podle Va\u0161\u00ed pot\u0159eby pomoc\u00ed mobiln\u00edho za\u0159\u00edzen\u00ed, kdekoli a kdykoli budete cht\u00edt. ControlMySpa\u2122 posouv\u00e1 V\u00e1\u0161 z\u00e1\u017eitek z ovl\u00e1d\u00e1n\u00ed v\u00ed\u0159ivek Drop na novou \u00farove\u0148 a pom\u00e1h\u00e1 V\u00e1m \u0161et\u0159it energii.","og_url":"https:\/\/anderskafka.cz\/eshop\/produkt\/drop-controlmyspa-ovladani-drop-spa-pomoci-aplikace-z-mobilniho-zarizeni\/","og_site_name":"Anders &amp; Kafka E-SHOP","article_modified_time":"2026-02-17T10:44:44+00:00","og_image":[{"width":535,"height":535,"url":"https:\/\/anderskafka.cz\/eshop\/wp-content\/uploads\/sites\/3\/2023\/04\/drop-app-collection_136_374.jpeg","type":"image\/jpeg"}],"twitter_card":"summary_large_image","twitter_misc":{"Odhadovan\u00e1 doba \u010dten\u00ed":"1 minuta"},"schema":{"@context":"https:\/\/schema.org","@graph":[{"@type":"WebSite","@id":"https:\/\/anderskafka.cz\/eshop\/#website","url":"https:\/\/anderskafka.cz\/eshop\/","name":"Anders &amp; Kafka E-SHOP","description":"Anders &amp; Kafka E-SHOP","potentialAction":[{"@type":"SearchAction","target":{"@type":"EntryPoint","urlTemplate":"https:\/\/anderskafka.cz\/eshop\/?s={search_term_string}"},"query-input":"required name=search_term_string"}],"inLanguage":"cs"},{"@type":"ImageObject","@id":"https:\/\/anderskafka.cz\/eshop\/produkt\/drop-controlmyspa-ovladani-drop-spa-pomoci-aplikace-z-mobilniho-zarizeni\/#primaryimage","inLanguage":"cs","url":"https:\/\/anderskafka.cz\/eshop\/wp-content\/uploads\/sites\/3\/2023\/04\/drop-app-collection_136_374.jpeg","contentUrl":"https:\/\/anderskafka.cz\/eshop\/wp-content\/uploads\/sites\/3\/2023\/04\/drop-app-collection_136_374.jpeg","width":535,"height":535},{"@type":"WebPage","@id":"https:\/\/anderskafka.cz\/eshop\/produkt\/drop-controlmyspa-ovladani-drop-spa-pomoci-aplikace-z-mobilniho-zarizeni\/#webpage","url":"https:\/\/anderskafka.cz\/eshop\/produkt\/drop-controlmyspa-ovladani-drop-spa-pomoci-aplikace-z-mobilniho-zarizeni\/","name":"DROP ControlMySpa\u2122 \u2013 OVL\u00c1D\u00c1N\u00cd V\u00cd\u0158IVEK DROP POMOC\u00cd APLIKACE Z MOBILN\u00cdHO ZA\u0158\u00cdZEN\u00cd - Anders &amp; Kafka E-SHOP","isPartOf":{"@id":"https:\/\/anderskafka.cz\/eshop\/#website"},"primaryImageOfPage":{"@id":"https:\/\/anderskafka.cz\/eshop\/produkt\/drop-controlmyspa-ovladani-drop-spa-pomoci-aplikace-z-mobilniho-zarizeni\/#primaryimage"},"datePublished":"2023-04-21T10:26:48+00:00","dateModified":"2026-02-17T10:44:44+00:00","description":"ControlMySpa\u2122 je mobiln\u00ed aplikace ur\u010den\u00e1 pro vzd\u00e1len\u00e9 ovl\u00e1d\u00e1n\u00ed v\u00ed\u0159ivek Drop. Vyh\u0159\u00edv\u00e1n\u00ed, osv\u011btlen\u00ed a mas\u00e1\u017en\u00ed funkce m\u016f\u017eete ovl\u00e1dat na d\u00e1lku pomoc\u00ed mobiln\u00edho za\u0159\u00edzen\u00ed a kompatibiln\u00ed \u0159\u00eddic\u00ed jednotky. S aplikac\u00ed ControlMySpa\u2122 m\u00e1te v\u0161echny funkce v\u00ed\u0159ivky Drop jako na dlani. Aplikace umo\u017e\u0148uje snadno nastavit v\u00ed\u0159ivku Drop podle Va\u0161\u00ed pot\u0159eby pomoc\u00ed mobiln\u00edho za\u0159\u00edzen\u00ed, kdekoli a kdykoli budete cht\u00edt. ControlMySpa\u2122 posouv\u00e1 V\u00e1\u0161 z\u00e1\u017eitek z ovl\u00e1d\u00e1n\u00ed v\u00ed\u0159ivek Drop na novou \u00farove\u0148 a pom\u00e1h\u00e1 V\u00e1m \u0161et\u0159it energii.","breadcrumb":{"@id":"https:\/\/anderskafka.cz\/eshop\/produkt\/drop-controlmyspa-ovladani-drop-spa-pomoci-aplikace-z-mobilniho-zarizeni\/#breadcrumb"},"inLanguage":"cs","potentialAction":[{"@type":"ReadAction","target":["https:\/\/anderskafka.cz\/eshop\/produkt\/drop-controlmyspa-ovladani-drop-spa-pomoci-aplikace-z-mobilniho-zarizeni\/"]}]},{"@type":"BreadcrumbList","@id":"https:\/\/anderskafka.cz\/eshop\/produkt\/drop-controlmyspa-ovladani-drop-spa-pomoci-aplikace-z-mobilniho-zarizeni\/#breadcrumb","itemListElement":[{"@type":"ListItem","position":1,"name":"Obchod","item":"https:\/\/anderskafka.cz\/eshop\/obchod\/"},{"@type":"ListItem","position":2,"name":"DROP ControlMySpa\u2122 \u2013 OVL\u00c1D\u00c1N\u00cd V\u00cd\u0158IVEK DROP POMOC\u00cd APLIKACE Z MOBILN\u00cdHO ZA\u0158\u00cdZEN\u00cd"}]}]}},"locations":[],"_links":{"self":[{"href":"https:\/\/anderskafka.cz\/eshop\/wp-json\/wp\/v2\/product\/2931"}],"collection":[{"href":"https:\/\/anderskafka.cz\/eshop\/wp-json\/wp\/v2\/product"}],"about":[{"href":"https:\/\/anderskafka.cz\/eshop\/wp-json\/wp\/v2\/types\/product"}],"replies":[{"embeddable":true,"href":"https:\/\/anderskafka.cz\/eshop\/wp-json\/wp\/v2\/comments?post=2931"}],"wp:featuredmedia":[{"embeddable":true,"href":"https:\/\/anderskafka.cz\/eshop\/wp-json\/wp\/v2\/media\/2937"}],"wp:attachment":[{"href":"https:\/\/anderskafka.cz\/eshop\/wp-json\/wp\/v2\/media?parent=2931"}],"wp:term":[{"taxonomy":"location","embeddable":true,"href":"https:\/\/anderskafka.cz\/eshop\/wp-json\/wp\/v2\/location?post=2931"},{"taxonomy":"product_cat","embeddable":true,"href":"https:\/\/anderskafka.cz\/eshop\/wp-json\/wp\/v2\/product_cat?post=2931"},{"taxonomy":"product_tag","embeddable":true,"href":"https:\/\/anderskafka.cz\/eshop\/wp-json\/wp\/v2\/product_tag?post=2931"}],"curies":[{"name":"wp","href":"https:\/\/api.w.org\/{rel}","templated":true}]}}