{"id":2985,"date":"2023-04-24T22:04:12","date_gmt":"2023-04-24T20:04:12","guid":{"rendered":"https:\/\/anderskafka.cz\/eshop\/?post_type=product&#038;p=2985"},"modified":"2026-02-17T11:36:50","modified_gmt":"2026-02-17T10:36:50","slug":"drop-designoy-obklad-accoya-bez-nutnosti-udrzby","status":"publish","type":"product","link":"https:\/\/anderskafka.cz\/eshop\/produkt\/drop-designoy-obklad-accoya-bez-nutnosti-udrzby\/","title":{"rendered":"DROP designov\u00fd obklad accoya"},"content":{"rendered":"<p>Pro v\u00fdrobu tohoto designov\u00e9ho obkladu bylo pou\u017eito modifikovan\u00e9 d\u0159evo Accoya\u00ae, kter\u00e9 se stalo m\u011b\u0159\u00edtkem v\u00fdkonnosti a udr\u017eitelnosti d\u0159eva\u0159sk\u00e9ho pr\u016fmyslu. \u017d\u00e1dn\u00e9 jin\u00e9 d\u0159evo nenab\u00edz\u00ed stejnou kombinaci odolnosti, stability a v\u0161estrannosti.<\/p>\n<p>Modifikovan\u00e9 d\u0159evo Accoya\u00ae se vyr\u00e1b\u00ed metodou acetylace borovice Pinus Radiata, tedy chemickou modifikac\u00ed d\u0159eva bez pou\u017eit\u00ed biocidn\u00edch l\u00e1tek. V\u00fdsledkem je d\u0159evo s mimo\u0159\u00e1dn\u00fdmi vlastnostmi jako rozm\u011brov\u00e1 st\u00e1lost a odolnost. Prkna jsou su\u0161en\u00e1 na vlhkost 5 \u2013 6 %.<\/p>\n<p>Accoya je d\u0159evo s certifikac\u00ed FSC\u00ae akreditovan\u00e9 Cradle to Cradle Gold Certified\u2122. Je to jedin\u00fd stavebn\u00ed materi\u00e1l na sv\u011bt\u011b, kter\u00fd z\u00edskal certifikaci C2C Platinum\u2122 pro zdrav\u00ed materi\u00e1lu. D\u00edky n\u00edzk\u00e9 uhl\u00edkov\u00e9 stop\u011b m\u016f\u017eete pomoci v boji proti uhl\u00edkov\u00fdm emis\u00edm pro zdrav\u011bj\u0161\u00ed sv\u011bt. Je netoxick\u00fd, tak\u017ee bezpe\u010dn\u00fd pro lidi a dom\u00e1c\u00ed zv\u00ed\u0159ata stejn\u011b jako pro planetu.<\/p>\n<p>V\u00e1\u0161 venkovn\u00ed d\u0159ev\u011bn\u00fd obklad mus\u00ed stylov\u011b odolat ka\u017ed\u00e9 bou\u0159i. Estetika, nen\u00e1ro\u010dn\u00e1 \u00fadr\u017eba a odolnost jsou rozhoduj\u00edc\u00ed. Accoya\u00ae p\u0159ekon\u00e1v\u00e1 i ty nejodoln\u011bj\u0161\u00ed obklady z tvrd\u00e9ho tropick\u00e9ho d\u0159eva.<\/p>\n<p>Kombinac\u00ed vynikaj\u00edc\u00ed stability a odolnosti s kr\u00e1sou p\u0159\u00edrodn\u00edho d\u0159eva m\u016f\u017eete dos\u00e1hnout vzhledu a v\u00fdkonu, kter\u00fd od sv\u00e9ho d\u0159ev\u011bn\u00e9ho obkladu po\u017eadujete.<\/p>\n<p>D\u0159evo Accoya\u00ae m\u00e1 z\u00e1ruku 25 let.<\/p>\n<p>Obklad Accoya\u00ae\u00a0je odoln\u00fd v\u016f\u010di hnilob\u011b a pravd\u011bpodobn\u011b z\u016fstane po dobu sv\u00e9 \u017eivotnosti bez jak\u00e9hokoli viditeln\u00e9ho zkreslen\u00ed, co\u017e z tohoto obkladu d\u011bl\u00e1 cenov\u011b v\u00fdhodnou volbu pro trval\u00fd v\u00fdkon.<\/p>\n<p>VYSOCE STABILN\u00cd<br \/>\nTestov\u00e1no a ov\u011b\u0159eno, \u017ee viditeln\u011b nenabobtn\u00e1, nesr\u00e1\u017e\u00ed se ani nedeformuje.<\/p>\n<p>VYSOCE ODOLN\u00c9<br \/>\nOdol\u00e1 zkou\u0161ce \u010dasu ve v\u0161ech klimatick\u00fdch podm\u00ednk\u00e1ch. D\u0159evo vysoce odoln\u00e9 proti hnilob\u011b.<\/p>\n<p>DLOUH\u00c1 \u017dIVOTNOST<br \/>\nD\u0159eva\u0159sk\u00e1 organizace TRADA uv\u00e1d\u00ed minim\u00e1ln\u00ed \u017eivotnost d\u0159eva Accoya\u00ae 70 let.<\/p>\n<div class=\"QcsUad BDJ8fb BLojaf wneUed\">\n<div class=\"usGWQd\">\n<div class=\"KkbLmb\">\n<div class=\"lRu31\"><span class=\"HwtZe\" lang=\"cs\"><span class=\"jCAhz ChMk0b\"><span class=\"ryNqvb\">ODOLN\u00c9 PROTI HMYZU<\/span><\/span> <\/span><\/div>\n<p><span class=\"HwtZe\" lang=\"cs\"><span class=\"jCAhz ChMk0b\"><span class=\"ryNqvb\">Vysoce odoln\u00e9 proti napaden\u00ed hmyzem a po\u0161kozen\u00ed. Accoya je nestraviteln\u00e1 \u0161irokou \u0161k\u00e1lou \u0161k\u016fdc\u016f a hmyzu (v\u010detn\u011b termit\u016f)<\/span><\/span><\/span><span class=\"HwtZe\" lang=\"cs\"><span class=\"jCAhz ChMk0b\"><span class=\"ryNqvb\">.<\/span><\/span><\/span><\/p>\n<p>PRO V\u0160ECHNA PODNEB\u00cd<br \/>\nIde\u00e1ln\u00ed volba i do extr\u00e9mn\u00edch klimatick\u00fdch podm\u00ednek. Accoya\u00ae je p\u0159irozen\u011b vod\u011bodoln\u00e9 d\u0159evo.<\/p>\n<div>P\u0158\u00cdRODN\u00cd D\u0158EVO<\/div>\n<\/div>\n<\/div>\n<p>Accoya\u00ae je p\u0159\u00edrodn\u00ed d\u0159evo a stejn\u011b jako ka\u017ed\u00e9 jin\u00e9 p\u0159irozen\u011b zv\u011btr\u00e1v\u00e1.<\/p>\n<p>N\u00cdZK\u00c9 N\u00c1KLADY NA \u00daDR\u017dBU<br \/>\nSnadn\u00e1 a bezprobl\u00e9mov\u00e1 p\u00e9\u010de dlouhodob\u011b \u0161et\u0159\u00ed \u010das a pen\u00edze.<\/p>\n<\/div>\n","protected":false},"excerpt":{"rendered":"<p>Designov\u00fd obklad v\u00ed\u0159ivky Drop z modifikovan\u00e9ho d\u0159eva Accoya\u00ae s 3D profilem s dlouhotrvaj\u00edc\u00ed \u017eivotnost\u00ed bez nutnosti \u00fadr\u017eby V\u00e1m zaru\u010d\u00ed bezstarostn\u00e9 chv\u00edle s Va\u0161\u00ed v\u00ed\u0159ivkou Drop. Tento obklad m\u016f\u017eete doplnit praktick\u00fdmi schody ve stejn\u00e9m designu.<\/p>\n","protected":false},"featured_media":3022,"comment_status":"open","ping_status":"closed","template":"","meta":{"site-sidebar-layout":"default","site-content-layout":"default","ast-main-header-display":"","ast-hfb-above-header-display":"","ast-hfb-below-header-display":"","ast-hfb-mobile-header-display":"","site-post-title":"","ast-breadcrumbs-content":"","ast-featured-img":"","footer-sml-layout":"","theme-transparent-header-meta":"","adv-header-id-meta":"","stick-header-meta":"","header-above-stick-meta":"","header-main-stick-meta":"","header-below-stick-meta":""},"location":[],"product_cat":[864],"product_tag":[816],"yoast_head":"<!-- This site is optimized with the Yoast SEO plugin v18.5.1 - https:\/\/yoast.com\/wordpress\/plugins\/seo\/ -->\n<title>DROP designov\u00fd obklad accoya - Anders &amp; Kafka E-SHOP<\/title>\n<meta name=\"description\" content=\"Designov\u00fd obklad v\u00ed\u0159ivky Drop z modifikovan\u00e9ho d\u0159eva Accoya\u00ae s 3D profilem s dlouhotrvaj\u00edc\u00ed \u017eivotnost\u00ed bez nutnosti \u00fadr\u017eby V\u00e1m zaru\u010d\u00ed bezstarostn\u00e9 chv\u00edle s Va\u0161\u00ed v\u00ed\u0159ivkou Drop. Tento obklad m\u016f\u017eete doplnit praktick\u00fdmi schody ve stejn\u00e9m designu.\" \/>\n<meta name=\"robots\" content=\"index, follow, max-snippet:-1, max-image-preview:large, max-video-preview:-1\" \/>\n<link rel=\"canonical\" href=\"https:\/\/anderskafka.cz\/eshop\/produkt\/drop-designoy-obklad-accoya-bez-nutnosti-udrzby\/\" \/>\n<meta property=\"og:locale\" content=\"cs_CZ\" \/>\n<meta property=\"og:type\" content=\"article\" \/>\n<meta property=\"og:title\" content=\"DROP designov\u00fd obklad accoya - Anders &amp; Kafka E-SHOP\" \/>\n<meta property=\"og:description\" content=\"Designov\u00fd obklad v\u00ed\u0159ivky Drop z modifikovan\u00e9ho d\u0159eva Accoya\u00ae s 3D profilem s dlouhotrvaj\u00edc\u00ed \u017eivotnost\u00ed bez nutnosti \u00fadr\u017eby V\u00e1m zaru\u010d\u00ed bezstarostn\u00e9 chv\u00edle s Va\u0161\u00ed v\u00ed\u0159ivkou Drop. Tento obklad m\u016f\u017eete doplnit praktick\u00fdmi schody ve stejn\u00e9m designu.\" \/>\n<meta property=\"og:url\" content=\"https:\/\/anderskafka.cz\/eshop\/produkt\/drop-designoy-obklad-accoya-bez-nutnosti-udrzby\/\" \/>\n<meta property=\"og:site_name\" content=\"Anders &amp; Kafka E-SHOP\" \/>\n<meta property=\"article:modified_time\" content=\"2026-02-17T10:36:50+00:00\" \/>\n<meta property=\"og:image\" content=\"https:\/\/anderskafka.cz\/eshop\/wp-content\/uploads\/sites\/3\/2023\/04\/Drop-V1-002-scaled.jpg\" \/>\n\t<meta property=\"og:image:width\" content=\"2560\" \/>\n\t<meta property=\"og:image:height\" content=\"1920\" \/>\n\t<meta property=\"og:image:type\" content=\"image\/jpeg\" \/>\n<meta name=\"twitter:card\" content=\"summary_large_image\" \/>\n<meta name=\"twitter:label1\" content=\"Odhadovan\u00e1 doba \u010dten\u00ed\" \/>\n\t<meta name=\"twitter:data1\" content=\"2 minuty\" \/>\n<script type=\"application\/ld+json\" class=\"yoast-schema-graph\">{\"@context\":\"https:\/\/schema.org\",\"@graph\":[{\"@type\":\"WebSite\",\"@id\":\"https:\/\/anderskafka.cz\/eshop\/#website\",\"url\":\"https:\/\/anderskafka.cz\/eshop\/\",\"name\":\"Anders &amp; Kafka E-SHOP\",\"description\":\"Anders &amp; Kafka E-SHOP\",\"potentialAction\":[{\"@type\":\"SearchAction\",\"target\":{\"@type\":\"EntryPoint\",\"urlTemplate\":\"https:\/\/anderskafka.cz\/eshop\/?s={search_term_string}\"},\"query-input\":\"required name=search_term_string\"}],\"inLanguage\":\"cs\"},{\"@type\":\"ImageObject\",\"@id\":\"https:\/\/anderskafka.cz\/eshop\/produkt\/drop-designoy-obklad-accoya-bez-nutnosti-udrzby\/#primaryimage\",\"inLanguage\":\"cs\",\"url\":\"https:\/\/anderskafka.cz\/eshop\/wp-content\/uploads\/sites\/3\/2023\/04\/Drop-V1-002-scaled.jpg\",\"contentUrl\":\"https:\/\/anderskafka.cz\/eshop\/wp-content\/uploads\/sites\/3\/2023\/04\/Drop-V1-002-scaled.jpg\",\"width\":2560,\"height\":1920},{\"@type\":\"WebPage\",\"@id\":\"https:\/\/anderskafka.cz\/eshop\/produkt\/drop-designoy-obklad-accoya-bez-nutnosti-udrzby\/#webpage\",\"url\":\"https:\/\/anderskafka.cz\/eshop\/produkt\/drop-designoy-obklad-accoya-bez-nutnosti-udrzby\/\",\"name\":\"DROP designov\u00fd obklad accoya - Anders &amp; Kafka E-SHOP\",\"isPartOf\":{\"@id\":\"https:\/\/anderskafka.cz\/eshop\/#website\"},\"primaryImageOfPage\":{\"@id\":\"https:\/\/anderskafka.cz\/eshop\/produkt\/drop-designoy-obklad-accoya-bez-nutnosti-udrzby\/#primaryimage\"},\"datePublished\":\"2023-04-24T20:04:12+00:00\",\"dateModified\":\"2026-02-17T10:36:50+00:00\",\"description\":\"Designov\u00fd obklad v\u00ed\u0159ivky Drop z modifikovan\u00e9ho d\u0159eva Accoya\u00ae s 3D profilem s dlouhotrvaj\u00edc\u00ed \u017eivotnost\u00ed bez nutnosti \u00fadr\u017eby V\u00e1m zaru\u010d\u00ed bezstarostn\u00e9 chv\u00edle s Va\u0161\u00ed v\u00ed\u0159ivkou Drop. Tento obklad m\u016f\u017eete doplnit praktick\u00fdmi schody ve stejn\u00e9m designu.\",\"breadcrumb\":{\"@id\":\"https:\/\/anderskafka.cz\/eshop\/produkt\/drop-designoy-obklad-accoya-bez-nutnosti-udrzby\/#breadcrumb\"},\"inLanguage\":\"cs\",\"potentialAction\":[{\"@type\":\"ReadAction\",\"target\":[\"https:\/\/anderskafka.cz\/eshop\/produkt\/drop-designoy-obklad-accoya-bez-nutnosti-udrzby\/\"]}]},{\"@type\":\"BreadcrumbList\",\"@id\":\"https:\/\/anderskafka.cz\/eshop\/produkt\/drop-designoy-obklad-accoya-bez-nutnosti-udrzby\/#breadcrumb\",\"itemListElement\":[{\"@type\":\"ListItem\",\"position\":1,\"name\":\"Obchod\",\"item\":\"https:\/\/anderskafka.cz\/eshop\/obchod\/\"},{\"@type\":\"ListItem\",\"position\":2,\"name\":\"DROP designov\u00fd obklad accoya\"}]}]}<\/script>\n<!-- \/ Yoast SEO plugin. -->","yoast_head_json":{"title":"DROP designov\u00fd obklad accoya - Anders &amp; Kafka E-SHOP","description":"Designov\u00fd obklad v\u00ed\u0159ivky Drop z modifikovan\u00e9ho d\u0159eva Accoya\u00ae s 3D profilem s dlouhotrvaj\u00edc\u00ed \u017eivotnost\u00ed bez nutnosti \u00fadr\u017eby V\u00e1m zaru\u010d\u00ed bezstarostn\u00e9 chv\u00edle s Va\u0161\u00ed v\u00ed\u0159ivkou Drop. Tento obklad m\u016f\u017eete doplnit praktick\u00fdmi schody ve stejn\u00e9m designu.","robots":{"index":"index","follow":"follow","max-snippet":"max-snippet:-1","max-image-preview":"max-image-preview:large","max-video-preview":"max-video-preview:-1"},"canonical":"https:\/\/anderskafka.cz\/eshop\/produkt\/drop-designoy-obklad-accoya-bez-nutnosti-udrzby\/","og_locale":"cs_CZ","og_type":"article","og_title":"DROP designov\u00fd obklad accoya - Anders &amp; Kafka E-SHOP","og_description":"Designov\u00fd obklad v\u00ed\u0159ivky Drop z modifikovan\u00e9ho d\u0159eva Accoya\u00ae s 3D profilem s dlouhotrvaj\u00edc\u00ed \u017eivotnost\u00ed bez nutnosti \u00fadr\u017eby V\u00e1m zaru\u010d\u00ed bezstarostn\u00e9 chv\u00edle s Va\u0161\u00ed v\u00ed\u0159ivkou Drop. Tento obklad m\u016f\u017eete doplnit praktick\u00fdmi schody ve stejn\u00e9m designu.","og_url":"https:\/\/anderskafka.cz\/eshop\/produkt\/drop-designoy-obklad-accoya-bez-nutnosti-udrzby\/","og_site_name":"Anders &amp; Kafka E-SHOP","article_modified_time":"2026-02-17T10:36:50+00:00","og_image":[{"width":2560,"height":1920,"url":"https:\/\/anderskafka.cz\/eshop\/wp-content\/uploads\/sites\/3\/2023\/04\/Drop-V1-002-scaled.jpg","type":"image\/jpeg"}],"twitter_card":"summary_large_image","twitter_misc":{"Odhadovan\u00e1 doba \u010dten\u00ed":"2 minuty"},"schema":{"@context":"https:\/\/schema.org","@graph":[{"@type":"WebSite","@id":"https:\/\/anderskafka.cz\/eshop\/#website","url":"https:\/\/anderskafka.cz\/eshop\/","name":"Anders &amp; Kafka E-SHOP","description":"Anders &amp; Kafka E-SHOP","potentialAction":[{"@type":"SearchAction","target":{"@type":"EntryPoint","urlTemplate":"https:\/\/anderskafka.cz\/eshop\/?s={search_term_string}"},"query-input":"required name=search_term_string"}],"inLanguage":"cs"},{"@type":"ImageObject","@id":"https:\/\/anderskafka.cz\/eshop\/produkt\/drop-designoy-obklad-accoya-bez-nutnosti-udrzby\/#primaryimage","inLanguage":"cs","url":"https:\/\/anderskafka.cz\/eshop\/wp-content\/uploads\/sites\/3\/2023\/04\/Drop-V1-002-scaled.jpg","contentUrl":"https:\/\/anderskafka.cz\/eshop\/wp-content\/uploads\/sites\/3\/2023\/04\/Drop-V1-002-scaled.jpg","width":2560,"height":1920},{"@type":"WebPage","@id":"https:\/\/anderskafka.cz\/eshop\/produkt\/drop-designoy-obklad-accoya-bez-nutnosti-udrzby\/#webpage","url":"https:\/\/anderskafka.cz\/eshop\/produkt\/drop-designoy-obklad-accoya-bez-nutnosti-udrzby\/","name":"DROP designov\u00fd obklad accoya - Anders &amp; Kafka E-SHOP","isPartOf":{"@id":"https:\/\/anderskafka.cz\/eshop\/#website"},"primaryImageOfPage":{"@id":"https:\/\/anderskafka.cz\/eshop\/produkt\/drop-designoy-obklad-accoya-bez-nutnosti-udrzby\/#primaryimage"},"datePublished":"2023-04-24T20:04:12+00:00","dateModified":"2026-02-17T10:36:50+00:00","description":"Designov\u00fd obklad v\u00ed\u0159ivky Drop z modifikovan\u00e9ho d\u0159eva Accoya\u00ae s 3D profilem s dlouhotrvaj\u00edc\u00ed \u017eivotnost\u00ed bez nutnosti \u00fadr\u017eby V\u00e1m zaru\u010d\u00ed bezstarostn\u00e9 chv\u00edle s Va\u0161\u00ed v\u00ed\u0159ivkou Drop. Tento obklad m\u016f\u017eete doplnit praktick\u00fdmi schody ve stejn\u00e9m designu.","breadcrumb":{"@id":"https:\/\/anderskafka.cz\/eshop\/produkt\/drop-designoy-obklad-accoya-bez-nutnosti-udrzby\/#breadcrumb"},"inLanguage":"cs","potentialAction":[{"@type":"ReadAction","target":["https:\/\/anderskafka.cz\/eshop\/produkt\/drop-designoy-obklad-accoya-bez-nutnosti-udrzby\/"]}]},{"@type":"BreadcrumbList","@id":"https:\/\/anderskafka.cz\/eshop\/produkt\/drop-designoy-obklad-accoya-bez-nutnosti-udrzby\/#breadcrumb","itemListElement":[{"@type":"ListItem","position":1,"name":"Obchod","item":"https:\/\/anderskafka.cz\/eshop\/obchod\/"},{"@type":"ListItem","position":2,"name":"DROP designov\u00fd obklad accoya"}]}]}},"locations":[],"_links":{"self":[{"href":"https:\/\/anderskafka.cz\/eshop\/wp-json\/wp\/v2\/product\/2985"}],"collection":[{"href":"https:\/\/anderskafka.cz\/eshop\/wp-json\/wp\/v2\/product"}],"about":[{"href":"https:\/\/anderskafka.cz\/eshop\/wp-json\/wp\/v2\/types\/product"}],"replies":[{"embeddable":true,"href":"https:\/\/anderskafka.cz\/eshop\/wp-json\/wp\/v2\/comments?post=2985"}],"wp:featuredmedia":[{"embeddable":true,"href":"https:\/\/anderskafka.cz\/eshop\/wp-json\/wp\/v2\/media\/3022"}],"wp:attachment":[{"href":"https:\/\/anderskafka.cz\/eshop\/wp-json\/wp\/v2\/media?parent=2985"}],"wp:term":[{"taxonomy":"location","embeddable":true,"href":"https:\/\/anderskafka.cz\/eshop\/wp-json\/wp\/v2\/location?post=2985"},{"taxonomy":"product_cat","embeddable":true,"href":"https:\/\/anderskafka.cz\/eshop\/wp-json\/wp\/v2\/product_cat?post=2985"},{"taxonomy":"product_tag","embeddable":true,"href":"https:\/\/anderskafka.cz\/eshop\/wp-json\/wp\/v2\/product_tag?post=2985"}],"curies":[{"name":"wp","href":"https:\/\/api.w.org\/{rel}","templated":true}]}}