{"id":2992,"date":"2023-04-25T10:24:45","date_gmt":"2023-04-25T08:24:45","guid":{"rendered":"https:\/\/anderskafka.cz\/eshop\/?post_type=product&#038;p=2992"},"modified":"2024-12-05T09:40:17","modified_gmt":"2024-12-05T08:40:17","slug":"drop-x-barva-vanicky","status":"publish","type":"product","link":"https:\/\/anderskafka.cz\/eshop\/produkt\/drop-x-barva-vanicky\/","title":{"rendered":"DROP barva va\u0161\u00ed v\u00ed\u0159ivky"},"content":{"rendered":"","protected":false},"excerpt":{"rendered":"<h3><strong>SAMOSTATN\u011a NEPRODEJN\u00c9<\/strong><\/h3>\n<p>Jednotliv\u00e9 v\u00ed\u0159ivky Drop lze zakoupit <a href=\"https:\/\/anderskafka.cz\/eshop\/kategorie\/virivky\/celorocni-virivky\/\"><strong>zde<\/strong><\/a><\/p>\n","protected":false},"featured_media":2844,"comment_status":"open","ping_status":"closed","template":"","meta":{"site-sidebar-layout":"default","site-content-layout":"default","ast-main-header-display":"","ast-hfb-above-header-display":"","ast-hfb-below-header-display":"","ast-hfb-mobile-header-display":"","site-post-title":"","ast-breadcrumbs-content":"","ast-featured-img":"","footer-sml-layout":"","theme-transparent-header-meta":"","adv-header-id-meta":"","stick-header-meta":"","header-above-stick-meta":"","header-main-stick-meta":"","header-below-stick-meta":""},"location":[],"product_cat":[747],"product_tag":[],"yoast_head":"<!-- This site is optimized with the Yoast SEO plugin v18.5.1 - https:\/\/yoast.com\/wordpress\/plugins\/seo\/ -->\n<title>DROP barva va\u0161\u00ed v\u00ed\u0159ivky - Anders &amp; Kafka E-SHOP<\/title>\n<meta name=\"description\" content=\"SAMOSTATN\u011a NEPRODEJN\u00c9 Jednotliv\u00e9 v\u00ed\u0159ivky Drop lze zakoupit zde\" \/>\n<meta name=\"robots\" content=\"index, follow, max-snippet:-1, max-image-preview:large, max-video-preview:-1\" \/>\n<link rel=\"canonical\" href=\"https:\/\/anderskafka.cz\/eshop\/produkt\/drop-x-barva-vanicky\/\" \/>\n<meta property=\"og:locale\" content=\"cs_CZ\" \/>\n<meta property=\"og:type\" content=\"article\" \/>\n<meta property=\"og:title\" content=\"DROP barva va\u0161\u00ed v\u00ed\u0159ivky - Anders &amp; Kafka E-SHOP\" \/>\n<meta property=\"og:description\" content=\"SAMOSTATN\u011a NEPRODEJN\u00c9 Jednotliv\u00e9 v\u00ed\u0159ivky Drop lze zakoupit zde\" \/>\n<meta property=\"og:url\" content=\"https:\/\/anderskafka.cz\/eshop\/produkt\/drop-x-barva-vanicky\/\" \/>\n<meta property=\"og:site_name\" content=\"Anders &amp; Kafka E-SHOP\" \/>\n<meta property=\"article:modified_time\" content=\"2024-12-05T08:40:17+00:00\" \/>\n<meta property=\"og:image\" content=\"https:\/\/anderskafka.cz\/eshop\/wp-content\/uploads\/sites\/3\/2023\/04\/Drop-X.png\" \/>\n\t<meta property=\"og:image:width\" content=\"1279\" \/>\n\t<meta property=\"og:image:height\" content=\"1280\" \/>\n\t<meta property=\"og:image:type\" content=\"image\/png\" \/>\n<meta name=\"twitter:card\" content=\"summary_large_image\" \/>\n<script type=\"application\/ld+json\" class=\"yoast-schema-graph\">{\"@context\":\"https:\/\/schema.org\",\"@graph\":[{\"@type\":\"WebSite\",\"@id\":\"https:\/\/anderskafka.cz\/eshop\/#website\",\"url\":\"https:\/\/anderskafka.cz\/eshop\/\",\"name\":\"Anders &amp; Kafka E-SHOP\",\"description\":\"Anders &amp; Kafka E-SHOP\",\"potentialAction\":[{\"@type\":\"SearchAction\",\"target\":{\"@type\":\"EntryPoint\",\"urlTemplate\":\"https:\/\/anderskafka.cz\/eshop\/?s={search_term_string}\"},\"query-input\":\"required name=search_term_string\"}],\"inLanguage\":\"cs\"},{\"@type\":\"ImageObject\",\"@id\":\"https:\/\/anderskafka.cz\/eshop\/produkt\/drop-x-barva-vanicky\/#primaryimage\",\"inLanguage\":\"cs\",\"url\":\"https:\/\/anderskafka.cz\/eshop\/wp-content\/uploads\/sites\/3\/2023\/04\/Drop-X.png\",\"contentUrl\":\"https:\/\/anderskafka.cz\/eshop\/wp-content\/uploads\/sites\/3\/2023\/04\/Drop-X.png\",\"width\":1279,\"height\":1280},{\"@type\":\"WebPage\",\"@id\":\"https:\/\/anderskafka.cz\/eshop\/produkt\/drop-x-barva-vanicky\/#webpage\",\"url\":\"https:\/\/anderskafka.cz\/eshop\/produkt\/drop-x-barva-vanicky\/\",\"name\":\"DROP barva va\u0161\u00ed v\u00ed\u0159ivky - Anders &amp; Kafka E-SHOP\",\"isPartOf\":{\"@id\":\"https:\/\/anderskafka.cz\/eshop\/#website\"},\"primaryImageOfPage\":{\"@id\":\"https:\/\/anderskafka.cz\/eshop\/produkt\/drop-x-barva-vanicky\/#primaryimage\"},\"datePublished\":\"2023-04-25T08:24:45+00:00\",\"dateModified\":\"2024-12-05T08:40:17+00:00\",\"description\":\"SAMOSTATN\u011a NEPRODEJN\u00c9 Jednotliv\u00e9 v\u00ed\u0159ivky Drop lze zakoupit zde\",\"breadcrumb\":{\"@id\":\"https:\/\/anderskafka.cz\/eshop\/produkt\/drop-x-barva-vanicky\/#breadcrumb\"},\"inLanguage\":\"cs\",\"potentialAction\":[{\"@type\":\"ReadAction\",\"target\":[\"https:\/\/anderskafka.cz\/eshop\/produkt\/drop-x-barva-vanicky\/\"]}]},{\"@type\":\"BreadcrumbList\",\"@id\":\"https:\/\/anderskafka.cz\/eshop\/produkt\/drop-x-barva-vanicky\/#breadcrumb\",\"itemListElement\":[{\"@type\":\"ListItem\",\"position\":1,\"name\":\"Obchod\",\"item\":\"https:\/\/anderskafka.cz\/eshop\/obchod\/\"},{\"@type\":\"ListItem\",\"position\":2,\"name\":\"DROP barva va\u0161\u00ed v\u00ed\u0159ivky\"}]}]}<\/script>\n<!-- \/ Yoast SEO plugin. -->","yoast_head_json":{"title":"DROP barva va\u0161\u00ed v\u00ed\u0159ivky - Anders &amp; Kafka E-SHOP","description":"SAMOSTATN\u011a NEPRODEJN\u00c9 Jednotliv\u00e9 v\u00ed\u0159ivky Drop lze zakoupit zde","robots":{"index":"index","follow":"follow","max-snippet":"max-snippet:-1","max-image-preview":"max-image-preview:large","max-video-preview":"max-video-preview:-1"},"canonical":"https:\/\/anderskafka.cz\/eshop\/produkt\/drop-x-barva-vanicky\/","og_locale":"cs_CZ","og_type":"article","og_title":"DROP barva va\u0161\u00ed v\u00ed\u0159ivky - Anders &amp; Kafka E-SHOP","og_description":"SAMOSTATN\u011a NEPRODEJN\u00c9 Jednotliv\u00e9 v\u00ed\u0159ivky Drop lze zakoupit zde","og_url":"https:\/\/anderskafka.cz\/eshop\/produkt\/drop-x-barva-vanicky\/","og_site_name":"Anders &amp; Kafka E-SHOP","article_modified_time":"2024-12-05T08:40:17+00:00","og_image":[{"width":1279,"height":1280,"url":"https:\/\/anderskafka.cz\/eshop\/wp-content\/uploads\/sites\/3\/2023\/04\/Drop-X.png","type":"image\/png"}],"twitter_card":"summary_large_image","schema":{"@context":"https:\/\/schema.org","@graph":[{"@type":"WebSite","@id":"https:\/\/anderskafka.cz\/eshop\/#website","url":"https:\/\/anderskafka.cz\/eshop\/","name":"Anders &amp; Kafka E-SHOP","description":"Anders &amp; Kafka E-SHOP","potentialAction":[{"@type":"SearchAction","target":{"@type":"EntryPoint","urlTemplate":"https:\/\/anderskafka.cz\/eshop\/?s={search_term_string}"},"query-input":"required name=search_term_string"}],"inLanguage":"cs"},{"@type":"ImageObject","@id":"https:\/\/anderskafka.cz\/eshop\/produkt\/drop-x-barva-vanicky\/#primaryimage","inLanguage":"cs","url":"https:\/\/anderskafka.cz\/eshop\/wp-content\/uploads\/sites\/3\/2023\/04\/Drop-X.png","contentUrl":"https:\/\/anderskafka.cz\/eshop\/wp-content\/uploads\/sites\/3\/2023\/04\/Drop-X.png","width":1279,"height":1280},{"@type":"WebPage","@id":"https:\/\/anderskafka.cz\/eshop\/produkt\/drop-x-barva-vanicky\/#webpage","url":"https:\/\/anderskafka.cz\/eshop\/produkt\/drop-x-barva-vanicky\/","name":"DROP barva va\u0161\u00ed v\u00ed\u0159ivky - Anders &amp; Kafka E-SHOP","isPartOf":{"@id":"https:\/\/anderskafka.cz\/eshop\/#website"},"primaryImageOfPage":{"@id":"https:\/\/anderskafka.cz\/eshop\/produkt\/drop-x-barva-vanicky\/#primaryimage"},"datePublished":"2023-04-25T08:24:45+00:00","dateModified":"2024-12-05T08:40:17+00:00","description":"SAMOSTATN\u011a NEPRODEJN\u00c9 Jednotliv\u00e9 v\u00ed\u0159ivky Drop lze zakoupit zde","breadcrumb":{"@id":"https:\/\/anderskafka.cz\/eshop\/produkt\/drop-x-barva-vanicky\/#breadcrumb"},"inLanguage":"cs","potentialAction":[{"@type":"ReadAction","target":["https:\/\/anderskafka.cz\/eshop\/produkt\/drop-x-barva-vanicky\/"]}]},{"@type":"BreadcrumbList","@id":"https:\/\/anderskafka.cz\/eshop\/produkt\/drop-x-barva-vanicky\/#breadcrumb","itemListElement":[{"@type":"ListItem","position":1,"name":"Obchod","item":"https:\/\/anderskafka.cz\/eshop\/obchod\/"},{"@type":"ListItem","position":2,"name":"DROP barva va\u0161\u00ed v\u00ed\u0159ivky"}]}]}},"locations":[],"_links":{"self":[{"href":"https:\/\/anderskafka.cz\/eshop\/wp-json\/wp\/v2\/product\/2992"}],"collection":[{"href":"https:\/\/anderskafka.cz\/eshop\/wp-json\/wp\/v2\/product"}],"about":[{"href":"https:\/\/anderskafka.cz\/eshop\/wp-json\/wp\/v2\/types\/product"}],"replies":[{"embeddable":true,"href":"https:\/\/anderskafka.cz\/eshop\/wp-json\/wp\/v2\/comments?post=2992"}],"wp:featuredmedia":[{"embeddable":true,"href":"https:\/\/anderskafka.cz\/eshop\/wp-json\/wp\/v2\/media\/2844"}],"wp:attachment":[{"href":"https:\/\/anderskafka.cz\/eshop\/wp-json\/wp\/v2\/media?parent=2992"}],"wp:term":[{"taxonomy":"location","embeddable":true,"href":"https:\/\/anderskafka.cz\/eshop\/wp-json\/wp\/v2\/location?post=2992"},{"taxonomy":"product_cat","embeddable":true,"href":"https:\/\/anderskafka.cz\/eshop\/wp-json\/wp\/v2\/product_cat?post=2992"},{"taxonomy":"product_tag","embeddable":true,"href":"https:\/\/anderskafka.cz\/eshop\/wp-json\/wp\/v2\/product_tag?post=2992"}],"curies":[{"name":"wp","href":"https:\/\/api.w.org\/{rel}","templated":true}]}}