{"id":3000,"date":"2023-04-25T22:08:10","date_gmt":"2023-04-25T20:08:10","guid":{"rendered":"https:\/\/anderskafka.cz\/eshop\/?post_type=product&#038;p=3000"},"modified":"2024-12-05T09:40:14","modified_gmt":"2024-12-05T08:40:14","slug":"drop-sada-bazenove-chemie-na-cca-6-az-8-mesicu","status":"publish","type":"product","link":"https:\/\/anderskafka.cz\/eshop\/produkt\/drop-sada-bazenove-chemie-na-cca-6-az-8-mesicu\/","title":{"rendered":"DROP sada v\u00ed\u0159ivkov\u00e9 chemie na cca 6 a\u017e 8 m\u011bs\u00edc\u016f"},"content":{"rendered":"<p>Sada obsahuje 4 lahve rozjas\u0148ova\u010de\/kondicion\u00e9ru na vodu a 2 sklenice pomalu se rozpou\u0161t\u011bj\u00edc\u00edch chl\u00f3rov\u00fdch tablet.<\/p>\n<div>\n<div class=\"j1rqpc\"><\/div>\n<\/div>\n<div class=\"FFpbKc\">\n<div>\n<div data-show-delay-ms=\"250\" data-append-to-body=\"false\" data-propagate-tooltip-mouseover-events=\"true\" data-anchor-corner=\"bottom-left\" data-enable-skip-handler=\"false\" data-popup-corner=\"top-left\">\n<div><\/div>\n<div class=\" B2mKhd eQGGme xGUN1\"><\/div>\n<\/div>\n<\/div>\n<div class=\"r375lc\">\n<div class=\"aJIq1d\" data-language-code=\"en\" data-language-name=\"angli\u010dtina\" data-text=\"All models except the Drop Pisara are electrically heated. The manufacturer recommends that such pools are run and used all year round, even in winter. The pools have a fully insulated frame that protects the technical equipment from the cold. However, it is crucial to ensure that the pipes and technology do not freeze during the winter. Some might wonder if running a pool constantly will be expensive. It is worth noting that several factors affect electricity consumption: the insulation of the pool, the degree of use, the weather and the owner\u2019s electricity contract. \u201cMy tip is: keep the spa pool\u2019s thermal cover closed and always locked when the spa is not in use. In fact, thanks to the first-class insulation, electrically heated pools in Finland have an electrical consumption equivalent to only 1 \u20ac\/day, when the water is kept at 37 degrees all year round, and the machinery is running 24\/7,\u201d Rantala explains. Rantala adds that the best characteristics of the pools come out, especially in winter. \u201cLet\u2019s say it\u2019s minus 10 degrees outside, and the water in the pool is +36 degrees. That combo is unbeatable. Of course, in the summer, you can swim almost anywhere, but immersing into the outdoor spa pool in winter gives an indescribable feeling of pleasure.\u201d Overall, the spa pools have been praised for being ergonomic and very easy to use. This is thanks to a well-thought-out, award-winning design and high-quality technology.\" data-crosslingual-hint=\"null\" data-location=\"1\" data-enable-toggle-playback-speed=\"true\"><\/div>\n<\/div>\n<\/div>\n<div class=\"QcsUad BDJ8fb wneUed\">\n<div class=\"usGWQd\">\n<div class=\"KkbLmb\">\n<div class=\"lRu31\"><\/div>\n<\/div>\n<\/div>\n<\/div>\n<p>&nbsp;<\/p>\n<div class=\"page\" title=\"Page 11\">\n<div class=\"section\">\n<div class=\"layoutArea\">\n<div class=\"column\">\n<p>&nbsp;<\/p>\n<\/div>\n<\/div>\n<\/div>\n<\/div>\n<div>\n<div><\/div>\n<\/div>\n","protected":false},"excerpt":{"rendered":"<div>\n<p>Tato sada v\u00ed\u0159ivkov\u00e9 chemie udr\u017e\u00ed Va\u0161\u00ed v\u00ed\u0159ivku Drop \u00a0perfektn\u011b \u010distou po dobu cca 6 a\u017e 8 m\u011bs\u00edc\u016f provozu.<\/p>\n<p>&nbsp;<\/p>\n<\/div>\n<div>\n<div>\n<div><\/div>\n<\/div>\n<\/div>\n","protected":false},"featured_media":2946,"comment_status":"open","ping_status":"closed","template":"","meta":{"site-sidebar-layout":"default","site-content-layout":"default","ast-main-header-display":"","ast-hfb-above-header-display":"","ast-hfb-below-header-display":"","ast-hfb-mobile-header-display":"disabled","site-post-title":"","ast-breadcrumbs-content":"","ast-featured-img":"","footer-sml-layout":"","theme-transparent-header-meta":"","adv-header-id-meta":"","stick-header-meta":"","header-above-stick-meta":"","header-main-stick-meta":"","header-below-stick-meta":""},"location":[],"product_cat":[865,1135],"product_tag":[816],"yoast_head":"<!-- This site is optimized with the Yoast SEO plugin v18.5.1 - https:\/\/yoast.com\/wordpress\/plugins\/seo\/ -->\n<title>DROP sada v\u00ed\u0159ivkov\u00e9 chemie na cca 6 a\u017e 8 m\u011bs\u00edc\u016f - Anders &amp; Kafka E-SHOP<\/title>\n<meta name=\"description\" content=\"Tato sada v\u00ed\u0159ivkov\u00e9 chemie udr\u017e\u00ed Va\u0161\u00ed v\u00ed\u0159ivku Drop \u00a0perfektn\u011b \u010distou po dobu cca 6 a\u017e 8 m\u011bs\u00edc\u016f provozu.  &nbsp;\" \/>\n<meta name=\"robots\" content=\"index, follow, max-snippet:-1, max-image-preview:large, max-video-preview:-1\" \/>\n<link rel=\"canonical\" href=\"https:\/\/anderskafka.cz\/eshop\/produkt\/drop-sada-bazenove-chemie-na-cca-6-az-8-mesicu\/\" \/>\n<meta property=\"og:locale\" content=\"cs_CZ\" \/>\n<meta property=\"og:type\" content=\"article\" \/>\n<meta property=\"og:title\" content=\"DROP sada v\u00ed\u0159ivkov\u00e9 chemie na cca 6 a\u017e 8 m\u011bs\u00edc\u016f - Anders &amp; Kafka E-SHOP\" \/>\n<meta property=\"og:description\" content=\"Tato sada v\u00ed\u0159ivkov\u00e9 chemie udr\u017e\u00ed Va\u0161\u00ed v\u00ed\u0159ivku Drop \u00a0perfektn\u011b \u010distou po dobu cca 6 a\u017e 8 m\u011bs\u00edc\u016f provozu.  &nbsp;\" \/>\n<meta property=\"og:url\" content=\"https:\/\/anderskafka.cz\/eshop\/produkt\/drop-sada-bazenove-chemie-na-cca-6-az-8-mesicu\/\" \/>\n<meta property=\"og:site_name\" content=\"Anders &amp; Kafka E-SHOP\" \/>\n<meta property=\"article:modified_time\" content=\"2024-12-05T08:40:14+00:00\" \/>\n<meta property=\"og:image\" content=\"https:\/\/anderskafka.cz\/eshop\/wp-content\/uploads\/sites\/3\/2023\/04\/hoito-ohjeet-drop-design-spa_285_377.jpeg\" \/>\n\t<meta property=\"og:image:width\" content=\"535\" \/>\n\t<meta property=\"og:image:height\" content=\"535\" \/>\n\t<meta property=\"og:image:type\" content=\"image\/jpeg\" \/>\n<meta name=\"twitter:card\" content=\"summary_large_image\" \/>\n<meta name=\"twitter:label1\" content=\"Odhadovan\u00e1 doba \u010dten\u00ed\" \/>\n\t<meta name=\"twitter:data1\" content=\"1 minuta\" \/>\n<script type=\"application\/ld+json\" class=\"yoast-schema-graph\">{\"@context\":\"https:\/\/schema.org\",\"@graph\":[{\"@type\":\"WebSite\",\"@id\":\"https:\/\/anderskafka.cz\/eshop\/#website\",\"url\":\"https:\/\/anderskafka.cz\/eshop\/\",\"name\":\"Anders &amp; Kafka E-SHOP\",\"description\":\"Anders &amp; Kafka E-SHOP\",\"potentialAction\":[{\"@type\":\"SearchAction\",\"target\":{\"@type\":\"EntryPoint\",\"urlTemplate\":\"https:\/\/anderskafka.cz\/eshop\/?s={search_term_string}\"},\"query-input\":\"required name=search_term_string\"}],\"inLanguage\":\"cs\"},{\"@type\":\"ImageObject\",\"@id\":\"https:\/\/anderskafka.cz\/eshop\/produkt\/drop-sada-bazenove-chemie-na-cca-6-az-8-mesicu\/#primaryimage\",\"inLanguage\":\"cs\",\"url\":\"https:\/\/anderskafka.cz\/eshop\/wp-content\/uploads\/sites\/3\/2023\/04\/hoito-ohjeet-drop-design-spa_285_377.jpeg\",\"contentUrl\":\"https:\/\/anderskafka.cz\/eshop\/wp-content\/uploads\/sites\/3\/2023\/04\/hoito-ohjeet-drop-design-spa_285_377.jpeg\",\"width\":535,\"height\":535},{\"@type\":\"WebPage\",\"@id\":\"https:\/\/anderskafka.cz\/eshop\/produkt\/drop-sada-bazenove-chemie-na-cca-6-az-8-mesicu\/#webpage\",\"url\":\"https:\/\/anderskafka.cz\/eshop\/produkt\/drop-sada-bazenove-chemie-na-cca-6-az-8-mesicu\/\",\"name\":\"DROP sada v\u00ed\u0159ivkov\u00e9 chemie na cca 6 a\u017e 8 m\u011bs\u00edc\u016f - Anders &amp; Kafka E-SHOP\",\"isPartOf\":{\"@id\":\"https:\/\/anderskafka.cz\/eshop\/#website\"},\"primaryImageOfPage\":{\"@id\":\"https:\/\/anderskafka.cz\/eshop\/produkt\/drop-sada-bazenove-chemie-na-cca-6-az-8-mesicu\/#primaryimage\"},\"datePublished\":\"2023-04-25T20:08:10+00:00\",\"dateModified\":\"2024-12-05T08:40:14+00:00\",\"description\":\"Tato sada v\u00ed\u0159ivkov\u00e9 chemie udr\u017e\u00ed Va\u0161\u00ed v\u00ed\u0159ivku Drop \u00a0perfektn\u011b \u010distou po dobu cca 6 a\u017e 8 m\u011bs\u00edc\u016f provozu. &nbsp;\",\"breadcrumb\":{\"@id\":\"https:\/\/anderskafka.cz\/eshop\/produkt\/drop-sada-bazenove-chemie-na-cca-6-az-8-mesicu\/#breadcrumb\"},\"inLanguage\":\"cs\",\"potentialAction\":[{\"@type\":\"ReadAction\",\"target\":[\"https:\/\/anderskafka.cz\/eshop\/produkt\/drop-sada-bazenove-chemie-na-cca-6-az-8-mesicu\/\"]}]},{\"@type\":\"BreadcrumbList\",\"@id\":\"https:\/\/anderskafka.cz\/eshop\/produkt\/drop-sada-bazenove-chemie-na-cca-6-az-8-mesicu\/#breadcrumb\",\"itemListElement\":[{\"@type\":\"ListItem\",\"position\":1,\"name\":\"Obchod\",\"item\":\"https:\/\/anderskafka.cz\/eshop\/obchod\/\"},{\"@type\":\"ListItem\",\"position\":2,\"name\":\"DROP sada v\u00ed\u0159ivkov\u00e9 chemie na cca 6 a\u017e 8 m\u011bs\u00edc\u016f\"}]}]}<\/script>\n<!-- \/ Yoast SEO plugin. -->","yoast_head_json":{"title":"DROP sada v\u00ed\u0159ivkov\u00e9 chemie na cca 6 a\u017e 8 m\u011bs\u00edc\u016f - Anders &amp; Kafka E-SHOP","description":"Tato sada v\u00ed\u0159ivkov\u00e9 chemie udr\u017e\u00ed Va\u0161\u00ed v\u00ed\u0159ivku Drop \u00a0perfektn\u011b \u010distou po dobu cca 6 a\u017e 8 m\u011bs\u00edc\u016f provozu.  &nbsp;","robots":{"index":"index","follow":"follow","max-snippet":"max-snippet:-1","max-image-preview":"max-image-preview:large","max-video-preview":"max-video-preview:-1"},"canonical":"https:\/\/anderskafka.cz\/eshop\/produkt\/drop-sada-bazenove-chemie-na-cca-6-az-8-mesicu\/","og_locale":"cs_CZ","og_type":"article","og_title":"DROP sada v\u00ed\u0159ivkov\u00e9 chemie na cca 6 a\u017e 8 m\u011bs\u00edc\u016f - Anders &amp; Kafka E-SHOP","og_description":"Tato sada v\u00ed\u0159ivkov\u00e9 chemie udr\u017e\u00ed Va\u0161\u00ed v\u00ed\u0159ivku Drop \u00a0perfektn\u011b \u010distou po dobu cca 6 a\u017e 8 m\u011bs\u00edc\u016f provozu.  &nbsp;","og_url":"https:\/\/anderskafka.cz\/eshop\/produkt\/drop-sada-bazenove-chemie-na-cca-6-az-8-mesicu\/","og_site_name":"Anders &amp; Kafka E-SHOP","article_modified_time":"2024-12-05T08:40:14+00:00","og_image":[{"width":535,"height":535,"url":"https:\/\/anderskafka.cz\/eshop\/wp-content\/uploads\/sites\/3\/2023\/04\/hoito-ohjeet-drop-design-spa_285_377.jpeg","type":"image\/jpeg"}],"twitter_card":"summary_large_image","twitter_misc":{"Odhadovan\u00e1 doba \u010dten\u00ed":"1 minuta"},"schema":{"@context":"https:\/\/schema.org","@graph":[{"@type":"WebSite","@id":"https:\/\/anderskafka.cz\/eshop\/#website","url":"https:\/\/anderskafka.cz\/eshop\/","name":"Anders &amp; Kafka E-SHOP","description":"Anders &amp; Kafka E-SHOP","potentialAction":[{"@type":"SearchAction","target":{"@type":"EntryPoint","urlTemplate":"https:\/\/anderskafka.cz\/eshop\/?s={search_term_string}"},"query-input":"required name=search_term_string"}],"inLanguage":"cs"},{"@type":"ImageObject","@id":"https:\/\/anderskafka.cz\/eshop\/produkt\/drop-sada-bazenove-chemie-na-cca-6-az-8-mesicu\/#primaryimage","inLanguage":"cs","url":"https:\/\/anderskafka.cz\/eshop\/wp-content\/uploads\/sites\/3\/2023\/04\/hoito-ohjeet-drop-design-spa_285_377.jpeg","contentUrl":"https:\/\/anderskafka.cz\/eshop\/wp-content\/uploads\/sites\/3\/2023\/04\/hoito-ohjeet-drop-design-spa_285_377.jpeg","width":535,"height":535},{"@type":"WebPage","@id":"https:\/\/anderskafka.cz\/eshop\/produkt\/drop-sada-bazenove-chemie-na-cca-6-az-8-mesicu\/#webpage","url":"https:\/\/anderskafka.cz\/eshop\/produkt\/drop-sada-bazenove-chemie-na-cca-6-az-8-mesicu\/","name":"DROP sada v\u00ed\u0159ivkov\u00e9 chemie na cca 6 a\u017e 8 m\u011bs\u00edc\u016f - Anders &amp; Kafka E-SHOP","isPartOf":{"@id":"https:\/\/anderskafka.cz\/eshop\/#website"},"primaryImageOfPage":{"@id":"https:\/\/anderskafka.cz\/eshop\/produkt\/drop-sada-bazenove-chemie-na-cca-6-az-8-mesicu\/#primaryimage"},"datePublished":"2023-04-25T20:08:10+00:00","dateModified":"2024-12-05T08:40:14+00:00","description":"Tato sada v\u00ed\u0159ivkov\u00e9 chemie udr\u017e\u00ed Va\u0161\u00ed v\u00ed\u0159ivku Drop \u00a0perfektn\u011b \u010distou po dobu cca 6 a\u017e 8 m\u011bs\u00edc\u016f provozu. &nbsp;","breadcrumb":{"@id":"https:\/\/anderskafka.cz\/eshop\/produkt\/drop-sada-bazenove-chemie-na-cca-6-az-8-mesicu\/#breadcrumb"},"inLanguage":"cs","potentialAction":[{"@type":"ReadAction","target":["https:\/\/anderskafka.cz\/eshop\/produkt\/drop-sada-bazenove-chemie-na-cca-6-az-8-mesicu\/"]}]},{"@type":"BreadcrumbList","@id":"https:\/\/anderskafka.cz\/eshop\/produkt\/drop-sada-bazenove-chemie-na-cca-6-az-8-mesicu\/#breadcrumb","itemListElement":[{"@type":"ListItem","position":1,"name":"Obchod","item":"https:\/\/anderskafka.cz\/eshop\/obchod\/"},{"@type":"ListItem","position":2,"name":"DROP sada v\u00ed\u0159ivkov\u00e9 chemie na cca 6 a\u017e 8 m\u011bs\u00edc\u016f"}]}]}},"locations":[],"_links":{"self":[{"href":"https:\/\/anderskafka.cz\/eshop\/wp-json\/wp\/v2\/product\/3000"}],"collection":[{"href":"https:\/\/anderskafka.cz\/eshop\/wp-json\/wp\/v2\/product"}],"about":[{"href":"https:\/\/anderskafka.cz\/eshop\/wp-json\/wp\/v2\/types\/product"}],"replies":[{"embeddable":true,"href":"https:\/\/anderskafka.cz\/eshop\/wp-json\/wp\/v2\/comments?post=3000"}],"wp:featuredmedia":[{"embeddable":true,"href":"https:\/\/anderskafka.cz\/eshop\/wp-json\/wp\/v2\/media\/2946"}],"wp:attachment":[{"href":"https:\/\/anderskafka.cz\/eshop\/wp-json\/wp\/v2\/media?parent=3000"}],"wp:term":[{"taxonomy":"location","embeddable":true,"href":"https:\/\/anderskafka.cz\/eshop\/wp-json\/wp\/v2\/location?post=3000"},{"taxonomy":"product_cat","embeddable":true,"href":"https:\/\/anderskafka.cz\/eshop\/wp-json\/wp\/v2\/product_cat?post=3000"},{"taxonomy":"product_tag","embeddable":true,"href":"https:\/\/anderskafka.cz\/eshop\/wp-json\/wp\/v2\/product_tag?post=3000"}],"curies":[{"name":"wp","href":"https:\/\/api.w.org\/{rel}","templated":true}]}}