{"id":3002,"date":"2023-04-25T23:15:10","date_gmt":"2023-04-25T21:15:10","guid":{"rendered":"https:\/\/anderskafka.cz\/eshop\/?post_type=product&#038;p=3002"},"modified":"2026-02-17T11:38:27","modified_gmt":"2026-02-17T10:38:27","slug":"drop-schody-pro-designovy-obklad-z-cerneho-lepeneho-lameloveho-dreva","status":"publish","type":"product","link":"https:\/\/anderskafka.cz\/eshop\/produkt\/drop-schody-pro-designovy-obklad-z-cerneho-lepeneho-lameloveho-dreva\/","title":{"rendered":"DROP schody pro designov\u00fd obklad z \u010dern\u00e9ho lepen\u00e9ho lamelov\u00e9ho d\u0159eva"},"content":{"rendered":"<p>Pro v\u00fdrobu t\u011bchto schod\u016f bylo pou\u017eito lepen\u00e9 lamelov\u00e9 d\u0159evo z borovice ve v\u00fdrob\u011b obarven\u00e9 na \u010derno.<\/p>\n<p>V z\u00e1vislosti na klimatu a po\u010das\u00ed se povrchov\u00e1 \u00faprava doporu\u010duje obnovit ka\u017ed\u00e9 dva roky. Pou\u017eit\u00edm venkovn\u00edho oleje na d\u0159evo nebo venkovn\u00edho oleje a vosku na d\u0159evo obnov\u00edte matn\u00fd povrch d\u0159eva a prodlou\u017e\u00edte \u017eivotnost schod\u016f.<\/p>\n","protected":false},"excerpt":{"rendered":"<p>Dva schody pro sna\u017e\u0161\u00ed p\u0159\u00edstup do Va\u0161\u00ed v\u00ed\u0159ivky Drop. Vyrobeno z lepen\u00e9ho lamelov\u00e9ho d\u0159eva z borovice ve v\u00fdrob\u011b obarven\u00e9 na \u010derno s 3D profilemV\u00e1m zaru\u010d\u00ed bezstarostn\u00e9 chv\u00edle s Va\u0161\u00ed v\u00ed\u0159ivkou Drop. Vyrobeno ve stejn\u00e9m designu jako obklad z \u010dern\u00e9ho lepen\u00e9ho lamelov\u00e9ho d\u0159eva.<\/p>\n","protected":false},"featured_media":3379,"comment_status":"open","ping_status":"closed","template":"","meta":{"site-sidebar-layout":"default","site-content-layout":"default","ast-main-header-display":"","ast-hfb-above-header-display":"","ast-hfb-below-header-display":"","ast-hfb-mobile-header-display":"","site-post-title":"","ast-breadcrumbs-content":"","ast-featured-img":"","footer-sml-layout":"","theme-transparent-header-meta":"","adv-header-id-meta":"","stick-header-meta":"","header-above-stick-meta":"","header-main-stick-meta":"","header-below-stick-meta":""},"location":[],"product_cat":[864],"product_tag":[816],"yoast_head":"<!-- This site is optimized with the Yoast SEO plugin v18.5.1 - https:\/\/yoast.com\/wordpress\/plugins\/seo\/ -->\n<title>DROP schody pro designov\u00fd obklad z \u010dern\u00e9ho lepen\u00e9ho lamelov\u00e9ho d\u0159eva - Anders &amp; Kafka E-SHOP<\/title>\n<meta name=\"description\" content=\"Dva schody pro sna\u017e\u0161\u00ed p\u0159\u00edstup do Va\u0161\u00ed v\u00ed\u0159ivky Drop. Vyrobeno z lepen\u00e9ho lamelov\u00e9ho d\u0159eva z borovice ve v\u00fdrob\u011b obarven\u00e9 na \u010derno s 3D profilemV\u00e1m zaru\u010d\u00ed bezstarostn\u00e9 chv\u00edle s Va\u0161\u00ed v\u00ed\u0159ivkou Drop. Vyrobeno ve stejn\u00e9m designu jako obklad z \u010dern\u00e9ho lepen\u00e9ho lamelov\u00e9ho d\u0159eva.\" \/>\n<meta name=\"robots\" content=\"index, follow, max-snippet:-1, max-image-preview:large, max-video-preview:-1\" \/>\n<link rel=\"canonical\" href=\"https:\/\/anderskafka.cz\/eshop\/produkt\/drop-schody-pro-designovy-obklad-z-cerneho-lepeneho-lameloveho-dreva\/\" \/>\n<meta property=\"og:locale\" content=\"cs_CZ\" \/>\n<meta property=\"og:type\" content=\"article\" \/>\n<meta property=\"og:title\" content=\"DROP schody pro designov\u00fd obklad z \u010dern\u00e9ho lepen\u00e9ho lamelov\u00e9ho d\u0159eva - Anders &amp; Kafka E-SHOP\" \/>\n<meta property=\"og:description\" content=\"Dva schody pro sna\u017e\u0161\u00ed p\u0159\u00edstup do Va\u0161\u00ed v\u00ed\u0159ivky Drop. Vyrobeno z lepen\u00e9ho lamelov\u00e9ho d\u0159eva z borovice ve v\u00fdrob\u011b obarven\u00e9 na \u010derno s 3D profilemV\u00e1m zaru\u010d\u00ed bezstarostn\u00e9 chv\u00edle s Va\u0161\u00ed v\u00ed\u0159ivkou Drop. Vyrobeno ve stejn\u00e9m designu jako obklad z \u010dern\u00e9ho lepen\u00e9ho lamelov\u00e9ho d\u0159eva.\" \/>\n<meta property=\"og:url\" content=\"https:\/\/anderskafka.cz\/eshop\/produkt\/drop-schody-pro-designovy-obklad-z-cerneho-lepeneho-lameloveho-dreva\/\" \/>\n<meta property=\"og:site_name\" content=\"Anders &amp; Kafka E-SHOP\" \/>\n<meta property=\"article:modified_time\" content=\"2026-02-17T10:38:27+00:00\" \/>\n<meta property=\"og:image\" content=\"https:\/\/anderskafka.cz\/eshop\/wp-content\/uploads\/sites\/3\/2023\/04\/black-stairs-1-2.jpg\" \/>\n\t<meta property=\"og:image:width\" content=\"558\" \/>\n\t<meta property=\"og:image:height\" content=\"559\" \/>\n\t<meta property=\"og:image:type\" content=\"image\/jpeg\" \/>\n<meta name=\"twitter:card\" content=\"summary_large_image\" \/>\n<meta name=\"twitter:label1\" content=\"Odhadovan\u00e1 doba \u010dten\u00ed\" \/>\n\t<meta name=\"twitter:data1\" content=\"2 minuty\" \/>\n<script type=\"application\/ld+json\" class=\"yoast-schema-graph\">{\"@context\":\"https:\/\/schema.org\",\"@graph\":[{\"@type\":\"WebSite\",\"@id\":\"https:\/\/anderskafka.cz\/eshop\/#website\",\"url\":\"https:\/\/anderskafka.cz\/eshop\/\",\"name\":\"Anders &amp; Kafka E-SHOP\",\"description\":\"Anders &amp; Kafka E-SHOP\",\"potentialAction\":[{\"@type\":\"SearchAction\",\"target\":{\"@type\":\"EntryPoint\",\"urlTemplate\":\"https:\/\/anderskafka.cz\/eshop\/?s={search_term_string}\"},\"query-input\":\"required name=search_term_string\"}],\"inLanguage\":\"cs\"},{\"@type\":\"ImageObject\",\"@id\":\"https:\/\/anderskafka.cz\/eshop\/produkt\/drop-schody-pro-designovy-obklad-z-cerneho-lepeneho-lameloveho-dreva\/#primaryimage\",\"inLanguage\":\"cs\",\"url\":\"https:\/\/anderskafka.cz\/eshop\/wp-content\/uploads\/sites\/3\/2023\/04\/black-stairs-1-2.jpg\",\"contentUrl\":\"https:\/\/anderskafka.cz\/eshop\/wp-content\/uploads\/sites\/3\/2023\/04\/black-stairs-1-2.jpg\",\"width\":558,\"height\":559},{\"@type\":\"WebPage\",\"@id\":\"https:\/\/anderskafka.cz\/eshop\/produkt\/drop-schody-pro-designovy-obklad-z-cerneho-lepeneho-lameloveho-dreva\/#webpage\",\"url\":\"https:\/\/anderskafka.cz\/eshop\/produkt\/drop-schody-pro-designovy-obklad-z-cerneho-lepeneho-lameloveho-dreva\/\",\"name\":\"DROP schody pro designov\u00fd obklad z \u010dern\u00e9ho lepen\u00e9ho lamelov\u00e9ho d\u0159eva - Anders &amp; Kafka E-SHOP\",\"isPartOf\":{\"@id\":\"https:\/\/anderskafka.cz\/eshop\/#website\"},\"primaryImageOfPage\":{\"@id\":\"https:\/\/anderskafka.cz\/eshop\/produkt\/drop-schody-pro-designovy-obklad-z-cerneho-lepeneho-lameloveho-dreva\/#primaryimage\"},\"datePublished\":\"2023-04-25T21:15:10+00:00\",\"dateModified\":\"2026-02-17T10:38:27+00:00\",\"description\":\"Dva schody pro sna\u017e\u0161\u00ed p\u0159\u00edstup do Va\u0161\u00ed v\u00ed\u0159ivky Drop. Vyrobeno z lepen\u00e9ho lamelov\u00e9ho d\u0159eva z borovice ve v\u00fdrob\u011b obarven\u00e9 na \u010derno s 3D profilemV\u00e1m zaru\u010d\u00ed bezstarostn\u00e9 chv\u00edle s Va\u0161\u00ed v\u00ed\u0159ivkou Drop. Vyrobeno ve stejn\u00e9m designu jako obklad z \u010dern\u00e9ho lepen\u00e9ho lamelov\u00e9ho d\u0159eva.\",\"breadcrumb\":{\"@id\":\"https:\/\/anderskafka.cz\/eshop\/produkt\/drop-schody-pro-designovy-obklad-z-cerneho-lepeneho-lameloveho-dreva\/#breadcrumb\"},\"inLanguage\":\"cs\",\"potentialAction\":[{\"@type\":\"ReadAction\",\"target\":[\"https:\/\/anderskafka.cz\/eshop\/produkt\/drop-schody-pro-designovy-obklad-z-cerneho-lepeneho-lameloveho-dreva\/\"]}]},{\"@type\":\"BreadcrumbList\",\"@id\":\"https:\/\/anderskafka.cz\/eshop\/produkt\/drop-schody-pro-designovy-obklad-z-cerneho-lepeneho-lameloveho-dreva\/#breadcrumb\",\"itemListElement\":[{\"@type\":\"ListItem\",\"position\":1,\"name\":\"Obchod\",\"item\":\"https:\/\/anderskafka.cz\/eshop\/obchod\/\"},{\"@type\":\"ListItem\",\"position\":2,\"name\":\"DROP schody pro designov\u00fd obklad z \u010dern\u00e9ho lepen\u00e9ho lamelov\u00e9ho d\u0159eva\"}]}]}<\/script>\n<!-- \/ Yoast SEO plugin. -->","yoast_head_json":{"title":"DROP schody pro designov\u00fd obklad z \u010dern\u00e9ho lepen\u00e9ho lamelov\u00e9ho d\u0159eva - Anders &amp; Kafka E-SHOP","description":"Dva schody pro sna\u017e\u0161\u00ed p\u0159\u00edstup do Va\u0161\u00ed v\u00ed\u0159ivky Drop. Vyrobeno z lepen\u00e9ho lamelov\u00e9ho d\u0159eva z borovice ve v\u00fdrob\u011b obarven\u00e9 na \u010derno s 3D profilemV\u00e1m zaru\u010d\u00ed bezstarostn\u00e9 chv\u00edle s Va\u0161\u00ed v\u00ed\u0159ivkou Drop. Vyrobeno ve stejn\u00e9m designu jako obklad z \u010dern\u00e9ho lepen\u00e9ho lamelov\u00e9ho d\u0159eva.","robots":{"index":"index","follow":"follow","max-snippet":"max-snippet:-1","max-image-preview":"max-image-preview:large","max-video-preview":"max-video-preview:-1"},"canonical":"https:\/\/anderskafka.cz\/eshop\/produkt\/drop-schody-pro-designovy-obklad-z-cerneho-lepeneho-lameloveho-dreva\/","og_locale":"cs_CZ","og_type":"article","og_title":"DROP schody pro designov\u00fd obklad z \u010dern\u00e9ho lepen\u00e9ho lamelov\u00e9ho d\u0159eva - Anders &amp; Kafka E-SHOP","og_description":"Dva schody pro sna\u017e\u0161\u00ed p\u0159\u00edstup do Va\u0161\u00ed v\u00ed\u0159ivky Drop. Vyrobeno z lepen\u00e9ho lamelov\u00e9ho d\u0159eva z borovice ve v\u00fdrob\u011b obarven\u00e9 na \u010derno s 3D profilemV\u00e1m zaru\u010d\u00ed bezstarostn\u00e9 chv\u00edle s Va\u0161\u00ed v\u00ed\u0159ivkou Drop. Vyrobeno ve stejn\u00e9m designu jako obklad z \u010dern\u00e9ho lepen\u00e9ho lamelov\u00e9ho d\u0159eva.","og_url":"https:\/\/anderskafka.cz\/eshop\/produkt\/drop-schody-pro-designovy-obklad-z-cerneho-lepeneho-lameloveho-dreva\/","og_site_name":"Anders &amp; Kafka E-SHOP","article_modified_time":"2026-02-17T10:38:27+00:00","og_image":[{"width":558,"height":559,"url":"https:\/\/anderskafka.cz\/eshop\/wp-content\/uploads\/sites\/3\/2023\/04\/black-stairs-1-2.jpg","type":"image\/jpeg"}],"twitter_card":"summary_large_image","twitter_misc":{"Odhadovan\u00e1 doba \u010dten\u00ed":"2 minuty"},"schema":{"@context":"https:\/\/schema.org","@graph":[{"@type":"WebSite","@id":"https:\/\/anderskafka.cz\/eshop\/#website","url":"https:\/\/anderskafka.cz\/eshop\/","name":"Anders &amp; Kafka E-SHOP","description":"Anders &amp; Kafka E-SHOP","potentialAction":[{"@type":"SearchAction","target":{"@type":"EntryPoint","urlTemplate":"https:\/\/anderskafka.cz\/eshop\/?s={search_term_string}"},"query-input":"required name=search_term_string"}],"inLanguage":"cs"},{"@type":"ImageObject","@id":"https:\/\/anderskafka.cz\/eshop\/produkt\/drop-schody-pro-designovy-obklad-z-cerneho-lepeneho-lameloveho-dreva\/#primaryimage","inLanguage":"cs","url":"https:\/\/anderskafka.cz\/eshop\/wp-content\/uploads\/sites\/3\/2023\/04\/black-stairs-1-2.jpg","contentUrl":"https:\/\/anderskafka.cz\/eshop\/wp-content\/uploads\/sites\/3\/2023\/04\/black-stairs-1-2.jpg","width":558,"height":559},{"@type":"WebPage","@id":"https:\/\/anderskafka.cz\/eshop\/produkt\/drop-schody-pro-designovy-obklad-z-cerneho-lepeneho-lameloveho-dreva\/#webpage","url":"https:\/\/anderskafka.cz\/eshop\/produkt\/drop-schody-pro-designovy-obklad-z-cerneho-lepeneho-lameloveho-dreva\/","name":"DROP schody pro designov\u00fd obklad z \u010dern\u00e9ho lepen\u00e9ho lamelov\u00e9ho d\u0159eva - Anders &amp; Kafka E-SHOP","isPartOf":{"@id":"https:\/\/anderskafka.cz\/eshop\/#website"},"primaryImageOfPage":{"@id":"https:\/\/anderskafka.cz\/eshop\/produkt\/drop-schody-pro-designovy-obklad-z-cerneho-lepeneho-lameloveho-dreva\/#primaryimage"},"datePublished":"2023-04-25T21:15:10+00:00","dateModified":"2026-02-17T10:38:27+00:00","description":"Dva schody pro sna\u017e\u0161\u00ed p\u0159\u00edstup do Va\u0161\u00ed v\u00ed\u0159ivky Drop. Vyrobeno z lepen\u00e9ho lamelov\u00e9ho d\u0159eva z borovice ve v\u00fdrob\u011b obarven\u00e9 na \u010derno s 3D profilemV\u00e1m zaru\u010d\u00ed bezstarostn\u00e9 chv\u00edle s Va\u0161\u00ed v\u00ed\u0159ivkou Drop. Vyrobeno ve stejn\u00e9m designu jako obklad z \u010dern\u00e9ho lepen\u00e9ho lamelov\u00e9ho d\u0159eva.","breadcrumb":{"@id":"https:\/\/anderskafka.cz\/eshop\/produkt\/drop-schody-pro-designovy-obklad-z-cerneho-lepeneho-lameloveho-dreva\/#breadcrumb"},"inLanguage":"cs","potentialAction":[{"@type":"ReadAction","target":["https:\/\/anderskafka.cz\/eshop\/produkt\/drop-schody-pro-designovy-obklad-z-cerneho-lepeneho-lameloveho-dreva\/"]}]},{"@type":"BreadcrumbList","@id":"https:\/\/anderskafka.cz\/eshop\/produkt\/drop-schody-pro-designovy-obklad-z-cerneho-lepeneho-lameloveho-dreva\/#breadcrumb","itemListElement":[{"@type":"ListItem","position":1,"name":"Obchod","item":"https:\/\/anderskafka.cz\/eshop\/obchod\/"},{"@type":"ListItem","position":2,"name":"DROP schody pro designov\u00fd obklad z \u010dern\u00e9ho lepen\u00e9ho lamelov\u00e9ho d\u0159eva"}]}]}},"locations":[],"_links":{"self":[{"href":"https:\/\/anderskafka.cz\/eshop\/wp-json\/wp\/v2\/product\/3002"}],"collection":[{"href":"https:\/\/anderskafka.cz\/eshop\/wp-json\/wp\/v2\/product"}],"about":[{"href":"https:\/\/anderskafka.cz\/eshop\/wp-json\/wp\/v2\/types\/product"}],"replies":[{"embeddable":true,"href":"https:\/\/anderskafka.cz\/eshop\/wp-json\/wp\/v2\/comments?post=3002"}],"wp:featuredmedia":[{"embeddable":true,"href":"https:\/\/anderskafka.cz\/eshop\/wp-json\/wp\/v2\/media\/3379"}],"wp:attachment":[{"href":"https:\/\/anderskafka.cz\/eshop\/wp-json\/wp\/v2\/media?parent=3002"}],"wp:term":[{"taxonomy":"location","embeddable":true,"href":"https:\/\/anderskafka.cz\/eshop\/wp-json\/wp\/v2\/location?post=3002"},{"taxonomy":"product_cat","embeddable":true,"href":"https:\/\/anderskafka.cz\/eshop\/wp-json\/wp\/v2\/product_cat?post=3002"},{"taxonomy":"product_tag","embeddable":true,"href":"https:\/\/anderskafka.cz\/eshop\/wp-json\/wp\/v2\/product_tag?post=3002"}],"curies":[{"name":"wp","href":"https:\/\/api.w.org\/{rel}","templated":true}]}}