{"id":3003,"date":"2023-04-26T00:10:56","date_gmt":"2023-04-25T22:10:56","guid":{"rendered":"https:\/\/anderskafka.cz\/eshop\/?post_type=product&#038;p=3003"},"modified":"2024-12-05T09:40:14","modified_gmt":"2024-12-05T08:40:14","slug":"drop-standart-3-kw-elektricke-vytapeni-30-mm-polyuretanova-izolace-celeho-ramu-kopirovat","status":"publish","type":"product","link":"https:\/\/anderskafka.cz\/eshop\/produkt\/drop-standart-3-kw-elektricke-vytapeni-30-mm-polyuretanova-izolace-celeho-ramu-kopirovat\/","title":{"rendered":"DROP STANDART \u2013 3 kW elektrick\u00e9 vyt\u00e1p\u011bn\u00ed, 30 mm polyuretanov\u00e1 izolace cel\u00e9ho r\u00e1mu"},"content":{"rendered":"<p>V\u00fdbava Drop Standart \u00a0zahrnuje \u00a03 Kw topn\u00e9ho v\u00fdkonu a \u00a030 mm kvalitn\u00ed polyuretanov\u00e1 izolace cel\u00e9ho r\u00e1mu, \u00a0V p\u0159\u00edpad\u011b \u017ee si nezvol\u00edte v\u00fdbavu Drop Nordic bude V\u00e1mi objednan\u00e1 v\u00ed\u0159ivka dod\u00e1na s touto v\u00fdbavou.<\/p>\n<p>&#8211; 3 kW elektrick\u00fd oh\u0159\u00edva\u010d oh\u0159eje vodu p\u0159ibli\u017en\u011b o 1\u20132 stupn\u011b Celsia za hodinu.<br \/>\n&#8211; 6 kW elektrick\u00fd oh\u0159\u00edva\u010d oh\u0159eje vodu p\u0159ibli\u017en\u011b o 3\u20134 stupn\u011b Celsia za hodinu.<\/p>\n","protected":false},"excerpt":{"rendered":"<p>DROP STANDART &#8211; 3 kW elektrick\u00e9 vyt\u00e1p\u011bn\u00ed, 30 mm polyuretanov\u00e1 izolace cel\u00e9ho r\u00e1mu, V p\u0159\u00edpad\u011b \u017ee v\u00ed\u0159ivku Drop budete cht\u00edt vyu\u017e\u00edvat v zimn\u00edm obdob\u00ed doporu\u010dujeme pro v\u0161echny elektricky vyh\u0159\u00edvan\u00e9 v\u00ed\u0159ivky Drop, v\u00fdbavu Drop Nordic. Doc\u00edl\u00edte sn\u00ed\u017een\u00ed n\u00e1klad\u016f na vyh\u0159\u00edvan\u00ed.<\/p>\n<h3><strong>SAMOSTATN\u011a NEPRODEJN\u00c9<\/strong><\/h3>\n","protected":false},"featured_media":2872,"comment_status":"open","ping_status":"closed","template":"","meta":{"site-sidebar-layout":"default","site-content-layout":"default","ast-main-header-display":"","ast-hfb-above-header-display":"","ast-hfb-below-header-display":"","ast-hfb-mobile-header-display":"","site-post-title":"","ast-breadcrumbs-content":"","ast-featured-img":"","footer-sml-layout":"","theme-transparent-header-meta":"","adv-header-id-meta":"","stick-header-meta":"","header-above-stick-meta":"","header-main-stick-meta":"","header-below-stick-meta":""},"location":[],"product_cat":[747],"product_tag":[816],"yoast_head":"<!-- This site is optimized with the Yoast SEO plugin v18.5.1 - https:\/\/yoast.com\/wordpress\/plugins\/seo\/ -->\n<title>DROP STANDART \u2013 3 kW elektrick\u00e9 vyt\u00e1p\u011bn\u00ed, 30 mm polyuretanov\u00e1 izolace cel\u00e9ho r\u00e1mu - Anders &amp; Kafka E-SHOP<\/title>\n<meta name=\"description\" content=\"DROP STANDART - 3 kW elektrick\u00e9 vyt\u00e1p\u011bn\u00ed, 30 mm polyuretanov\u00e1 izolace cel\u00e9ho r\u00e1mu, V p\u0159\u00edpad\u011b \u017ee v\u00ed\u0159ivku Drop budete cht\u00edt vyu\u017e\u00edvat v zimn\u00edm obdob\u00ed doporu\u010dujeme pro v\u0161echny elektricky vyh\u0159\u00edvan\u00e9 v\u00ed\u0159ivky Drop, v\u00fdbavu Drop Nordic. Doc\u00edl\u00edte sn\u00ed\u017een\u00ed n\u00e1klad\u016f na vyh\u0159\u00edvan\u00ed. SAMOSTATN\u011a NEPRODEJN\u00c9\" \/>\n<meta name=\"robots\" content=\"index, follow, max-snippet:-1, max-image-preview:large, max-video-preview:-1\" \/>\n<link rel=\"canonical\" href=\"https:\/\/anderskafka.cz\/eshop\/produkt\/drop-standart-3-kw-elektricke-vytapeni-30-mm-polyuretanova-izolace-celeho-ramu-kopirovat\/\" \/>\n<meta property=\"og:locale\" content=\"cs_CZ\" \/>\n<meta property=\"og:type\" content=\"article\" \/>\n<meta property=\"og:title\" content=\"DROP STANDART \u2013 3 kW elektrick\u00e9 vyt\u00e1p\u011bn\u00ed, 30 mm polyuretanov\u00e1 izolace cel\u00e9ho r\u00e1mu - Anders &amp; Kafka E-SHOP\" \/>\n<meta property=\"og:description\" content=\"DROP STANDART - 3 kW elektrick\u00e9 vyt\u00e1p\u011bn\u00ed, 30 mm polyuretanov\u00e1 izolace cel\u00e9ho r\u00e1mu, V p\u0159\u00edpad\u011b \u017ee v\u00ed\u0159ivku Drop budete cht\u00edt vyu\u017e\u00edvat v zimn\u00edm obdob\u00ed doporu\u010dujeme pro v\u0161echny elektricky vyh\u0159\u00edvan\u00e9 v\u00ed\u0159ivky Drop, v\u00fdbavu Drop Nordic. Doc\u00edl\u00edte sn\u00ed\u017een\u00ed n\u00e1klad\u016f na vyh\u0159\u00edvan\u00ed. SAMOSTATN\u011a NEPRODEJN\u00c9\" \/>\n<meta property=\"og:url\" content=\"https:\/\/anderskafka.cz\/eshop\/produkt\/drop-standart-3-kw-elektricke-vytapeni-30-mm-polyuretanova-izolace-celeho-ramu-kopirovat\/\" \/>\n<meta property=\"og:site_name\" content=\"Anders &amp; Kafka E-SHOP\" \/>\n<meta property=\"article:modified_time\" content=\"2024-12-05T08:40:14+00:00\" \/>\n<meta property=\"og:image\" content=\"https:\/\/anderskafka.cz\/eshop\/wp-content\/uploads\/sites\/3\/2023\/04\/90Drop-Design-Spa-1080x1080-1.png\" \/>\n\t<meta property=\"og:image:width\" content=\"1080\" \/>\n\t<meta property=\"og:image:height\" content=\"1080\" \/>\n\t<meta property=\"og:image:type\" content=\"image\/png\" \/>\n<meta name=\"twitter:card\" content=\"summary_large_image\" \/>\n<meta name=\"twitter:label1\" content=\"Odhadovan\u00e1 doba \u010dten\u00ed\" \/>\n\t<meta name=\"twitter:data1\" content=\"1 minuta\" \/>\n<script type=\"application\/ld+json\" class=\"yoast-schema-graph\">{\"@context\":\"https:\/\/schema.org\",\"@graph\":[{\"@type\":\"WebSite\",\"@id\":\"https:\/\/anderskafka.cz\/eshop\/#website\",\"url\":\"https:\/\/anderskafka.cz\/eshop\/\",\"name\":\"Anders &amp; Kafka E-SHOP\",\"description\":\"Anders &amp; Kafka E-SHOP\",\"potentialAction\":[{\"@type\":\"SearchAction\",\"target\":{\"@type\":\"EntryPoint\",\"urlTemplate\":\"https:\/\/anderskafka.cz\/eshop\/?s={search_term_string}\"},\"query-input\":\"required name=search_term_string\"}],\"inLanguage\":\"cs\"},{\"@type\":\"ImageObject\",\"@id\":\"https:\/\/anderskafka.cz\/eshop\/produkt\/drop-standart-3-kw-elektricke-vytapeni-30-mm-polyuretanova-izolace-celeho-ramu-kopirovat\/#primaryimage\",\"inLanguage\":\"cs\",\"url\":\"https:\/\/anderskafka.cz\/eshop\/wp-content\/uploads\/sites\/3\/2023\/04\/90Drop-Design-Spa-1080x1080-1.png\",\"contentUrl\":\"https:\/\/anderskafka.cz\/eshop\/wp-content\/uploads\/sites\/3\/2023\/04\/90Drop-Design-Spa-1080x1080-1.png\",\"width\":1080,\"height\":1080},{\"@type\":\"WebPage\",\"@id\":\"https:\/\/anderskafka.cz\/eshop\/produkt\/drop-standart-3-kw-elektricke-vytapeni-30-mm-polyuretanova-izolace-celeho-ramu-kopirovat\/#webpage\",\"url\":\"https:\/\/anderskafka.cz\/eshop\/produkt\/drop-standart-3-kw-elektricke-vytapeni-30-mm-polyuretanova-izolace-celeho-ramu-kopirovat\/\",\"name\":\"DROP STANDART \u2013 3 kW elektrick\u00e9 vyt\u00e1p\u011bn\u00ed, 30 mm polyuretanov\u00e1 izolace cel\u00e9ho r\u00e1mu - Anders &amp; Kafka E-SHOP\",\"isPartOf\":{\"@id\":\"https:\/\/anderskafka.cz\/eshop\/#website\"},\"primaryImageOfPage\":{\"@id\":\"https:\/\/anderskafka.cz\/eshop\/produkt\/drop-standart-3-kw-elektricke-vytapeni-30-mm-polyuretanova-izolace-celeho-ramu-kopirovat\/#primaryimage\"},\"datePublished\":\"2023-04-25T22:10:56+00:00\",\"dateModified\":\"2024-12-05T08:40:14+00:00\",\"description\":\"DROP STANDART - 3 kW elektrick\u00e9 vyt\u00e1p\u011bn\u00ed, 30 mm polyuretanov\u00e1 izolace cel\u00e9ho r\u00e1mu, V p\u0159\u00edpad\u011b \u017ee v\u00ed\u0159ivku Drop budete cht\u00edt vyu\u017e\u00edvat v zimn\u00edm obdob\u00ed doporu\u010dujeme pro v\u0161echny elektricky vyh\u0159\u00edvan\u00e9 v\u00ed\u0159ivky Drop, v\u00fdbavu Drop Nordic. Doc\u00edl\u00edte sn\u00ed\u017een\u00ed n\u00e1klad\u016f na vyh\u0159\u00edvan\u00ed. SAMOSTATN\u011a NEPRODEJN\u00c9\",\"breadcrumb\":{\"@id\":\"https:\/\/anderskafka.cz\/eshop\/produkt\/drop-standart-3-kw-elektricke-vytapeni-30-mm-polyuretanova-izolace-celeho-ramu-kopirovat\/#breadcrumb\"},\"inLanguage\":\"cs\",\"potentialAction\":[{\"@type\":\"ReadAction\",\"target\":[\"https:\/\/anderskafka.cz\/eshop\/produkt\/drop-standart-3-kw-elektricke-vytapeni-30-mm-polyuretanova-izolace-celeho-ramu-kopirovat\/\"]}]},{\"@type\":\"BreadcrumbList\",\"@id\":\"https:\/\/anderskafka.cz\/eshop\/produkt\/drop-standart-3-kw-elektricke-vytapeni-30-mm-polyuretanova-izolace-celeho-ramu-kopirovat\/#breadcrumb\",\"itemListElement\":[{\"@type\":\"ListItem\",\"position\":1,\"name\":\"Obchod\",\"item\":\"https:\/\/anderskafka.cz\/eshop\/obchod\/\"},{\"@type\":\"ListItem\",\"position\":2,\"name\":\"DROP STANDART \u2013 3 kW elektrick\u00e9 vyt\u00e1p\u011bn\u00ed, 30 mm polyuretanov\u00e1 izolace cel\u00e9ho r\u00e1mu\"}]}]}<\/script>\n<!-- \/ Yoast SEO plugin. -->","yoast_head_json":{"title":"DROP STANDART \u2013 3 kW elektrick\u00e9 vyt\u00e1p\u011bn\u00ed, 30 mm polyuretanov\u00e1 izolace cel\u00e9ho r\u00e1mu - Anders &amp; Kafka E-SHOP","description":"DROP STANDART - 3 kW elektrick\u00e9 vyt\u00e1p\u011bn\u00ed, 30 mm polyuretanov\u00e1 izolace cel\u00e9ho r\u00e1mu, V p\u0159\u00edpad\u011b \u017ee v\u00ed\u0159ivku Drop budete cht\u00edt vyu\u017e\u00edvat v zimn\u00edm obdob\u00ed doporu\u010dujeme pro v\u0161echny elektricky vyh\u0159\u00edvan\u00e9 v\u00ed\u0159ivky Drop, v\u00fdbavu Drop Nordic. Doc\u00edl\u00edte sn\u00ed\u017een\u00ed n\u00e1klad\u016f na vyh\u0159\u00edvan\u00ed. SAMOSTATN\u011a NEPRODEJN\u00c9","robots":{"index":"index","follow":"follow","max-snippet":"max-snippet:-1","max-image-preview":"max-image-preview:large","max-video-preview":"max-video-preview:-1"},"canonical":"https:\/\/anderskafka.cz\/eshop\/produkt\/drop-standart-3-kw-elektricke-vytapeni-30-mm-polyuretanova-izolace-celeho-ramu-kopirovat\/","og_locale":"cs_CZ","og_type":"article","og_title":"DROP STANDART \u2013 3 kW elektrick\u00e9 vyt\u00e1p\u011bn\u00ed, 30 mm polyuretanov\u00e1 izolace cel\u00e9ho r\u00e1mu - Anders &amp; Kafka E-SHOP","og_description":"DROP STANDART - 3 kW elektrick\u00e9 vyt\u00e1p\u011bn\u00ed, 30 mm polyuretanov\u00e1 izolace cel\u00e9ho r\u00e1mu, V p\u0159\u00edpad\u011b \u017ee v\u00ed\u0159ivku Drop budete cht\u00edt vyu\u017e\u00edvat v zimn\u00edm obdob\u00ed doporu\u010dujeme pro v\u0161echny elektricky vyh\u0159\u00edvan\u00e9 v\u00ed\u0159ivky Drop, v\u00fdbavu Drop Nordic. Doc\u00edl\u00edte sn\u00ed\u017een\u00ed n\u00e1klad\u016f na vyh\u0159\u00edvan\u00ed. SAMOSTATN\u011a NEPRODEJN\u00c9","og_url":"https:\/\/anderskafka.cz\/eshop\/produkt\/drop-standart-3-kw-elektricke-vytapeni-30-mm-polyuretanova-izolace-celeho-ramu-kopirovat\/","og_site_name":"Anders &amp; Kafka E-SHOP","article_modified_time":"2024-12-05T08:40:14+00:00","og_image":[{"width":1080,"height":1080,"url":"https:\/\/anderskafka.cz\/eshop\/wp-content\/uploads\/sites\/3\/2023\/04\/90Drop-Design-Spa-1080x1080-1.png","type":"image\/png"}],"twitter_card":"summary_large_image","twitter_misc":{"Odhadovan\u00e1 doba \u010dten\u00ed":"1 minuta"},"schema":{"@context":"https:\/\/schema.org","@graph":[{"@type":"WebSite","@id":"https:\/\/anderskafka.cz\/eshop\/#website","url":"https:\/\/anderskafka.cz\/eshop\/","name":"Anders &amp; Kafka E-SHOP","description":"Anders &amp; Kafka E-SHOP","potentialAction":[{"@type":"SearchAction","target":{"@type":"EntryPoint","urlTemplate":"https:\/\/anderskafka.cz\/eshop\/?s={search_term_string}"},"query-input":"required name=search_term_string"}],"inLanguage":"cs"},{"@type":"ImageObject","@id":"https:\/\/anderskafka.cz\/eshop\/produkt\/drop-standart-3-kw-elektricke-vytapeni-30-mm-polyuretanova-izolace-celeho-ramu-kopirovat\/#primaryimage","inLanguage":"cs","url":"https:\/\/anderskafka.cz\/eshop\/wp-content\/uploads\/sites\/3\/2023\/04\/90Drop-Design-Spa-1080x1080-1.png","contentUrl":"https:\/\/anderskafka.cz\/eshop\/wp-content\/uploads\/sites\/3\/2023\/04\/90Drop-Design-Spa-1080x1080-1.png","width":1080,"height":1080},{"@type":"WebPage","@id":"https:\/\/anderskafka.cz\/eshop\/produkt\/drop-standart-3-kw-elektricke-vytapeni-30-mm-polyuretanova-izolace-celeho-ramu-kopirovat\/#webpage","url":"https:\/\/anderskafka.cz\/eshop\/produkt\/drop-standart-3-kw-elektricke-vytapeni-30-mm-polyuretanova-izolace-celeho-ramu-kopirovat\/","name":"DROP STANDART \u2013 3 kW elektrick\u00e9 vyt\u00e1p\u011bn\u00ed, 30 mm polyuretanov\u00e1 izolace cel\u00e9ho r\u00e1mu - Anders &amp; Kafka E-SHOP","isPartOf":{"@id":"https:\/\/anderskafka.cz\/eshop\/#website"},"primaryImageOfPage":{"@id":"https:\/\/anderskafka.cz\/eshop\/produkt\/drop-standart-3-kw-elektricke-vytapeni-30-mm-polyuretanova-izolace-celeho-ramu-kopirovat\/#primaryimage"},"datePublished":"2023-04-25T22:10:56+00:00","dateModified":"2024-12-05T08:40:14+00:00","description":"DROP STANDART - 3 kW elektrick\u00e9 vyt\u00e1p\u011bn\u00ed, 30 mm polyuretanov\u00e1 izolace cel\u00e9ho r\u00e1mu, V p\u0159\u00edpad\u011b \u017ee v\u00ed\u0159ivku Drop budete cht\u00edt vyu\u017e\u00edvat v zimn\u00edm obdob\u00ed doporu\u010dujeme pro v\u0161echny elektricky vyh\u0159\u00edvan\u00e9 v\u00ed\u0159ivky Drop, v\u00fdbavu Drop Nordic. Doc\u00edl\u00edte sn\u00ed\u017een\u00ed n\u00e1klad\u016f na vyh\u0159\u00edvan\u00ed. SAMOSTATN\u011a NEPRODEJN\u00c9","breadcrumb":{"@id":"https:\/\/anderskafka.cz\/eshop\/produkt\/drop-standart-3-kw-elektricke-vytapeni-30-mm-polyuretanova-izolace-celeho-ramu-kopirovat\/#breadcrumb"},"inLanguage":"cs","potentialAction":[{"@type":"ReadAction","target":["https:\/\/anderskafka.cz\/eshop\/produkt\/drop-standart-3-kw-elektricke-vytapeni-30-mm-polyuretanova-izolace-celeho-ramu-kopirovat\/"]}]},{"@type":"BreadcrumbList","@id":"https:\/\/anderskafka.cz\/eshop\/produkt\/drop-standart-3-kw-elektricke-vytapeni-30-mm-polyuretanova-izolace-celeho-ramu-kopirovat\/#breadcrumb","itemListElement":[{"@type":"ListItem","position":1,"name":"Obchod","item":"https:\/\/anderskafka.cz\/eshop\/obchod\/"},{"@type":"ListItem","position":2,"name":"DROP STANDART \u2013 3 kW elektrick\u00e9 vyt\u00e1p\u011bn\u00ed, 30 mm polyuretanov\u00e1 izolace cel\u00e9ho r\u00e1mu"}]}]}},"locations":[],"_links":{"self":[{"href":"https:\/\/anderskafka.cz\/eshop\/wp-json\/wp\/v2\/product\/3003"}],"collection":[{"href":"https:\/\/anderskafka.cz\/eshop\/wp-json\/wp\/v2\/product"}],"about":[{"href":"https:\/\/anderskafka.cz\/eshop\/wp-json\/wp\/v2\/types\/product"}],"replies":[{"embeddable":true,"href":"https:\/\/anderskafka.cz\/eshop\/wp-json\/wp\/v2\/comments?post=3003"}],"wp:featuredmedia":[{"embeddable":true,"href":"https:\/\/anderskafka.cz\/eshop\/wp-json\/wp\/v2\/media\/2872"}],"wp:attachment":[{"href":"https:\/\/anderskafka.cz\/eshop\/wp-json\/wp\/v2\/media?parent=3003"}],"wp:term":[{"taxonomy":"location","embeddable":true,"href":"https:\/\/anderskafka.cz\/eshop\/wp-json\/wp\/v2\/location?post=3003"},{"taxonomy":"product_cat","embeddable":true,"href":"https:\/\/anderskafka.cz\/eshop\/wp-json\/wp\/v2\/product_cat?post=3003"},{"taxonomy":"product_tag","embeddable":true,"href":"https:\/\/anderskafka.cz\/eshop\/wp-json\/wp\/v2\/product_tag?post=3003"}],"curies":[{"name":"wp","href":"https:\/\/api.w.org\/{rel}","templated":true}]}}