{"id":3010,"date":"2023-04-27T21:11:00","date_gmt":"2023-04-27T19:11:00","guid":{"rendered":"https:\/\/anderskafka.cz\/eshop\/?post_type=product&#038;p=3010"},"modified":"2026-01-19T08:36:42","modified_gmt":"2026-01-19T07:36:42","slug":"luin-living-detsky-rucnik-0-5-let-piskovy","status":"publish","type":"product","link":"https:\/\/anderskafka.cz\/eshop\/produkt\/luin-living-detsky-rucnik-0-5-let-piskovy\/","title":{"rendered":"LUIN LIVING d\u011btsk\u00e1 osu\u0161ka 0\u20135 let, p\u00edskov\u00e1"},"content":{"rendered":"<p>\u00da\u017easn\u011b m\u011bkk\u00e1 d\u011btsk\u00e1 osu\u0161ka LUIN LIVING se py\u0161n\u00ed velkorys\u00fdmi rozm\u011bry 60 x 120 cm. Kdy\u017e je miminko mal\u00e9, m\u016f\u017eete jej v\u0159ele zabalit, pro v\u011bt\u0161\u00ed d\u011bti se ru\u010dn\u00edk zm\u011bn\u00ed v peler\u00ednu s praktick\u00fdm patentkem. Roztomilou kapuci s u\u0161ima medv\u00eddka si Va\u0161e d\u011bti zamiluj\u00ed. Touto osu\u0161kou jist\u011b ud\u011bl\u00e1te radost v\u0161em d\u011btem a\u017e do v\u011bku 5 let.<br \/>\nHarmonick\u00fd unisex odr\u00e1\u017e\u00ed skandin\u00e1vsk\u00fd styl, kter\u00fd je cen\u011bn\u00fd mnoha design\u00e9ry.<\/p>\n<p>Luin Living Signature 100% low-twist bavlna s certifik\u00e1tem \u00d6ko-Tex\u00ae zaru\u010duj\u00ed pohodln\u00e9, luxusn\u011b m\u011bkk\u00e9, ply\u0161ov\u00e9 a vysoce sav\u00e9 textilie.<\/p>\n<p>P\u0159i p\u00e9\u010di o osu\u0161ku se \u0159i\u010fte o\u0161et\u0159ovac\u00edmi symboly uveden\u00fdmi na v\u00fdrobku. Perte max. na 60 stup\u0148\u016f. Nedoporu\u010dujeme pou\u017e\u00edvat aviv\u00e1\u017e pro n\u00e1slednou ni\u017e\u0161\u00ed savost. Neb\u011blte. Su\u0161te v su\u0161i\u010dce.<\/p>\n<p>&nbsp;<\/p>\n<p>&nbsp;<\/p>\n","protected":false},"excerpt":{"rendered":"<p>Skv\u011bl\u00fd tip na d\u00e1rek pro miminko! Tato d\u011btsk\u00e1 osu\u0161ka LUIN LIVING je d\u00edky sv\u00e9mu velkorys\u00e9mu rozm\u011bru 60 x 120 cm vhodn\u00e1 pro nejmen\u0161\u00ed miminka i v\u011bt\u0161\u00ed d\u011bti a\u017e do 5 let. Roztomilou kapuci s u\u0161ima medv\u00eddka si Va\u0161e d\u011bti zamiluj\u00ed.<\/p>\n<p style=\"text-align: left\">Finsk\u00e1 spole\u010dnost Luin Living si zakl\u00e1d\u00e1 na vysok\u00e9 kvalit\u011b a udr\u017eitelnosti sv\u00fdch v\u00fdrobk\u016f, kter\u00e9 V\u00e1m zp\u0159\u00edjemn\u00ed \u010das str\u00e1ven\u00fd v saun\u011b. Stejn\u011b tak je ocen\u00edte i p\u0159i ka\u017edodenn\u00edm no\u0161en\u00ed.<br \/>\n<img loading=\"lazy\" class=\"alignnone wp-image-135 aligncenter\" src=\"https:\/\/anderskafka.cz\/eshop\/wp-content\/uploads\/sites\/3\/2022\/06\/DesignFromFinland_web-1-300x300.png\" alt=\"\" width=\"168\" height=\"168\" \/><\/p>\n<p>&nbsp;<\/p>\n","protected":false},"featured_media":3015,"comment_status":"open","ping_status":"closed","template":"","meta":{"site-sidebar-layout":"default","site-content-layout":"default","ast-main-header-display":"","ast-hfb-above-header-display":"","ast-hfb-below-header-display":"","ast-hfb-mobile-header-display":"","site-post-title":"","ast-breadcrumbs-content":"","ast-featured-img":"","footer-sml-layout":"","theme-transparent-header-meta":"","adv-header-id-meta":"","stick-header-meta":"","header-above-stick-meta":"","header-main-stick-meta":"","header-below-stick-meta":""},"location":[],"product_cat":[933],"product_tag":[787],"yoast_head":"<!-- This site is optimized with the Yoast SEO plugin v18.5.1 - https:\/\/yoast.com\/wordpress\/plugins\/seo\/ -->\n<title>LUIN LIVING d\u011btsk\u00e1 osu\u0161ka 0\u20135 let, p\u00edskov\u00e1 - Anders &amp; Kafka E-SHOP<\/title>\n<meta name=\"description\" content=\"Skv\u011bl\u00fd tip na d\u00e1rek pro miminko! Tato d\u011btsk\u00e1 osu\u0161ka LUIN LIVING je d\u00edky sv\u00e9mu velkorys\u00e9mu rozm\u011bru 60 x 120 cm vhodn\u00e1 pro nejmen\u0161\u00ed miminka i v\u011bt\u0161\u00ed d\u011bti a\u017e do 5 let. Roztomilou kapuci s u\u0161ima medv\u00eddka si Va\u0161e d\u011bti zamiluj\u00ed. Finsk\u00e1 spole\u010dnost Luin Living si zakl\u00e1d\u00e1 na vysok\u00e9 kvalit\u011b a udr\u017eitelnosti sv\u00fdch v\u00fdrobk\u016f, kter\u00e9 V\u00e1m zp\u0159\u00edjemn\u00ed \u010das str\u00e1ven\u00fd v saun\u011b. Stejn\u011b tak je ocen\u00edte i p\u0159i ka\u017edodenn\u00edm no\u0161en\u00ed.  &nbsp;\" \/>\n<meta name=\"robots\" content=\"index, follow, max-snippet:-1, max-image-preview:large, max-video-preview:-1\" \/>\n<link rel=\"canonical\" href=\"https:\/\/anderskafka.cz\/eshop\/produkt\/luin-living-detsky-rucnik-0-5-let-piskovy\/\" \/>\n<meta property=\"og:locale\" content=\"cs_CZ\" \/>\n<meta property=\"og:type\" content=\"article\" \/>\n<meta property=\"og:title\" content=\"LUIN LIVING d\u011btsk\u00e1 osu\u0161ka 0\u20135 let, p\u00edskov\u00e1 - Anders &amp; Kafka E-SHOP\" \/>\n<meta property=\"og:description\" content=\"Skv\u011bl\u00fd tip na d\u00e1rek pro miminko! Tato d\u011btsk\u00e1 osu\u0161ka LUIN LIVING je d\u00edky sv\u00e9mu velkorys\u00e9mu rozm\u011bru 60 x 120 cm vhodn\u00e1 pro nejmen\u0161\u00ed miminka i v\u011bt\u0161\u00ed d\u011bti a\u017e do 5 let. Roztomilou kapuci s u\u0161ima medv\u00eddka si Va\u0161e d\u011bti zamiluj\u00ed. Finsk\u00e1 spole\u010dnost Luin Living si zakl\u00e1d\u00e1 na vysok\u00e9 kvalit\u011b a udr\u017eitelnosti sv\u00fdch v\u00fdrobk\u016f, kter\u00e9 V\u00e1m zp\u0159\u00edjemn\u00ed \u010das str\u00e1ven\u00fd v saun\u011b. Stejn\u011b tak je ocen\u00edte i p\u0159i ka\u017edodenn\u00edm no\u0161en\u00ed.  &nbsp;\" \/>\n<meta property=\"og:url\" content=\"https:\/\/anderskafka.cz\/eshop\/produkt\/luin-living-detsky-rucnik-0-5-let-piskovy\/\" \/>\n<meta property=\"og:site_name\" content=\"Anders &amp; Kafka E-SHOP\" \/>\n<meta property=\"article:modified_time\" content=\"2026-01-19T07:36:42+00:00\" \/>\n<meta property=\"og:image\" content=\"https:\/\/anderskafka.cz\/eshop\/wp-content\/uploads\/sites\/3\/2023\/04\/Baby-Towel-Sand.jpg\" \/>\n\t<meta property=\"og:image:width\" content=\"1000\" \/>\n\t<meta property=\"og:image:height\" content=\"667\" \/>\n\t<meta property=\"og:image:type\" content=\"image\/jpeg\" \/>\n<meta name=\"twitter:card\" content=\"summary_large_image\" \/>\n<meta name=\"twitter:label1\" content=\"Odhadovan\u00e1 doba \u010dten\u00ed\" \/>\n\t<meta name=\"twitter:data1\" content=\"1 minuta\" \/>\n<script type=\"application\/ld+json\" class=\"yoast-schema-graph\">{\"@context\":\"https:\/\/schema.org\",\"@graph\":[{\"@type\":\"WebSite\",\"@id\":\"https:\/\/anderskafka.cz\/eshop\/#website\",\"url\":\"https:\/\/anderskafka.cz\/eshop\/\",\"name\":\"Anders &amp; Kafka E-SHOP\",\"description\":\"Anders &amp; Kafka E-SHOP\",\"potentialAction\":[{\"@type\":\"SearchAction\",\"target\":{\"@type\":\"EntryPoint\",\"urlTemplate\":\"https:\/\/anderskafka.cz\/eshop\/?s={search_term_string}\"},\"query-input\":\"required name=search_term_string\"}],\"inLanguage\":\"cs\"},{\"@type\":\"ImageObject\",\"@id\":\"https:\/\/anderskafka.cz\/eshop\/produkt\/luin-living-detsky-rucnik-0-5-let-piskovy\/#primaryimage\",\"inLanguage\":\"cs\",\"url\":\"https:\/\/anderskafka.cz\/eshop\/wp-content\/uploads\/sites\/3\/2023\/04\/Baby-Towel-Sand.jpg\",\"contentUrl\":\"https:\/\/anderskafka.cz\/eshop\/wp-content\/uploads\/sites\/3\/2023\/04\/Baby-Towel-Sand.jpg\",\"width\":1000,\"height\":667},{\"@type\":\"WebPage\",\"@id\":\"https:\/\/anderskafka.cz\/eshop\/produkt\/luin-living-detsky-rucnik-0-5-let-piskovy\/#webpage\",\"url\":\"https:\/\/anderskafka.cz\/eshop\/produkt\/luin-living-detsky-rucnik-0-5-let-piskovy\/\",\"name\":\"LUIN LIVING d\u011btsk\u00e1 osu\u0161ka 0\u20135 let, p\u00edskov\u00e1 - Anders &amp; Kafka E-SHOP\",\"isPartOf\":{\"@id\":\"https:\/\/anderskafka.cz\/eshop\/#website\"},\"primaryImageOfPage\":{\"@id\":\"https:\/\/anderskafka.cz\/eshop\/produkt\/luin-living-detsky-rucnik-0-5-let-piskovy\/#primaryimage\"},\"datePublished\":\"2023-04-27T19:11:00+00:00\",\"dateModified\":\"2026-01-19T07:36:42+00:00\",\"description\":\"Skv\u011bl\u00fd tip na d\u00e1rek pro miminko! Tato d\u011btsk\u00e1 osu\u0161ka LUIN LIVING je d\u00edky sv\u00e9mu velkorys\u00e9mu rozm\u011bru 60 x 120 cm vhodn\u00e1 pro nejmen\u0161\u00ed miminka i v\u011bt\u0161\u00ed d\u011bti a\u017e do 5 let. Roztomilou kapuci s u\u0161ima medv\u00eddka si Va\u0161e d\u011bti zamiluj\u00ed. Finsk\u00e1 spole\u010dnost Luin Living si zakl\u00e1d\u00e1 na vysok\u00e9 kvalit\u011b a udr\u017eitelnosti sv\u00fdch v\u00fdrobk\u016f, kter\u00e9 V\u00e1m zp\u0159\u00edjemn\u00ed \u010das str\u00e1ven\u00fd v saun\u011b. Stejn\u011b tak je ocen\u00edte i p\u0159i ka\u017edodenn\u00edm no\u0161en\u00ed. &nbsp;\",\"breadcrumb\":{\"@id\":\"https:\/\/anderskafka.cz\/eshop\/produkt\/luin-living-detsky-rucnik-0-5-let-piskovy\/#breadcrumb\"},\"inLanguage\":\"cs\",\"potentialAction\":[{\"@type\":\"ReadAction\",\"target\":[\"https:\/\/anderskafka.cz\/eshop\/produkt\/luin-living-detsky-rucnik-0-5-let-piskovy\/\"]}]},{\"@type\":\"BreadcrumbList\",\"@id\":\"https:\/\/anderskafka.cz\/eshop\/produkt\/luin-living-detsky-rucnik-0-5-let-piskovy\/#breadcrumb\",\"itemListElement\":[{\"@type\":\"ListItem\",\"position\":1,\"name\":\"Obchod\",\"item\":\"https:\/\/anderskafka.cz\/eshop\/obchod\/\"},{\"@type\":\"ListItem\",\"position\":2,\"name\":\"LUIN LIVING d\u011btsk\u00e1 osu\u0161ka 0\u20135 let, p\u00edskov\u00e1\"}]}]}<\/script>\n<!-- \/ Yoast SEO plugin. -->","yoast_head_json":{"title":"LUIN LIVING d\u011btsk\u00e1 osu\u0161ka 0\u20135 let, p\u00edskov\u00e1 - Anders &amp; Kafka E-SHOP","description":"Skv\u011bl\u00fd tip na d\u00e1rek pro miminko! Tato d\u011btsk\u00e1 osu\u0161ka LUIN LIVING je d\u00edky sv\u00e9mu velkorys\u00e9mu rozm\u011bru 60 x 120 cm vhodn\u00e1 pro nejmen\u0161\u00ed miminka i v\u011bt\u0161\u00ed d\u011bti a\u017e do 5 let. Roztomilou kapuci s u\u0161ima medv\u00eddka si Va\u0161e d\u011bti zamiluj\u00ed. Finsk\u00e1 spole\u010dnost Luin Living si zakl\u00e1d\u00e1 na vysok\u00e9 kvalit\u011b a udr\u017eitelnosti sv\u00fdch v\u00fdrobk\u016f, kter\u00e9 V\u00e1m zp\u0159\u00edjemn\u00ed \u010das str\u00e1ven\u00fd v saun\u011b. Stejn\u011b tak je ocen\u00edte i p\u0159i ka\u017edodenn\u00edm no\u0161en\u00ed.  &nbsp;","robots":{"index":"index","follow":"follow","max-snippet":"max-snippet:-1","max-image-preview":"max-image-preview:large","max-video-preview":"max-video-preview:-1"},"canonical":"https:\/\/anderskafka.cz\/eshop\/produkt\/luin-living-detsky-rucnik-0-5-let-piskovy\/","og_locale":"cs_CZ","og_type":"article","og_title":"LUIN LIVING d\u011btsk\u00e1 osu\u0161ka 0\u20135 let, p\u00edskov\u00e1 - Anders &amp; Kafka E-SHOP","og_description":"Skv\u011bl\u00fd tip na d\u00e1rek pro miminko! Tato d\u011btsk\u00e1 osu\u0161ka LUIN LIVING je d\u00edky sv\u00e9mu velkorys\u00e9mu rozm\u011bru 60 x 120 cm vhodn\u00e1 pro nejmen\u0161\u00ed miminka i v\u011bt\u0161\u00ed d\u011bti a\u017e do 5 let. Roztomilou kapuci s u\u0161ima medv\u00eddka si Va\u0161e d\u011bti zamiluj\u00ed. Finsk\u00e1 spole\u010dnost Luin Living si zakl\u00e1d\u00e1 na vysok\u00e9 kvalit\u011b a udr\u017eitelnosti sv\u00fdch v\u00fdrobk\u016f, kter\u00e9 V\u00e1m zp\u0159\u00edjemn\u00ed \u010das str\u00e1ven\u00fd v saun\u011b. Stejn\u011b tak je ocen\u00edte i p\u0159i ka\u017edodenn\u00edm no\u0161en\u00ed.  &nbsp;","og_url":"https:\/\/anderskafka.cz\/eshop\/produkt\/luin-living-detsky-rucnik-0-5-let-piskovy\/","og_site_name":"Anders &amp; Kafka E-SHOP","article_modified_time":"2026-01-19T07:36:42+00:00","og_image":[{"width":1000,"height":667,"url":"https:\/\/anderskafka.cz\/eshop\/wp-content\/uploads\/sites\/3\/2023\/04\/Baby-Towel-Sand.jpg","type":"image\/jpeg"}],"twitter_card":"summary_large_image","twitter_misc":{"Odhadovan\u00e1 doba \u010dten\u00ed":"1 minuta"},"schema":{"@context":"https:\/\/schema.org","@graph":[{"@type":"WebSite","@id":"https:\/\/anderskafka.cz\/eshop\/#website","url":"https:\/\/anderskafka.cz\/eshop\/","name":"Anders &amp; Kafka E-SHOP","description":"Anders &amp; Kafka E-SHOP","potentialAction":[{"@type":"SearchAction","target":{"@type":"EntryPoint","urlTemplate":"https:\/\/anderskafka.cz\/eshop\/?s={search_term_string}"},"query-input":"required name=search_term_string"}],"inLanguage":"cs"},{"@type":"ImageObject","@id":"https:\/\/anderskafka.cz\/eshop\/produkt\/luin-living-detsky-rucnik-0-5-let-piskovy\/#primaryimage","inLanguage":"cs","url":"https:\/\/anderskafka.cz\/eshop\/wp-content\/uploads\/sites\/3\/2023\/04\/Baby-Towel-Sand.jpg","contentUrl":"https:\/\/anderskafka.cz\/eshop\/wp-content\/uploads\/sites\/3\/2023\/04\/Baby-Towel-Sand.jpg","width":1000,"height":667},{"@type":"WebPage","@id":"https:\/\/anderskafka.cz\/eshop\/produkt\/luin-living-detsky-rucnik-0-5-let-piskovy\/#webpage","url":"https:\/\/anderskafka.cz\/eshop\/produkt\/luin-living-detsky-rucnik-0-5-let-piskovy\/","name":"LUIN LIVING d\u011btsk\u00e1 osu\u0161ka 0\u20135 let, p\u00edskov\u00e1 - Anders &amp; Kafka E-SHOP","isPartOf":{"@id":"https:\/\/anderskafka.cz\/eshop\/#website"},"primaryImageOfPage":{"@id":"https:\/\/anderskafka.cz\/eshop\/produkt\/luin-living-detsky-rucnik-0-5-let-piskovy\/#primaryimage"},"datePublished":"2023-04-27T19:11:00+00:00","dateModified":"2026-01-19T07:36:42+00:00","description":"Skv\u011bl\u00fd tip na d\u00e1rek pro miminko! Tato d\u011btsk\u00e1 osu\u0161ka LUIN LIVING je d\u00edky sv\u00e9mu velkorys\u00e9mu rozm\u011bru 60 x 120 cm vhodn\u00e1 pro nejmen\u0161\u00ed miminka i v\u011bt\u0161\u00ed d\u011bti a\u017e do 5 let. Roztomilou kapuci s u\u0161ima medv\u00eddka si Va\u0161e d\u011bti zamiluj\u00ed. Finsk\u00e1 spole\u010dnost Luin Living si zakl\u00e1d\u00e1 na vysok\u00e9 kvalit\u011b a udr\u017eitelnosti sv\u00fdch v\u00fdrobk\u016f, kter\u00e9 V\u00e1m zp\u0159\u00edjemn\u00ed \u010das str\u00e1ven\u00fd v saun\u011b. Stejn\u011b tak je ocen\u00edte i p\u0159i ka\u017edodenn\u00edm no\u0161en\u00ed. &nbsp;","breadcrumb":{"@id":"https:\/\/anderskafka.cz\/eshop\/produkt\/luin-living-detsky-rucnik-0-5-let-piskovy\/#breadcrumb"},"inLanguage":"cs","potentialAction":[{"@type":"ReadAction","target":["https:\/\/anderskafka.cz\/eshop\/produkt\/luin-living-detsky-rucnik-0-5-let-piskovy\/"]}]},{"@type":"BreadcrumbList","@id":"https:\/\/anderskafka.cz\/eshop\/produkt\/luin-living-detsky-rucnik-0-5-let-piskovy\/#breadcrumb","itemListElement":[{"@type":"ListItem","position":1,"name":"Obchod","item":"https:\/\/anderskafka.cz\/eshop\/obchod\/"},{"@type":"ListItem","position":2,"name":"LUIN LIVING d\u011btsk\u00e1 osu\u0161ka 0\u20135 let, p\u00edskov\u00e1"}]}]}},"locations":[],"_links":{"self":[{"href":"https:\/\/anderskafka.cz\/eshop\/wp-json\/wp\/v2\/product\/3010"}],"collection":[{"href":"https:\/\/anderskafka.cz\/eshop\/wp-json\/wp\/v2\/product"}],"about":[{"href":"https:\/\/anderskafka.cz\/eshop\/wp-json\/wp\/v2\/types\/product"}],"replies":[{"embeddable":true,"href":"https:\/\/anderskafka.cz\/eshop\/wp-json\/wp\/v2\/comments?post=3010"}],"wp:featuredmedia":[{"embeddable":true,"href":"https:\/\/anderskafka.cz\/eshop\/wp-json\/wp\/v2\/media\/3015"}],"wp:attachment":[{"href":"https:\/\/anderskafka.cz\/eshop\/wp-json\/wp\/v2\/media?parent=3010"}],"wp:term":[{"taxonomy":"location","embeddable":true,"href":"https:\/\/anderskafka.cz\/eshop\/wp-json\/wp\/v2\/location?post=3010"},{"taxonomy":"product_cat","embeddable":true,"href":"https:\/\/anderskafka.cz\/eshop\/wp-json\/wp\/v2\/product_cat?post=3010"},{"taxonomy":"product_tag","embeddable":true,"href":"https:\/\/anderskafka.cz\/eshop\/wp-json\/wp\/v2\/product_tag?post=3010"}],"curies":[{"name":"wp","href":"https:\/\/api.w.org\/{rel}","templated":true}]}}