{"id":3113,"date":"2023-05-02T21:30:14","date_gmt":"2023-05-02T19:30:14","guid":{"rendered":"https:\/\/anderskafka.cz\/eshop\/?post_type=product&#038;p=3113"},"modified":"2026-01-19T08:36:42","modified_gmt":"2026-01-19T07:36:42","slug":"luin-living-bambusova-osuska-granitove-seda-90x180-cm","status":"publish","type":"product","link":"https:\/\/anderskafka.cz\/eshop\/produkt\/luin-living-bambusova-osuska-granitove-seda-90x180-cm\/","title":{"rendered":"LUIN LIVING bambusov\u00e1 osu\u0161ka, granitov\u011b \u0161ed\u00e1, 90&#215;180 cm"},"content":{"rendered":"<p>\u00da\u017easn\u011b hebk\u00e1 bambusov\u00e1 osu\u0161ka V\u00e1m bude skv\u011bl\u00fdm spole\u010dn\u00edkem nejen b\u011bhem letn\u00edch dn\u016f. D\u00edky v\u0161estrannosti ji vyu\u017eijete jako p\u0159ehoz, p\u0159ikr\u00fdvku \u010di stylov\u00fd \u0161\u00e1l ka\u017ed\u00fd den.<br \/>\nBambusov\u00e1 osu\u0161ka je velmi lehk\u00e1 a skladn\u00e1, co\u017e ocen\u00edte zejm\u00e9na p\u0159i cestov\u00e1n\u00ed. Ru\u010dn\u011b v\u00e1zan\u00e9 t\u0159\u00e1sn\u011b jsou kr\u00e1sn\u00fdm designov\u00fdm detailem.<\/p>\n<p>Osu\u0161ka je vyroben\u00e1 z 90% bambusu a 10% bavlny. P\u0159i v\u00fdrob\u011b bambusov\u00e9 tkaniny se pou\u017e\u00edv\u00e1 mechanick\u00fd proces, kter\u00fd zaru\u010duje zachov\u00e1n\u00ed \u00fa\u017easn\u00fdch vlastnost\u00ed t\u011bchto textili\u00ed. Certifik\u00e1ty FSC a \u00d6ko-Tex jsou samoz\u0159ejmost\u00ed.<\/p>\n<p>P\u0159i p\u00e9\u010di o osu\u0161ku se \u0159i\u010fte o\u0161et\u0159ovac\u00edmi symboly uveden\u00fdmi na v\u00fdrobku. Perte na 40 stup\u0148\u016f. Nepou\u017e\u00edvat aviv\u00e1\u017e. Neb\u011blit. Nesu\u0161it.<\/p>\n","protected":false},"excerpt":{"rendered":"<p>Tato ka\u0161m\u00edrov\u011b hebk\u00e1 bambusov\u00e1 osu\u0161ka V\u00e1s p\u0159ekvap\u00ed svoj\u00ed v\u0161estrannost\u00ed! M\u016f\u017eete ji pou\u017e\u00edt nejen jako osu\u0161ku, ale i jako p\u0159ehoz, p\u0159ikr\u00fdvku \u010di stylov\u00fd \u0161\u00e1l. Ru\u010dn\u011b v\u00e1zan\u00e9 t\u0159\u00e1sn\u011b jsou kr\u00e1sn\u00fdm designov\u00fdm detailem.<\/p>\n<p style=\"text-align: left;\">Finsk\u00e1 spole\u010dnost Luin Living si zakl\u00e1d\u00e1 na vysok\u00e9 kvalit\u011b a udr\u017eitelnosti sv\u00fdch v\u00fdrobk\u016f, kter\u00e9 V\u00e1m zp\u0159\u00edjemn\u00ed \u010das str\u00e1ven\u00fd v saun\u011b. Stejn\u011b tak je ocen\u00edte i p\u0159i ka\u017edodenn\u00edm no\u0161en\u00ed.<br \/>\n<img loading=\"lazy\" class=\" wp-image-135 aligncenter\" src=\"https:\/\/anderskafka.cz\/eshop\/wp-content\/uploads\/sites\/3\/2022\/06\/DesignFromFinland_web-1-300x300.png\" alt=\"\" width=\"171\" height=\"171\" \/><\/p>\n","protected":false},"featured_media":3114,"comment_status":"open","ping_status":"closed","template":"","meta":{"site-sidebar-layout":"default","site-content-layout":"default","ast-main-header-display":"","ast-hfb-above-header-display":"","ast-hfb-below-header-display":"","ast-hfb-mobile-header-display":"","site-post-title":"","ast-breadcrumbs-content":"","ast-featured-img":"","footer-sml-layout":"","theme-transparent-header-meta":"","adv-header-id-meta":"","stick-header-meta":"","header-above-stick-meta":"","header-main-stick-meta":"","header-below-stick-meta":""},"location":[],"product_cat":[1673,30],"product_tag":[787],"yoast_head":"<!-- This site is optimized with the Yoast SEO plugin v18.5.1 - https:\/\/yoast.com\/wordpress\/plugins\/seo\/ -->\n<title>LUIN LIVING bambusov\u00e1 osu\u0161ka, granitov\u011b \u0161ed\u00e1, 90x180 cm - Anders &amp; Kafka E-SHOP<\/title>\n<meta name=\"description\" content=\"Tato ka\u0161m\u00edrov\u011b hebk\u00e1 bambusov\u00e1 osu\u0161ka V\u00e1s p\u0159ekvap\u00ed svoj\u00ed v\u0161estrannost\u00ed! M\u016f\u017eete ji pou\u017e\u00edt nejen jako osu\u0161ku, ale i jako p\u0159ehoz, p\u0159ikr\u00fdvku \u010di stylov\u00fd \u0161\u00e1l. Ru\u010dn\u011b v\u00e1zan\u00e9 t\u0159\u00e1sn\u011b jsou kr\u00e1sn\u00fdm designov\u00fdm detailem. Finsk\u00e1 spole\u010dnost Luin Living si zakl\u00e1d\u00e1 na vysok\u00e9 kvalit\u011b a udr\u017eitelnosti sv\u00fdch v\u00fdrobk\u016f, kter\u00e9 V\u00e1m zp\u0159\u00edjemn\u00ed \u010das str\u00e1ven\u00fd v saun\u011b. Stejn\u011b tak je ocen\u00edte i p\u0159i ka\u017edodenn\u00edm no\u0161en\u00ed.\" \/>\n<meta name=\"robots\" content=\"index, follow, max-snippet:-1, max-image-preview:large, max-video-preview:-1\" \/>\n<link rel=\"canonical\" href=\"https:\/\/anderskafka.cz\/eshop\/produkt\/luin-living-bambusova-osuska-granitove-seda-90x180-cm\/\" \/>\n<meta property=\"og:locale\" content=\"cs_CZ\" \/>\n<meta property=\"og:type\" content=\"article\" \/>\n<meta property=\"og:title\" content=\"LUIN LIVING bambusov\u00e1 osu\u0161ka, granitov\u011b \u0161ed\u00e1, 90x180 cm - Anders &amp; Kafka E-SHOP\" \/>\n<meta property=\"og:description\" content=\"Tato ka\u0161m\u00edrov\u011b hebk\u00e1 bambusov\u00e1 osu\u0161ka V\u00e1s p\u0159ekvap\u00ed svoj\u00ed v\u0161estrannost\u00ed! M\u016f\u017eete ji pou\u017e\u00edt nejen jako osu\u0161ku, ale i jako p\u0159ehoz, p\u0159ikr\u00fdvku \u010di stylov\u00fd \u0161\u00e1l. Ru\u010dn\u011b v\u00e1zan\u00e9 t\u0159\u00e1sn\u011b jsou kr\u00e1sn\u00fdm designov\u00fdm detailem. Finsk\u00e1 spole\u010dnost Luin Living si zakl\u00e1d\u00e1 na vysok\u00e9 kvalit\u011b a udr\u017eitelnosti sv\u00fdch v\u00fdrobk\u016f, kter\u00e9 V\u00e1m zp\u0159\u00edjemn\u00ed \u010das str\u00e1ven\u00fd v saun\u011b. Stejn\u011b tak je ocen\u00edte i p\u0159i ka\u017edodenn\u00edm no\u0161en\u00ed.\" \/>\n<meta property=\"og:url\" content=\"https:\/\/anderskafka.cz\/eshop\/produkt\/luin-living-bambusova-osuska-granitove-seda-90x180-cm\/\" \/>\n<meta property=\"og:site_name\" content=\"Anders &amp; Kafka E-SHOP\" \/>\n<meta property=\"article:modified_time\" content=\"2026-01-19T07:36:42+00:00\" \/>\n<meta property=\"og:image\" content=\"https:\/\/anderskafka.cz\/eshop\/wp-content\/uploads\/sites\/3\/2023\/05\/bamboo-towel-granite_yyteri-1024x1536-1.jpeg\" \/>\n\t<meta property=\"og:image:width\" content=\"1024\" \/>\n\t<meta property=\"og:image:height\" content=\"1536\" \/>\n\t<meta property=\"og:image:type\" content=\"image\/jpeg\" \/>\n<meta name=\"twitter:card\" content=\"summary_large_image\" \/>\n<meta name=\"twitter:label1\" content=\"Odhadovan\u00e1 doba \u010dten\u00ed\" \/>\n\t<meta name=\"twitter:data1\" content=\"1 minuta\" \/>\n<script type=\"application\/ld+json\" class=\"yoast-schema-graph\">{\"@context\":\"https:\/\/schema.org\",\"@graph\":[{\"@type\":\"WebSite\",\"@id\":\"https:\/\/anderskafka.cz\/eshop\/#website\",\"url\":\"https:\/\/anderskafka.cz\/eshop\/\",\"name\":\"Anders &amp; Kafka E-SHOP\",\"description\":\"Anders &amp; Kafka E-SHOP\",\"potentialAction\":[{\"@type\":\"SearchAction\",\"target\":{\"@type\":\"EntryPoint\",\"urlTemplate\":\"https:\/\/anderskafka.cz\/eshop\/?s={search_term_string}\"},\"query-input\":\"required name=search_term_string\"}],\"inLanguage\":\"cs\"},{\"@type\":\"ImageObject\",\"@id\":\"https:\/\/anderskafka.cz\/eshop\/produkt\/luin-living-bambusova-osuska-granitove-seda-90x180-cm\/#primaryimage\",\"inLanguage\":\"cs\",\"url\":\"https:\/\/anderskafka.cz\/eshop\/wp-content\/uploads\/sites\/3\/2023\/05\/bamboo-towel-granite_yyteri-1024x1536-1.jpeg\",\"contentUrl\":\"https:\/\/anderskafka.cz\/eshop\/wp-content\/uploads\/sites\/3\/2023\/05\/bamboo-towel-granite_yyteri-1024x1536-1.jpeg\",\"width\":1024,\"height\":1536},{\"@type\":\"WebPage\",\"@id\":\"https:\/\/anderskafka.cz\/eshop\/produkt\/luin-living-bambusova-osuska-granitove-seda-90x180-cm\/#webpage\",\"url\":\"https:\/\/anderskafka.cz\/eshop\/produkt\/luin-living-bambusova-osuska-granitove-seda-90x180-cm\/\",\"name\":\"LUIN LIVING bambusov\u00e1 osu\u0161ka, granitov\u011b \u0161ed\u00e1, 90x180 cm - Anders &amp; Kafka E-SHOP\",\"isPartOf\":{\"@id\":\"https:\/\/anderskafka.cz\/eshop\/#website\"},\"primaryImageOfPage\":{\"@id\":\"https:\/\/anderskafka.cz\/eshop\/produkt\/luin-living-bambusova-osuska-granitove-seda-90x180-cm\/#primaryimage\"},\"datePublished\":\"2023-05-02T19:30:14+00:00\",\"dateModified\":\"2026-01-19T07:36:42+00:00\",\"description\":\"Tato ka\u0161m\u00edrov\u011b hebk\u00e1 bambusov\u00e1 osu\u0161ka V\u00e1s p\u0159ekvap\u00ed svoj\u00ed v\u0161estrannost\u00ed! M\u016f\u017eete ji pou\u017e\u00edt nejen jako osu\u0161ku, ale i jako p\u0159ehoz, p\u0159ikr\u00fdvku \u010di stylov\u00fd \u0161\u00e1l. Ru\u010dn\u011b v\u00e1zan\u00e9 t\u0159\u00e1sn\u011b jsou kr\u00e1sn\u00fdm designov\u00fdm detailem. Finsk\u00e1 spole\u010dnost Luin Living si zakl\u00e1d\u00e1 na vysok\u00e9 kvalit\u011b a udr\u017eitelnosti sv\u00fdch v\u00fdrobk\u016f, kter\u00e9 V\u00e1m zp\u0159\u00edjemn\u00ed \u010das str\u00e1ven\u00fd v saun\u011b. Stejn\u011b tak je ocen\u00edte i p\u0159i ka\u017edodenn\u00edm no\u0161en\u00ed.\",\"breadcrumb\":{\"@id\":\"https:\/\/anderskafka.cz\/eshop\/produkt\/luin-living-bambusova-osuska-granitove-seda-90x180-cm\/#breadcrumb\"},\"inLanguage\":\"cs\",\"potentialAction\":[{\"@type\":\"ReadAction\",\"target\":[\"https:\/\/anderskafka.cz\/eshop\/produkt\/luin-living-bambusova-osuska-granitove-seda-90x180-cm\/\"]}]},{\"@type\":\"BreadcrumbList\",\"@id\":\"https:\/\/anderskafka.cz\/eshop\/produkt\/luin-living-bambusova-osuska-granitove-seda-90x180-cm\/#breadcrumb\",\"itemListElement\":[{\"@type\":\"ListItem\",\"position\":1,\"name\":\"Obchod\",\"item\":\"https:\/\/anderskafka.cz\/eshop\/obchod\/\"},{\"@type\":\"ListItem\",\"position\":2,\"name\":\"LUIN LIVING bambusov\u00e1 osu\u0161ka, granitov\u011b \u0161ed\u00e1, 90&#215;180 cm\"}]}]}<\/script>\n<!-- \/ Yoast SEO plugin. -->","yoast_head_json":{"title":"LUIN LIVING bambusov\u00e1 osu\u0161ka, granitov\u011b \u0161ed\u00e1, 90x180 cm - Anders &amp; Kafka E-SHOP","description":"Tato ka\u0161m\u00edrov\u011b hebk\u00e1 bambusov\u00e1 osu\u0161ka V\u00e1s p\u0159ekvap\u00ed svoj\u00ed v\u0161estrannost\u00ed! M\u016f\u017eete ji pou\u017e\u00edt nejen jako osu\u0161ku, ale i jako p\u0159ehoz, p\u0159ikr\u00fdvku \u010di stylov\u00fd \u0161\u00e1l. Ru\u010dn\u011b v\u00e1zan\u00e9 t\u0159\u00e1sn\u011b jsou kr\u00e1sn\u00fdm designov\u00fdm detailem. Finsk\u00e1 spole\u010dnost Luin Living si zakl\u00e1d\u00e1 na vysok\u00e9 kvalit\u011b a udr\u017eitelnosti sv\u00fdch v\u00fdrobk\u016f, kter\u00e9 V\u00e1m zp\u0159\u00edjemn\u00ed \u010das str\u00e1ven\u00fd v saun\u011b. Stejn\u011b tak je ocen\u00edte i p\u0159i ka\u017edodenn\u00edm no\u0161en\u00ed.","robots":{"index":"index","follow":"follow","max-snippet":"max-snippet:-1","max-image-preview":"max-image-preview:large","max-video-preview":"max-video-preview:-1"},"canonical":"https:\/\/anderskafka.cz\/eshop\/produkt\/luin-living-bambusova-osuska-granitove-seda-90x180-cm\/","og_locale":"cs_CZ","og_type":"article","og_title":"LUIN LIVING bambusov\u00e1 osu\u0161ka, granitov\u011b \u0161ed\u00e1, 90x180 cm - Anders &amp; Kafka E-SHOP","og_description":"Tato ka\u0161m\u00edrov\u011b hebk\u00e1 bambusov\u00e1 osu\u0161ka V\u00e1s p\u0159ekvap\u00ed svoj\u00ed v\u0161estrannost\u00ed! M\u016f\u017eete ji pou\u017e\u00edt nejen jako osu\u0161ku, ale i jako p\u0159ehoz, p\u0159ikr\u00fdvku \u010di stylov\u00fd \u0161\u00e1l. Ru\u010dn\u011b v\u00e1zan\u00e9 t\u0159\u00e1sn\u011b jsou kr\u00e1sn\u00fdm designov\u00fdm detailem. Finsk\u00e1 spole\u010dnost Luin Living si zakl\u00e1d\u00e1 na vysok\u00e9 kvalit\u011b a udr\u017eitelnosti sv\u00fdch v\u00fdrobk\u016f, kter\u00e9 V\u00e1m zp\u0159\u00edjemn\u00ed \u010das str\u00e1ven\u00fd v saun\u011b. Stejn\u011b tak je ocen\u00edte i p\u0159i ka\u017edodenn\u00edm no\u0161en\u00ed.","og_url":"https:\/\/anderskafka.cz\/eshop\/produkt\/luin-living-bambusova-osuska-granitove-seda-90x180-cm\/","og_site_name":"Anders &amp; Kafka E-SHOP","article_modified_time":"2026-01-19T07:36:42+00:00","og_image":[{"width":1024,"height":1536,"url":"https:\/\/anderskafka.cz\/eshop\/wp-content\/uploads\/sites\/3\/2023\/05\/bamboo-towel-granite_yyteri-1024x1536-1.jpeg","type":"image\/jpeg"}],"twitter_card":"summary_large_image","twitter_misc":{"Odhadovan\u00e1 doba \u010dten\u00ed":"1 minuta"},"schema":{"@context":"https:\/\/schema.org","@graph":[{"@type":"WebSite","@id":"https:\/\/anderskafka.cz\/eshop\/#website","url":"https:\/\/anderskafka.cz\/eshop\/","name":"Anders &amp; Kafka E-SHOP","description":"Anders &amp; Kafka E-SHOP","potentialAction":[{"@type":"SearchAction","target":{"@type":"EntryPoint","urlTemplate":"https:\/\/anderskafka.cz\/eshop\/?s={search_term_string}"},"query-input":"required name=search_term_string"}],"inLanguage":"cs"},{"@type":"ImageObject","@id":"https:\/\/anderskafka.cz\/eshop\/produkt\/luin-living-bambusova-osuska-granitove-seda-90x180-cm\/#primaryimage","inLanguage":"cs","url":"https:\/\/anderskafka.cz\/eshop\/wp-content\/uploads\/sites\/3\/2023\/05\/bamboo-towel-granite_yyteri-1024x1536-1.jpeg","contentUrl":"https:\/\/anderskafka.cz\/eshop\/wp-content\/uploads\/sites\/3\/2023\/05\/bamboo-towel-granite_yyteri-1024x1536-1.jpeg","width":1024,"height":1536},{"@type":"WebPage","@id":"https:\/\/anderskafka.cz\/eshop\/produkt\/luin-living-bambusova-osuska-granitove-seda-90x180-cm\/#webpage","url":"https:\/\/anderskafka.cz\/eshop\/produkt\/luin-living-bambusova-osuska-granitove-seda-90x180-cm\/","name":"LUIN LIVING bambusov\u00e1 osu\u0161ka, granitov\u011b \u0161ed\u00e1, 90x180 cm - Anders &amp; Kafka E-SHOP","isPartOf":{"@id":"https:\/\/anderskafka.cz\/eshop\/#website"},"primaryImageOfPage":{"@id":"https:\/\/anderskafka.cz\/eshop\/produkt\/luin-living-bambusova-osuska-granitove-seda-90x180-cm\/#primaryimage"},"datePublished":"2023-05-02T19:30:14+00:00","dateModified":"2026-01-19T07:36:42+00:00","description":"Tato ka\u0161m\u00edrov\u011b hebk\u00e1 bambusov\u00e1 osu\u0161ka V\u00e1s p\u0159ekvap\u00ed svoj\u00ed v\u0161estrannost\u00ed! M\u016f\u017eete ji pou\u017e\u00edt nejen jako osu\u0161ku, ale i jako p\u0159ehoz, p\u0159ikr\u00fdvku \u010di stylov\u00fd \u0161\u00e1l. Ru\u010dn\u011b v\u00e1zan\u00e9 t\u0159\u00e1sn\u011b jsou kr\u00e1sn\u00fdm designov\u00fdm detailem. Finsk\u00e1 spole\u010dnost Luin Living si zakl\u00e1d\u00e1 na vysok\u00e9 kvalit\u011b a udr\u017eitelnosti sv\u00fdch v\u00fdrobk\u016f, kter\u00e9 V\u00e1m zp\u0159\u00edjemn\u00ed \u010das str\u00e1ven\u00fd v saun\u011b. Stejn\u011b tak je ocen\u00edte i p\u0159i ka\u017edodenn\u00edm no\u0161en\u00ed.","breadcrumb":{"@id":"https:\/\/anderskafka.cz\/eshop\/produkt\/luin-living-bambusova-osuska-granitove-seda-90x180-cm\/#breadcrumb"},"inLanguage":"cs","potentialAction":[{"@type":"ReadAction","target":["https:\/\/anderskafka.cz\/eshop\/produkt\/luin-living-bambusova-osuska-granitove-seda-90x180-cm\/"]}]},{"@type":"BreadcrumbList","@id":"https:\/\/anderskafka.cz\/eshop\/produkt\/luin-living-bambusova-osuska-granitove-seda-90x180-cm\/#breadcrumb","itemListElement":[{"@type":"ListItem","position":1,"name":"Obchod","item":"https:\/\/anderskafka.cz\/eshop\/obchod\/"},{"@type":"ListItem","position":2,"name":"LUIN LIVING bambusov\u00e1 osu\u0161ka, granitov\u011b \u0161ed\u00e1, 90&#215;180 cm"}]}]}},"locations":[],"_links":{"self":[{"href":"https:\/\/anderskafka.cz\/eshop\/wp-json\/wp\/v2\/product\/3113"}],"collection":[{"href":"https:\/\/anderskafka.cz\/eshop\/wp-json\/wp\/v2\/product"}],"about":[{"href":"https:\/\/anderskafka.cz\/eshop\/wp-json\/wp\/v2\/types\/product"}],"replies":[{"embeddable":true,"href":"https:\/\/anderskafka.cz\/eshop\/wp-json\/wp\/v2\/comments?post=3113"}],"wp:featuredmedia":[{"embeddable":true,"href":"https:\/\/anderskafka.cz\/eshop\/wp-json\/wp\/v2\/media\/3114"}],"wp:attachment":[{"href":"https:\/\/anderskafka.cz\/eshop\/wp-json\/wp\/v2\/media?parent=3113"}],"wp:term":[{"taxonomy":"location","embeddable":true,"href":"https:\/\/anderskafka.cz\/eshop\/wp-json\/wp\/v2\/location?post=3113"},{"taxonomy":"product_cat","embeddable":true,"href":"https:\/\/anderskafka.cz\/eshop\/wp-json\/wp\/v2\/product_cat?post=3113"},{"taxonomy":"product_tag","embeddable":true,"href":"https:\/\/anderskafka.cz\/eshop\/wp-json\/wp\/v2\/product_tag?post=3113"}],"curies":[{"name":"wp","href":"https:\/\/api.w.org\/{rel}","templated":true}]}}