{"id":3237,"date":"2023-05-04T20:55:13","date_gmt":"2023-05-04T18:55:13","guid":{"rendered":"https:\/\/anderskafka.cz\/eshop\/?post_type=product&#038;p=3237"},"modified":"2026-04-21T10:07:53","modified_gmt":"2026-04-21T08:07:53","slug":"eos-emo-tec-h-pokrocila-digitalni-ridici-jednotka-pro-bio-saunu","status":"publish","type":"product","link":"https:\/\/anderskafka.cz\/eshop\/produkt\/eos-emo-tec-h-pokrocila-digitalni-ridici-jednotka-pro-bio-saunu\/","title":{"rendered":"EOS EMOTEC H \u2013 pokro\u010dil\u00e1 digit\u00e1ln\u00ed \u0159\u00edd\u00edc\u00ed jednotka pro bio saunu"},"content":{"rendered":"<p style=\"font-weight: 400\"><strong style=\"font-size: 16px\">Pokro\u010dil\u00e1 digit\u00e1ln\u00ed \u0159\u00edd\u00edc\u00ed jednotka pr\u00e9miov\u00e9 t\u0159\u00eddy <\/strong><span style=\"font-size: 16px\">pro velmi n\u00e1ro\u010dn\u00e9 soukrom\u00e9 i komer\u010dn\u00ed sauny. J<\/span><span style=\"font-size: 16px\">e ur\u010dena pro elektrick\u00e1 topidla pro bio saunu s v\u00fdkonem topidla <\/span><span style=\"font-size: 16px;font-style: normal\">do 9 kW v rozsahu teplot od 30 \u00b0C &#8211; 115 \u00b0C (v re\u017eimu such\u00e9 finsk\u00e9 sauny), 30 \u00b0C &#8211; 70 \u00b0C (v provozu vlhk\u00e9 sauny). <\/span><span style=\"font-size: 16px;font-style: normal\">Di\u0301ky pr\u030ci\u0301davne\u0301mu vy\u0301konove\u0301mu modulu lze zvy\u0301s\u030cit maxima\u0301lni\u0301 spi\u0301naci\u0301 vy\u0301kon topidla z 9 kW na 19 kW nebo na 27\/45 kW.<\/span><\/p>\n<p>Regulace vlhkosti &#8211; bu\u010f proporcion\u00e1ln\u011b k \u010dasu (umo\u017e\u0148uje konstantn\u00ed produkci p\u00e1ry za dan\u00fd \u010das) nebo voliteln\u00fdm \u010didlem vlhkosti podle relativn\u00ed vlhkosti vzduchu (umo\u017e\u0148uje p\u0159esn\u00e9 nastaven\u00ed vlhkosti na relativn\u00ed vlhkost vzduchu v %).<br \/>\nOvl\u00e1d\u00e1n\u00ed v\u00fdparn\u00edku do v\u00fdkonu 3 kW s detekc\u00ed nedostatku vody. Rychl\u00fd v\u00fdb\u011br mezi re\u017eimy provozu such\u00e9 -finsk\u00e9 sauny nebo vlhk\u00e9 &#8211; bio sauny pomoc\u00ed jog-dial.<\/p>\n<p style=\"font-weight: 400\"><span style=\"font-size: 16px\">Ovl\u00e1dac\u00ed panel kompaktn\u00ed velikosti s barevn\u00fdm TFT displejem s mont\u00e1\u017e\u00ed pod om\u00edtku nebo na om\u00edtku (lze instalovat a\u017e na 100 m vzd\u00e1lenost).<br \/>\n<\/span><span style=\"font-size: 16px\">Ovl\u00e1dac\u00ed panel dostupn\u00fd v \u010dern\u00e9m nebo b\u00edl\u00e9m proveden\u00ed.<br \/>\n<\/span><span style=\"font-size: 16px\">Modern\u00ed TFT barevn\u00fd displej s navigac\u00ed v menu v 19 jazyc\u00edch (DE, EN, FR, RU, ES, NL, IT, PL, SLO, FIN, TR, CZ, RO, BG, HU, HR, SK, DK).<br \/>\n<\/span><span style=\"font-size: 16px\">Inovativn\u00ed ovl\u00e1d\u00e1n\u00ed pomoc\u00ed jog-dial p\u0159ep\u00edna\u010de &#8211; jednoduch\u00e9, snadn\u00e9, intuitivn\u00ed.<br \/>\n<\/span><\/p>\n<p style=\"font-weight: 400\"><span style=\"font-size: 16px\">EmoTec H nab\u00edz\u00ed \u0161irokou \u0161k\u00e1lu pokro\u010dil\u00fdch funkc\u00ed:<br \/>\nDoh\u0159ev (program su\u0161en\u00ed v saun\u011b po vlhk\u00e9m re\u017eimu).<br \/>\nNastaviteln\u00e1 teplota doh\u0159evu.<br \/>\nNastaviteln\u00e1 rychlost ventil\u00e1toru ods\u00e1v\u00e1n\u00ed po doh\u0159evu.<br \/>\nNastaviteln\u00e1 doba doh\u0159\u00edv\u00e1n\u00ed.<br \/>\nNastaviteln\u00e1 doba odkladu pro dopln\u011bn\u00ed n\u00e1dr\u017eky na vodu p\u0159\u00ed n\u00edzk\u00e9 hladin\u011b.<br \/>\nFunkce Smart-Heat zah\u0159eje saunu rychleji a zabr\u00e1n\u00ed spu\u0161t\u011bn\u00ed produkce p\u00e1ry, kdy\u017e sauna je\u0161t\u011b nen\u00ed dob\u0159e vyh\u0159\u00e1t\u00e1.<br \/>\n<\/span><span style=\"font-size: 16px\">Regulace vlhkosti je mo\u017en\u00e1 s nebo bez senzoru vlhkosti.<br \/>\nDigit\u00e1ln\u00ed regulace teploty.<br \/>\n<\/span><span style=\"font-size: 16px\">Stm\u00edvateln\u00fd v\u00fdkon kabinov\u00e9ho osv\u011btlen\u00ed 230V, automatick\u00e1 detekce induk\u010dn\u00ed a kapacitn\u00ed z\u00e1t\u011b\u017ee.<br \/>\n<\/span><span style=\"font-size: 16px\">V\u00fdstup pro\u00a0ovl\u00e1d\u00e1n\u00ed\u00a0ventil\u00e1toru\u00a0230V (3 rychlosti).<br \/>\n<\/span><span style=\"font-size: 16px\">24h p\u0159ednastaven\u00fd \u010dasova\u010d a prodlou\u017een\u00fd t\u00fddenn\u00ed \u010dasova\u010d (mo\u017en\u00e9 4 programy za den).<br \/>\n<\/span><span style=\"font-size: 16px\">Omezen\u00ed doby oh\u0159evu 6 h \/ 12 h \/ neomezen\u011b.<br \/>\n<\/span><span style=\"font-size: 16px\">Panel displeje se spo\u0159i\u010dem obrazovky a re\u017eimem sp\u00e1nku.<br \/>\n<\/span><span style=\"font-size: 16px\">Re\u017eim pr\u00e1zdninov\u00e9ho domu a z\u00e1mek displeje na PIN k\u00f3d.<br \/>\n<\/span><span style=\"font-size: 16px\">Servisn\u00ed \u00farove\u0148 chr\u00e1n\u011bn\u00e1 PIN k\u00f3dem pro nastaven\u00ed a jemn\u00e9 dolad\u011bn\u00ed.<br \/>\n<\/span><span style=\"font-size: 16px\">Beznap\u011b\u0165ov\u00fd v\u00fdstup.<br \/>\n<\/span><span style=\"font-size: 16px\">Digit\u00e1ln\u00ed teplotn\u00ed senzor na mikro\u010dipu s 5 m kabelem pro p\u0159esn\u00e9 a ru\u0161en\u00ed odoln\u00e9 ovl\u00e1d\u00e1n\u00ed, v\u010detn\u011b pojistky proti pr\u030cehr\u030ci\u0301va\u0301ni\u0301, kter\u00e1 je umi\u0301ste\u030cna v krytu sn\u00edma\u010de. V pr\u030ci\u0301pade\u030c, z\u030ce saunova\u0301 kamna na\u0301sledkem za\u0301vady topi\u0301 i nada\u0301le po dosaz\u030ceni\u0301 poz\u030cadovane\u0301 teploty, vypne pojistka proti pr\u030cehr\u030ci\u0301va\u0301ni\u0301 saunova\u0301 kamna automaticky.<br \/>\n<\/span><span style=\"font-size: 16px\">Voliteln\u00fd 2. teplotn\u00ed senzor (lavicov\u00fd senzor).<br \/>\n<\/span><span style=\"font-size: 16px\">Rychl\u00e1 kontrola p\u0159ednastaven\u00e9 a skute\u010dn\u00e9 teploty v saun\u011b.<\/span><span style=\"font-size: 16px\"><br \/>\n<\/span><span style=\"font-size: 16px\">Firmware lze aktualizovat pomoc\u00ed micro SD karty (nen\u00ed sou\u010d\u00e1st\u00ed dod\u00e1vky).<br \/>\n<\/span><span style=\"font-size: 16px\">Dal\u0161\u00ed ovl\u00e1dac\u00ed prvky prost\u0159ednictv\u00edm voliteln\u00fdch roz\u0161\u00ed\u0159en\u00ed: ovl\u00e1d\u00e1n\u00ed barevn\u00e9ho sv\u011btla pro LED, ovl\u00e1d\u00e1n\u00ed hudby, d\u00e1lkov\u00e9 spou\u0161t\u011bn\u00ed a ovl\u00e1d\u00e1n\u00ed.<br \/>\n<\/span><span style=\"font-size: 16px\">Sp\u00ednac\u00ed v\u00fdkon 9 kW, roz\u0161i\u0159iteln\u00fd.<br \/>\n<\/span><span style=\"font-size: 16px\">Nap\u00e1jen\u00ed 400V 3F AC.<br \/>\n<\/span><\/p>\n<p style=\"font-weight: 400\"><strong style=\"font-size: 16px\">Rozsah doda\u0301vky:<br \/>\n<\/strong><span style=\"font-size: 16px\">Ovl\u00e1dac\u00ed panel EmoTec H<br \/>\n<\/span><span style=\"font-size: 16px\">Vy\u0301konovy\u0301 prvek<br \/>\n<\/span><span style=\"font-size: 16px\">Teplotn\u00ed \u010didlo topidla s integrovanou pojistkou proti pr\u030cehr\u030ci\u0301va\u0301ni\u0301 s 5 m kabelem<br \/>\n<\/span><span style=\"font-size: 16px\">Monta\u0301z\u030cni\u0301 materi\u00e1l<\/span><\/p>\n","protected":false},"excerpt":{"rendered":"<div>\n<p style=\"font-weight: 400\"><span style=\"font-size: 16px;font-style: normal\"><strong style=\"font-size: 16px\">Pokro\u010dil\u00e1 digit\u00e1ln\u00ed \u0159\u00edd\u00edc\u00ed jednotka pr\u00e9miov\u00e9 t\u0159\u00eddy <\/strong><span style=\"font-size: 16px\">pro velmi n\u00e1ro\u010dn\u00e9 soukrom\u00e9 i komer\u010dn\u00ed sauny. J<\/span><span style=\"font-size: 16px\">e ur\u010dena pro elektrick\u00e1 topidla pro bio saunu s v\u00fdkonem topidla<\/span> do 9 kW a s pou\u017eit\u00edm vy\u0301konov\u00e9ho modulu a\u017e do 45 kW. <span style=\"font-size: 16px\">Ovl\u00e1dac\u00ed panel je s barevn\u00fdm TFT displejem v \u010dern\u00e9m nebo b\u00edl\u00e9m proveden\u00ed s navigac\u00ed v menu v 19 jazyc\u00edch a inovativn\u00edm ovl\u00e1d\u00e1n\u00ed pomoc\u00ed jog-dial p\u0159ep\u00edna\u010de &#8211; kter\u00e9 je jednoduch\u00e9 a intuitivn\u00ed <\/span>s mo\u017enost\u00ed instalace vn\u011b sauny a ovl\u00e1d\u00e1n\u00ed pomoc\u00ed chytr\u00e9 aplikace z mobiln\u00edho za\u0159\u00edzen\u00ed.<\/span><\/p>\n<p><span style=\"font-size: 16px\">EOS, nejkvalitn\u011bj\u0161\u00ed produkty pro saunu vyroben\u00e9 v N\u011bmecku s 50ti letou tradic\u00ed.<\/span><img loading=\"lazy\" class=\"alignnone size-full wp-image-1496 aligncenter\" src=\"https:\/\/anderskafka.cz\/eshop\/wp-content\/uploads\/sites\/3\/2022\/12\/made-in-germany-label-icon-of-german-flag-map-vector-22965302.jpg\" alt=\"\" width=\"250\" height=\"250\" srcset=\"https:\/\/anderskafka.cz\/eshop\/wp-content\/uploads\/sites\/3\/2022\/12\/made-in-germany-label-icon-of-german-flag-map-vector-22965302.jpg 250w, https:\/\/anderskafka.cz\/eshop\/wp-content\/uploads\/sites\/3\/2022\/12\/made-in-germany-label-icon-of-german-flag-map-vector-22965302-150x150.jpg 150w, https:\/\/anderskafka.cz\/eshop\/wp-content\/uploads\/sites\/3\/2022\/12\/made-in-germany-label-icon-of-german-flag-map-vector-22965302-100x100.jpg 100w, https:\/\/anderskafka.cz\/eshop\/wp-content\/uploads\/sites\/3\/2022\/12\/made-in-germany-label-icon-of-german-flag-map-vector-22965302-64x64.jpg 64w\" sizes=\"(max-width: 250px) 100vw, 250px\" \/><\/p>\n<\/div>\n","protected":false},"featured_media":15476,"comment_status":"open","ping_status":"closed","template":"","meta":{"site-sidebar-layout":"default","site-content-layout":"default","ast-main-header-display":"","ast-hfb-above-header-display":"","ast-hfb-below-header-display":"","ast-hfb-mobile-header-display":"","site-post-title":"","ast-breadcrumbs-content":"","ast-featured-img":"","footer-sml-layout":"","theme-transparent-header-meta":"","adv-header-id-meta":"","stick-header-meta":"","header-above-stick-meta":"","header-main-stick-meta":"","header-below-stick-meta":""},"location":[],"product_cat":[544],"product_tag":[443],"yoast_head":"<!-- This site is optimized with the Yoast SEO plugin v18.5.1 - https:\/\/yoast.com\/wordpress\/plugins\/seo\/ -->\n<title>EOS EMOTEC H \u2013 pokro\u010dil\u00e1 digit\u00e1ln\u00ed \u0159\u00edd\u00edc\u00ed jednotka pro bio saunu - Anders &amp; Kafka E-SHOP<\/title>\n<meta name=\"description\" content=\"Pokro\u010dil\u00e1 digit\u00e1ln\u00ed \u0159\u00edd\u00edc\u00ed jednotka pr\u00e9miov\u00e9 t\u0159\u00eddy pro velmi n\u00e1ro\u010dn\u00e9 soukrom\u00e9 i komer\u010dn\u00ed sauny. Je ur\u010dena pro elektrick\u00e1 topidla pro bio saunu s v\u00fdkonem topidla do 9 kW a s pou\u017eit\u00edm vy\u0301konov\u00e9ho modulu a\u017e do 45 kW. Ovl\u00e1dac\u00ed panel je s barevn\u00fdm TFT displejem v \u010dern\u00e9m nebo b\u00edl\u00e9m proveden\u00ed s navigac\u00ed v menu v 19 jazyc\u00edch a inovativn\u00edm ovl\u00e1d\u00e1n\u00ed pomoc\u00ed jog-dial p\u0159ep\u00edna\u010de - kter\u00e9 je jednoduch\u00e9 a intuitivn\u00ed s mo\u017enost\u00ed instalace vn\u011b sauny a ovl\u00e1d\u00e1n\u00ed pomoc\u00ed chytr\u00e9 aplikace z mobiln\u00edho za\u0159\u00edzen\u00ed. EOS, nejkvalitn\u011bj\u0161\u00ed produkty pro saunu vyroben\u00e9 v N\u011bmecku s 50ti letou tradic\u00ed.\" \/>\n<meta name=\"robots\" content=\"index, follow, max-snippet:-1, max-image-preview:large, max-video-preview:-1\" \/>\n<link rel=\"canonical\" href=\"https:\/\/anderskafka.cz\/eshop\/produkt\/eos-emo-tec-h-pokrocila-digitalni-ridici-jednotka-pro-bio-saunu\/\" \/>\n<meta property=\"og:locale\" content=\"cs_CZ\" \/>\n<meta property=\"og:type\" content=\"article\" \/>\n<meta property=\"og:title\" content=\"EOS EMOTEC H \u2013 pokro\u010dil\u00e1 digit\u00e1ln\u00ed \u0159\u00edd\u00edc\u00ed jednotka pro bio saunu - Anders &amp; Kafka E-SHOP\" \/>\n<meta property=\"og:description\" content=\"Pokro\u010dil\u00e1 digit\u00e1ln\u00ed \u0159\u00edd\u00edc\u00ed jednotka pr\u00e9miov\u00e9 t\u0159\u00eddy pro velmi n\u00e1ro\u010dn\u00e9 soukrom\u00e9 i komer\u010dn\u00ed sauny. Je ur\u010dena pro elektrick\u00e1 topidla pro bio saunu s v\u00fdkonem topidla do 9 kW a s pou\u017eit\u00edm vy\u0301konov\u00e9ho modulu a\u017e do 45 kW. Ovl\u00e1dac\u00ed panel je s barevn\u00fdm TFT displejem v \u010dern\u00e9m nebo b\u00edl\u00e9m proveden\u00ed s navigac\u00ed v menu v 19 jazyc\u00edch a inovativn\u00edm ovl\u00e1d\u00e1n\u00ed pomoc\u00ed jog-dial p\u0159ep\u00edna\u010de - kter\u00e9 je jednoduch\u00e9 a intuitivn\u00ed s mo\u017enost\u00ed instalace vn\u011b sauny a ovl\u00e1d\u00e1n\u00ed pomoc\u00ed chytr\u00e9 aplikace z mobiln\u00edho za\u0159\u00edzen\u00ed. EOS, nejkvalitn\u011bj\u0161\u00ed produkty pro saunu vyroben\u00e9 v N\u011bmecku s 50ti letou tradic\u00ed.\" \/>\n<meta property=\"og:url\" content=\"https:\/\/anderskafka.cz\/eshop\/produkt\/eos-emo-tec-h-pokrocila-digitalni-ridici-jednotka-pro-bio-saunu\/\" \/>\n<meta property=\"og:site_name\" content=\"Anders &amp; Kafka E-SHOP\" \/>\n<meta property=\"article:modified_time\" content=\"2026-04-21T08:07:53+00:00\" \/>\n<meta name=\"twitter:card\" content=\"summary_large_image\" \/>\n<meta name=\"twitter:image\" content=\"https:\/\/anderskafka.cz\/eshop\/wp-content\/uploads\/sites\/3\/2023\/05\/EOS_emotech_AndersKafka.webp\" \/>\n<meta name=\"twitter:label1\" content=\"Odhadovan\u00e1 doba \u010dten\u00ed\" \/>\n\t<meta name=\"twitter:data1\" content=\"3 minuty\" \/>\n<script type=\"application\/ld+json\" class=\"yoast-schema-graph\">{\"@context\":\"https:\/\/schema.org\",\"@graph\":[{\"@type\":\"WebSite\",\"@id\":\"https:\/\/anderskafka.cz\/eshop\/#website\",\"url\":\"https:\/\/anderskafka.cz\/eshop\/\",\"name\":\"Anders &amp; Kafka E-SHOP\",\"description\":\"Anders &amp; Kafka E-SHOP\",\"potentialAction\":[{\"@type\":\"SearchAction\",\"target\":{\"@type\":\"EntryPoint\",\"urlTemplate\":\"https:\/\/anderskafka.cz\/eshop\/?s={search_term_string}\"},\"query-input\":\"required name=search_term_string\"}],\"inLanguage\":\"cs\"},{\"@type\":\"ImageObject\",\"@id\":\"https:\/\/anderskafka.cz\/eshop\/produkt\/eos-emo-tec-h-pokrocila-digitalni-ridici-jednotka-pro-bio-saunu\/#primaryimage\",\"inLanguage\":\"cs\",\"url\":\"https:\/\/anderskafka.cz\/eshop\/wp-content\/uploads\/sites\/3\/2023\/05\/EOS_emotech_AndersKafka.webp\",\"contentUrl\":\"https:\/\/anderskafka.cz\/eshop\/wp-content\/uploads\/sites\/3\/2023\/05\/EOS_emotech_AndersKafka.webp\",\"width\":1500,\"height\":1500},{\"@type\":\"WebPage\",\"@id\":\"https:\/\/anderskafka.cz\/eshop\/produkt\/eos-emo-tec-h-pokrocila-digitalni-ridici-jednotka-pro-bio-saunu\/#webpage\",\"url\":\"https:\/\/anderskafka.cz\/eshop\/produkt\/eos-emo-tec-h-pokrocila-digitalni-ridici-jednotka-pro-bio-saunu\/\",\"name\":\"EOS EMOTEC H \u2013 pokro\u010dil\u00e1 digit\u00e1ln\u00ed \u0159\u00edd\u00edc\u00ed jednotka pro bio saunu - Anders &amp; Kafka E-SHOP\",\"isPartOf\":{\"@id\":\"https:\/\/anderskafka.cz\/eshop\/#website\"},\"primaryImageOfPage\":{\"@id\":\"https:\/\/anderskafka.cz\/eshop\/produkt\/eos-emo-tec-h-pokrocila-digitalni-ridici-jednotka-pro-bio-saunu\/#primaryimage\"},\"datePublished\":\"2023-05-04T18:55:13+00:00\",\"dateModified\":\"2026-04-21T08:07:53+00:00\",\"description\":\"Pokro\u010dil\u00e1 digit\u00e1ln\u00ed \u0159\u00edd\u00edc\u00ed jednotka pr\u00e9miov\u00e9 t\u0159\u00eddy pro velmi n\u00e1ro\u010dn\u00e9 soukrom\u00e9 i komer\u010dn\u00ed sauny. Je ur\u010dena pro elektrick\u00e1 topidla pro bio saunu s v\u00fdkonem topidla do 9 kW a s pou\u017eit\u00edm vy\u0301konov\u00e9ho modulu a\u017e do 45 kW. Ovl\u00e1dac\u00ed panel je s barevn\u00fdm TFT displejem v \u010dern\u00e9m nebo b\u00edl\u00e9m proveden\u00ed s navigac\u00ed v menu v 19 jazyc\u00edch a inovativn\u00edm ovl\u00e1d\u00e1n\u00ed pomoc\u00ed jog-dial p\u0159ep\u00edna\u010de - kter\u00e9 je jednoduch\u00e9 a intuitivn\u00ed s mo\u017enost\u00ed instalace vn\u011b sauny a ovl\u00e1d\u00e1n\u00ed pomoc\u00ed chytr\u00e9 aplikace z mobiln\u00edho za\u0159\u00edzen\u00ed. EOS, nejkvalitn\u011bj\u0161\u00ed produkty pro saunu vyroben\u00e9 v N\u011bmecku s 50ti letou tradic\u00ed.\",\"breadcrumb\":{\"@id\":\"https:\/\/anderskafka.cz\/eshop\/produkt\/eos-emo-tec-h-pokrocila-digitalni-ridici-jednotka-pro-bio-saunu\/#breadcrumb\"},\"inLanguage\":\"cs\",\"potentialAction\":[{\"@type\":\"ReadAction\",\"target\":[\"https:\/\/anderskafka.cz\/eshop\/produkt\/eos-emo-tec-h-pokrocila-digitalni-ridici-jednotka-pro-bio-saunu\/\"]}]},{\"@type\":\"BreadcrumbList\",\"@id\":\"https:\/\/anderskafka.cz\/eshop\/produkt\/eos-emo-tec-h-pokrocila-digitalni-ridici-jednotka-pro-bio-saunu\/#breadcrumb\",\"itemListElement\":[{\"@type\":\"ListItem\",\"position\":1,\"name\":\"Obchod\",\"item\":\"https:\/\/anderskafka.cz\/eshop\/obchod\/\"},{\"@type\":\"ListItem\",\"position\":2,\"name\":\"EOS EMOTEC H \u2013 pokro\u010dil\u00e1 digit\u00e1ln\u00ed \u0159\u00edd\u00edc\u00ed jednotka pro bio saunu\"}]}]}<\/script>\n<!-- \/ Yoast SEO plugin. -->","yoast_head_json":{"title":"EOS EMOTEC H \u2013 pokro\u010dil\u00e1 digit\u00e1ln\u00ed \u0159\u00edd\u00edc\u00ed jednotka pro bio saunu - Anders &amp; Kafka E-SHOP","description":"Pokro\u010dil\u00e1 digit\u00e1ln\u00ed \u0159\u00edd\u00edc\u00ed jednotka pr\u00e9miov\u00e9 t\u0159\u00eddy pro velmi n\u00e1ro\u010dn\u00e9 soukrom\u00e9 i komer\u010dn\u00ed sauny. Je ur\u010dena pro elektrick\u00e1 topidla pro bio saunu s v\u00fdkonem topidla do 9 kW a s pou\u017eit\u00edm vy\u0301konov\u00e9ho modulu a\u017e do 45 kW. Ovl\u00e1dac\u00ed panel je s barevn\u00fdm TFT displejem v \u010dern\u00e9m nebo b\u00edl\u00e9m proveden\u00ed s navigac\u00ed v menu v 19 jazyc\u00edch a inovativn\u00edm ovl\u00e1d\u00e1n\u00ed pomoc\u00ed jog-dial p\u0159ep\u00edna\u010de - kter\u00e9 je jednoduch\u00e9 a intuitivn\u00ed s mo\u017enost\u00ed instalace vn\u011b sauny a ovl\u00e1d\u00e1n\u00ed pomoc\u00ed chytr\u00e9 aplikace z mobiln\u00edho za\u0159\u00edzen\u00ed. EOS, nejkvalitn\u011bj\u0161\u00ed produkty pro saunu vyroben\u00e9 v N\u011bmecku s 50ti letou tradic\u00ed.","robots":{"index":"index","follow":"follow","max-snippet":"max-snippet:-1","max-image-preview":"max-image-preview:large","max-video-preview":"max-video-preview:-1"},"canonical":"https:\/\/anderskafka.cz\/eshop\/produkt\/eos-emo-tec-h-pokrocila-digitalni-ridici-jednotka-pro-bio-saunu\/","og_locale":"cs_CZ","og_type":"article","og_title":"EOS EMOTEC H \u2013 pokro\u010dil\u00e1 digit\u00e1ln\u00ed \u0159\u00edd\u00edc\u00ed jednotka pro bio saunu - Anders &amp; Kafka E-SHOP","og_description":"Pokro\u010dil\u00e1 digit\u00e1ln\u00ed \u0159\u00edd\u00edc\u00ed jednotka pr\u00e9miov\u00e9 t\u0159\u00eddy pro velmi n\u00e1ro\u010dn\u00e9 soukrom\u00e9 i komer\u010dn\u00ed sauny. Je ur\u010dena pro elektrick\u00e1 topidla pro bio saunu s v\u00fdkonem topidla do 9 kW a s pou\u017eit\u00edm vy\u0301konov\u00e9ho modulu a\u017e do 45 kW. Ovl\u00e1dac\u00ed panel je s barevn\u00fdm TFT displejem v \u010dern\u00e9m nebo b\u00edl\u00e9m proveden\u00ed s navigac\u00ed v menu v 19 jazyc\u00edch a inovativn\u00edm ovl\u00e1d\u00e1n\u00ed pomoc\u00ed jog-dial p\u0159ep\u00edna\u010de - kter\u00e9 je jednoduch\u00e9 a intuitivn\u00ed s mo\u017enost\u00ed instalace vn\u011b sauny a ovl\u00e1d\u00e1n\u00ed pomoc\u00ed chytr\u00e9 aplikace z mobiln\u00edho za\u0159\u00edzen\u00ed. EOS, nejkvalitn\u011bj\u0161\u00ed produkty pro saunu vyroben\u00e9 v N\u011bmecku s 50ti letou tradic\u00ed.","og_url":"https:\/\/anderskafka.cz\/eshop\/produkt\/eos-emo-tec-h-pokrocila-digitalni-ridici-jednotka-pro-bio-saunu\/","og_site_name":"Anders &amp; Kafka E-SHOP","article_modified_time":"2026-04-21T08:07:53+00:00","twitter_card":"summary_large_image","twitter_image":"https:\/\/anderskafka.cz\/eshop\/wp-content\/uploads\/sites\/3\/2023\/05\/EOS_emotech_AndersKafka.webp","twitter_misc":{"Odhadovan\u00e1 doba \u010dten\u00ed":"3 minuty"},"schema":{"@context":"https:\/\/schema.org","@graph":[{"@type":"WebSite","@id":"https:\/\/anderskafka.cz\/eshop\/#website","url":"https:\/\/anderskafka.cz\/eshop\/","name":"Anders &amp; Kafka E-SHOP","description":"Anders &amp; Kafka E-SHOP","potentialAction":[{"@type":"SearchAction","target":{"@type":"EntryPoint","urlTemplate":"https:\/\/anderskafka.cz\/eshop\/?s={search_term_string}"},"query-input":"required name=search_term_string"}],"inLanguage":"cs"},{"@type":"ImageObject","@id":"https:\/\/anderskafka.cz\/eshop\/produkt\/eos-emo-tec-h-pokrocila-digitalni-ridici-jednotka-pro-bio-saunu\/#primaryimage","inLanguage":"cs","url":"https:\/\/anderskafka.cz\/eshop\/wp-content\/uploads\/sites\/3\/2023\/05\/EOS_emotech_AndersKafka.webp","contentUrl":"https:\/\/anderskafka.cz\/eshop\/wp-content\/uploads\/sites\/3\/2023\/05\/EOS_emotech_AndersKafka.webp","width":1500,"height":1500},{"@type":"WebPage","@id":"https:\/\/anderskafka.cz\/eshop\/produkt\/eos-emo-tec-h-pokrocila-digitalni-ridici-jednotka-pro-bio-saunu\/#webpage","url":"https:\/\/anderskafka.cz\/eshop\/produkt\/eos-emo-tec-h-pokrocila-digitalni-ridici-jednotka-pro-bio-saunu\/","name":"EOS EMOTEC H \u2013 pokro\u010dil\u00e1 digit\u00e1ln\u00ed \u0159\u00edd\u00edc\u00ed jednotka pro bio saunu - Anders &amp; Kafka E-SHOP","isPartOf":{"@id":"https:\/\/anderskafka.cz\/eshop\/#website"},"primaryImageOfPage":{"@id":"https:\/\/anderskafka.cz\/eshop\/produkt\/eos-emo-tec-h-pokrocila-digitalni-ridici-jednotka-pro-bio-saunu\/#primaryimage"},"datePublished":"2023-05-04T18:55:13+00:00","dateModified":"2026-04-21T08:07:53+00:00","description":"Pokro\u010dil\u00e1 digit\u00e1ln\u00ed \u0159\u00edd\u00edc\u00ed jednotka pr\u00e9miov\u00e9 t\u0159\u00eddy pro velmi n\u00e1ro\u010dn\u00e9 soukrom\u00e9 i komer\u010dn\u00ed sauny. Je ur\u010dena pro elektrick\u00e1 topidla pro bio saunu s v\u00fdkonem topidla do 9 kW a s pou\u017eit\u00edm vy\u0301konov\u00e9ho modulu a\u017e do 45 kW. Ovl\u00e1dac\u00ed panel je s barevn\u00fdm TFT displejem v \u010dern\u00e9m nebo b\u00edl\u00e9m proveden\u00ed s navigac\u00ed v menu v 19 jazyc\u00edch a inovativn\u00edm ovl\u00e1d\u00e1n\u00ed pomoc\u00ed jog-dial p\u0159ep\u00edna\u010de - kter\u00e9 je jednoduch\u00e9 a intuitivn\u00ed s mo\u017enost\u00ed instalace vn\u011b sauny a ovl\u00e1d\u00e1n\u00ed pomoc\u00ed chytr\u00e9 aplikace z mobiln\u00edho za\u0159\u00edzen\u00ed. EOS, nejkvalitn\u011bj\u0161\u00ed produkty pro saunu vyroben\u00e9 v N\u011bmecku s 50ti letou tradic\u00ed.","breadcrumb":{"@id":"https:\/\/anderskafka.cz\/eshop\/produkt\/eos-emo-tec-h-pokrocila-digitalni-ridici-jednotka-pro-bio-saunu\/#breadcrumb"},"inLanguage":"cs","potentialAction":[{"@type":"ReadAction","target":["https:\/\/anderskafka.cz\/eshop\/produkt\/eos-emo-tec-h-pokrocila-digitalni-ridici-jednotka-pro-bio-saunu\/"]}]},{"@type":"BreadcrumbList","@id":"https:\/\/anderskafka.cz\/eshop\/produkt\/eos-emo-tec-h-pokrocila-digitalni-ridici-jednotka-pro-bio-saunu\/#breadcrumb","itemListElement":[{"@type":"ListItem","position":1,"name":"Obchod","item":"https:\/\/anderskafka.cz\/eshop\/obchod\/"},{"@type":"ListItem","position":2,"name":"EOS EMOTEC H \u2013 pokro\u010dil\u00e1 digit\u00e1ln\u00ed \u0159\u00edd\u00edc\u00ed jednotka pro bio saunu"}]}]}},"locations":[],"_links":{"self":[{"href":"https:\/\/anderskafka.cz\/eshop\/wp-json\/wp\/v2\/product\/3237"}],"collection":[{"href":"https:\/\/anderskafka.cz\/eshop\/wp-json\/wp\/v2\/product"}],"about":[{"href":"https:\/\/anderskafka.cz\/eshop\/wp-json\/wp\/v2\/types\/product"}],"replies":[{"embeddable":true,"href":"https:\/\/anderskafka.cz\/eshop\/wp-json\/wp\/v2\/comments?post=3237"}],"wp:featuredmedia":[{"embeddable":true,"href":"https:\/\/anderskafka.cz\/eshop\/wp-json\/wp\/v2\/media\/15476"}],"wp:attachment":[{"href":"https:\/\/anderskafka.cz\/eshop\/wp-json\/wp\/v2\/media?parent=3237"}],"wp:term":[{"taxonomy":"location","embeddable":true,"href":"https:\/\/anderskafka.cz\/eshop\/wp-json\/wp\/v2\/location?post=3237"},{"taxonomy":"product_cat","embeddable":true,"href":"https:\/\/anderskafka.cz\/eshop\/wp-json\/wp\/v2\/product_cat?post=3237"},{"taxonomy":"product_tag","embeddable":true,"href":"https:\/\/anderskafka.cz\/eshop\/wp-json\/wp\/v2\/product_tag?post=3237"}],"curies":[{"name":"wp","href":"https:\/\/api.w.org\/{rel}","templated":true}]}}