{"id":3249,"date":"2023-05-04T23:05:14","date_gmt":"2023-05-04T21:05:14","guid":{"rendered":"https:\/\/anderskafka.cz\/eshop\/?post_type=product&#038;p=3249"},"modified":"2024-12-05T09:40:26","modified_gmt":"2024-12-05T08:40:26","slug":"drop-sada-nahradniho-latkoveho-filtru-plaetco","status":"publish","type":"product","link":"https:\/\/anderskafka.cz\/eshop\/produkt\/drop-sada-nahradniho-latkoveho-filtru-plaetco\/","title":{"rendered":"DROP sada n\u00e1hradn\u00edho l\u00e1tkov\u00e9ho filtru"},"content":{"rendered":"<p>Sada obsahuje 1 ks l\u00e1tkov\u00e9ho filtru Pleatco.<\/p>\n<p style=\"font-weight: 400\">V\u00fdm\u011bna filtru:<\/p>\n<ol>\n<li style=\"font-weight: 400\">Zvedn\u011bte v\u00edko filtru. V\u00edko se sejme oto\u010den\u00edm v\u00edka proti sm\u011bru hodinov\u00fdch ru\u010di\u010dek, aby se z\u00e1mek uvolnil.<\/li>\n<li style=\"font-weight: 400\">Ot\u00e1\u010den\u00edm proti sm\u011bru hodinov\u00fdch ru\u010di\u010dek otev\u0159ete konzoly hrub\u00e9ho filtru.<\/li>\n<li style=\"font-weight: 400\">Vyjm\u011bte hrub\u00fd filtr .<\/li>\n<li style=\"font-weight: 400\">Vyjm\u011bte jemn\u00fd filtr (l\u00e1tkov\u00fd) a vym\u011b\u0148te jej za \u010dist\u00fd.<\/li>\n<li style=\"font-weight: 400\">Vra\u0165te v\u0161echny d\u00edly filtru v opa\u010dn\u00e9m po\u0159ad\u00ed ne\u017e u jejich vyjmut\u00ed.\n<div><\/div>\n<p><img loading=\"lazy\" class=\"alignnone size-medium wp-image-3285\" src=\"https:\/\/anderskafka.cz\/eshop\/wp-content\/uploads\/sites\/3\/2023\/05\/Obrazek2-300x300.png\" alt=\"\" width=\"300\" height=\"300\" srcset=\"https:\/\/anderskafka.cz\/eshop\/wp-content\/uploads\/sites\/3\/2023\/05\/Obrazek2-300x300.png 300w, https:\/\/anderskafka.cz\/eshop\/wp-content\/uploads\/sites\/3\/2023\/05\/Obrazek2-150x150.png 150w, https:\/\/anderskafka.cz\/eshop\/wp-content\/uploads\/sites\/3\/2023\/05\/Obrazek2-100x100.png 100w, https:\/\/anderskafka.cz\/eshop\/wp-content\/uploads\/sites\/3\/2023\/05\/Obrazek2-64x64.png 64w, https:\/\/anderskafka.cz\/eshop\/wp-content\/uploads\/sites\/3\/2023\/05\/Obrazek2.png 439w\" sizes=\"(max-width: 300px) 100vw, 300px\" \/> <img loading=\"lazy\" class=\"alignnone size-medium wp-image-3284\" src=\"https:\/\/anderskafka.cz\/eshop\/wp-content\/uploads\/sites\/3\/2023\/05\/Obrazek1-300x300.png\" alt=\"\" width=\"300\" height=\"300\" srcset=\"https:\/\/anderskafka.cz\/eshop\/wp-content\/uploads\/sites\/3\/2023\/05\/Obrazek1-300x300.png 300w, https:\/\/anderskafka.cz\/eshop\/wp-content\/uploads\/sites\/3\/2023\/05\/Obrazek1-150x150.png 150w, https:\/\/anderskafka.cz\/eshop\/wp-content\/uploads\/sites\/3\/2023\/05\/Obrazek1-100x100.png 100w, https:\/\/anderskafka.cz\/eshop\/wp-content\/uploads\/sites\/3\/2023\/05\/Obrazek1-64x64.png 64w, https:\/\/anderskafka.cz\/eshop\/wp-content\/uploads\/sites\/3\/2023\/05\/Obrazek1.png 439w\" sizes=\"(max-width: 300px) 100vw, 300px\" \/><img loading=\"lazy\" class=\"alignnone size-medium wp-image-3286\" src=\"https:\/\/anderskafka.cz\/eshop\/wp-content\/uploads\/sites\/3\/2023\/05\/Obrazek3-300x300.png\" alt=\"\" width=\"300\" height=\"300\" srcset=\"https:\/\/anderskafka.cz\/eshop\/wp-content\/uploads\/sites\/3\/2023\/05\/Obrazek3-300x300.png 300w, https:\/\/anderskafka.cz\/eshop\/wp-content\/uploads\/sites\/3\/2023\/05\/Obrazek3-150x150.png 150w, https:\/\/anderskafka.cz\/eshop\/wp-content\/uploads\/sites\/3\/2023\/05\/Obrazek3-100x100.png 100w, https:\/\/anderskafka.cz\/eshop\/wp-content\/uploads\/sites\/3\/2023\/05\/Obrazek3-64x64.png 64w, https:\/\/anderskafka.cz\/eshop\/wp-content\/uploads\/sites\/3\/2023\/05\/Obrazek3.png 439w\" sizes=\"(max-width: 300px) 100vw, 300px\" \/> <img loading=\"lazy\" class=\"alignnone size-medium wp-image-3287\" src=\"https:\/\/anderskafka.cz\/eshop\/wp-content\/uploads\/sites\/3\/2023\/05\/Obrazek4-300x300.png\" alt=\"\" width=\"300\" height=\"300\" srcset=\"https:\/\/anderskafka.cz\/eshop\/wp-content\/uploads\/sites\/3\/2023\/05\/Obrazek4-300x300.png 300w, https:\/\/anderskafka.cz\/eshop\/wp-content\/uploads\/sites\/3\/2023\/05\/Obrazek4-150x150.png 150w, https:\/\/anderskafka.cz\/eshop\/wp-content\/uploads\/sites\/3\/2023\/05\/Obrazek4-100x100.png 100w, https:\/\/anderskafka.cz\/eshop\/wp-content\/uploads\/sites\/3\/2023\/05\/Obrazek4-64x64.png 64w, https:\/\/anderskafka.cz\/eshop\/wp-content\/uploads\/sites\/3\/2023\/05\/Obrazek4.png 439w\" sizes=\"(max-width: 300px) 100vw, 300px\" \/><\/li>\n<\/ol>\n<p style=\"font-weight: 400\">Filtr m\u016f\u017eete vy\u010distit a znovu pou\u017e\u00edt. \u017divotnost filtru je cca jedna sez\u00f3na. Pro dosa\u017een\u00ed nejlep\u0161\u00edho v\u00fdsledku vym\u011b\u0148te filtr p\u0159i ka\u017ed\u00e9 v\u00fdm\u011bn\u011b vody. M\u016f\u017eete pou\u017e\u00edt dva filtry st\u0159\u00eddav\u011b. Kdy\u017e se jeden \u010dist\u00ed, druh\u00fd je p\u0159ipraven k pou\u017eit\u00ed.<\/p>\n<p style=\"font-weight: 400\">L\u00e1tkov\u00fd filtr zachycuje drobn\u00e9 ne\u010distoty z vody, u venkovn\u00ed v\u00ed\u0159ivky m\u016f\u017ee b\u00fdt ucp\u00e1n \u010d\u00e1sticemi v\u00e1pna z tvrd\u00e9 vody, co\u017e oslabuje pr\u016ftok vody. Chcete-li prodlou\u017eit \u017eivotnost l\u00e1tkov\u00e9ho filtru a zlep\u0161it jeho v\u00fdkon, proplachujte filtr pod tekouc\u00ed vodou 2\u20134kr\u00e1t za m\u011bs\u00edc.<\/p>\n<p style=\"font-weight: 400\">\u010ci\u0161t\u011bn\u00ed filtru:<\/p>\n<p style=\"font-weight: 400\">Vyjm\u011bte filtr z v\u00ed\u0159ivky.<br \/>\nFiltr opl\u00e1chn\u011bte pomoc\u00ed tekouc\u00ed \u010dist\u00e9 vody.<br \/>\nDejte vodu do kbel\u00edku a namo\u010dte filtr alespo\u0148 na t\u0159i hodiny.<br \/>\nPot\u00e9 filtr opl\u00e1chn\u011bte pomoc\u00ed tekouc\u00ed \u010dist\u00e9 vody.<br \/>\nNechte filtr vyschnout.<br \/>\nT\u00edmto zp\u016fsobem je filtr v\u017edy \u010dist\u00fd a p\u0159ipraven\u00fd k um\u00edst\u011bn\u00ed do v\u00ed\u0159ivky.<\/p>\n","protected":false},"excerpt":{"rendered":"<div>\n<p>Tato sada obsahuje 1 ks l\u00e1tkov\u00e9ho filtru. Filtr je vhodn\u00fd pro v\u0161echny typy elektricky vyh\u0159\u00edvan\u00fdch v\u00ed\u0159ivek Drop dodan\u00e9 do \u010cR po 1.5.2023.<\/p>\n<p>&nbsp;<\/p>\n<\/div>\n<div>\n<div>\n<div><\/div>\n<\/div>\n<\/div>\n","protected":false},"featured_media":3250,"comment_status":"open","ping_status":"closed","template":"","meta":{"site-sidebar-layout":"default","site-content-layout":"default","ast-main-header-display":"","ast-hfb-above-header-display":"","ast-hfb-below-header-display":"","ast-hfb-mobile-header-display":"disabled","site-post-title":"","ast-breadcrumbs-content":"","ast-featured-img":"","footer-sml-layout":"","theme-transparent-header-meta":"","adv-header-id-meta":"","stick-header-meta":"","header-above-stick-meta":"","header-main-stick-meta":"","header-below-stick-meta":""},"location":[],"product_cat":[1145],"product_tag":[1213,880],"yoast_head":"<!-- This site is optimized with the Yoast SEO plugin v18.5.1 - https:\/\/yoast.com\/wordpress\/plugins\/seo\/ -->\n<title>DROP sada n\u00e1hradn\u00edho l\u00e1tkov\u00e9ho filtru - Anders &amp; Kafka E-SHOP<\/title>\n<meta name=\"description\" content=\"Tato sada obsahuje 1 ks l\u00e1tkov\u00e9ho filtru. Filtr je vhodn\u00fd pro v\u0161echny typy elektricky vyh\u0159\u00edvan\u00fdch v\u00ed\u0159ivek Drop dodan\u00e9 do \u010cR po 1.5.2023.  &nbsp;\" \/>\n<meta name=\"robots\" content=\"index, follow, max-snippet:-1, max-image-preview:large, max-video-preview:-1\" \/>\n<link rel=\"canonical\" href=\"https:\/\/anderskafka.cz\/eshop\/produkt\/drop-sada-nahradniho-latkoveho-filtru-plaetco\/\" \/>\n<meta property=\"og:locale\" content=\"cs_CZ\" \/>\n<meta property=\"og:type\" content=\"article\" \/>\n<meta property=\"og:title\" content=\"DROP sada n\u00e1hradn\u00edho l\u00e1tkov\u00e9ho filtru - Anders &amp; Kafka E-SHOP\" \/>\n<meta property=\"og:description\" content=\"Tato sada obsahuje 1 ks l\u00e1tkov\u00e9ho filtru. Filtr je vhodn\u00fd pro v\u0161echny typy elektricky vyh\u0159\u00edvan\u00fdch v\u00ed\u0159ivek Drop dodan\u00e9 do \u010cR po 1.5.2023.  &nbsp;\" \/>\n<meta property=\"og:url\" content=\"https:\/\/anderskafka.cz\/eshop\/produkt\/drop-sada-nahradniho-latkoveho-filtru-plaetco\/\" \/>\n<meta property=\"og:site_name\" content=\"Anders &amp; Kafka E-SHOP\" \/>\n<meta property=\"article:modified_time\" content=\"2024-12-05T08:40:26+00:00\" \/>\n<meta property=\"og:image\" content=\"https:\/\/anderskafka.cz\/eshop\/wp-content\/uploads\/sites\/3\/2023\/05\/whirlpool-filter-pmt35.jpeg\" \/>\n\t<meta property=\"og:image:width\" content=\"420\" \/>\n\t<meta property=\"og:image:height\" content=\"420\" \/>\n\t<meta property=\"og:image:type\" content=\"image\/jpeg\" \/>\n<meta name=\"twitter:card\" content=\"summary_large_image\" \/>\n<meta name=\"twitter:label1\" content=\"Odhadovan\u00e1 doba \u010dten\u00ed\" \/>\n\t<meta name=\"twitter:data1\" content=\"2 minuty\" \/>\n<script type=\"application\/ld+json\" class=\"yoast-schema-graph\">{\"@context\":\"https:\/\/schema.org\",\"@graph\":[{\"@type\":\"WebSite\",\"@id\":\"https:\/\/anderskafka.cz\/eshop\/#website\",\"url\":\"https:\/\/anderskafka.cz\/eshop\/\",\"name\":\"Anders &amp; Kafka E-SHOP\",\"description\":\"Anders &amp; Kafka E-SHOP\",\"potentialAction\":[{\"@type\":\"SearchAction\",\"target\":{\"@type\":\"EntryPoint\",\"urlTemplate\":\"https:\/\/anderskafka.cz\/eshop\/?s={search_term_string}\"},\"query-input\":\"required name=search_term_string\"}],\"inLanguage\":\"cs\"},{\"@type\":\"ImageObject\",\"@id\":\"https:\/\/anderskafka.cz\/eshop\/produkt\/drop-sada-nahradniho-latkoveho-filtru-plaetco\/#primaryimage\",\"inLanguage\":\"cs\",\"url\":\"https:\/\/anderskafka.cz\/eshop\/wp-content\/uploads\/sites\/3\/2023\/05\/whirlpool-filter-pmt35.jpeg\",\"contentUrl\":\"https:\/\/anderskafka.cz\/eshop\/wp-content\/uploads\/sites\/3\/2023\/05\/whirlpool-filter-pmt35.jpeg\",\"width\":420,\"height\":420},{\"@type\":\"WebPage\",\"@id\":\"https:\/\/anderskafka.cz\/eshop\/produkt\/drop-sada-nahradniho-latkoveho-filtru-plaetco\/#webpage\",\"url\":\"https:\/\/anderskafka.cz\/eshop\/produkt\/drop-sada-nahradniho-latkoveho-filtru-plaetco\/\",\"name\":\"DROP sada n\u00e1hradn\u00edho l\u00e1tkov\u00e9ho filtru - Anders &amp; Kafka E-SHOP\",\"isPartOf\":{\"@id\":\"https:\/\/anderskafka.cz\/eshop\/#website\"},\"primaryImageOfPage\":{\"@id\":\"https:\/\/anderskafka.cz\/eshop\/produkt\/drop-sada-nahradniho-latkoveho-filtru-plaetco\/#primaryimage\"},\"datePublished\":\"2023-05-04T21:05:14+00:00\",\"dateModified\":\"2024-12-05T08:40:26+00:00\",\"description\":\"Tato sada obsahuje 1 ks l\u00e1tkov\u00e9ho filtru. Filtr je vhodn\u00fd pro v\u0161echny typy elektricky vyh\u0159\u00edvan\u00fdch v\u00ed\u0159ivek Drop dodan\u00e9 do \u010cR po 1.5.2023. &nbsp;\",\"breadcrumb\":{\"@id\":\"https:\/\/anderskafka.cz\/eshop\/produkt\/drop-sada-nahradniho-latkoveho-filtru-plaetco\/#breadcrumb\"},\"inLanguage\":\"cs\",\"potentialAction\":[{\"@type\":\"ReadAction\",\"target\":[\"https:\/\/anderskafka.cz\/eshop\/produkt\/drop-sada-nahradniho-latkoveho-filtru-plaetco\/\"]}]},{\"@type\":\"BreadcrumbList\",\"@id\":\"https:\/\/anderskafka.cz\/eshop\/produkt\/drop-sada-nahradniho-latkoveho-filtru-plaetco\/#breadcrumb\",\"itemListElement\":[{\"@type\":\"ListItem\",\"position\":1,\"name\":\"Obchod\",\"item\":\"https:\/\/anderskafka.cz\/eshop\/obchod\/\"},{\"@type\":\"ListItem\",\"position\":2,\"name\":\"DROP sada n\u00e1hradn\u00edho l\u00e1tkov\u00e9ho filtru\"}]}]}<\/script>\n<!-- \/ Yoast SEO plugin. -->","yoast_head_json":{"title":"DROP sada n\u00e1hradn\u00edho l\u00e1tkov\u00e9ho filtru - Anders &amp; Kafka E-SHOP","description":"Tato sada obsahuje 1 ks l\u00e1tkov\u00e9ho filtru. Filtr je vhodn\u00fd pro v\u0161echny typy elektricky vyh\u0159\u00edvan\u00fdch v\u00ed\u0159ivek Drop dodan\u00e9 do \u010cR po 1.5.2023.  &nbsp;","robots":{"index":"index","follow":"follow","max-snippet":"max-snippet:-1","max-image-preview":"max-image-preview:large","max-video-preview":"max-video-preview:-1"},"canonical":"https:\/\/anderskafka.cz\/eshop\/produkt\/drop-sada-nahradniho-latkoveho-filtru-plaetco\/","og_locale":"cs_CZ","og_type":"article","og_title":"DROP sada n\u00e1hradn\u00edho l\u00e1tkov\u00e9ho filtru - Anders &amp; Kafka E-SHOP","og_description":"Tato sada obsahuje 1 ks l\u00e1tkov\u00e9ho filtru. Filtr je vhodn\u00fd pro v\u0161echny typy elektricky vyh\u0159\u00edvan\u00fdch v\u00ed\u0159ivek Drop dodan\u00e9 do \u010cR po 1.5.2023.  &nbsp;","og_url":"https:\/\/anderskafka.cz\/eshop\/produkt\/drop-sada-nahradniho-latkoveho-filtru-plaetco\/","og_site_name":"Anders &amp; Kafka E-SHOP","article_modified_time":"2024-12-05T08:40:26+00:00","og_image":[{"width":420,"height":420,"url":"https:\/\/anderskafka.cz\/eshop\/wp-content\/uploads\/sites\/3\/2023\/05\/whirlpool-filter-pmt35.jpeg","type":"image\/jpeg"}],"twitter_card":"summary_large_image","twitter_misc":{"Odhadovan\u00e1 doba \u010dten\u00ed":"2 minuty"},"schema":{"@context":"https:\/\/schema.org","@graph":[{"@type":"WebSite","@id":"https:\/\/anderskafka.cz\/eshop\/#website","url":"https:\/\/anderskafka.cz\/eshop\/","name":"Anders &amp; Kafka E-SHOP","description":"Anders &amp; Kafka E-SHOP","potentialAction":[{"@type":"SearchAction","target":{"@type":"EntryPoint","urlTemplate":"https:\/\/anderskafka.cz\/eshop\/?s={search_term_string}"},"query-input":"required name=search_term_string"}],"inLanguage":"cs"},{"@type":"ImageObject","@id":"https:\/\/anderskafka.cz\/eshop\/produkt\/drop-sada-nahradniho-latkoveho-filtru-plaetco\/#primaryimage","inLanguage":"cs","url":"https:\/\/anderskafka.cz\/eshop\/wp-content\/uploads\/sites\/3\/2023\/05\/whirlpool-filter-pmt35.jpeg","contentUrl":"https:\/\/anderskafka.cz\/eshop\/wp-content\/uploads\/sites\/3\/2023\/05\/whirlpool-filter-pmt35.jpeg","width":420,"height":420},{"@type":"WebPage","@id":"https:\/\/anderskafka.cz\/eshop\/produkt\/drop-sada-nahradniho-latkoveho-filtru-plaetco\/#webpage","url":"https:\/\/anderskafka.cz\/eshop\/produkt\/drop-sada-nahradniho-latkoveho-filtru-plaetco\/","name":"DROP sada n\u00e1hradn\u00edho l\u00e1tkov\u00e9ho filtru - Anders &amp; Kafka E-SHOP","isPartOf":{"@id":"https:\/\/anderskafka.cz\/eshop\/#website"},"primaryImageOfPage":{"@id":"https:\/\/anderskafka.cz\/eshop\/produkt\/drop-sada-nahradniho-latkoveho-filtru-plaetco\/#primaryimage"},"datePublished":"2023-05-04T21:05:14+00:00","dateModified":"2024-12-05T08:40:26+00:00","description":"Tato sada obsahuje 1 ks l\u00e1tkov\u00e9ho filtru. Filtr je vhodn\u00fd pro v\u0161echny typy elektricky vyh\u0159\u00edvan\u00fdch v\u00ed\u0159ivek Drop dodan\u00e9 do \u010cR po 1.5.2023. &nbsp;","breadcrumb":{"@id":"https:\/\/anderskafka.cz\/eshop\/produkt\/drop-sada-nahradniho-latkoveho-filtru-plaetco\/#breadcrumb"},"inLanguage":"cs","potentialAction":[{"@type":"ReadAction","target":["https:\/\/anderskafka.cz\/eshop\/produkt\/drop-sada-nahradniho-latkoveho-filtru-plaetco\/"]}]},{"@type":"BreadcrumbList","@id":"https:\/\/anderskafka.cz\/eshop\/produkt\/drop-sada-nahradniho-latkoveho-filtru-plaetco\/#breadcrumb","itemListElement":[{"@type":"ListItem","position":1,"name":"Obchod","item":"https:\/\/anderskafka.cz\/eshop\/obchod\/"},{"@type":"ListItem","position":2,"name":"DROP sada n\u00e1hradn\u00edho l\u00e1tkov\u00e9ho filtru"}]}]}},"locations":[],"_links":{"self":[{"href":"https:\/\/anderskafka.cz\/eshop\/wp-json\/wp\/v2\/product\/3249"}],"collection":[{"href":"https:\/\/anderskafka.cz\/eshop\/wp-json\/wp\/v2\/product"}],"about":[{"href":"https:\/\/anderskafka.cz\/eshop\/wp-json\/wp\/v2\/types\/product"}],"replies":[{"embeddable":true,"href":"https:\/\/anderskafka.cz\/eshop\/wp-json\/wp\/v2\/comments?post=3249"}],"wp:featuredmedia":[{"embeddable":true,"href":"https:\/\/anderskafka.cz\/eshop\/wp-json\/wp\/v2\/media\/3250"}],"wp:attachment":[{"href":"https:\/\/anderskafka.cz\/eshop\/wp-json\/wp\/v2\/media?parent=3249"}],"wp:term":[{"taxonomy":"location","embeddable":true,"href":"https:\/\/anderskafka.cz\/eshop\/wp-json\/wp\/v2\/location?post=3249"},{"taxonomy":"product_cat","embeddable":true,"href":"https:\/\/anderskafka.cz\/eshop\/wp-json\/wp\/v2\/product_cat?post=3249"},{"taxonomy":"product_tag","embeddable":true,"href":"https:\/\/anderskafka.cz\/eshop\/wp-json\/wp\/v2\/product_tag?post=3249"}],"curies":[{"name":"wp","href":"https:\/\/api.w.org\/{rel}","templated":true}]}}