{"id":3396,"date":"2023-05-15T12:11:33","date_gmt":"2023-05-15T10:11:33","guid":{"rendered":"https:\/\/anderskafka.cz\/eshop\/?post_type=product&#038;p=3396"},"modified":"2026-03-25T12:51:25","modified_gmt":"2026-03-25T11:51:25","slug":"hojdavak-maximus-zavesne-relaxacni-kreslo-140-kg","status":"publish","type":"product","link":"https:\/\/anderskafka.cz\/eshop\/produkt\/hojdavak-maximus-zavesne-relaxacni-kreslo-140-kg\/","title":{"rendered":"HOJDAVAK MAXIMUS z\u00e1v\u011bsn\u00e9 relaxa\u010dn\u00ed k\u0159eslo 140 kg"},"content":{"rendered":"<div>\n<p>Houpac\u00ed k\u0159eslo i pro dosp\u011bl\u00e9 do 140 kg vhodn\u00e9 do interi\u00e9ru nebo exteri\u00e9ru dle V\u00e1mi vybran\u00e9 varianty.<\/p>\n<p>Hojdavak <strong>MAXIMUS<\/strong> je <strong>z\u00e1v\u011bsn\u00e9 textiln\u00ed k\u0159eslo ur\u010den\u00e9 i pro dosp\u011bl\u00e9<\/strong>, kter\u00e9 se vyr\u00e1b\u00ed v \u010cesk\u00e9 republice dle vlastn\u00edho n\u00e1vrhu spole\u010dnosti Hojdavak. D\u00edky kvalitn\u00ed matraci a pol\u0161t\u00e1\u0159ku si v n\u011bm m\u016f\u017eete pohodln\u011b odpo\u010dinout, p\u0159e\u010d\u00edst kn\u00ed\u017eku \u010di jinak zrelaxovat. Maximus tak nahrazuje k\u0159eslo nebo leno\u0161ku.<\/p>\n<p>K v\u00fdrob\u011b se pou\u017e\u00edv\u00e1 u varianty vhodn\u00e9 do interi\u00e9ru: sm\u011bs\u00a0<strong>35% bavlny\/65% polyester<\/strong>, u varianty vhodn\u00e9 do exteri\u00e9ru: kvalitn\u00ed tkanina <strong>ze\u00a0<\/strong><strong>100% polyesteru s vodoodpudivou \u00fapravou.<\/strong> <strong>D\u0159ev\u011bn\u00e9 \u010d\u00e1sti jsou <\/strong>u\u00a0<strong>extern\u00ed <\/strong>varianty<strong> naimpregnovan\u00e9<\/strong> Osmo olejem. <strong>Houpadlo je tak vhodn\u00e9 pro venkovn\u00ed pou\u017eit\u00ed.\u00a0<\/strong>Vaky se \u0161ij\u00ed<strong>\u00a0z dvojit\u00e9 l\u00e1tky <\/strong>pro Va\u0161i bezpe\u010dnost, pohodl\u00ed a p\u0159\u00edjemn\u00fd vzhled houpadla. Ostatn\u00ed \u010d\u00e1sti se vyr\u00e1b\u011bj\u00ed na zak\u00e1zku nebo nakupuj\u00ed od \u010desk\u00fdch dodavatel\u016f. Koup\u00ed v\u00fdrobku podpo\u0159\u00edte rozvoj chr\u00e1n\u011bn\u00fdch d\u00edlen.<\/p>\n<p>Houpadlo Hojdavak MAXIMUS slou\u017e\u00ed k\u00a0<strong>houp\u00e1n\u00ed, sezen\u00ed a le\u017een\u00ed<\/strong><strong>.<\/strong><\/p>\n<ul>\n<li>houp\u00e1n\u00ed m\u00e1 blahod\u00e1rn\u00fd vliv na lidsk\u00fd organismus &#8211; zklid\u0148uje a uvol\u0148uje svalov\u00e9 i my\u0161lenkov\u00e9 nap\u011bt\u00ed, dod\u00e1v\u00e1 pocit klidu a pohody<\/li>\n<li>houp\u00e1n\u00ed je \u010dist\u00e1 radost pro d\u011bti i dosp\u011bl\u00e1ky &#8211; za\u017eijte ji ka\u017ed\u00fd den!<\/li>\n<li>pohodln\u00fd a prostorn\u00fd i pro MU\u017dE<\/li>\n<li>aktivn\u00ed z\u00e1bava i intimn\u00ed chv\u00edle s celou rodinou<\/li>\n<li>jednoduch\u00e1 \u00fadr\u017eba, dlouh\u00e1 \u017eivotnost, jednoduch\u00fd design<\/li>\n<li><strong>varianty pro INDOOR<\/strong> (do bytu\/domu) <strong>a OUTDOOR <\/strong>(na zahradu)<\/li>\n<\/ul>\n<h3>PRODUKT OBSAHUJE<\/h3>\n<ul>\n<li>textiln\u00ed vak dle zvolen\u00e9 varianty &#8211; d\u00e9lka vaku v m\u00edst\u011b le\u017een\u00ed je 140 cm<\/li>\n<li>matrace ze zdravotn\u011b nez\u00e1vadn\u00e9 PUR p\u011bny &#8211; rozm\u011br 140 x 40 cm<\/li>\n<li>potah na matraci ze 100% polyesteru s voduoodpudivou \u00fapravou u extern\u00ed varianty<\/li>\n<li>d\u0159ev\u011bn\u00e1 rozp\u011bra z tvrd\u00e9ho buku\u00a0&#8211; d\u00e9lka 100 cm\n<ul>\n<li>Indoor nelakovan\u00e1<\/li>\n<li>Outdoor o\u0161et\u0159ena OSMO UV ochrann\u00fdm bezbarv\u00fdm olejem vyroben\u00fdm na z\u00e1klad\u011b p\u0159\u00edrodn\u00edch olej\u016f<\/li>\n<\/ul>\n<\/li>\n<li>2 ks d\u0159ev\u011bn\u00fdch nosnic z tvrd\u00e9ho buku &#8211; d\u00e9lka 40 cm\n<ul>\n<li>Indoor nelakovan\u00e9<\/li>\n<li>Outdoor\u00a0o\u0161et\u0159eny OSMO UV ochrann\u00fdm bezbarv\u00fdm olejem vyroben\u00fdm na z\u00e1klad\u011b p\u0159\u00edrodn\u00edch olej\u016f<\/li>\n<\/ul>\n<\/li>\n<li>karabina<\/li>\n<li>polypropylenov\u00e9 lano s j\u00e1drem o pr\u016fm. 8 mm<\/li>\n<li>pol\u0161t\u00e1\u0159ek s potahem na zip (30&#215;50 cm) v barv\u011b vaku, u extern\u00ed varianty vyroben\u00fd ze 100% polyesteru s vodoodpudivou \u00fapravou (30&#215;50 cm)<\/li>\n<li>n\u00e1vod k pou\u017eit\u00ed<\/li>\n<li>obal z netkan\u00e9 text\u00edlie<\/li>\n<\/ul>\n<h3>KAM ZAV\u011aSIT<\/h3>\n<p>Houpadlo nahrazuje k\u0159eslo nebo leno\u0161ku. Ide\u00e1ln\u00ed pro zav\u011b\u0161en\u00ed je i zahrada (na strom), terasa \u010di lod\u017eie. Zkr\u00e1tka v\u0161ude tam, kde r\u00e1di odpo\u010d\u00edv\u00e1te.<\/p>\n<\/div>\n<h3>JAK ZAV\u011aSIT<\/h3>\n<p>Pro <strong>bezpe\u010dnou instalaci<\/strong> kotevn\u00ed techniky do stropu doporu\u010dujeme <strong>konzultaci s odborn\u00edky ve specializovan\u00fdch obdchodech s kotevn\u00ed technikou<\/strong>, kte\u0159\u00ed V\u00e1m ochotn\u011b porad\u00ed konkr\u00e9tn\u00ed \u0159e\u0161en\u00ed, kter\u00e9 pak m\u016f\u017eete zakoupit u nich v obchodu nebo v hobby marketech. Velice z\u00e1le\u017e\u00ed na materi\u00e1lu ve stropu (beton, cihla, d\u0159evo, s\u00e1drokarton,&#8230;.) a jeho vlastnostech jako je drolivost nebo p\u00f3rovitost. <strong>Skoro na v\u0161e ale existuje \u0159e\u0161en\u00ed \ud83d\ude42<\/strong><\/p>\n<h3>\u00daDR\u017dBA<\/h3>\n<p>Pro dlouhou \u017eivotnost pe\u010dujte o v\u00fdrobek dle <strong>N\u00e1vodu k pou\u017eit\u00ed<\/strong>. V p\u0159\u00edpad\u011b vyu\u017e\u00edv\u00e1n\u00ed houpadla v exteri\u00e9ru chra\u0148te houpadlo p\u0159ed de\u0161t\u011bm a extr\u00e9mn\u00edmi pov\u011btrnostn\u00edmi vlivy.<\/p>\n<h3>D\u016eLE\u017dIT\u00c9! BEZPE\u010cNOSTN\u00cd V\u00ddSTRAHA<\/h3>\n<p>\u2022 <strong>Pe\u010dliv\u011b si p\u0159e\u010dt\u011bte n\u00e1vod k pou\u017eit\u00ed<\/strong> a v\u00fdrobek pou\u017e\u00edvejte dle uveden\u00fdch pokyn\u016f \u2013 jak\u00e9koliv \u00fapravy a zm\u011bny v\u00fdrobku, kter\u00e9 maj\u00ed negativn\u00ed vliv na bezpe\u010dnost a ochranu zdrav\u00ed, jsou zak\u00e1z\u00e1ny. Nezav\u011b\u0161ujte houpadlo v bl\u00edzkosti ohn\u011b nebo jin\u00fdch tepeln\u00fdch zdroj\u016f.<\/p>\n<p>\u2022 <strong>Nenech\u00e1vejte d\u00edt\u011b bez dozoru.<\/strong><\/p>\n<p>\u2022 <strong>Nep\u0159ekra\u010dujte povolenou nosnost 140 kg<\/strong> \u2013 v\u00fdrobce neru\u010d\u00ed za jak\u00e9koliv nehody.<\/p>\n<p>\u2022 <strong>Kontrolujte pravideln\u011b stav pou\u017eit\u00fdch lan<\/strong> \u2013 mus\u00ed b\u00fdt v perfektn\u00edm stavu, nesm\u00ed doch\u00e1zet k mechanick\u00e9mu opot\u0159eben\u00ed. V p\u0159\u00edpad\u011b zji\u0161t\u011bn\u00ed i minim\u00e1ln\u00edho po\u0161kozen\u00ed lano okam\u017eit\u011b vym\u011b\u0148te!<\/p>\n<p>\u2022 <strong>Kontrolujte pravideln\u011b pevnost zp\u016fsobu zav\u011b\u0161en\u00ed<\/strong> \u2013 houpadlo um\u00edst\u011bte jen na m\u00edsta, kter\u00e1 bezpe\u010dn\u011b udr\u017e\u00ed vzniklou z\u00e1t\u011b\u017e. Pozor na s\u00e1drokartonov\u00e9 stropy \u010di jin\u00e9 obklady. V tomto p\u0159\u00edpad\u011b zav\u011b\u0161en\u00ed v\u017edy konzultujte s odborn\u00edkem. Pevnost vrut\u016f a dr\u017e\u00e1k\u016f zkontrolujte z\u00e1t\u011b\u017eov\u00fdm testem s vyu\u017eit\u00edm vlastn\u00ed v\u00e1hy.<\/p>\n<p>\u2022 <strong>Obaly<\/strong> \u2013 plastov\u00e9 s\u00e1\u010dky a dal\u0161\u00ed obaly mus\u00ed b\u00fdt po rozbalen\u00ed v\u00fdrobku mimo dosah d\u011bt\u00ed do 3 let.<\/p>\n","protected":false},"excerpt":{"rendered":"<div>\n<p>Houpac\u00ed k\u0159eslo pro dosp\u011bl\u00e9 do 140 kg vhodn\u00e9 do interi\u00e9ru nebo exteri\u00e9ru dle V\u00e1mi vybran\u00e9 varianty.<\/p>\n<p>Hojdavak <strong>MAXIMUS<\/strong> je <strong>z\u00e1v\u011bsn\u00e9 textiln\u00ed k\u0159eslo ur\u010den\u00e9 i pro dosp\u011bl\u00e9<\/strong>, kter\u00e9 se vyr\u00e1b\u00ed v \u010cesku dle vlastn\u00edho n\u00e1vrhu spole\u010dnosti Hojdavak. D\u00edky kvalitn\u00ed matraci a pol\u0161t\u00e1\u0159ku si v n\u011bm m\u016f\u017eete pohodln\u011b odpo\u010dinout, p\u0159e\u010d\u00edst kn\u00ed\u017eku, \u010di jinak zrelaxovat. Maximus tak nahrazuje k\u0159eslo nebo leno\u0161ku.<\/p>\n<p>&nbsp;<\/p>\n<\/div>\n<p><img loading=\"lazy\" class=\"size-medium wp-image-3397 aligncenter\" src=\"https:\/\/anderskafka.cz\/eshop\/wp-content\/uploads\/sites\/3\/2023\/05\/hojdavak-logo-color-300x58.png\" alt=\"\" width=\"300\" height=\"58\" srcset=\"https:\/\/anderskafka.cz\/eshop\/wp-content\/uploads\/sites\/3\/2023\/05\/hojdavak-logo-color-300x58.png 300w, https:\/\/anderskafka.cz\/eshop\/wp-content\/uploads\/sites\/3\/2023\/05\/hojdavak-logo-color-1024x199.png 1024w, https:\/\/anderskafka.cz\/eshop\/wp-content\/uploads\/sites\/3\/2023\/05\/hojdavak-logo-color-768x150.png 768w, https:\/\/anderskafka.cz\/eshop\/wp-content\/uploads\/sites\/3\/2023\/05\/hojdavak-logo-color-1536x299.png 1536w, https:\/\/anderskafka.cz\/eshop\/wp-content\/uploads\/sites\/3\/2023\/05\/hojdavak-logo-color-700x136.png 700w, https:\/\/anderskafka.cz\/eshop\/wp-content\/uploads\/sites\/3\/2023\/05\/hojdavak-logo-color-64x12.png 64w, https:\/\/anderskafka.cz\/eshop\/wp-content\/uploads\/sites\/3\/2023\/05\/hojdavak-logo-color.png 1920w\" sizes=\"(max-width: 300px) 100vw, 300px\" \/><\/p>\n<div>\n<p>&nbsp;<\/p>\n<\/div>\n<div><\/div>\n<div><\/div>\n<div><\/div>\n<p>&nbsp;<\/p>\n<p><strong>Zde si, pros\u00edm, nakonfigurujte V\u00e1\u0161 Hojdavak. Kliknut\u00edm na dan\u00fd obr\u00e1zek zvolte d\u0159evinu, textiln\u00ed vak pro vnit\u0159n\u00ed (kryt\u00e9) nebo venkovn\u00ed (nekryt\u00e9) um\u00edst\u011bn\u00ed a barvu Va\u0161eho nov\u00e9ho Hojdavaku.<\/strong><\/p>\n<div><\/div>\n<div>\n<p>&nbsp;<\/p>\n<\/div>\n","protected":false},"featured_media":3454,"comment_status":"open","ping_status":"closed","template":"","meta":{"site-sidebar-layout":"default","site-content-layout":"default","ast-main-header-display":"","ast-hfb-above-header-display":"","ast-hfb-below-header-display":"","ast-hfb-mobile-header-display":"","site-post-title":"","ast-breadcrumbs-content":"","ast-featured-img":"","footer-sml-layout":"","theme-transparent-header-meta":"","adv-header-id-meta":"","stick-header-meta":"","header-above-stick-meta":"","header-main-stick-meta":"","header-below-stick-meta":""},"location":[],"product_cat":[902],"product_tag":[911],"yoast_head":"<!-- This site is optimized with the Yoast SEO plugin v18.5.1 - https:\/\/yoast.com\/wordpress\/plugins\/seo\/ -->\n<title>HOJDAVAK MAXIMUS z\u00e1v\u011bsn\u00e9 relaxa\u010dn\u00ed k\u0159eslo 140 kg - Anders &amp; Kafka E-SHOP<\/title>\n<meta name=\"description\" content=\"Houpac\u00ed k\u0159eslo pro dosp\u011bl\u00e9 do 140 kg vhodn\u00e9 do interi\u00e9ru nebo exteri\u00e9ru dle V\u00e1mi vybran\u00e9 varianty.  Hojdavak MAXIMUS je z\u00e1v\u011bsn\u00e9 textiln\u00ed k\u0159eslo ur\u010den\u00e9 i pro dosp\u011bl\u00e9, kter\u00e9 se vyr\u00e1b\u00ed v \u010cesku dle vlastn\u00edho n\u00e1vrhu spole\u010dnosti Hojdavak. D\u00edky kvalitn\u00ed matraci a pol\u0161t\u00e1\u0159ku si v n\u011bm m\u016f\u017eete pohodln\u011b odpo\u010dinout, p\u0159e\u010d\u00edst kn\u00ed\u017eku, \u010di jinak zrelaxovat. Maximus tak nahrazuje k\u0159eslo nebo leno\u0161ku.  &nbsp;      &nbsp;      &nbsp;  Zde si, pros\u00edm, nakonfigurujte V\u00e1\u0161 Hojdavak. Kliknut\u00edm na dan\u00fd obr\u00e1zek zvolte d\u0159evinu, textiln\u00ed vak pro vnit\u0159n\u00ed (kryt\u00e9) nebo venkovn\u00ed (nekryt\u00e9) um\u00edst\u011bn\u00ed a barvu Va\u0161eho nov\u00e9ho Hojdavaku.    &nbsp;\" \/>\n<meta name=\"robots\" content=\"index, follow, max-snippet:-1, max-image-preview:large, max-video-preview:-1\" \/>\n<link rel=\"canonical\" href=\"https:\/\/anderskafka.cz\/eshop\/produkt\/hojdavak-maximus-zavesne-relaxacni-kreslo-140-kg\/\" \/>\n<meta property=\"og:locale\" content=\"cs_CZ\" \/>\n<meta property=\"og:type\" content=\"article\" \/>\n<meta property=\"og:title\" content=\"HOJDAVAK MAXIMUS z\u00e1v\u011bsn\u00e9 relaxa\u010dn\u00ed k\u0159eslo 140 kg - Anders &amp; Kafka E-SHOP\" \/>\n<meta property=\"og:description\" content=\"Houpac\u00ed k\u0159eslo pro dosp\u011bl\u00e9 do 140 kg vhodn\u00e9 do interi\u00e9ru nebo exteri\u00e9ru dle V\u00e1mi vybran\u00e9 varianty.  Hojdavak MAXIMUS je z\u00e1v\u011bsn\u00e9 textiln\u00ed k\u0159eslo ur\u010den\u00e9 i pro dosp\u011bl\u00e9, kter\u00e9 se vyr\u00e1b\u00ed v \u010cesku dle vlastn\u00edho n\u00e1vrhu spole\u010dnosti Hojdavak. D\u00edky kvalitn\u00ed matraci a pol\u0161t\u00e1\u0159ku si v n\u011bm m\u016f\u017eete pohodln\u011b odpo\u010dinout, p\u0159e\u010d\u00edst kn\u00ed\u017eku, \u010di jinak zrelaxovat. Maximus tak nahrazuje k\u0159eslo nebo leno\u0161ku.  &nbsp;      &nbsp;      &nbsp;  Zde si, pros\u00edm, nakonfigurujte V\u00e1\u0161 Hojdavak. Kliknut\u00edm na dan\u00fd obr\u00e1zek zvolte d\u0159evinu, textiln\u00ed vak pro vnit\u0159n\u00ed (kryt\u00e9) nebo venkovn\u00ed (nekryt\u00e9) um\u00edst\u011bn\u00ed a barvu Va\u0161eho nov\u00e9ho Hojdavaku.    &nbsp;\" \/>\n<meta property=\"og:url\" content=\"https:\/\/anderskafka.cz\/eshop\/produkt\/hojdavak-maximus-zavesne-relaxacni-kreslo-140-kg\/\" \/>\n<meta property=\"og:site_name\" content=\"Anders &amp; Kafka E-SHOP\" \/>\n<meta property=\"article:modified_time\" content=\"2026-03-25T11:51:25+00:00\" \/>\n<meta property=\"og:image\" content=\"https:\/\/anderskafka.cz\/eshop\/wp-content\/uploads\/sites\/3\/2023\/05\/hojdavak-midi-predni-bezovy-2.jpg\" \/>\n\t<meta property=\"og:image:width\" content=\"533\" \/>\n\t<meta property=\"og:image:height\" content=\"799\" \/>\n\t<meta property=\"og:image:type\" content=\"image\/jpeg\" \/>\n<meta name=\"twitter:card\" content=\"summary_large_image\" \/>\n<meta name=\"twitter:label1\" content=\"Odhadovan\u00e1 doba \u010dten\u00ed\" \/>\n\t<meta name=\"twitter:data1\" content=\"4 minuty\" \/>\n<script type=\"application\/ld+json\" class=\"yoast-schema-graph\">{\"@context\":\"https:\/\/schema.org\",\"@graph\":[{\"@type\":\"WebSite\",\"@id\":\"https:\/\/anderskafka.cz\/eshop\/#website\",\"url\":\"https:\/\/anderskafka.cz\/eshop\/\",\"name\":\"Anders &amp; Kafka E-SHOP\",\"description\":\"Anders &amp; Kafka E-SHOP\",\"potentialAction\":[{\"@type\":\"SearchAction\",\"target\":{\"@type\":\"EntryPoint\",\"urlTemplate\":\"https:\/\/anderskafka.cz\/eshop\/?s={search_term_string}\"},\"query-input\":\"required name=search_term_string\"}],\"inLanguage\":\"cs\"},{\"@type\":\"ImageObject\",\"@id\":\"https:\/\/anderskafka.cz\/eshop\/produkt\/hojdavak-maximus-zavesne-relaxacni-kreslo-140-kg\/#primaryimage\",\"inLanguage\":\"cs\",\"url\":\"https:\/\/anderskafka.cz\/eshop\/wp-content\/uploads\/sites\/3\/2023\/05\/hojdavak-midi-predni-bezovy-2.jpg\",\"contentUrl\":\"https:\/\/anderskafka.cz\/eshop\/wp-content\/uploads\/sites\/3\/2023\/05\/hojdavak-midi-predni-bezovy-2.jpg\",\"width\":533,\"height\":799},{\"@type\":\"WebPage\",\"@id\":\"https:\/\/anderskafka.cz\/eshop\/produkt\/hojdavak-maximus-zavesne-relaxacni-kreslo-140-kg\/#webpage\",\"url\":\"https:\/\/anderskafka.cz\/eshop\/produkt\/hojdavak-maximus-zavesne-relaxacni-kreslo-140-kg\/\",\"name\":\"HOJDAVAK MAXIMUS z\u00e1v\u011bsn\u00e9 relaxa\u010dn\u00ed k\u0159eslo 140 kg - Anders &amp; Kafka E-SHOP\",\"isPartOf\":{\"@id\":\"https:\/\/anderskafka.cz\/eshop\/#website\"},\"primaryImageOfPage\":{\"@id\":\"https:\/\/anderskafka.cz\/eshop\/produkt\/hojdavak-maximus-zavesne-relaxacni-kreslo-140-kg\/#primaryimage\"},\"datePublished\":\"2023-05-15T10:11:33+00:00\",\"dateModified\":\"2026-03-25T11:51:25+00:00\",\"description\":\"Houpac\u00ed k\u0159eslo pro dosp\u011bl\u00e9 do 140 kg vhodn\u00e9 do interi\u00e9ru nebo exteri\u00e9ru dle V\u00e1mi vybran\u00e9 varianty. Hojdavak MAXIMUS je z\u00e1v\u011bsn\u00e9 textiln\u00ed k\u0159eslo ur\u010den\u00e9 i pro dosp\u011bl\u00e9, kter\u00e9 se vyr\u00e1b\u00ed v \u010cesku dle vlastn\u00edho n\u00e1vrhu spole\u010dnosti Hojdavak. D\u00edky kvalitn\u00ed matraci a pol\u0161t\u00e1\u0159ku si v n\u011bm m\u016f\u017eete pohodln\u011b odpo\u010dinout, p\u0159e\u010d\u00edst kn\u00ed\u017eku, \u010di jinak zrelaxovat. Maximus tak nahrazuje k\u0159eslo nebo leno\u0161ku. &nbsp; &nbsp; &nbsp; Zde si, pros\u00edm, nakonfigurujte V\u00e1\u0161 Hojdavak. Kliknut\u00edm na dan\u00fd obr\u00e1zek zvolte d\u0159evinu, textiln\u00ed vak pro vnit\u0159n\u00ed (kryt\u00e9) nebo venkovn\u00ed (nekryt\u00e9) um\u00edst\u011bn\u00ed a barvu Va\u0161eho nov\u00e9ho Hojdavaku. &nbsp;\",\"breadcrumb\":{\"@id\":\"https:\/\/anderskafka.cz\/eshop\/produkt\/hojdavak-maximus-zavesne-relaxacni-kreslo-140-kg\/#breadcrumb\"},\"inLanguage\":\"cs\",\"potentialAction\":[{\"@type\":\"ReadAction\",\"target\":[\"https:\/\/anderskafka.cz\/eshop\/produkt\/hojdavak-maximus-zavesne-relaxacni-kreslo-140-kg\/\"]}]},{\"@type\":\"BreadcrumbList\",\"@id\":\"https:\/\/anderskafka.cz\/eshop\/produkt\/hojdavak-maximus-zavesne-relaxacni-kreslo-140-kg\/#breadcrumb\",\"itemListElement\":[{\"@type\":\"ListItem\",\"position\":1,\"name\":\"Obchod\",\"item\":\"https:\/\/anderskafka.cz\/eshop\/obchod\/\"},{\"@type\":\"ListItem\",\"position\":2,\"name\":\"HOJDAVAK MAXIMUS z\u00e1v\u011bsn\u00e9 relaxa\u010dn\u00ed k\u0159eslo 140 kg\"}]}]}<\/script>\n<!-- \/ Yoast SEO plugin. -->","yoast_head_json":{"title":"HOJDAVAK MAXIMUS z\u00e1v\u011bsn\u00e9 relaxa\u010dn\u00ed k\u0159eslo 140 kg - Anders &amp; Kafka E-SHOP","description":"Houpac\u00ed k\u0159eslo pro dosp\u011bl\u00e9 do 140 kg vhodn\u00e9 do interi\u00e9ru nebo exteri\u00e9ru dle V\u00e1mi vybran\u00e9 varianty.  Hojdavak MAXIMUS je z\u00e1v\u011bsn\u00e9 textiln\u00ed k\u0159eslo ur\u010den\u00e9 i pro dosp\u011bl\u00e9, kter\u00e9 se vyr\u00e1b\u00ed v \u010cesku dle vlastn\u00edho n\u00e1vrhu spole\u010dnosti Hojdavak. D\u00edky kvalitn\u00ed matraci a pol\u0161t\u00e1\u0159ku si v n\u011bm m\u016f\u017eete pohodln\u011b odpo\u010dinout, p\u0159e\u010d\u00edst kn\u00ed\u017eku, \u010di jinak zrelaxovat. Maximus tak nahrazuje k\u0159eslo nebo leno\u0161ku.  &nbsp;      &nbsp;      &nbsp;  Zde si, pros\u00edm, nakonfigurujte V\u00e1\u0161 Hojdavak. Kliknut\u00edm na dan\u00fd obr\u00e1zek zvolte d\u0159evinu, textiln\u00ed vak pro vnit\u0159n\u00ed (kryt\u00e9) nebo venkovn\u00ed (nekryt\u00e9) um\u00edst\u011bn\u00ed a barvu Va\u0161eho nov\u00e9ho Hojdavaku.    &nbsp;","robots":{"index":"index","follow":"follow","max-snippet":"max-snippet:-1","max-image-preview":"max-image-preview:large","max-video-preview":"max-video-preview:-1"},"canonical":"https:\/\/anderskafka.cz\/eshop\/produkt\/hojdavak-maximus-zavesne-relaxacni-kreslo-140-kg\/","og_locale":"cs_CZ","og_type":"article","og_title":"HOJDAVAK MAXIMUS z\u00e1v\u011bsn\u00e9 relaxa\u010dn\u00ed k\u0159eslo 140 kg - Anders &amp; Kafka E-SHOP","og_description":"Houpac\u00ed k\u0159eslo pro dosp\u011bl\u00e9 do 140 kg vhodn\u00e9 do interi\u00e9ru nebo exteri\u00e9ru dle V\u00e1mi vybran\u00e9 varianty.  Hojdavak MAXIMUS je z\u00e1v\u011bsn\u00e9 textiln\u00ed k\u0159eslo ur\u010den\u00e9 i pro dosp\u011bl\u00e9, kter\u00e9 se vyr\u00e1b\u00ed v \u010cesku dle vlastn\u00edho n\u00e1vrhu spole\u010dnosti Hojdavak. D\u00edky kvalitn\u00ed matraci a pol\u0161t\u00e1\u0159ku si v n\u011bm m\u016f\u017eete pohodln\u011b odpo\u010dinout, p\u0159e\u010d\u00edst kn\u00ed\u017eku, \u010di jinak zrelaxovat. Maximus tak nahrazuje k\u0159eslo nebo leno\u0161ku.  &nbsp;      &nbsp;      &nbsp;  Zde si, pros\u00edm, nakonfigurujte V\u00e1\u0161 Hojdavak. Kliknut\u00edm na dan\u00fd obr\u00e1zek zvolte d\u0159evinu, textiln\u00ed vak pro vnit\u0159n\u00ed (kryt\u00e9) nebo venkovn\u00ed (nekryt\u00e9) um\u00edst\u011bn\u00ed a barvu Va\u0161eho nov\u00e9ho Hojdavaku.    &nbsp;","og_url":"https:\/\/anderskafka.cz\/eshop\/produkt\/hojdavak-maximus-zavesne-relaxacni-kreslo-140-kg\/","og_site_name":"Anders &amp; Kafka E-SHOP","article_modified_time":"2026-03-25T11:51:25+00:00","og_image":[{"width":533,"height":799,"url":"https:\/\/anderskafka.cz\/eshop\/wp-content\/uploads\/sites\/3\/2023\/05\/hojdavak-midi-predni-bezovy-2.jpg","type":"image\/jpeg"}],"twitter_card":"summary_large_image","twitter_misc":{"Odhadovan\u00e1 doba \u010dten\u00ed":"4 minuty"},"schema":{"@context":"https:\/\/schema.org","@graph":[{"@type":"WebSite","@id":"https:\/\/anderskafka.cz\/eshop\/#website","url":"https:\/\/anderskafka.cz\/eshop\/","name":"Anders &amp; Kafka E-SHOP","description":"Anders &amp; Kafka E-SHOP","potentialAction":[{"@type":"SearchAction","target":{"@type":"EntryPoint","urlTemplate":"https:\/\/anderskafka.cz\/eshop\/?s={search_term_string}"},"query-input":"required name=search_term_string"}],"inLanguage":"cs"},{"@type":"ImageObject","@id":"https:\/\/anderskafka.cz\/eshop\/produkt\/hojdavak-maximus-zavesne-relaxacni-kreslo-140-kg\/#primaryimage","inLanguage":"cs","url":"https:\/\/anderskafka.cz\/eshop\/wp-content\/uploads\/sites\/3\/2023\/05\/hojdavak-midi-predni-bezovy-2.jpg","contentUrl":"https:\/\/anderskafka.cz\/eshop\/wp-content\/uploads\/sites\/3\/2023\/05\/hojdavak-midi-predni-bezovy-2.jpg","width":533,"height":799},{"@type":"WebPage","@id":"https:\/\/anderskafka.cz\/eshop\/produkt\/hojdavak-maximus-zavesne-relaxacni-kreslo-140-kg\/#webpage","url":"https:\/\/anderskafka.cz\/eshop\/produkt\/hojdavak-maximus-zavesne-relaxacni-kreslo-140-kg\/","name":"HOJDAVAK MAXIMUS z\u00e1v\u011bsn\u00e9 relaxa\u010dn\u00ed k\u0159eslo 140 kg - Anders &amp; Kafka E-SHOP","isPartOf":{"@id":"https:\/\/anderskafka.cz\/eshop\/#website"},"primaryImageOfPage":{"@id":"https:\/\/anderskafka.cz\/eshop\/produkt\/hojdavak-maximus-zavesne-relaxacni-kreslo-140-kg\/#primaryimage"},"datePublished":"2023-05-15T10:11:33+00:00","dateModified":"2026-03-25T11:51:25+00:00","description":"Houpac\u00ed k\u0159eslo pro dosp\u011bl\u00e9 do 140 kg vhodn\u00e9 do interi\u00e9ru nebo exteri\u00e9ru dle V\u00e1mi vybran\u00e9 varianty. Hojdavak MAXIMUS je z\u00e1v\u011bsn\u00e9 textiln\u00ed k\u0159eslo ur\u010den\u00e9 i pro dosp\u011bl\u00e9, kter\u00e9 se vyr\u00e1b\u00ed v \u010cesku dle vlastn\u00edho n\u00e1vrhu spole\u010dnosti Hojdavak. D\u00edky kvalitn\u00ed matraci a pol\u0161t\u00e1\u0159ku si v n\u011bm m\u016f\u017eete pohodln\u011b odpo\u010dinout, p\u0159e\u010d\u00edst kn\u00ed\u017eku, \u010di jinak zrelaxovat. Maximus tak nahrazuje k\u0159eslo nebo leno\u0161ku. &nbsp; &nbsp; &nbsp; Zde si, pros\u00edm, nakonfigurujte V\u00e1\u0161 Hojdavak. Kliknut\u00edm na dan\u00fd obr\u00e1zek zvolte d\u0159evinu, textiln\u00ed vak pro vnit\u0159n\u00ed (kryt\u00e9) nebo venkovn\u00ed (nekryt\u00e9) um\u00edst\u011bn\u00ed a barvu Va\u0161eho nov\u00e9ho Hojdavaku. &nbsp;","breadcrumb":{"@id":"https:\/\/anderskafka.cz\/eshop\/produkt\/hojdavak-maximus-zavesne-relaxacni-kreslo-140-kg\/#breadcrumb"},"inLanguage":"cs","potentialAction":[{"@type":"ReadAction","target":["https:\/\/anderskafka.cz\/eshop\/produkt\/hojdavak-maximus-zavesne-relaxacni-kreslo-140-kg\/"]}]},{"@type":"BreadcrumbList","@id":"https:\/\/anderskafka.cz\/eshop\/produkt\/hojdavak-maximus-zavesne-relaxacni-kreslo-140-kg\/#breadcrumb","itemListElement":[{"@type":"ListItem","position":1,"name":"Obchod","item":"https:\/\/anderskafka.cz\/eshop\/obchod\/"},{"@type":"ListItem","position":2,"name":"HOJDAVAK MAXIMUS z\u00e1v\u011bsn\u00e9 relaxa\u010dn\u00ed k\u0159eslo 140 kg"}]}]}},"locations":[],"_links":{"self":[{"href":"https:\/\/anderskafka.cz\/eshop\/wp-json\/wp\/v2\/product\/3396"}],"collection":[{"href":"https:\/\/anderskafka.cz\/eshop\/wp-json\/wp\/v2\/product"}],"about":[{"href":"https:\/\/anderskafka.cz\/eshop\/wp-json\/wp\/v2\/types\/product"}],"replies":[{"embeddable":true,"href":"https:\/\/anderskafka.cz\/eshop\/wp-json\/wp\/v2\/comments?post=3396"}],"wp:featuredmedia":[{"embeddable":true,"href":"https:\/\/anderskafka.cz\/eshop\/wp-json\/wp\/v2\/media\/3454"}],"wp:attachment":[{"href":"https:\/\/anderskafka.cz\/eshop\/wp-json\/wp\/v2\/media?parent=3396"}],"wp:term":[{"taxonomy":"location","embeddable":true,"href":"https:\/\/anderskafka.cz\/eshop\/wp-json\/wp\/v2\/location?post=3396"},{"taxonomy":"product_cat","embeddable":true,"href":"https:\/\/anderskafka.cz\/eshop\/wp-json\/wp\/v2\/product_cat?post=3396"},{"taxonomy":"product_tag","embeddable":true,"href":"https:\/\/anderskafka.cz\/eshop\/wp-json\/wp\/v2\/product_tag?post=3396"}],"curies":[{"name":"wp","href":"https:\/\/api.w.org\/{rel}","templated":true}]}}