{"id":3508,"date":"2023-05-23T12:19:11","date_gmt":"2023-05-23T10:19:11","guid":{"rendered":"https:\/\/anderskafka.cz\/eshop\/?post_type=product&#038;p=3508"},"modified":"2026-04-21T10:21:50","modified_gmt":"2026-04-21T08:21:50","slug":"eos-sbm-app-modul-ovladani-sauny-pomoci-aplikace-z-mobilniho-zarizeni","status":"publish","type":"product","link":"https:\/\/anderskafka.cz\/eshop\/produkt\/eos-sbm-app-modul-ovladani-sauny-pomoci-aplikace-z-mobilniho-zarizeni\/","title":{"rendered":"EOS sbm app modul \u2013 ovl\u00e1d\u00e1n\u00ed sauny pomoc\u00ed aplikace z mobiln\u00edho za\u0159\u00edzen\u00ed"},"content":{"rendered":"<p>S aplikac\u00ed EOS Spa Control m\u00e1te v\u0161echny funkce sauny jako na dlani. Aplikace umo\u017e\u0148uje snadno nastavit saunu podle pot\u0159eby pomoc\u00ed mobiln\u00edho za\u0159\u00edzen\u00ed, kdekoli a kdykoli budete cht\u00edt.<\/p>\n<p>D\u00edky aplikaci EOS Spa Control App lze krom\u011b finsk\u00fdch a bio saun pohodln\u011b ovl\u00e1dat i r\u016fzn\u00e9 dal\u0161\u00ed typy kabin &#8211; parn\u00ed l\u00e1zn\u011b, hammamy a infra\u010derven\u00e9 kabiny ve spojen\u00ed s jedn\u00edm modulem SBM-App kdykoliv na cest\u00e1ch. Rychl\u00e1 kontrola aktu\u00e1ln\u00edho stavu sauny jako teplota nebo zb\u00fdvaj\u00edc\u00ed doba oh\u0159evu je snadn\u00e1 a rychl\u00e1.<\/p>\n<p>Mo\u017en\u00e1 je spr\u00e1va n\u011bkolika kabin, dal\u0161\u00edmi funkcemi jsou r\u016fzn\u00e9 p\u0159ednastaven\u00e9 profily pro saunu, kter\u00e9 lze p\u0159izp\u016fsobit pouh\u00fdmi n\u011bkolika kliknut\u00edmi. Pro je\u0161t\u011b v\u011bt\u0161\u00ed kontrolu lze z\u00edskat p\u0159\u00edstup k teplotn\u00edmu senzoru lavice a zjistit stav su\u0161ic\u00edch program\u016f pro saunu, p\u00e1ru nebo hammam. A<span style=\"font-size: 16px;font-style: normal\">plikace<\/span><span style=\"font-size: 16px;font-style: normal\"> tak\u00e9 <\/span><span style=\"font-size: 16px\">umo\u017e\u0148uje nap\u0159\u00edklad regulovat zdroj sv\u011btla v saun\u011b.<\/span><\/p>\n<p>Upozorn\u011bn\u00ed: Abyste mohli pomoc\u00ed aplikace ovl\u00e1dat tak\u00e9 parn\u00ed l\u00e1zn\u011b, infra\u010derven\u00e9 kabiny a hammamy, mus\u00edte aktualizovat firmware sv\u00e9 \u0159\u00eddic\u00ed jednotky.<\/p>\n<p>Aplikace EOS Spa Control App automaticky rozpozn\u00e1 sp\u00e1rovanou \u0159\u00eddic\u00ed jednotku sauny a uprav\u00ed jej\u00ed rozhran\u00ed pro jednoduch\u00e9 a intuitivn\u00ed ovl\u00e1d\u00e1n\u00ed. Aktu\u00e1ln\u011b podporovan\u00e1 mobiln\u00ed za\u0159\u00edzen\u00ed jsou Android a Apple iOS. Velmi vysok\u00e1 ochrana p\u0159i komunikaci a ukl\u00e1d\u00e1n\u00ed dat.<\/p>\n<p>Kompatibiln\u00ed \u0159\u00eddic\u00ed jednotky:<\/p>\n<p>\u0158ada EOS EmoTec<br \/>\n\u0158ada EOS EmoStyle<br \/>\nEOS EmoTouch 3<\/p>\n<p>Vy\u017eaduje instalaci aplikace EOS Spa Control App. P\u0159i \u00favodn\u00edm nastaven\u00ed je vy\u017eadov\u00e1no p\u0159ipojen\u00ed k internetu.<\/p>\n<p>Pokud topidlo zapnete pomoc\u00ed p\u0159ednastaven\u00fdch \u010dasova\u010d\u016f nebo d\u00e1lkov\u00e9ho ovl\u00e1d\u00e1n\u00ed, je nutn\u00fd dal\u0161\u00ed bezpe\u010dnostn\u00ed syst\u00e9m. T\u00edmto bezpe\u010dnostn\u00edm opat\u0159en\u00edm m\u016f\u017ee b\u00fdt ochrann\u00e1 li\u0161ta krytu na topen\u00ed, za\u0159\u00edzen\u00ed pro kontrolu dve\u0159\u00ed nebo jin\u00fd typ technick\u00e9ho za\u0159\u00edzen\u00ed.<\/p>\n<p><strong>Rozsah dod\u00e1vky:<\/strong><\/p>\n<p>Modul kompaktn\u00ed velikosti s p\u0159edem namontovan\u00fdm kabelem pro p\u0159ipojen\u00ed k \u0159\u00eddic\u00ed jednotce sauny, RJ45 konektor pro p\u0159ipojen\u00ed k internetu.<br \/>\nSe stavov\u00fdmi LED pro s\u00ed\u0165ovou aktivitu.<br \/>\nNen\u00ed pot\u0159eba samostatn\u00e9 nap\u00e1jen\u00ed.<\/p>\n<p>Dod\u00e1vka nezahrnuje smartphone nebo tablet\/PC.<\/p>\n<div>\n<div><\/div>\n<\/div>\n","protected":false},"excerpt":{"rendered":"<div>\n<p>S aplikac\u00ed EOS Spa Control m\u00e1te v\u0161echny funkce sauny jako na dlani. Aplikace umo\u017e\u0148uje snadno nastavit saunu podle pot\u0159eby pomoc\u00ed mobiln\u00edho za\u0159\u00edzen\u00ed, kdekoli a kdykoli budete cht\u00edt.<\/p>\n<p>Aplikace EOS Spa Control s jednoduch\u00fdm nastaven\u00edm a intuitivn\u00edm ovl\u00e1d\u00e1n\u00edm.<br \/>\nSnadn\u00e1 a rychl\u00e1 instalace s p\u0159edmontovan\u00fdm kabelem saunov\u00e9 sb\u011brnice pro p\u0159ipojen\u00ed k \u0159\u00eddic\u00ed jednotce sauny (plug &amp; play).<br \/>\nPro mobiln\u00ed za\u0159\u00edzen\u00ed Android a Apple iOS.<br \/>\nVelmi vysok\u00e1 ochrana p\u0159i komunikaci a ukl\u00e1d\u00e1n\u00ed dat.<br \/>\nKompatibiln\u00ed \u0159\u00eddic\u00ed jednotky: EOS EmoTec, EOS EmoStyle a EOS EmoTouch 3.<\/p>\n<\/div>\n<p>EOS, nejkvalitn\u011bj\u0161\u00ed produkty pro saunu vyroben\u00e9 v N\u011bmecku s 50ti letou tradic\u00ed.<\/p>\n<p><img loading=\"lazy\" class=\"alignnone size-full wp-image-1496 aligncenter\" src=\"https:\/\/anderskafka.cz\/eshop\/wp-content\/uploads\/sites\/3\/2022\/12\/made-in-germany-label-icon-of-german-flag-map-vector-22965302.jpg\" alt=\"\" width=\"250\" height=\"250\" srcset=\"https:\/\/anderskafka.cz\/eshop\/wp-content\/uploads\/sites\/3\/2022\/12\/made-in-germany-label-icon-of-german-flag-map-vector-22965302.jpg 250w, https:\/\/anderskafka.cz\/eshop\/wp-content\/uploads\/sites\/3\/2022\/12\/made-in-germany-label-icon-of-german-flag-map-vector-22965302-150x150.jpg 150w, https:\/\/anderskafka.cz\/eshop\/wp-content\/uploads\/sites\/3\/2022\/12\/made-in-germany-label-icon-of-german-flag-map-vector-22965302-100x100.jpg 100w, https:\/\/anderskafka.cz\/eshop\/wp-content\/uploads\/sites\/3\/2022\/12\/made-in-germany-label-icon-of-german-flag-map-vector-22965302-64x64.jpg 64w\" sizes=\"(max-width: 250px) 100vw, 250px\" \/><\/p>\n<div>\n<p>&nbsp;<\/p>\n<\/div>\n","protected":false},"featured_media":3509,"comment_status":"open","ping_status":"closed","template":"","meta":{"site-sidebar-layout":"default","site-content-layout":"default","ast-main-header-display":"","ast-hfb-above-header-display":"","ast-hfb-below-header-display":"","ast-hfb-mobile-header-display":"","site-post-title":"","ast-breadcrumbs-content":"","ast-featured-img":"","footer-sml-layout":"","theme-transparent-header-meta":"","adv-header-id-meta":"","stick-header-meta":"","header-above-stick-meta":"","header-main-stick-meta":"","header-below-stick-meta":""},"location":[],"product_cat":[701],"product_tag":[443],"yoast_head":"<!-- This site is optimized with the Yoast SEO plugin v18.5.1 - https:\/\/yoast.com\/wordpress\/plugins\/seo\/ -->\n<title>EOS sbm app modul \u2013 ovl\u00e1d\u00e1n\u00ed sauny pomoc\u00ed aplikace z mobiln\u00edho za\u0159\u00edzen\u00ed - Anders &amp; Kafka E-SHOP<\/title>\n<meta name=\"description\" content=\"S aplikac\u00ed EOS Spa Control m\u00e1te v\u0161echny funkce sauny jako na dlani. Aplikace umo\u017e\u0148uje snadno nastavit saunu podle pot\u0159eby pomoc\u00ed mobiln\u00edho za\u0159\u00edzen\u00ed, kdekoli a kdykoli budete cht\u00edt.  Aplikace EOS Spa Control s jednoduch\u00fdm nastaven\u00edm a intuitivn\u00edm ovl\u00e1d\u00e1n\u00edm. Snadn\u00e1 a rychl\u00e1 instalace s p\u0159edmontovan\u00fdm kabelem saunov\u00e9 sb\u011brnice pro p\u0159ipojen\u00ed k \u0159\u00eddic\u00ed jednotce sauny (plug &amp; play). Pro mobiln\u00ed za\u0159\u00edzen\u00ed Android a Apple iOS. Velmi vysok\u00e1 ochrana p\u0159i komunikaci a ukl\u00e1d\u00e1n\u00ed dat. Kompatibiln\u00ed \u0159\u00eddic\u00ed jednotky: EOS EmoTec, EOS EmoStyle a EOS EmoTouch 3.   EOS, nejkvalitn\u011bj\u0161\u00ed produkty pro saunu vyroben\u00e9 v N\u011bmecku s 50ti letou tradic\u00ed.     &nbsp;\" \/>\n<meta name=\"robots\" content=\"index, follow, max-snippet:-1, max-image-preview:large, max-video-preview:-1\" \/>\n<link rel=\"canonical\" href=\"https:\/\/anderskafka.cz\/eshop\/produkt\/eos-sbm-app-modul-ovladani-sauny-pomoci-aplikace-z-mobilniho-zarizeni\/\" \/>\n<meta property=\"og:locale\" content=\"cs_CZ\" \/>\n<meta property=\"og:type\" content=\"article\" \/>\n<meta property=\"og:title\" content=\"EOS sbm app modul \u2013 ovl\u00e1d\u00e1n\u00ed sauny pomoc\u00ed aplikace z mobiln\u00edho za\u0159\u00edzen\u00ed - Anders &amp; Kafka E-SHOP\" \/>\n<meta property=\"og:description\" content=\"S aplikac\u00ed EOS Spa Control m\u00e1te v\u0161echny funkce sauny jako na dlani. Aplikace umo\u017e\u0148uje snadno nastavit saunu podle pot\u0159eby pomoc\u00ed mobiln\u00edho za\u0159\u00edzen\u00ed, kdekoli a kdykoli budete cht\u00edt.  Aplikace EOS Spa Control s jednoduch\u00fdm nastaven\u00edm a intuitivn\u00edm ovl\u00e1d\u00e1n\u00edm. Snadn\u00e1 a rychl\u00e1 instalace s p\u0159edmontovan\u00fdm kabelem saunov\u00e9 sb\u011brnice pro p\u0159ipojen\u00ed k \u0159\u00eddic\u00ed jednotce sauny (plug &amp; play). Pro mobiln\u00ed za\u0159\u00edzen\u00ed Android a Apple iOS. Velmi vysok\u00e1 ochrana p\u0159i komunikaci a ukl\u00e1d\u00e1n\u00ed dat. Kompatibiln\u00ed \u0159\u00eddic\u00ed jednotky: EOS EmoTec, EOS EmoStyle a EOS EmoTouch 3.   EOS, nejkvalitn\u011bj\u0161\u00ed produkty pro saunu vyroben\u00e9 v N\u011bmecku s 50ti letou tradic\u00ed.     &nbsp;\" \/>\n<meta property=\"og:url\" content=\"https:\/\/anderskafka.cz\/eshop\/produkt\/eos-sbm-app-modul-ovladani-sauny-pomoci-aplikace-z-mobilniho-zarizeni\/\" \/>\n<meta property=\"og:site_name\" content=\"Anders &amp; Kafka E-SHOP\" \/>\n<meta property=\"article:modified_time\" content=\"2026-04-21T08:21:50+00:00\" \/>\n<meta property=\"og:image\" content=\"https:\/\/anderskafka.cz\/eshop\/wp-content\/uploads\/sites\/3\/2023\/05\/csm_EOS_Spa_Control_App_61d87f6e9c.jpeg\" \/>\n\t<meta property=\"og:image:width\" content=\"1140\" \/>\n\t<meta property=\"og:image:height\" content=\"855\" \/>\n\t<meta property=\"og:image:type\" content=\"image\/jpeg\" \/>\n<meta name=\"twitter:card\" content=\"summary_large_image\" \/>\n<meta name=\"twitter:label1\" content=\"Odhadovan\u00e1 doba \u010dten\u00ed\" \/>\n\t<meta name=\"twitter:data1\" content=\"2 minuty\" \/>\n<script type=\"application\/ld+json\" class=\"yoast-schema-graph\">{\"@context\":\"https:\/\/schema.org\",\"@graph\":[{\"@type\":\"WebSite\",\"@id\":\"https:\/\/anderskafka.cz\/eshop\/#website\",\"url\":\"https:\/\/anderskafka.cz\/eshop\/\",\"name\":\"Anders &amp; Kafka E-SHOP\",\"description\":\"Anders &amp; Kafka E-SHOP\",\"potentialAction\":[{\"@type\":\"SearchAction\",\"target\":{\"@type\":\"EntryPoint\",\"urlTemplate\":\"https:\/\/anderskafka.cz\/eshop\/?s={search_term_string}\"},\"query-input\":\"required name=search_term_string\"}],\"inLanguage\":\"cs\"},{\"@type\":\"ImageObject\",\"@id\":\"https:\/\/anderskafka.cz\/eshop\/produkt\/eos-sbm-app-modul-ovladani-sauny-pomoci-aplikace-z-mobilniho-zarizeni\/#primaryimage\",\"inLanguage\":\"cs\",\"url\":\"https:\/\/anderskafka.cz\/eshop\/wp-content\/uploads\/sites\/3\/2023\/05\/csm_EOS_Spa_Control_App_61d87f6e9c.jpeg\",\"contentUrl\":\"https:\/\/anderskafka.cz\/eshop\/wp-content\/uploads\/sites\/3\/2023\/05\/csm_EOS_Spa_Control_App_61d87f6e9c.jpeg\",\"width\":1140,\"height\":855},{\"@type\":\"WebPage\",\"@id\":\"https:\/\/anderskafka.cz\/eshop\/produkt\/eos-sbm-app-modul-ovladani-sauny-pomoci-aplikace-z-mobilniho-zarizeni\/#webpage\",\"url\":\"https:\/\/anderskafka.cz\/eshop\/produkt\/eos-sbm-app-modul-ovladani-sauny-pomoci-aplikace-z-mobilniho-zarizeni\/\",\"name\":\"EOS sbm app modul \u2013 ovl\u00e1d\u00e1n\u00ed sauny pomoc\u00ed aplikace z mobiln\u00edho za\u0159\u00edzen\u00ed - Anders &amp; Kafka E-SHOP\",\"isPartOf\":{\"@id\":\"https:\/\/anderskafka.cz\/eshop\/#website\"},\"primaryImageOfPage\":{\"@id\":\"https:\/\/anderskafka.cz\/eshop\/produkt\/eos-sbm-app-modul-ovladani-sauny-pomoci-aplikace-z-mobilniho-zarizeni\/#primaryimage\"},\"datePublished\":\"2023-05-23T10:19:11+00:00\",\"dateModified\":\"2026-04-21T08:21:50+00:00\",\"description\":\"S aplikac\u00ed EOS Spa Control m\u00e1te v\u0161echny funkce sauny jako na dlani. Aplikace umo\u017e\u0148uje snadno nastavit saunu podle pot\u0159eby pomoc\u00ed mobiln\u00edho za\u0159\u00edzen\u00ed, kdekoli a kdykoli budete cht\u00edt. Aplikace EOS Spa Control s jednoduch\u00fdm nastaven\u00edm a intuitivn\u00edm ovl\u00e1d\u00e1n\u00edm. Snadn\u00e1 a rychl\u00e1 instalace s p\u0159edmontovan\u00fdm kabelem saunov\u00e9 sb\u011brnice pro p\u0159ipojen\u00ed k \u0159\u00eddic\u00ed jednotce sauny (plug &amp; play). Pro mobiln\u00ed za\u0159\u00edzen\u00ed Android a Apple iOS. Velmi vysok\u00e1 ochrana p\u0159i komunikaci a ukl\u00e1d\u00e1n\u00ed dat. Kompatibiln\u00ed \u0159\u00eddic\u00ed jednotky: EOS EmoTec, EOS EmoStyle a EOS EmoTouch 3. EOS, nejkvalitn\u011bj\u0161\u00ed produkty pro saunu vyroben\u00e9 v N\u011bmecku s 50ti letou tradic\u00ed. &nbsp;\",\"breadcrumb\":{\"@id\":\"https:\/\/anderskafka.cz\/eshop\/produkt\/eos-sbm-app-modul-ovladani-sauny-pomoci-aplikace-z-mobilniho-zarizeni\/#breadcrumb\"},\"inLanguage\":\"cs\",\"potentialAction\":[{\"@type\":\"ReadAction\",\"target\":[\"https:\/\/anderskafka.cz\/eshop\/produkt\/eos-sbm-app-modul-ovladani-sauny-pomoci-aplikace-z-mobilniho-zarizeni\/\"]}]},{\"@type\":\"BreadcrumbList\",\"@id\":\"https:\/\/anderskafka.cz\/eshop\/produkt\/eos-sbm-app-modul-ovladani-sauny-pomoci-aplikace-z-mobilniho-zarizeni\/#breadcrumb\",\"itemListElement\":[{\"@type\":\"ListItem\",\"position\":1,\"name\":\"Obchod\",\"item\":\"https:\/\/anderskafka.cz\/eshop\/obchod\/\"},{\"@type\":\"ListItem\",\"position\":2,\"name\":\"EOS sbm app modul \u2013 ovl\u00e1d\u00e1n\u00ed sauny pomoc\u00ed aplikace z mobiln\u00edho za\u0159\u00edzen\u00ed\"}]}]}<\/script>\n<!-- \/ Yoast SEO plugin. -->","yoast_head_json":{"title":"EOS sbm app modul \u2013 ovl\u00e1d\u00e1n\u00ed sauny pomoc\u00ed aplikace z mobiln\u00edho za\u0159\u00edzen\u00ed - Anders &amp; Kafka E-SHOP","description":"S aplikac\u00ed EOS Spa Control m\u00e1te v\u0161echny funkce sauny jako na dlani. Aplikace umo\u017e\u0148uje snadno nastavit saunu podle pot\u0159eby pomoc\u00ed mobiln\u00edho za\u0159\u00edzen\u00ed, kdekoli a kdykoli budete cht\u00edt.  Aplikace EOS Spa Control s jednoduch\u00fdm nastaven\u00edm a intuitivn\u00edm ovl\u00e1d\u00e1n\u00edm. Snadn\u00e1 a rychl\u00e1 instalace s p\u0159edmontovan\u00fdm kabelem saunov\u00e9 sb\u011brnice pro p\u0159ipojen\u00ed k \u0159\u00eddic\u00ed jednotce sauny (plug &amp; play). Pro mobiln\u00ed za\u0159\u00edzen\u00ed Android a Apple iOS. Velmi vysok\u00e1 ochrana p\u0159i komunikaci a ukl\u00e1d\u00e1n\u00ed dat. Kompatibiln\u00ed \u0159\u00eddic\u00ed jednotky: EOS EmoTec, EOS EmoStyle a EOS EmoTouch 3.   EOS, nejkvalitn\u011bj\u0161\u00ed produkty pro saunu vyroben\u00e9 v N\u011bmecku s 50ti letou tradic\u00ed.     &nbsp;","robots":{"index":"index","follow":"follow","max-snippet":"max-snippet:-1","max-image-preview":"max-image-preview:large","max-video-preview":"max-video-preview:-1"},"canonical":"https:\/\/anderskafka.cz\/eshop\/produkt\/eos-sbm-app-modul-ovladani-sauny-pomoci-aplikace-z-mobilniho-zarizeni\/","og_locale":"cs_CZ","og_type":"article","og_title":"EOS sbm app modul \u2013 ovl\u00e1d\u00e1n\u00ed sauny pomoc\u00ed aplikace z mobiln\u00edho za\u0159\u00edzen\u00ed - Anders &amp; Kafka E-SHOP","og_description":"S aplikac\u00ed EOS Spa Control m\u00e1te v\u0161echny funkce sauny jako na dlani. Aplikace umo\u017e\u0148uje snadno nastavit saunu podle pot\u0159eby pomoc\u00ed mobiln\u00edho za\u0159\u00edzen\u00ed, kdekoli a kdykoli budete cht\u00edt.  Aplikace EOS Spa Control s jednoduch\u00fdm nastaven\u00edm a intuitivn\u00edm ovl\u00e1d\u00e1n\u00edm. Snadn\u00e1 a rychl\u00e1 instalace s p\u0159edmontovan\u00fdm kabelem saunov\u00e9 sb\u011brnice pro p\u0159ipojen\u00ed k \u0159\u00eddic\u00ed jednotce sauny (plug &amp; play). Pro mobiln\u00ed za\u0159\u00edzen\u00ed Android a Apple iOS. Velmi vysok\u00e1 ochrana p\u0159i komunikaci a ukl\u00e1d\u00e1n\u00ed dat. Kompatibiln\u00ed \u0159\u00eddic\u00ed jednotky: EOS EmoTec, EOS EmoStyle a EOS EmoTouch 3.   EOS, nejkvalitn\u011bj\u0161\u00ed produkty pro saunu vyroben\u00e9 v N\u011bmecku s 50ti letou tradic\u00ed.     &nbsp;","og_url":"https:\/\/anderskafka.cz\/eshop\/produkt\/eos-sbm-app-modul-ovladani-sauny-pomoci-aplikace-z-mobilniho-zarizeni\/","og_site_name":"Anders &amp; Kafka E-SHOP","article_modified_time":"2026-04-21T08:21:50+00:00","og_image":[{"width":1140,"height":855,"url":"https:\/\/anderskafka.cz\/eshop\/wp-content\/uploads\/sites\/3\/2023\/05\/csm_EOS_Spa_Control_App_61d87f6e9c.jpeg","type":"image\/jpeg"}],"twitter_card":"summary_large_image","twitter_misc":{"Odhadovan\u00e1 doba \u010dten\u00ed":"2 minuty"},"schema":{"@context":"https:\/\/schema.org","@graph":[{"@type":"WebSite","@id":"https:\/\/anderskafka.cz\/eshop\/#website","url":"https:\/\/anderskafka.cz\/eshop\/","name":"Anders &amp; Kafka E-SHOP","description":"Anders &amp; Kafka E-SHOP","potentialAction":[{"@type":"SearchAction","target":{"@type":"EntryPoint","urlTemplate":"https:\/\/anderskafka.cz\/eshop\/?s={search_term_string}"},"query-input":"required name=search_term_string"}],"inLanguage":"cs"},{"@type":"ImageObject","@id":"https:\/\/anderskafka.cz\/eshop\/produkt\/eos-sbm-app-modul-ovladani-sauny-pomoci-aplikace-z-mobilniho-zarizeni\/#primaryimage","inLanguage":"cs","url":"https:\/\/anderskafka.cz\/eshop\/wp-content\/uploads\/sites\/3\/2023\/05\/csm_EOS_Spa_Control_App_61d87f6e9c.jpeg","contentUrl":"https:\/\/anderskafka.cz\/eshop\/wp-content\/uploads\/sites\/3\/2023\/05\/csm_EOS_Spa_Control_App_61d87f6e9c.jpeg","width":1140,"height":855},{"@type":"WebPage","@id":"https:\/\/anderskafka.cz\/eshop\/produkt\/eos-sbm-app-modul-ovladani-sauny-pomoci-aplikace-z-mobilniho-zarizeni\/#webpage","url":"https:\/\/anderskafka.cz\/eshop\/produkt\/eos-sbm-app-modul-ovladani-sauny-pomoci-aplikace-z-mobilniho-zarizeni\/","name":"EOS sbm app modul \u2013 ovl\u00e1d\u00e1n\u00ed sauny pomoc\u00ed aplikace z mobiln\u00edho za\u0159\u00edzen\u00ed - Anders &amp; Kafka E-SHOP","isPartOf":{"@id":"https:\/\/anderskafka.cz\/eshop\/#website"},"primaryImageOfPage":{"@id":"https:\/\/anderskafka.cz\/eshop\/produkt\/eos-sbm-app-modul-ovladani-sauny-pomoci-aplikace-z-mobilniho-zarizeni\/#primaryimage"},"datePublished":"2023-05-23T10:19:11+00:00","dateModified":"2026-04-21T08:21:50+00:00","description":"S aplikac\u00ed EOS Spa Control m\u00e1te v\u0161echny funkce sauny jako na dlani. Aplikace umo\u017e\u0148uje snadno nastavit saunu podle pot\u0159eby pomoc\u00ed mobiln\u00edho za\u0159\u00edzen\u00ed, kdekoli a kdykoli budete cht\u00edt. Aplikace EOS Spa Control s jednoduch\u00fdm nastaven\u00edm a intuitivn\u00edm ovl\u00e1d\u00e1n\u00edm. Snadn\u00e1 a rychl\u00e1 instalace s p\u0159edmontovan\u00fdm kabelem saunov\u00e9 sb\u011brnice pro p\u0159ipojen\u00ed k \u0159\u00eddic\u00ed jednotce sauny (plug &amp; play). Pro mobiln\u00ed za\u0159\u00edzen\u00ed Android a Apple iOS. Velmi vysok\u00e1 ochrana p\u0159i komunikaci a ukl\u00e1d\u00e1n\u00ed dat. Kompatibiln\u00ed \u0159\u00eddic\u00ed jednotky: EOS EmoTec, EOS EmoStyle a EOS EmoTouch 3. EOS, nejkvalitn\u011bj\u0161\u00ed produkty pro saunu vyroben\u00e9 v N\u011bmecku s 50ti letou tradic\u00ed. &nbsp;","breadcrumb":{"@id":"https:\/\/anderskafka.cz\/eshop\/produkt\/eos-sbm-app-modul-ovladani-sauny-pomoci-aplikace-z-mobilniho-zarizeni\/#breadcrumb"},"inLanguage":"cs","potentialAction":[{"@type":"ReadAction","target":["https:\/\/anderskafka.cz\/eshop\/produkt\/eos-sbm-app-modul-ovladani-sauny-pomoci-aplikace-z-mobilniho-zarizeni\/"]}]},{"@type":"BreadcrumbList","@id":"https:\/\/anderskafka.cz\/eshop\/produkt\/eos-sbm-app-modul-ovladani-sauny-pomoci-aplikace-z-mobilniho-zarizeni\/#breadcrumb","itemListElement":[{"@type":"ListItem","position":1,"name":"Obchod","item":"https:\/\/anderskafka.cz\/eshop\/obchod\/"},{"@type":"ListItem","position":2,"name":"EOS sbm app modul \u2013 ovl\u00e1d\u00e1n\u00ed sauny pomoc\u00ed aplikace z mobiln\u00edho za\u0159\u00edzen\u00ed"}]}]}},"locations":[],"_links":{"self":[{"href":"https:\/\/anderskafka.cz\/eshop\/wp-json\/wp\/v2\/product\/3508"}],"collection":[{"href":"https:\/\/anderskafka.cz\/eshop\/wp-json\/wp\/v2\/product"}],"about":[{"href":"https:\/\/anderskafka.cz\/eshop\/wp-json\/wp\/v2\/types\/product"}],"replies":[{"embeddable":true,"href":"https:\/\/anderskafka.cz\/eshop\/wp-json\/wp\/v2\/comments?post=3508"}],"wp:featuredmedia":[{"embeddable":true,"href":"https:\/\/anderskafka.cz\/eshop\/wp-json\/wp\/v2\/media\/3509"}],"wp:attachment":[{"href":"https:\/\/anderskafka.cz\/eshop\/wp-json\/wp\/v2\/media?parent=3508"}],"wp:term":[{"taxonomy":"location","embeddable":true,"href":"https:\/\/anderskafka.cz\/eshop\/wp-json\/wp\/v2\/location?post=3508"},{"taxonomy":"product_cat","embeddable":true,"href":"https:\/\/anderskafka.cz\/eshop\/wp-json\/wp\/v2\/product_cat?post=3508"},{"taxonomy":"product_tag","embeddable":true,"href":"https:\/\/anderskafka.cz\/eshop\/wp-json\/wp\/v2\/product_tag?post=3508"}],"curies":[{"name":"wp","href":"https:\/\/api.w.org\/{rel}","templated":true}]}}