{"id":3514,"date":"2023-05-23T16:44:21","date_gmt":"2023-05-23T14:44:21","guid":{"rendered":"https:\/\/anderskafka.cz\/eshop\/?post_type=product&#038;p=3514"},"modified":"2024-12-05T09:40:38","modified_gmt":"2024-12-05T08:40:38","slug":"eos-sbm-s-bt-modul-zvukovy-modul-s-bluetooth","status":"publish","type":"product","link":"https:\/\/anderskafka.cz\/eshop\/produkt\/eos-sbm-s-bt-modul-zvukovy-modul-s-bluetooth\/","title":{"rendered":"EOS SBM\u2013S BT MODUL \u2013 zvukov\u00fd modul s bluetooth"},"content":{"rendered":"<p>Zvukov\u00fd modul umo\u017e\u0148uje p\u0159ehr\u00e1v\u00e1n\u00ed hudby ve Va\u0161\u00ed saun\u011b a jej\u00ed ovl\u00e1d\u00e1n\u00ed p\u0159\u00edmo na displeji ovl\u00e1dac\u00ed jednotky sauny.<br \/>\nModul obsahuje integrovan\u00fd stereo zesilova\u010d 2&#215;15 W a integrovan\u00fd MP3 p\u0159ehr\u00e1va\u010d. Hudebn\u00ed soubory lze na\u010d\u00edst z karty SD, p\u0159ipojen\u00ed USB nebo p\u0159es Bluetooth. Pro streamov\u00e1n\u00ed hudby je k dispozici tak\u00e9 analogov\u00fd hudebn\u00ed jack NF 3,5 mm.<br \/>\nP\u0159ipojen\u00ed k \u0159\u00eddic\u00ed jednotce sauny p\u0159es sb\u011brnici ovl\u00e1d\u00e1n\u00ed jednotky, vlastn\u00ed nap\u00e1jen\u00ed 230V.<\/p>\n<p>Kompatibiln\u00ed \u0159\u00eddic\u00ed jednotky:<br \/>\n\u0158ada EOS EmoTec<br \/>\n\u0158ada EOS EmoStyle<br \/>\nEOS EmoTouch 3<\/p>\n<p>Parametry:<br \/>\nV\u00fdstupy: 2x stereo reproduktory<br \/>\nV\u00fdstup: <span style=\"font-size: 16px;font-style: normal\">2&#215;15 W Sinus<\/span><br \/>\nV\u00fdstupn\u00ed impedance: <span style=\"font-size: 16px;font-style: normal\">4-8 Ohm<br \/>\nBluetooth: max. dosah 10 m<br \/>\n<\/span><\/p>\n","protected":false},"excerpt":{"rendered":"<div>\n<p>Zvukov\u00fd modul umo\u017e\u0148uje p\u0159ehr\u00e1v\u00e1n\u00ed hudby ve Va\u0161\u00ed saun\u011b a jej\u00ed ovl\u00e1d\u00e1n\u00ed p\u0159\u00edmo na displeji ovl\u00e1dac\u00ed jednotky sauny.<br \/>\nModul obsahuje integrovan\u00fd stereo zesilova\u010d 2&#215;15 W a integrovan\u00fd MP3 p\u0159ehr\u00e1va\u010d. Hudebn\u00ed soubory lze na\u010d\u00edst z karty SD, p\u0159ipojen\u00ed USB nebo p\u0159es Bluetooth. Pro streamov\u00e1n\u00ed hudby je k dispozici tak\u00e9 analogov\u00fd hudebn\u00ed jack NF 3,5 mm.<br \/>\nKompatibiln\u00ed \u0159\u00eddic\u00ed jednotky: EOS EmoTec, EOS EmoStyle a EOS EmoTouch 3.<\/p>\n<\/div>\n<p>EOS, nejkvalitn\u011bj\u0161\u00ed produkty pro saunu vyroben\u00e9 v N\u011bmecku s 50ti letou tradic\u00ed.<\/p>\n<p><img loading=\"lazy\" class=\"alignnone size-full wp-image-1496 aligncenter\" src=\"https:\/\/anderskafka.cz\/eshop\/wp-content\/uploads\/sites\/3\/2022\/12\/made-in-germany-label-icon-of-german-flag-map-vector-22965302.jpg\" alt=\"\" width=\"250\" height=\"250\" srcset=\"https:\/\/anderskafka.cz\/eshop\/wp-content\/uploads\/sites\/3\/2022\/12\/made-in-germany-label-icon-of-german-flag-map-vector-22965302.jpg 250w, https:\/\/anderskafka.cz\/eshop\/wp-content\/uploads\/sites\/3\/2022\/12\/made-in-germany-label-icon-of-german-flag-map-vector-22965302-150x150.jpg 150w, https:\/\/anderskafka.cz\/eshop\/wp-content\/uploads\/sites\/3\/2022\/12\/made-in-germany-label-icon-of-german-flag-map-vector-22965302-100x100.jpg 100w, https:\/\/anderskafka.cz\/eshop\/wp-content\/uploads\/sites\/3\/2022\/12\/made-in-germany-label-icon-of-german-flag-map-vector-22965302-64x64.jpg 64w\" sizes=\"(max-width: 250px) 100vw, 250px\" \/><\/p>\n<div>\n<p>&nbsp;<\/p>\n<\/div>\n","protected":false},"featured_media":3512,"comment_status":"open","ping_status":"closed","template":"","meta":{"site-sidebar-layout":"default","site-content-layout":"default","ast-main-header-display":"","ast-hfb-above-header-display":"","ast-hfb-below-header-display":"","ast-hfb-mobile-header-display":"","site-post-title":"","ast-breadcrumbs-content":"","ast-featured-img":"","footer-sml-layout":"","theme-transparent-header-meta":"","adv-header-id-meta":"","stick-header-meta":"","header-above-stick-meta":"","header-main-stick-meta":"","header-below-stick-meta":""},"location":[],"product_cat":[37],"product_tag":[443],"yoast_head":"<!-- This site is optimized with the Yoast SEO plugin v18.5.1 - https:\/\/yoast.com\/wordpress\/plugins\/seo\/ -->\n<title>EOS SBM\u2013S BT MODUL \u2013 zvukov\u00fd modul s bluetooth - Anders &amp; Kafka E-SHOP<\/title>\n<meta name=\"description\" content=\"Zvukov\u00fd modul umo\u017e\u0148uje p\u0159ehr\u00e1v\u00e1n\u00ed hudby ve Va\u0161\u00ed saun\u011b a jej\u00ed ovl\u00e1d\u00e1n\u00ed p\u0159\u00edmo na displeji ovl\u00e1dac\u00ed jednotky sauny. Modul obsahuje integrovan\u00fd stereo zesilova\u010d 2x15 W a integrovan\u00fd MP3 p\u0159ehr\u00e1va\u010d. Hudebn\u00ed soubory lze na\u010d\u00edst z karty SD, p\u0159ipojen\u00ed USB nebo p\u0159es Bluetooth. Pro streamov\u00e1n\u00ed hudby je k dispozici tak\u00e9 analogov\u00fd hudebn\u00ed jack NF 3,5 mm. Kompatibiln\u00ed \u0159\u00eddic\u00ed jednotky: EOS EmoTec, EOS EmoStyle a EOS EmoTouch 3.   EOS, nejkvalitn\u011bj\u0161\u00ed produkty pro saunu vyroben\u00e9 v N\u011bmecku s 50ti letou tradic\u00ed.     &nbsp;\" \/>\n<meta name=\"robots\" content=\"index, follow, max-snippet:-1, max-image-preview:large, max-video-preview:-1\" \/>\n<link rel=\"canonical\" href=\"https:\/\/anderskafka.cz\/eshop\/produkt\/eos-sbm-s-bt-modul-zvukovy-modul-s-bluetooth\/\" \/>\n<meta property=\"og:locale\" content=\"cs_CZ\" \/>\n<meta property=\"og:type\" content=\"article\" \/>\n<meta property=\"og:title\" content=\"EOS SBM\u2013S BT MODUL \u2013 zvukov\u00fd modul s bluetooth - Anders &amp; Kafka E-SHOP\" \/>\n<meta property=\"og:description\" content=\"Zvukov\u00fd modul umo\u017e\u0148uje p\u0159ehr\u00e1v\u00e1n\u00ed hudby ve Va\u0161\u00ed saun\u011b a jej\u00ed ovl\u00e1d\u00e1n\u00ed p\u0159\u00edmo na displeji ovl\u00e1dac\u00ed jednotky sauny. Modul obsahuje integrovan\u00fd stereo zesilova\u010d 2x15 W a integrovan\u00fd MP3 p\u0159ehr\u00e1va\u010d. Hudebn\u00ed soubory lze na\u010d\u00edst z karty SD, p\u0159ipojen\u00ed USB nebo p\u0159es Bluetooth. Pro streamov\u00e1n\u00ed hudby je k dispozici tak\u00e9 analogov\u00fd hudebn\u00ed jack NF 3,5 mm. Kompatibiln\u00ed \u0159\u00eddic\u00ed jednotky: EOS EmoTec, EOS EmoStyle a EOS EmoTouch 3.   EOS, nejkvalitn\u011bj\u0161\u00ed produkty pro saunu vyroben\u00e9 v N\u011bmecku s 50ti letou tradic\u00ed.     &nbsp;\" \/>\n<meta property=\"og:url\" content=\"https:\/\/anderskafka.cz\/eshop\/produkt\/eos-sbm-s-bt-modul-zvukovy-modul-s-bluetooth\/\" \/>\n<meta property=\"og:site_name\" content=\"Anders &amp; Kafka E-SHOP\" \/>\n<meta property=\"article:modified_time\" content=\"2024-12-05T08:40:38+00:00\" \/>\n<meta property=\"og:image\" content=\"https:\/\/anderskafka.cz\/eshop\/wp-content\/uploads\/sites\/3\/2023\/05\/csm_LSG-10_ET_low_364ff9b7d5.jpeg\" \/>\n\t<meta property=\"og:image:width\" content=\"400\" \/>\n\t<meta property=\"og:image:height\" content=\"424\" \/>\n\t<meta property=\"og:image:type\" content=\"image\/jpeg\" \/>\n<meta name=\"twitter:card\" content=\"summary_large_image\" \/>\n<meta name=\"twitter:label1\" content=\"Odhadovan\u00e1 doba \u010dten\u00ed\" \/>\n\t<meta name=\"twitter:data1\" content=\"1 minuta\" \/>\n<script type=\"application\/ld+json\" class=\"yoast-schema-graph\">{\"@context\":\"https:\/\/schema.org\",\"@graph\":[{\"@type\":\"WebSite\",\"@id\":\"https:\/\/anderskafka.cz\/eshop\/#website\",\"url\":\"https:\/\/anderskafka.cz\/eshop\/\",\"name\":\"Anders &amp; Kafka E-SHOP\",\"description\":\"Anders &amp; Kafka E-SHOP\",\"potentialAction\":[{\"@type\":\"SearchAction\",\"target\":{\"@type\":\"EntryPoint\",\"urlTemplate\":\"https:\/\/anderskafka.cz\/eshop\/?s={search_term_string}\"},\"query-input\":\"required name=search_term_string\"}],\"inLanguage\":\"cs\"},{\"@type\":\"ImageObject\",\"@id\":\"https:\/\/anderskafka.cz\/eshop\/produkt\/eos-sbm-s-bt-modul-zvukovy-modul-s-bluetooth\/#primaryimage\",\"inLanguage\":\"cs\",\"url\":\"https:\/\/anderskafka.cz\/eshop\/wp-content\/uploads\/sites\/3\/2023\/05\/csm_LSG-10_ET_low_364ff9b7d5.jpeg\",\"contentUrl\":\"https:\/\/anderskafka.cz\/eshop\/wp-content\/uploads\/sites\/3\/2023\/05\/csm_LSG-10_ET_low_364ff9b7d5.jpeg\",\"width\":400,\"height\":424},{\"@type\":\"WebPage\",\"@id\":\"https:\/\/anderskafka.cz\/eshop\/produkt\/eos-sbm-s-bt-modul-zvukovy-modul-s-bluetooth\/#webpage\",\"url\":\"https:\/\/anderskafka.cz\/eshop\/produkt\/eos-sbm-s-bt-modul-zvukovy-modul-s-bluetooth\/\",\"name\":\"EOS SBM\u2013S BT MODUL \u2013 zvukov\u00fd modul s bluetooth - Anders &amp; Kafka E-SHOP\",\"isPartOf\":{\"@id\":\"https:\/\/anderskafka.cz\/eshop\/#website\"},\"primaryImageOfPage\":{\"@id\":\"https:\/\/anderskafka.cz\/eshop\/produkt\/eos-sbm-s-bt-modul-zvukovy-modul-s-bluetooth\/#primaryimage\"},\"datePublished\":\"2023-05-23T14:44:21+00:00\",\"dateModified\":\"2024-12-05T08:40:38+00:00\",\"description\":\"Zvukov\u00fd modul umo\u017e\u0148uje p\u0159ehr\u00e1v\u00e1n\u00ed hudby ve Va\u0161\u00ed saun\u011b a jej\u00ed ovl\u00e1d\u00e1n\u00ed p\u0159\u00edmo na displeji ovl\u00e1dac\u00ed jednotky sauny. Modul obsahuje integrovan\u00fd stereo zesilova\u010d 2x15 W a integrovan\u00fd MP3 p\u0159ehr\u00e1va\u010d. Hudebn\u00ed soubory lze na\u010d\u00edst z karty SD, p\u0159ipojen\u00ed USB nebo p\u0159es Bluetooth. Pro streamov\u00e1n\u00ed hudby je k dispozici tak\u00e9 analogov\u00fd hudebn\u00ed jack NF 3,5 mm. Kompatibiln\u00ed \u0159\u00eddic\u00ed jednotky: EOS EmoTec, EOS EmoStyle a EOS EmoTouch 3. EOS, nejkvalitn\u011bj\u0161\u00ed produkty pro saunu vyroben\u00e9 v N\u011bmecku s 50ti letou tradic\u00ed. &nbsp;\",\"breadcrumb\":{\"@id\":\"https:\/\/anderskafka.cz\/eshop\/produkt\/eos-sbm-s-bt-modul-zvukovy-modul-s-bluetooth\/#breadcrumb\"},\"inLanguage\":\"cs\",\"potentialAction\":[{\"@type\":\"ReadAction\",\"target\":[\"https:\/\/anderskafka.cz\/eshop\/produkt\/eos-sbm-s-bt-modul-zvukovy-modul-s-bluetooth\/\"]}]},{\"@type\":\"BreadcrumbList\",\"@id\":\"https:\/\/anderskafka.cz\/eshop\/produkt\/eos-sbm-s-bt-modul-zvukovy-modul-s-bluetooth\/#breadcrumb\",\"itemListElement\":[{\"@type\":\"ListItem\",\"position\":1,\"name\":\"Obchod\",\"item\":\"https:\/\/anderskafka.cz\/eshop\/obchod\/\"},{\"@type\":\"ListItem\",\"position\":2,\"name\":\"EOS SBM\u2013S BT MODUL \u2013 zvukov\u00fd modul s bluetooth\"}]}]}<\/script>\n<!-- \/ Yoast SEO plugin. -->","yoast_head_json":{"title":"EOS SBM\u2013S BT MODUL \u2013 zvukov\u00fd modul s bluetooth - Anders &amp; Kafka E-SHOP","description":"Zvukov\u00fd modul umo\u017e\u0148uje p\u0159ehr\u00e1v\u00e1n\u00ed hudby ve Va\u0161\u00ed saun\u011b a jej\u00ed ovl\u00e1d\u00e1n\u00ed p\u0159\u00edmo na displeji ovl\u00e1dac\u00ed jednotky sauny. Modul obsahuje integrovan\u00fd stereo zesilova\u010d 2x15 W a integrovan\u00fd MP3 p\u0159ehr\u00e1va\u010d. Hudebn\u00ed soubory lze na\u010d\u00edst z karty SD, p\u0159ipojen\u00ed USB nebo p\u0159es Bluetooth. Pro streamov\u00e1n\u00ed hudby je k dispozici tak\u00e9 analogov\u00fd hudebn\u00ed jack NF 3,5 mm. Kompatibiln\u00ed \u0159\u00eddic\u00ed jednotky: EOS EmoTec, EOS EmoStyle a EOS EmoTouch 3.   EOS, nejkvalitn\u011bj\u0161\u00ed produkty pro saunu vyroben\u00e9 v N\u011bmecku s 50ti letou tradic\u00ed.     &nbsp;","robots":{"index":"index","follow":"follow","max-snippet":"max-snippet:-1","max-image-preview":"max-image-preview:large","max-video-preview":"max-video-preview:-1"},"canonical":"https:\/\/anderskafka.cz\/eshop\/produkt\/eos-sbm-s-bt-modul-zvukovy-modul-s-bluetooth\/","og_locale":"cs_CZ","og_type":"article","og_title":"EOS SBM\u2013S BT MODUL \u2013 zvukov\u00fd modul s bluetooth - Anders &amp; Kafka E-SHOP","og_description":"Zvukov\u00fd modul umo\u017e\u0148uje p\u0159ehr\u00e1v\u00e1n\u00ed hudby ve Va\u0161\u00ed saun\u011b a jej\u00ed ovl\u00e1d\u00e1n\u00ed p\u0159\u00edmo na displeji ovl\u00e1dac\u00ed jednotky sauny. Modul obsahuje integrovan\u00fd stereo zesilova\u010d 2x15 W a integrovan\u00fd MP3 p\u0159ehr\u00e1va\u010d. Hudebn\u00ed soubory lze na\u010d\u00edst z karty SD, p\u0159ipojen\u00ed USB nebo p\u0159es Bluetooth. Pro streamov\u00e1n\u00ed hudby je k dispozici tak\u00e9 analogov\u00fd hudebn\u00ed jack NF 3,5 mm. Kompatibiln\u00ed \u0159\u00eddic\u00ed jednotky: EOS EmoTec, EOS EmoStyle a EOS EmoTouch 3.   EOS, nejkvalitn\u011bj\u0161\u00ed produkty pro saunu vyroben\u00e9 v N\u011bmecku s 50ti letou tradic\u00ed.     &nbsp;","og_url":"https:\/\/anderskafka.cz\/eshop\/produkt\/eos-sbm-s-bt-modul-zvukovy-modul-s-bluetooth\/","og_site_name":"Anders &amp; Kafka E-SHOP","article_modified_time":"2024-12-05T08:40:38+00:00","og_image":[{"width":400,"height":424,"url":"https:\/\/anderskafka.cz\/eshop\/wp-content\/uploads\/sites\/3\/2023\/05\/csm_LSG-10_ET_low_364ff9b7d5.jpeg","type":"image\/jpeg"}],"twitter_card":"summary_large_image","twitter_misc":{"Odhadovan\u00e1 doba \u010dten\u00ed":"1 minuta"},"schema":{"@context":"https:\/\/schema.org","@graph":[{"@type":"WebSite","@id":"https:\/\/anderskafka.cz\/eshop\/#website","url":"https:\/\/anderskafka.cz\/eshop\/","name":"Anders &amp; Kafka E-SHOP","description":"Anders &amp; Kafka E-SHOP","potentialAction":[{"@type":"SearchAction","target":{"@type":"EntryPoint","urlTemplate":"https:\/\/anderskafka.cz\/eshop\/?s={search_term_string}"},"query-input":"required name=search_term_string"}],"inLanguage":"cs"},{"@type":"ImageObject","@id":"https:\/\/anderskafka.cz\/eshop\/produkt\/eos-sbm-s-bt-modul-zvukovy-modul-s-bluetooth\/#primaryimage","inLanguage":"cs","url":"https:\/\/anderskafka.cz\/eshop\/wp-content\/uploads\/sites\/3\/2023\/05\/csm_LSG-10_ET_low_364ff9b7d5.jpeg","contentUrl":"https:\/\/anderskafka.cz\/eshop\/wp-content\/uploads\/sites\/3\/2023\/05\/csm_LSG-10_ET_low_364ff9b7d5.jpeg","width":400,"height":424},{"@type":"WebPage","@id":"https:\/\/anderskafka.cz\/eshop\/produkt\/eos-sbm-s-bt-modul-zvukovy-modul-s-bluetooth\/#webpage","url":"https:\/\/anderskafka.cz\/eshop\/produkt\/eos-sbm-s-bt-modul-zvukovy-modul-s-bluetooth\/","name":"EOS SBM\u2013S BT MODUL \u2013 zvukov\u00fd modul s bluetooth - Anders &amp; Kafka E-SHOP","isPartOf":{"@id":"https:\/\/anderskafka.cz\/eshop\/#website"},"primaryImageOfPage":{"@id":"https:\/\/anderskafka.cz\/eshop\/produkt\/eos-sbm-s-bt-modul-zvukovy-modul-s-bluetooth\/#primaryimage"},"datePublished":"2023-05-23T14:44:21+00:00","dateModified":"2024-12-05T08:40:38+00:00","description":"Zvukov\u00fd modul umo\u017e\u0148uje p\u0159ehr\u00e1v\u00e1n\u00ed hudby ve Va\u0161\u00ed saun\u011b a jej\u00ed ovl\u00e1d\u00e1n\u00ed p\u0159\u00edmo na displeji ovl\u00e1dac\u00ed jednotky sauny. Modul obsahuje integrovan\u00fd stereo zesilova\u010d 2x15 W a integrovan\u00fd MP3 p\u0159ehr\u00e1va\u010d. Hudebn\u00ed soubory lze na\u010d\u00edst z karty SD, p\u0159ipojen\u00ed USB nebo p\u0159es Bluetooth. Pro streamov\u00e1n\u00ed hudby je k dispozici tak\u00e9 analogov\u00fd hudebn\u00ed jack NF 3,5 mm. Kompatibiln\u00ed \u0159\u00eddic\u00ed jednotky: EOS EmoTec, EOS EmoStyle a EOS EmoTouch 3. EOS, nejkvalitn\u011bj\u0161\u00ed produkty pro saunu vyroben\u00e9 v N\u011bmecku s 50ti letou tradic\u00ed. &nbsp;","breadcrumb":{"@id":"https:\/\/anderskafka.cz\/eshop\/produkt\/eos-sbm-s-bt-modul-zvukovy-modul-s-bluetooth\/#breadcrumb"},"inLanguage":"cs","potentialAction":[{"@type":"ReadAction","target":["https:\/\/anderskafka.cz\/eshop\/produkt\/eos-sbm-s-bt-modul-zvukovy-modul-s-bluetooth\/"]}]},{"@type":"BreadcrumbList","@id":"https:\/\/anderskafka.cz\/eshop\/produkt\/eos-sbm-s-bt-modul-zvukovy-modul-s-bluetooth\/#breadcrumb","itemListElement":[{"@type":"ListItem","position":1,"name":"Obchod","item":"https:\/\/anderskafka.cz\/eshop\/obchod\/"},{"@type":"ListItem","position":2,"name":"EOS SBM\u2013S BT MODUL \u2013 zvukov\u00fd modul s bluetooth"}]}]}},"locations":[],"_links":{"self":[{"href":"https:\/\/anderskafka.cz\/eshop\/wp-json\/wp\/v2\/product\/3514"}],"collection":[{"href":"https:\/\/anderskafka.cz\/eshop\/wp-json\/wp\/v2\/product"}],"about":[{"href":"https:\/\/anderskafka.cz\/eshop\/wp-json\/wp\/v2\/types\/product"}],"replies":[{"embeddable":true,"href":"https:\/\/anderskafka.cz\/eshop\/wp-json\/wp\/v2\/comments?post=3514"}],"wp:featuredmedia":[{"embeddable":true,"href":"https:\/\/anderskafka.cz\/eshop\/wp-json\/wp\/v2\/media\/3512"}],"wp:attachment":[{"href":"https:\/\/anderskafka.cz\/eshop\/wp-json\/wp\/v2\/media?parent=3514"}],"wp:term":[{"taxonomy":"location","embeddable":true,"href":"https:\/\/anderskafka.cz\/eshop\/wp-json\/wp\/v2\/location?post=3514"},{"taxonomy":"product_cat","embeddable":true,"href":"https:\/\/anderskafka.cz\/eshop\/wp-json\/wp\/v2\/product_cat?post=3514"},{"taxonomy":"product_tag","embeddable":true,"href":"https:\/\/anderskafka.cz\/eshop\/wp-json\/wp\/v2\/product_tag?post=3514"}],"curies":[{"name":"wp","href":"https:\/\/api.w.org\/{rel}","templated":true}]}}