{"id":3519,"date":"2023-05-23T18:31:25","date_gmt":"2023-05-23T16:31:25","guid":{"rendered":"https:\/\/anderskafka.cz\/eshop\/?post_type=product&#038;p=3519"},"modified":"2026-02-04T12:18:45","modified_gmt":"2026-02-04T11:18:45","slug":"sentiotec-pro-d-bluetooth-hudebni-prehravac-v-modernim-cernem-a-bilem-provedeni-kopirovat","status":"publish","type":"product","link":"https:\/\/anderskafka.cz\/eshop\/produkt\/sentiotec-pro-d-bluetooth-hudebni-prehravac-v-modernim-cernem-a-bilem-provedeni-kopirovat\/","title":{"rendered":"HARVIA AUSTRIA PRO D BLUETOOTH \u2013 hudebn\u00ed p\u0159ehr\u00e1va\u010d v modern\u00edm \u010dern\u00e9m proveden\u00ed"},"content":{"rendered":"<p>Hudebn\u00ed p\u0159ehr\u00e1va\u010d Bluetooth s integrovan\u00fdm mikrofonem pro hands-free pou\u017eit\u00ed a p\u0159\u00edstupem k hlasov\u00e9mu asistentovi (nap\u0159. Siri, Google Now atd.)<\/p>\n<p><strong>Inovativn\u00ed technologie:<\/strong><br \/>\nBluetooth 4.0 s dosahem a\u017e 30 m<br \/>\n\u0160pi\u010dkov\u00fd zesilova\u010d pro k\u0159i\u0161\u0165\u00e1lov\u011b \u010dist\u00fd zvuk<br \/>\nMo\u017enost sou\u010dasn\u00e9ho p\u0159ipojen\u00ed a\u017e 3 za\u0159\u00edzen\u00ed<br \/>\nVhodn\u00fd do interi\u00e9ru sauny (max. teplota: 110\u00b0 C, max. rel. vlhkost 99% ne kondenzace; nevhodn\u00e9 pro parn\u00ed l\u00e1zn\u011b)<br \/>\nStejn\u00fd design jako dal\u0161\u00ed \u0159\u00eddic\u00ed jednotky Sentiotec ProD<\/p>\n<div class=\"page\" title=\"Page 11\">\n<div class=\"section\">\n<div class=\"layoutArea\">\n<div class=\"page\" title=\"Page 10\">\n<div class=\"layoutArea\">\n<div class=\"column\">\n<p><strong>Rozsah doda\u0301vky:<br \/>\n<\/strong>ProD Bluetooth<br \/>\nSi\u0301t\u030covy\u0301 zdroj s pr\u030cipojovaci\u0301m kabelem (1,5 m)<br \/>\nProdluz\u030covaci\u0301 kabel pro pr\u030cipojovaci\u0301 vedeni\u0301 k si\u0301t\u030cove\u0301mu zdroji (2 m)<br \/>\nMonta\u0301z\u030cni\u0301 materia\u0301l (4 ks s\u030croubu\u030a do dr\u030ceva (16 mm), u\u0301helni\u0301k k otevr\u030ceni\u0301 ovla\u0301daci\u0301ho di\u0301lu)<\/p>\n<\/div>\n<\/div>\n<\/div>\n<\/div>\n<\/div>\n<\/div>\n","protected":false},"excerpt":{"rendered":"<div>\n<p>Hudebn\u00ed p\u0159ehr\u00e1va\u010d Bluetooth s integrovan\u00fdm mikrofonem pro hand-free pou\u017eit\u00ed, s p\u0159\u00edstupem k hlasov\u00e9mu asistentovi a inovativn\u00edmi technologiemi jako Bluetooth 4.0 s dosahem a\u017e 30 m, \u0161pi\u010dkov\u00fdm zesilova\u010dem pro k\u0159i\u0161\u0165\u00e1lov\u011b \u010dist\u00fd zvuk a mo\u017enost\u00ed sou\u010dasn\u00e9ho p\u0159ipojen\u00ed a\u017e 3 za\u0159\u00edzen\u00ed.<br \/>\nVhodn\u00e9 do interi\u00e9ru sauny (max. teplota: 110\u00b0 C, max. rel. vlhkost 99% bez kondenzace; nevhodn\u00e9 pro parn\u00ed sauny).<br \/>\nStejn\u00fd design jako dal\u0161\u00ed \u0159\u00eddic\u00ed jednotky \u0159ady ProD.<\/p>\n<\/div>\n<div>\n<p>Spole\u010dnost HARVIA AUSTRIA vyv\u00edj\u00ed a vyr\u00e1b\u00ed kvalitn\u00ed a inovativn\u00ed produkty ur\u010den\u00e9 k tomu, aby Va\u0161e chv\u00edle str\u00e1ven\u00e9 v saun\u011b byly co nejv\u00edce relaxuj\u00edc\u00ed.<br \/>\n<img loading=\"lazy\" class=\"alignnone size-full wp-image-1323 aligncenter\" src=\"https:\/\/anderskafka.cz\/eshop\/wp-content\/uploads\/sites\/3\/2022\/12\/logoHarvia.png\" alt=\"\" width=\"102\" height=\"102\" srcset=\"https:\/\/anderskafka.cz\/eshop\/wp-content\/uploads\/sites\/3\/2022\/12\/logoHarvia.png 102w, https:\/\/anderskafka.cz\/eshop\/wp-content\/uploads\/sites\/3\/2022\/12\/logoHarvia-100x100.png 100w, https:\/\/anderskafka.cz\/eshop\/wp-content\/uploads\/sites\/3\/2022\/12\/logoHarvia-64x64.png 64w\" sizes=\"(max-width: 102px) 100vw, 102px\" \/><\/p>\n<\/div>\n","protected":false},"featured_media":3524,"comment_status":"open","ping_status":"closed","template":"","meta":{"site-sidebar-layout":"default","site-content-layout":"default","ast-main-header-display":"","ast-hfb-above-header-display":"","ast-hfb-below-header-display":"","ast-hfb-mobile-header-display":"","site-post-title":"","ast-breadcrumbs-content":"","ast-featured-img":"","footer-sml-layout":"","theme-transparent-header-meta":"","adv-header-id-meta":"","stick-header-meta":"","header-above-stick-meta":"","header-main-stick-meta":"","header-below-stick-meta":""},"location":[],"product_cat":[37],"product_tag":[324],"yoast_head":"<!-- This site is optimized with the Yoast SEO plugin v18.5.1 - https:\/\/yoast.com\/wordpress\/plugins\/seo\/ -->\n<title>HARVIA AUSTRIA PRO D BLUETOOTH \u2013 hudebn\u00ed p\u0159ehr\u00e1va\u010d v modern\u00edm \u010dern\u00e9m proveden\u00ed - Anders &amp; Kafka E-SHOP<\/title>\n<meta name=\"description\" content=\"Hudebn\u00ed p\u0159ehr\u00e1va\u010d Bluetooth s integrovan\u00fdm mikrofonem pro hand-free pou\u017eit\u00ed, s p\u0159\u00edstupem k hlasov\u00e9mu asistentovi a inovativn\u00edmi technologiemi jako Bluetooth 4.0 s dosahem a\u017e 30 m, \u0161pi\u010dkov\u00fdm zesilova\u010dem pro k\u0159i\u0161\u0165\u00e1lov\u011b \u010dist\u00fd zvuk a mo\u017enost\u00ed sou\u010dasn\u00e9ho p\u0159ipojen\u00ed a\u017e 3 za\u0159\u00edzen\u00ed. Vhodn\u00e9 do interi\u00e9ru sauny (max. teplota: 110\u00b0 C, max. rel. vlhkost 99% bez kondenzace; nevhodn\u00e9 pro parn\u00ed sauny). Stejn\u00fd design jako dal\u0161\u00ed \u0159\u00eddic\u00ed jednotky \u0159ady ProD.     Spole\u010dnost HARVIA AUSTRIA vyv\u00edj\u00ed a vyr\u00e1b\u00ed kvalitn\u00ed a inovativn\u00ed produkty ur\u010den\u00e9 k tomu, aby Va\u0161e chv\u00edle str\u00e1ven\u00e9 v saun\u011b byly co nejv\u00edce relaxuj\u00edc\u00ed.\" \/>\n<meta name=\"robots\" content=\"index, follow, max-snippet:-1, max-image-preview:large, max-video-preview:-1\" \/>\n<link rel=\"canonical\" href=\"https:\/\/anderskafka.cz\/eshop\/produkt\/sentiotec-pro-d-bluetooth-hudebni-prehravac-v-modernim-cernem-a-bilem-provedeni-kopirovat\/\" \/>\n<meta property=\"og:locale\" content=\"cs_CZ\" \/>\n<meta property=\"og:type\" content=\"article\" \/>\n<meta property=\"og:title\" content=\"HARVIA AUSTRIA PRO D BLUETOOTH \u2013 hudebn\u00ed p\u0159ehr\u00e1va\u010d v modern\u00edm \u010dern\u00e9m proveden\u00ed - Anders &amp; Kafka E-SHOP\" \/>\n<meta property=\"og:description\" content=\"Hudebn\u00ed p\u0159ehr\u00e1va\u010d Bluetooth s integrovan\u00fdm mikrofonem pro hand-free pou\u017eit\u00ed, s p\u0159\u00edstupem k hlasov\u00e9mu asistentovi a inovativn\u00edmi technologiemi jako Bluetooth 4.0 s dosahem a\u017e 30 m, \u0161pi\u010dkov\u00fdm zesilova\u010dem pro k\u0159i\u0161\u0165\u00e1lov\u011b \u010dist\u00fd zvuk a mo\u017enost\u00ed sou\u010dasn\u00e9ho p\u0159ipojen\u00ed a\u017e 3 za\u0159\u00edzen\u00ed. Vhodn\u00e9 do interi\u00e9ru sauny (max. teplota: 110\u00b0 C, max. rel. vlhkost 99% bez kondenzace; nevhodn\u00e9 pro parn\u00ed sauny). Stejn\u00fd design jako dal\u0161\u00ed \u0159\u00eddic\u00ed jednotky \u0159ady ProD.     Spole\u010dnost HARVIA AUSTRIA vyv\u00edj\u00ed a vyr\u00e1b\u00ed kvalitn\u00ed a inovativn\u00ed produkty ur\u010den\u00e9 k tomu, aby Va\u0161e chv\u00edle str\u00e1ven\u00e9 v saun\u011b byly co nejv\u00edce relaxuj\u00edc\u00ed.\" \/>\n<meta property=\"og:url\" content=\"https:\/\/anderskafka.cz\/eshop\/produkt\/sentiotec-pro-d-bluetooth-hudebni-prehravac-v-modernim-cernem-a-bilem-provedeni-kopirovat\/\" \/>\n<meta property=\"og:site_name\" content=\"Anders &amp; Kafka E-SHOP\" \/>\n<meta property=\"article:modified_time\" content=\"2026-02-04T11:18:45+00:00\" \/>\n<meta property=\"og:image\" content=\"https:\/\/anderskafka.cz\/eshop\/wp-content\/uploads\/sites\/3\/2023\/05\/Sentiotec_PRO-D-Bluetooth_PROD-BT-B_p1.png\" \/>\n\t<meta property=\"og:image:width\" content=\"1546\" \/>\n\t<meta property=\"og:image:height\" content=\"2000\" \/>\n\t<meta property=\"og:image:type\" content=\"image\/png\" \/>\n<meta name=\"twitter:card\" content=\"summary_large_image\" \/>\n<meta name=\"twitter:label1\" content=\"Odhadovan\u00e1 doba \u010dten\u00ed\" \/>\n\t<meta name=\"twitter:data1\" content=\"1 minuta\" \/>\n<script type=\"application\/ld+json\" class=\"yoast-schema-graph\">{\"@context\":\"https:\/\/schema.org\",\"@graph\":[{\"@type\":\"WebSite\",\"@id\":\"https:\/\/anderskafka.cz\/eshop\/#website\",\"url\":\"https:\/\/anderskafka.cz\/eshop\/\",\"name\":\"Anders &amp; Kafka E-SHOP\",\"description\":\"Anders &amp; Kafka E-SHOP\",\"potentialAction\":[{\"@type\":\"SearchAction\",\"target\":{\"@type\":\"EntryPoint\",\"urlTemplate\":\"https:\/\/anderskafka.cz\/eshop\/?s={search_term_string}\"},\"query-input\":\"required name=search_term_string\"}],\"inLanguage\":\"cs\"},{\"@type\":\"ImageObject\",\"@id\":\"https:\/\/anderskafka.cz\/eshop\/produkt\/sentiotec-pro-d-bluetooth-hudebni-prehravac-v-modernim-cernem-a-bilem-provedeni-kopirovat\/#primaryimage\",\"inLanguage\":\"cs\",\"url\":\"https:\/\/anderskafka.cz\/eshop\/wp-content\/uploads\/sites\/3\/2023\/05\/Sentiotec_PRO-D-Bluetooth_PROD-BT-B_p1.png\",\"contentUrl\":\"https:\/\/anderskafka.cz\/eshop\/wp-content\/uploads\/sites\/3\/2023\/05\/Sentiotec_PRO-D-Bluetooth_PROD-BT-B_p1.png\",\"width\":1546,\"height\":2000},{\"@type\":\"WebPage\",\"@id\":\"https:\/\/anderskafka.cz\/eshop\/produkt\/sentiotec-pro-d-bluetooth-hudebni-prehravac-v-modernim-cernem-a-bilem-provedeni-kopirovat\/#webpage\",\"url\":\"https:\/\/anderskafka.cz\/eshop\/produkt\/sentiotec-pro-d-bluetooth-hudebni-prehravac-v-modernim-cernem-a-bilem-provedeni-kopirovat\/\",\"name\":\"HARVIA AUSTRIA PRO D BLUETOOTH \u2013 hudebn\u00ed p\u0159ehr\u00e1va\u010d v modern\u00edm \u010dern\u00e9m proveden\u00ed - Anders &amp; Kafka E-SHOP\",\"isPartOf\":{\"@id\":\"https:\/\/anderskafka.cz\/eshop\/#website\"},\"primaryImageOfPage\":{\"@id\":\"https:\/\/anderskafka.cz\/eshop\/produkt\/sentiotec-pro-d-bluetooth-hudebni-prehravac-v-modernim-cernem-a-bilem-provedeni-kopirovat\/#primaryimage\"},\"datePublished\":\"2023-05-23T16:31:25+00:00\",\"dateModified\":\"2026-02-04T11:18:45+00:00\",\"description\":\"Hudebn\u00ed p\u0159ehr\u00e1va\u010d Bluetooth s integrovan\u00fdm mikrofonem pro hand-free pou\u017eit\u00ed, s p\u0159\u00edstupem k hlasov\u00e9mu asistentovi a inovativn\u00edmi technologiemi jako Bluetooth 4.0 s dosahem a\u017e 30 m, \u0161pi\u010dkov\u00fdm zesilova\u010dem pro k\u0159i\u0161\u0165\u00e1lov\u011b \u010dist\u00fd zvuk a mo\u017enost\u00ed sou\u010dasn\u00e9ho p\u0159ipojen\u00ed a\u017e 3 za\u0159\u00edzen\u00ed. Vhodn\u00e9 do interi\u00e9ru sauny (max. teplota: 110\u00b0 C, max. rel. vlhkost 99% bez kondenzace; nevhodn\u00e9 pro parn\u00ed sauny). Stejn\u00fd design jako dal\u0161\u00ed \u0159\u00eddic\u00ed jednotky \u0159ady ProD. Spole\u010dnost HARVIA AUSTRIA vyv\u00edj\u00ed a vyr\u00e1b\u00ed kvalitn\u00ed a inovativn\u00ed produkty ur\u010den\u00e9 k tomu, aby Va\u0161e chv\u00edle str\u00e1ven\u00e9 v saun\u011b byly co nejv\u00edce relaxuj\u00edc\u00ed.\",\"breadcrumb\":{\"@id\":\"https:\/\/anderskafka.cz\/eshop\/produkt\/sentiotec-pro-d-bluetooth-hudebni-prehravac-v-modernim-cernem-a-bilem-provedeni-kopirovat\/#breadcrumb\"},\"inLanguage\":\"cs\",\"potentialAction\":[{\"@type\":\"ReadAction\",\"target\":[\"https:\/\/anderskafka.cz\/eshop\/produkt\/sentiotec-pro-d-bluetooth-hudebni-prehravac-v-modernim-cernem-a-bilem-provedeni-kopirovat\/\"]}]},{\"@type\":\"BreadcrumbList\",\"@id\":\"https:\/\/anderskafka.cz\/eshop\/produkt\/sentiotec-pro-d-bluetooth-hudebni-prehravac-v-modernim-cernem-a-bilem-provedeni-kopirovat\/#breadcrumb\",\"itemListElement\":[{\"@type\":\"ListItem\",\"position\":1,\"name\":\"Obchod\",\"item\":\"https:\/\/anderskafka.cz\/eshop\/obchod\/\"},{\"@type\":\"ListItem\",\"position\":2,\"name\":\"HARVIA AUSTRIA PRO D BLUETOOTH \u2013 hudebn\u00ed p\u0159ehr\u00e1va\u010d v modern\u00edm \u010dern\u00e9m proveden\u00ed\"}]}]}<\/script>\n<!-- \/ Yoast SEO plugin. -->","yoast_head_json":{"title":"HARVIA AUSTRIA PRO D BLUETOOTH \u2013 hudebn\u00ed p\u0159ehr\u00e1va\u010d v modern\u00edm \u010dern\u00e9m proveden\u00ed - Anders &amp; Kafka E-SHOP","description":"Hudebn\u00ed p\u0159ehr\u00e1va\u010d Bluetooth s integrovan\u00fdm mikrofonem pro hand-free pou\u017eit\u00ed, s p\u0159\u00edstupem k hlasov\u00e9mu asistentovi a inovativn\u00edmi technologiemi jako Bluetooth 4.0 s dosahem a\u017e 30 m, \u0161pi\u010dkov\u00fdm zesilova\u010dem pro k\u0159i\u0161\u0165\u00e1lov\u011b \u010dist\u00fd zvuk a mo\u017enost\u00ed sou\u010dasn\u00e9ho p\u0159ipojen\u00ed a\u017e 3 za\u0159\u00edzen\u00ed. Vhodn\u00e9 do interi\u00e9ru sauny (max. teplota: 110\u00b0 C, max. rel. vlhkost 99% bez kondenzace; nevhodn\u00e9 pro parn\u00ed sauny). Stejn\u00fd design jako dal\u0161\u00ed \u0159\u00eddic\u00ed jednotky \u0159ady ProD.     Spole\u010dnost HARVIA AUSTRIA vyv\u00edj\u00ed a vyr\u00e1b\u00ed kvalitn\u00ed a inovativn\u00ed produkty ur\u010den\u00e9 k tomu, aby Va\u0161e chv\u00edle str\u00e1ven\u00e9 v saun\u011b byly co nejv\u00edce relaxuj\u00edc\u00ed.","robots":{"index":"index","follow":"follow","max-snippet":"max-snippet:-1","max-image-preview":"max-image-preview:large","max-video-preview":"max-video-preview:-1"},"canonical":"https:\/\/anderskafka.cz\/eshop\/produkt\/sentiotec-pro-d-bluetooth-hudebni-prehravac-v-modernim-cernem-a-bilem-provedeni-kopirovat\/","og_locale":"cs_CZ","og_type":"article","og_title":"HARVIA AUSTRIA PRO D BLUETOOTH \u2013 hudebn\u00ed p\u0159ehr\u00e1va\u010d v modern\u00edm \u010dern\u00e9m proveden\u00ed - Anders &amp; Kafka E-SHOP","og_description":"Hudebn\u00ed p\u0159ehr\u00e1va\u010d Bluetooth s integrovan\u00fdm mikrofonem pro hand-free pou\u017eit\u00ed, s p\u0159\u00edstupem k hlasov\u00e9mu asistentovi a inovativn\u00edmi technologiemi jako Bluetooth 4.0 s dosahem a\u017e 30 m, \u0161pi\u010dkov\u00fdm zesilova\u010dem pro k\u0159i\u0161\u0165\u00e1lov\u011b \u010dist\u00fd zvuk a mo\u017enost\u00ed sou\u010dasn\u00e9ho p\u0159ipojen\u00ed a\u017e 3 za\u0159\u00edzen\u00ed. Vhodn\u00e9 do interi\u00e9ru sauny (max. teplota: 110\u00b0 C, max. rel. vlhkost 99% bez kondenzace; nevhodn\u00e9 pro parn\u00ed sauny). Stejn\u00fd design jako dal\u0161\u00ed \u0159\u00eddic\u00ed jednotky \u0159ady ProD.     Spole\u010dnost HARVIA AUSTRIA vyv\u00edj\u00ed a vyr\u00e1b\u00ed kvalitn\u00ed a inovativn\u00ed produkty ur\u010den\u00e9 k tomu, aby Va\u0161e chv\u00edle str\u00e1ven\u00e9 v saun\u011b byly co nejv\u00edce relaxuj\u00edc\u00ed.","og_url":"https:\/\/anderskafka.cz\/eshop\/produkt\/sentiotec-pro-d-bluetooth-hudebni-prehravac-v-modernim-cernem-a-bilem-provedeni-kopirovat\/","og_site_name":"Anders &amp; Kafka E-SHOP","article_modified_time":"2026-02-04T11:18:45+00:00","og_image":[{"width":1546,"height":2000,"url":"https:\/\/anderskafka.cz\/eshop\/wp-content\/uploads\/sites\/3\/2023\/05\/Sentiotec_PRO-D-Bluetooth_PROD-BT-B_p1.png","type":"image\/png"}],"twitter_card":"summary_large_image","twitter_misc":{"Odhadovan\u00e1 doba \u010dten\u00ed":"1 minuta"},"schema":{"@context":"https:\/\/schema.org","@graph":[{"@type":"WebSite","@id":"https:\/\/anderskafka.cz\/eshop\/#website","url":"https:\/\/anderskafka.cz\/eshop\/","name":"Anders &amp; Kafka E-SHOP","description":"Anders &amp; Kafka E-SHOP","potentialAction":[{"@type":"SearchAction","target":{"@type":"EntryPoint","urlTemplate":"https:\/\/anderskafka.cz\/eshop\/?s={search_term_string}"},"query-input":"required name=search_term_string"}],"inLanguage":"cs"},{"@type":"ImageObject","@id":"https:\/\/anderskafka.cz\/eshop\/produkt\/sentiotec-pro-d-bluetooth-hudebni-prehravac-v-modernim-cernem-a-bilem-provedeni-kopirovat\/#primaryimage","inLanguage":"cs","url":"https:\/\/anderskafka.cz\/eshop\/wp-content\/uploads\/sites\/3\/2023\/05\/Sentiotec_PRO-D-Bluetooth_PROD-BT-B_p1.png","contentUrl":"https:\/\/anderskafka.cz\/eshop\/wp-content\/uploads\/sites\/3\/2023\/05\/Sentiotec_PRO-D-Bluetooth_PROD-BT-B_p1.png","width":1546,"height":2000},{"@type":"WebPage","@id":"https:\/\/anderskafka.cz\/eshop\/produkt\/sentiotec-pro-d-bluetooth-hudebni-prehravac-v-modernim-cernem-a-bilem-provedeni-kopirovat\/#webpage","url":"https:\/\/anderskafka.cz\/eshop\/produkt\/sentiotec-pro-d-bluetooth-hudebni-prehravac-v-modernim-cernem-a-bilem-provedeni-kopirovat\/","name":"HARVIA AUSTRIA PRO D BLUETOOTH \u2013 hudebn\u00ed p\u0159ehr\u00e1va\u010d v modern\u00edm \u010dern\u00e9m proveden\u00ed - Anders &amp; Kafka E-SHOP","isPartOf":{"@id":"https:\/\/anderskafka.cz\/eshop\/#website"},"primaryImageOfPage":{"@id":"https:\/\/anderskafka.cz\/eshop\/produkt\/sentiotec-pro-d-bluetooth-hudebni-prehravac-v-modernim-cernem-a-bilem-provedeni-kopirovat\/#primaryimage"},"datePublished":"2023-05-23T16:31:25+00:00","dateModified":"2026-02-04T11:18:45+00:00","description":"Hudebn\u00ed p\u0159ehr\u00e1va\u010d Bluetooth s integrovan\u00fdm mikrofonem pro hand-free pou\u017eit\u00ed, s p\u0159\u00edstupem k hlasov\u00e9mu asistentovi a inovativn\u00edmi technologiemi jako Bluetooth 4.0 s dosahem a\u017e 30 m, \u0161pi\u010dkov\u00fdm zesilova\u010dem pro k\u0159i\u0161\u0165\u00e1lov\u011b \u010dist\u00fd zvuk a mo\u017enost\u00ed sou\u010dasn\u00e9ho p\u0159ipojen\u00ed a\u017e 3 za\u0159\u00edzen\u00ed. Vhodn\u00e9 do interi\u00e9ru sauny (max. teplota: 110\u00b0 C, max. rel. vlhkost 99% bez kondenzace; nevhodn\u00e9 pro parn\u00ed sauny). Stejn\u00fd design jako dal\u0161\u00ed \u0159\u00eddic\u00ed jednotky \u0159ady ProD. Spole\u010dnost HARVIA AUSTRIA vyv\u00edj\u00ed a vyr\u00e1b\u00ed kvalitn\u00ed a inovativn\u00ed produkty ur\u010den\u00e9 k tomu, aby Va\u0161e chv\u00edle str\u00e1ven\u00e9 v saun\u011b byly co nejv\u00edce relaxuj\u00edc\u00ed.","breadcrumb":{"@id":"https:\/\/anderskafka.cz\/eshop\/produkt\/sentiotec-pro-d-bluetooth-hudebni-prehravac-v-modernim-cernem-a-bilem-provedeni-kopirovat\/#breadcrumb"},"inLanguage":"cs","potentialAction":[{"@type":"ReadAction","target":["https:\/\/anderskafka.cz\/eshop\/produkt\/sentiotec-pro-d-bluetooth-hudebni-prehravac-v-modernim-cernem-a-bilem-provedeni-kopirovat\/"]}]},{"@type":"BreadcrumbList","@id":"https:\/\/anderskafka.cz\/eshop\/produkt\/sentiotec-pro-d-bluetooth-hudebni-prehravac-v-modernim-cernem-a-bilem-provedeni-kopirovat\/#breadcrumb","itemListElement":[{"@type":"ListItem","position":1,"name":"Obchod","item":"https:\/\/anderskafka.cz\/eshop\/obchod\/"},{"@type":"ListItem","position":2,"name":"HARVIA AUSTRIA PRO D BLUETOOTH \u2013 hudebn\u00ed p\u0159ehr\u00e1va\u010d v modern\u00edm \u010dern\u00e9m proveden\u00ed"}]}]}},"locations":[],"_links":{"self":[{"href":"https:\/\/anderskafka.cz\/eshop\/wp-json\/wp\/v2\/product\/3519"}],"collection":[{"href":"https:\/\/anderskafka.cz\/eshop\/wp-json\/wp\/v2\/product"}],"about":[{"href":"https:\/\/anderskafka.cz\/eshop\/wp-json\/wp\/v2\/types\/product"}],"replies":[{"embeddable":true,"href":"https:\/\/anderskafka.cz\/eshop\/wp-json\/wp\/v2\/comments?post=3519"}],"wp:featuredmedia":[{"embeddable":true,"href":"https:\/\/anderskafka.cz\/eshop\/wp-json\/wp\/v2\/media\/3524"}],"wp:attachment":[{"href":"https:\/\/anderskafka.cz\/eshop\/wp-json\/wp\/v2\/media?parent=3519"}],"wp:term":[{"taxonomy":"location","embeddable":true,"href":"https:\/\/anderskafka.cz\/eshop\/wp-json\/wp\/v2\/location?post=3519"},{"taxonomy":"product_cat","embeddable":true,"href":"https:\/\/anderskafka.cz\/eshop\/wp-json\/wp\/v2\/product_cat?post=3519"},{"taxonomy":"product_tag","embeddable":true,"href":"https:\/\/anderskafka.cz\/eshop\/wp-json\/wp\/v2\/product_tag?post=3519"}],"curies":[{"name":"wp","href":"https:\/\/api.w.org\/{rel}","templated":true}]}}