{"id":3540,"date":"2023-05-24T10:57:15","date_gmt":"2023-05-24T08:57:15","guid":{"rendered":"https:\/\/anderskafka.cz\/eshop\/?post_type=product&#038;p=3540"},"modified":"2026-04-21T10:27:57","modified_gmt":"2026-04-21T08:27:57","slug":"eos-glt-knx-modul-pro-integraci-rizeni-sauny-nadrazenym-system-chytre-domacnosti","status":"publish","type":"product","link":"https:\/\/anderskafka.cz\/eshop\/produkt\/eos-glt-knx-modul-pro-integraci-rizeni-sauny-nadrazenym-system-chytre-domacnosti\/","title":{"rendered":"EOS\u2013GLT knx modul pro integraci ovl\u00e1d\u00e1n\u00ed sauny pomoc\u00ed nad\u0159azen\u00e9ho syst\u00e9mu chytr\u00e9 dom\u00e1cnosti"},"content":{"rendered":"<p>Chytr\u00e1 sauna pro chytrou dom\u00e1cnost.<\/p>\n<p>Modul KNX umo\u017e\u0148uje integraci ovl\u00e1d\u00e1n\u00ed Va\u0161\u00ed sauny do nad\u0159azen\u00e9ho syst\u00e9mu chytr\u00e9 dom\u00e1cnosti pomoc\u00ed komunika\u010dn\u00edch protokol\u016f KNX.<\/p>\n<p><b>KNX<\/b> je otev\u0159en\u00fd standard ozna\u010dov\u00e1n t\u00e9\u017e jako EN 50090 \u010di ISO\/IEC 14543 a je vyu\u017e\u00edv\u00e1n pro komer\u010dn\u00ed \u010di dom\u00e1c\u00ed automatizaci budov. Za\u0159\u00edzen\u00ed vyu\u017e\u00edvaj\u00edc\u00ed protokol KNX mohou \u0159\u00eddit osv\u011btlen\u00ed, klimatiza\u010dn\u00ed jednotky, bezpe\u010dnostn\u00ed syst\u00e9my, syst\u00e9my pro spr\u00e1vu energi\u00ed, audio\/video techniku, chytr\u00e9 lednice, displeje a mnoho dal\u0161\u00edch za\u0159\u00edzen\u00ed.<\/p>\n<p>Vhodn\u00e9 pro n\u00e1sleduj\u00edc\u00ed \u0159ady \u0159\u00eddic\u00edch jednotek EOS Compact DC\/HC, EmoTec, EmoStyle a EmoTouch 3.<\/p>\n<p>Umo\u017e\u0148uje d\u00e1lkov\u00e9 ovl\u00e1d\u00e1n\u00ed: saunov\u00fdch topidel (i s v\u00fdparn\u00edkem), teploty a vlhkosti, sv\u011btla se stm\u00edv\u00e1n\u00edm, sledov\u00e1n\u00ed teploty a vlhkosti, stavu sauny atd.<br \/>\nVelmi jednoduch\u00e1 instalace. P\u0159ipojen\u00ed k \u0159\u00eddic\u00ed jednotce sauny p\u0159es konektor saunov\u00e9 sb\u011brnice.<\/p>\n","protected":false},"excerpt":{"rendered":"<div>\n<p>Chytr\u00e1 sauna pro chytrou dom\u00e1cnost.<br \/>\nModul KNX umo\u017e\u0148uje integraci ovl\u00e1d\u00e1n\u00ed va\u0161\u00ed sauny do nad\u0159azen\u00e9ho syst\u00e9mu chytr\u00e9 dom\u00e1cnosti pomoc\u00ed komunika\u010dn\u00edch protokol\u016f KNX.<br \/>\nVhodn\u00e9 pro n\u00e1sleduj\u00edc\u00ed \u0159ady \u0159\u00eddic\u00edch jednotek EOS Compact DC\/HC, EmoTec, EmoStyle a EmoTouch 3.<br \/>\nUmo\u017e\u0148uje d\u00e1lkov\u00e9 ovl\u00e1d\u00e1n\u00ed: saunov\u00fdch topidel, teploty a vlhkosti, sv\u011btla se stm\u00edv\u00e1n\u00edm, sledov\u00e1n\u00ed teploty a vlhkosti, stavu sauny atd.<br \/>\nVelmi jednoduch\u00e1 instalace. P\u0159ipojen\u00ed k \u0159\u00eddic\u00ed jednotce sauny p\u0159es konektor saunov\u00e9 sb\u011brnice.<\/p>\n<\/div>\n<p>EOS, nejkvalitn\u011bj\u0161\u00ed produkty pro saunu vyroben\u00e9 v N\u011bmecku s 50ti letou tradic\u00ed.<\/p>\n<p><img loading=\"lazy\" class=\"alignnone size-full wp-image-1496 aligncenter\" src=\"https:\/\/anderskafka.cz\/eshop\/wp-content\/uploads\/sites\/3\/2022\/12\/made-in-germany-label-icon-of-german-flag-map-vector-22965302.jpg\" alt=\"\" width=\"250\" height=\"250\" srcset=\"https:\/\/anderskafka.cz\/eshop\/wp-content\/uploads\/sites\/3\/2022\/12\/made-in-germany-label-icon-of-german-flag-map-vector-22965302.jpg 250w, https:\/\/anderskafka.cz\/eshop\/wp-content\/uploads\/sites\/3\/2022\/12\/made-in-germany-label-icon-of-german-flag-map-vector-22965302-150x150.jpg 150w, https:\/\/anderskafka.cz\/eshop\/wp-content\/uploads\/sites\/3\/2022\/12\/made-in-germany-label-icon-of-german-flag-map-vector-22965302-100x100.jpg 100w, https:\/\/anderskafka.cz\/eshop\/wp-content\/uploads\/sites\/3\/2022\/12\/made-in-germany-label-icon-of-german-flag-map-vector-22965302-64x64.jpg 64w\" sizes=\"(max-width: 250px) 100vw, 250px\" \/><\/p>\n<div>\n<p>&nbsp;<\/p>\n<\/div>\n","protected":false},"featured_media":3545,"comment_status":"open","ping_status":"closed","template":"","meta":{"site-sidebar-layout":"default","site-content-layout":"default","ast-main-header-display":"","ast-hfb-above-header-display":"","ast-hfb-below-header-display":"","ast-hfb-mobile-header-display":"","site-post-title":"","ast-breadcrumbs-content":"","ast-featured-img":"","footer-sml-layout":"","theme-transparent-header-meta":"","adv-header-id-meta":"","stick-header-meta":"","header-above-stick-meta":"","header-main-stick-meta":"","header-below-stick-meta":""},"location":[],"product_cat":[701],"product_tag":[443],"yoast_head":"<!-- This site is optimized with the Yoast SEO plugin v18.5.1 - https:\/\/yoast.com\/wordpress\/plugins\/seo\/ -->\n<title>EOS\u2013GLT knx modul pro integraci ovl\u00e1d\u00e1n\u00ed sauny pomoc\u00ed nad\u0159azen\u00e9ho syst\u00e9mu chytr\u00e9 dom\u00e1cnosti - Anders &amp; Kafka E-SHOP<\/title>\n<meta name=\"description\" content=\"Chytr\u00e1 sauna pro chytrou dom\u00e1cnost. Modul KNX umo\u017e\u0148uje integraci ovl\u00e1d\u00e1n\u00ed va\u0161\u00ed sauny do nad\u0159azen\u00e9ho syst\u00e9mu chytr\u00e9 dom\u00e1cnosti pomoc\u00ed komunika\u010dn\u00edch protokol\u016f KNX. Vhodn\u00e9 pro n\u00e1sleduj\u00edc\u00ed \u0159ady \u0159\u00eddic\u00edch jednotek EOS Compact DC\/HC, EmoTec, EmoStyle a EmoTouch 3. Umo\u017e\u0148uje d\u00e1lkov\u00e9 ovl\u00e1d\u00e1n\u00ed: saunov\u00fdch topidel, teploty a vlhkosti, sv\u011btla se stm\u00edv\u00e1n\u00edm, sledov\u00e1n\u00ed teploty a vlhkosti, stavu sauny atd. Velmi jednoduch\u00e1 instalace. P\u0159ipojen\u00ed k \u0159\u00eddic\u00ed jednotce sauny p\u0159es konektor saunov\u00e9 sb\u011brnice.   EOS, nejkvalitn\u011bj\u0161\u00ed produkty pro saunu vyroben\u00e9 v N\u011bmecku s 50ti letou tradic\u00ed.     &nbsp;\" \/>\n<meta name=\"robots\" content=\"index, follow, max-snippet:-1, max-image-preview:large, max-video-preview:-1\" \/>\n<link rel=\"canonical\" href=\"https:\/\/anderskafka.cz\/eshop\/produkt\/eos-glt-knx-modul-pro-integraci-rizeni-sauny-nadrazenym-system-chytre-domacnosti\/\" \/>\n<meta property=\"og:locale\" content=\"cs_CZ\" \/>\n<meta property=\"og:type\" content=\"article\" \/>\n<meta property=\"og:title\" content=\"EOS\u2013GLT knx modul pro integraci ovl\u00e1d\u00e1n\u00ed sauny pomoc\u00ed nad\u0159azen\u00e9ho syst\u00e9mu chytr\u00e9 dom\u00e1cnosti - Anders &amp; Kafka E-SHOP\" \/>\n<meta property=\"og:description\" content=\"Chytr\u00e1 sauna pro chytrou dom\u00e1cnost. Modul KNX umo\u017e\u0148uje integraci ovl\u00e1d\u00e1n\u00ed va\u0161\u00ed sauny do nad\u0159azen\u00e9ho syst\u00e9mu chytr\u00e9 dom\u00e1cnosti pomoc\u00ed komunika\u010dn\u00edch protokol\u016f KNX. Vhodn\u00e9 pro n\u00e1sleduj\u00edc\u00ed \u0159ady \u0159\u00eddic\u00edch jednotek EOS Compact DC\/HC, EmoTec, EmoStyle a EmoTouch 3. Umo\u017e\u0148uje d\u00e1lkov\u00e9 ovl\u00e1d\u00e1n\u00ed: saunov\u00fdch topidel, teploty a vlhkosti, sv\u011btla se stm\u00edv\u00e1n\u00edm, sledov\u00e1n\u00ed teploty a vlhkosti, stavu sauny atd. Velmi jednoduch\u00e1 instalace. P\u0159ipojen\u00ed k \u0159\u00eddic\u00ed jednotce sauny p\u0159es konektor saunov\u00e9 sb\u011brnice.   EOS, nejkvalitn\u011bj\u0161\u00ed produkty pro saunu vyroben\u00e9 v N\u011bmecku s 50ti letou tradic\u00ed.     &nbsp;\" \/>\n<meta property=\"og:url\" content=\"https:\/\/anderskafka.cz\/eshop\/produkt\/eos-glt-knx-modul-pro-integraci-rizeni-sauny-nadrazenym-system-chytre-domacnosti\/\" \/>\n<meta property=\"og:site_name\" content=\"Anders &amp; Kafka E-SHOP\" \/>\n<meta property=\"article:modified_time\" content=\"2026-04-21T08:27:57+00:00\" \/>\n<meta property=\"og:image\" content=\"https:\/\/anderskafka.cz\/eshop\/wp-content\/uploads\/sites\/3\/2023\/05\/KNX.png\" \/>\n\t<meta property=\"og:image:width\" content=\"325\" \/>\n\t<meta property=\"og:image:height\" content=\"155\" \/>\n\t<meta property=\"og:image:type\" content=\"image\/png\" \/>\n<meta name=\"twitter:card\" content=\"summary_large_image\" \/>\n<meta name=\"twitter:label1\" content=\"Odhadovan\u00e1 doba \u010dten\u00ed\" \/>\n\t<meta name=\"twitter:data1\" content=\"1 minuta\" \/>\n<script type=\"application\/ld+json\" class=\"yoast-schema-graph\">{\"@context\":\"https:\/\/schema.org\",\"@graph\":[{\"@type\":\"WebSite\",\"@id\":\"https:\/\/anderskafka.cz\/eshop\/#website\",\"url\":\"https:\/\/anderskafka.cz\/eshop\/\",\"name\":\"Anders &amp; Kafka E-SHOP\",\"description\":\"Anders &amp; Kafka E-SHOP\",\"potentialAction\":[{\"@type\":\"SearchAction\",\"target\":{\"@type\":\"EntryPoint\",\"urlTemplate\":\"https:\/\/anderskafka.cz\/eshop\/?s={search_term_string}\"},\"query-input\":\"required name=search_term_string\"}],\"inLanguage\":\"cs\"},{\"@type\":\"ImageObject\",\"@id\":\"https:\/\/anderskafka.cz\/eshop\/produkt\/eos-glt-knx-modul-pro-integraci-rizeni-sauny-nadrazenym-system-chytre-domacnosti\/#primaryimage\",\"inLanguage\":\"cs\",\"url\":\"https:\/\/anderskafka.cz\/eshop\/wp-content\/uploads\/sites\/3\/2023\/05\/KNX.png\",\"contentUrl\":\"https:\/\/anderskafka.cz\/eshop\/wp-content\/uploads\/sites\/3\/2023\/05\/KNX.png\",\"width\":325,\"height\":155},{\"@type\":\"WebPage\",\"@id\":\"https:\/\/anderskafka.cz\/eshop\/produkt\/eos-glt-knx-modul-pro-integraci-rizeni-sauny-nadrazenym-system-chytre-domacnosti\/#webpage\",\"url\":\"https:\/\/anderskafka.cz\/eshop\/produkt\/eos-glt-knx-modul-pro-integraci-rizeni-sauny-nadrazenym-system-chytre-domacnosti\/\",\"name\":\"EOS\u2013GLT knx modul pro integraci ovl\u00e1d\u00e1n\u00ed sauny pomoc\u00ed nad\u0159azen\u00e9ho syst\u00e9mu chytr\u00e9 dom\u00e1cnosti - Anders &amp; Kafka E-SHOP\",\"isPartOf\":{\"@id\":\"https:\/\/anderskafka.cz\/eshop\/#website\"},\"primaryImageOfPage\":{\"@id\":\"https:\/\/anderskafka.cz\/eshop\/produkt\/eos-glt-knx-modul-pro-integraci-rizeni-sauny-nadrazenym-system-chytre-domacnosti\/#primaryimage\"},\"datePublished\":\"2023-05-24T08:57:15+00:00\",\"dateModified\":\"2026-04-21T08:27:57+00:00\",\"description\":\"Chytr\u00e1 sauna pro chytrou dom\u00e1cnost. Modul KNX umo\u017e\u0148uje integraci ovl\u00e1d\u00e1n\u00ed va\u0161\u00ed sauny do nad\u0159azen\u00e9ho syst\u00e9mu chytr\u00e9 dom\u00e1cnosti pomoc\u00ed komunika\u010dn\u00edch protokol\u016f KNX. Vhodn\u00e9 pro n\u00e1sleduj\u00edc\u00ed \u0159ady \u0159\u00eddic\u00edch jednotek EOS Compact DC\/HC, EmoTec, EmoStyle a EmoTouch 3. Umo\u017e\u0148uje d\u00e1lkov\u00e9 ovl\u00e1d\u00e1n\u00ed: saunov\u00fdch topidel, teploty a vlhkosti, sv\u011btla se stm\u00edv\u00e1n\u00edm, sledov\u00e1n\u00ed teploty a vlhkosti, stavu sauny atd. Velmi jednoduch\u00e1 instalace. P\u0159ipojen\u00ed k \u0159\u00eddic\u00ed jednotce sauny p\u0159es konektor saunov\u00e9 sb\u011brnice. EOS, nejkvalitn\u011bj\u0161\u00ed produkty pro saunu vyroben\u00e9 v N\u011bmecku s 50ti letou tradic\u00ed. &nbsp;\",\"breadcrumb\":{\"@id\":\"https:\/\/anderskafka.cz\/eshop\/produkt\/eos-glt-knx-modul-pro-integraci-rizeni-sauny-nadrazenym-system-chytre-domacnosti\/#breadcrumb\"},\"inLanguage\":\"cs\",\"potentialAction\":[{\"@type\":\"ReadAction\",\"target\":[\"https:\/\/anderskafka.cz\/eshop\/produkt\/eos-glt-knx-modul-pro-integraci-rizeni-sauny-nadrazenym-system-chytre-domacnosti\/\"]}]},{\"@type\":\"BreadcrumbList\",\"@id\":\"https:\/\/anderskafka.cz\/eshop\/produkt\/eos-glt-knx-modul-pro-integraci-rizeni-sauny-nadrazenym-system-chytre-domacnosti\/#breadcrumb\",\"itemListElement\":[{\"@type\":\"ListItem\",\"position\":1,\"name\":\"Obchod\",\"item\":\"https:\/\/anderskafka.cz\/eshop\/obchod\/\"},{\"@type\":\"ListItem\",\"position\":2,\"name\":\"EOS\u2013GLT knx modul pro integraci ovl\u00e1d\u00e1n\u00ed sauny pomoc\u00ed nad\u0159azen\u00e9ho syst\u00e9mu chytr\u00e9 dom\u00e1cnosti\"}]}]}<\/script>\n<!-- \/ Yoast SEO plugin. -->","yoast_head_json":{"title":"EOS\u2013GLT knx modul pro integraci ovl\u00e1d\u00e1n\u00ed sauny pomoc\u00ed nad\u0159azen\u00e9ho syst\u00e9mu chytr\u00e9 dom\u00e1cnosti - Anders &amp; Kafka E-SHOP","description":"Chytr\u00e1 sauna pro chytrou dom\u00e1cnost. Modul KNX umo\u017e\u0148uje integraci ovl\u00e1d\u00e1n\u00ed va\u0161\u00ed sauny do nad\u0159azen\u00e9ho syst\u00e9mu chytr\u00e9 dom\u00e1cnosti pomoc\u00ed komunika\u010dn\u00edch protokol\u016f KNX. Vhodn\u00e9 pro n\u00e1sleduj\u00edc\u00ed \u0159ady \u0159\u00eddic\u00edch jednotek EOS Compact DC\/HC, EmoTec, EmoStyle a EmoTouch 3. Umo\u017e\u0148uje d\u00e1lkov\u00e9 ovl\u00e1d\u00e1n\u00ed: saunov\u00fdch topidel, teploty a vlhkosti, sv\u011btla se stm\u00edv\u00e1n\u00edm, sledov\u00e1n\u00ed teploty a vlhkosti, stavu sauny atd. Velmi jednoduch\u00e1 instalace. P\u0159ipojen\u00ed k \u0159\u00eddic\u00ed jednotce sauny p\u0159es konektor saunov\u00e9 sb\u011brnice.   EOS, nejkvalitn\u011bj\u0161\u00ed produkty pro saunu vyroben\u00e9 v N\u011bmecku s 50ti letou tradic\u00ed.     &nbsp;","robots":{"index":"index","follow":"follow","max-snippet":"max-snippet:-1","max-image-preview":"max-image-preview:large","max-video-preview":"max-video-preview:-1"},"canonical":"https:\/\/anderskafka.cz\/eshop\/produkt\/eos-glt-knx-modul-pro-integraci-rizeni-sauny-nadrazenym-system-chytre-domacnosti\/","og_locale":"cs_CZ","og_type":"article","og_title":"EOS\u2013GLT knx modul pro integraci ovl\u00e1d\u00e1n\u00ed sauny pomoc\u00ed nad\u0159azen\u00e9ho syst\u00e9mu chytr\u00e9 dom\u00e1cnosti - Anders &amp; Kafka E-SHOP","og_description":"Chytr\u00e1 sauna pro chytrou dom\u00e1cnost. Modul KNX umo\u017e\u0148uje integraci ovl\u00e1d\u00e1n\u00ed va\u0161\u00ed sauny do nad\u0159azen\u00e9ho syst\u00e9mu chytr\u00e9 dom\u00e1cnosti pomoc\u00ed komunika\u010dn\u00edch protokol\u016f KNX. Vhodn\u00e9 pro n\u00e1sleduj\u00edc\u00ed \u0159ady \u0159\u00eddic\u00edch jednotek EOS Compact DC\/HC, EmoTec, EmoStyle a EmoTouch 3. Umo\u017e\u0148uje d\u00e1lkov\u00e9 ovl\u00e1d\u00e1n\u00ed: saunov\u00fdch topidel, teploty a vlhkosti, sv\u011btla se stm\u00edv\u00e1n\u00edm, sledov\u00e1n\u00ed teploty a vlhkosti, stavu sauny atd. Velmi jednoduch\u00e1 instalace. P\u0159ipojen\u00ed k \u0159\u00eddic\u00ed jednotce sauny p\u0159es konektor saunov\u00e9 sb\u011brnice.   EOS, nejkvalitn\u011bj\u0161\u00ed produkty pro saunu vyroben\u00e9 v N\u011bmecku s 50ti letou tradic\u00ed.     &nbsp;","og_url":"https:\/\/anderskafka.cz\/eshop\/produkt\/eos-glt-knx-modul-pro-integraci-rizeni-sauny-nadrazenym-system-chytre-domacnosti\/","og_site_name":"Anders &amp; Kafka E-SHOP","article_modified_time":"2026-04-21T08:27:57+00:00","og_image":[{"width":325,"height":155,"url":"https:\/\/anderskafka.cz\/eshop\/wp-content\/uploads\/sites\/3\/2023\/05\/KNX.png","type":"image\/png"}],"twitter_card":"summary_large_image","twitter_misc":{"Odhadovan\u00e1 doba \u010dten\u00ed":"1 minuta"},"schema":{"@context":"https:\/\/schema.org","@graph":[{"@type":"WebSite","@id":"https:\/\/anderskafka.cz\/eshop\/#website","url":"https:\/\/anderskafka.cz\/eshop\/","name":"Anders &amp; Kafka E-SHOP","description":"Anders &amp; Kafka E-SHOP","potentialAction":[{"@type":"SearchAction","target":{"@type":"EntryPoint","urlTemplate":"https:\/\/anderskafka.cz\/eshop\/?s={search_term_string}"},"query-input":"required name=search_term_string"}],"inLanguage":"cs"},{"@type":"ImageObject","@id":"https:\/\/anderskafka.cz\/eshop\/produkt\/eos-glt-knx-modul-pro-integraci-rizeni-sauny-nadrazenym-system-chytre-domacnosti\/#primaryimage","inLanguage":"cs","url":"https:\/\/anderskafka.cz\/eshop\/wp-content\/uploads\/sites\/3\/2023\/05\/KNX.png","contentUrl":"https:\/\/anderskafka.cz\/eshop\/wp-content\/uploads\/sites\/3\/2023\/05\/KNX.png","width":325,"height":155},{"@type":"WebPage","@id":"https:\/\/anderskafka.cz\/eshop\/produkt\/eos-glt-knx-modul-pro-integraci-rizeni-sauny-nadrazenym-system-chytre-domacnosti\/#webpage","url":"https:\/\/anderskafka.cz\/eshop\/produkt\/eos-glt-knx-modul-pro-integraci-rizeni-sauny-nadrazenym-system-chytre-domacnosti\/","name":"EOS\u2013GLT knx modul pro integraci ovl\u00e1d\u00e1n\u00ed sauny pomoc\u00ed nad\u0159azen\u00e9ho syst\u00e9mu chytr\u00e9 dom\u00e1cnosti - Anders &amp; Kafka E-SHOP","isPartOf":{"@id":"https:\/\/anderskafka.cz\/eshop\/#website"},"primaryImageOfPage":{"@id":"https:\/\/anderskafka.cz\/eshop\/produkt\/eos-glt-knx-modul-pro-integraci-rizeni-sauny-nadrazenym-system-chytre-domacnosti\/#primaryimage"},"datePublished":"2023-05-24T08:57:15+00:00","dateModified":"2026-04-21T08:27:57+00:00","description":"Chytr\u00e1 sauna pro chytrou dom\u00e1cnost. Modul KNX umo\u017e\u0148uje integraci ovl\u00e1d\u00e1n\u00ed va\u0161\u00ed sauny do nad\u0159azen\u00e9ho syst\u00e9mu chytr\u00e9 dom\u00e1cnosti pomoc\u00ed komunika\u010dn\u00edch protokol\u016f KNX. Vhodn\u00e9 pro n\u00e1sleduj\u00edc\u00ed \u0159ady \u0159\u00eddic\u00edch jednotek EOS Compact DC\/HC, EmoTec, EmoStyle a EmoTouch 3. Umo\u017e\u0148uje d\u00e1lkov\u00e9 ovl\u00e1d\u00e1n\u00ed: saunov\u00fdch topidel, teploty a vlhkosti, sv\u011btla se stm\u00edv\u00e1n\u00edm, sledov\u00e1n\u00ed teploty a vlhkosti, stavu sauny atd. Velmi jednoduch\u00e1 instalace. P\u0159ipojen\u00ed k \u0159\u00eddic\u00ed jednotce sauny p\u0159es konektor saunov\u00e9 sb\u011brnice. EOS, nejkvalitn\u011bj\u0161\u00ed produkty pro saunu vyroben\u00e9 v N\u011bmecku s 50ti letou tradic\u00ed. &nbsp;","breadcrumb":{"@id":"https:\/\/anderskafka.cz\/eshop\/produkt\/eos-glt-knx-modul-pro-integraci-rizeni-sauny-nadrazenym-system-chytre-domacnosti\/#breadcrumb"},"inLanguage":"cs","potentialAction":[{"@type":"ReadAction","target":["https:\/\/anderskafka.cz\/eshop\/produkt\/eos-glt-knx-modul-pro-integraci-rizeni-sauny-nadrazenym-system-chytre-domacnosti\/"]}]},{"@type":"BreadcrumbList","@id":"https:\/\/anderskafka.cz\/eshop\/produkt\/eos-glt-knx-modul-pro-integraci-rizeni-sauny-nadrazenym-system-chytre-domacnosti\/#breadcrumb","itemListElement":[{"@type":"ListItem","position":1,"name":"Obchod","item":"https:\/\/anderskafka.cz\/eshop\/obchod\/"},{"@type":"ListItem","position":2,"name":"EOS\u2013GLT knx modul pro integraci ovl\u00e1d\u00e1n\u00ed sauny pomoc\u00ed nad\u0159azen\u00e9ho syst\u00e9mu chytr\u00e9 dom\u00e1cnosti"}]}]}},"locations":[],"_links":{"self":[{"href":"https:\/\/anderskafka.cz\/eshop\/wp-json\/wp\/v2\/product\/3540"}],"collection":[{"href":"https:\/\/anderskafka.cz\/eshop\/wp-json\/wp\/v2\/product"}],"about":[{"href":"https:\/\/anderskafka.cz\/eshop\/wp-json\/wp\/v2\/types\/product"}],"replies":[{"embeddable":true,"href":"https:\/\/anderskafka.cz\/eshop\/wp-json\/wp\/v2\/comments?post=3540"}],"wp:featuredmedia":[{"embeddable":true,"href":"https:\/\/anderskafka.cz\/eshop\/wp-json\/wp\/v2\/media\/3545"}],"wp:attachment":[{"href":"https:\/\/anderskafka.cz\/eshop\/wp-json\/wp\/v2\/media?parent=3540"}],"wp:term":[{"taxonomy":"location","embeddable":true,"href":"https:\/\/anderskafka.cz\/eshop\/wp-json\/wp\/v2\/location?post=3540"},{"taxonomy":"product_cat","embeddable":true,"href":"https:\/\/anderskafka.cz\/eshop\/wp-json\/wp\/v2\/product_cat?post=3540"},{"taxonomy":"product_tag","embeddable":true,"href":"https:\/\/anderskafka.cz\/eshop\/wp-json\/wp\/v2\/product_tag?post=3540"}],"curies":[{"name":"wp","href":"https:\/\/api.w.org\/{rel}","templated":true}]}}