{"id":3551,"date":"2023-05-24T12:15:25","date_gmt":"2023-05-24T10:15:25","guid":{"rendered":"https:\/\/anderskafka.cz\/eshop\/?post_type=product&#038;p=3551"},"modified":"2026-02-09T06:41:41","modified_gmt":"2026-02-09T05:41:41","slug":"lano-bile-k-zaveseni-nebo-prodlouzeni-zavesu-za-1-m","status":"publish","type":"product","link":"https:\/\/anderskafka.cz\/eshop\/produkt\/lano-bile-k-zaveseni-nebo-prodlouzeni-zavesu-za-1-m\/","title":{"rendered":"lano b\u00edl\u00e9 k zav\u011b\u0161en\u00ed nebo prodlou\u017een\u00ed z\u00e1v\u011bsu \u2013 za 1 M"},"content":{"rendered":"<p>Lano slou\u017e\u00ed <strong>k zav\u011b\u0161en\u00ed\u00a0<\/strong>z\u00e1v\u011bsn\u00e9ho k\u0159esla <strong>do kotevn\u00edho prvku <\/strong>(vrut ve stropu, tr\u00e1m, v\u011btev aj.)<strong> V\u017edy zvolte jen takov\u00fd kotevn\u00ed prvek,\u00a0kter\u00fd bezpe\u010dn\u011b unese vzniklou z\u00e1t\u011b\u017e.<\/strong><\/p>\n<p>V p\u0159\u00edpad\u011b vyu\u017eit\u00ed vrutu\/oka\/h\u00e1ku ve stropu, kter\u00fd je vysok\u00fd do 3 m, doporu\u010dujeme u jednoliv\u00fdch produkt\u016f lano o n\u00e1sleduj\u00edc\u00ed d\u00e9lce:<\/p>\n<ul>\n<li style=\"list-style-type: none\">\n<ul>\n<li>\u00a0Hojdavak Junior: <strong>4 m<\/strong> lana<\/li>\n<li>\u00a0Hojdavak Maxi: <strong>2 m<\/strong> lana<\/li>\n<li>\u00a0Hojdavak Maximus: <strong>2 m<\/strong> lana<\/li>\n<\/ul>\n<\/li>\n<\/ul>\n<p>Pokud k zav\u011b\u0161en\u00ed vaku chcete vyu\u017e\u00edt tr\u00e1m\/v\u011btev, navy\u0161te po\u010det metr\u016f o obvod kotevn\u00edho prvku.<\/p>\n<p><strong>Lano k prodlou\u017een\u00ed z\u00e1v\u011bsu uva\u017ete tak,\u00a0aby se v m\u00edst\u011b \u00fachytu neod\u00edralo. Toho doc\u00edl\u00edte vyu\u017eit\u00edm li\u0161\u010d\u00ed smy\u010dky a v\u016fdcovsk\u00e9ho uzlu nebo v\u016fdcovsk\u00e9 smy\u010dky. Pevnost uzlu v\u017edy vyzkou\u0161ejte vlastn\u00ed vahou!<\/strong><\/p>\n<p>&nbsp;<\/p>\n<p><img loading=\"lazy\" class=\"alignnone size-full wp-image-3552\" src=\"https:\/\/anderskafka.cz\/eshop\/wp-content\/uploads\/sites\/3\/2023\/05\/lano2019-11-04-13-05-50.jpg\" alt=\"\" width=\"116\" height=\"162\" srcset=\"https:\/\/anderskafka.cz\/eshop\/wp-content\/uploads\/sites\/3\/2023\/05\/lano2019-11-04-13-05-50.jpg 116w, https:\/\/anderskafka.cz\/eshop\/wp-content\/uploads\/sites\/3\/2023\/05\/lano2019-11-04-13-05-50-64x89.jpg 64w\" sizes=\"(max-width: 116px) 100vw, 116px\" \/>\u00a0 \u00a0 \u00a0 \u00a0 \u00a0 \u00a0 \u00a0 \u00a0 \u00a0 \u00a0 \u00a0\u00a0\u00a0 <img loading=\"lazy\" class=\"alignnone size-full wp-image-3553\" src=\"https:\/\/anderskafka.cz\/eshop\/wp-content\/uploads\/sites\/3\/2023\/05\/lisci-smycka-vudcovsky-uzel.jpg\" alt=\"\" width=\"213\" height=\"123\" srcset=\"https:\/\/anderskafka.cz\/eshop\/wp-content\/uploads\/sites\/3\/2023\/05\/lisci-smycka-vudcovsky-uzel.jpg 213w, https:\/\/anderskafka.cz\/eshop\/wp-content\/uploads\/sites\/3\/2023\/05\/lisci-smycka-vudcovsky-uzel-64x37.jpg 64w\" sizes=\"(max-width: 213px) 100vw, 213px\" \/><\/p>\n<p>&nbsp;<\/p>\n<p>Pokud objedn\u00e1te samostatn\u00e9 lano k prodlou\u017een\u00ed z\u00e1v\u011bsu spole\u010dn\u011b s Bal\u00ed\u010dkem do stropu JUNIOR nebo MAXI\/MUS, bude o po\u017eadovan\u00e9 metry lano v bal\u00ed\u010dku prodlou\u017eeno a dod\u00e1no v celku.<\/p>\n<p><strong>POPIS LANA<\/strong><\/p>\n<ul>\n<li>pleten\u00e9 polyesterov\u00e9 lano s j\u00e1drem, z \u0159ady jachtingov\u00fdch lan<\/li>\n<li>barva b\u00edl\u00e1<\/li>\n<li>pr\u016fm\u011br 8 mm<\/li>\n<li>nosnost 200 kg<\/li>\n<li>vysok\u00e1 pevnost a od\u011bruvzdornost<\/li>\n<li><strong>vhodn\u00e9 do interi\u00e9ru i exteri\u00e9ru<\/strong><\/li>\n<\/ul>\n<p><strong>Udr\u017eujte lano mimo zdroje tepla a mimo dosah chemik\u00e1li\u00ed!<\/strong><\/p>\n<p><span style=\"color: #ff0000\"><strong>Pravideln\u011b kontrolujte, zda se lano neod\u00edr\u00e1 a nedoch\u00e1z\u00ed tak k mechanick\u00e9mu po\u0161kozen\u00ed, co\u017e v\u00fdrazn\u011b sni\u017euje nosnost lana. V takov\u00e9m p\u0159\u00edpad\u011b lano okam\u017eit\u011b vym\u011b\u0148te za nov\u00e9!<\/strong><\/span><\/p>\n","protected":false},"excerpt":{"rendered":"<p>Velmi odoln\u00e9 lano (jachtingov\u00e9) vhodn\u00e9 pro zav\u011b\u0161en\u00ed v\u0161ech typ\u016f Hojdavak\u016f pro interi\u00e9r i exteri\u00e9r. Nosnost 200 kg.<\/p>\n<p>&nbsp;<\/p>\n","protected":false},"featured_media":3557,"comment_status":"open","ping_status":"closed","template":"","meta":{"site-sidebar-layout":"default","site-content-layout":"default","ast-main-header-display":"","ast-hfb-above-header-display":"","ast-hfb-below-header-display":"","ast-hfb-mobile-header-display":"","site-post-title":"","ast-breadcrumbs-content":"","ast-featured-img":"","footer-sml-layout":"","theme-transparent-header-meta":"","adv-header-id-meta":"","stick-header-meta":"","header-above-stick-meta":"","header-main-stick-meta":"","header-below-stick-meta":""},"location":[],"product_cat":[931],"product_tag":[911],"yoast_head":"<!-- This site is optimized with the Yoast SEO plugin v18.5.1 - https:\/\/yoast.com\/wordpress\/plugins\/seo\/ -->\n<title>lano b\u00edl\u00e9 k zav\u011b\u0161en\u00ed nebo prodlou\u017een\u00ed z\u00e1v\u011bsu \u2013 za 1 M - Anders &amp; Kafka E-SHOP<\/title>\n<meta name=\"description\" content=\"Velmi odoln\u00e9 lano (jachtingov\u00e9) vhodn\u00e9 pro zav\u011b\u0161en\u00ed v\u0161ech typ\u016f Hojdavak\u016f pro interi\u00e9r i exteri\u00e9r. Nosnost 200 kg.  &nbsp;\" \/>\n<meta name=\"robots\" content=\"index, follow, max-snippet:-1, max-image-preview:large, max-video-preview:-1\" \/>\n<link rel=\"canonical\" href=\"https:\/\/anderskafka.cz\/eshop\/produkt\/lano-bile-k-zaveseni-nebo-prodlouzeni-zavesu-za-1-m\/\" \/>\n<meta property=\"og:locale\" content=\"cs_CZ\" \/>\n<meta property=\"og:type\" content=\"article\" \/>\n<meta property=\"og:title\" content=\"lano b\u00edl\u00e9 k zav\u011b\u0161en\u00ed nebo prodlou\u017een\u00ed z\u00e1v\u011bsu \u2013 za 1 M - Anders &amp; Kafka E-SHOP\" \/>\n<meta property=\"og:description\" content=\"Velmi odoln\u00e9 lano (jachtingov\u00e9) vhodn\u00e9 pro zav\u011b\u0161en\u00ed v\u0161ech typ\u016f Hojdavak\u016f pro interi\u00e9r i exteri\u00e9r. Nosnost 200 kg.  &nbsp;\" \/>\n<meta property=\"og:url\" content=\"https:\/\/anderskafka.cz\/eshop\/produkt\/lano-bile-k-zaveseni-nebo-prodlouzeni-zavesu-za-1-m\/\" \/>\n<meta property=\"og:site_name\" content=\"Anders &amp; Kafka E-SHOP\" \/>\n<meta property=\"article:modified_time\" content=\"2026-02-09T05:41:41+00:00\" \/>\n<meta property=\"og:image\" content=\"https:\/\/anderskafka.cz\/eshop\/wp-content\/uploads\/sites\/3\/2023\/05\/lano.png\" \/>\n\t<meta property=\"og:image:width\" content=\"390\" \/>\n\t<meta property=\"og:image:height\" content=\"383\" \/>\n\t<meta property=\"og:image:type\" content=\"image\/png\" \/>\n<meta name=\"twitter:card\" content=\"summary_large_image\" \/>\n<meta name=\"twitter:label1\" content=\"Odhadovan\u00e1 doba \u010dten\u00ed\" \/>\n\t<meta name=\"twitter:data1\" content=\"1 minuta\" \/>\n<script type=\"application\/ld+json\" class=\"yoast-schema-graph\">{\"@context\":\"https:\/\/schema.org\",\"@graph\":[{\"@type\":\"WebSite\",\"@id\":\"https:\/\/anderskafka.cz\/eshop\/#website\",\"url\":\"https:\/\/anderskafka.cz\/eshop\/\",\"name\":\"Anders &amp; Kafka E-SHOP\",\"description\":\"Anders &amp; Kafka E-SHOP\",\"potentialAction\":[{\"@type\":\"SearchAction\",\"target\":{\"@type\":\"EntryPoint\",\"urlTemplate\":\"https:\/\/anderskafka.cz\/eshop\/?s={search_term_string}\"},\"query-input\":\"required name=search_term_string\"}],\"inLanguage\":\"cs\"},{\"@type\":\"ImageObject\",\"@id\":\"https:\/\/anderskafka.cz\/eshop\/produkt\/lano-bile-k-zaveseni-nebo-prodlouzeni-zavesu-za-1-m\/#primaryimage\",\"inLanguage\":\"cs\",\"url\":\"https:\/\/anderskafka.cz\/eshop\/wp-content\/uploads\/sites\/3\/2023\/05\/lano.png\",\"contentUrl\":\"https:\/\/anderskafka.cz\/eshop\/wp-content\/uploads\/sites\/3\/2023\/05\/lano.png\",\"width\":390,\"height\":383},{\"@type\":\"WebPage\",\"@id\":\"https:\/\/anderskafka.cz\/eshop\/produkt\/lano-bile-k-zaveseni-nebo-prodlouzeni-zavesu-za-1-m\/#webpage\",\"url\":\"https:\/\/anderskafka.cz\/eshop\/produkt\/lano-bile-k-zaveseni-nebo-prodlouzeni-zavesu-za-1-m\/\",\"name\":\"lano b\u00edl\u00e9 k zav\u011b\u0161en\u00ed nebo prodlou\u017een\u00ed z\u00e1v\u011bsu \u2013 za 1 M - Anders &amp; Kafka E-SHOP\",\"isPartOf\":{\"@id\":\"https:\/\/anderskafka.cz\/eshop\/#website\"},\"primaryImageOfPage\":{\"@id\":\"https:\/\/anderskafka.cz\/eshop\/produkt\/lano-bile-k-zaveseni-nebo-prodlouzeni-zavesu-za-1-m\/#primaryimage\"},\"datePublished\":\"2023-05-24T10:15:25+00:00\",\"dateModified\":\"2026-02-09T05:41:41+00:00\",\"description\":\"Velmi odoln\u00e9 lano (jachtingov\u00e9) vhodn\u00e9 pro zav\u011b\u0161en\u00ed v\u0161ech typ\u016f Hojdavak\u016f pro interi\u00e9r i exteri\u00e9r. Nosnost 200 kg. &nbsp;\",\"breadcrumb\":{\"@id\":\"https:\/\/anderskafka.cz\/eshop\/produkt\/lano-bile-k-zaveseni-nebo-prodlouzeni-zavesu-za-1-m\/#breadcrumb\"},\"inLanguage\":\"cs\",\"potentialAction\":[{\"@type\":\"ReadAction\",\"target\":[\"https:\/\/anderskafka.cz\/eshop\/produkt\/lano-bile-k-zaveseni-nebo-prodlouzeni-zavesu-za-1-m\/\"]}]},{\"@type\":\"BreadcrumbList\",\"@id\":\"https:\/\/anderskafka.cz\/eshop\/produkt\/lano-bile-k-zaveseni-nebo-prodlouzeni-zavesu-za-1-m\/#breadcrumb\",\"itemListElement\":[{\"@type\":\"ListItem\",\"position\":1,\"name\":\"Obchod\",\"item\":\"https:\/\/anderskafka.cz\/eshop\/obchod\/\"},{\"@type\":\"ListItem\",\"position\":2,\"name\":\"lano b\u00edl\u00e9 k zav\u011b\u0161en\u00ed nebo prodlou\u017een\u00ed z\u00e1v\u011bsu \u2013 za 1 M\"}]}]}<\/script>\n<!-- \/ Yoast SEO plugin. -->","yoast_head_json":{"title":"lano b\u00edl\u00e9 k zav\u011b\u0161en\u00ed nebo prodlou\u017een\u00ed z\u00e1v\u011bsu \u2013 za 1 M - Anders &amp; Kafka E-SHOP","description":"Velmi odoln\u00e9 lano (jachtingov\u00e9) vhodn\u00e9 pro zav\u011b\u0161en\u00ed v\u0161ech typ\u016f Hojdavak\u016f pro interi\u00e9r i exteri\u00e9r. Nosnost 200 kg.  &nbsp;","robots":{"index":"index","follow":"follow","max-snippet":"max-snippet:-1","max-image-preview":"max-image-preview:large","max-video-preview":"max-video-preview:-1"},"canonical":"https:\/\/anderskafka.cz\/eshop\/produkt\/lano-bile-k-zaveseni-nebo-prodlouzeni-zavesu-za-1-m\/","og_locale":"cs_CZ","og_type":"article","og_title":"lano b\u00edl\u00e9 k zav\u011b\u0161en\u00ed nebo prodlou\u017een\u00ed z\u00e1v\u011bsu \u2013 za 1 M - Anders &amp; Kafka E-SHOP","og_description":"Velmi odoln\u00e9 lano (jachtingov\u00e9) vhodn\u00e9 pro zav\u011b\u0161en\u00ed v\u0161ech typ\u016f Hojdavak\u016f pro interi\u00e9r i exteri\u00e9r. Nosnost 200 kg.  &nbsp;","og_url":"https:\/\/anderskafka.cz\/eshop\/produkt\/lano-bile-k-zaveseni-nebo-prodlouzeni-zavesu-za-1-m\/","og_site_name":"Anders &amp; Kafka E-SHOP","article_modified_time":"2026-02-09T05:41:41+00:00","og_image":[{"width":390,"height":383,"url":"https:\/\/anderskafka.cz\/eshop\/wp-content\/uploads\/sites\/3\/2023\/05\/lano.png","type":"image\/png"}],"twitter_card":"summary_large_image","twitter_misc":{"Odhadovan\u00e1 doba \u010dten\u00ed":"1 minuta"},"schema":{"@context":"https:\/\/schema.org","@graph":[{"@type":"WebSite","@id":"https:\/\/anderskafka.cz\/eshop\/#website","url":"https:\/\/anderskafka.cz\/eshop\/","name":"Anders &amp; Kafka E-SHOP","description":"Anders &amp; Kafka E-SHOP","potentialAction":[{"@type":"SearchAction","target":{"@type":"EntryPoint","urlTemplate":"https:\/\/anderskafka.cz\/eshop\/?s={search_term_string}"},"query-input":"required name=search_term_string"}],"inLanguage":"cs"},{"@type":"ImageObject","@id":"https:\/\/anderskafka.cz\/eshop\/produkt\/lano-bile-k-zaveseni-nebo-prodlouzeni-zavesu-za-1-m\/#primaryimage","inLanguage":"cs","url":"https:\/\/anderskafka.cz\/eshop\/wp-content\/uploads\/sites\/3\/2023\/05\/lano.png","contentUrl":"https:\/\/anderskafka.cz\/eshop\/wp-content\/uploads\/sites\/3\/2023\/05\/lano.png","width":390,"height":383},{"@type":"WebPage","@id":"https:\/\/anderskafka.cz\/eshop\/produkt\/lano-bile-k-zaveseni-nebo-prodlouzeni-zavesu-za-1-m\/#webpage","url":"https:\/\/anderskafka.cz\/eshop\/produkt\/lano-bile-k-zaveseni-nebo-prodlouzeni-zavesu-za-1-m\/","name":"lano b\u00edl\u00e9 k zav\u011b\u0161en\u00ed nebo prodlou\u017een\u00ed z\u00e1v\u011bsu \u2013 za 1 M - Anders &amp; Kafka E-SHOP","isPartOf":{"@id":"https:\/\/anderskafka.cz\/eshop\/#website"},"primaryImageOfPage":{"@id":"https:\/\/anderskafka.cz\/eshop\/produkt\/lano-bile-k-zaveseni-nebo-prodlouzeni-zavesu-za-1-m\/#primaryimage"},"datePublished":"2023-05-24T10:15:25+00:00","dateModified":"2026-02-09T05:41:41+00:00","description":"Velmi odoln\u00e9 lano (jachtingov\u00e9) vhodn\u00e9 pro zav\u011b\u0161en\u00ed v\u0161ech typ\u016f Hojdavak\u016f pro interi\u00e9r i exteri\u00e9r. Nosnost 200 kg. &nbsp;","breadcrumb":{"@id":"https:\/\/anderskafka.cz\/eshop\/produkt\/lano-bile-k-zaveseni-nebo-prodlouzeni-zavesu-za-1-m\/#breadcrumb"},"inLanguage":"cs","potentialAction":[{"@type":"ReadAction","target":["https:\/\/anderskafka.cz\/eshop\/produkt\/lano-bile-k-zaveseni-nebo-prodlouzeni-zavesu-za-1-m\/"]}]},{"@type":"BreadcrumbList","@id":"https:\/\/anderskafka.cz\/eshop\/produkt\/lano-bile-k-zaveseni-nebo-prodlouzeni-zavesu-za-1-m\/#breadcrumb","itemListElement":[{"@type":"ListItem","position":1,"name":"Obchod","item":"https:\/\/anderskafka.cz\/eshop\/obchod\/"},{"@type":"ListItem","position":2,"name":"lano b\u00edl\u00e9 k zav\u011b\u0161en\u00ed nebo prodlou\u017een\u00ed z\u00e1v\u011bsu \u2013 za 1 M"}]}]}},"locations":[],"_links":{"self":[{"href":"https:\/\/anderskafka.cz\/eshop\/wp-json\/wp\/v2\/product\/3551"}],"collection":[{"href":"https:\/\/anderskafka.cz\/eshop\/wp-json\/wp\/v2\/product"}],"about":[{"href":"https:\/\/anderskafka.cz\/eshop\/wp-json\/wp\/v2\/types\/product"}],"replies":[{"embeddable":true,"href":"https:\/\/anderskafka.cz\/eshop\/wp-json\/wp\/v2\/comments?post=3551"}],"wp:featuredmedia":[{"embeddable":true,"href":"https:\/\/anderskafka.cz\/eshop\/wp-json\/wp\/v2\/media\/3557"}],"wp:attachment":[{"href":"https:\/\/anderskafka.cz\/eshop\/wp-json\/wp\/v2\/media?parent=3551"}],"wp:term":[{"taxonomy":"location","embeddable":true,"href":"https:\/\/anderskafka.cz\/eshop\/wp-json\/wp\/v2\/location?post=3551"},{"taxonomy":"product_cat","embeddable":true,"href":"https:\/\/anderskafka.cz\/eshop\/wp-json\/wp\/v2\/product_cat?post=3551"},{"taxonomy":"product_tag","embeddable":true,"href":"https:\/\/anderskafka.cz\/eshop\/wp-json\/wp\/v2\/product_tag?post=3551"}],"curies":[{"name":"wp","href":"https:\/\/api.w.org\/{rel}","templated":true}]}}