{"id":3561,"date":"2023-05-24T21:30:19","date_gmt":"2023-05-24T19:30:19","guid":{"rendered":"https:\/\/anderskafka.cz\/eshop\/?post_type=product&#038;p=3561"},"modified":"2025-11-24T15:40:43","modified_gmt":"2025-11-24T14:40:43","slug":"sentiotec-ex-60s-sada-2-kusu-elektromagnetickych-budicu","status":"publish","type":"product","link":"https:\/\/anderskafka.cz\/eshop\/produkt\/sentiotec-ex-60s-sada-2-kusu-elektromagnetickych-budicu\/","title":{"rendered":"SENTIOTEC EX 60S sada 2 kus\u016f elektromagnetick\u00fdch budi\u010d\u016f \u2013 reproduktor\u016f"},"content":{"rendered":"<p>Sada 2 ks \u201eNeviditeln\u00fdch\u201c reproduktor\u016f<\/p>\n<p>Inovativn\u00ed technologie:<br \/>\n25W elektromagnetick\u00fd budi\u010d\/m\u011bni\u010d zvuku p\u0159en\u00e1\u0161en\u00e9ho strukturou<br \/>\nVibrace se p\u0159en\u00e1\u0161ej\u00ed na st\u011bnu\/strop sauny<br \/>\n\u201eNeviditeln\u00e9\u201c reproduktory \u2013 \u017e\u00e1dn\u00fd negativn\u00ed vliv na design<br \/>\nJednoduch\u00e1 mont\u00e1\u017e na zadn\u00ed st\u011bnu sauny nebo strop sauny pomoc\u00ed vrut\u016f do d\u0159eva<br \/>\nTeplotn\u00ed rozsah: -25 \u00b0C a\u017e 70 \u00b0C<br \/>\nAkustika siln\u011b z\u00e1vis\u00ed na materi\u00e1lu, rozm\u011brech a tvaru buzen\u00e9ho povrchu<\/p>\n<p>Kompatibiln\u00ed hudebn\u00ed p\u0159ehr\u00e1va\u010d: Sentiotec Pro D bluetooth<\/p>\n","protected":false},"excerpt":{"rendered":"<p>Sada 2 kus\u016f kvalitn\u00edch, 25W elektromagnetick\u00fdch budi\u010d\u016f, kdy vibrace se p\u0159en\u00e1\u0161ej\u00ed na st\u011bnu\/strop sauny.<br \/>\n\u201eNeviditeln\u00e9\u201c reproduktory \u2013 \u017e\u00e1dn\u00fd negativn\u00ed vliv na design.<\/p>\n<p>Rakousk\u00e1 spole\u010dnost Sentiotec vyv\u00edj\u00ed a vyr\u00e1b\u00ed kvalitn\u00ed a inovativn\u00ed produkty ur\u010den\u00e9 k tomu, aby Va\u0161e chv\u00edle str\u00e1ven\u00e9 v saun\u011b byly co nejv\u00edce relaxuj\u00edc\u00ed.<\/p>\n","protected":false},"featured_media":3537,"comment_status":"open","ping_status":"closed","template":"","meta":{"site-sidebar-layout":"default","site-content-layout":"default","ast-main-header-display":"","ast-hfb-above-header-display":"","ast-hfb-below-header-display":"","ast-hfb-mobile-header-display":"","site-post-title":"","ast-breadcrumbs-content":"","ast-featured-img":"","footer-sml-layout":"","theme-transparent-header-meta":"","adv-header-id-meta":"","stick-header-meta":"","header-above-stick-meta":"","header-main-stick-meta":"","header-below-stick-meta":""},"location":[],"product_cat":[37,952],"product_tag":[338],"yoast_head":"<!-- This site is optimized with the Yoast SEO plugin v18.5.1 - https:\/\/yoast.com\/wordpress\/plugins\/seo\/ -->\n<title>SENTIOTEC EX 60S sada 2 kus\u016f elektromagnetick\u00fdch budi\u010d\u016f \u2013 reproduktor\u016f - Anders &amp; Kafka E-SHOP<\/title>\n<meta name=\"description\" content=\"Sada 2 kus\u016f kvalitn\u00edch, 25W elektromagnetick\u00fdch budi\u010d\u016f, kdy vibrace se p\u0159en\u00e1\u0161ej\u00ed na st\u011bnu\/strop sauny. \u201eNeviditeln\u00e9\u201c reproduktory \u2013 \u017e\u00e1dn\u00fd negativn\u00ed vliv na design.  Rakousk\u00e1 spole\u010dnost Sentiotec vyv\u00edj\u00ed a vyr\u00e1b\u00ed kvalitn\u00ed a inovativn\u00ed produkty ur\u010den\u00e9 k tomu, aby Va\u0161e chv\u00edle str\u00e1ven\u00e9 v saun\u011b byly co nejv\u00edce relaxuj\u00edc\u00ed.\" \/>\n<meta name=\"robots\" content=\"index, follow, max-snippet:-1, max-image-preview:large, max-video-preview:-1\" \/>\n<link rel=\"canonical\" href=\"https:\/\/anderskafka.cz\/eshop\/produkt\/sentiotec-ex-60s-sada-2-kusu-elektromagnetickych-budicu\/\" \/>\n<meta property=\"og:locale\" content=\"cs_CZ\" \/>\n<meta property=\"og:type\" content=\"article\" \/>\n<meta property=\"og:title\" content=\"SENTIOTEC EX 60S sada 2 kus\u016f elektromagnetick\u00fdch budi\u010d\u016f \u2013 reproduktor\u016f - Anders &amp; Kafka E-SHOP\" \/>\n<meta property=\"og:description\" content=\"Sada 2 kus\u016f kvalitn\u00edch, 25W elektromagnetick\u00fdch budi\u010d\u016f, kdy vibrace se p\u0159en\u00e1\u0161ej\u00ed na st\u011bnu\/strop sauny. \u201eNeviditeln\u00e9\u201c reproduktory \u2013 \u017e\u00e1dn\u00fd negativn\u00ed vliv na design.  Rakousk\u00e1 spole\u010dnost Sentiotec vyv\u00edj\u00ed a vyr\u00e1b\u00ed kvalitn\u00ed a inovativn\u00ed produkty ur\u010den\u00e9 k tomu, aby Va\u0161e chv\u00edle str\u00e1ven\u00e9 v saun\u011b byly co nejv\u00edce relaxuj\u00edc\u00ed.\" \/>\n<meta property=\"og:url\" content=\"https:\/\/anderskafka.cz\/eshop\/produkt\/sentiotec-ex-60s-sada-2-kusu-elektromagnetickych-budicu\/\" \/>\n<meta property=\"og:site_name\" content=\"Anders &amp; Kafka E-SHOP\" \/>\n<meta property=\"article:modified_time\" content=\"2025-11-24T14:40:43+00:00\" \/>\n<meta property=\"og:image\" content=\"https:\/\/anderskafka.cz\/eshop\/wp-content\/uploads\/sites\/3\/2023\/05\/Sentiotec_Exciter_WC4-BT-EXC_p2-1.png\" \/>\n\t<meta property=\"og:image:width\" content=\"1484\" \/>\n\t<meta property=\"og:image:height\" content=\"1284\" \/>\n\t<meta property=\"og:image:type\" content=\"image\/png\" \/>\n<meta name=\"twitter:card\" content=\"summary_large_image\" \/>\n<meta name=\"twitter:label1\" content=\"Odhadovan\u00e1 doba \u010dten\u00ed\" \/>\n\t<meta name=\"twitter:data1\" content=\"1 minuta\" \/>\n<script type=\"application\/ld+json\" class=\"yoast-schema-graph\">{\"@context\":\"https:\/\/schema.org\",\"@graph\":[{\"@type\":\"WebSite\",\"@id\":\"https:\/\/anderskafka.cz\/eshop\/#website\",\"url\":\"https:\/\/anderskafka.cz\/eshop\/\",\"name\":\"Anders &amp; Kafka E-SHOP\",\"description\":\"Anders &amp; Kafka E-SHOP\",\"potentialAction\":[{\"@type\":\"SearchAction\",\"target\":{\"@type\":\"EntryPoint\",\"urlTemplate\":\"https:\/\/anderskafka.cz\/eshop\/?s={search_term_string}\"},\"query-input\":\"required name=search_term_string\"}],\"inLanguage\":\"cs\"},{\"@type\":\"ImageObject\",\"@id\":\"https:\/\/anderskafka.cz\/eshop\/produkt\/sentiotec-ex-60s-sada-2-kusu-elektromagnetickych-budicu\/#primaryimage\",\"inLanguage\":\"cs\",\"url\":\"https:\/\/anderskafka.cz\/eshop\/wp-content\/uploads\/sites\/3\/2023\/05\/Sentiotec_Exciter_WC4-BT-EXC_p2-1.png\",\"contentUrl\":\"https:\/\/anderskafka.cz\/eshop\/wp-content\/uploads\/sites\/3\/2023\/05\/Sentiotec_Exciter_WC4-BT-EXC_p2-1.png\",\"width\":1484,\"height\":1284},{\"@type\":\"WebPage\",\"@id\":\"https:\/\/anderskafka.cz\/eshop\/produkt\/sentiotec-ex-60s-sada-2-kusu-elektromagnetickych-budicu\/#webpage\",\"url\":\"https:\/\/anderskafka.cz\/eshop\/produkt\/sentiotec-ex-60s-sada-2-kusu-elektromagnetickych-budicu\/\",\"name\":\"SENTIOTEC EX 60S sada 2 kus\u016f elektromagnetick\u00fdch budi\u010d\u016f \u2013 reproduktor\u016f - Anders &amp; Kafka E-SHOP\",\"isPartOf\":{\"@id\":\"https:\/\/anderskafka.cz\/eshop\/#website\"},\"primaryImageOfPage\":{\"@id\":\"https:\/\/anderskafka.cz\/eshop\/produkt\/sentiotec-ex-60s-sada-2-kusu-elektromagnetickych-budicu\/#primaryimage\"},\"datePublished\":\"2023-05-24T19:30:19+00:00\",\"dateModified\":\"2025-11-24T14:40:43+00:00\",\"description\":\"Sada 2 kus\u016f kvalitn\u00edch, 25W elektromagnetick\u00fdch budi\u010d\u016f, kdy vibrace se p\u0159en\u00e1\u0161ej\u00ed na st\u011bnu\/strop sauny. \u201eNeviditeln\u00e9\u201c reproduktory \u2013 \u017e\u00e1dn\u00fd negativn\u00ed vliv na design. Rakousk\u00e1 spole\u010dnost Sentiotec vyv\u00edj\u00ed a vyr\u00e1b\u00ed kvalitn\u00ed a inovativn\u00ed produkty ur\u010den\u00e9 k tomu, aby Va\u0161e chv\u00edle str\u00e1ven\u00e9 v saun\u011b byly co nejv\u00edce relaxuj\u00edc\u00ed.\",\"breadcrumb\":{\"@id\":\"https:\/\/anderskafka.cz\/eshop\/produkt\/sentiotec-ex-60s-sada-2-kusu-elektromagnetickych-budicu\/#breadcrumb\"},\"inLanguage\":\"cs\",\"potentialAction\":[{\"@type\":\"ReadAction\",\"target\":[\"https:\/\/anderskafka.cz\/eshop\/produkt\/sentiotec-ex-60s-sada-2-kusu-elektromagnetickych-budicu\/\"]}]},{\"@type\":\"BreadcrumbList\",\"@id\":\"https:\/\/anderskafka.cz\/eshop\/produkt\/sentiotec-ex-60s-sada-2-kusu-elektromagnetickych-budicu\/#breadcrumb\",\"itemListElement\":[{\"@type\":\"ListItem\",\"position\":1,\"name\":\"Obchod\",\"item\":\"https:\/\/anderskafka.cz\/eshop\/obchod\/\"},{\"@type\":\"ListItem\",\"position\":2,\"name\":\"SENTIOTEC EX 60S sada 2 kus\u016f elektromagnetick\u00fdch budi\u010d\u016f \u2013 reproduktor\u016f\"}]}]}<\/script>\n<!-- \/ Yoast SEO plugin. -->","yoast_head_json":{"title":"SENTIOTEC EX 60S sada 2 kus\u016f elektromagnetick\u00fdch budi\u010d\u016f \u2013 reproduktor\u016f - Anders &amp; Kafka E-SHOP","description":"Sada 2 kus\u016f kvalitn\u00edch, 25W elektromagnetick\u00fdch budi\u010d\u016f, kdy vibrace se p\u0159en\u00e1\u0161ej\u00ed na st\u011bnu\/strop sauny. \u201eNeviditeln\u00e9\u201c reproduktory \u2013 \u017e\u00e1dn\u00fd negativn\u00ed vliv na design.  Rakousk\u00e1 spole\u010dnost Sentiotec vyv\u00edj\u00ed a vyr\u00e1b\u00ed kvalitn\u00ed a inovativn\u00ed produkty ur\u010den\u00e9 k tomu, aby Va\u0161e chv\u00edle str\u00e1ven\u00e9 v saun\u011b byly co nejv\u00edce relaxuj\u00edc\u00ed.","robots":{"index":"index","follow":"follow","max-snippet":"max-snippet:-1","max-image-preview":"max-image-preview:large","max-video-preview":"max-video-preview:-1"},"canonical":"https:\/\/anderskafka.cz\/eshop\/produkt\/sentiotec-ex-60s-sada-2-kusu-elektromagnetickych-budicu\/","og_locale":"cs_CZ","og_type":"article","og_title":"SENTIOTEC EX 60S sada 2 kus\u016f elektromagnetick\u00fdch budi\u010d\u016f \u2013 reproduktor\u016f - Anders &amp; Kafka E-SHOP","og_description":"Sada 2 kus\u016f kvalitn\u00edch, 25W elektromagnetick\u00fdch budi\u010d\u016f, kdy vibrace se p\u0159en\u00e1\u0161ej\u00ed na st\u011bnu\/strop sauny. \u201eNeviditeln\u00e9\u201c reproduktory \u2013 \u017e\u00e1dn\u00fd negativn\u00ed vliv na design.  Rakousk\u00e1 spole\u010dnost Sentiotec vyv\u00edj\u00ed a vyr\u00e1b\u00ed kvalitn\u00ed a inovativn\u00ed produkty ur\u010den\u00e9 k tomu, aby Va\u0161e chv\u00edle str\u00e1ven\u00e9 v saun\u011b byly co nejv\u00edce relaxuj\u00edc\u00ed.","og_url":"https:\/\/anderskafka.cz\/eshop\/produkt\/sentiotec-ex-60s-sada-2-kusu-elektromagnetickych-budicu\/","og_site_name":"Anders &amp; Kafka E-SHOP","article_modified_time":"2025-11-24T14:40:43+00:00","og_image":[{"width":1484,"height":1284,"url":"https:\/\/anderskafka.cz\/eshop\/wp-content\/uploads\/sites\/3\/2023\/05\/Sentiotec_Exciter_WC4-BT-EXC_p2-1.png","type":"image\/png"}],"twitter_card":"summary_large_image","twitter_misc":{"Odhadovan\u00e1 doba \u010dten\u00ed":"1 minuta"},"schema":{"@context":"https:\/\/schema.org","@graph":[{"@type":"WebSite","@id":"https:\/\/anderskafka.cz\/eshop\/#website","url":"https:\/\/anderskafka.cz\/eshop\/","name":"Anders &amp; Kafka E-SHOP","description":"Anders &amp; Kafka E-SHOP","potentialAction":[{"@type":"SearchAction","target":{"@type":"EntryPoint","urlTemplate":"https:\/\/anderskafka.cz\/eshop\/?s={search_term_string}"},"query-input":"required name=search_term_string"}],"inLanguage":"cs"},{"@type":"ImageObject","@id":"https:\/\/anderskafka.cz\/eshop\/produkt\/sentiotec-ex-60s-sada-2-kusu-elektromagnetickych-budicu\/#primaryimage","inLanguage":"cs","url":"https:\/\/anderskafka.cz\/eshop\/wp-content\/uploads\/sites\/3\/2023\/05\/Sentiotec_Exciter_WC4-BT-EXC_p2-1.png","contentUrl":"https:\/\/anderskafka.cz\/eshop\/wp-content\/uploads\/sites\/3\/2023\/05\/Sentiotec_Exciter_WC4-BT-EXC_p2-1.png","width":1484,"height":1284},{"@type":"WebPage","@id":"https:\/\/anderskafka.cz\/eshop\/produkt\/sentiotec-ex-60s-sada-2-kusu-elektromagnetickych-budicu\/#webpage","url":"https:\/\/anderskafka.cz\/eshop\/produkt\/sentiotec-ex-60s-sada-2-kusu-elektromagnetickych-budicu\/","name":"SENTIOTEC EX 60S sada 2 kus\u016f elektromagnetick\u00fdch budi\u010d\u016f \u2013 reproduktor\u016f - Anders &amp; Kafka E-SHOP","isPartOf":{"@id":"https:\/\/anderskafka.cz\/eshop\/#website"},"primaryImageOfPage":{"@id":"https:\/\/anderskafka.cz\/eshop\/produkt\/sentiotec-ex-60s-sada-2-kusu-elektromagnetickych-budicu\/#primaryimage"},"datePublished":"2023-05-24T19:30:19+00:00","dateModified":"2025-11-24T14:40:43+00:00","description":"Sada 2 kus\u016f kvalitn\u00edch, 25W elektromagnetick\u00fdch budi\u010d\u016f, kdy vibrace se p\u0159en\u00e1\u0161ej\u00ed na st\u011bnu\/strop sauny. \u201eNeviditeln\u00e9\u201c reproduktory \u2013 \u017e\u00e1dn\u00fd negativn\u00ed vliv na design. Rakousk\u00e1 spole\u010dnost Sentiotec vyv\u00edj\u00ed a vyr\u00e1b\u00ed kvalitn\u00ed a inovativn\u00ed produkty ur\u010den\u00e9 k tomu, aby Va\u0161e chv\u00edle str\u00e1ven\u00e9 v saun\u011b byly co nejv\u00edce relaxuj\u00edc\u00ed.","breadcrumb":{"@id":"https:\/\/anderskafka.cz\/eshop\/produkt\/sentiotec-ex-60s-sada-2-kusu-elektromagnetickych-budicu\/#breadcrumb"},"inLanguage":"cs","potentialAction":[{"@type":"ReadAction","target":["https:\/\/anderskafka.cz\/eshop\/produkt\/sentiotec-ex-60s-sada-2-kusu-elektromagnetickych-budicu\/"]}]},{"@type":"BreadcrumbList","@id":"https:\/\/anderskafka.cz\/eshop\/produkt\/sentiotec-ex-60s-sada-2-kusu-elektromagnetickych-budicu\/#breadcrumb","itemListElement":[{"@type":"ListItem","position":1,"name":"Obchod","item":"https:\/\/anderskafka.cz\/eshop\/obchod\/"},{"@type":"ListItem","position":2,"name":"SENTIOTEC EX 60S sada 2 kus\u016f elektromagnetick\u00fdch budi\u010d\u016f \u2013 reproduktor\u016f"}]}]}},"locations":[],"_links":{"self":[{"href":"https:\/\/anderskafka.cz\/eshop\/wp-json\/wp\/v2\/product\/3561"}],"collection":[{"href":"https:\/\/anderskafka.cz\/eshop\/wp-json\/wp\/v2\/product"}],"about":[{"href":"https:\/\/anderskafka.cz\/eshop\/wp-json\/wp\/v2\/types\/product"}],"replies":[{"embeddable":true,"href":"https:\/\/anderskafka.cz\/eshop\/wp-json\/wp\/v2\/comments?post=3561"}],"wp:featuredmedia":[{"embeddable":true,"href":"https:\/\/anderskafka.cz\/eshop\/wp-json\/wp\/v2\/media\/3537"}],"wp:attachment":[{"href":"https:\/\/anderskafka.cz\/eshop\/wp-json\/wp\/v2\/media?parent=3561"}],"wp:term":[{"taxonomy":"location","embeddable":true,"href":"https:\/\/anderskafka.cz\/eshop\/wp-json\/wp\/v2\/location?post=3561"},{"taxonomy":"product_cat","embeddable":true,"href":"https:\/\/anderskafka.cz\/eshop\/wp-json\/wp\/v2\/product_cat?post=3561"},{"taxonomy":"product_tag","embeddable":true,"href":"https:\/\/anderskafka.cz\/eshop\/wp-json\/wp\/v2\/product_tag?post=3561"}],"curies":[{"name":"wp","href":"https:\/\/api.w.org\/{rel}","templated":true}]}}