{"id":3566,"date":"2023-05-25T11:59:49","date_gmt":"2023-05-25T09:59:49","guid":{"rendered":"https:\/\/anderskafka.cz\/eshop\/?post_type=product&#038;p=3566"},"modified":"2024-12-05T09:40:40","modified_gmt":"2024-12-05T08:40:40","slug":"balicek-do-stropu-4-m-lana-monoliticky-beton-doporuceno-pro-junior-maxi-mus","status":"publish","type":"product","link":"https:\/\/anderskafka.cz\/eshop\/produkt\/balicek-do-stropu-4-m-lana-monoliticky-beton-doporuceno-pro-junior-maxi-mus\/","title":{"rendered":"bal\u00ed\u010dek k zav\u011b\u0161en\u00ed do stropu, 4 M lana (monolitick\u00fd beton) \u2013 doporu\u010deno pro junior, MAXI\/ mus"},"content":{"rendered":"<p>Bal\u00ed\u010dek do stropu vyu\u017eijete pro zav\u011b\u0161en\u00ed do stropu <strong>z monolitick\u00e9ho betonu<\/strong> standardn\u011b <strong>vysok\u00fdch strop\u016f cca 3 m<\/strong>. Pokud m\u00e1te stropy vy\u0161\u0161\u00ed, doobjednejte si pros\u00edm lano <em><a href=\"https:\/\/anderskafka.cz\/eshop\/produkt\/lano-bile-k-zaveseni-nebo-prodlouzeni-zavesu-za-1-m\/\"><strong><span style=\"color: #000000\">zde<\/span><\/strong><\/a><\/em>, bude V\u00e1m o dan\u00e9 metry prodlou\u017eeno a dod\u00e1no v celku.<\/p>\n<p><strong>DOPORU\u010cENO K PRODUKTU<\/strong><\/p>\n<ul>\n<li>Hojdavak<strong> JUNIOR<\/strong><\/li>\n<li>Hojdavak<strong> MAXI<\/strong><\/li>\n<li>Hojdavak<strong> MAXIMUS<\/strong><\/li>\n<\/ul>\n<p>Pro <strong>bezpe\u010dnou instalaci<\/strong> kotevn\u00ed techniky (vrutu) do stropu doporu\u010dujeme <strong>konzultaci s odborn\u00edky kotevn\u00ed techniky, <\/strong>kte\u0159\u00ed\u00a0V\u00e1m ochotn\u011b porad\u00ed konkr\u00e9tn\u00ed \u0159e\u0161en\u00ed, kter\u00e9 pak m\u016f\u017eete zakoupit v jejich obchod\u011b nebo v hobby marketech. Velice z\u00e1le\u017e\u00ed na materi\u00e1lu ve stropu (beton, cihla, d\u0159evo, s\u00e1drokarton,&#8230;.) a jeho vlastnostech jako je drolivost nebo p\u00f3rovitost. <strong>Na v\u0161e ale existuje \u0159e\u0161en\u00ed \ud83d\ude42<\/strong><\/p>\n<p><strong>OBSAH BALEN\u00cd<\/strong><\/p>\n<p><strong>1\/ Vrut<\/strong><\/p>\n<ul>\n<li>GS 12 x 90 zn. Fischer<\/li>\n<li>d\u00e9lka 12 cm<\/li>\n<\/ul>\n<p><strong>2\/ Hmo\u017edinka<\/strong><\/p>\n<ul>\n<li>Duopower 14 x 70 zn. Fischer<\/li>\n<li>Materi\u00e1l &#8211; monolitick\u00fd beton, nosnost s vrutem min. <strong>200 kg<\/strong><\/li>\n<li>Pr\u016fm\u011br vrt\u00e1ku &#8211; 14 mm<\/li>\n<\/ul>\n<p><strong>3\/ Lano<\/strong><\/p>\n<ul>\n<li>d\u00e9lka 400 cm<\/li>\n<li>pleten\u00e9 polyesterov\u00e9 lano s j\u00e1drem, z \u0159ady yachtingov\u00fdch lan<\/li>\n<li>barva b\u00edl\u00e1<\/li>\n<li>pr\u016fm\u011br 8 mm<\/li>\n<li>nosnost <strong>200 kg<\/strong><\/li>\n<li>vysok\u00e1 pevnost a od\u011bruvzdornost<\/li>\n<li><strong>vhodn\u00e9 do interi\u00e9ru i exteri\u00e9ru<\/strong><\/li>\n<\/ul>\n<p>Lano k prodlou\u017een\u00ed z\u00e1v\u011bsu uva\u017ete tak, aby se v m\u00edst\u011b \u00fachytu neod\u00edralo. Toho doc\u00edl\u00edte vyu\u017eit\u00edm <strong>li\u0161\u010d\u00ed smy\u010dky<\/strong> a <strong>v\u016fdcovsk\u00e9ho uzlu<\/strong> nebo <strong>v\u016fdcovsk\u00e9 smy\u010dky<\/strong>. <strong>Pevnost uzlu v\u017edy vyzkou\u0161ejte vlastn\u00ed vahou! Udr\u017eujte lano mimo zdroje tepla a mimo dosah chemik\u00e1li\u00ed!<\/strong><\/p>\n<p><span style=\"color: #ff0000\"><strong>Pravideln\u011b kontrolujte zda se lano neod\u00edr\u00e1 a nedoch\u00e1z\u00ed tak k mechanick\u00e9mu po\u0161kozen\u00ed, co\u017e v\u00fdrazn\u011b sni\u017euje nosnost lana. V p\u0159\u00edpad\u011b po\u0161kozen\u00ed vl\u00e1ken LANO OKAM\u017dIT\u011a VYM\u011a\u0147TE ZA NOV\u00c9!<\/strong><\/span><\/p>\n","protected":false},"excerpt":{"rendered":"<p>&nbsp;<\/p>\n<p>Vrut do stropu + hmo\u017edinka (beton) + 4 m lana k prodlou\u017een\u00ed z\u00e1v\u011bsu.<\/p>\n<p>&nbsp;<\/p>\n","protected":false},"featured_media":3570,"comment_status":"open","ping_status":"closed","template":"","meta":{"site-sidebar-layout":"default","site-content-layout":"default","ast-main-header-display":"","ast-hfb-above-header-display":"","ast-hfb-below-header-display":"","ast-hfb-mobile-header-display":"","site-post-title":"","ast-breadcrumbs-content":"","ast-featured-img":"","footer-sml-layout":"","theme-transparent-header-meta":"","adv-header-id-meta":"","stick-header-meta":"","header-above-stick-meta":"","header-main-stick-meta":"","header-below-stick-meta":""},"location":[],"product_cat":[931],"product_tag":[911],"yoast_head":"<!-- This site is optimized with the Yoast SEO plugin v18.5.1 - https:\/\/yoast.com\/wordpress\/plugins\/seo\/ -->\n<title>bal\u00ed\u010dek k zav\u011b\u0161en\u00ed do stropu, 4 M lana (monolitick\u00fd beton) \u2013 doporu\u010deno pro junior, MAXI\/ mus - Anders &amp; Kafka E-SHOP<\/title>\n<meta name=\"description\" content=\"&nbsp;  Vrut do stropu + hmo\u017edinka (beton) + 4 m lana k prodlou\u017een\u00ed z\u00e1v\u011bsu.  &nbsp;\" \/>\n<meta name=\"robots\" content=\"index, follow, max-snippet:-1, max-image-preview:large, max-video-preview:-1\" \/>\n<link rel=\"canonical\" href=\"https:\/\/anderskafka.cz\/eshop\/produkt\/balicek-do-stropu-4-m-lana-monoliticky-beton-doporuceno-pro-junior-maxi-mus\/\" \/>\n<meta property=\"og:locale\" content=\"cs_CZ\" \/>\n<meta property=\"og:type\" content=\"article\" \/>\n<meta property=\"og:title\" content=\"bal\u00ed\u010dek k zav\u011b\u0161en\u00ed do stropu, 4 M lana (monolitick\u00fd beton) \u2013 doporu\u010deno pro junior, MAXI\/ mus - Anders &amp; Kafka E-SHOP\" \/>\n<meta property=\"og:description\" content=\"&nbsp;  Vrut do stropu + hmo\u017edinka (beton) + 4 m lana k prodlou\u017een\u00ed z\u00e1v\u011bsu.  &nbsp;\" \/>\n<meta property=\"og:url\" content=\"https:\/\/anderskafka.cz\/eshop\/produkt\/balicek-do-stropu-4-m-lana-monoliticky-beton-doporuceno-pro-junior-maxi-mus\/\" \/>\n<meta property=\"og:site_name\" content=\"Anders &amp; Kafka E-SHOP\" \/>\n<meta property=\"article:modified_time\" content=\"2024-12-05T08:40:40+00:00\" \/>\n<meta property=\"og:image\" content=\"https:\/\/anderskafka.cz\/eshop\/wp-content\/uploads\/sites\/3\/2023\/05\/balicek.jpg\" \/>\n\t<meta property=\"og:image:width\" content=\"800\" \/>\n\t<meta property=\"og:image:height\" content=\"533\" \/>\n\t<meta property=\"og:image:type\" content=\"image\/jpeg\" \/>\n<meta name=\"twitter:card\" content=\"summary_large_image\" \/>\n<meta name=\"twitter:label1\" content=\"Odhadovan\u00e1 doba \u010dten\u00ed\" \/>\n\t<meta name=\"twitter:data1\" content=\"2 minuty\" \/>\n<script type=\"application\/ld+json\" class=\"yoast-schema-graph\">{\"@context\":\"https:\/\/schema.org\",\"@graph\":[{\"@type\":\"WebSite\",\"@id\":\"https:\/\/anderskafka.cz\/eshop\/#website\",\"url\":\"https:\/\/anderskafka.cz\/eshop\/\",\"name\":\"Anders &amp; Kafka E-SHOP\",\"description\":\"Anders &amp; Kafka E-SHOP\",\"potentialAction\":[{\"@type\":\"SearchAction\",\"target\":{\"@type\":\"EntryPoint\",\"urlTemplate\":\"https:\/\/anderskafka.cz\/eshop\/?s={search_term_string}\"},\"query-input\":\"required name=search_term_string\"}],\"inLanguage\":\"cs\"},{\"@type\":\"ImageObject\",\"@id\":\"https:\/\/anderskafka.cz\/eshop\/produkt\/balicek-do-stropu-4-m-lana-monoliticky-beton-doporuceno-pro-junior-maxi-mus\/#primaryimage\",\"inLanguage\":\"cs\",\"url\":\"https:\/\/anderskafka.cz\/eshop\/wp-content\/uploads\/sites\/3\/2023\/05\/balicek.jpg\",\"contentUrl\":\"https:\/\/anderskafka.cz\/eshop\/wp-content\/uploads\/sites\/3\/2023\/05\/balicek.jpg\",\"width\":800,\"height\":533},{\"@type\":\"WebPage\",\"@id\":\"https:\/\/anderskafka.cz\/eshop\/produkt\/balicek-do-stropu-4-m-lana-monoliticky-beton-doporuceno-pro-junior-maxi-mus\/#webpage\",\"url\":\"https:\/\/anderskafka.cz\/eshop\/produkt\/balicek-do-stropu-4-m-lana-monoliticky-beton-doporuceno-pro-junior-maxi-mus\/\",\"name\":\"bal\u00ed\u010dek k zav\u011b\u0161en\u00ed do stropu, 4 M lana (monolitick\u00fd beton) \u2013 doporu\u010deno pro junior, MAXI\/ mus - Anders &amp; Kafka E-SHOP\",\"isPartOf\":{\"@id\":\"https:\/\/anderskafka.cz\/eshop\/#website\"},\"primaryImageOfPage\":{\"@id\":\"https:\/\/anderskafka.cz\/eshop\/produkt\/balicek-do-stropu-4-m-lana-monoliticky-beton-doporuceno-pro-junior-maxi-mus\/#primaryimage\"},\"datePublished\":\"2023-05-25T09:59:49+00:00\",\"dateModified\":\"2024-12-05T08:40:40+00:00\",\"description\":\"&nbsp; Vrut do stropu + hmo\u017edinka (beton) + 4 m lana k prodlou\u017een\u00ed z\u00e1v\u011bsu. &nbsp;\",\"breadcrumb\":{\"@id\":\"https:\/\/anderskafka.cz\/eshop\/produkt\/balicek-do-stropu-4-m-lana-monoliticky-beton-doporuceno-pro-junior-maxi-mus\/#breadcrumb\"},\"inLanguage\":\"cs\",\"potentialAction\":[{\"@type\":\"ReadAction\",\"target\":[\"https:\/\/anderskafka.cz\/eshop\/produkt\/balicek-do-stropu-4-m-lana-monoliticky-beton-doporuceno-pro-junior-maxi-mus\/\"]}]},{\"@type\":\"BreadcrumbList\",\"@id\":\"https:\/\/anderskafka.cz\/eshop\/produkt\/balicek-do-stropu-4-m-lana-monoliticky-beton-doporuceno-pro-junior-maxi-mus\/#breadcrumb\",\"itemListElement\":[{\"@type\":\"ListItem\",\"position\":1,\"name\":\"Obchod\",\"item\":\"https:\/\/anderskafka.cz\/eshop\/obchod\/\"},{\"@type\":\"ListItem\",\"position\":2,\"name\":\"bal\u00ed\u010dek k zav\u011b\u0161en\u00ed do stropu, 4 M lana (monolitick\u00fd beton) \u2013 doporu\u010deno pro junior, MAXI\/ mus\"}]}]}<\/script>\n<!-- \/ Yoast SEO plugin. -->","yoast_head_json":{"title":"bal\u00ed\u010dek k zav\u011b\u0161en\u00ed do stropu, 4 M lana (monolitick\u00fd beton) \u2013 doporu\u010deno pro junior, MAXI\/ mus - Anders &amp; Kafka E-SHOP","description":"&nbsp;  Vrut do stropu + hmo\u017edinka (beton) + 4 m lana k prodlou\u017een\u00ed z\u00e1v\u011bsu.  &nbsp;","robots":{"index":"index","follow":"follow","max-snippet":"max-snippet:-1","max-image-preview":"max-image-preview:large","max-video-preview":"max-video-preview:-1"},"canonical":"https:\/\/anderskafka.cz\/eshop\/produkt\/balicek-do-stropu-4-m-lana-monoliticky-beton-doporuceno-pro-junior-maxi-mus\/","og_locale":"cs_CZ","og_type":"article","og_title":"bal\u00ed\u010dek k zav\u011b\u0161en\u00ed do stropu, 4 M lana (monolitick\u00fd beton) \u2013 doporu\u010deno pro junior, MAXI\/ mus - Anders &amp; Kafka E-SHOP","og_description":"&nbsp;  Vrut do stropu + hmo\u017edinka (beton) + 4 m lana k prodlou\u017een\u00ed z\u00e1v\u011bsu.  &nbsp;","og_url":"https:\/\/anderskafka.cz\/eshop\/produkt\/balicek-do-stropu-4-m-lana-monoliticky-beton-doporuceno-pro-junior-maxi-mus\/","og_site_name":"Anders &amp; Kafka E-SHOP","article_modified_time":"2024-12-05T08:40:40+00:00","og_image":[{"width":800,"height":533,"url":"https:\/\/anderskafka.cz\/eshop\/wp-content\/uploads\/sites\/3\/2023\/05\/balicek.jpg","type":"image\/jpeg"}],"twitter_card":"summary_large_image","twitter_misc":{"Odhadovan\u00e1 doba \u010dten\u00ed":"2 minuty"},"schema":{"@context":"https:\/\/schema.org","@graph":[{"@type":"WebSite","@id":"https:\/\/anderskafka.cz\/eshop\/#website","url":"https:\/\/anderskafka.cz\/eshop\/","name":"Anders &amp; Kafka E-SHOP","description":"Anders &amp; Kafka E-SHOP","potentialAction":[{"@type":"SearchAction","target":{"@type":"EntryPoint","urlTemplate":"https:\/\/anderskafka.cz\/eshop\/?s={search_term_string}"},"query-input":"required name=search_term_string"}],"inLanguage":"cs"},{"@type":"ImageObject","@id":"https:\/\/anderskafka.cz\/eshop\/produkt\/balicek-do-stropu-4-m-lana-monoliticky-beton-doporuceno-pro-junior-maxi-mus\/#primaryimage","inLanguage":"cs","url":"https:\/\/anderskafka.cz\/eshop\/wp-content\/uploads\/sites\/3\/2023\/05\/balicek.jpg","contentUrl":"https:\/\/anderskafka.cz\/eshop\/wp-content\/uploads\/sites\/3\/2023\/05\/balicek.jpg","width":800,"height":533},{"@type":"WebPage","@id":"https:\/\/anderskafka.cz\/eshop\/produkt\/balicek-do-stropu-4-m-lana-monoliticky-beton-doporuceno-pro-junior-maxi-mus\/#webpage","url":"https:\/\/anderskafka.cz\/eshop\/produkt\/balicek-do-stropu-4-m-lana-monoliticky-beton-doporuceno-pro-junior-maxi-mus\/","name":"bal\u00ed\u010dek k zav\u011b\u0161en\u00ed do stropu, 4 M lana (monolitick\u00fd beton) \u2013 doporu\u010deno pro junior, MAXI\/ mus - Anders &amp; Kafka E-SHOP","isPartOf":{"@id":"https:\/\/anderskafka.cz\/eshop\/#website"},"primaryImageOfPage":{"@id":"https:\/\/anderskafka.cz\/eshop\/produkt\/balicek-do-stropu-4-m-lana-monoliticky-beton-doporuceno-pro-junior-maxi-mus\/#primaryimage"},"datePublished":"2023-05-25T09:59:49+00:00","dateModified":"2024-12-05T08:40:40+00:00","description":"&nbsp; Vrut do stropu + hmo\u017edinka (beton) + 4 m lana k prodlou\u017een\u00ed z\u00e1v\u011bsu. &nbsp;","breadcrumb":{"@id":"https:\/\/anderskafka.cz\/eshop\/produkt\/balicek-do-stropu-4-m-lana-monoliticky-beton-doporuceno-pro-junior-maxi-mus\/#breadcrumb"},"inLanguage":"cs","potentialAction":[{"@type":"ReadAction","target":["https:\/\/anderskafka.cz\/eshop\/produkt\/balicek-do-stropu-4-m-lana-monoliticky-beton-doporuceno-pro-junior-maxi-mus\/"]}]},{"@type":"BreadcrumbList","@id":"https:\/\/anderskafka.cz\/eshop\/produkt\/balicek-do-stropu-4-m-lana-monoliticky-beton-doporuceno-pro-junior-maxi-mus\/#breadcrumb","itemListElement":[{"@type":"ListItem","position":1,"name":"Obchod","item":"https:\/\/anderskafka.cz\/eshop\/obchod\/"},{"@type":"ListItem","position":2,"name":"bal\u00ed\u010dek k zav\u011b\u0161en\u00ed do stropu, 4 M lana (monolitick\u00fd beton) \u2013 doporu\u010deno pro junior, MAXI\/ mus"}]}]}},"locations":[],"_links":{"self":[{"href":"https:\/\/anderskafka.cz\/eshop\/wp-json\/wp\/v2\/product\/3566"}],"collection":[{"href":"https:\/\/anderskafka.cz\/eshop\/wp-json\/wp\/v2\/product"}],"about":[{"href":"https:\/\/anderskafka.cz\/eshop\/wp-json\/wp\/v2\/types\/product"}],"replies":[{"embeddable":true,"href":"https:\/\/anderskafka.cz\/eshop\/wp-json\/wp\/v2\/comments?post=3566"}],"wp:featuredmedia":[{"embeddable":true,"href":"https:\/\/anderskafka.cz\/eshop\/wp-json\/wp\/v2\/media\/3570"}],"wp:attachment":[{"href":"https:\/\/anderskafka.cz\/eshop\/wp-json\/wp\/v2\/media?parent=3566"}],"wp:term":[{"taxonomy":"location","embeddable":true,"href":"https:\/\/anderskafka.cz\/eshop\/wp-json\/wp\/v2\/location?post=3566"},{"taxonomy":"product_cat","embeddable":true,"href":"https:\/\/anderskafka.cz\/eshop\/wp-json\/wp\/v2\/product_cat?post=3566"},{"taxonomy":"product_tag","embeddable":true,"href":"https:\/\/anderskafka.cz\/eshop\/wp-json\/wp\/v2\/product_tag?post=3566"}],"curies":[{"name":"wp","href":"https:\/\/api.w.org\/{rel}","templated":true}]}}