{"id":3623,"date":"2023-06-01T12:43:22","date_gmt":"2023-06-01T10:43:22","guid":{"rendered":"https:\/\/anderskafka.cz\/eshop\/?post_type=product&#038;p=3623"},"modified":"2025-07-12T22:16:51","modified_gmt":"2025-07-12T20:16:51","slug":"doterra-sun-pletova-a-telova-mineralni-emulze-na-opalovani","status":"publish","type":"product","link":"https:\/\/anderskafka.cz\/eshop\/produkt\/doterra-sun-pletova-a-telova-mineralni-emulze-na-opalovani\/","title":{"rendered":"d\u014dTERRA\u2122 sun Ple\u0165ov\u00e1 a t\u011blov\u00e1 miner\u00e1ln\u00ed emulze na opalov\u00e1n\u00ed"},"content":{"rendered":"<p>d\u014dTERRA\u2122 sun opalovac\u00ed emulze na obli\u010dej i t\u011blo obsahuje \u00fa\u017easn\u00e9 esenci\u00e1ln\u00ed oleje. M\u00e1 ochrann\u00fd faktor SPF 30 proti UVA z\u00e1\u0159en\u00ed, \u010d\u00edm\u017e chr\u00e1n\u00ed zdrav\u00ed poko\u017eky, st\u00e1rnut\u00ed pleti i vzniku vr\u00e1sek. Je vod\u011bodoln\u00e1, vy\u017eivuj\u00edc\u00ed, hydrata\u010dn\u00ed a\u00a0zklid\u0148uj\u00edc\u00ed. Miner\u00e1ln\u00ed emulze d\u014dTERRA\u2122 sun je jedine\u010dn\u00e1 p\u0159\u00edrodn\u00ed ochrana p\u0159ed sluncem v praktick\u00e9m i kr\u00e1sn\u00e9m balen\u00ed.<\/p>\n<p><span style=\"font-size: 16px;\">Nab\u00edz\u00ed ochrann\u00fd faktor SPF 30 v podob\u011b hladk\u00e9ho, hydrata\u010dn\u00edho kr\u00e9mu.<br \/>\n<\/span><span style=\"font-size: 16px;\">Obsahuje ne-nano oxid zine\u010dnat\u00fd, avok\u00e1dov\u00fd olej, aloe vera, olej z malinov\u00fdch zrn\u00ed\u010dek a vitamin E.<br \/>\n<\/span><span style=\"font-size: 16px;\">Neobsahuje ftal\u00e1ty, oxybenzon ani syntetick\u00e9 v\u016fn\u011b.<br \/>\n<\/span><span style=\"font-size: 16px;\">V\u00fd\u017eivn\u00e9, intenzivn\u011b hydrata\u010dn\u00ed slo\u017een\u00ed je dermatologicky testov\u00e1no a je vod\u011bodoln\u00e9 po dobu a\u017e 80 minut.<br \/>\n<\/span><span style=\"font-size: 16px;\">Vhodn\u00e9 pro vegany a bezpe\u010dn\u00e9 pro kor\u00e1lov\u00e9 \u00fatesy.<\/span><\/p>\n<div class=\"page\" title=\"Page 1\">\n<div class=\"layoutArea\">\n<div class=\"column\">\n<p>Nan\u00e1\u0161ejte v dostate\u010dn\u00e9m mno\u017estv\u00ed na poko\u017eku v\u0161ude tam, kde je vystavena slune\u010dn\u00edm paprsk\u016fm. Po dvou hodin\u00e1ch aplikaci opakujte.<\/p>\n<p>Pouze k zevn\u00edmu pou\u017eit\u00ed. Uchov\u00e1vejte mimo dosah d\u011bt\u00ed. U d\u011bt\u00ed ve v\u011bku do 6 m\u011bs\u00edc\u016f se ohledn\u011b pou\u017eit\u00ed pora\u010fte s l\u00e9ka\u0159em.<\/p>\n<\/div>\n<\/div>\n<\/div>\n","protected":false},"excerpt":{"rendered":"<p>Sluncem op\u00e1len\u00e1 poko\u017eka znamen\u00e1 poko\u017eku ochr\u00e1n\u011bnou d\u014dTERRA\u2122 Ple\u0165ovou a t\u011blovou miner\u00e1ln\u00ed emulz\u00ed na opalov\u00e1n\u00ed.<\/p>\n<p>Obsahuje esenci\u00e1ln\u00ed oleje \u010cerven\u00e1 mandarinka, Magnolie, Citronov\u00e1 tr\u00e1va, Ylang-ylang, Mrkvov\u00e1 sem\u00ednka, Kadidlo a\u00a0Smil italsk\u00fd, kter\u00e9 vytv\u00e1\u0159ej\u00ed \u00fa\u017easn\u011b lehk\u00e9 a\u00a0radostn\u00e9 aroma. Vy\u017eivuj\u00edc\u00ed, hydrata\u010dn\u00ed a\u00a0zklid\u0148uj\u00edc\u00ed p\u0159\u00edpravek klou\u017ee po poko\u017ece a\u00a0nab\u00edz\u00ed a\u017e 80\u00a0minut vod\u011bodoln\u00e9 ochrany.<\/p>\n<p>Nan\u00e1\u0161ejte v\u00a0dostate\u010dn\u00e9m mno\u017estv\u00ed od hlavy a\u017e k\u00a0pat\u011b d\u0159\u00edve, ne\u017e str\u00e1v\u00edte den na slunci.<\/p>\n","protected":false},"featured_media":3866,"comment_status":"open","ping_status":"closed","template":"","meta":{"site-sidebar-layout":"default","site-content-layout":"default","ast-main-header-display":"","ast-hfb-above-header-display":"","ast-hfb-below-header-display":"","ast-hfb-mobile-header-display":"","site-post-title":"","ast-breadcrumbs-content":"","ast-featured-img":"","footer-sml-layout":"","theme-transparent-header-meta":"","adv-header-id-meta":"","stick-header-meta":"","header-above-stick-meta":"","header-main-stick-meta":"","header-below-stick-meta":""},"location":[],"product_cat":[960,1551],"product_tag":[958],"yoast_head":"<!-- This site is optimized with the Yoast SEO plugin v18.5.1 - https:\/\/yoast.com\/wordpress\/plugins\/seo\/ -->\n<title>d\u014dTERRA\u2122 sun Ple\u0165ov\u00e1 a t\u011blov\u00e1 miner\u00e1ln\u00ed emulze na opalov\u00e1n\u00ed - Anders &amp; Kafka E-SHOP<\/title>\n<meta name=\"description\" content=\"Sluncem op\u00e1len\u00e1 poko\u017eka znamen\u00e1 poko\u017eku ochr\u00e1n\u011bnou d\u014dTERRA\u2122 Ple\u0165ovou a t\u011blovou miner\u00e1ln\u00ed emulz\u00ed na opalov\u00e1n\u00ed.  Obsahuje esenci\u00e1ln\u00ed oleje \u010cerven\u00e1 mandarinka, Magnolie, Citronov\u00e1 tr\u00e1va, Ylang-ylang, Mrkvov\u00e1 sem\u00ednka, Kadidlo a\u00a0Smil italsk\u00fd, kter\u00e9 vytv\u00e1\u0159ej\u00ed \u00fa\u017easn\u011b lehk\u00e9 a\u00a0radostn\u00e9 aroma. Vy\u017eivuj\u00edc\u00ed, hydrata\u010dn\u00ed a\u00a0zklid\u0148uj\u00edc\u00ed p\u0159\u00edpravek klou\u017ee po poko\u017ece a\u00a0nab\u00edz\u00ed a\u017e 80\u00a0minut vod\u011bodoln\u00e9 ochrany.  Nan\u00e1\u0161ejte v\u00a0dostate\u010dn\u00e9m mno\u017estv\u00ed od hlavy a\u017e k\u00a0pat\u011b d\u0159\u00edve, ne\u017e str\u00e1v\u00edte den na slunci.\" \/>\n<meta name=\"robots\" content=\"index, follow, max-snippet:-1, max-image-preview:large, max-video-preview:-1\" \/>\n<link rel=\"canonical\" href=\"https:\/\/anderskafka.cz\/eshop\/produkt\/doterra-sun-pletova-a-telova-mineralni-emulze-na-opalovani\/\" \/>\n<meta property=\"og:locale\" content=\"cs_CZ\" \/>\n<meta property=\"og:type\" content=\"article\" \/>\n<meta property=\"og:title\" content=\"d\u014dTERRA\u2122 sun Ple\u0165ov\u00e1 a t\u011blov\u00e1 miner\u00e1ln\u00ed emulze na opalov\u00e1n\u00ed - Anders &amp; Kafka E-SHOP\" \/>\n<meta property=\"og:description\" content=\"Sluncem op\u00e1len\u00e1 poko\u017eka znamen\u00e1 poko\u017eku ochr\u00e1n\u011bnou d\u014dTERRA\u2122 Ple\u0165ovou a t\u011blovou miner\u00e1ln\u00ed emulz\u00ed na opalov\u00e1n\u00ed.  Obsahuje esenci\u00e1ln\u00ed oleje \u010cerven\u00e1 mandarinka, Magnolie, Citronov\u00e1 tr\u00e1va, Ylang-ylang, Mrkvov\u00e1 sem\u00ednka, Kadidlo a\u00a0Smil italsk\u00fd, kter\u00e9 vytv\u00e1\u0159ej\u00ed \u00fa\u017easn\u011b lehk\u00e9 a\u00a0radostn\u00e9 aroma. Vy\u017eivuj\u00edc\u00ed, hydrata\u010dn\u00ed a\u00a0zklid\u0148uj\u00edc\u00ed p\u0159\u00edpravek klou\u017ee po poko\u017ece a\u00a0nab\u00edz\u00ed a\u017e 80\u00a0minut vod\u011bodoln\u00e9 ochrany.  Nan\u00e1\u0161ejte v\u00a0dostate\u010dn\u00e9m mno\u017estv\u00ed od hlavy a\u017e k\u00a0pat\u011b d\u0159\u00edve, ne\u017e str\u00e1v\u00edte den na slunci.\" \/>\n<meta property=\"og:url\" content=\"https:\/\/anderskafka.cz\/eshop\/produkt\/doterra-sun-pletova-a-telova-mineralni-emulze-na-opalovani\/\" \/>\n<meta property=\"og:site_name\" content=\"Anders &amp; Kafka E-SHOP\" \/>\n<meta property=\"article:modified_time\" content=\"2025-07-12T20:16:51+00:00\" \/>\n<meta property=\"og:image\" content=\"https:\/\/anderskafka.cz\/eshop\/wp-content\/uploads\/sites\/3\/2023\/06\/Sun_Tube_woman_EU-2.jpg\" \/>\n\t<meta property=\"og:image:width\" content=\"1280\" \/>\n\t<meta property=\"og:image:height\" content=\"1280\" \/>\n\t<meta property=\"og:image:type\" content=\"image\/jpeg\" \/>\n<meta name=\"twitter:card\" content=\"summary_large_image\" \/>\n<meta name=\"twitter:label1\" content=\"Odhadovan\u00e1 doba \u010dten\u00ed\" \/>\n\t<meta name=\"twitter:data1\" content=\"1 minuta\" \/>\n<script type=\"application\/ld+json\" class=\"yoast-schema-graph\">{\"@context\":\"https:\/\/schema.org\",\"@graph\":[{\"@type\":\"WebSite\",\"@id\":\"https:\/\/anderskafka.cz\/eshop\/#website\",\"url\":\"https:\/\/anderskafka.cz\/eshop\/\",\"name\":\"Anders &amp; Kafka E-SHOP\",\"description\":\"Anders &amp; Kafka E-SHOP\",\"potentialAction\":[{\"@type\":\"SearchAction\",\"target\":{\"@type\":\"EntryPoint\",\"urlTemplate\":\"https:\/\/anderskafka.cz\/eshop\/?s={search_term_string}\"},\"query-input\":\"required name=search_term_string\"}],\"inLanguage\":\"cs\"},{\"@type\":\"ImageObject\",\"@id\":\"https:\/\/anderskafka.cz\/eshop\/produkt\/doterra-sun-pletova-a-telova-mineralni-emulze-na-opalovani\/#primaryimage\",\"inLanguage\":\"cs\",\"url\":\"https:\/\/anderskafka.cz\/eshop\/wp-content\/uploads\/sites\/3\/2023\/06\/Sun_Tube_woman_EU-2.jpg\",\"contentUrl\":\"https:\/\/anderskafka.cz\/eshop\/wp-content\/uploads\/sites\/3\/2023\/06\/Sun_Tube_woman_EU-2.jpg\",\"width\":1280,\"height\":1280},{\"@type\":\"WebPage\",\"@id\":\"https:\/\/anderskafka.cz\/eshop\/produkt\/doterra-sun-pletova-a-telova-mineralni-emulze-na-opalovani\/#webpage\",\"url\":\"https:\/\/anderskafka.cz\/eshop\/produkt\/doterra-sun-pletova-a-telova-mineralni-emulze-na-opalovani\/\",\"name\":\"d\u014dTERRA\u2122 sun Ple\u0165ov\u00e1 a t\u011blov\u00e1 miner\u00e1ln\u00ed emulze na opalov\u00e1n\u00ed - Anders &amp; Kafka E-SHOP\",\"isPartOf\":{\"@id\":\"https:\/\/anderskafka.cz\/eshop\/#website\"},\"primaryImageOfPage\":{\"@id\":\"https:\/\/anderskafka.cz\/eshop\/produkt\/doterra-sun-pletova-a-telova-mineralni-emulze-na-opalovani\/#primaryimage\"},\"datePublished\":\"2023-06-01T10:43:22+00:00\",\"dateModified\":\"2025-07-12T20:16:51+00:00\",\"description\":\"Sluncem op\u00e1len\u00e1 poko\u017eka znamen\u00e1 poko\u017eku ochr\u00e1n\u011bnou d\u014dTERRA\u2122 Ple\u0165ovou a t\u011blovou miner\u00e1ln\u00ed emulz\u00ed na opalov\u00e1n\u00ed. Obsahuje esenci\u00e1ln\u00ed oleje \u010cerven\u00e1 mandarinka, Magnolie, Citronov\u00e1 tr\u00e1va, Ylang-ylang, Mrkvov\u00e1 sem\u00ednka, Kadidlo a\u00a0Smil italsk\u00fd, kter\u00e9 vytv\u00e1\u0159ej\u00ed \u00fa\u017easn\u011b lehk\u00e9 a\u00a0radostn\u00e9 aroma. Vy\u017eivuj\u00edc\u00ed, hydrata\u010dn\u00ed a\u00a0zklid\u0148uj\u00edc\u00ed p\u0159\u00edpravek klou\u017ee po poko\u017ece a\u00a0nab\u00edz\u00ed a\u017e 80\u00a0minut vod\u011bodoln\u00e9 ochrany. Nan\u00e1\u0161ejte v\u00a0dostate\u010dn\u00e9m mno\u017estv\u00ed od hlavy a\u017e k\u00a0pat\u011b d\u0159\u00edve, ne\u017e str\u00e1v\u00edte den na slunci.\",\"breadcrumb\":{\"@id\":\"https:\/\/anderskafka.cz\/eshop\/produkt\/doterra-sun-pletova-a-telova-mineralni-emulze-na-opalovani\/#breadcrumb\"},\"inLanguage\":\"cs\",\"potentialAction\":[{\"@type\":\"ReadAction\",\"target\":[\"https:\/\/anderskafka.cz\/eshop\/produkt\/doterra-sun-pletova-a-telova-mineralni-emulze-na-opalovani\/\"]}]},{\"@type\":\"BreadcrumbList\",\"@id\":\"https:\/\/anderskafka.cz\/eshop\/produkt\/doterra-sun-pletova-a-telova-mineralni-emulze-na-opalovani\/#breadcrumb\",\"itemListElement\":[{\"@type\":\"ListItem\",\"position\":1,\"name\":\"Obchod\",\"item\":\"https:\/\/anderskafka.cz\/eshop\/obchod\/\"},{\"@type\":\"ListItem\",\"position\":2,\"name\":\"d\u014dTERRA\u2122 sun Ple\u0165ov\u00e1 a t\u011blov\u00e1 miner\u00e1ln\u00ed emulze na opalov\u00e1n\u00ed\"}]}]}<\/script>\n<!-- \/ Yoast SEO plugin. -->","yoast_head_json":{"title":"d\u014dTERRA\u2122 sun Ple\u0165ov\u00e1 a t\u011blov\u00e1 miner\u00e1ln\u00ed emulze na opalov\u00e1n\u00ed - Anders &amp; Kafka E-SHOP","description":"Sluncem op\u00e1len\u00e1 poko\u017eka znamen\u00e1 poko\u017eku ochr\u00e1n\u011bnou d\u014dTERRA\u2122 Ple\u0165ovou a t\u011blovou miner\u00e1ln\u00ed emulz\u00ed na opalov\u00e1n\u00ed.  Obsahuje esenci\u00e1ln\u00ed oleje \u010cerven\u00e1 mandarinka, Magnolie, Citronov\u00e1 tr\u00e1va, Ylang-ylang, Mrkvov\u00e1 sem\u00ednka, Kadidlo a\u00a0Smil italsk\u00fd, kter\u00e9 vytv\u00e1\u0159ej\u00ed \u00fa\u017easn\u011b lehk\u00e9 a\u00a0radostn\u00e9 aroma. Vy\u017eivuj\u00edc\u00ed, hydrata\u010dn\u00ed a\u00a0zklid\u0148uj\u00edc\u00ed p\u0159\u00edpravek klou\u017ee po poko\u017ece a\u00a0nab\u00edz\u00ed a\u017e 80\u00a0minut vod\u011bodoln\u00e9 ochrany.  Nan\u00e1\u0161ejte v\u00a0dostate\u010dn\u00e9m mno\u017estv\u00ed od hlavy a\u017e k\u00a0pat\u011b d\u0159\u00edve, ne\u017e str\u00e1v\u00edte den na slunci.","robots":{"index":"index","follow":"follow","max-snippet":"max-snippet:-1","max-image-preview":"max-image-preview:large","max-video-preview":"max-video-preview:-1"},"canonical":"https:\/\/anderskafka.cz\/eshop\/produkt\/doterra-sun-pletova-a-telova-mineralni-emulze-na-opalovani\/","og_locale":"cs_CZ","og_type":"article","og_title":"d\u014dTERRA\u2122 sun Ple\u0165ov\u00e1 a t\u011blov\u00e1 miner\u00e1ln\u00ed emulze na opalov\u00e1n\u00ed - Anders &amp; Kafka E-SHOP","og_description":"Sluncem op\u00e1len\u00e1 poko\u017eka znamen\u00e1 poko\u017eku ochr\u00e1n\u011bnou d\u014dTERRA\u2122 Ple\u0165ovou a t\u011blovou miner\u00e1ln\u00ed emulz\u00ed na opalov\u00e1n\u00ed.  Obsahuje esenci\u00e1ln\u00ed oleje \u010cerven\u00e1 mandarinka, Magnolie, Citronov\u00e1 tr\u00e1va, Ylang-ylang, Mrkvov\u00e1 sem\u00ednka, Kadidlo a\u00a0Smil italsk\u00fd, kter\u00e9 vytv\u00e1\u0159ej\u00ed \u00fa\u017easn\u011b lehk\u00e9 a\u00a0radostn\u00e9 aroma. Vy\u017eivuj\u00edc\u00ed, hydrata\u010dn\u00ed a\u00a0zklid\u0148uj\u00edc\u00ed p\u0159\u00edpravek klou\u017ee po poko\u017ece a\u00a0nab\u00edz\u00ed a\u017e 80\u00a0minut vod\u011bodoln\u00e9 ochrany.  Nan\u00e1\u0161ejte v\u00a0dostate\u010dn\u00e9m mno\u017estv\u00ed od hlavy a\u017e k\u00a0pat\u011b d\u0159\u00edve, ne\u017e str\u00e1v\u00edte den na slunci.","og_url":"https:\/\/anderskafka.cz\/eshop\/produkt\/doterra-sun-pletova-a-telova-mineralni-emulze-na-opalovani\/","og_site_name":"Anders &amp; Kafka E-SHOP","article_modified_time":"2025-07-12T20:16:51+00:00","og_image":[{"width":1280,"height":1280,"url":"https:\/\/anderskafka.cz\/eshop\/wp-content\/uploads\/sites\/3\/2023\/06\/Sun_Tube_woman_EU-2.jpg","type":"image\/jpeg"}],"twitter_card":"summary_large_image","twitter_misc":{"Odhadovan\u00e1 doba \u010dten\u00ed":"1 minuta"},"schema":{"@context":"https:\/\/schema.org","@graph":[{"@type":"WebSite","@id":"https:\/\/anderskafka.cz\/eshop\/#website","url":"https:\/\/anderskafka.cz\/eshop\/","name":"Anders &amp; Kafka E-SHOP","description":"Anders &amp; Kafka E-SHOP","potentialAction":[{"@type":"SearchAction","target":{"@type":"EntryPoint","urlTemplate":"https:\/\/anderskafka.cz\/eshop\/?s={search_term_string}"},"query-input":"required name=search_term_string"}],"inLanguage":"cs"},{"@type":"ImageObject","@id":"https:\/\/anderskafka.cz\/eshop\/produkt\/doterra-sun-pletova-a-telova-mineralni-emulze-na-opalovani\/#primaryimage","inLanguage":"cs","url":"https:\/\/anderskafka.cz\/eshop\/wp-content\/uploads\/sites\/3\/2023\/06\/Sun_Tube_woman_EU-2.jpg","contentUrl":"https:\/\/anderskafka.cz\/eshop\/wp-content\/uploads\/sites\/3\/2023\/06\/Sun_Tube_woman_EU-2.jpg","width":1280,"height":1280},{"@type":"WebPage","@id":"https:\/\/anderskafka.cz\/eshop\/produkt\/doterra-sun-pletova-a-telova-mineralni-emulze-na-opalovani\/#webpage","url":"https:\/\/anderskafka.cz\/eshop\/produkt\/doterra-sun-pletova-a-telova-mineralni-emulze-na-opalovani\/","name":"d\u014dTERRA\u2122 sun Ple\u0165ov\u00e1 a t\u011blov\u00e1 miner\u00e1ln\u00ed emulze na opalov\u00e1n\u00ed - Anders &amp; Kafka E-SHOP","isPartOf":{"@id":"https:\/\/anderskafka.cz\/eshop\/#website"},"primaryImageOfPage":{"@id":"https:\/\/anderskafka.cz\/eshop\/produkt\/doterra-sun-pletova-a-telova-mineralni-emulze-na-opalovani\/#primaryimage"},"datePublished":"2023-06-01T10:43:22+00:00","dateModified":"2025-07-12T20:16:51+00:00","description":"Sluncem op\u00e1len\u00e1 poko\u017eka znamen\u00e1 poko\u017eku ochr\u00e1n\u011bnou d\u014dTERRA\u2122 Ple\u0165ovou a t\u011blovou miner\u00e1ln\u00ed emulz\u00ed na opalov\u00e1n\u00ed. Obsahuje esenci\u00e1ln\u00ed oleje \u010cerven\u00e1 mandarinka, Magnolie, Citronov\u00e1 tr\u00e1va, Ylang-ylang, Mrkvov\u00e1 sem\u00ednka, Kadidlo a\u00a0Smil italsk\u00fd, kter\u00e9 vytv\u00e1\u0159ej\u00ed \u00fa\u017easn\u011b lehk\u00e9 a\u00a0radostn\u00e9 aroma. Vy\u017eivuj\u00edc\u00ed, hydrata\u010dn\u00ed a\u00a0zklid\u0148uj\u00edc\u00ed p\u0159\u00edpravek klou\u017ee po poko\u017ece a\u00a0nab\u00edz\u00ed a\u017e 80\u00a0minut vod\u011bodoln\u00e9 ochrany. Nan\u00e1\u0161ejte v\u00a0dostate\u010dn\u00e9m mno\u017estv\u00ed od hlavy a\u017e k\u00a0pat\u011b d\u0159\u00edve, ne\u017e str\u00e1v\u00edte den na slunci.","breadcrumb":{"@id":"https:\/\/anderskafka.cz\/eshop\/produkt\/doterra-sun-pletova-a-telova-mineralni-emulze-na-opalovani\/#breadcrumb"},"inLanguage":"cs","potentialAction":[{"@type":"ReadAction","target":["https:\/\/anderskafka.cz\/eshop\/produkt\/doterra-sun-pletova-a-telova-mineralni-emulze-na-opalovani\/"]}]},{"@type":"BreadcrumbList","@id":"https:\/\/anderskafka.cz\/eshop\/produkt\/doterra-sun-pletova-a-telova-mineralni-emulze-na-opalovani\/#breadcrumb","itemListElement":[{"@type":"ListItem","position":1,"name":"Obchod","item":"https:\/\/anderskafka.cz\/eshop\/obchod\/"},{"@type":"ListItem","position":2,"name":"d\u014dTERRA\u2122 sun Ple\u0165ov\u00e1 a t\u011blov\u00e1 miner\u00e1ln\u00ed emulze na opalov\u00e1n\u00ed"}]}]}},"locations":[],"_links":{"self":[{"href":"https:\/\/anderskafka.cz\/eshop\/wp-json\/wp\/v2\/product\/3623"}],"collection":[{"href":"https:\/\/anderskafka.cz\/eshop\/wp-json\/wp\/v2\/product"}],"about":[{"href":"https:\/\/anderskafka.cz\/eshop\/wp-json\/wp\/v2\/types\/product"}],"replies":[{"embeddable":true,"href":"https:\/\/anderskafka.cz\/eshop\/wp-json\/wp\/v2\/comments?post=3623"}],"wp:featuredmedia":[{"embeddable":true,"href":"https:\/\/anderskafka.cz\/eshop\/wp-json\/wp\/v2\/media\/3866"}],"wp:attachment":[{"href":"https:\/\/anderskafka.cz\/eshop\/wp-json\/wp\/v2\/media?parent=3623"}],"wp:term":[{"taxonomy":"location","embeddable":true,"href":"https:\/\/anderskafka.cz\/eshop\/wp-json\/wp\/v2\/location?post=3623"},{"taxonomy":"product_cat","embeddable":true,"href":"https:\/\/anderskafka.cz\/eshop\/wp-json\/wp\/v2\/product_cat?post=3623"},{"taxonomy":"product_tag","embeddable":true,"href":"https:\/\/anderskafka.cz\/eshop\/wp-json\/wp\/v2\/product_tag?post=3623"}],"curies":[{"name":"wp","href":"https:\/\/api.w.org\/{rel}","templated":true}]}}