{"id":3697,"date":"2023-06-06T12:47:18","date_gmt":"2023-06-06T10:47:18","guid":{"rendered":"https:\/\/anderskafka.cz\/eshop\/?post_type=product&#038;p=3697"},"modified":"2026-01-19T08:40:17","modified_gmt":"2026-01-19T07:40:17","slug":"luin-living-luxusni-zupan-pastelove-ruzovy","status":"publish","type":"product","link":"https:\/\/anderskafka.cz\/eshop\/produkt\/luin-living-luxusni-zupan-pastelove-ruzovy\/","title":{"rendered":"LUIN LIVING luxusn\u00ed \u017eupan, pastelov\u011b r\u016f\u017eov\u00fd"},"content":{"rendered":"<p>\u00da\u017easn\u011b hebk\u00fd a pohodln\u00fd \u017eupan LUIN LIVING v unisex proveden\u00ed. M\u00e1 dv\u011b kapsy pro ulo\u017een\u00ed drobnost\u00ed a praktick\u00fd p\u00e1sek, d\u00edky kter\u00e9mu sedne ka\u017ed\u00e9 postav\u011b. \u017dupan je vhodn\u00fd nejen pro ka\u017edodenn\u00ed no\u0161en\u00ed, ale i p\u0159i relaxaci u baz\u00e9nu \u010di chv\u00edle odpo\u010dinku po saunov\u00e1n\u00ed. Luxusn\u00ed proveden\u00ed a modern\u00ed skandin\u00e1vsk\u00fd design si zamilujete na prvn\u00ed dotek!<\/p>\n<p>Luin Living Signature 100% low-twist bavlna s certifik\u00e1tem \u00d6ko-Tex\u00ae zaru\u010duj\u00ed pohodln\u00e9, luxusn\u011b m\u011bkk\u00e9, ply\u0161ov\u00e9 a vysoce sav\u00e9 textilie.<\/p>\n<p>P\u0159i p\u00e9\u010di \u017eupan se \u0159i\u010fte o\u0161et\u0159ovac\u00edmi symboly uveden\u00fdmi na v\u00fdrobku. Perte max. na 60 stup\u0148\u016f. Nedoporu\u010dujeme pou\u017e\u00edvat aviv\u00e1\u017e pro n\u00e1slednou ni\u017e\u0161\u00ed savost. Neb\u011blte. Su\u0161te v su\u0161i\u010dce.<\/p>\n<p>Pantofle nejsou sou\u010d\u00e1st\u00ed balen\u00ed.<\/p>\n","protected":false},"excerpt":{"rendered":"<p>\u00da\u017easn\u011b hebk\u00fd a pohodln\u00fd \u017eupan LUIN LIVING v unisex proveden\u00ed. \u017dupan m\u00e1 dv\u011b kapsy pro ulo\u017een\u00ed drobnost\u00ed a praktick\u00fd p\u00e1sek. Luxusn\u00ed proveden\u00ed a modern\u00ed skandin\u00e1vsk\u00fd design si zamilujete na prvn\u00ed dotek!<\/p>\n<p style=\"text-align: left;\">Finsk\u00e1 spole\u010dnost Luin Living si zakl\u00e1d\u00e1 na vysok\u00e9 kvalit\u011b a udr\u017eitelnosti sv\u00fdch v\u00fdrobk\u016f, kter\u00e9 V\u00e1m zp\u0159\u00edjemn\u00ed \u010das str\u00e1ven\u00fd v saun\u011b. Stejn\u011b tak je ocen\u00edte i p\u0159i ka\u017edodenn\u00edm no\u0161en\u00ed.<br \/>\n<img loading=\"lazy\" class=\"alignnone wp-image-135 aligncenter\" src=\"https:\/\/anderskafka.cz\/eshop\/wp-content\/uploads\/sites\/3\/2022\/06\/DesignFromFinland_web-1-300x300.png\" alt=\"\" width=\"168\" height=\"168\" \/><\/p>\n<p><strong>Tabulka velikost\u00ed<br \/>\n<\/strong><\/p>\n<table width=\"396\">\n<tbody>\n<tr>\n<td width=\"66\"><strong>Velikost (cm)<\/strong><\/td>\n<td style=\"text-align: center;\" width=\"66\"><strong>XS<\/strong><\/td>\n<td style=\"text-align: center;\" width=\"66\"><strong>S<\/strong><\/td>\n<td style=\"text-align: center;\" width=\"66\"><strong>M<\/strong><\/td>\n<td style=\"text-align: center;\" width=\"66\"><strong>L<\/strong><\/td>\n<td style=\"text-align: center;\" width=\"66\"><strong>XL<\/strong><\/td>\n<\/tr>\n<tr>\n<td><strong>D\u00e9lka<\/strong><\/td>\n<td style=\"text-align: center;\">110<\/td>\n<td style=\"text-align: center;\">115<\/td>\n<td style=\"text-align: center;\">120<\/td>\n<td style=\"text-align: center;\">120<\/td>\n<td style=\"text-align: center;\">125<\/td>\n<\/tr>\n<tr>\n<td><strong>\u0160\u00ed\u0159ka p\u0159es prsa<\/strong><\/td>\n<td style=\"text-align: center;\">50<\/td>\n<td style=\"text-align: center;\">54<\/td>\n<td style=\"text-align: center;\">58<\/td>\n<td style=\"text-align: center;\">62<\/td>\n<td style=\"text-align: center;\">64<\/td>\n<\/tr>\n<tr>\n<td><strong>D\u00e9lka ruk\u00e1vu od ramene<\/strong><\/td>\n<td style=\"text-align: center;\">52<\/td>\n<td style=\"text-align: center;\">54<\/td>\n<td style=\"text-align: center;\">56<\/td>\n<td style=\"text-align: center;\">58<\/td>\n<td style=\"text-align: center;\">63<\/td>\n<\/tr>\n<\/tbody>\n<\/table>\n<p><strong>\u00a0<\/strong><\/p>\n","protected":false},"featured_media":5404,"comment_status":"open","ping_status":"closed","template":"","meta":{"site-sidebar-layout":"default","site-content-layout":"default","ast-main-header-display":"","ast-hfb-above-header-display":"","ast-hfb-below-header-display":"","ast-hfb-mobile-header-display":"","site-post-title":"","ast-breadcrumbs-content":"","ast-featured-img":"","footer-sml-layout":"","theme-transparent-header-meta":"","adv-header-id-meta":"","stick-header-meta":"","header-above-stick-meta":"","header-main-stick-meta":"","header-below-stick-meta":""},"location":[],"product_cat":[32],"product_tag":[787],"yoast_head":"<!-- This site is optimized with the Yoast SEO plugin v18.5.1 - https:\/\/yoast.com\/wordpress\/plugins\/seo\/ -->\n<title>LUIN LIVING luxusn\u00ed \u017eupan, pastelov\u011b r\u016f\u017eov\u00fd - Anders &amp; Kafka E-SHOP<\/title>\n<meta name=\"description\" content=\"\u00da\u017easn\u011b hebk\u00fd a pohodln\u00fd \u017eupan LUIN LIVING v unisex proveden\u00ed. \u017dupan m\u00e1 dv\u011b kapsy pro ulo\u017een\u00ed drobnost\u00ed a praktick\u00fd p\u00e1sek. Luxusn\u00ed proveden\u00ed a modern\u00ed skandin\u00e1vsk\u00fd design si zamilujete na prvn\u00ed dotek! Finsk\u00e1 spole\u010dnost Luin Living si zakl\u00e1d\u00e1 na vysok\u00e9 kvalit\u011b a udr\u017eitelnosti sv\u00fdch v\u00fdrobk\u016f, kter\u00e9 V\u00e1m zp\u0159\u00edjemn\u00ed \u010das str\u00e1ven\u00fd v saun\u011b. Stejn\u011b tak je ocen\u00edte i p\u0159i ka\u017edodenn\u00edm no\u0161en\u00ed.  Tabulka velikost\u00ed     Velikost (cm) XS S M L XL   D\u00e9lka 110 115 120 120 125   \u0160\u00ed\u0159ka p\u0159es prsa 50 54 58 62 64   D\u00e9lka ruk\u00e1vu od ramene 52 54 56 58 63    \u00a0\" \/>\n<meta name=\"robots\" content=\"index, follow, max-snippet:-1, max-image-preview:large, max-video-preview:-1\" \/>\n<link rel=\"canonical\" href=\"https:\/\/anderskafka.cz\/eshop\/produkt\/luin-living-luxusni-zupan-pastelove-ruzovy\/\" \/>\n<meta property=\"og:locale\" content=\"cs_CZ\" \/>\n<meta property=\"og:type\" content=\"article\" \/>\n<meta property=\"og:title\" content=\"LUIN LIVING luxusn\u00ed \u017eupan, pastelov\u011b r\u016f\u017eov\u00fd - Anders &amp; Kafka E-SHOP\" \/>\n<meta property=\"og:description\" content=\"\u00da\u017easn\u011b hebk\u00fd a pohodln\u00fd \u017eupan LUIN LIVING v unisex proveden\u00ed. \u017dupan m\u00e1 dv\u011b kapsy pro ulo\u017een\u00ed drobnost\u00ed a praktick\u00fd p\u00e1sek. Luxusn\u00ed proveden\u00ed a modern\u00ed skandin\u00e1vsk\u00fd design si zamilujete na prvn\u00ed dotek! Finsk\u00e1 spole\u010dnost Luin Living si zakl\u00e1d\u00e1 na vysok\u00e9 kvalit\u011b a udr\u017eitelnosti sv\u00fdch v\u00fdrobk\u016f, kter\u00e9 V\u00e1m zp\u0159\u00edjemn\u00ed \u010das str\u00e1ven\u00fd v saun\u011b. Stejn\u011b tak je ocen\u00edte i p\u0159i ka\u017edodenn\u00edm no\u0161en\u00ed.  Tabulka velikost\u00ed     Velikost (cm) XS S M L XL   D\u00e9lka 110 115 120 120 125   \u0160\u00ed\u0159ka p\u0159es prsa 50 54 58 62 64   D\u00e9lka ruk\u00e1vu od ramene 52 54 56 58 63    \u00a0\" \/>\n<meta property=\"og:url\" content=\"https:\/\/anderskafka.cz\/eshop\/produkt\/luin-living-luxusni-zupan-pastelove-ruzovy\/\" \/>\n<meta property=\"og:site_name\" content=\"Anders &amp; Kafka E-SHOP\" \/>\n<meta property=\"article:modified_time\" content=\"2026-01-19T07:40:17+00:00\" \/>\n<meta property=\"og:image\" content=\"https:\/\/anderskafka.cz\/eshop\/wp-content\/uploads\/sites\/3\/2023\/06\/Luin-Living-Bathrobe-Unisex-Dusty-Rose-Front-22-1024x1536-1-2.jpg\" \/>\n\t<meta property=\"og:image:width\" content=\"1536\" \/>\n\t<meta property=\"og:image:height\" content=\"1536\" \/>\n\t<meta property=\"og:image:type\" content=\"image\/jpeg\" \/>\n<meta name=\"twitter:card\" content=\"summary_large_image\" \/>\n<meta name=\"twitter:label1\" content=\"Odhadovan\u00e1 doba \u010dten\u00ed\" \/>\n\t<meta name=\"twitter:data1\" content=\"1 minuta\" \/>\n<script type=\"application\/ld+json\" class=\"yoast-schema-graph\">{\"@context\":\"https:\/\/schema.org\",\"@graph\":[{\"@type\":\"WebSite\",\"@id\":\"https:\/\/anderskafka.cz\/eshop\/#website\",\"url\":\"https:\/\/anderskafka.cz\/eshop\/\",\"name\":\"Anders &amp; Kafka E-SHOP\",\"description\":\"Anders &amp; Kafka E-SHOP\",\"potentialAction\":[{\"@type\":\"SearchAction\",\"target\":{\"@type\":\"EntryPoint\",\"urlTemplate\":\"https:\/\/anderskafka.cz\/eshop\/?s={search_term_string}\"},\"query-input\":\"required name=search_term_string\"}],\"inLanguage\":\"cs\"},{\"@type\":\"ImageObject\",\"@id\":\"https:\/\/anderskafka.cz\/eshop\/produkt\/luin-living-luxusni-zupan-pastelove-ruzovy\/#primaryimage\",\"inLanguage\":\"cs\",\"url\":\"https:\/\/anderskafka.cz\/eshop\/wp-content\/uploads\/sites\/3\/2023\/06\/Luin-Living-Bathrobe-Unisex-Dusty-Rose-Front-22-1024x1536-1-2.jpg\",\"contentUrl\":\"https:\/\/anderskafka.cz\/eshop\/wp-content\/uploads\/sites\/3\/2023\/06\/Luin-Living-Bathrobe-Unisex-Dusty-Rose-Front-22-1024x1536-1-2.jpg\",\"width\":1536,\"height\":1536},{\"@type\":\"WebPage\",\"@id\":\"https:\/\/anderskafka.cz\/eshop\/produkt\/luin-living-luxusni-zupan-pastelove-ruzovy\/#webpage\",\"url\":\"https:\/\/anderskafka.cz\/eshop\/produkt\/luin-living-luxusni-zupan-pastelove-ruzovy\/\",\"name\":\"LUIN LIVING luxusn\u00ed \u017eupan, pastelov\u011b r\u016f\u017eov\u00fd - Anders &amp; Kafka E-SHOP\",\"isPartOf\":{\"@id\":\"https:\/\/anderskafka.cz\/eshop\/#website\"},\"primaryImageOfPage\":{\"@id\":\"https:\/\/anderskafka.cz\/eshop\/produkt\/luin-living-luxusni-zupan-pastelove-ruzovy\/#primaryimage\"},\"datePublished\":\"2023-06-06T10:47:18+00:00\",\"dateModified\":\"2026-01-19T07:40:17+00:00\",\"description\":\"\u00da\u017easn\u011b hebk\u00fd a pohodln\u00fd \u017eupan LUIN LIVING v unisex proveden\u00ed. \u017dupan m\u00e1 dv\u011b kapsy pro ulo\u017een\u00ed drobnost\u00ed a praktick\u00fd p\u00e1sek. Luxusn\u00ed proveden\u00ed a modern\u00ed skandin\u00e1vsk\u00fd design si zamilujete na prvn\u00ed dotek! Finsk\u00e1 spole\u010dnost Luin Living si zakl\u00e1d\u00e1 na vysok\u00e9 kvalit\u011b a udr\u017eitelnosti sv\u00fdch v\u00fdrobk\u016f, kter\u00e9 V\u00e1m zp\u0159\u00edjemn\u00ed \u010das str\u00e1ven\u00fd v saun\u011b. Stejn\u011b tak je ocen\u00edte i p\u0159i ka\u017edodenn\u00edm no\u0161en\u00ed. Tabulka velikost\u00ed Velikost (cm) XS S M L XL D\u00e9lka 110 115 120 120 125 \u0160\u00ed\u0159ka p\u0159es prsa 50 54 58 62 64 D\u00e9lka ruk\u00e1vu od ramene 52 54 56 58 63 \u00a0\",\"breadcrumb\":{\"@id\":\"https:\/\/anderskafka.cz\/eshop\/produkt\/luin-living-luxusni-zupan-pastelove-ruzovy\/#breadcrumb\"},\"inLanguage\":\"cs\",\"potentialAction\":[{\"@type\":\"ReadAction\",\"target\":[\"https:\/\/anderskafka.cz\/eshop\/produkt\/luin-living-luxusni-zupan-pastelove-ruzovy\/\"]}]},{\"@type\":\"BreadcrumbList\",\"@id\":\"https:\/\/anderskafka.cz\/eshop\/produkt\/luin-living-luxusni-zupan-pastelove-ruzovy\/#breadcrumb\",\"itemListElement\":[{\"@type\":\"ListItem\",\"position\":1,\"name\":\"Obchod\",\"item\":\"https:\/\/anderskafka.cz\/eshop\/obchod\/\"},{\"@type\":\"ListItem\",\"position\":2,\"name\":\"LUIN LIVING luxusn\u00ed \u017eupan, pastelov\u011b r\u016f\u017eov\u00fd\"}]}]}<\/script>\n<!-- \/ Yoast SEO plugin. -->","yoast_head_json":{"title":"LUIN LIVING luxusn\u00ed \u017eupan, pastelov\u011b r\u016f\u017eov\u00fd - Anders &amp; Kafka E-SHOP","description":"\u00da\u017easn\u011b hebk\u00fd a pohodln\u00fd \u017eupan LUIN LIVING v unisex proveden\u00ed. \u017dupan m\u00e1 dv\u011b kapsy pro ulo\u017een\u00ed drobnost\u00ed a praktick\u00fd p\u00e1sek. Luxusn\u00ed proveden\u00ed a modern\u00ed skandin\u00e1vsk\u00fd design si zamilujete na prvn\u00ed dotek! Finsk\u00e1 spole\u010dnost Luin Living si zakl\u00e1d\u00e1 na vysok\u00e9 kvalit\u011b a udr\u017eitelnosti sv\u00fdch v\u00fdrobk\u016f, kter\u00e9 V\u00e1m zp\u0159\u00edjemn\u00ed \u010das str\u00e1ven\u00fd v saun\u011b. Stejn\u011b tak je ocen\u00edte i p\u0159i ka\u017edodenn\u00edm no\u0161en\u00ed.  Tabulka velikost\u00ed     Velikost (cm) XS S M L XL   D\u00e9lka 110 115 120 120 125   \u0160\u00ed\u0159ka p\u0159es prsa 50 54 58 62 64   D\u00e9lka ruk\u00e1vu od ramene 52 54 56 58 63    \u00a0","robots":{"index":"index","follow":"follow","max-snippet":"max-snippet:-1","max-image-preview":"max-image-preview:large","max-video-preview":"max-video-preview:-1"},"canonical":"https:\/\/anderskafka.cz\/eshop\/produkt\/luin-living-luxusni-zupan-pastelove-ruzovy\/","og_locale":"cs_CZ","og_type":"article","og_title":"LUIN LIVING luxusn\u00ed \u017eupan, pastelov\u011b r\u016f\u017eov\u00fd - Anders &amp; Kafka E-SHOP","og_description":"\u00da\u017easn\u011b hebk\u00fd a pohodln\u00fd \u017eupan LUIN LIVING v unisex proveden\u00ed. \u017dupan m\u00e1 dv\u011b kapsy pro ulo\u017een\u00ed drobnost\u00ed a praktick\u00fd p\u00e1sek. Luxusn\u00ed proveden\u00ed a modern\u00ed skandin\u00e1vsk\u00fd design si zamilujete na prvn\u00ed dotek! Finsk\u00e1 spole\u010dnost Luin Living si zakl\u00e1d\u00e1 na vysok\u00e9 kvalit\u011b a udr\u017eitelnosti sv\u00fdch v\u00fdrobk\u016f, kter\u00e9 V\u00e1m zp\u0159\u00edjemn\u00ed \u010das str\u00e1ven\u00fd v saun\u011b. Stejn\u011b tak je ocen\u00edte i p\u0159i ka\u017edodenn\u00edm no\u0161en\u00ed.  Tabulka velikost\u00ed     Velikost (cm) XS S M L XL   D\u00e9lka 110 115 120 120 125   \u0160\u00ed\u0159ka p\u0159es prsa 50 54 58 62 64   D\u00e9lka ruk\u00e1vu od ramene 52 54 56 58 63    \u00a0","og_url":"https:\/\/anderskafka.cz\/eshop\/produkt\/luin-living-luxusni-zupan-pastelove-ruzovy\/","og_site_name":"Anders &amp; Kafka E-SHOP","article_modified_time":"2026-01-19T07:40:17+00:00","og_image":[{"width":1536,"height":1536,"url":"https:\/\/anderskafka.cz\/eshop\/wp-content\/uploads\/sites\/3\/2023\/06\/Luin-Living-Bathrobe-Unisex-Dusty-Rose-Front-22-1024x1536-1-2.jpg","type":"image\/jpeg"}],"twitter_card":"summary_large_image","twitter_misc":{"Odhadovan\u00e1 doba \u010dten\u00ed":"1 minuta"},"schema":{"@context":"https:\/\/schema.org","@graph":[{"@type":"WebSite","@id":"https:\/\/anderskafka.cz\/eshop\/#website","url":"https:\/\/anderskafka.cz\/eshop\/","name":"Anders &amp; Kafka E-SHOP","description":"Anders &amp; Kafka E-SHOP","potentialAction":[{"@type":"SearchAction","target":{"@type":"EntryPoint","urlTemplate":"https:\/\/anderskafka.cz\/eshop\/?s={search_term_string}"},"query-input":"required name=search_term_string"}],"inLanguage":"cs"},{"@type":"ImageObject","@id":"https:\/\/anderskafka.cz\/eshop\/produkt\/luin-living-luxusni-zupan-pastelove-ruzovy\/#primaryimage","inLanguage":"cs","url":"https:\/\/anderskafka.cz\/eshop\/wp-content\/uploads\/sites\/3\/2023\/06\/Luin-Living-Bathrobe-Unisex-Dusty-Rose-Front-22-1024x1536-1-2.jpg","contentUrl":"https:\/\/anderskafka.cz\/eshop\/wp-content\/uploads\/sites\/3\/2023\/06\/Luin-Living-Bathrobe-Unisex-Dusty-Rose-Front-22-1024x1536-1-2.jpg","width":1536,"height":1536},{"@type":"WebPage","@id":"https:\/\/anderskafka.cz\/eshop\/produkt\/luin-living-luxusni-zupan-pastelove-ruzovy\/#webpage","url":"https:\/\/anderskafka.cz\/eshop\/produkt\/luin-living-luxusni-zupan-pastelove-ruzovy\/","name":"LUIN LIVING luxusn\u00ed \u017eupan, pastelov\u011b r\u016f\u017eov\u00fd - Anders &amp; Kafka E-SHOP","isPartOf":{"@id":"https:\/\/anderskafka.cz\/eshop\/#website"},"primaryImageOfPage":{"@id":"https:\/\/anderskafka.cz\/eshop\/produkt\/luin-living-luxusni-zupan-pastelove-ruzovy\/#primaryimage"},"datePublished":"2023-06-06T10:47:18+00:00","dateModified":"2026-01-19T07:40:17+00:00","description":"\u00da\u017easn\u011b hebk\u00fd a pohodln\u00fd \u017eupan LUIN LIVING v unisex proveden\u00ed. \u017dupan m\u00e1 dv\u011b kapsy pro ulo\u017een\u00ed drobnost\u00ed a praktick\u00fd p\u00e1sek. Luxusn\u00ed proveden\u00ed a modern\u00ed skandin\u00e1vsk\u00fd design si zamilujete na prvn\u00ed dotek! Finsk\u00e1 spole\u010dnost Luin Living si zakl\u00e1d\u00e1 na vysok\u00e9 kvalit\u011b a udr\u017eitelnosti sv\u00fdch v\u00fdrobk\u016f, kter\u00e9 V\u00e1m zp\u0159\u00edjemn\u00ed \u010das str\u00e1ven\u00fd v saun\u011b. Stejn\u011b tak je ocen\u00edte i p\u0159i ka\u017edodenn\u00edm no\u0161en\u00ed. Tabulka velikost\u00ed Velikost (cm) XS S M L XL D\u00e9lka 110 115 120 120 125 \u0160\u00ed\u0159ka p\u0159es prsa 50 54 58 62 64 D\u00e9lka ruk\u00e1vu od ramene 52 54 56 58 63 \u00a0","breadcrumb":{"@id":"https:\/\/anderskafka.cz\/eshop\/produkt\/luin-living-luxusni-zupan-pastelove-ruzovy\/#breadcrumb"},"inLanguage":"cs","potentialAction":[{"@type":"ReadAction","target":["https:\/\/anderskafka.cz\/eshop\/produkt\/luin-living-luxusni-zupan-pastelove-ruzovy\/"]}]},{"@type":"BreadcrumbList","@id":"https:\/\/anderskafka.cz\/eshop\/produkt\/luin-living-luxusni-zupan-pastelove-ruzovy\/#breadcrumb","itemListElement":[{"@type":"ListItem","position":1,"name":"Obchod","item":"https:\/\/anderskafka.cz\/eshop\/obchod\/"},{"@type":"ListItem","position":2,"name":"LUIN LIVING luxusn\u00ed \u017eupan, pastelov\u011b r\u016f\u017eov\u00fd"}]}]}},"locations":[],"_links":{"self":[{"href":"https:\/\/anderskafka.cz\/eshop\/wp-json\/wp\/v2\/product\/3697"}],"collection":[{"href":"https:\/\/anderskafka.cz\/eshop\/wp-json\/wp\/v2\/product"}],"about":[{"href":"https:\/\/anderskafka.cz\/eshop\/wp-json\/wp\/v2\/types\/product"}],"replies":[{"embeddable":true,"href":"https:\/\/anderskafka.cz\/eshop\/wp-json\/wp\/v2\/comments?post=3697"}],"wp:featuredmedia":[{"embeddable":true,"href":"https:\/\/anderskafka.cz\/eshop\/wp-json\/wp\/v2\/media\/5404"}],"wp:attachment":[{"href":"https:\/\/anderskafka.cz\/eshop\/wp-json\/wp\/v2\/media?parent=3697"}],"wp:term":[{"taxonomy":"location","embeddable":true,"href":"https:\/\/anderskafka.cz\/eshop\/wp-json\/wp\/v2\/location?post=3697"},{"taxonomy":"product_cat","embeddable":true,"href":"https:\/\/anderskafka.cz\/eshop\/wp-json\/wp\/v2\/product_cat?post=3697"},{"taxonomy":"product_tag","embeddable":true,"href":"https:\/\/anderskafka.cz\/eshop\/wp-json\/wp\/v2\/product_tag?post=3697"}],"curies":[{"name":"wp","href":"https:\/\/api.w.org\/{rel}","templated":true}]}}